{"id":34,"date":"2018-06-15T19:35:16","date_gmt":"2018-06-15T19:35:16","guid":{"rendered":"http:\/\/td_uid_1_5b2414f450aae"},"modified":"2020-02-19T19:51:40","modified_gmt":"2020-02-19T19:51:40","slug":"home","status":"publish","type":"page","link":"https:\/\/www.javeriana.edu.co\/boletin-viceacademica\/","title":{"rendered":"Home"},"content":{"rendered":"<div id=\"td_uid_1_69eb52d9dc48b\" class=\"tdc-row\"><div class=\"vc_row td_uid_1_69eb52d9dc492_rand td-slider-row wpb_row td-pb-row\" >\n<style scoped>\n\n\/* custom css *\/\n.td_uid_1_69eb52d9dc492_rand {\r\n                    min-height: 0;\r\n                }\n<\/style><div class=\"vc_column td_uid_2_69eb52d9dc856_rand  wpb_column vc_column_container tdc-column td-pb-span12\">\n<style scoped>\n\n\/* inline tdc_css att *\/\n\n.td_uid_2_69eb52d9dc856_rand{\nmargin-bottom:20px !important;\n}\n\n<\/style><div class=\"wpb_wrapper\">\n\t\t\t<!-- START newspaperpolitics REVOLUTION SLIDER 6.6.15 --><p class=\"rs-p-wp-fix\"><\/p>\n\t\t\t<rs-module-wrap id=\"rev_slider_2_1_wrapper\" data-source=\"post\" style=\"visibility:hidden;background:#ffffff;padding:0;margin:0px auto;margin-top:0;margin-bottom:0;\">\n\t\t\t\t<rs-module id=\"rev_slider_2_1\" style=\"\" data-version=\"6.6.15\">\n\t\t\t\t\t<rs-slides style=\"overflow: hidden; position: absolute;\">\n\t\t\t\t\t\t<rs-slide style=\"position: absolute;\" data-key=\"rs-1729\" data-title=\"Reflexiones en la construcci\u00f3n de comunidades educativas resilientes y cohesionadas\" data-thumb=\"\/\/www.javeriana.edu.co\/boletin-viceacademica\/wp-content\/uploads\/2023\/04\/Vicerrectoria_Encabezado-100x50.jpg\" data-anim=\"ms:default,default;r:,0;\" data-in=\"y:(100%);\" data-out=\"y:(-60%);\" data-alttrans=\"fade\" data-p1=\"Vicerrector\u00eda\">\n\t\t\t\t\t\t\t<img decoding=\"async\" src=\"\/\/www.javeriana.edu.co\/boletin-viceacademica\/wp-content\/plugins\/revslider\/public\/assets\/assets\/dummy.png\" alt=\"\" title=\"Pontificia Universidad Javeriana\" width=\"2896\" height=\"1944\" class=\"rev-slidebg tp-rs-img rs-lazyload\" data-lazyload=\"\/\/www.javeriana.edu.co\/boletin-viceacademica\/wp-content\/uploads\/2023\/04\/Vicerrectoria_Encabezado.jpg\" data-parallax=\"10\" data-no-retina>\n<!--\n\t\t\t\t\t\t\t--><rs-layer\n\t\t\t\t\t\t\t\tid=\"slider-2-slide-1729-layer-3\" \n\t\t\t\t\t\t\t\tclass=\"tp-shape tp-shapewrapper\"\n\t\t\t\t\t\t\t\tdata-type=\"shape\"\n\t\t\t\t\t\t\t\tdata-rsp_ch=\"on\"\n\t\t\t\t\t\t\t\tdata-xy=\"x:c;y:m;\"\n\t\t\t\t\t\t\t\tdata-text=\"w:normal;fw:700;\"\n\t\t\t\t\t\t\t\tdata-dim=\"w:100%;h:100%;\"\n\t\t\t\t\t\t\t\tdata-basealign=\"slide\"\n\t\t\t\t\t\t\t\tdata-frame_0=\"tp:600;\"\n\t\t\t\t\t\t\t\tdata-frame_1=\"tp:600;st:1000;sp:1500;sR:1000;\"\n\t\t\t\t\t\t\t\tdata-frame_999=\"o:0;tp:600;st:w;sp:1000;sR:6500;\"\n\t\t\t\t\t\t\t\tstyle=\"z-index:5;background-color:rgba(0,0,0,0.35);\"\n\t\t\t\t\t\t\t> \n\t\t\t\t\t\t\t<\/rs-layer><!--\n\n\t\t\t\t\t\t\t--><rs-layer\n\t\t\t\t\t\t\t\tid=\"slider-2-slide-1729-layer-1\" \n\t\t\t\t\t\t\t\tclass=\"Newspaper-Title\"\n\t\t\t\t\t\t\t\tdata-type=\"text\"\n\t\t\t\t\t\t\t\tdata-color=\"rgba(255, 255, 255, 1)\"\n\t\t\t\t\t\t\t\tdata-rsp_ch=\"on\"\n\t\t\t\t\t\t\t\tdata-xy=\"xo:50px,50px,50px,30px;yo:165px,135px,105px,130px;\"\n\t\t\t\t\t\t\t\tdata-text=\"w:normal;s:50,50,50,30;l:55,55,55,35;\"\n\t\t\t\t\t\t\t\tdata-dim=\"w:600px,600px,600px,420px;\"\n\t\t\t\t\t\t\t\tdata-padding=\"b:10;\"\n\t\t\t\t\t\t\t\tdata-frame_0=\"y:-100%;o:1;tp:600;\"\n\t\t\t\t\t\t\t\tdata-frame_0_mask=\"u:t;\"\n\t\t\t\t\t\t\t\tdata-frame_1=\"tp:600;st:1000;sp:1500;sR:1000;\"\n\t\t\t\t\t\t\t\tdata-frame_1_mask=\"u:t;\"\n\t\t\t\t\t\t\t\tdata-frame_999=\"st:w;sp:1000;sR:6500;auto:true;\"\n\t\t\t\t\t\t\t\tdata-frame_999_mask=\"u:t;\"\n\t\t\t\t\t\t\t\tstyle=\"z-index:6;font-family:'Roboto Slab';\"\n\t\t\t\t\t\t\t>Reflexiones en la construcci\u00f3n de comunidades educativas resilientes y cohesionadas \n\t\t\t\t\t\t\t<\/rs-layer><!--\n\n\t\t\t\t\t\t\t--><rs-layer\n\t\t\t\t\t\t\t\tid=\"slider-2-slide-1729-layer-2\" \n\t\t\t\t\t\t\t\tclass=\"Newspaper-Subtitle\"\n\t\t\t\t\t\t\t\tdata-type=\"text\"\n\t\t\t\t\t\t\t\tdata-color=\"rgba(168, 216, 238, 1)\"\n\t\t\t\t\t\t\t\tdata-rsp_ch=\"on\"\n\t\t\t\t\t\t\t\tdata-xy=\"xo:50px,50px,50px,30px;yo:140px,110px,80px,100px;\"\n\t\t\t\t\t\t\t\tdata-text=\"s:15;l:20;fw:900;\"\n\t\t\t\t\t\t\t\tdata-frame_0=\"y:-100%;o:1;tp:600;\"\n\t\t\t\t\t\t\t\tdata-frame_0_mask=\"u:t;\"\n\t\t\t\t\t\t\t\tdata-frame_1=\"tp:600;st:1000;sp:1500;sR:1000;\"\n\t\t\t\t\t\t\t\tdata-frame_1_mask=\"u:t;\"\n\t\t\t\t\t\t\t\tdata-frame_999=\"st:w;sp:1000;sR:6500;auto:true;\"\n\t\t\t\t\t\t\t\tdata-frame_999_mask=\"u:t;\"\n\t\t\t\t\t\t\t\tstyle=\"z-index:7;font-family:'Roboto';text-transform:uppercase;\"\n\t\t\t\t\t\t\t>12 abril, 2023 \n\t\t\t\t\t\t\t<\/rs-layer><!--\n\n\t\t\t\t\t\t\t--><a\n\t\t\t\t\t\t\t\tid=\"slider-2-slide-1729-layer-5\" \n\t\t\t\t\t\t\t\tclass=\"rs-layer Newspaper-Button rev-btn\"\n\t\t\t\t\t\t\t\thref=\"https:\/\/www.javeriana.edu.co\/boletin-viceacademica\/2023\/04\/reflexiones-de-la-universidad-javeriana-en-la-construccion-de-comunidades-educativas-resilientes-y-cohesionadas\/\" target=\"_self\"\n\t\t\t\t\t\t\t\tdata-type=\"button\"\n\t\t\t\t\t\t\t\tdata-color=\"rgba(255, 255, 255, 1)\"\n\t\t\t\t\t\t\t\tdata-xy=\"xo:53px,53px,53px,30px;yo:361px,331px,301px,245px;\"\n\t\t\t\t\t\t\t\tdata-text=\"s:13;l:17;fw:700;\"\n\t\t\t\t\t\t\t\tdata-rsp_bd=\"off\"\n\t\t\t\t\t\t\t\tdata-padding=\"t:12;r:35;b:12;l:35;\"\n\t\t\t\t\t\t\t\tdata-border=\"bos:solid;boc:rgba(255, 255, 255, 0.25);bow:1px,1px,1px,1px;\"\n\t\t\t\t\t\t\t\tdata-frame_0=\"y:-100%;o:1;tp:600;\"\n\t\t\t\t\t\t\t\tdata-frame_0_mask=\"u:t;\"\n\t\t\t\t\t\t\t\tdata-frame_1=\"tp:600;st:1000;sp:1500;sR:1000;\"\n\t\t\t\t\t\t\t\tdata-frame_1_mask=\"u:t;\"\n\t\t\t\t\t\t\t\tdata-frame_999=\"st:w;sp:1000;sR:6500;auto:true;\"\n\t\t\t\t\t\t\t\tdata-frame_999_mask=\"u:t;\"\n\t\t\t\t\t\t\t\tdata-frame_hover=\"c:#000;bgc:#fff;boc:#fff;bor:0px,0px,0px,0px;bos:solid;bow:1px,1px,1px,1px;oX:50;oY:50;e:power1.inOut;\"\n\t\t\t\t\t\t\t\tstyle=\"z-index:8;font-family:'Roboto';cursor:pointer;outline:none;box-shadow:none;box-sizing:border-box;-moz-box-sizing:border-box;-webkit-box-sizing:border-box;letter-spacing:2px;\"\n\t\t\t\t\t\t\t>NOTA COMPLETA \n\t\t\t\t\t\t\t<\/a><!--\n-->\t\t\t\t\t\t<\/rs-slide>\n\t\t\t\t\t\t<rs-slide style=\"position: absolute;\" data-key=\"rs-1746\" data-title=\"Modos de ense\u00f1anza: flexibilizando la oferta acad\u00e9mica\" data-thumb=\"\/\/www.javeriana.edu.co\/boletin-viceacademica\/wp-content\/uploads\/2023\/03\/IMG_AAcademicos_Modos_Encabezado-100x50.jpg\" data-anim=\"ms:default,default;r:,0;\" data-in=\"y:(100%);\" data-out=\"y:(-60%);\" data-alttrans=\"fade\" data-p1=\"Prog. Acade\u0301micos\">\n\t\t\t\t\t\t\t<img decoding=\"async\" src=\"\/\/www.javeriana.edu.co\/boletin-viceacademica\/wp-content\/plugins\/revslider\/public\/assets\/assets\/dummy.png\" alt=\"\" title=\"Modos de ense\u00f1anza\" width=\"2250\" height=\"1500\" class=\"rev-slidebg tp-rs-img rs-lazyload\" data-lazyload=\"\/\/www.javeriana.edu.co\/boletin-viceacademica\/wp-content\/uploads\/2023\/03\/IMG_AAcademicos_Modos_Encabezado.jpg\" data-parallax=\"10\" data-no-retina>\n<!--\n\t\t\t\t\t\t\t--><rs-layer\n\t\t\t\t\t\t\t\tid=\"slider-2-slide-1746-layer-3\" \n\t\t\t\t\t\t\t\tclass=\"tp-shape tp-shapewrapper\"\n\t\t\t\t\t\t\t\tdata-type=\"shape\"\n\t\t\t\t\t\t\t\tdata-rsp_ch=\"on\"\n\t\t\t\t\t\t\t\tdata-xy=\"x:c;y:m;\"\n\t\t\t\t\t\t\t\tdata-text=\"w:normal;fw:700;\"\n\t\t\t\t\t\t\t\tdata-dim=\"w:100%;h:100%;\"\n\t\t\t\t\t\t\t\tdata-basealign=\"slide\"\n\t\t\t\t\t\t\t\tdata-frame_0=\"tp:600;\"\n\t\t\t\t\t\t\t\tdata-frame_1=\"tp:600;st:1000;sp:1500;sR:1000;\"\n\t\t\t\t\t\t\t\tdata-frame_999=\"o:0;tp:600;st:w;sp:1000;sR:6500;\"\n\t\t\t\t\t\t\t\tstyle=\"z-index:5;background-color:rgba(0,0,0,0.35);\"\n\t\t\t\t\t\t\t> \n\t\t\t\t\t\t\t<\/rs-layer><!--\n\n\t\t\t\t\t\t\t--><rs-layer\n\t\t\t\t\t\t\t\tid=\"slider-2-slide-1746-layer-1\" \n\t\t\t\t\t\t\t\tclass=\"Newspaper-Title\"\n\t\t\t\t\t\t\t\tdata-type=\"text\"\n\t\t\t\t\t\t\t\tdata-color=\"rgba(255, 255, 255, 1)\"\n\t\t\t\t\t\t\t\tdata-rsp_ch=\"on\"\n\t\t\t\t\t\t\t\tdata-xy=\"xo:50px,50px,50px,30px;yo:165px,135px,105px,130px;\"\n\t\t\t\t\t\t\t\tdata-text=\"w:normal;s:50,50,50,30;l:55,55,55,35;\"\n\t\t\t\t\t\t\t\tdata-dim=\"w:600px,600px,600px,420px;\"\n\t\t\t\t\t\t\t\tdata-padding=\"b:10;\"\n\t\t\t\t\t\t\t\tdata-frame_0=\"y:-100%;o:1;tp:600;\"\n\t\t\t\t\t\t\t\tdata-frame_0_mask=\"u:t;\"\n\t\t\t\t\t\t\t\tdata-frame_1=\"tp:600;st:1000;sp:1500;sR:1000;\"\n\t\t\t\t\t\t\t\tdata-frame_1_mask=\"u:t;\"\n\t\t\t\t\t\t\t\tdata-frame_999=\"st:w;sp:1000;sR:6500;auto:true;\"\n\t\t\t\t\t\t\t\tdata-frame_999_mask=\"u:t;\"\n\t\t\t\t\t\t\t\tstyle=\"z-index:6;font-family:'Roboto Slab';\"\n\t\t\t\t\t\t\t>Modos de ense\u00f1anza: flexibilizando la oferta acad\u00e9mica \n\t\t\t\t\t\t\t<\/rs-layer><!--\n\n\t\t\t\t\t\t\t--><rs-layer\n\t\t\t\t\t\t\t\tid=\"slider-2-slide-1746-layer-2\" \n\t\t\t\t\t\t\t\tclass=\"Newspaper-Subtitle\"\n\t\t\t\t\t\t\t\tdata-type=\"text\"\n\t\t\t\t\t\t\t\tdata-color=\"rgba(168, 216, 238, 1)\"\n\t\t\t\t\t\t\t\tdata-rsp_ch=\"on\"\n\t\t\t\t\t\t\t\tdata-xy=\"xo:50px,50px,50px,30px;yo:140px,110px,80px,100px;\"\n\t\t\t\t\t\t\t\tdata-text=\"s:15;l:20;fw:900;\"\n\t\t\t\t\t\t\t\tdata-frame_0=\"y:-100%;o:1;tp:600;\"\n\t\t\t\t\t\t\t\tdata-frame_0_mask=\"u:t;\"\n\t\t\t\t\t\t\t\tdata-frame_1=\"tp:600;st:1000;sp:1500;sR:1000;\"\n\t\t\t\t\t\t\t\tdata-frame_1_mask=\"u:t;\"\n\t\t\t\t\t\t\t\tdata-frame_999=\"st:w;sp:1000;sR:6500;auto:true;\"\n\t\t\t\t\t\t\t\tdata-frame_999_mask=\"u:t;\"\n\t\t\t\t\t\t\t\tstyle=\"z-index:7;font-family:'Roboto';text-transform:uppercase;\"\n\t\t\t\t\t\t\t>12 abril, 2023 \n\t\t\t\t\t\t\t<\/rs-layer><!--\n\n\t\t\t\t\t\t\t--><a\n\t\t\t\t\t\t\t\tid=\"slider-2-slide-1746-layer-5\" \n\t\t\t\t\t\t\t\tclass=\"rs-layer Newspaper-Button rev-btn\"\n\t\t\t\t\t\t\t\thref=\"https:\/\/www.javeriana.edu.co\/boletin-viceacademica\/2023\/04\/modos-de-ensenanza-flexibilizando-la-oferta-academica\/\" target=\"_self\"\n\t\t\t\t\t\t\t\tdata-type=\"button\"\n\t\t\t\t\t\t\t\tdata-color=\"rgba(255, 255, 255, 1)\"\n\t\t\t\t\t\t\t\tdata-xy=\"xo:53px,53px,53px,30px;yo:361px,331px,301px,245px;\"\n\t\t\t\t\t\t\t\tdata-text=\"s:13;l:17;fw:700;\"\n\t\t\t\t\t\t\t\tdata-rsp_bd=\"off\"\n\t\t\t\t\t\t\t\tdata-padding=\"t:12;r:35;b:12;l:35;\"\n\t\t\t\t\t\t\t\tdata-border=\"bos:solid;boc:rgba(255, 255, 255, 0.25);bow:1px,1px,1px,1px;\"\n\t\t\t\t\t\t\t\tdata-frame_0=\"y:-100%;o:1;tp:600;\"\n\t\t\t\t\t\t\t\tdata-frame_0_mask=\"u:t;\"\n\t\t\t\t\t\t\t\tdata-frame_1=\"tp:600;st:1000;sp:1500;sR:1000;\"\n\t\t\t\t\t\t\t\tdata-frame_1_mask=\"u:t;\"\n\t\t\t\t\t\t\t\tdata-frame_999=\"st:w;sp:1000;sR:6500;auto:true;\"\n\t\t\t\t\t\t\t\tdata-frame_999_mask=\"u:t;\"\n\t\t\t\t\t\t\t\tdata-frame_hover=\"c:#000;bgc:#fff;boc:#fff;bor:0px,0px,0px,0px;bos:solid;bow:1px,1px,1px,1px;oX:50;oY:50;e:power1.inOut;\"\n\t\t\t\t\t\t\t\tstyle=\"z-index:8;font-family:'Roboto';cursor:pointer;outline:none;box-shadow:none;box-sizing:border-box;-moz-box-sizing:border-box;-webkit-box-sizing:border-box;letter-spacing:2px;\"\n\t\t\t\t\t\t\t>NOTA COMPLETA \n\t\t\t\t\t\t\t<\/a><!--\n-->\t\t\t\t\t\t<\/rs-slide>\n\t\t\t\t\t\t<rs-slide style=\"position: absolute;\" data-key=\"rs-1727\" data-title=\"Innovaci\u00f3n educativa: compromiso con la excelencia y mejoramiento de la docencia\" data-thumb=\"\/\/www.javeriana.edu.co\/boletin-viceacademica\/wp-content\/uploads\/2023\/04\/AProfesorales_Innovaci\u00f3n_Encabezado-100x50.jpg\" data-anim=\"ms:default,default;r:,0;\" data-in=\"y:(100%);\" data-out=\"y:(-60%);\" data-alttrans=\"fade\" data-p1=\"Asuntos Profesorales\">\n\t\t\t\t\t\t\t<img decoding=\"async\" src=\"\/\/www.javeriana.edu.co\/boletin-viceacademica\/wp-content\/plugins\/revslider\/public\/assets\/assets\/dummy.png\" alt=\"\" title=\"AProfesorales_InnovaciOrientaciones en Innovaci\u00f3n Educativa\u00f3n_Encabezado\" width=\"4032\" height=\"3024\" class=\"rev-slidebg tp-rs-img rs-lazyload\" data-lazyload=\"\/\/www.javeriana.edu.co\/boletin-viceacademica\/wp-content\/uploads\/2023\/04\/AProfesorales_Innovaci\u00f3n_Encabezado.jpg\" data-parallax=\"10\" data-no-retina>\n<!--\n\t\t\t\t\t\t\t--><rs-layer\n\t\t\t\t\t\t\t\tid=\"slider-2-slide-1727-layer-3\" \n\t\t\t\t\t\t\t\tclass=\"tp-shape tp-shapewrapper\"\n\t\t\t\t\t\t\t\tdata-type=\"shape\"\n\t\t\t\t\t\t\t\tdata-rsp_ch=\"on\"\n\t\t\t\t\t\t\t\tdata-xy=\"x:c;y:m;\"\n\t\t\t\t\t\t\t\tdata-text=\"w:normal;fw:700;\"\n\t\t\t\t\t\t\t\tdata-dim=\"w:100%;h:100%;\"\n\t\t\t\t\t\t\t\tdata-basealign=\"slide\"\n\t\t\t\t\t\t\t\tdata-frame_0=\"tp:600;\"\n\t\t\t\t\t\t\t\tdata-frame_1=\"tp:600;st:1000;sp:1500;sR:1000;\"\n\t\t\t\t\t\t\t\tdata-frame_999=\"o:0;tp:600;st:w;sp:1000;sR:6500;\"\n\t\t\t\t\t\t\t\tstyle=\"z-index:5;background-color:rgba(0,0,0,0.35);\"\n\t\t\t\t\t\t\t> \n\t\t\t\t\t\t\t<\/rs-layer><!--\n\n\t\t\t\t\t\t\t--><rs-layer\n\t\t\t\t\t\t\t\tid=\"slider-2-slide-1727-layer-1\" \n\t\t\t\t\t\t\t\tclass=\"Newspaper-Title\"\n\t\t\t\t\t\t\t\tdata-type=\"text\"\n\t\t\t\t\t\t\t\tdata-color=\"rgba(255, 255, 255, 1)\"\n\t\t\t\t\t\t\t\tdata-rsp_ch=\"on\"\n\t\t\t\t\t\t\t\tdata-xy=\"xo:50px,50px,50px,30px;yo:165px,135px,105px,130px;\"\n\t\t\t\t\t\t\t\tdata-text=\"w:normal;s:50,50,50,30;l:55,55,55,35;\"\n\t\t\t\t\t\t\t\tdata-dim=\"w:600px,600px,600px,420px;\"\n\t\t\t\t\t\t\t\tdata-padding=\"b:10;\"\n\t\t\t\t\t\t\t\tdata-frame_0=\"y:-100%;o:1;tp:600;\"\n\t\t\t\t\t\t\t\tdata-frame_0_mask=\"u:t;\"\n\t\t\t\t\t\t\t\tdata-frame_1=\"tp:600;st:1000;sp:1500;sR:1000;\"\n\t\t\t\t\t\t\t\tdata-frame_1_mask=\"u:t;\"\n\t\t\t\t\t\t\t\tdata-frame_999=\"st:w;sp:1000;sR:6500;auto:true;\"\n\t\t\t\t\t\t\t\tdata-frame_999_mask=\"u:t;\"\n\t\t\t\t\t\t\t\tstyle=\"z-index:6;font-family:'Roboto Slab';\"\n\t\t\t\t\t\t\t>Innovaci\u00f3n educativa: compromiso con la excelencia y mejoramiento de la docencia \n\t\t\t\t\t\t\t<\/rs-layer><!--\n\n\t\t\t\t\t\t\t--><rs-layer\n\t\t\t\t\t\t\t\tid=\"slider-2-slide-1727-layer-2\" \n\t\t\t\t\t\t\t\tclass=\"Newspaper-Subtitle\"\n\t\t\t\t\t\t\t\tdata-type=\"text\"\n\t\t\t\t\t\t\t\tdata-color=\"rgba(168, 216, 238, 1)\"\n\t\t\t\t\t\t\t\tdata-rsp_ch=\"on\"\n\t\t\t\t\t\t\t\tdata-xy=\"xo:50px,50px,50px,30px;yo:140px,110px,80px,100px;\"\n\t\t\t\t\t\t\t\tdata-text=\"s:15;l:20;fw:900;\"\n\t\t\t\t\t\t\t\tdata-frame_0=\"y:-100%;o:1;tp:600;\"\n\t\t\t\t\t\t\t\tdata-frame_0_mask=\"u:t;\"\n\t\t\t\t\t\t\t\tdata-frame_1=\"tp:600;st:1000;sp:1500;sR:1000;\"\n\t\t\t\t\t\t\t\tdata-frame_1_mask=\"u:t;\"\n\t\t\t\t\t\t\t\tdata-frame_999=\"st:w;sp:1000;sR:6500;auto:true;\"\n\t\t\t\t\t\t\t\tdata-frame_999_mask=\"u:t;\"\n\t\t\t\t\t\t\t\tstyle=\"z-index:7;font-family:'Roboto';text-transform:uppercase;\"\n\t\t\t\t\t\t\t>12 abril, 2023 \n\t\t\t\t\t\t\t<\/rs-layer><!--\n\n\t\t\t\t\t\t\t--><a\n\t\t\t\t\t\t\t\tid=\"slider-2-slide-1727-layer-5\" \n\t\t\t\t\t\t\t\tclass=\"rs-layer Newspaper-Button rev-btn\"\n\t\t\t\t\t\t\t\thref=\"https:\/\/www.javeriana.edu.co\/boletin-viceacademica\/2023\/04\/innovacion-educativa-expresion-de-compromiso-con-la-excelencia-y-el-mejoramiento-permanente-de-la-docencia\/\" target=\"_self\"\n\t\t\t\t\t\t\t\tdata-type=\"button\"\n\t\t\t\t\t\t\t\tdata-color=\"rgba(255, 255, 255, 1)\"\n\t\t\t\t\t\t\t\tdata-xy=\"xo:53px,53px,53px,30px;yo:361px,331px,301px,245px;\"\n\t\t\t\t\t\t\t\tdata-text=\"s:13;l:17;fw:700;\"\n\t\t\t\t\t\t\t\tdata-rsp_bd=\"off\"\n\t\t\t\t\t\t\t\tdata-padding=\"t:12;r:35;b:12;l:35;\"\n\t\t\t\t\t\t\t\tdata-border=\"bos:solid;boc:rgba(255, 255, 255, 0.25);bow:1px,1px,1px,1px;\"\n\t\t\t\t\t\t\t\tdata-frame_0=\"y:-100%;o:1;tp:600;\"\n\t\t\t\t\t\t\t\tdata-frame_0_mask=\"u:t;\"\n\t\t\t\t\t\t\t\tdata-frame_1=\"tp:600;st:1000;sp:1500;sR:1000;\"\n\t\t\t\t\t\t\t\tdata-frame_1_mask=\"u:t;\"\n\t\t\t\t\t\t\t\tdata-frame_999=\"st:w;sp:1000;sR:6500;auto:true;\"\n\t\t\t\t\t\t\t\tdata-frame_999_mask=\"u:t;\"\n\t\t\t\t\t\t\t\tdata-frame_hover=\"c:#000;bgc:#fff;boc:#fff;bor:0px,0px,0px,0px;bos:solid;bow:1px,1px,1px,1px;oX:50;oY:50;e:power1.inOut;\"\n\t\t\t\t\t\t\t\tstyle=\"z-index:8;font-family:'Roboto';cursor:pointer;outline:none;box-shadow:none;box-sizing:border-box;-moz-box-sizing:border-box;-webkit-box-sizing:border-box;letter-spacing:2px;\"\n\t\t\t\t\t\t\t>NOTA COMPLETA \n\t\t\t\t\t\t\t<\/a><!--\n-->\t\t\t\t\t\t<\/rs-slide>\n\t\t\t\t\t<\/rs-slides>\n\t\t\t\t<\/rs-module>\n\t\t\t\t<script>\n\t\t\t\t\tsetREVStartSize({c: 'rev_slider_2_1',rl:[1240,1024,778,480],el:[],gw:[1240,1024,778,480],gh:[500,450,400,350],type:'standard',justify:'',layout:'fullwidth',mh:\"0\"});if (window.RS_MODULES!==undefined && window.RS_MODULES.modules!==undefined && window.RS_MODULES.modules[\"revslider21\"]!==undefined) {window.RS_MODULES.modules[\"revslider21\"].once = false;window.revapi2 = undefined;if (window.RS_MODULES.checkMinimal!==undefined) window.RS_MODULES.checkMinimal()}\n\t\t\t\t<\/script>\n\t\t\t<\/rs-module-wrap>\n\t\t\t<!-- END REVOLUTION SLIDER -->\n<\/div><\/div><\/div><\/div><div id=\"td_uid_3_69eb52da01ebe\" class=\"tdc-row\"><div class=\"vc_row td_uid_3_69eb52da01ec4_rand  wpb_row td-pb-row\" >\n<style scoped>\n\n\/* custom css *\/\n.td_uid_3_69eb52da01ec4_rand {\r\n                    min-height: 0;\r\n                }\r\n\r\n                \r\n\t\t\t\t.td_uid_3_69eb52da01ec4_rand {\r\n\t\t\t\t\tposition: relative;\r\n\t\t\t\t}\r\n\t\t\t\t.td_uid_3_69eb52da01ec4_rand .tdc-row-divider {\r\n                    overflow: hidden;\r\n                }\r\n\t\t\t\t\r\n\t\t\t\t.td_uid_3_69eb52da01ec4_rand .tdc-row-divider-bottom .tdm-svg {\r\n\t\t\t\t\theight: 75px;\r\n\t\t\t\t}\r\n                \r\n\t\t\t\t.td_uid_3_69eb52da01ec4_rand .tdc-row-divider-bottom .tdm-svg {\r\n\t\t\t\t\tmin-width: 100%;\r\n\t\t\t\t}\r\n\t\t\t\t\r\n\t\t\t\t.td_uid_3_69eb52da01ec4_rand .tdc-row-divider-bottom .tdm-svg {\r\n\t\t\t\t\tfill: #ffffff;\r\n\t\t\t\t}\r\n\t\t\t\t.td_uid_3_69eb52da01ec4_rand .tdc-row-divider-bottom .tdc-divider-space {\r\n\t\t\t\t\tbackground-color: #ffffff;\r\n\t\t\t\t}\r\n\t\t\t\t\r\n\t\t\t\t.td_uid_3_69eb52da01ec4_rand .tdc-row-divider-bottom .tdc-divider-space {\r\n\t\t\t\t\ttop: 100%;\r\n\t\t\t\t    height: px;\r\n\t\t\t\t}\r\n\t\t\t\t.td_uid_3_69eb52da01ec4_rand .tdc-row-divider-bottom {\r\n\t\t\t\t    bottom: px;\r\n\t\t\t\t}\n<\/style><div class=\"tdc-row-divider\"><div class=\"tdc-divider3 tdc-row-divider-bottom\"><div class=\"tdc-divider-space\"><\/div><svg class=\"tdm-svg\" xmlns=\"http:\/\/www.w3.org\/2000\/svg\" viewBox=\"0 0 2000 400\" preserveAspectRatio=\"none\">\r\n\t\t\t\t\t\t\t\t\t<path class=\"tdm-svg1\" d=\"M0,700V209L2000,389V700H0Z\"\/>\r\n\t\t\t\t\t\t\t\t\t<path class=\"tdm-svg2\" d=\"M0,700V169L2000,389V700H0Z\"\/>\r\n\t\t\t\t\t\t\t\t\t<path class=\"tdm-svg3\" d=\"M0,700V129L2000,389V700H0Z\"\/>\r\n\t\t\t\t\t\t\t\t\t<\/svg><\/div><\/div><div class=\"vc_column td_uid_4_69eb52da02000_rand  wpb_column vc_column_container tdc-column td-pb-span12\"><div class=\"wpb_wrapper\"><div class=\"wpb_wrapper td_block_empty_space td_block_wrap vc_empty_space td_uid_5_69eb52da02057_rand \"  style=\"height: 40px\"><\/div><\/div><\/div><\/div><\/div>","protected":false},"excerpt":{"rendered":"Reflexiones en la construcci\u00f3n de comunidades educativas resilientes y cohesionadas 12 abril, 2023 NOTA COMPLETA Modos de ense\u00f1anza: flexibilizando la oferta acad\u00e9mica 12 abril, 2023 NOTA COMPLETA Innovaci\u00f3n educativa: compromiso con la excelencia y mejoramiento de la docencia 12 abril, 2023 NOTA COMPLETA","protected":false},"author":1,"featured_media":0,"parent":0,"menu_order":0,"comment_status":"closed","ping_status":"closed","template":"page-pagebuilder-latest.php","meta":{"footnotes":""},"class_list":["post-34","page","type-page","status-publish","hentry"],"yoast_head":"<!-- This site is optimized with the Yoast SEO plugin v21.1 - https:\/\/yoast.com\/wordpress\/plugins\/seo\/ -->\n<title>Home - Vicerrector\u00eda Acad\u00e9mica Revista Digital \/ Pontificia Universidad Javeriana<\/title>\n<meta name=\"robots\" content=\"noindex, follow, max-snippet:-1, max-image-preview:large, max-video-preview:-1\" \/>\n<meta property=\"og:locale\" content=\"es_ES\" \/>\n<meta property=\"og:type\" content=\"article\" \/>\n<meta property=\"og:title\" content=\"Home - Vicerrector\u00eda Acad\u00e9mica Revista Digital \/ Pontificia Universidad Javeriana\" \/>\n<meta property=\"og:url\" content=\"https:\/\/www.javeriana.edu.co\/boletin-viceacademica\/\" \/>\n<meta property=\"og:site_name\" content=\"Vicerrector\u00eda Acad\u00e9mica Revista Digital \/ Pontificia Universidad Javeriana\" \/>\n<meta property=\"article:modified_time\" content=\"2020-02-19T19:51:40+00:00\" \/>\n<meta name=\"twitter:card\" content=\"summary_large_image\" \/>\n<script type=\"application\/ld+json\" class=\"yoast-schema-graph\">{\"@context\":\"https:\/\/schema.org\",\"@graph\":[{\"@type\":\"WebPage\",\"@id\":\"https:\/\/www.javeriana.edu.co\/boletin-viceacademica\/\",\"url\":\"https:\/\/www.javeriana.edu.co\/boletin-viceacademica\/\",\"name\":\"Home - Vicerrector\u00eda Acad\u00e9mica Revista Digital \/ Pontificia Universidad Javeriana\",\"isPartOf\":{\"@id\":\"https:\/\/www.javeriana.edu.co\/boletin-viceacademica\/#website\"},\"datePublished\":\"2018-06-15T19:35:16+00:00\",\"dateModified\":\"2020-02-19T19:51:40+00:00\",\"inLanguage\":\"es-CO\",\"potentialAction\":[{\"@type\":\"ReadAction\",\"target\":[\"https:\/\/www.javeriana.edu.co\/boletin-viceacademica\/\"]}]},{\"@type\":\"WebSite\",\"@id\":\"https:\/\/www.javeriana.edu.co\/boletin-viceacademica\/#website\",\"url\":\"https:\/\/www.javeriana.edu.co\/boletin-viceacademica\/\",\"name\":\"Vicerrector\u00eda Acad\u00e9mica Revista Digital \/ Pontificia Universidad Javeriana\",\"description\":\"\",\"potentialAction\":[{\"@type\":\"SearchAction\",\"target\":{\"@type\":\"EntryPoint\",\"urlTemplate\":\"https:\/\/www.javeriana.edu.co\/boletin-viceacademica\/?s={search_term_string}\"},\"query-input\":\"required name=search_term_string\"}],\"inLanguage\":\"es-CO\"}]}<\/script>\n<!-- \/ Yoast SEO plugin. -->","yoast_head_json":{"title":"Home - Vicerrector\u00eda Acad\u00e9mica Revista Digital \/ Pontificia Universidad Javeriana","robots":{"index":"noindex","follow":"follow","max-snippet":"max-snippet:-1","max-image-preview":"max-image-preview:large","max-video-preview":"max-video-preview:-1"},"og_locale":"es_ES","og_type":"article","og_title":"Home - Vicerrector\u00eda Acad\u00e9mica Revista Digital \/ Pontificia Universidad Javeriana","og_url":"https:\/\/www.javeriana.edu.co\/boletin-viceacademica\/","og_site_name":"Vicerrector\u00eda Acad\u00e9mica Revista Digital \/ Pontificia Universidad Javeriana","article_modified_time":"2020-02-19T19:51:40+00:00","twitter_card":"summary_large_image","schema":{"@context":"https:\/\/schema.org","@graph":[{"@type":"WebPage","@id":"https:\/\/www.javeriana.edu.co\/boletin-viceacademica\/","url":"https:\/\/www.javeriana.edu.co\/boletin-viceacademica\/","name":"Home - Vicerrector\u00eda Acad\u00e9mica Revista Digital \/ Pontificia Universidad Javeriana","isPartOf":{"@id":"https:\/\/www.javeriana.edu.co\/boletin-viceacademica\/#website"},"datePublished":"2018-06-15T19:35:16+00:00","dateModified":"2020-02-19T19:51:40+00:00","inLanguage":"es-CO","potentialAction":[{"@type":"ReadAction","target":["https:\/\/www.javeriana.edu.co\/boletin-viceacademica\/"]}]},{"@type":"WebSite","@id":"https:\/\/www.javeriana.edu.co\/boletin-viceacademica\/#website","url":"https:\/\/www.javeriana.edu.co\/boletin-viceacademica\/","name":"Vicerrector\u00eda Acad\u00e9mica Revista Digital \/ Pontificia Universidad Javeriana","description":"","potentialAction":[{"@type":"SearchAction","target":{"@type":"EntryPoint","urlTemplate":"https:\/\/www.javeriana.edu.co\/boletin-viceacademica\/?s={search_term_string}"},"query-input":"required name=search_term_string"}],"inLanguage":"es-CO"}]}},"_links":{"self":[{"href":"https:\/\/www.javeriana.edu.co\/boletin-viceacademica\/wp-json\/wp\/v2\/pages\/34","targetHints":{"allow":["GET"]}}],"collection":[{"href":"https:\/\/www.javeriana.edu.co\/boletin-viceacademica\/wp-json\/wp\/v2\/pages"}],"about":[{"href":"https:\/\/www.javeriana.edu.co\/boletin-viceacademica\/wp-json\/wp\/v2\/types\/page"}],"author":[{"embeddable":true,"href":"https:\/\/www.javeriana.edu.co\/boletin-viceacademica\/wp-json\/wp\/v2\/users\/1"}],"replies":[{"embeddable":true,"href":"https:\/\/www.javeriana.edu.co\/boletin-viceacademica\/wp-json\/wp\/v2\/comments?post=34"}],"version-history":[{"count":16,"href":"https:\/\/www.javeriana.edu.co\/boletin-viceacademica\/wp-json\/wp\/v2\/pages\/34\/revisions"}],"predecessor-version":[{"id":967,"href":"https:\/\/www.javeriana.edu.co\/boletin-viceacademica\/wp-json\/wp\/v2\/pages\/34\/revisions\/967"}],"wp:attachment":[{"href":"https:\/\/www.javeriana.edu.co\/boletin-viceacademica\/wp-json\/wp\/v2\/media?parent=34"}],"curies":[{"name":"wp","href":"https:\/\/api.w.org\/{rel}","templated":true}]}}