{"id":10126,"date":"2024-05-09T12:25:45","date_gmt":"2024-05-09T12:25:45","guid":{"rendered":"https:\/\/www.javeriana.edu.co\/construlab\/?page_id=10126"},"modified":"2024-05-23T13:41:04","modified_gmt":"2024-05-23T13:41:04","slug":"ensayos-lab","status":"publish","type":"page","link":"http:\/\/www.javeriana.edu.co\/construlab\/?page_id=10126","title":{"rendered":"Ensayos LAB"},"content":{"rendered":"\t\t<div data-elementor-type=\"wp-page\" data-elementor-id=\"10126\" class=\"elementor elementor-10126\" data-elementor-post-type=\"page\">\n\t\t\t\t<div class=\"elementor-element elementor-element-0f6d32d e-flex e-con-boxed e-con e-parent\" data-id=\"0f6d32d\" data-element_type=\"container\">\n\t\t\t\t\t<div class=\"e-con-inner\">\n\t\t<div class=\"elementor-element elementor-element-bb65d41 e-flex e-con-boxed e-con e-child\" data-id=\"bb65d41\" data-element_type=\"container\">\n\t\t\t\t\t<div class=\"e-con-inner\">\n\t\t\t\t<div class=\"elementor-element elementor-element-ff2c7c1 elementor-widget elementor-widget-text-editor\" data-id=\"ff2c7c1\" data-element_type=\"widget\" data-widget_type=\"text-editor.default\">\n\t\t\t\t<div class=\"elementor-widget-container\">\n\t\t\t\t\t\t\t\t\t<p><span style=\"background-color: var( --e-global-color-setup_wizard_cutom_color_1 ); color: var( --e-global-color-text ); font-family: var( --e-global-typography-text-font-family ), Sans-serif; font-weight: var( --e-global-typography-text-font-weight ); word-spacing: var( --e-global-typography-text-word-spacing );\">\u00a1Contin\u00faa descubriendo contenidos interesantes para aprender mientras te diviertes!<\/span><span style=\"background-color: var( --e-global-color-setup_wizard_cutom_color_1 ); color: var( --e-global-color-text ); font-family: var( --e-global-typography-text-font-family ), Sans-serif; font-weight: var( --e-global-typography-text-font-weight ); word-spacing: var( --e-global-typography-text-word-spacing );\"><br \/><\/span><\/p>\t\t\t\t\t\t\t\t<\/div>\n\t\t\t\t<\/div>\n\t\t\t\t\t<\/div>\n\t\t\t\t<\/div>\n\t\t\t\t\t<\/div>\n\t\t\t\t<\/div>\n\t\t<div class=\"elementor-element elementor-element-8b653b5 e-flex e-con-boxed e-con e-parent\" data-id=\"8b653b5\" data-element_type=\"container\">\n\t\t\t\t\t<div class=\"e-con-inner\">\n\t\t\t\t<div class=\"elementor-element elementor-element-cc2be9b elementor-widget elementor-widget-heading\" data-id=\"cc2be9b\" data-element_type=\"widget\" data-widget_type=\"heading.default\">\n\t\t\t\t<div class=\"elementor-widget-container\">\n\t\t\t\t\t<h2 class=\"elementor-heading-title elementor-size-default\">Ensayos de Laboratorio<\/h2>\t\t\t\t<\/div>\n\t\t\t\t<\/div>\n\t\t\t\t\t<\/div>\n\t\t\t\t<\/div>\n\t\t<div class=\"elementor-element elementor-element-2a9b6e3 e-flex e-con-boxed e-con e-parent\" data-id=\"2a9b6e3\" data-element_type=\"container\">\n\t\t\t\t\t<div class=\"e-con-inner\">\n\t\t\t\t<div class=\"elementor-element elementor-element-b3ce595 elementor--h-position-center elementor--v-position-middle elementor-arrows-position-inside elementor-pagination-position-inside elementor-widget elementor-widget-slides\" data-id=\"b3ce595\" data-element_type=\"widget\" data-settings=\"{&quot;navigation&quot;:&quot;both&quot;,&quot;autoplay&quot;:&quot;yes&quot;,&quot;pause_on_hover&quot;:&quot;yes&quot;,&quot;pause_on_interaction&quot;:&quot;yes&quot;,&quot;autoplay_speed&quot;:5000,&quot;infinite&quot;:&quot;yes&quot;,&quot;transition&quot;:&quot;slide&quot;,&quot;transition_speed&quot;:500}\" data-widget_type=\"slides.default\">\n\t\t\t\t<div class=\"elementor-widget-container\">\n\t\t\t\t\t\t\t\t\t<div class=\"elementor-swiper\">\n\t\t\t\t\t<div class=\"elementor-slides-wrapper elementor-main-swiper swiper\" role=\"region\" aria-roledescription=\"carousel\" aria-label=\"Diapositivas\" dir=\"ltr\" data-animation=\"fadeInUp\">\n\t\t\t\t<div class=\"swiper-wrapper elementor-slides\">\n\t\t\t\t\t\t\t\t\t\t<div class=\"elementor-repeater-item-d782eb6 swiper-slide\" role=\"group\" aria-roledescription=\"slide\"><div class=\"swiper-slide-bg\" role=\"img\"><\/div><a class=\"swiper-slide-inner\" href=\"\/construlab\/?page_id=9626\"><div class=\"swiper-slide-contents\"><div class=\"elementor-slide-heading\">Pr\u00e1cticas de laboratorio - Videos<\/div><div class=\"elementor-slide-description\">M\u00e1s de 20 de v\u00eddeos de pr\u00e1cticas de laboratorio de Ingenier\u00eda Civil, que te ayudar\u00e1n a reforzar conceptos importantes... \n\u00a1Aprovecha!<\/div><div  class=\"elementor-button elementor-slide-button elementor-size-sm\">Haz clic aqu\u00ed<\/div><\/div><\/a><\/div>\t\t\t\t<\/div>\n\t\t\t\t\t\t\t<\/div>\n\t\t\t\t<\/div>\n\t\t\t\t\t\t\t\t<\/div>\n\t\t\t\t<\/div>\n\t\t\t\t\t<\/div>\n\t\t\t\t<\/div>\n\t\t<div class=\"elementor-element elementor-element-88526f2 e-flex e-con-boxed e-con e-parent\" data-id=\"88526f2\" data-element_type=\"container\">\n\t\t\t\t\t<div class=\"e-con-inner\">\n\t\t\t\t<div class=\"elementor-element elementor-element-bed1866 elementor--h-position-center elementor--v-position-middle elementor-arrows-position-inside elementor-pagination-position-inside elementor-widget elementor-widget-slides\" data-id=\"bed1866\" data-element_type=\"widget\" data-settings=\"{&quot;navigation&quot;:&quot;both&quot;,&quot;transition&quot;:&quot;slide&quot;,&quot;transition_speed&quot;:500}\" data-widget_type=\"slides.default\">\n\t\t\t\t<div class=\"elementor-widget-container\">\n\t\t\t\t\t\t\t\t\t<div class=\"elementor-swiper\">\n\t\t\t\t\t<div class=\"elementor-slides-wrapper elementor-main-swiper swiper\" role=\"region\" aria-roledescription=\"carousel\" aria-label=\"Diapositivas\" dir=\"ltr\" data-animation=\"\">\n\t\t\t\t<div class=\"swiper-wrapper elementor-slides\">\n\t\t\t\t\t\t\t\t\t\t<div class=\"elementor-repeater-item-fe54218 swiper-slide\" role=\"group\" aria-roledescription=\"slide\"><div class=\"swiper-slide-bg\" role=\"img\"><\/div><div class=\"swiper-slide-inner\" ><div class=\"swiper-slide-contents\"><div class=\"elementor-slide-heading\">Espera m\u00e1s contenidos pr\u00f3ximamente..<\/div><\/div><\/div><\/div>\t\t\t\t<\/div>\n\t\t\t\t\t\t\t<\/div>\n\t\t\t\t<\/div>\n\t\t\t\t\t\t\t\t<\/div>\n\t\t\t\t<\/div>\n\t\t\t\t\t<\/div>\n\t\t\t\t<\/div>\n\t\t\t\t<\/div>\n\t\t","protected":false},"excerpt":{"rendered":"<p>\u00a1Contin\u00faa descubriendo contenidos interesantes para aprender mientras te diviertes! Ensayos de Laboratorio Pr\u00e1cticas de laboratorio &#8211; VideosM\u00e1s de 20 de v\u00eddeos de pr\u00e1cticas de laboratorio de Ingenier\u00eda Civil, que te ayudar\u00e1n a reforzar conceptos importantes&#8230; \u00a1Aprovecha!Haz clic aqu\u00ed Espera m\u00e1s contenidos pr\u00f3ximamente..<\/p>\n","protected":false},"author":3,"featured_media":0,"parent":0,"menu_order":0,"comment_status":"closed","ping_status":"closed","template":"","meta":{"_acf_changed":false,"footnotes":""},"class_list":["post-10126","page","type-page","status-publish","hentry"],"acf":[],"_links":{"self":[{"href":"http:\/\/www.javeriana.edu.co\/construlab\/index.php?rest_route=\/wp\/v2\/pages\/10126","targetHints":{"allow":["GET"]}}],"collection":[{"href":"http:\/\/www.javeriana.edu.co\/construlab\/index.php?rest_route=\/wp\/v2\/pages"}],"about":[{"href":"http:\/\/www.javeriana.edu.co\/construlab\/index.php?rest_route=\/wp\/v2\/types\/page"}],"author":[{"embeddable":true,"href":"http:\/\/www.javeriana.edu.co\/construlab\/index.php?rest_route=\/wp\/v2\/users\/3"}],"replies":[{"embeddable":true,"href":"http:\/\/www.javeriana.edu.co\/construlab\/index.php?rest_route=%2Fwp%2Fv2%2Fcomments&post=10126"}],"version-history":[{"count":16,"href":"http:\/\/www.javeriana.edu.co\/construlab\/index.php?rest_route=\/wp\/v2\/pages\/10126\/revisions"}],"predecessor-version":[{"id":10523,"href":"http:\/\/www.javeriana.edu.co\/construlab\/index.php?rest_route=\/wp\/v2\/pages\/10126\/revisions\/10523"}],"wp:attachment":[{"href":"http:\/\/www.javeriana.edu.co\/construlab\/index.php?rest_route=%2Fwp%2Fv2%2Fmedia&parent=10126"}],"curies":[{"name":"wp","href":"https:\/\/api.w.org\/{rel}","templated":true}]}}