{"id":10700,"date":"2024-06-26T17:05:13","date_gmt":"2024-06-26T17:05:13","guid":{"rendered":"https:\/\/www.javeriana.edu.co\/construlab\/?page_id=10700"},"modified":"2024-06-26T17:07:22","modified_gmt":"2024-06-26T17:07:22","slug":"equipo-campus-2-0","status":"publish","type":"page","link":"http:\/\/www.javeriana.edu.co\/construlab\/?page_id=10700","title":{"rendered":"EQUIPO CAMPUS 2.0"},"content":{"rendered":"\t\t<div data-elementor-type=\"wp-page\" data-elementor-id=\"10700\" class=\"elementor elementor-10700\" data-elementor-post-type=\"page\">\n\t\t\t\t<div class=\"elementor-element elementor-element-9899608 e-flex e-con-boxed e-con e-parent\" data-id=\"9899608\" data-element_type=\"container\">\n\t\t\t\t\t<div class=\"e-con-inner\">\n\t\t\t\t<div class=\"elementor-element elementor-element-5daf79e elementor-widget elementor-widget-heading\" data-id=\"5daf79e\" data-element_type=\"widget\" data-widget_type=\"heading.default\">\n\t\t\t\t<div class=\"elementor-widget-container\">\n\t\t\t\t\t<h2 class=\"elementor-heading-title elementor-size-default\">Team Campus 2.0<\/h2>\t\t\t\t<\/div>\n\t\t\t\t<\/div>\n\t\t\t\t\t<\/div>\n\t\t\t\t<\/div>\n\t\t<div class=\"elementor-element elementor-element-8df02f2 e-flex e-con-boxed e-con e-parent\" data-id=\"8df02f2\" data-element_type=\"container\">\n\t\t\t\t\t<div class=\"e-con-inner\">\n\t\t\t\t<div class=\"elementor-element elementor-element-b01bae3 elementor-widget elementor-widget-gallery\" data-id=\"b01bae3\" data-element_type=\"widget\" data-settings=\"{&quot;columns&quot;:3,&quot;aspect_ratio&quot;:&quot;4:3&quot;,&quot;image_hover_animation&quot;:&quot;shrink-contained&quot;,&quot;overlay_title&quot;:&quot;title&quot;,&quot;overlay_description&quot;:&quot;description&quot;,&quot;lazyload&quot;:&quot;yes&quot;,&quot;gallery_layout&quot;:&quot;grid&quot;,&quot;columns_tablet&quot;:2,&quot;columns_mobile&quot;:1,&quot;gap&quot;:{&quot;unit&quot;:&quot;px&quot;,&quot;size&quot;:10,&quot;sizes&quot;:[]},&quot;gap_tablet&quot;:{&quot;unit&quot;:&quot;px&quot;,&quot;size&quot;:10,&quot;sizes&quot;:[]},&quot;gap_mobile&quot;:{&quot;unit&quot;:&quot;px&quot;,&quot;size&quot;:10,&quot;sizes&quot;:[]},&quot;link_to&quot;:&quot;file&quot;,&quot;overlay_background&quot;:&quot;yes&quot;,&quot;content_hover_animation&quot;:&quot;fade-in&quot;}\" data-widget_type=\"gallery.default\">\n\t\t\t\t<div class=\"elementor-widget-container\">\n\t\t\t\t\t\t\t<div class=\"elementor-gallery__container\">\n\t\t\t\t\t\t\t<a class=\"e-gallery-item elementor-gallery-item elementor-animated-content\" href=\"http:\/\/www.javeriana.edu.co\/construlab\/wp-content\/uploads\/2024\/04\/Daniela-Carrasco-Beltran-1-e1713297301608.jpg\" data-elementor-open-lightbox=\"no\">\n\t\t\t\t\t<div class=\"e-gallery-image elementor-gallery-item__image\" data-thumbnail=\"http:\/\/www.javeriana.edu.co\/construlab\/wp-content\/uploads\/elementor\/thumbs\/Daniela-Carrasco-Beltran-1-e1713297301608-r98xmrp3wf5gqjha4jmshanm3my4aw6xr071j27n3s.jpg\" data-width=\"300\" data-height=\"300\" aria-label=\"\" role=\"img\" ><\/div>\n\t\t\t\t\t\t\t\t\t\t\t<div class=\"elementor-gallery-item__overlay\"><\/div>\n\t\t\t\t\t\t\t\t\t\t\t\t\t\t\t<div class=\"elementor-gallery-item__content\">\n\t\t\t\t\t\t\t\t\t\t\t\t\t\t<div class=\"elementor-gallery-item__title\">\n\t\t\t\t\t\t\t\t\t\t\t\t\t\t\t\t\t\tDaniela Carrasco Beltr\u00e1n\t\t\t\t\t\t\t\t<\/div>\n\t\t\t\t\t\t\t\t\t\t\t\t\t\t\t<div class=\"elementor-gallery-item__description\">\n\t\t\t\t\t\t\t\t\t\t\t\t\t\t\t\t\t\tInvestigadora Principal<br>Ingeniera Civil, MBA y Magister en Proyectos de Desarrollo Sostenible<br>\nProfesora Departamento Arquitectura\t\t\t\t\t\t\t\t<\/div>\n\t\t\t\t\t\t\t\t\t\t\t\t<\/div>\n\t\t\t\t\t\t\t\t\t<\/a>\n\t\t\t\t\t\t\t<a class=\"e-gallery-item elementor-gallery-item elementor-animated-content\" href=\"http:\/\/www.javeriana.edu.co\/construlab\/wp-content\/uploads\/2024\/04\/Alejandro-Serrano-Sierra-e1713297487750.jpg\" data-elementor-open-lightbox=\"no\">\n\t\t\t\t\t<div class=\"e-gallery-image elementor-gallery-item__image\" data-thumbnail=\"http:\/\/www.javeriana.edu.co\/construlab\/wp-content\/uploads\/elementor\/thumbs\/Alejandro-Serrano-Sierra-e1713297487750-r98xmrp3wf5gqjha4jmshanm3my4aw6xr071j27n3s.jpg\" data-width=\"300\" data-height=\"300\" aria-label=\"\" role=\"img\" ><\/div>\n\t\t\t\t\t\t\t\t\t\t\t<div class=\"elementor-gallery-item__overlay\"><\/div>\n\t\t\t\t\t\t\t\t\t\t\t\t\t\t\t<div class=\"elementor-gallery-item__content\">\n\t\t\t\t\t\t\t\t\t\t\t\t\t\t<div class=\"elementor-gallery-item__title\">\n\t\t\t\t\t\t\t\t\t\t\t\t\t\t\t\t\t\tAlejandro Serrano Sierra\t\t\t\t\t\t\t\t<\/div>\n\t\t\t\t\t\t\t\t\t\t\t\t\t\t\t<div class=\"elementor-gallery-item__description\">\n\t\t\t\t\t\t\t\t\t\t\t\t\t\t\t\t\t\tCo investigador<br>Arquitecto, Mag\u00edster en Arquitectura <br> Profesor Departamento Arquitectura\t\t\t\t\t\t\t\t<\/div>\n\t\t\t\t\t\t\t\t\t\t\t\t<\/div>\n\t\t\t\t\t\t\t\t\t<\/a>\n\t\t\t\t\t\t\t<a class=\"e-gallery-item elementor-gallery-item elementor-animated-content\" href=\"http:\/\/www.javeriana.edu.co\/construlab\/wp-content\/uploads\/2024\/04\/Gloria-Mercedes-Zuloaga-Lozada-1-scaled-e1713297391244.jpg\" data-elementor-open-lightbox=\"no\">\n\t\t\t\t\t<div class=\"e-gallery-image elementor-gallery-item__image\" data-thumbnail=\"http:\/\/www.javeriana.edu.co\/construlab\/wp-content\/uploads\/elementor\/thumbs\/Gloria-Mercedes-Zuloaga-Lozada-1-scaled-e1713297391244-r98xmrp3wf5gqjha4jmshanm3my4aw6xr071j27n3s.jpg\" data-width=\"300\" data-height=\"300\" aria-label=\"\" role=\"img\" ><\/div>\n\t\t\t\t\t\t\t\t\t\t\t<div class=\"elementor-gallery-item__overlay\"><\/div>\n\t\t\t\t\t\t\t\t\t\t\t\t\t\t\t<div class=\"elementor-gallery-item__content\">\n\t\t\t\t\t\t\t\t\t\t\t\t\t\t<div class=\"elementor-gallery-item__title\">\n\t\t\t\t\t\t\t\t\t\t\t\t\t\t\t\t\t\tGloria Mercedes Zuloaga Lozada\t\t\t\t\t\t\t\t<\/div>\n\t\t\t\t\t\t\t\t\t\t\t\t\t\t\t<div class=\"elementor-gallery-item__description\">\n\t\t\t\t\t\t\t\t\t\t\t\t\t\t\t\t\t\tCo investigadora <br>\nArquitecta y Magister en Restauraci\u00f3n de monumentos Arquitect\u00f3nicos<br>\nProfesora Departamento Arquitectura\t\t\t\t\t\t\t\t<\/div>\n\t\t\t\t\t\t\t\t\t\t\t\t<\/div>\n\t\t\t\t\t\t\t\t\t<\/a>\n\t\t\t\t\t\t\t<a class=\"e-gallery-item elementor-gallery-item elementor-animated-content\" href=\"http:\/\/www.javeriana.edu.co\/construlab\/wp-content\/uploads\/2024\/04\/Roberto-Cuervo-Pulido-1-scaled-e1713297601125.jpg\" data-elementor-open-lightbox=\"no\">\n\t\t\t\t\t<div class=\"e-gallery-image elementor-gallery-item__image\" data-thumbnail=\"http:\/\/www.javeriana.edu.co\/construlab\/wp-content\/uploads\/elementor\/thumbs\/Roberto-Cuervo-Pulido-1-scaled-e1713297601125-r98xmrp3wf5gqjha4jmshanm3my4aw6xr071j27n3s.jpg\" data-width=\"300\" data-height=\"300\" aria-label=\"\" role=\"img\" ><\/div>\n\t\t\t\t\t\t\t\t\t\t\t<div class=\"elementor-gallery-item__overlay\"><\/div>\n\t\t\t\t\t\t\t\t\t\t\t\t\t\t\t<div class=\"elementor-gallery-item__content\">\n\t\t\t\t\t\t\t\t\t\t\t\t\t\t<div class=\"elementor-gallery-item__title\">\n\t\t\t\t\t\t\t\t\t\t\t\t\t\t\t\t\t\tRoberto Cuervo Pulido\t\t\t\t\t\t\t\t<\/div>\n\t\t\t\t\t\t\t\t\t\t\t\t\t\t\t<div class=\"elementor-gallery-item__description\">\n\t\t\t\t\t\t\t\t\t\t\t\t\t\t\t\t\t\tCo investigador <br>\nDise\u00f1ador Industrial, Magister en Mag\u00edster en Planeaci\u00f3n Urbana y Regional y Doctor en Dise\u00f1o y Creaci\u00f3n<br>\nProfesor Departamento Dise\u00f1o\t\t\t\t\t\t\t\t<\/div>\n\t\t\t\t\t\t\t\t\t\t\t\t<\/div>\n\t\t\t\t\t\t\t\t\t<\/a>\n\t\t\t\t\t\t\t<a class=\"e-gallery-item elementor-gallery-item elementor-animated-content\" href=\"http:\/\/www.javeriana.edu.co\/construlab\/wp-content\/uploads\/2024\/04\/Sandra-Carolina-Valbuena-Bermudez-1-e1713297640449.jpg\" data-elementor-open-lightbox=\"no\">\n\t\t\t\t\t<div class=\"e-gallery-image elementor-gallery-item__image\" data-thumbnail=\"http:\/\/www.javeriana.edu.co\/construlab\/wp-content\/uploads\/elementor\/thumbs\/Sandra-Carolina-Valbuena-Bermudez-1-e1713297640449-r98xmrp3wf5gqjha4jmshanm3my4aw6xr071j27n3s.jpg\" data-width=\"300\" data-height=\"300\" aria-label=\"\" role=\"img\" ><\/div>\n\t\t\t\t\t\t\t\t\t\t\t<div class=\"elementor-gallery-item__overlay\"><\/div>\n\t\t\t\t\t\t\t\t\t\t\t\t\t\t\t<div class=\"elementor-gallery-item__content\">\n\t\t\t\t\t\t\t\t\t\t\t\t\t\t<div class=\"elementor-gallery-item__title\">\n\t\t\t\t\t\t\t\t\t\t\t\t\t\t\t\t\t\tSandra Carolina Valbuena Bermudez\t\t\t\t\t\t\t\t<\/div>\n\t\t\t\t\t\t\t\t\t\t\t\t\t\t\t<div class=\"elementor-gallery-item__description\">\n\t\t\t\t\t\t\t\t\t\t\t\t\t\t\t\t\t\tCo investigadora <br>\nArquitecta y Magister en Arquitectura para el Dise\u00f1o Sostenible<br>\nProfesora Departamento Arquitectura\t\t\t\t\t\t\t\t<\/div>\n\t\t\t\t\t\t\t\t\t\t\t\t<\/div>\n\t\t\t\t\t\t\t\t\t<\/a>\n\t\t\t\t\t\t\t<a class=\"e-gallery-item elementor-gallery-item elementor-animated-content\" href=\"http:\/\/www.javeriana.edu.co\/construlab\/wp-content\/uploads\/2024\/04\/Jaime-Andres-Pavlich-Mariscal-e1713297510763.jpg\" data-elementor-open-lightbox=\"no\">\n\t\t\t\t\t<div class=\"e-gallery-image elementor-gallery-item__image\" data-thumbnail=\"http:\/\/www.javeriana.edu.co\/construlab\/wp-content\/uploads\/elementor\/thumbs\/Jaime-Andres-Pavlich-Mariscal-e1713297510763-r98xmrp3wf5gqjha4jmshanm3my4aw6xr071j27n3s.jpg\" data-width=\"300\" data-height=\"300\" aria-label=\"\" role=\"img\" ><\/div>\n\t\t\t\t\t\t\t\t\t\t\t<div class=\"elementor-gallery-item__overlay\"><\/div>\n\t\t\t\t\t\t\t\t\t\t\t\t\t\t\t<div class=\"elementor-gallery-item__content\">\n\t\t\t\t\t\t\t\t\t\t\t\t\t\t<div class=\"elementor-gallery-item__title\">\n\t\t\t\t\t\t\t\t\t\t\t\t\t\t\t\t\t\tJaime Andr\u00e9s Pavlich Mariscal\t\t\t\t\t\t\t\t<\/div>\n\t\t\t\t\t\t\t\t\t\t\t\t\t\t\t<div class=\"elementor-gallery-item__description\">\n\t\t\t\t\t\t\t\t\t\t\t\t\t\t\t\t\t\tCo investigador<br>Ingeniero de Computaci\u00f3n e Inform\u00e1tica y Doctor en Ciencias de la Computaci\u00f3n e Ingenier\u00eda<br>Profesor Departamento Ingenier\u00eda de Sistemas\t\t\t\t\t\t\t\t<\/div>\n\t\t\t\t\t\t\t\t\t\t\t\t<\/div>\n\t\t\t\t\t\t\t\t\t<\/a>\n\t\t\t\t\t<\/div>\n\t\t\t\t\t<\/div>\n\t\t\t\t<\/div>\n\t\t\t\t\t<\/div>\n\t\t\t\t<\/div>\n\t\t\t\t<\/div>\n\t\t","protected":false},"excerpt":{"rendered":"<p>Team Campus 2.0 Daniela Carrasco Beltr\u00e1n Investigadora PrincipalIngeniera Civil, MBA y Magister en Proyectos de Desarrollo Sostenible Profesora Departamento Arquitectura Alejandro Serrano Sierra Co investigadorArquitecto, Mag\u00edster en Arquitectura Profesor Departamento Arquitectura Gloria Mercedes Zuloaga Lozada Co investigadora Arquitecta y Magister en Restauraci\u00f3n de monumentos Arquitect\u00f3nicos Profesora Departamento Arquitectura Roberto Cuervo Pulido Co investigador Dise\u00f1ador Industrial, [&hellip;]<\/p>\n","protected":false},"author":3,"featured_media":0,"parent":0,"menu_order":0,"comment_status":"closed","ping_status":"closed","template":"","meta":{"_acf_changed":false,"footnotes":""},"class_list":["post-10700","page","type-page","status-publish","hentry"],"acf":[],"_links":{"self":[{"href":"http:\/\/www.javeriana.edu.co\/construlab\/index.php?rest_route=\/wp\/v2\/pages\/10700","targetHints":{"allow":["GET"]}}],"collection":[{"href":"http:\/\/www.javeriana.edu.co\/construlab\/index.php?rest_route=\/wp\/v2\/pages"}],"about":[{"href":"http:\/\/www.javeriana.edu.co\/construlab\/index.php?rest_route=\/wp\/v2\/types\/page"}],"author":[{"embeddable":true,"href":"http:\/\/www.javeriana.edu.co\/construlab\/index.php?rest_route=\/wp\/v2\/users\/3"}],"replies":[{"embeddable":true,"href":"http:\/\/www.javeriana.edu.co\/construlab\/index.php?rest_route=%2Fwp%2Fv2%2Fcomments&post=10700"}],"version-history":[{"count":4,"href":"http:\/\/www.javeriana.edu.co\/construlab\/index.php?rest_route=\/wp\/v2\/pages\/10700\/revisions"}],"predecessor-version":[{"id":10705,"href":"http:\/\/www.javeriana.edu.co\/construlab\/index.php?rest_route=\/wp\/v2\/pages\/10700\/revisions\/10705"}],"wp:attachment":[{"href":"http:\/\/www.javeriana.edu.co\/construlab\/index.php?rest_route=%2Fwp%2Fv2%2Fmedia&parent=10700"}],"curies":[{"name":"wp","href":"https:\/\/api.w.org\/{rel}","templated":true}]}}