{"id":8001,"date":"2024-02-24T02:53:24","date_gmt":"2024-02-24T02:53:24","guid":{"rendered":"https:\/\/www.javeriana.edu.co\/construlab\/?page_id=8001"},"modified":"2024-05-21T16:13:27","modified_gmt":"2024-05-21T16:13:27","slug":"microactividades","status":"publish","type":"page","link":"http:\/\/www.javeriana.edu.co\/construlab\/?page_id=8001","title":{"rendered":"MICROACTIVIDADES"},"content":{"rendered":"\t\t<div data-elementor-type=\"wp-page\" data-elementor-id=\"8001\" class=\"elementor elementor-8001\" data-elementor-post-type=\"page\">\n\t\t\t\t<div class=\"elementor-element elementor-element-10b7a50 e-flex e-con-boxed e-con e-parent\" data-id=\"10b7a50\" data-element_type=\"container\">\n\t\t\t\t\t<div class=\"e-con-inner\">\n\t\t\t\t<div class=\"elementor-element elementor-element-97e1eb3 elementor-widget elementor-widget-text-editor\" data-id=\"97e1eb3\" data-element_type=\"widget\" data-widget_type=\"text-editor.default\">\n\t\t\t\t<div class=\"elementor-widget-container\">\n\t\t\t\t\t\t\t\t\t<p>En este cap\u00edtulo, descubrir\u00e1s micro actividades que se llevaron a cabo durante la construcci\u00f3n de los edificios de la Universidad. <br><br>Hemos recopilado algunas de estas tareas importantes en un solo lugar porque son aplicables a cualquier edificio y es importante considerarlas en cualquier proyecto de construcci\u00f3n.<br><span style=\"background-color: var( --e-global-color-setup_wizard_cutom_color_1 ); color: var( --e-global-color-text ); font-family: var( --e-global-typography-text-font-family ), Sans-serif; font-weight: var( --e-global-typography-text-font-weight ); word-spacing: var( --e-global-typography-text-word-spacing );\"><br><\/span><span style=\"background-color: var( --e-global-color-setup_wizard_cutom_color_1 ); color: var( --e-global-color-text ); font-family: var( --e-global-typography-text-font-family ), Sans-serif; font-weight: var( --e-global-typography-text-font-weight ); word-spacing: var( --e-global-typography-text-word-spacing );\">Explora las actividades que encontrar\u00e1s a continuaci\u00f3n:<\/span><\/p>\t\t\t\t\t\t\t\t<\/div>\n\t\t\t\t<\/div>\n\t\t\t\t\t<\/div>\n\t\t\t\t<\/div>\n\t\t<div class=\"elementor-element elementor-element-fb74c49 e-flex e-con-boxed e-con e-parent\" data-id=\"fb74c49\" data-element_type=\"container\" data-settings=\"{&quot;background_background&quot;:&quot;classic&quot;}\">\n\t\t\t\t\t<div class=\"e-con-inner\">\n\t\t<div class=\"elementor-element elementor-element-21c9530 e-con-full e-flex e-con e-child\" data-id=\"21c9530\" data-element_type=\"container\" data-settings=\"{&quot;background_background&quot;:&quot;gradient&quot;}\">\n\t\t\t\t<div class=\"elementor-element elementor-element-dac080a elementor-widget elementor-widget-heading\" data-id=\"dac080a\" data-element_type=\"widget\" data-widget_type=\"heading.default\">\n\t\t\t\t<div class=\"elementor-widget-container\">\n\t\t\t\t\t<h2 class=\"elementor-heading-title elementor-size-default\"><a href=\"\/construlab\/?page_id=10168\">Pulido de concreto<\/a><\/h2>\t\t\t\t<\/div>\n\t\t\t\t<\/div>\n\t\t\t\t<\/div>\n\t\t<div class=\"elementor-element elementor-element-ac8e599 e-con-full e-flex e-con e-child\" data-id=\"ac8e599\" data-element_type=\"container\" data-settings=\"{&quot;background_background&quot;:&quot;gradient&quot;}\">\n\t\t\t\t<div class=\"elementor-element elementor-element-87281f4 elementor-widget elementor-widget-heading\" data-id=\"87281f4\" data-element_type=\"widget\" data-widget_type=\"heading.default\">\n\t\t\t\t<div class=\"elementor-widget-container\">\n\t\t\t\t\t<h2 class=\"elementor-heading-title elementor-size-default\"><a href=\"\/construlab\/?page_id=10170\">Vibrado de concreto<\/a><\/h2>\t\t\t\t<\/div>\n\t\t\t\t<\/div>\n\t\t\t\t<\/div>\n\t\t<div class=\"elementor-element elementor-element-c544c59 e-con-full e-flex e-con e-child\" data-id=\"c544c59\" data-element_type=\"container\" data-settings=\"{&quot;background_background&quot;:&quot;gradient&quot;}\">\n\t\t\t\t<div class=\"elementor-element elementor-element-6bfd5b3 elementor-widget elementor-widget-heading\" data-id=\"6bfd5b3\" data-element_type=\"widget\" data-widget_type=\"heading.default\">\n\t\t\t\t<div class=\"elementor-widget-container\">\n\t\t\t\t\t<h2 class=\"elementor-heading-title elementor-size-default\"><a href=\"\/construlab\/?page_id=10181\">Izaje de estructura met\u00e1lica<\/a><\/h2>\t\t\t\t<\/div>\n\t\t\t\t<\/div>\n\t\t\t\t<\/div>\n\t\t<div class=\"elementor-element elementor-element-7970d75 e-con-full e-flex e-con e-child\" data-id=\"7970d75\" data-element_type=\"container\" data-settings=\"{&quot;background_background&quot;:&quot;gradient&quot;}\">\n\t\t\t\t<div class=\"elementor-element elementor-element-af6c261 elementor-widget elementor-widget-heading\" data-id=\"af6c261\" data-element_type=\"widget\" data-widget_type=\"heading.default\">\n\t\t\t\t<div class=\"elementor-widget-container\">\n\t\t\t\t\t<h2 class=\"elementor-heading-title elementor-size-default\"><a href=\"\/construlab\/?page_id=10183\">Figurado de acero<\/a><\/h2>\t\t\t\t<\/div>\n\t\t\t\t<\/div>\n\t\t\t\t<\/div>\n\t\t<div class=\"elementor-element elementor-element-6987706 e-con-full e-flex e-con e-child\" data-id=\"6987706\" data-element_type=\"container\" data-settings=\"{&quot;background_background&quot;:&quot;gradient&quot;}\">\n\t\t\t\t<div class=\"elementor-element elementor-element-b65dfb3 elementor-widget elementor-widget-heading\" data-id=\"b65dfb3\" data-element_type=\"widget\" data-widget_type=\"heading.default\">\n\t\t\t\t<div class=\"elementor-widget-container\">\n\t\t\t\t\t<h2 class=\"elementor-heading-title elementor-size-default\"><a href=\"\/construlab\/?page_id=10198\">Impermeabilizaci\u00f3n con poliurea<\/a><\/h2>\t\t\t\t<\/div>\n\t\t\t\t<\/div>\n\t\t\t\t<\/div>\n\t\t<div class=\"elementor-element elementor-element-1cc9d09 e-con-full e-flex e-con e-child\" data-id=\"1cc9d09\" data-element_type=\"container\" data-settings=\"{&quot;background_background&quot;:&quot;gradient&quot;}\">\n\t\t\t\t<div class=\"elementor-element elementor-element-85cc342 elementor-widget elementor-widget-heading\" data-id=\"85cc342\" data-element_type=\"widget\" data-widget_type=\"heading.default\">\n\t\t\t\t<div class=\"elementor-widget-container\">\n\t\t\t\t\t<h2 class=\"elementor-heading-title elementor-size-default\"><a href=\"\/construlab\/?page_id=10208\">Reforzamiento muro de mamposter\u00eda<\/a><\/h2>\t\t\t\t<\/div>\n\t\t\t\t<\/div>\n\t\t\t\t<\/div>\n\t\t<div class=\"elementor-element elementor-element-d95c4fc e-con-full e-flex e-con e-child\" data-id=\"d95c4fc\" data-element_type=\"container\" data-settings=\"{&quot;background_background&quot;:&quot;gradient&quot;}\">\n\t\t\t\t<div class=\"elementor-element elementor-element-d957b05 elementor-widget elementor-widget-heading\" data-id=\"d957b05\" data-element_type=\"widget\" data-widget_type=\"heading.default\">\n\t\t\t\t<div class=\"elementor-widget-container\">\n\t\t\t\t\t<h2 class=\"elementor-heading-title elementor-size-default\"><a href=\"\/construlab\/?page_id=10213\">Concreto reforzado con fibras de acero<\/a><\/h2>\t\t\t\t<\/div>\n\t\t\t\t<\/div>\n\t\t\t\t<\/div>\n\t\t<div class=\"elementor-element elementor-element-cd71860 e-con-full e-flex e-con e-child\" data-id=\"cd71860\" data-element_type=\"container\" data-settings=\"{&quot;background_background&quot;:&quot;gradient&quot;}\">\n\t\t\t\t<div class=\"elementor-element elementor-element-1362d37 elementor-widget elementor-widget-heading\" data-id=\"1362d37\" data-element_type=\"widget\" data-widget_type=\"heading.default\">\n\t\t\t\t<div class=\"elementor-widget-container\">\n\t\t\t\t\t<h2 class=\"elementor-heading-title elementor-size-default\"><a href=\"\/construlab\/?page_id=10218\">Instalaciones Sanitarias<\/a><\/h2>\t\t\t\t<\/div>\n\t\t\t\t<\/div>\n\t\t\t\t<\/div>\n\t\t\t\t\t<\/div>\n\t\t\t\t<\/div>\n\t\t\t\t<\/div>\n\t\t","protected":false},"excerpt":{"rendered":"<p>En este cap\u00edtulo, descubrir\u00e1s micro actividades que se llevaron a cabo durante la construcci\u00f3n de los edificios de la Universidad. Hemos recopilado algunas de estas tareas importantes en un solo lugar porque son aplicables a cualquier edificio y es importante considerarlas en cualquier proyecto de construcci\u00f3n. Explora las actividades que encontrar\u00e1s a continuaci\u00f3n: Pulido de [&hellip;]<\/p>\n","protected":false},"author":3,"featured_media":0,"parent":0,"menu_order":0,"comment_status":"closed","ping_status":"closed","template":"","meta":{"_acf_changed":false,"footnotes":""},"class_list":["post-8001","page","type-page","status-publish","hentry"],"acf":[],"_links":{"self":[{"href":"http:\/\/www.javeriana.edu.co\/construlab\/index.php?rest_route=\/wp\/v2\/pages\/8001","targetHints":{"allow":["GET"]}}],"collection":[{"href":"http:\/\/www.javeriana.edu.co\/construlab\/index.php?rest_route=\/wp\/v2\/pages"}],"about":[{"href":"http:\/\/www.javeriana.edu.co\/construlab\/index.php?rest_route=\/wp\/v2\/types\/page"}],"author":[{"embeddable":true,"href":"http:\/\/www.javeriana.edu.co\/construlab\/index.php?rest_route=\/wp\/v2\/users\/3"}],"replies":[{"embeddable":true,"href":"http:\/\/www.javeriana.edu.co\/construlab\/index.php?rest_route=%2Fwp%2Fv2%2Fcomments&post=8001"}],"version-history":[{"count":85,"href":"http:\/\/www.javeriana.edu.co\/construlab\/index.php?rest_route=\/wp\/v2\/pages\/8001\/revisions"}],"predecessor-version":[{"id":10426,"href":"http:\/\/www.javeriana.edu.co\/construlab\/index.php?rest_route=\/wp\/v2\/pages\/8001\/revisions\/10426"}],"wp:attachment":[{"href":"http:\/\/www.javeriana.edu.co\/construlab\/index.php?rest_route=%2Fwp%2Fv2%2Fmedia&parent=8001"}],"curies":[{"name":"wp","href":"https:\/\/api.w.org\/{rel}","templated":true}]}}