{"id":8960,"date":"2024-04-17T17:03:00","date_gmt":"2024-04-17T17:03:00","guid":{"rendered":"https:\/\/www.javeriana.edu.co\/construlab\/?page_id=8960"},"modified":"2024-04-24T14:18:48","modified_gmt":"2024-04-24T14:18:48","slug":"design-factory","status":"publish","type":"page","link":"http:\/\/www.javeriana.edu.co\/construlab\/?page_id=8960","title":{"rendered":"Laboratorios Design Factory"},"content":{"rendered":"\t\t<div data-elementor-type=\"wp-page\" data-elementor-id=\"8960\" class=\"elementor elementor-8960\" data-elementor-post-type=\"page\">\n\t\t\t\t<div class=\"elementor-element elementor-element-5a8e457 e-flex e-con-boxed e-con e-parent\" data-id=\"5a8e457\" data-element_type=\"container\">\n\t\t\t\t\t<div class=\"e-con-inner\">\n\t\t\t\t<div class=\"elementor-element elementor-element-1066c89 elementor-widget elementor-widget-heading\" data-id=\"1066c89\" data-element_type=\"widget\" data-widget_type=\"heading.default\">\n\t\t\t\t<div class=\"elementor-widget-container\">\n\t\t\t\t\t<h2 class=\"elementor-heading-title elementor-size-default\">Design Factory Javeriana Bogot\u00e1<\/h2>\t\t\t\t<\/div>\n\t\t\t\t<\/div>\n\t\t\t\t\t<\/div>\n\t\t\t\t<\/div>\n\t\t<div class=\"elementor-element elementor-element-f0a1403 e-flex e-con-boxed e-con e-parent\" data-id=\"f0a1403\" data-element_type=\"container\">\n\t\t\t\t\t<div class=\"e-con-inner\">\n\t\t\t\t<div class=\"elementor-element elementor-element-0ffad63 elementor-arrows-position-inside elementor-pagination-position-outside elementor-widget elementor-widget-image-carousel\" data-id=\"0ffad63\" data-element_type=\"widget\" data-settings=\"{&quot;slides_to_show&quot;:&quot;3&quot;,&quot;slides_to_scroll&quot;:&quot;2&quot;,&quot;image_spacing_custom&quot;:{&quot;unit&quot;:&quot;px&quot;,&quot;size&quot;:13,&quot;sizes&quot;:[]},&quot;navigation&quot;:&quot;both&quot;,&quot;autoplay&quot;:&quot;yes&quot;,&quot;pause_on_hover&quot;:&quot;yes&quot;,&quot;pause_on_interaction&quot;:&quot;yes&quot;,&quot;autoplay_speed&quot;:5000,&quot;infinite&quot;:&quot;yes&quot;,&quot;speed&quot;:500,&quot;image_spacing_custom_tablet&quot;:{&quot;unit&quot;:&quot;px&quot;,&quot;size&quot;:&quot;&quot;,&quot;sizes&quot;:[]},&quot;image_spacing_custom_mobile&quot;:{&quot;unit&quot;:&quot;px&quot;,&quot;size&quot;:&quot;&quot;,&quot;sizes&quot;:[]}}\" data-widget_type=\"image-carousel.default\">\n\t\t\t\t<div class=\"elementor-widget-container\">\n\t\t\t\t\t\t\t<div class=\"elementor-image-carousel-wrapper swiper\" role=\"region\" aria-roledescription=\"carousel\" aria-label=\"Carrusel de im\u00e1genes\" dir=\"ltr\">\n\t\t\t<div class=\"elementor-image-carousel swiper-wrapper\" aria-live=\"off\">\n\t\t\t\t\t\t\t\t<div class=\"swiper-slide\" role=\"group\" aria-roledescription=\"slide\" aria-label=\"1 de 7\"><figure class=\"swiper-slide-inner\"><img decoding=\"async\" class=\"swiper-slide-image\" src=\"http:\/\/www.javeriana.edu.co\/construlab\/wp-content\/uploads\/elementor\/thumbs\/20230609_191020-r98xmrp6c4prhyggmaoo6cibsgx6cin6x3vjswn44g.jpg\" alt=\"20230609_191020\" \/><\/figure><\/div><div class=\"swiper-slide\" role=\"group\" aria-roledescription=\"slide\" aria-label=\"2 de 7\"><figure class=\"swiper-slide-inner\"><img decoding=\"async\" class=\"swiper-slide-image\" src=\"http:\/\/www.javeriana.edu.co\/construlab\/wp-content\/uploads\/elementor\/thumbs\/20230826_084238-scaled-r98xmrp6c4prhyggmaoo6cibsgx6cin6x3vjswn44g.jpg\" alt=\"20230826_084238\" \/><\/figure><\/div><div class=\"swiper-slide\" role=\"group\" aria-roledescription=\"slide\" aria-label=\"3 de 7\"><figure class=\"swiper-slide-inner\"><img decoding=\"async\" class=\"swiper-slide-image\" src=\"http:\/\/www.javeriana.edu.co\/construlab\/wp-content\/uploads\/elementor\/thumbs\/20230826_112428-r98xmrp6c4prhyggmaoo6cibsgx6cin6x3vjswn44g.jpg\" alt=\"20230826_112428\" \/><\/figure><\/div><div class=\"swiper-slide\" role=\"group\" aria-roledescription=\"slide\" aria-label=\"4 de 7\"><figure class=\"swiper-slide-inner\"><img decoding=\"async\" class=\"swiper-slide-image\" src=\"http:\/\/www.javeriana.edu.co\/construlab\/wp-content\/uploads\/elementor\/thumbs\/1000037225-01-r98xmrp6c4prhyggmaoo6cibsgx6cin6x3vjswn44g.jpeg\" alt=\"1000037225-01\" \/><\/figure><\/div><div class=\"swiper-slide\" role=\"group\" aria-roledescription=\"slide\" aria-label=\"5 de 7\"><figure class=\"swiper-slide-inner\"><img decoding=\"async\" class=\"swiper-slide-image\" src=\"http:\/\/www.javeriana.edu.co\/construlab\/wp-content\/uploads\/elementor\/thumbs\/IMG_20230129_124334_659-r98xmrp6c4prhyggmaoo6cibsgx6cin6x3vjswn44g.jpg\" alt=\"IMG_20230129_124334_659\" \/><\/figure><\/div><div class=\"swiper-slide\" role=\"group\" aria-roledescription=\"slide\" aria-label=\"6 de 7\"><figure class=\"swiper-slide-inner\"><img decoding=\"async\" class=\"swiper-slide-image\" src=\"http:\/\/www.javeriana.edu.co\/construlab\/wp-content\/uploads\/elementor\/thumbs\/IMG-20230818-WA0034-r98xmrp6c4prhyggmaoo6cibsgx6cin6x3vjswn44g.jpg\" alt=\"IMG-20230818-WA0034\" \/><\/figure><\/div><div class=\"swiper-slide\" role=\"group\" aria-roledescription=\"slide\" aria-label=\"7 de 7\"><figure class=\"swiper-slide-inner\"><img decoding=\"async\" class=\"swiper-slide-image\" src=\"http:\/\/www.javeriana.edu.co\/construlab\/wp-content\/uploads\/elementor\/thumbs\/IMG-20231124-WA0034-r98xmrp6c4prhyggmaoo6cibsgx6cin6x3vjswn44g.jpg\" alt=\"IMG-20231124-WA0034\" \/><\/figure><\/div>\t\t\t<\/div>\n\t\t\t\t\t\t\t\t\t\t\t\t<div class=\"elementor-swiper-button elementor-swiper-button-prev\" role=\"button\" tabindex=\"0\">\n\t\t\t\t\t\t<svg aria-hidden=\"true\" class=\"e-font-icon-svg e-eicon-chevron-left\" viewBox=\"0 0 1000 1000\" xmlns=\"http:\/\/www.w3.org\/2000\/svg\"><path d=\"M646 125C629 125 613 133 604 142L308 442C296 454 292 471 292 487 292 504 296 521 308 533L604 854C617 867 629 875 646 875 663 875 679 871 692 858 704 846 713 829 713 812 713 796 708 779 692 767L438 487 692 225C700 217 708 204 708 187 708 171 704 154 692 142 675 129 663 125 646 125Z\"><\/path><\/svg>\t\t\t\t\t<\/div>\n\t\t\t\t\t<div class=\"elementor-swiper-button elementor-swiper-button-next\" role=\"button\" tabindex=\"0\">\n\t\t\t\t\t\t<svg aria-hidden=\"true\" class=\"e-font-icon-svg e-eicon-chevron-right\" viewBox=\"0 0 1000 1000\" xmlns=\"http:\/\/www.w3.org\/2000\/svg\"><path d=\"M696 533C708 521 713 504 713 487 713 471 708 454 696 446L400 146C388 133 375 125 354 125 338 125 325 129 313 142 300 154 292 171 292 187 292 204 296 221 308 233L563 492 304 771C292 783 288 800 288 817 288 833 296 850 308 863 321 871 338 875 354 875 371 875 388 867 400 854L696 533Z\"><\/path><\/svg>\t\t\t\t\t<\/div>\n\t\t\t\t\n\t\t\t\t\t\t\t\t\t<div class=\"swiper-pagination\"><\/div>\n\t\t\t\t\t\t\t\t\t<\/div>\n\t\t\t\t\t\t<\/div>\n\t\t\t\t<\/div>\n\t\t\t\t\t<\/div>\n\t\t\t\t<\/div>\n\t\t<div class=\"elementor-element elementor-element-92ff6b3 e-flex e-con-boxed e-con e-parent\" data-id=\"92ff6b3\" data-element_type=\"container\">\n\t\t\t\t\t<div class=\"e-con-inner\">\n\t\t\t\t<div class=\"elementor-element elementor-element-0278589 elementor-widget elementor-widget-text-editor\" data-id=\"0278589\" data-element_type=\"widget\" data-widget_type=\"text-editor.default\">\n\t\t\t\t<div class=\"elementor-widget-container\">\n\t\t\t\t\t\t\t\t\t<p>Como parte de la Design Factory Global Network (DFGN), nos enfocamos en proyectos interdisciplinarios, promoviendo la innovaci\u00f3n y el dise\u00f1o creativo de productos y servicios.<br \/><span style=\"background-color: var( --e-global-color-setup_wizard_cutom_color_1 ); color: var( --e-global-color-text ); font-family: var( --e-global-typography-text-font-family ), Sans-serif; font-weight: var( --e-global-typography-text-font-weight ); word-spacing: var( --e-global-typography-text-word-spacing );\"><br \/>Los servicios que ofrecemos se centran en:<br \/><\/span><span style=\"background-color: var( --e-global-color-setup_wizard_cutom_color_1 ); color: var( --e-global-color-text ); font-family: var( --e-global-typography-text-font-family ), Sans-serif; font-weight: var( --e-global-typography-text-font-weight ); word-spacing: var( --e-global-typography-text-word-spacing );\"><br \/>1. Espacio y materiales para actividades de colaboraci\u00f3n, charlas, conversatorios, talleres de ideaci\u00f3n y prototipados de etapa temprana o de baja resoluci\u00f3n.<br \/><\/span><span style=\"background-color: var( --e-global-color-setup_wizard_cutom_color_1 ); color: var( --e-global-color-text ); font-family: var( --e-global-typography-text-font-family ), Sans-serif; font-weight: var( --e-global-typography-text-font-weight ); word-spacing: var( --e-global-typography-text-word-spacing );\"><br \/>2. Nos articulamos a la red de Laboratorios de la Facultad de Arquitectura y Dise\u00f1o.<br \/><\/span><span style=\"background-color: var( --e-global-color-setup_wizard_cutom_color_1 ); color: var( --e-global-color-text ); font-family: var( --e-global-typography-text-font-family ), Sans-serif; font-weight: var( --e-global-typography-text-font-weight ); word-spacing: var( --e-global-typography-text-word-spacing );\"><br \/>3. Talleres de innovaci\u00f3n, como Backcasting, prospectiva y dise\u00f1o de futuros, y Product Development in 6 hours (PD6).<br \/><\/span><span style=\"background-color: var( --e-global-color-setup_wizard_cutom_color_1 ); color: var( --e-global-color-text ); font-family: var( --e-global-typography-text-font-family ), Sans-serif; font-weight: var( --e-global-typography-text-font-weight ); word-spacing: var( --e-global-typography-text-word-spacing );\"><br \/>4. Actividades y proyectos de innovaci\u00f3n con actores internos y externos de la PUJ, incluyendo las instituciones asociadas a la DFGN.<br \/><\/span><span style=\"background-color: var( --e-global-color-setup_wizard_cutom_color_1 ); color: var( --e-global-color-text ); font-family: var( --e-global-typography-text-font-family ), Sans-serif; font-weight: var( --e-global-typography-text-font-weight ); word-spacing: var( --e-global-typography-text-word-spacing );\"><br \/>Para reservas de espacio o actividades, escribir un correo a Lucas R. Ivorra Pe\u00f1afort, Coordinador del Design Factory Javeriana Bogot\u00e1 a ivorral@javeriana.edu.co.<br \/><\/span><span style=\"background-color: var( --e-global-color-setup_wizard_cutom_color_1 ); color: var( --e-global-color-text ); font-family: var( --e-global-typography-text-font-family ), Sans-serif; font-weight: var( --e-global-typography-text-font-weight ); word-spacing: var( --e-global-typography-text-word-spacing );\"><br \/>Recomendamos tener definido lo siguiente antes de escribir el email y\/o coordinar una reuni\u00f3n:<br \/><\/span><span style=\"background-color: var( --e-global-color-setup_wizard_cutom_color_1 ); color: var( --e-global-color-text ); font-family: var( --e-global-typography-text-font-family ), Sans-serif; font-weight: var( --e-global-typography-text-font-weight ); word-spacing: var( --e-global-typography-text-word-spacing );\"><br \/>\u00a0&#8211; Alcance: \u00bfQu\u00e9 quieren hacer y qu\u00e9 quieren lograr?<br \/><\/span><span style=\"background-color: var( --e-global-color-setup_wizard_cutom_color_1 ); color: var( --e-global-color-text ); font-family: var( --e-global-typography-text-font-family ), Sans-serif; font-weight: var( --e-global-typography-text-font-weight ); word-spacing: var( --e-global-typography-text-word-spacing );\">\u00a0 &#8211; Recursos disponibles para realizar la actividad.<br \/><\/span><span style=\"background-color: var( --e-global-color-setup_wizard_cutom_color_1 ); color: var( --e-global-color-text ); font-family: var( --e-global-typography-text-font-family ), Sans-serif; font-weight: var( --e-global-typography-text-font-weight ); word-spacing: var( --e-global-typography-text-word-spacing );\">\u00a0 &#8211; Recursos que necesitan para realizar la actividad.<br \/><\/span><span style=\"background-color: var( --e-global-color-setup_wizard_cutom_color_1 ); color: var( --e-global-color-text ); font-family: var( --e-global-typography-text-font-family ), Sans-serif; font-weight: var( --e-global-typography-text-font-weight ); word-spacing: var( --e-global-typography-text-word-spacing );\">\u00a0 &#8211; Tiempo requerido para la actividad.<br \/><\/span><span style=\"background-color: var( --e-global-color-setup_wizard_cutom_color_1 ); color: var( --e-global-color-text ); font-family: var( --e-global-typography-text-font-family ), Sans-serif; font-weight: var( --e-global-typography-text-font-weight ); word-spacing: var( --e-global-typography-text-word-spacing );\">\u00a0 &#8211; Metas que tengan: ej., desarrollar un proyecto en m\u00e1ximo 6 meses.<\/span><\/p>\t\t\t\t\t\t\t\t<\/div>\n\t\t\t\t<\/div>\n\t\t\t\t\t<\/div>\n\t\t\t\t<\/div>\n\t\t\t\t<\/div>\n\t\t","protected":false},"excerpt":{"rendered":"<p>Design Factory Javeriana Bogot\u00e1 Como parte de la Design Factory Global Network (DFGN), nos enfocamos en proyectos interdisciplinarios, promoviendo la innovaci\u00f3n y el dise\u00f1o creativo de productos y servicios. Los servicios que ofrecemos se centran en: 1. Espacio y materiales para actividades de colaboraci\u00f3n, charlas, conversatorios, talleres de ideaci\u00f3n y prototipados de etapa temprana o [&hellip;]<\/p>\n","protected":false},"author":3,"featured_media":0,"parent":0,"menu_order":0,"comment_status":"closed","ping_status":"closed","template":"","meta":{"_acf_changed":false,"footnotes":""},"class_list":["post-8960","page","type-page","status-publish","hentry"],"acf":[],"_links":{"self":[{"href":"http:\/\/www.javeriana.edu.co\/construlab\/index.php?rest_route=\/wp\/v2\/pages\/8960","targetHints":{"allow":["GET"]}}],"collection":[{"href":"http:\/\/www.javeriana.edu.co\/construlab\/index.php?rest_route=\/wp\/v2\/pages"}],"about":[{"href":"http:\/\/www.javeriana.edu.co\/construlab\/index.php?rest_route=\/wp\/v2\/types\/page"}],"author":[{"embeddable":true,"href":"http:\/\/www.javeriana.edu.co\/construlab\/index.php?rest_route=\/wp\/v2\/users\/3"}],"replies":[{"embeddable":true,"href":"http:\/\/www.javeriana.edu.co\/construlab\/index.php?rest_route=%2Fwp%2Fv2%2Fcomments&post=8960"}],"version-history":[{"count":23,"href":"http:\/\/www.javeriana.edu.co\/construlab\/index.php?rest_route=\/wp\/v2\/pages\/8960\/revisions"}],"predecessor-version":[{"id":9442,"href":"http:\/\/www.javeriana.edu.co\/construlab\/index.php?rest_route=\/wp\/v2\/pages\/8960\/revisions\/9442"}],"wp:attachment":[{"href":"http:\/\/www.javeriana.edu.co\/construlab\/index.php?rest_route=%2Fwp%2Fv2%2Fmedia&parent=8960"}],"curies":[{"name":"wp","href":"https:\/\/api.w.org\/{rel}","templated":true}]}}