{"id":1479,"date":"2022-06-10T19:00:11","date_gmt":"2022-06-10T19:00:11","guid":{"rendered":"http:\/\/www.javeriana.edu.co\/detodoelmundo\/?page_id=1479"},"modified":"2024-08-20T14:48:26","modified_gmt":"2024-08-20T14:48:26","slug":"maestrias","status":"publish","type":"page","link":"http:\/\/www.javeriana.edu.co\/detodoelmundo\/maestrias\/","title":{"rendered":"Maestr\u00eda"},"content":{"rendered":"<p>[et_pb_section bb_built=&#8221;1&#8243; fullwidth=&#8221;on&#8221; _builder_version=&#8221;3.0.91&#8243; custom_padding=&#8221;0px|0px|1px|0px&#8221;][et_pb_fullwidth_slider _builder_version=&#8221;3.0.91&#8243; custom_padding=&#8221;25%|||&#8221; auto=&#8221;on&#8221; auto_speed=&#8221;6000&#8243;]<\/p>\n<p>[et_pb_slide use_bg_overlay=&#8221;off&#8221; use_text_overlay=&#8221;off&#8221; admin_title=&#8221;Imagen1&#8243; _builder_version=&#8221;3.0.91&#8243; background_image=&#8221;https:\/\/www.javeriana.edu.co\/detodoelmundo\/wp-content\/uploads\/2022\/06\/banner-para-web-1.jpg&#8221; custom_padding=&#8221;|||&#8221;][\/et_pb_slide]<\/p>\n<p>[\/et_pb_fullwidth_slider][\/et_pb_section][et_pb_section bb_built=&#8221;1&#8243; _builder_version=&#8221;3.0.91&#8243; custom_margin=&#8221;0px|||&#8221; custom_padding=&#8221;0px|||&#8221; custom_css_main_element=&#8221;z-index:9999;&#8221;][et_pb_row make_fullwidth=&#8221;on&#8221; use_custom_gutter=&#8221;on&#8221; gutter_width=&#8221;1&#8243; custom_padding=&#8221;0px||0px|&#8221; custom_margin=&#8221;0px||0px|&#8221; _builder_version=&#8221;3.0.91&#8243;][et_pb_column type=&#8221;4_4&#8243;][et_pb_divider admin_label=&#8221;Divider_TOP&#8221; color=&#8221;#e36b30&#8243; show_divider=&#8221;on&#8221; divider_weight=&#8221;15px&#8221; _builder_version=&#8221;3.0.91&#8243; custom_margin=&#8221;0px||-8px|&#8221; custom_padding=&#8221;0px||0px|&#8221; custom_css_after=&#8221;content: %22%22;||width: 92px!important;||height: 62px;||background-color: transparent;||position: relative;||display: block;||padding: 0px;||margin-left: auto;||margin-right: auto;||margin-top: -28px;||background-image: url(\/detodoelmundo\/wp-content\/uploads\/2017\/10\/triangulillo.png);&#8221; \/][\/et_pb_column][\/et_pb_row][\/et_pb_section][et_pb_section bb_built=&#8221;1&#8243; _builder_version=&#8221;3.0.47&#8243; custom_padding=&#8221;|0px||0px&#8221;][et_pb_row custom_padding=&#8221;27px|0px|27px|34px&#8221; _builder_version=&#8221;3.0.47&#8243; background_size=&#8221;initial&#8221; background_position=&#8221;top_left&#8221; background_repeat=&#8221;repeat&#8221;][et_pb_column type=&#8221;2_3&#8243;][et_pb_video src=&#8221;https:\/\/www.youtube.com\/watch?v=XIQaGUbLSm4&#8243; _builder_version=&#8221;3.0.91&#8243; \/][\/et_pb_column][et_pb_column type=&#8221;1_3&#8243;][et_pb_text _builder_version=&#8221;3.0.91&#8243;]<\/p>\n<p><span style=\"font-size: x-large; color: #18b1aa;\"><strong>\u00bfQu\u00e9 aprender\u00e1s en la Maestr\u00eda en Estudios Cr\u00edticos de las Migraciones Contempor\u00e1neas ?<\/strong><\/span><\/p>\n<p>Se trata de un programa en modalidad 100% virtual con \u00e9nfasis en investigaci\u00f3n aplicada, orientada a generar transformaciones sociales, que promueve el trabajo colaborativo y en red. Ofrece una perspectiva cr\u00edtica que cuestiona los binarismos tradicionales en el estudio de las migraciones (forzada \u2013 voluntaria, regular-irregular, interna &#8211; internacional), supera la dicotom\u00eda entre teor\u00eda y praxis, y reconoce el nexo entre la epistemolog\u00eda y la postura \u00e9tico-pol\u00edtica de las investigaciones, donde los sujetos migrantes son el centro.<\/p>\n<p>[\/et_pb_text][\/et_pb_column][\/et_pb_row][\/et_pb_section][et_pb_section bb_built=&#8221;1&#8243; fullwidth=&#8221;on&#8221; _builder_version=&#8221;3.0.47&#8243; custom_padding=&#8221;0px|0px|0px|0px&#8221;][et_pb_fullwidth_header button_one_text=&#8221;Ver plan de estudios&#8221; button_one_url=&#8221;https:\/\/www.javeriana.edu.co\/smartschool\/planes\/PLAN-MECMV.pdf&#8221; _builder_version=&#8221;3.0.91&#8243; title_font=&#8221;||||||||&#8221; title_text_align=&#8221;left&#8221; title_font_size=&#8221;18px&#8221; content_font=&#8221;|700|||||||&#8221; content_font_size=&#8221;24px&#8221; content_line_height=&#8221;1.1em&#8221; background_image=&#8221;https:\/\/www.javeriana.edu.co\/detodoelmundo\/wp-content\/uploads\/2022\/06\/Dise\u00f1o-sin-t\u00edtulo-3.jpg&#8221;]<\/p>\n<p><span style=\"color: #18b1aa;\">Plan de estudios de la Maestr\u00eda en<\/span><\/p>\n<p><span style=\"color: #18b1aa;\">Estudios Cr\u00edticos de las Migraciones<\/span><\/p>\n<p><span style=\"color: #18b1aa;\">Contempor\u00e1neas<\/span><\/p>\n<p>&nbsp;<\/p>\n<h1><span style=\"color: #000000; font-size: medium;\">El plan de estudios de la Maestr\u00eda en <\/span><\/h1>\n<h1><span style=\"color: #000000; font-size: medium;\">Estudios Cr\u00edticos de las Migraciones <\/span><\/h1>\n<h1><span style=\"color: #000000; font-size: medium;\">Contempor\u00e1neas se organiza en dos <\/span><\/h1>\n<h1><span style=\"color: #000000; font-size: medium;\">componentes formativos: <\/span><\/h1>\n<h1><span style=\"color: #000000; font-size: medium;\">fundamentaci\u00f3n y profundizaci\u00f3n.<\/span><\/h1>\n<h1><span style=\"color: #000000; font-size: medium;\">El programa se desarrolla a trav\u00e9s <\/span><\/h1>\n<h1><span style=\"color: #000000; font-size: medium;\">de la metodolog\u00eda virtual.<\/span><\/h1>\n<h1><span style=\"color: #000000; font-size: medium;\"><\/span><\/h1>\n<h1><span style=\"color: #000000; font-size: medium;\">Total cr\u00e9ditos &#8211; 40<\/span><\/h1>\n<p>[\/et_pb_fullwidth_header][\/et_pb_section][et_pb_section bb_built=&#8221;1&#8243; _builder_version=&#8221;3.0.47&#8243;][et_pb_row make_fullwidth=&#8221;on&#8221; use_custom_gutter=&#8221;on&#8221; gutter_width=&#8221;1&#8243; custom_padding=&#8221;0px||0px|&#8221; custom_margin=&#8221;0px||0px|&#8221; padding_top_1=&#8221;0px&#8221; padding_bottom_1=&#8221;0px&#8221; _builder_version=&#8221;3.0.91&#8243;][et_pb_column type=&#8221;4_4&#8243;][et_pb_divider admin_label=&#8221;Divider_BOTTOM&#8221; color=&#8221;#e36b30&#8243; show_divider=&#8221;on&#8221; divider_weight=&#8221;15px&#8221; _builder_version=&#8221;3.0.91&#8243; custom_margin=&#8221;0px||-8px|&#8221; custom_padding=&#8221;0px||0px|&#8221; custom_css_after=&#8221;content: %22%22;||width: 92px!important;||height: 62px;||background-color: transparent;||position: relative;||display: block;||padding: 0px;||margin-left: auto;||margin-right: auto;||margin-top: -66px;||background-image: url(\/detodoelmundo\/wp-content\/uploads\/2017\/10\/triangulillo.png);||-ms-transform: rotate(180deg); \/* IE 9 *\/|| -webkit-transform: rotate(180deg); \/* Chrome, Safari, Opera *\/|| transform: rotate(180deg);&#8221; \/][\/et_pb_column][\/et_pb_row][\/et_pb_section][et_pb_section bb_built=&#8221;1&#8243; _builder_version=&#8221;3.0.47&#8243;][et_pb_row custom_padding=&#8221;27px|0px|0px|0px&#8221; _builder_version=&#8221;3.0.47&#8243; background_size=&#8221;initial&#8221; background_position=&#8221;top_left&#8221; background_repeat=&#8221;repeat&#8221;][et_pb_column type=&#8221;4_4&#8243;][et_pb_text _builder_version=&#8221;3.0.91&#8243;]<\/p>\n<p>\u00a0 \u00a0 \u00a0 \u00a0 \u00a0 \u00a0 \u00a0 \u00a0 \u00a0 \u00a0 \u00a0 \u00a0 \u00a0 \u00a0 \u00a0 \u00a0 \u00a0 \u00a0 \u00a0 \u00a0 \u00a0 \u00a0 \u00a0 \u00a0 \u00a0 \u00a0 \u00a0 \u00a0 \u00a0 \u00a0 \u00a0 \u00a0 \u00a0 \u00a0 \u00a0 \u00a0 \u00a0 \u00a0 \u00a0 \u00a0 \u00a0 \u00a0 \u00a0 \u00a0 \u00a0 \u00a0<span style=\"font-size: xx-large; color: #18b1aa;\"> <strong>Profesores<\/strong><\/span><\/p>\n<p>[\/et_pb_text][\/et_pb_column][\/et_pb_row][\/et_pb_section][et_pb_section bb_built=&#8221;1&#8243; _builder_version=&#8221;3.0.47&#8243; custom_padding=&#8221;0px|0px|56px|0px&#8221;][et_pb_row custom_padding=&#8221;27px|0px|0px|0px&#8221; _builder_version=&#8221;3.0.47&#8243; background_size=&#8221;initial&#8221; background_position=&#8221;top_left&#8221; background_repeat=&#8221;repeat&#8221;][et_pb_column type=&#8221;4_4&#8243;][et_pb_text _builder_version=&#8221;3.0.91&#8243;]<\/p>\n<p>\u00a0 \u00a0 \u00a0 \u00a0 \u00a0 \u00a0 \u00a0 \u00a0 \u00a0 \u00a0 \u00a0 \u00a0 \u00a0 \u00a0 \u00a0 \u00a0 \u00a0 \u00a0 \u00a0 \u00a0 \u00a0 \u00a0 \u00a0 \u00a0 \u00a0 \u00a0 \u00a0 \u00a0 \u00a0 \u00a0 \u00a0 \u00a0 \u00a0 \u00a0 \u00a0 \u00a0 \u00a0 \u00a0 \u00a0 \u00a0 \u00a0 \u00a0 \u00a0 \u00a0 \u00a0 \u00a0 \u00a0 \u00a0Director(a) y profesores<\/p>\n<p>[\/et_pb_text][\/et_pb_column][\/et_pb_row][\/et_pb_section][et_pb_section bb_built=&#8221;1&#8243; fullwidth=&#8221;on&#8221; _builder_version=&#8221;3.0.47&#8243; custom_padding=&#8221;0px|0px|0px|0px&#8221;][et_pb_fullwidth_slider _builder_version=&#8221;3.0.91&#8243; show_arrows=&#8221;on&#8221; show_pagination=&#8221;on&#8221; show_inner_shadow=&#8221;on&#8221; custom_button=&#8221;off&#8221; button_icon_placement=&#8221;right&#8221; show_content_on_mobile=&#8221;on&#8221; show_cta_on_mobile=&#8221;on&#8221; show_image_video_mobile=&#8221;off&#8221;]<\/p>\n<p>[et_pb_slide use_bg_overlay=&#8221;off&#8221; use_text_overlay=&#8221;off&#8221; _builder_version=&#8221;3.0.91&#8243; background_image=&#8221;https:\/\/www.javeriana.edu.co\/detodoelmundo\/wp-content\/uploads\/2022\/06\/fotos-profes-4.jpg&#8221; custom_padding=&#8221;500px|||&#8221; \/][et_pb_slide use_bg_overlay=&#8221;off&#8221; use_text_overlay=&#8221;off&#8221; _builder_version=&#8221;3.0.91&#8243; background_image=&#8221;https:\/\/www.javeriana.edu.co\/detodoelmundo\/wp-content\/uploads\/2022\/06\/fotos-profes-5.jpg&#8221; custom_padding=&#8221;500px|||&#8221; \/][et_pb_slide _builder_version=&#8221;3.0.91&#8243; use_background_color_gradient=&#8221;off&#8221; background_color_gradient_start=&#8221;#2b87da&#8221; background_color_gradient_end=&#8221;#29c4a9&#8243; background_color_gradient_type=&#8221;linear&#8221; background_color_gradient_direction=&#8221;180deg&#8221; background_color_gradient_direction_radial=&#8221;center&#8221; background_color_gradient_start_position=&#8221;0%&#8221; background_color_gradient_end_position=&#8221;100%&#8221; background_color_gradient_overlays_image=&#8221;off&#8221; background_image=&#8221;https:\/\/www.javeriana.edu.co\/detodoelmundo\/wp-content\/uploads\/2022\/06\/fotos-profes-8.jpg&#8221; parallax=&#8221;off&#8221; parallax_method=&#8221;on&#8221; background_size=&#8221;cover&#8221; background_position=&#8221;center&#8221; background_repeat=&#8221;no-repeat&#8221; background_blend=&#8221;normal&#8221; allow_player_pause=&#8221;off&#8221; use_bg_overlay=&#8221;off&#8221; use_text_overlay=&#8221;off&#8221; text_border_radius=&#8221;3&#8243; alignment=&#8221;center&#8221; child_filter_hue_rotate=&#8221;0deg&#8221; child_filter_saturate=&#8221;100%&#8221; child_filter_brightness=&#8221;100%&#8221; child_filter_contrast=&#8221;100%&#8221; child_filter_invert=&#8221;0%&#8221; child_filter_sepia=&#8221;0%&#8221; child_filter_opacity=&#8221;100%&#8221; child_filter_blur=&#8221;0px&#8221; child_mix_blend_mode=&#8221;normal&#8221; background_layout=&#8221;dark&#8221; \/][et_pb_slide _builder_version=&#8221;3.0.91&#8243; use_background_color_gradient=&#8221;off&#8221; background_color_gradient_start=&#8221;#2b87da&#8221; background_color_gradient_end=&#8221;#29c4a9&#8243; background_color_gradient_type=&#8221;linear&#8221; background_color_gradient_direction=&#8221;180deg&#8221; background_color_gradient_direction_radial=&#8221;center&#8221; background_color_gradient_start_position=&#8221;0%&#8221; background_color_gradient_end_position=&#8221;100%&#8221; background_color_gradient_overlays_image=&#8221;off&#8221; background_image=&#8221;https:\/\/www.javeriana.edu.co\/detodoelmundo\/wp-content\/uploads\/2022\/06\/fotos-profes-9.jpg&#8221; parallax=&#8221;off&#8221; parallax_method=&#8221;on&#8221; background_size=&#8221;cover&#8221; background_position=&#8221;center&#8221; background_repeat=&#8221;no-repeat&#8221; background_blend=&#8221;normal&#8221; allow_player_pause=&#8221;off&#8221; use_bg_overlay=&#8221;off&#8221; use_text_overlay=&#8221;off&#8221; text_border_radius=&#8221;3&#8243; alignment=&#8221;center&#8221; child_filter_hue_rotate=&#8221;0deg&#8221; child_filter_saturate=&#8221;100%&#8221; child_filter_brightness=&#8221;100%&#8221; child_filter_contrast=&#8221;100%&#8221; child_filter_invert=&#8221;0%&#8221; child_filter_sepia=&#8221;0%&#8221; child_filter_opacity=&#8221;100%&#8221; child_filter_blur=&#8221;0px&#8221; child_mix_blend_mode=&#8221;normal&#8221; background_layout=&#8221;dark&#8221; \/][et_pb_slide _builder_version=&#8221;3.0.91&#8243; use_background_color_gradient=&#8221;off&#8221; background_color_gradient_start=&#8221;#2b87da&#8221; background_color_gradient_end=&#8221;#29c4a9&#8243; background_color_gradient_type=&#8221;linear&#8221; background_color_gradient_direction=&#8221;180deg&#8221; background_color_gradient_direction_radial=&#8221;center&#8221; background_color_gradient_start_position=&#8221;0%&#8221; background_color_gradient_end_position=&#8221;100%&#8221; background_color_gradient_overlays_image=&#8221;off&#8221; background_image=&#8221;https:\/\/www.javeriana.edu.co\/detodoelmundo\/wp-content\/uploads\/2022\/06\/fotos-profes-10.jpg&#8221; parallax=&#8221;off&#8221; parallax_method=&#8221;on&#8221; background_size=&#8221;cover&#8221; background_position=&#8221;center&#8221; background_repeat=&#8221;no-repeat&#8221; background_blend=&#8221;normal&#8221; allow_player_pause=&#8221;off&#8221; use_bg_overlay=&#8221;off&#8221; use_text_overlay=&#8221;off&#8221; text_border_radius=&#8221;3&#8243; alignment=&#8221;center&#8221; child_filter_hue_rotate=&#8221;0deg&#8221; child_filter_saturate=&#8221;100%&#8221; child_filter_brightness=&#8221;100%&#8221; child_filter_contrast=&#8221;100%&#8221; child_filter_invert=&#8221;0%&#8221; child_filter_sepia=&#8221;0%&#8221; child_filter_opacity=&#8221;100%&#8221; child_filter_blur=&#8221;0px&#8221; child_mix_blend_mode=&#8221;normal&#8221; background_layout=&#8221;dark&#8221; \/]<\/p>\n<p>[\/et_pb_fullwidth_slider][\/et_pb_section][et_pb_section bb_built=&#8221;1&#8243; _builder_version=&#8221;3.0.91&#8243; custom_padding=&#8221;20px||0px|&#8221;][et_pb_row _builder_version=&#8221;3.0.47&#8243; background_size=&#8221;initial&#8221; background_position=&#8221;top_left&#8221; background_repeat=&#8221;repeat&#8221;][et_pb_column type=&#8221;1_2&#8243;][et_pb_image admin_label=&#8221;Logo Javeriana&#8221; src=&#8221;https:\/\/www.javeriana.edu.co\/detodoelmundo\/wp-content\/uploads\/2017\/10\/jave_logo.png&#8221; _builder_version=&#8221;3.0.91&#8243; \/][\/et_pb_column][et_pb_column type=&#8221;1_2&#8243;][et_pb_image admin_label=&#8221;Logo Instituto&#8221; src=&#8221;https:\/\/www.javeriana.edu.co\/detodoelmundo\/wp-content\/uploads\/2022\/06\/logo-pensar-vectorizado.png&#8221; url=&#8221;https:\/\/institutopensar.javeriana.edu.co\/&#8221; align=&#8221;center&#8221; _builder_version=&#8221;3.0.91&#8243; max_width=&#8221;52%&#8221; animation_style=&#8221;fade&#8221; \/][\/et_pb_column][\/et_pb_row][et_pb_row use_custom_width=&#8221;on&#8221; width_unit=&#8221;off&#8221; custom_width_percent=&#8221;100%&#8221; use_custom_gutter=&#8221;on&#8221; gutter_width=&#8221;1&#8243; custom_padding=&#8221;0px||0px|&#8221; custom_margin=&#8221;0px||0px|&#8221; background_color=&#8221;#e6e6e6&#8243; padding_top_1=&#8221;0px&#8221; padding_bottom_1=&#8221;0px&#8221; padding_top_2=&#8221;0px&#8221; padding_bottom_2=&#8221;0px&#8221; padding_top_3=&#8221;0px&#8221; padding_bottom_3=&#8221;0px&#8221; padding_top_4=&#8221;0px&#8221; padding_bottom_4=&#8221;0px&#8221; _builder_version=&#8221;3.0.91&#8243;][et_pb_column type=&#8221;1_4&#8243;][\/et_pb_column][et_pb_column type=&#8221;1_4&#8243;][\/et_pb_column][et_pb_column type=&#8221;1_4&#8243;][\/et_pb_column][et_pb_column type=&#8221;1_4&#8243;][et_pb_social_media_follow admin_label=&#8221;Redes Sociales&#8221; url_new_window=&#8221;off&#8221; _builder_version=&#8221;3.0.91&#8243; border_radii=&#8221;on|100px|100px|100px|100px&#8221; custom_margin=&#8221;15px||10px|&#8221;]<\/p>\n<p>[et_pb_social_media_follow_network social_network=&#8221;facebook&#8221; url=&#8221;https:\/\/www.facebook.com\/InstitutoPensarPUJ&#8221; _builder_version=&#8221;3.0.91&#8243; background_color=&#8221;#3b5998&#8243; border_radii=&#8221;on|3px|3px|3px|3px&#8221; follow_button=&#8221;off&#8221; url_new_window=&#8221;off&#8221;]Facebook<br \/>\n[\/et_pb_social_media_follow_network][et_pb_social_media_follow_network social_network=&#8221;youtube&#8221; url=&#8221;https:\/\/www.youtube.com\/channel\/UCAnSwEOstyJBx2MfNTXjlLw&#8221; _builder_version=&#8221;3.0.91&#8243; background_color=&#8221;#a82400&#8243; border_radii=&#8221;on|3px|3px|3px|3px&#8221; follow_button=&#8221;off&#8221; url_new_window=&#8221;off&#8221;]Youtube<br \/>\n[\/et_pb_social_media_follow_network]<\/p>\n<p>[\/et_pb_social_media_follow][\/et_pb_column][\/et_pb_row][\/et_pb_section]<\/p>\n","protected":false},"excerpt":{"rendered":"<p>[et_pb_section bb_built=&#8221;1&#8243; fullwidth=&#8221;on&#8221; _builder_version=&#8221;3.0.91&#8243; custom_padding=&#8221;0px|0px|1px|0px&#8221;][et_pb_fullwidth_slider _builder_version=&#8221;3.0.91&#8243; custom_padding=&#8221;25%|||&#8221; auto=&#8221;on&#8221; auto_speed=&#8221;6000&#8243;] [et_pb_slide use_bg_overlay=&#8221;off&#8221; use_text_overlay=&#8221;off&#8221; admin_title=&#8221;Imagen1&#8243; _builder_version=&#8221;3.0.91&#8243; background_image=&#8221;https:\/\/www.javeriana.edu.co\/detodoelmundo\/wp-content\/uploads\/2022\/06\/banner-para-web-1.jpg&#8221; custom_padding=&#8221;|||&#8221;][\/et_pb_slide] [\/et_pb_fullwidth_slider][\/et_pb_section][et_pb_section bb_built=&#8221;1&#8243; _builder_version=&#8221;3.0.91&#8243; custom_margin=&#8221;0px|||&#8221; custom_padding=&#8221;0px|||&#8221; custom_css_main_element=&#8221;z-index:9999;&#8221;][et_pb_row make_fullwidth=&#8221;on&#8221; use_custom_gutter=&#8221;on&#8221; gutter_width=&#8221;1&#8243; custom_padding=&#8221;0px||0px|&#8221; custom_margin=&#8221;0px||0px|&#8221; _builder_version=&#8221;3.0.91&#8243;][et_pb_column type=&#8221;4_4&#8243;][et_pb_divider admin_label=&#8221;Divider_TOP&#8221; color=&#8221;#e36b30&#8243; show_divider=&#8221;on&#8221; divider_weight=&#8221;15px&#8221; _builder_version=&#8221;3.0.91&#8243; custom_margin=&#8221;0px||-8px|&#8221; custom_padding=&#8221;0px||0px|&#8221; custom_css_after=&#8221;content: %22%22;||width: 92px!important;||height: 62px;||background-color: transparent;||position: relative;||display: block;||padding: 0px;||margin-left: auto;||margin-right: auto;||margin-top: -28px;||background-image: url(\/detodoelmundo\/wp-content\/uploads\/2017\/10\/triangulillo.png);&#8221; \/][\/et_pb_column][\/et_pb_row][\/et_pb_section][et_pb_section bb_built=&#8221;1&#8243; _builder_version=&#8221;3.0.47&#8243; custom_padding=&#8221;|0px||0px&#8221;][et_pb_row custom_padding=&#8221;27px|0px|27px|34px&#8221; _builder_version=&#8221;3.0.47&#8243; background_size=&#8221;initial&#8221; [&hellip;]<\/p>\n","protected":false},"author":1,"featured_media":0,"parent":0,"menu_order":0,"comment_status":"closed","ping_status":"closed","template":"","meta":{"_et_pb_use_builder":"on","_et_pb_old_content":"","_et_gb_content_width":"","footnotes":""},"_links":{"self":[{"href":"http:\/\/www.javeriana.edu.co\/detodoelmundo\/wp-json\/wp\/v2\/pages\/1479"}],"collection":[{"href":"http:\/\/www.javeriana.edu.co\/detodoelmundo\/wp-json\/wp\/v2\/pages"}],"about":[{"href":"http:\/\/www.javeriana.edu.co\/detodoelmundo\/wp-json\/wp\/v2\/types\/page"}],"author":[{"embeddable":true,"href":"http:\/\/www.javeriana.edu.co\/detodoelmundo\/wp-json\/wp\/v2\/users\/1"}],"replies":[{"embeddable":true,"href":"http:\/\/www.javeriana.edu.co\/detodoelmundo\/wp-json\/wp\/v2\/comments?post=1479"}],"version-history":[{"count":110,"href":"http:\/\/www.javeriana.edu.co\/detodoelmundo\/wp-json\/wp\/v2\/pages\/1479\/revisions"}],"predecessor-version":[{"id":2195,"href":"http:\/\/www.javeriana.edu.co\/detodoelmundo\/wp-json\/wp\/v2\/pages\/1479\/revisions\/2195"}],"wp:attachment":[{"href":"http:\/\/www.javeriana.edu.co\/detodoelmundo\/wp-json\/wp\/v2\/media?parent=1479"}],"curies":[{"name":"wp","href":"https:\/\/api.w.org\/{rel}","templated":true}]}}