{"id":1854,"date":"2022-07-18T19:09:36","date_gmt":"2022-07-18T19:09:36","guid":{"rendered":"http:\/\/www.javeriana.edu.co\/detodoelmundo\/?page_id=1854"},"modified":"2022-10-18T13:47:52","modified_gmt":"2022-10-18T13:47:52","slug":"asignaturas-y-creditos","status":"publish","type":"page","link":"http:\/\/www.javeriana.edu.co\/detodoelmundo\/asignaturas-y-creditos\/","title":{"rendered":"Asignaturas y Cr\u00e9ditos"},"content":{"rendered":"<p>[et_pb_section bb_built=&#8221;1&#8243; fullwidth=&#8221;on&#8221; _builder_version=&#8221;3.0.47&#8243; custom_padding=&#8221;0px|0px|0px|0px&#8221;][et_pb_fullwidth_slider _builder_version=&#8221;3.0.91&#8243;]<\/p>\n<p>[et_pb_slide use_bg_overlay=&#8221;off&#8221; use_text_overlay=&#8221;off&#8221; _builder_version=&#8221;3.0.91&#8243; background_image=&#8221;https:\/\/www.javeriana.edu.co\/detodoelmundo\/wp-content\/uploads\/2022\/07\/Dise\u00f1o-sin-t\u00edtulo-11.jpg&#8221;]<\/p>\n<h4><span style=\"font-size: xx-large;\"><strong>Asignaturas y Cr\u00e9ditos<\/strong><\/span><\/h4>\n<p>[\/et_pb_slide]<\/p>\n<p>[\/et_pb_fullwidth_slider][\/et_pb_section][et_pb_section bb_built=&#8221;1&#8243; _builder_version=&#8221;3.0.47&#8243; custom_padding=&#8221;3px|0px|54px|0px&#8221;][et_pb_row make_fullwidth=&#8221;on&#8221; use_custom_gutter=&#8221;on&#8221; gutter_width=&#8221;1&#8243; custom_padding=&#8221;0px||0px|&#8221; custom_margin=&#8221;0px||0px|&#8221; padding_top_1=&#8221;0px&#8221; padding_bottom_1=&#8221;0px&#8221; _builder_version=&#8221;3.0.91&#8243;][et_pb_column type=&#8221;4_4&#8243;][et_pb_divider admin_label=&#8221;Divider_TOP&#8221; color=&#8221;#e36b30&#8243; show_divider=&#8221;on&#8221; divider_weight=&#8221;15px&#8221; _builder_version=&#8221;3.0.91&#8243; custom_margin=&#8221;0px||-8px|&#8221; custom_padding=&#8221;0px||0px|&#8221; custom_css_after=&#8221;content: %22%22;||width: 92px!important;||height: 62px;||background-color: transparent;||position: relative;||display: block;||padding: 0px;||margin-left: auto;||margin-right: auto;||margin-top: -28px;||background-image: url(\/detodoelmundo\/wp-content\/uploads\/2017\/10\/triangulillo.png);&#8221; \/][\/et_pb_column][\/et_pb_row][\/et_pb_section][et_pb_section bb_built=&#8221;1&#8243; _builder_version=&#8221;3.0.91&#8243; background_image=&#8221;https:\/\/www.javeriana.edu.co\/detodoelmundo\/wp-content\/uploads\/2022\/07\/Dise\u00f1o-sin-t\u00edtulo-17.jpg&#8221;][et_pb_row custom_padding=&#8221;|0px|73px|0px&#8221; _builder_version=&#8221;3.0.91&#8243; background_size=&#8221;initial&#8221; background_position=&#8221;top_left&#8221; background_repeat=&#8221;repeat&#8221; background_image=&#8221;https:\/\/www.javeriana.edu.co\/detodoelmundo\/wp-content\/uploads\/2022\/07\/Dise\u00f1o-sin-t\u00edtulo-17.jpg&#8221;][et_pb_column type=&#8221;1_2&#8243;][et_pb_text _builder_version=&#8221;3.0.91&#8243;]<\/p>\n<p><span color=\"#ee6666\" style=\"color: #e66b25; font-size: 24px;\"><b>\u00a0Primer Semestre<\/b><\/span><\/p>\n<p>[\/et_pb_text][et_pb_divider color=&#8221;#e66b25&#8243; show_divider=&#8221;on&#8221; divider_weight=&#8221;7px&#8221; height=&#8221;7px&#8221; _builder_version=&#8221;3.0.91&#8243; max_width=&#8221;49%&#8221; \/][et_pb_text _builder_version=&#8221;3.0.91&#8243; background_color=&#8221;#18b1aa&#8221;]<\/p>\n<p>&nbsp;<\/p>\n<p>&nbsp; &nbsp; &nbsp; &nbsp; &nbsp; &nbsp; &nbsp;<span style=\"font-size: large; color: #ffffff;\"><strong>Seminario introducci\u00f3n&nbsp; a los estudios&nbsp; &nbsp; &nbsp; &nbsp; &nbsp; &nbsp; &nbsp; &nbsp; &nbsp; &nbsp; &nbsp; &nbsp; &nbsp; &nbsp; &nbsp; &nbsp; &nbsp; &nbsp; &nbsp; &nbsp; &nbsp; &nbsp;migratorios<\/strong><\/span><\/p>\n<p><span style=\"font-size: large; color: #ffffff;\"><strong>&nbsp; &nbsp; &nbsp; &nbsp; &nbsp; &nbsp; &nbsp; &nbsp; &nbsp; &nbsp; &nbsp; &nbsp; &nbsp; &nbsp; &nbsp; &nbsp; &nbsp; Cr\u00e9ditos: 3<\/strong><\/span><\/p>\n<p>&nbsp;<\/p>\n<p>[\/et_pb_text][et_pb_divider show_divider=&#8221;on&#8221; _builder_version=&#8221;3.0.91&#8243; \/][et_pb_text _builder_version=&#8221;3.0.91&#8243; background_color=&#8221;#18b1aa&#8221;]<\/p>\n<p>&nbsp;<\/p>\n<p>&nbsp; &nbsp; &nbsp; &nbsp; &nbsp; &nbsp; <span style=\"font-size: large; color: #ffffff;\"><strong>Seminario aproximaci\u00f3n a las categor\u00edas&nbsp; &nbsp; &nbsp; &nbsp; &nbsp; &nbsp; &nbsp; &nbsp; &nbsp; &nbsp; &nbsp; &nbsp; anal\u00edticas de las migraciones<\/strong><\/span><\/p>\n<p><span style=\"color: #ffffff;\">&nbsp; &nbsp; &nbsp; &nbsp; &nbsp; &nbsp; &nbsp; &nbsp; &nbsp; &nbsp; &nbsp; &nbsp; &nbsp; &nbsp; &nbsp; &nbsp; &nbsp; &nbsp; &nbsp; &nbsp; &nbsp; <span style=\"font-size: large;\"><strong>Cr\u00e9ditos: 3<\/strong><\/span><\/span><\/p>\n<p><span style=\"color: #ffffff;\"><span style=\"font-size: large;\"><strong><\/strong><\/span><\/span><\/p>\n<p>[\/et_pb_text][et_pb_divider show_divider=&#8221;on&#8221; _builder_version=&#8221;3.0.91&#8243; \/][et_pb_text _builder_version=&#8221;3.0.91&#8243; background_color=&#8221;#18b1aa&#8221;]<\/p>\n<p>&nbsp;<\/p>\n<p>\u00a0 \u00a0 \u00a0 \u00a0 \u00a0 \u00a0 \u00a0 \u00a0 \u00a0 \u00a0 \u00a0<span style=\"font-size: large; color: #ffffff;\"> <strong>Seminario de investigaci\u00f3n I<\/strong><\/span><\/p>\n<p><span style=\"font-size: large; color: #ffffff;\"><strong>\u00a0 \u00a0 \u00a0 \u00a0 \u00a0 \u00a0 \u00a0 \u00a0 \u00a0 \u00a0 \u00a0 \u00a0 \u00a0 \u00a0 \u00a0 \u00a0 \u00a0Cr\u00e9ditos: 3<\/strong><\/span><\/p>\n<p>&nbsp;<\/p>\n<p>[\/et_pb_text][et_pb_divider show_divider=&#8221;on&#8221; _builder_version=&#8221;3.0.91&#8243; \/][et_pb_text _builder_version=&#8221;3.0.91&#8243; background_color=&#8221;#18b1aa&#8221;]<\/p>\n<p>&nbsp;<\/p>\n<p>&nbsp; &nbsp; &nbsp; &nbsp; &nbsp; &nbsp; &nbsp; &nbsp; &nbsp; &nbsp; &nbsp; &nbsp; &nbsp; &nbsp; &nbsp; <span style=\"font-size: large; color: #ffffff;\"><strong>Tutor\u00eda de trabajo I<\/strong><\/span><\/p>\n<p><span style=\"font-size: large; color: #ffffff;\"><strong>&nbsp; &nbsp; &nbsp; &nbsp; &nbsp; &nbsp; &nbsp; &nbsp; &nbsp; &nbsp; &nbsp; &nbsp; &nbsp; &nbsp; &nbsp; &nbsp; &nbsp;Cr\u00e9ditos: 2<\/strong><\/span><\/p>\n<p>&nbsp;<\/p>\n<p>[\/et_pb_text][et_pb_divider show_divider=&#8221;on&#8221; _builder_version=&#8221;3.0.91&#8243; \/][et_pb_text _builder_version=&#8221;3.0.91&#8243;]<\/p>\n<p><span style=\"font-size: x-large;\"><strong>\u00a0 <span style=\"color: #e66b25;\">Tercer Semestre<\/span><\/strong><\/span><\/p>\n<p>[\/et_pb_text][et_pb_divider show_divider=&#8221;on&#8221; divider_weight=&#8221;3px&#8221; height=&#8221;13px&#8221; _builder_version=&#8221;3.0.91&#8243; background_color=&#8221;#e66b25&#8243; max_width=&#8221;53%&#8221; \/][et_pb_text _builder_version=&#8221;3.0.91&#8243; background_color=&#8221;#18b1aa&#8221;]<\/p>\n<p>&nbsp;<\/p>\n<p>\u00a0 \u00a0 \u00a0 \u00a0<span style=\"color: #ffffff;\"> \u00a0<span style=\"font-size: large;\"><strong>Seminario genealog\u00eda de lo pol\u00edtico\u00a0<\/strong><\/span><span style=\"font-size: large;\"><strong>y las\u00a0 \u00a0 \u00a0 \u00a0 \u00a0 \u00a0 \u00a0 \u00a0 \u00a0pol\u00edticas de migraciones contempor\u00e1neas<\/strong><\/span><\/span><\/p>\n<p><span style=\"font-size: large; color: #ffffff;\"><strong>\u00a0 \u00a0 \u00a0 \u00a0 \u00a0 \u00a0 \u00a0 \u00a0 \u00a0 \u00a0 \u00a0 \u00a0 \u00a0 \u00a0 \u00a0 \u00a0 Creditos: 3<\/strong><\/span><\/p>\n<p><span style=\"color: #ffffff;\">\u00a0<\/span><\/p>\n<p>[\/et_pb_text][et_pb_divider show_divider=&#8221;on&#8221; _builder_version=&#8221;3.0.91&#8243; \/][et_pb_text _builder_version=&#8221;3.0.91&#8243; background_color=&#8221;#18b1aa&#8221;]<\/p>\n<p>&nbsp;<\/p>\n<p>\u00a0 \u00a0 \u00a0 \u00a0 <span style=\"font-size: large; color: #ffffff;\"><strong>Seminario intervenciones de las agencias y\u00a0 \u00a0 \u00a0 \u00a0 \u00a0 \u00a0 \u00a0 \u00a0 \u00a0 \u00a0 \u00a0 \u00a0 \u00a0 \u00a0 \u00a0 \u00a0 \u00a0 los migrantes<\/strong><\/span><\/p>\n<p><span style=\"font-size: large; color: #ffffff;\"><strong>\u00a0 \u00a0 \u00a0 \u00a0 \u00a0 \u00a0 \u00a0 \u00a0 \u00a0 \u00a0 \u00a0 \u00a0 \u00a0 \u00a0 \u00a0 \u00a0 Creditos: 3<\/strong><\/span><\/p>\n<p>&nbsp;<\/p>\n<p>[\/et_pb_text][et_pb_divider show_divider=&#8221;on&#8221; _builder_version=&#8221;3.0.91&#8243; \/][et_pb_text _builder_version=&#8221;3.0.91&#8243; background_color=&#8221;#18b1aa&#8221;]<\/p>\n<p>&nbsp;<\/p>\n<p>\u00a0 \u00a0 \u00a0 \u00a0 \u00a0 \u00a0 \u00a0 \u00a0 \u00a0 \u00a0 \u00a0 <span style=\"font-size: large; color: #ffffff;\"><strong>Tutor\u00eda de trabajo grado III<\/strong><\/span><\/p>\n<p><span style=\"font-size: large; color: #ffffff;\"><strong>\u00a0 \u00a0 \u00a0 \u00a0 \u00a0 \u00a0 \u00a0 \u00a0 \u00a0 \u00a0 \u00a0 \u00a0 \u00a0 \u00a0 \u00a0 Creditos: 3\u00a0 \u00a0 \u00a0 \u00a0 \u00a0 \u00a0 \u00a0 \u00a0 \u00a0 \u00a0 \u00a0 \u00a0 \u00a0 \u00a0 \u00a0 \u00a0 \u00a0 \u00a0\u00a0<\/strong><\/span><\/p>\n<p><span style=\"font-size: large;\"><strong><\/strong><\/span><\/p>\n<p>[\/et_pb_text][\/et_pb_column][et_pb_column type=&#8221;1_2&#8243;][et_pb_text _builder_version=&#8221;3.0.91&#8243;]<\/p>\n<p>\u00a0 \u00a0 \u00a0 \u00a0 \u00a0 \u00a0 \u00a0 \u00a0 \u00a0 \u00a0 \u00a0 \u00a0 \u00a0 \u00a0 \u00a0 \u00a0 \u00a0 \u00a0 \u00a0 \u00a0 \u00a0 \u00a0 \u00a0 \u00a0 \u00a0 \u00a0<span style=\"font-size: x-large; color: #e66b25;\"><strong>Segundo Semestre<\/strong><\/span><\/p>\n<p>[\/et_pb_text][et_pb_divider color=&#8221;#e66b25&#8243; show_divider=&#8221;on&#8221; divider_weight=&#8221;7px&#8221; height=&#8221;7px&#8221; _builder_version=&#8221;3.0.91&#8243; custom_margin=&#8221;|||250px&#8221; \/][et_pb_text _builder_version=&#8221;3.0.91&#8243; background_color=&#8221;#18b1aa&#8221;]<\/p>\n<p>&nbsp;<\/p>\n<p>\u00a0 \u00a0 \u00a0 \u00a0 <span style=\"color: #ffffff; font-size: large;\"><strong>Seminario migraciones y representaciones<\/strong><\/span><\/p>\n<p><span style=\"color: #ffffff; font-size: large;\"><strong>\u00a0 \u00a0 \u00a0 \u00a0 \u00a0 \u00a0 \u00a0 \u00a0 \u00a0 \u00a0 \u00a0 \u00a0 \u00a0 \u00a0 \u00a0 \u00a0 \u00a0 Cr\u00e9ditos: 3<\/strong><\/span><\/p>\n<p><strong style=\"font-size: large;\"><\/strong><\/p>\n<p>&nbsp;<\/p>\n<p>[\/et_pb_text][et_pb_divider show_divider=&#8221;on&#8221; divider_weight=&#8221;0px&#8221; height=&#8221;33px&#8221; _builder_version=&#8221;3.0.91&#8243; \/][et_pb_text _builder_version=&#8221;3.0.91&#8243; background_color=&#8221;#18b1aa&#8221;]<\/p>\n<p>&nbsp;<\/p>\n<p>\u00a0 \u00a0 \u00a0 \u00a0 <span style=\"font-size: large;\">\u00a0 \u00a0<span style=\"color: #ffffff;\"><strong>Seminario redes y genealog\u00edas de las\u00a0 \u00a0 \u00a0 \u00a0 \u00a0 \u00a0 \u00a0 \u00a0 \u00a0 \u00a0 migraciones en Iberoam\u00e9rica y el\u00a0<\/strong><\/span><\/span><span style=\"font-size: large;\"><span style=\"color: #ffffff;\"><strong>Caribe<\/strong><\/span><\/span><\/p>\n<p><span style=\"font-size: large; color: #ffffff;\"><strong>\u00a0 \u00a0 \u00a0 \u00a0 \u00a0 \u00a0 \u00a0 \u00a0 \u00a0 \u00a0 \u00a0 \u00a0 \u00a0 \u00a0 \u00a0 \u00a0 \u00a0 Cr\u00e9ditos: 3\u00a0 \u00a0 \u00a0 \u00a0 \u00a0 \u00a0 \u00a0 \u00a0 \u00a0 \u00a0 \u00a0 \u00a0 \u00a0 \u00a0 \u00a0 \u00a0\u00a0<\/strong><\/span><\/p>\n<p>[\/et_pb_text][et_pb_divider show_divider=&#8221;on&#8221; divider_weight=&#8221;0px&#8221; _builder_version=&#8221;3.0.91&#8243; custom_margin=&#8221;||20px|&#8221; \/][et_pb_text _builder_version=&#8221;3.0.91&#8243; background_color=&#8221;#18b1aa&#8221;]<\/p>\n<p>&nbsp;<\/p>\n<p>\u00a0 \u00a0 \u00a0 \u00a0 \u00a0 \u00a0 \u00a0 \u00a0 \u00a0 \u00a0 <span style=\"font-size: large; color: #ffffff;\"><strong>Seminario de investigaci\u00f3n II<\/strong><\/span><\/p>\n<p><span style=\"font-size: large; color: #ffffff;\"><strong>\u00a0 \u00a0 \u00a0 \u00a0 \u00a0 \u00a0 \u00a0 \u00a0 \u00a0 \u00a0 \u00a0 \u00a0 \u00a0 \u00a0 \u00a0 \u00a0 \u00a0 Cr\u00e9ditos: 3<\/strong><\/span><\/p>\n<p>&nbsp;<\/p>\n<p>[\/et_pb_text][et_pb_divider show_divider=&#8221;on&#8221; _builder_version=&#8221;3.0.91&#8243; \/][et_pb_text _builder_version=&#8221;3.0.91&#8243; background_color=&#8221;#18b1aa&#8221;]<\/p>\n<p>&nbsp;<\/p>\n<p>\u00a0 \u00a0 \u00a0 \u00a0 \u00a0 \u00a0 \u00a0 \u00a0 \u00a0 \u00a0 \u00a0 \u00a0<span style=\"font-size: large; color: #ffffff;\"><strong>Tutor\u00eda trabajo de grado II<\/strong><\/span><\/p>\n<p><span style=\"font-size: large; color: #ffffff;\"><strong>\u00a0 \u00a0 \u00a0 \u00a0 \u00a0 \u00a0 \u00a0 \u00a0 \u00a0 \u00a0 \u00a0 \u00a0 \u00a0 \u00a0 \u00a0 \u00a0 Cr\u00e9ditos: 3<\/strong><\/span><\/p>\n<p>&nbsp;<\/p>\n<p>[\/et_pb_text][et_pb_divider show_divider=&#8221;on&#8221; _builder_version=&#8221;3.0.91&#8243; \/][et_pb_text _builder_version=&#8221;3.0.91&#8243;]<\/p>\n<p>\u00a0 \u00a0 \u00a0 \u00a0 \u00a0 \u00a0 \u00a0 \u00a0 \u00a0 \u00a0 \u00a0 \u00a0 \u00a0 \u00a0 \u00a0 \u00a0 \u00a0 \u00a0 \u00a0 \u00a0 \u00a0 \u00a0 \u00a0 \u00a0 \u00a0 \u00a0 \u00a0 \u00a0<span style=\"font-size: x-large; color: #e66b25;\"><strong>Cuarto semestre<\/strong><\/span><\/p>\n<p>[\/et_pb_text][et_pb_divider show_divider=&#8221;on&#8221; divider_weight=&#8221;2px&#8221; height=&#8221;13px&#8221; _builder_version=&#8221;3.0.91&#8243; background_color=&#8221;#e66b25&#8243; max_width=&#8221;56%&#8221; custom_margin=&#8221;|||260px&#8221; \/][et_pb_text _builder_version=&#8221;3.0.91&#8243; background_color=&#8221;#18b1aa&#8221;]<\/p>\n<p>&nbsp;<\/p>\n<p>\u00a0 \u00a0 \u00a0 \u00a0 <span style=\"color: #ffffff;\">\u00a0<span style=\"font-size: large;\"><strong>Seminario sujetos y procesos migratorios\u00a0 \u00a0 \u00a0 \u00a0 \u00a0 \u00a0 \u00a0 \u00a0 \u00a0 \u00a0 en territorios y contextos situados<\/strong><\/span><\/span><\/p>\n<p><span style=\"font-size: large; color: #ffffff;\"><strong>\u00a0 \u00a0 \u00a0 \u00a0 \u00a0 \u00a0 \u00a0 \u00a0 \u00a0 \u00a0 \u00a0 \u00a0 \u00a0 \u00a0 \u00a0 \u00a0 Creditos: 3<\/strong><\/span><\/p>\n<p>&nbsp;<\/p>\n<p>[\/et_pb_text][et_pb_divider show_divider=&#8221;on&#8221; _builder_version=&#8221;3.0.91&#8243; \/][et_pb_text _builder_version=&#8221;3.0.91&#8243; background_color=&#8221;#18b1aa&#8221;]<\/p>\n<p>&nbsp;<\/p>\n<p>\u00a0 \u00a0 \u00a0 \u00a0 \u00a0<span style=\"font-size: large; color: #ffffff;\"><strong>Seminario internacional en migraciones\u00a0 \u00a0 \u00a0 \u00a0 \u00a0 \u00a0 \u00a0 \u00a0 \u00a0 \u00a0 \u00a0 \u00a0 \u00a0 \u00a0 \u00a0 \u00a0 \u00a0 \u00a0contempor\u00e1neas<\/strong><\/span><\/p>\n<p><span style=\"font-size: large; color: #ffffff;\"><strong>\u00a0 \u00a0 \u00a0 \u00a0 \u00a0 \u00a0 \u00a0 \u00a0 \u00a0 \u00a0 \u00a0 \u00a0 \u00a0 \u00a0 \u00a0 \u00a0 \u00a0Creditos: 3<\/strong><\/span><\/p>\n<p>&nbsp;<\/p>\n<p>[\/et_pb_text][et_pb_divider show_divider=&#8221;on&#8221; _builder_version=&#8221;3.0.91&#8243; \/][et_pb_text _builder_version=&#8221;3.0.91&#8243; background_color=&#8221;#18b1aa&#8221;]<\/p>\n<p>&nbsp;<\/p>\n<p>\u00a0 \u00a0 \u00a0 \u00a0 \u00a0 \u00a0 \u00a0 \u00a0 \u00a0 \u00a0 \u00a0 \u00a0 <span style=\"font-size: large; color: #ffffff;\"><strong>Tutor\u00eda trabajo de grado IV<\/strong><\/span><\/p>\n<p><span style=\"color: #ffffff;\">\u00a0 \u00a0 \u00a0 \u00a0 \u00a0 \u00a0 \u00a0 \u00a0 \u00a0 \u00a0 \u00a0 \u00a0 \u00a0 \u00a0 \u00a0 \u00a0 \u00a0 \u00a0 \u00a0 \u00a0 \u00a0 <span style=\"font-size: large;\"><strong>Creditos: 2<\/strong><\/span><\/span><\/p>\n<p>&nbsp;<\/p>\n<p>[\/et_pb_text][\/et_pb_column][\/et_pb_row][\/et_pb_section][et_pb_section bb_built=&#8221;1&#8243; _builder_version=&#8221;3.0.91&#8243; custom_margin=&#8221;0px||0px|&#8221; custom_padding=&#8221;0px||0px|&#8221;][et_pb_row make_fullwidth=&#8221;on&#8221; use_custom_gutter=&#8221;on&#8221; gutter_width=&#8221;1&#8243; custom_padding=&#8221;0px||0px|&#8221; custom_margin=&#8221;0px||0px|&#8221; padding_top_1=&#8221;0px&#8221; padding_bottom_1=&#8221;0px&#8221; _builder_version=&#8221;3.0.91&#8243;][et_pb_column type=&#8221;4_4&#8243;][et_pb_divider admin_label=&#8221;Divider_BOTTOM&#8221; color=&#8221;#e36b30&#8243; show_divider=&#8221;on&#8221; divider_weight=&#8221;15px&#8221; _builder_version=&#8221;3.0.91&#8243; custom_margin=&#8221;0px||-8px|&#8221; custom_padding=&#8221;0px||0px|&#8221; custom_css_after=&#8221;content: %22%22;||width: 92px!important;||height: 62px;||background-color: transparent;||position: relative;||display: block;||padding: 0px;||margin-left: auto;||margin-right: auto;||margin-top: -66px;||background-image: url(\/detodoelmundo\/wp-content\/uploads\/2017\/10\/triangulillo.png);||-ms-transform: rotate(180deg); \/* IE 9 *\/|| -webkit-transform: rotate(180deg); \/* Chrome, Safari, Opera *\/|| transform: rotate(180deg);&#8221; \/][\/et_pb_column][\/et_pb_row][\/et_pb_section][et_pb_section bb_built=&#8221;1&#8243; _builder_version=&#8221;3.0.47&#8243; custom_padding=&#8221;54px|0px|0px|0px&#8221;][et_pb_row _builder_version=&#8221;3.0.47&#8243; background_size=&#8221;initial&#8221; background_position=&#8221;top_left&#8221; background_repeat=&#8221;repeat&#8221;][et_pb_column type=&#8221;1_2&#8243;][et_pb_image admin_label=&#8221;Logo Javeriana&#8221; src=&#8221;https:\/\/www.javeriana.edu.co\/detodoelmundo\/wp-content\/uploads\/2017\/10\/jave_logo.png&#8221; align=&#8221;center&#8221; _builder_version=&#8221;3.0.91&#8243; \/][\/et_pb_column][et_pb_column type=&#8221;1_2&#8243;][et_pb_image admin_label=&#8221;Logo Instituto&#8221; src=&#8221;https:\/\/www.javeriana.edu.co\/detodoelmundo\/wp-content\/uploads\/2022\/06\/logo-pensar-vectorizado.png&#8221; align=&#8221;center&#8221; _builder_version=&#8221;3.0.91&#8243; max_width=&#8221;52%&#8221; \/][\/et_pb_column][\/et_pb_row][et_pb_row use_custom_width=&#8221;on&#8221; width_unit=&#8221;off&#8221; custom_width_percent=&#8221;100%&#8221; use_custom_gutter=&#8221;on&#8221; gutter_width=&#8221;1&#8243; custom_padding=&#8221;0px||11px|&#8221; custom_margin=&#8221;0px||0px|&#8221; background_color=&#8221;#e6e6e6&#8243; padding_top_1=&#8221;0px&#8221; padding_bottom_1=&#8221;0px&#8221; padding_top_2=&#8221;0px&#8221; padding_bottom_2=&#8221;0px&#8221; padding_top_3=&#8221;0px&#8221; padding_bottom_3=&#8221;0px&#8221; padding_top_4=&#8221;0px&#8221; padding_bottom_4=&#8221;0px&#8221; _builder_version=&#8221;3.0.91&#8243;][et_pb_column type=&#8221;1_4&#8243;][\/et_pb_column][et_pb_column type=&#8221;1_4&#8243;][\/et_pb_column][et_pb_column type=&#8221;1_4&#8243;][\/et_pb_column][et_pb_column type=&#8221;1_4&#8243;][et_pb_social_media_follow admin_label=&#8221;Redes Sociales&#8221; url_new_window=&#8221;off&#8221; _builder_version=&#8221;3.0.91&#8243; border_radii=&#8221;on|100%|100%|100%|100%&#8221; custom_margin=&#8221;15px||10px|&#8221;]<\/p>\n<p>[et_pb_social_media_follow_network social_network=&#8221;facebook&#8221; url=&#8221;https:\/\/www.facebook.com\/InstitutoPensarPUJ&#8221; _builder_version=&#8221;3.0.91&#8243; background_color=&#8221;#3b5998&#8243; follow_button=&#8221;off&#8221; url_new_window=&#8221;off&#8221;]Facebook<br \/>\n[\/et_pb_social_media_follow_network][et_pb_social_media_follow_network social_network=&#8221;youtube&#8221; url=&#8221;https:\/\/www.youtube.com\/channel\/UCAnSwEOstyJBx2MfNTXjlLw&#8221; _builder_version=&#8221;3.0.91&#8243; background_color=&#8221;#a82400&#8243; follow_button=&#8221;off&#8221; url_new_window=&#8221;off&#8221;]Youtube<br \/>\n[\/et_pb_social_media_follow_network]<\/p>\n<p>[\/et_pb_social_media_follow][\/et_pb_column][\/et_pb_row][\/et_pb_section]<\/p>\n","protected":false},"excerpt":{"rendered":"<p>[et_pb_section bb_built=&#8221;1&#8243; fullwidth=&#8221;on&#8221; _builder_version=&#8221;3.0.47&#8243; custom_padding=&#8221;0px|0px|0px|0px&#8221;][et_pb_fullwidth_slider _builder_version=&#8221;3.0.91&#8243;] [et_pb_slide use_bg_overlay=&#8221;off&#8221; use_text_overlay=&#8221;off&#8221; _builder_version=&#8221;3.0.91&#8243; background_image=&#8221;https:\/\/www.javeriana.edu.co\/detodoelmundo\/wp-content\/uploads\/2022\/07\/Dise\u00f1o-sin-t\u00edtulo-11.jpg&#8221;] Asignaturas y Cr\u00e9ditos [\/et_pb_slide] [\/et_pb_fullwidth_slider][\/et_pb_section][et_pb_section bb_built=&#8221;1&#8243; _builder_version=&#8221;3.0.47&#8243; custom_padding=&#8221;3px|0px|54px|0px&#8221;][et_pb_row make_fullwidth=&#8221;on&#8221; use_custom_gutter=&#8221;on&#8221; gutter_width=&#8221;1&#8243; custom_padding=&#8221;0px||0px|&#8221; custom_margin=&#8221;0px||0px|&#8221; padding_top_1=&#8221;0px&#8221; padding_bottom_1=&#8221;0px&#8221; _builder_version=&#8221;3.0.91&#8243;][et_pb_column type=&#8221;4_4&#8243;][et_pb_divider admin_label=&#8221;Divider_TOP&#8221; color=&#8221;#e36b30&#8243; show_divider=&#8221;on&#8221; divider_weight=&#8221;15px&#8221; _builder_version=&#8221;3.0.91&#8243; custom_margin=&#8221;0px||-8px|&#8221; custom_padding=&#8221;0px||0px|&#8221; custom_css_after=&#8221;content: %22%22;||width: 92px!important;||height: 62px;||background-color: transparent;||position: relative;||display: block;||padding: 0px;||margin-left: auto;||margin-right: auto;||margin-top: -28px;||background-image: url(\/detodoelmundo\/wp-content\/uploads\/2017\/10\/triangulillo.png);&#8221; \/][\/et_pb_column][\/et_pb_row][\/et_pb_section][et_pb_section bb_built=&#8221;1&#8243; _builder_version=&#8221;3.0.91&#8243; background_image=&#8221;https:\/\/www.javeriana.edu.co\/detodoelmundo\/wp-content\/uploads\/2022\/07\/Dise\u00f1o-sin-t\u00edtulo-17.jpg&#8221;][et_pb_row custom_padding=&#8221;|0px|73px|0px&#8221; _builder_version=&#8221;3.0.91&#8243; background_size=&#8221;initial&#8221; background_position=&#8221;top_left&#8221; [&hellip;]<\/p>\n","protected":false},"author":1,"featured_media":0,"parent":0,"menu_order":0,"comment_status":"closed","ping_status":"closed","template":"","meta":{"_et_pb_use_builder":"on","_et_pb_old_content":"","_et_gb_content_width":"","footnotes":""},"_links":{"self":[{"href":"http:\/\/www.javeriana.edu.co\/detodoelmundo\/wp-json\/wp\/v2\/pages\/1854"}],"collection":[{"href":"http:\/\/www.javeriana.edu.co\/detodoelmundo\/wp-json\/wp\/v2\/pages"}],"about":[{"href":"http:\/\/www.javeriana.edu.co\/detodoelmundo\/wp-json\/wp\/v2\/types\/page"}],"author":[{"embeddable":true,"href":"http:\/\/www.javeriana.edu.co\/detodoelmundo\/wp-json\/wp\/v2\/users\/1"}],"replies":[{"embeddable":true,"href":"http:\/\/www.javeriana.edu.co\/detodoelmundo\/wp-json\/wp\/v2\/comments?post=1854"}],"version-history":[{"count":89,"href":"http:\/\/www.javeriana.edu.co\/detodoelmundo\/wp-json\/wp\/v2\/pages\/1854\/revisions"}],"predecessor-version":[{"id":2133,"href":"http:\/\/www.javeriana.edu.co\/detodoelmundo\/wp-json\/wp\/v2\/pages\/1854\/revisions\/2133"}],"wp:attachment":[{"href":"http:\/\/www.javeriana.edu.co\/detodoelmundo\/wp-json\/wp\/v2\/media?parent=1854"}],"curies":[{"name":"wp","href":"https:\/\/api.w.org\/{rel}","templated":true}]}}