{"id":71,"date":"2017-10-10T15:55:12","date_gmt":"2017-10-10T15:55:12","guid":{"rendered":"http:\/\/www.javeriana.edu.co\/detodoelmundo\/?page_id=71"},"modified":"2024-10-14T07:54:19","modified_gmt":"2024-10-14T07:54:19","slug":"servicios","status":"publish","type":"page","link":"http:\/\/www.javeriana.edu.co\/detodoelmundo\/servicios\/","title":{"rendered":"Servicios"},"content":{"rendered":"<p>[et_pb_section bb_built=&#8221;1&#8243; fullwidth=&#8221;on&#8221; _builder_version=&#8221;3.0.89&#8243;][et_pb_fullwidth_slider admin_label=&#8221;Slider-Encabezado&#8221; _builder_version=&#8221;3.0.91&#8243; custom_margin=&#8221;|||&#8221; custom_padding=&#8221;25%|||&#8221; auto=&#8221;on&#8221; auto_speed=&#8221;6000&#8243; show_arrows=&#8221;on&#8221; show_pagination=&#8221;on&#8221; show_inner_shadow=&#8221;on&#8221; custom_button=&#8221;off&#8221; button_icon_placement=&#8221;right&#8221; show_content_on_mobile=&#8221;on&#8221; show_cta_on_mobile=&#8221;on&#8221; show_image_video_mobile=&#8221;off&#8221;] [et_pb_slide use_bg_overlay=&#8221;off&#8221; use_text_overlay=&#8221;off&#8221; _builder_version=&#8221;3.0.89&#8243; background_image=&#8221;http:\/\/www.javeriana.edu.co\/detodoelmundo\/wp-content\/uploads\/2017\/10\/servicios_1.jpg&#8221; background_color=&#8221;#ffffff&#8221; use_background_color_gradient=&#8221;off&#8221; background_color_gradient_start=&#8221;#2b87da&#8221; background_color_gradient_end=&#8221;#29c4a9&#8243; background_color_gradient_type=&#8221;linear&#8221; background_color_gradient_direction=&#8221;180deg&#8221; background_color_gradient_direction_radial=&#8221;center&#8221; background_color_gradient_start_position=&#8221;0%&#8221; background_color_gradient_end_position=&#8221;100%&#8221; background_color_gradient_overlays_image=&#8221;off&#8221; parallax=&#8221;off&#8221; parallax_method=&#8221;on&#8221; background_size=&#8221;cover&#8221; background_position=&#8221;center&#8221; background_repeat=&#8221;no-repeat&#8221; background_blend=&#8221;normal&#8221; allow_player_pause=&#8221;off&#8221; admin_title=&#8221;Imagen1&#8243; text_border_radius=&#8221;3&#8243; alignment=&#8221;center&#8221; background_layout=&#8221;dark&#8221; \/][et_pb_slide use_bg_overlay=&#8221;off&#8221; use_text_overlay=&#8221;off&#8221; _builder_version=&#8221;3.0.89&#8243; background_image=&#8221;http:\/\/www.javeriana.edu.co\/detodoelmundo\/wp-content\/uploads\/2017\/10\/servicios_2.jpg&#8221; background_color=&#8221;#ffffff&#8221; use_background_color_gradient=&#8221;off&#8221; background_color_gradient_start=&#8221;#2b87da&#8221; background_color_gradient_end=&#8221;#29c4a9&#8243; background_color_gradient_type=&#8221;linear&#8221; background_color_gradient_direction=&#8221;180deg&#8221; background_color_gradient_direction_radial=&#8221;center&#8221; background_color_gradient_start_position=&#8221;0%&#8221; background_color_gradient_end_position=&#8221;100%&#8221; background_color_gradient_overlays_image=&#8221;off&#8221; parallax=&#8221;off&#8221; parallax_method=&#8221;on&#8221; background_size=&#8221;cover&#8221; background_position=&#8221;center&#8221; background_repeat=&#8221;no-repeat&#8221; background_blend=&#8221;normal&#8221; allow_player_pause=&#8221;off&#8221; admin_title=&#8221;Imagen2&#8243; text_border_radius=&#8221;3&#8243; alignment=&#8221;center&#8221; background_layout=&#8221;dark&#8221; \/] [\/et_pb_fullwidth_slider][\/et_pb_section][et_pb_section bb_built=&#8221;1&#8243; _builder_version=&#8221;3.0.79&#8243; custom_margin=&#8221;0px||0px|&#8221; custom_padding=&#8221;0px||0px|&#8221; custom_css_main_element=&#8221;z-index:9999;&#8221;][et_pb_row make_fullwidth=&#8221;on&#8221; use_custom_gutter=&#8221;on&#8221; gutter_width=&#8221;1&#8243; custom_padding=&#8221;0px||0px|&#8221; custom_margin=&#8221;0px||0px|&#8221; padding_top_1=&#8221;0px&#8221; padding_bottom_1=&#8221;0px&#8221; _builder_version=&#8221;3.0.79&#8243; background_size=&#8221;initial&#8221; background_position=&#8221;top_left&#8221; background_repeat=&#8221;repeat&#8221;][et_pb_column type=&#8221;4_4&#8243;][et_pb_divider admin_label=&#8221;Divisor_TOP&#8221; color=&#8221;#e36b30&#8243; show_divider=&#8221;on&#8221; divider_weight=&#8221;15px&#8221; _builder_version=&#8221;3.0.89&#8243; custom_margin=&#8221;0px||-8px|&#8221; custom_padding=&#8221;0px||0px|&#8221; custom_css_after=&#8221;content: %22%22;||width: 92px!important;||height: 62px;||background-color: transparent;||position: relative;||display: block;||padding: 0px;||margin-left: auto;||margin-right: auto;||margin-top: -28px;||background-image: url(\/detodoelmundo\/wp-content\/uploads\/2017\/10\/triangulillo.png);&#8221; \/][\/et_pb_column][\/et_pb_row][\/et_pb_section][et_pb_section bb_built=&#8221;1&#8243; background_color=&#8221;#e6e6e6&#8243; _builder_version=&#8221;3.0.86&#8243; custom_padding=&#8221;48.4375px|1px|48.4375px|0px&#8221; custom_css_before=&#8221;content:%22%22;||width:493px;||height:482px;||position:absolute;||display: block;||right:-265px;||top:-190px;||background-image:url(%22\/detodoelmundo\/wp-content\/uploads\/2017\/10\/back_dis1.png%22);||background-repeat: no-repeat;||background-size: 80%;&#8221; custom_css_main_element=&#8221;overflow:hidden;&#8221;][et_pb_row _builder_version=&#8221;3.0.47&#8243; background_size=&#8221;initial&#8221; background_position=&#8221;top_left&#8221; background_repeat=&#8221;repeat&#8221; _i=&#8221;0&#8243; _address=&#8221;2.0&#8243;][et_pb_column type=&#8221;4_4&#8243;][et_pb_text admin_label=&#8221;T\u00edtulo Servicios&#8221; _builder_version=&#8221;3.0.91&#8243; custom_margin=&#8221;||0px|&#8221; custom_padding=&#8221;|||&#8221; background_layout=&#8221;light&#8221;]<\/p>\n<h1 class=\"titulo_general\">Servicios<\/h1>\n<p>[\/et_pb_text][\/et_pb_column][\/et_pb_row][et_pb_row _builder_version=&#8221;3.0.79&#8243; background_size=&#8221;initial&#8221; background_position=&#8221;top_left&#8221; background_repeat=&#8221;repeat&#8221;][et_pb_column type=&#8221;4_4&#8243;][et_pb_text admin_label=&#8221;Texto Servicios&#8221; _builder_version=&#8221;3.0.89&#8243; background_layout=&#8221;light&#8221;]<\/p>\n<p>Sabemos que no basta con las palabras, ni con los mensajes, las ideas, los conocimientos y los an\u00e1lisis; pero si estos nos llevan a comprobar que siempre hay otros con quienes podemos contar, entonces, aunque no baste, es un buen primer gran paso.<\/p>\n<p>Ya muchos han dicho que aprendemos para cambiar el mundo, para hacerlo mejor, y justamente <em>Servicios<\/em> es un espacio en el cual podr\u00e1s encontrar informaci\u00f3n indispensable sobre marcos de protecci\u00f3n, organizaciones y personas que te protegen como migrante, que te extienden una mano para que camines sin preocupaciones por ese puente llamado frontera y para que entres a esta casa que es de todo el mundo.<\/p>\n<p>[\/et_pb_text][\/et_pb_column][\/et_pb_row][\/et_pb_section][et_pb_section bb_built=&#8221;1&#8243; _builder_version=&#8221;3.0.79&#8243; custom_margin=&#8221;0px||0px|&#8221; custom_padding=&#8221;0px||0px|&#8221;][et_pb_row make_fullwidth=&#8221;on&#8221; use_custom_gutter=&#8221;on&#8221; gutter_width=&#8221;1&#8243; custom_padding=&#8221;0px||0px|&#8221; custom_margin=&#8221;0px||0px|&#8221; background_color=&#8221;rgba(0,0,0,0)&#8221; padding_top_1=&#8221;0px&#8221; padding_bottom_1=&#8221;0px&#8221; _builder_version=&#8221;3.0.79&#8243; background_size=&#8221;initial&#8221; background_position=&#8221;top_left&#8221; background_repeat=&#8221;repeat&#8221;][et_pb_column type=&#8221;4_4&#8243;][et_pb_divider admin_label=&#8221;Divisor_BOTTOM&#8221; color=&#8221;#e36b30&#8243; show_divider=&#8221;on&#8221; divider_style=&#8221;solid&#8221; divider_position=&#8221;top&#8221; divider_weight=&#8221;15px&#8221; _builder_version=&#8221;3.0.79&#8243; custom_margin=&#8221;0px||-8px|&#8221; custom_padding=&#8221;0px||0px|&#8221; custom_css_after=&#8221;content: %22%22;||width: 92px!important;||height: 62px;||background-color: transparent;||position: relative;||display: block;||padding: 0px;||margin-left: auto;||margin-right: auto;||margin-top: -66px;||background-image: url(\/detodoelmundo\/wp-content\/uploads\/2017\/10\/triangulillo.png);||-ms-transform: rotate(180deg); \/* IE 9 *\/|| -webkit-transform: rotate(180deg); \/* Chrome, Safari, Opera *\/|| transform: rotate(180deg);&#8221; \/][\/et_pb_column][\/et_pb_row][\/et_pb_section][et_pb_section bb_built=&#8221;1&#8243; _builder_version=&#8221;3.0.89&#8243; custom_margin=&#8221;|||&#8221; custom_padding=&#8221;20px||0px|&#8221; global_module=&#8221;467&#8243;][et_pb_row global_parent=&#8221;467&#8243; _builder_version=&#8221;3.0.47&#8243; background_size=&#8221;initial&#8221; background_position=&#8221;top_left&#8221; background_repeat=&#8221;repeat&#8221;][et_pb_column type=&#8221;1_2&#8243;][et_pb_image admin_label=&#8221;Logo javeriana&#8221; global_parent=&#8221;467&#8243; src=&#8221;http:\/\/www.javeriana.edu.co\/detodoelmundo\/wp-content\/uploads\/2017\/10\/jave_logo.png&#8221; align=&#8221;center&#8221; _builder_version=&#8221;3.0.89&#8243; animation_style=&#8221;fade&#8221; show_in_lightbox=&#8221;off&#8221; url=&#8221;http:\/\/www.javeriana.edu.co\/home#.Wif2xLSdXFw&#8221; url_new_window=&#8221;on&#8221; use_overlay=&#8221;off&#8221; always_center_on_mobile=&#8221;on&#8221; force_fullwidth=&#8221;off&#8221; show_bottom_space=&#8221;on&#8221; \/][\/et_pb_column][et_pb_column type=&#8221;1_2&#8243;][et_pb_image admin_label=&#8221;Logo Instituto&#8221; global_parent=&#8221;467&#8243; src=&#8221;http:\/\/www.javeriana.edu.co\/detodoelmundo\/wp-content\/uploads\/2017\/10\/instituto_logo.jpg&#8221; align=&#8221;center&#8221; _builder_version=&#8221;3.0.89&#8243; animation_style=&#8221;fade&#8221; show_in_lightbox=&#8221;off&#8221; url=&#8221;http:\/\/institutopensar.javeriana.edu.co\/&#8221; url_new_window=&#8221;on&#8221; use_overlay=&#8221;off&#8221; always_center_on_mobile=&#8221;on&#8221; force_fullwidth=&#8221;off&#8221; show_bottom_space=&#8221;on&#8221; \/][\/et_pb_column][\/et_pb_row][et_pb_row global_parent=&#8221;467&#8243; use_custom_width=&#8221;on&#8221; width_unit=&#8221;off&#8221; custom_width_percent=&#8221;100%&#8221; use_custom_gutter=&#8221;on&#8221; gutter_width=&#8221;1&#8243; custom_padding=&#8221;0px||0px|&#8221; custom_margin=&#8221;0px||0px|&#8221; background_color=&#8221;#e6e6e6&#8243; padding_top_1=&#8221;0px&#8221; padding_bottom_1=&#8221;0px&#8221; padding_top_2=&#8221;0px&#8221; padding_bottom_2=&#8221;0px&#8221; padding_top_3=&#8221;0px&#8221; padding_bottom_3=&#8221;0px&#8221; padding_top_4=&#8221;0px&#8221; padding_bottom_4=&#8221;0px&#8221; _builder_version=&#8221;3.0.89&#8243; background_size=&#8221;initial&#8221; background_position=&#8221;top_left&#8221; background_repeat=&#8221;repeat&#8221;][et_pb_column type=&#8221;1_4&#8243;][\/et_pb_column][et_pb_column type=&#8221;1_4&#8243;][\/et_pb_column][et_pb_column type=&#8221;1_4&#8243;][\/et_pb_column][et_pb_column type=&#8221;1_4&#8243;][et_pb_social_media_follow admin_label=&#8221;Redes Sociales&#8221; global_parent=&#8221;467&#8243; _builder_version=&#8221;3.0.91&#8243; border_radii=&#8221;on|100%|100%|100%|100%&#8221; custom_margin=&#8221;15px||10px|&#8221; custom_padding=&#8221;|||&#8221; url_new_window=&#8221;off&#8221; follow_button=&#8221;off&#8221; background_layout=&#8221;light&#8221;] [et_pb_social_media_follow_network social_network=&#8221;facebook&#8221; url=&#8221;https:\/\/www.facebook.com\/De-todo-el-mundo-118707368813944\/&#8221; _builder_version=&#8221;3.0.86&#8243; background_color=&#8221;#3b5998&#8243; link_shape=&#8221;circle&#8221; follow_button=&#8221;off&#8221; url_new_window=&#8221;on&#8221;] Facebook [\/et_pb_social_media_follow_network][et_pb_social_media_follow_network social_network=&#8221;google-plus&#8221; url=&#8221;https:\/\/plus.google.com\/u\/0\/117904463846518595459&#8243; _builder_version=&#8221;3.0.86&#8243; background_color=&#8221;#dd4b39&#8243; link_shape=&#8221;circle&#8221; follow_button=&#8221;off&#8221; url_new_window=&#8221;on&#8221;] Google+ [\/et_pb_social_media_follow_network][et_pb_social_media_follow_network social_network=&#8221;instagram&#8221; url=&#8221;https:\/\/www.instagram.com\/migracionesdetodoelmundo&#8221; _builder_version=&#8221;3.0.86&#8243; background_color=&#8221;#517fa4&#8243; link_shape=&#8221;circle&#8221; follow_button=&#8221;off&#8221; url_new_window=&#8221;on&#8221;] Instagram [\/et_pb_social_media_follow_network] [\/et_pb_social_media_follow][\/et_pb_column][\/et_pb_row][\/et_pb_section]<\/p>\n","protected":false},"excerpt":{"rendered":"<p>[et_pb_section bb_built=&#8221;1&#8243; fullwidth=&#8221;on&#8221; _builder_version=&#8221;3.0.89&#8243;][et_pb_fullwidth_slider admin_label=&#8221;Slider-Encabezado&#8221; _builder_version=&#8221;3.0.91&#8243; custom_margin=&#8221;|||&#8221; custom_padding=&#8221;25%|||&#8221; auto=&#8221;on&#8221; auto_speed=&#8221;6000&#8243; show_arrows=&#8221;on&#8221; show_pagination=&#8221;on&#8221; show_inner_shadow=&#8221;on&#8221; custom_button=&#8221;off&#8221; button_icon_placement=&#8221;right&#8221; show_content_on_mobile=&#8221;on&#8221; show_cta_on_mobile=&#8221;on&#8221; show_image_video_mobile=&#8221;off&#8221;] [et_pb_slide use_bg_overlay=&#8221;off&#8221; use_text_overlay=&#8221;off&#8221; _builder_version=&#8221;3.0.89&#8243; background_image=&#8221;http:\/\/www.javeriana.edu.co\/detodoelmundo\/wp-content\/uploads\/2017\/10\/servicios_1.jpg&#8221; background_color=&#8221;#ffffff&#8221; use_background_color_gradient=&#8221;off&#8221; background_color_gradient_start=&#8221;#2b87da&#8221; background_color_gradient_end=&#8221;#29c4a9&#8243; background_color_gradient_type=&#8221;linear&#8221; background_color_gradient_direction=&#8221;180deg&#8221; background_color_gradient_direction_radial=&#8221;center&#8221; background_color_gradient_start_position=&#8221;0%&#8221; background_color_gradient_end_position=&#8221;100%&#8221; background_color_gradient_overlays_image=&#8221;off&#8221; parallax=&#8221;off&#8221; parallax_method=&#8221;on&#8221; background_size=&#8221;cover&#8221; background_position=&#8221;center&#8221; background_repeat=&#8221;no-repeat&#8221; background_blend=&#8221;normal&#8221; allow_player_pause=&#8221;off&#8221; admin_title=&#8221;Imagen1&#8243; text_border_radius=&#8221;3&#8243; alignment=&#8221;center&#8221; background_layout=&#8221;dark&#8221; \/][et_pb_slide use_bg_overlay=&#8221;off&#8221; use_text_overlay=&#8221;off&#8221; _builder_version=&#8221;3.0.89&#8243; background_image=&#8221;http:\/\/www.javeriana.edu.co\/detodoelmundo\/wp-content\/uploads\/2017\/10\/servicios_2.jpg&#8221; background_color=&#8221;#ffffff&#8221; use_background_color_gradient=&#8221;off&#8221; background_color_gradient_start=&#8221;#2b87da&#8221; background_color_gradient_end=&#8221;#29c4a9&#8243; background_color_gradient_type=&#8221;linear&#8221; background_color_gradient_direction=&#8221;180deg&#8221; [&hellip;]<\/p>\n","protected":false},"author":1,"featured_media":0,"parent":0,"menu_order":0,"comment_status":"closed","ping_status":"closed","template":"","meta":{"_et_pb_use_builder":"on","_et_pb_old_content":"","_et_gb_content_width":"","footnotes":""},"_links":{"self":[{"href":"http:\/\/www.javeriana.edu.co\/detodoelmundo\/wp-json\/wp\/v2\/pages\/71"}],"collection":[{"href":"http:\/\/www.javeriana.edu.co\/detodoelmundo\/wp-json\/wp\/v2\/pages"}],"about":[{"href":"http:\/\/www.javeriana.edu.co\/detodoelmundo\/wp-json\/wp\/v2\/types\/page"}],"author":[{"embeddable":true,"href":"http:\/\/www.javeriana.edu.co\/detodoelmundo\/wp-json\/wp\/v2\/users\/1"}],"replies":[{"embeddable":true,"href":"http:\/\/www.javeriana.edu.co\/detodoelmundo\/wp-json\/wp\/v2\/comments?post=71"}],"version-history":[{"count":7,"href":"http:\/\/www.javeriana.edu.co\/detodoelmundo\/wp-json\/wp\/v2\/pages\/71\/revisions"}],"predecessor-version":[{"id":821,"href":"http:\/\/www.javeriana.edu.co\/detodoelmundo\/wp-json\/wp\/v2\/pages\/71\/revisions\/821"}],"wp:attachment":[{"href":"http:\/\/www.javeriana.edu.co\/detodoelmundo\/wp-json\/wp\/v2\/media?parent=71"}],"curies":[{"name":"wp","href":"https:\/\/api.w.org\/{rel}","templated":true}]}}