{"id":73,"date":"2017-10-10T15:55:30","date_gmt":"2017-10-10T15:55:30","guid":{"rendered":"http:\/\/www.javeriana.edu.co\/detodoelmundo\/?page_id=73"},"modified":"2022-09-28T15:40:40","modified_gmt":"2022-09-28T15:40:40","slug":"contacto","status":"publish","type":"page","link":"http:\/\/www.javeriana.edu.co\/detodoelmundo\/contacto\/","title":{"rendered":"Contacto"},"content":{"rendered":"<p>[et_pb_section bb_built=&#8221;1&#8243; fullwidth=&#8221;on&#8221; _builder_version=&#8221;3.0.86&#8243;][et_pb_fullwidth_image admin_label=&#8221;Slider-Encabezado&#8221; src=&#8221;https:\/\/www.javeriana.edu.co\/detodoelmundo\/wp-content\/uploads\/2017\/10\/publicaciones_3.jpg&#8221; _builder_version=&#8221;3.0.91&#8243; \/][\/et_pb_section][et_pb_section bb_built=&#8221;1&#8243; _builder_version=&#8221;3.0.47&#8243;][et_pb_row _builder_version=&#8221;3.0.47&#8243; background_size=&#8221;initial&#8221; background_position=&#8221;top_left&#8221; background_repeat=&#8221;repeat&#8221;][et_pb_column type=&#8221;4_4&#8243;][et_pb_text _builder_version=&#8221;3.0.91&#8243;]<\/p>\n<p>\u00a0 \u00a0 \u00a0 \u00a0 \u00a0 \u00a0 \u00a0 \u00a0 \u00a0 \u00a0 \u00a0 \u00a0 \u00a0 \u00a0 \u00a0 \u00a0<span style=\"font-size: x-large;\"><strong>Maestr\u00eda en Estudios Cr\u00edticos de las Migraciones Contempor\u00e1neas<\/strong><\/span><\/p>\n<p>&nbsp;<\/p>\n<p>P\u00e1gina web<\/p>\n<p>https:\/\/www.javeriana.edu.co\/maestria-estudios-criticos-migraciones-contemporaneas-virtual<\/p>\n<p>&nbsp;<\/p>\n<p>\u00a0 \u00a0 \u00a0 \u00a0 \u00a0 \u00a0 \u00a0 \u00a0 \u00a0 \u00a0 \u00a0 \u00a0 \u00a0 \u00a0 \u00a0 \u00a0 \u00a0 \u00a0 \u00a0 \u00a0 \u00a0 \u00a0 \u00a0 \u00a0 \u00a0 \u00a0 \u00a0 \u00a0 \u00a0 \u00a0 \u00a0 \u00a0 \u00a0 \u00a0 \u00a0 \u00a0 \u00a0 \u00a0 \u00a0 \u00a0 \u00a0 \u00a0 \u00a0 \u00a0 \u00a0<span style=\"font-size: x-large;\"><strong>Informaci\u00f3n \/ Inscripciones<\/strong><\/span><\/p>\n<p>&nbsp;<\/p>\n<p>Contacto Coordinaci\u00f3n<\/p>\n<p>(5-71)3208320 Ext-5440<\/p>\n<p>&nbsp;<\/p>\n<p>Correo Maestr\u00eda<\/p>\n<p>maestriamigraciones@javeriana.edu.co<\/p>\n<p>&nbsp;<\/p>\n<p>Correo institucional<\/p>\n<p>pensar@javeriana.edu.co<\/p>\n<p>&nbsp;<\/p>\n<p>Direcci\u00f3n Instituto Pensar<\/p>\n<p>Cra 7a # 40-62 Ed. Pablo VI, piso 1 Bogot\u00e1, Colombia<\/p>\n<p>[\/et_pb_text][\/et_pb_column][\/et_pb_row][\/et_pb_section][et_pb_section bb_built=&#8221;1&#8243; _builder_version=&#8221;3.0.47&#8243;][et_pb_row _builder_version=&#8221;3.0.47&#8243; background_size=&#8221;initial&#8221; background_position=&#8221;top_left&#8221; background_repeat=&#8221;repeat&#8221;][et_pb_column type=&#8221;4_4&#8243;][et_pb_contact_form admin_label=&#8221;Formulario de Contacto&#8221; email=&#8221;migracionesdetodoelmundo@gmail.com &#8221; title=&#8221;Cont\u00e1ctanos&#8221; submit_button_text=&#8221;Enviar&#8221; module_id=&#8221;et_pb_contact_form_0&#8243; _builder_version=&#8221;3.0.91&#8243;]<\/p>\n<p>[et_pb_contact_field field_id=&#8221;Name&#8221; field_title=&#8221;Nombre&#8221; _builder_version=&#8221;3.0.91&#8243;][\/et_pb_contact_field][et_pb_contact_field field_id=&#8221;Email&#8221; field_title=&#8221;Correo electr\u00f3nico&#8221; field_type=&#8221;email&#8221; _builder_version=&#8221;3.0.91&#8243;][\/et_pb_contact_field][et_pb_contact_field field_id=&#8221;Message&#8221; field_title=&#8221;Mensaje&#8221; field_type=&#8221;text&#8221; fullwidth_field=&#8221;on&#8221; _builder_version=&#8221;3.0.91&#8243;][\/et_pb_contact_field]<\/p>\n<p>[\/et_pb_contact_form][\/et_pb_column][\/et_pb_row][\/et_pb_section][et_pb_section bb_built=&#8221;1&#8243; background_color=&#8221;#e6e6e6&#8243; _builder_version=&#8221;3.0.91&#8243; custom_padding=&#8221;48.4375px|1px|48.4375px|0px&#8221; custom_css_before=&#8221;content:%22%22;||width:493px;||height:482px;||position:absolute;||display: block;||right:-265px;||top:-190px;||background-image:url(%22\/detodoelmundo\/wp-content\/uploads\/2017\/10\/back_dis1.png%22);||background-repeat: no-repeat;||background-size: 80%;&#8221; custom_css_main_element=&#8221;overflow:hidden;&#8221;][et_pb_row _builder_version=&#8221;3.0.47&#8243; background_size=&#8221;initial&#8221; background_position=&#8221;top_left&#8221; background_repeat=&#8221;repeat&#8221;][et_pb_column type=&#8221;4_4&#8243;][et_pb_text admin_label=&#8221;T\u00edtulo Cr\u00e9ditos&#8221; _builder_version=&#8221;3.0.91&#8243; custom_margin=&#8221;||0px|&#8221; custom_padding=&#8221;|||&#8221;]<\/p>\n<h1 class=\"titulo_general\">Cr\u00e9ditos<\/h1>\n<p>[\/et_pb_text][\/et_pb_column][\/et_pb_row][et_pb_row _builder_version=&#8221;3.0.79&#8243; background_size=&#8221;initial&#8221; background_position=&#8221;top_left&#8221; background_repeat=&#8221;repeat&#8221;][et_pb_column type=&#8221;4_4&#8243;][et_pb_text admin_label=&#8221;Subt\u00edtulo Instituto Pensar&#8221; _builder_version=&#8221;3.0.91&#8243; text_orientation=&#8221;center&#8221; module_alignment=&#8221;center&#8221;]<\/p>\n<h2 class=\"subtitulo\" style=\"text-align: center;\">Instituto Pensar<\/h2>\n<p>[\/et_pb_text][et_pb_text admin_label=&#8221;Texto Instituto Pensar&#8221; _builder_version=&#8221;3.0.91&#8243; text_orientation=&#8221;center&#8221; module_alignment=&#8221;center&#8221;]<\/p>\n<p><strong>Oscar Andres Hernandez Salgar<\/strong><\/p>\n<p>Director<\/p>\n<p><strong>Wooldy Edson Louidor<\/strong><\/p>\n<p>Profesor investigador<\/p>\n<p><strong>Martitza Palma<\/strong><\/p>\n<p><strong>Lady Karina Su\u00e1rez<\/strong><\/p>\n<p>Practicantes<\/p>\n<p>[\/et_pb_text][\/et_pb_column][\/et_pb_row][et_pb_row _builder_version=&#8221;3.0.79&#8243; background_size=&#8221;initial&#8221; background_position=&#8221;top_left&#8221; background_repeat=&#8221;repeat&#8221;][et_pb_column type=&#8221;4_4&#8243;][et_pb_text admin_label=&#8221;Subt\u00edtulo Centro \u00c1tico&#8221; _builder_version=&#8221;3.0.91&#8243; text_orientation=&#8221;center&#8221; module_alignment=&#8221;center&#8221;]<\/p>\n<h2 class=\"subtitulo\" style=\"text-align: center;\">Centro \u00c1tico<\/h2>\n<p>[\/et_pb_text][\/et_pb_column][\/et_pb_row][et_pb_row _builder_version=&#8221;3.0.47&#8243; background_size=&#8221;initial&#8221; background_position=&#8221;top_left&#8221; background_repeat=&#8221;repeat&#8221;][et_pb_column type=&#8221;1_2&#8243;][et_pb_text admin_label=&#8221;Texto1 Centro \u00c1tico&#8221; _builder_version=&#8221;3.0.91&#8243; text_orientation=&#8221;center&#8221; module_alignment=&#8221;center&#8221;]<\/p>\n<p><strong>Germ\u00e1n Franco D\u00edez<\/strong><br \/>\nDirector<\/p>\n<p><strong>Teresa Loayza S\u00e1nchez<\/strong><br \/>\nCoordinadora de Proyectos y Contenidos<\/p>\n<p><strong>Mar\u00eda Ang\u00e9lica Ossa<\/strong><br \/>\nCoordinadora de Producci\u00f3n<\/p>\n<p><strong>Sandro Gonz\u00e1lez Bustos<\/strong><br \/>\nL\u00edder de proyecto<\/p>\n<p><strong>Sara Berr\u00edo<\/strong><br \/>\nProducci\u00f3n<\/p>\n<p>[\/et_pb_text][\/et_pb_column][et_pb_column type=&#8221;1_2&#8243;][et_pb_text admin_label=&#8221;Texto2 Centro \u00c1tico&#8221; _builder_version=&#8221;3.0.91&#8243; text_orientation=&#8221;center&#8221; module_alignment=&#8221;center&#8221;]<\/p>\n<p><strong>Juan David Vargas<\/strong><\/p>\n<p>Dise\u00f1o gr\u00e1fico y animaci\u00f3n<\/p>\n<p><strong>Andr\u00e9s Paipa<\/strong><\/p>\n<p><strong>Javier Sebastian Monta\u00f1o Vasquez<\/strong><\/p>\n<p>Maquetaci\u00f3n<\/p>\n<p><strong>Carolina Robledo<\/strong><\/p>\n<p>Juan Felipe Restrepo<\/p>\n<p>Realizaci\u00f3n audiovisual<\/p>\n<p><strong>Andr\u00e9s Prieto<\/strong><\/p>\n<p>Emilio Rodr\u00edguez<\/p>\n<p>Fotograf\u00eda y C\u00e1mara<\/p>\n<p><strong>Iv\u00e1n Rodr\u00edguez<\/strong><\/p>\n<p>Sonorizaci\u00f3n<\/p>\n<p>[\/et_pb_text][\/et_pb_column][\/et_pb_row][\/et_pb_section][et_pb_section bb_built=&#8221;1&#8243; _builder_version=&#8221;3.0.79&#8243; custom_margin=&#8221;0px||0px|&#8221; custom_padding=&#8221;0px||0px|&#8221;][et_pb_row make_fullwidth=&#8221;on&#8221; use_custom_gutter=&#8221;on&#8221; gutter_width=&#8221;1&#8243; custom_padding=&#8221;0px||0px|&#8221; custom_margin=&#8221;0px||0px|&#8221; background_color=&#8221;rgba(0,0,0,0)&#8221; padding_top_1=&#8221;0px&#8221; padding_bottom_1=&#8221;0px&#8221; _builder_version=&#8221;3.0.79&#8243; background_size=&#8221;initial&#8221; background_position=&#8221;top_left&#8221; background_repeat=&#8221;repeat&#8221;][et_pb_column type=&#8221;4_4&#8243;][et_pb_divider admin_label=&#8221;Divisor_BOTTOM&#8221; color=&#8221;#e36b30&#8243; show_divider=&#8221;on&#8221; divider_weight=&#8221;15px&#8221; _builder_version=&#8221;3.0.79&#8243; custom_margin=&#8221;0px||-8px|&#8221; custom_padding=&#8221;0px||0px|&#8221; custom_css_after=&#8221;content: %22%22;||width: 92px!important;||height: 62px;||background-color: transparent;||position: relative;||display: block;||padding: 0px;||margin-left: auto;||margin-right: auto;||margin-top: -66px;||background-image: url(\/detodoelmundo\/wp-content\/uploads\/2017\/10\/triangulillo.png);||-ms-transform: rotate(180deg); \/* IE 9 *\/|| -webkit-transform: rotate(180deg); \/* Chrome, Safari, Opera *\/|| transform: rotate(180deg);&#8221; \/][\/et_pb_column][\/et_pb_row][\/et_pb_section][et_pb_section bb_built=&#8221;1&#8243; _builder_version=&#8221;3.0.91&#8243; custom_margin=&#8221;|||&#8221; custom_padding=&#8221;20px||0px|&#8221; global_module=&#8221;467&#8243;][et_pb_row global_parent=&#8221;467&#8243; _builder_version=&#8221;3.0.91&#8243; background_size=&#8221;initial&#8221; background_position=&#8221;top_left&#8221; background_repeat=&#8221;repeat&#8221; custom_padding=&#8221;27px|0px|36px|0px&#8221;][et_pb_column type=&#8221;1_2&#8243;][et_pb_image admin_label=&#8221;Logo Javeriana&#8221; global_parent=&#8221;467&#8243; src=&#8221;http:\/\/www.javeriana.edu.co\/detodoelmundo\/wp-content\/uploads\/2017\/10\/jave_logo.png&#8221; align=&#8221;center&#8221; _builder_version=&#8221;3.0.91&#8243; show_in_lightbox=&#8221;off&#8221; url_new_window=&#8221;off&#8221; use_overlay=&#8221;off&#8221; always_center_on_mobile=&#8221;on&#8221; force_fullwidth=&#8221;off&#8221; show_bottom_space=&#8221;on&#8221; \/][\/et_pb_column][et_pb_column type=&#8221;1_2&#8243;][et_pb_image admin_label=&#8221;Logo Instituto&#8221; global_parent=&#8221;467&#8243; src=&#8221;https:\/\/www.javeriana.edu.co\/detodoelmundo\/wp-content\/uploads\/2022\/06\/logo-pensar-vectorizado.png&#8221; align=&#8221;center&#8221; _builder_version=&#8221;3.0.91&#8243; animation_style=&#8221;fade&#8221; max_width=&#8221;53%&#8221; \/][\/et_pb_column][\/et_pb_row][et_pb_row global_parent=&#8221;467&#8243; use_custom_width=&#8221;on&#8221; width_unit=&#8221;off&#8221; custom_width_percent=&#8221;100%&#8221; use_custom_gutter=&#8221;on&#8221; gutter_width=&#8221;1&#8243; custom_padding=&#8221;0px||0px|&#8221; custom_margin=&#8221;0px||0px|&#8221; background_color=&#8221;#e6e6e6&#8243; padding_top_1=&#8221;0px&#8221; padding_bottom_1=&#8221;0px&#8221; padding_top_2=&#8221;0px&#8221; padding_bottom_2=&#8221;0px&#8221; padding_top_3=&#8221;0px&#8221; padding_bottom_3=&#8221;0px&#8221; padding_top_4=&#8221;0px&#8221; padding_bottom_4=&#8221;0px&#8221; _builder_version=&#8221;3.0.91&#8243; background_size=&#8221;initial&#8221; background_position=&#8221;top_left&#8221; background_repeat=&#8221;repeat&#8221;][et_pb_column type=&#8221;1_4&#8243;][\/et_pb_column][et_pb_column type=&#8221;1_4&#8243;][\/et_pb_column][et_pb_column type=&#8221;1_4&#8243;][\/et_pb_column][et_pb_column type=&#8221;1_4&#8243;][et_pb_social_media_follow admin_label=&#8221;Redes Sociales&#8221; global_parent=&#8221;467&#8243; url_new_window=&#8221;off&#8221; _builder_version=&#8221;3.0.91&#8243; border_radii=&#8221;on|100%|100%|100%|100%&#8221; custom_margin=&#8221;15px||10px|&#8221; custom_padding=&#8221;|||&#8221;]<\/p>\n<p>[et_pb_social_media_follow_network social_network=&#8221;facebook&#8221; url=&#8221;https:\/\/www.facebook.com\/InstitutoPensarPUJ&#8221; _builder_version=&#8221;3.0.91&#8243; background_color=&#8221;#3b5998&#8243; border_radii=&#8221;on|3px|3px|3px|3px&#8221; follow_button=&#8221;off&#8221; url_new_window=&#8221;off&#8221;]<\/p>\n<p>Facebook<\/p>\n<p>[\/et_pb_social_media_follow_network][et_pb_social_media_follow_network social_network=&#8221;youtube&#8221; url=&#8221;https:\/\/www.youtube.com\/channel\/UCAnSwEOstyJBx2MfNTXjlLw&#8221; _builder_version=&#8221;3.0.91&#8243; background_color=&#8221;#a82400&#8243; border_radii=&#8221;on|3px|3px|3px|3px&#8221; follow_button=&#8221;off&#8221; url_new_window=&#8221;off&#8221;]<\/p>\n<p>Youtube<\/p>\n<p>[\/et_pb_social_media_follow_network]<\/p>\n<p>[\/et_pb_social_media_follow][\/et_pb_column][\/et_pb_row][\/et_pb_section]<\/p>\n","protected":false},"excerpt":{"rendered":"<p>[et_pb_section bb_built=&#8221;1&#8243; fullwidth=&#8221;on&#8221; _builder_version=&#8221;3.0.86&#8243;][et_pb_fullwidth_image admin_label=&#8221;Slider-Encabezado&#8221; src=&#8221;https:\/\/www.javeriana.edu.co\/detodoelmundo\/wp-content\/uploads\/2017\/10\/publicaciones_3.jpg&#8221; _builder_version=&#8221;3.0.91&#8243; \/][\/et_pb_section][et_pb_section bb_built=&#8221;1&#8243; _builder_version=&#8221;3.0.47&#8243;][et_pb_row _builder_version=&#8221;3.0.47&#8243; background_size=&#8221;initial&#8221; background_position=&#8221;top_left&#8221; background_repeat=&#8221;repeat&#8221;][et_pb_column type=&#8221;4_4&#8243;][et_pb_text _builder_version=&#8221;3.0.91&#8243;] \u00a0 \u00a0 \u00a0 \u00a0 \u00a0 \u00a0 \u00a0 \u00a0 \u00a0 \u00a0 \u00a0 \u00a0 \u00a0 \u00a0 \u00a0 \u00a0Maestr\u00eda en Estudios Cr\u00edticos de las Migraciones Contempor\u00e1neas &nbsp; P\u00e1gina web https:\/\/www.javeriana.edu.co\/maestria-estudios-criticos-migraciones-contemporaneas-virtual &nbsp; \u00a0 \u00a0 \u00a0 \u00a0 \u00a0 \u00a0 \u00a0 \u00a0 \u00a0 \u00a0 \u00a0 [&hellip;]<\/p>\n","protected":false},"author":1,"featured_media":0,"parent":0,"menu_order":0,"comment_status":"closed","ping_status":"closed","template":"","meta":{"_et_pb_use_builder":"on","_et_pb_old_content":"","_et_gb_content_width":"","footnotes":""},"_links":{"self":[{"href":"http:\/\/www.javeriana.edu.co\/detodoelmundo\/wp-json\/wp\/v2\/pages\/73"}],"collection":[{"href":"http:\/\/www.javeriana.edu.co\/detodoelmundo\/wp-json\/wp\/v2\/pages"}],"about":[{"href":"http:\/\/www.javeriana.edu.co\/detodoelmundo\/wp-json\/wp\/v2\/types\/page"}],"author":[{"embeddable":true,"href":"http:\/\/www.javeriana.edu.co\/detodoelmundo\/wp-json\/wp\/v2\/users\/1"}],"replies":[{"embeddable":true,"href":"http:\/\/www.javeriana.edu.co\/detodoelmundo\/wp-json\/wp\/v2\/comments?post=73"}],"version-history":[{"count":25,"href":"http:\/\/www.javeriana.edu.co\/detodoelmundo\/wp-json\/wp\/v2\/pages\/73\/revisions"}],"predecessor-version":[{"id":2407,"href":"http:\/\/www.javeriana.edu.co\/detodoelmundo\/wp-json\/wp\/v2\/pages\/73\/revisions\/2407"}],"wp:attachment":[{"href":"http:\/\/www.javeriana.edu.co\/detodoelmundo\/wp-json\/wp\/v2\/media?parent=73"}],"curies":[{"name":"wp","href":"https:\/\/api.w.org\/{rel}","templated":true}]}}