{"id":4012,"date":"2024-03-21T18:51:51","date_gmt":"2024-03-21T18:51:51","guid":{"rendered":"https:\/\/proyectos.hdvisual.co\/naska\/enmente\/?page_id=4012"},"modified":"2024-11-21T00:37:36","modified_gmt":"2024-11-21T05:37:36","slug":"comunidad-educativa","status":"publish","type":"page","link":"https:\/\/www.javeriana.edu.co\/enmental\/foro\/comunidad-educativa\/","title":{"rendered":"Comunidad educativa"},"content":{"rendered":"\t\t<div data-elementor-type=\"wp-page\" data-elementor-id=\"4012\" class=\"elementor elementor-4012\" data-elementor-post-type=\"page\">\n\t\t\t\t<div class=\"elementor-element elementor-element-6e1148c e-flex e-con-boxed e-con e-parent\" data-id=\"6e1148c\" data-element_type=\"container\" data-settings=\"{&quot;background_background&quot;:&quot;classic&quot;,&quot;_ha_eqh_enable&quot;:false}\">\n\t\t\t\t\t<div class=\"e-con-inner\">\n\t\t<div class=\"elementor-element elementor-element-63b3869 e-con-full e-flex e-con e-child\" data-id=\"63b3869\" data-element_type=\"container\" data-settings=\"{&quot;_ha_eqh_enable&quot;:false}\">\n\t\t\t\t<div class=\"elementor-element elementor-element-4d6616e elementor-hidden-desktop elementor-hidden-tablet elementor-hidden-mobile exad-glass-effect-no elementor-widget elementor-widget-heading\" data-id=\"4d6616e\" data-element_type=\"widget\" data-widget_type=\"heading.default\">\n\t\t\t\t<div class=\"elementor-widget-container\">\n\t\t\t<h1 class=\"elementor-heading-title elementor-size-default\">Foro en l\u00ednea para la comunidad educativa<\/h1>\t\t<\/div>\n\t\t\t\t<\/div>\n\t\t\t\t<div class=\"elementor-element elementor-element-890d67f exad-glass-effect-no elementor-widget elementor-widget-heading\" data-id=\"890d67f\" data-element_type=\"widget\" data-widget_type=\"heading.default\">\n\t\t\t\t<div class=\"elementor-widget-container\">\n\t\t\t<h2 class=\"elementor-heading-title elementor-size-default\">Comunidad para <\/h2>\t\t<\/div>\n\t\t\t\t<\/div>\n\t\t\t\t<div class=\"elementor-element elementor-element-d707c84 exad-glass-effect-no elementor-widget elementor-widget-exad-exclusive-heading\" data-id=\"d707c84\" data-element_type=\"widget\" data-widget_type=\"exad-exclusive-heading.default\">\n\t\t\t\t<div class=\"elementor-widget-container\">\n\t\t\t\r\n        <div class=\"exad-exclusive-heading\">\r\n            <div class=\"exad-exclusive-heading-wrapper  exad-heading-image-gradient\">\r\n\t\t\t\r\n                <h2 data-content=\"comunidad educativa\" class=\"exad-exclusive-heading-title\">\r\n\t\t\t\t\tcomunidad educativa\t\t\t\t<\/h2>\r\n\t\r\n                \r\n            <\/div>\r\n        <\/div>\r\n\t\t\t<\/div>\n\t\t\t\t<\/div>\n\t\t\t\t<div class=\"elementor-element elementor-element-73ad7f0 elementor-widget__width-initial exad-glass-effect-no elementor-widget elementor-widget-heading\" data-id=\"73ad7f0\" data-element_type=\"widget\" data-widget_type=\"heading.default\">\n\t\t\t\t<div class=\"elementor-widget-container\">\n\t\t\t<p class=\"elementor-heading-title elementor-size-default\">Este foro es para ti si eres educador, orientador escolar, docente administrativo o si formas parte de la comunidad escolar.\n\n\n<\/p>\t\t<\/div>\n\t\t\t\t<\/div>\n\t\t\t\t<\/div>\n\t\t\t\t\t<\/div>\n\t\t\t\t<\/div>\n\t\t<div class=\"elementor-element elementor-element-506fe41 e-flex e-con-boxed e-con e-parent\" data-id=\"506fe41\" data-element_type=\"container\" data-settings=\"{&quot;_ha_eqh_enable&quot;:false}\">\n\t\t\t\t\t<div class=\"e-con-inner\">\n\t\t<div class=\"elementor-element elementor-element-5a18a4b e-con-full e-flex e-con e-child\" data-id=\"5a18a4b\" data-element_type=\"container\" data-settings=\"{&quot;_ha_eqh_enable&quot;:false}\">\n\t\t\t\t<div class=\"elementor-element elementor-element-783acdf elementor-position-top elementor-position-top exad-glass-effect-no elementor-widget elementor-widget-image-box\" data-id=\"783acdf\" data-element_type=\"widget\" data-widget_type=\"image-box.default\">\n\t\t\t\t<div class=\"elementor-widget-container\">\n\t\t\t<div class=\"elementor-image-box-wrapper\"><figure class=\"elementor-image-box-img\"><img fetchpriority=\"high\" decoding=\"async\" width=\"768\" height=\"768\" src=\"https:\/\/www.javeriana.edu.co\/enmental\/wp-content\/uploads\/2023\/11\/docentes-foro-2-768x768.png\" class=\"attachment-medium_large size-medium_large wp-image-3100\" alt=\"\" srcset=\"https:\/\/www.javeriana.edu.co\/enmental\/wp-content\/uploads\/2023\/11\/docentes-foro-2-768x768.png 768w, https:\/\/www.javeriana.edu.co\/enmental\/wp-content\/uploads\/2023\/11\/docentes-foro-2-300x300.png 300w, https:\/\/www.javeriana.edu.co\/enmental\/wp-content\/uploads\/2023\/11\/docentes-foro-2-1024x1024.png 1024w, https:\/\/www.javeriana.edu.co\/enmental\/wp-content\/uploads\/2023\/11\/docentes-foro-2-150x150.png 150w, https:\/\/www.javeriana.edu.co\/enmental\/wp-content\/uploads\/2023\/11\/docentes-foro-2-1536x1536.png 1536w, https:\/\/www.javeriana.edu.co\/enmental\/wp-content\/uploads\/2023\/11\/docentes-foro-2.png 1674w\" sizes=\"(max-width: 768px) 100vw, 768px\" \/><\/figure><div class=\"elementor-image-box-content\"><div class=\"elementor-image-box-title\">\u00a1Bienvenida y bienvenido a nuestro foro de apoyo para la comunidad educativa en temas de salud mental de ni\u00f1os, ni\u00f1as, adolescentes y j\u00f3venes!<\/div><p class=\"elementor-image-box-description\">En este espacio puedes compartir tus experiencias, conocimientos, estrategias y dudas para brindar un entorno de aprendizaje saludable. Este foro est\u00e1 supervisado y moderado por un profesional de la salud mental. Encuentra aqu\u00ed nuestro manual de buenas pr\u00e1cticas del foro. Hablemos sobre c\u00f3mo apoyar la salud mental de nuestros estudiantes y abordar temas cr\u00edticos en el entorno escolar. \n<br><br>\n\u00danete a la conversaci\u00f3n y exploremos maneras de promover el bienestar en las escuelas y comunidades educativas.<\/p><\/div><\/div>\t\t<\/div>\n\t\t\t\t<\/div>\n\t\t\t\t<\/div>\n\t\t<div class=\"elementor-element elementor-element-de0f9b7 e-con-full e-flex e-con e-child\" data-id=\"de0f9b7\" data-element_type=\"container\" data-settings=\"{&quot;_ha_eqh_enable&quot;:false}\">\n\t\t\t\t<div class=\"elementor-element elementor-element-7e2bfdd exad-glass-effect-no elementor-widget elementor-widget-exad-exclusive-accordion\" data-id=\"7e2bfdd\" data-element_type=\"widget\" data-widget_type=\"exad-exclusive-accordion.default\">\n\t\t\t\t<div class=\"elementor-widget-container\">\n\t\t\t    \r\n        <div class=\"exad-accordion-items\">\r\n        \t\r\n                <div class=\"exad-accordion-single-item elementor-repeater-item-cd5d8b9\">\r\n                    <div class=\"exad-accordion-title\">\r\n\r\n\t\t\t\t\t\t\t\t\t\t\t\t\t<span class=\"exad-tab-title-icon\">\r\n\t\t\t\t\t\t\t\t<i class=\"remixicon ri-chat-smile-3-line\"><\/i>\t\t\t\t\t\t\t<\/span>\r\n\t\t\t\t\t\t\r\n                        <div class=\"exad-accordion-heading\">\r\n\t\t\t\t\t\t\r\n\t\t\t\t\t\t\t\u00bfQu\u00e9 quieres <u>publicar<\/u> hoy?\t\t\t\t\t\t\t\r\n\t\t\t\t\t\t<\/div>\r\n\r\n                                            <\/div>\r\n\r\n                    <div class=\"exad-accordion-content\">\r\n                        <div class=\"exad-accordion-content-wrapper has-image-no image-position-right\">\r\n                            <div class=\"exad-accordion-text\">\r\n                                <div> Para hacer una publicaci\u00f3n debes <a href=\"http:\/\/www.javeriana.edu.co\/enmental\/?page_id=4105\"><b><u>iniciar sesi\u00f3n<\/u><\/b><\/a>.<\/div>\r\n                                                            <\/div>\r\n\r\n                            \r\n                        <\/div>\r\n                    <\/div>\r\n                <\/div>\r\n                                                <\/div>\r\n\t\t\t<\/div>\n\t\t\t\t<\/div>\n\t\t\t\t<div class=\"elementor-element elementor-element-1ab00d8 elementor-widget__width-initial exad-glass-effect-no elementor-widget elementor-widget-search-enmental\" data-id=\"1ab00d8\" data-element_type=\"widget\" data-widget_type=\"search-enmental.default\">\n\t\t\t\t<div class=\"elementor-widget-container\">\n\t\t\t\n\t\t\t\t<style>\n\t\t\t\t\t.enmental-search-form {\n\t\t\t\t\t\tdisplay: flex;\n\t\t\t\t\t\tflex-flow: column;\n\t\t\t\t\t\tflex-wrap: wrap;\n\t\t\t\t\t\tgap: 0px;\n\t\t\t\t\t}\n\t\t\t\t\t.enmental-search-bar {\n\t\t\t\t\t\tdisplay: flex;\n\t\t\t\t\t\tgap: 0px;\n\t\t\t\t\t\toverflow: hidden;\n\t\t\t\t\t}\n\t\t\t\t\t.enmental-search-input {\n\t\t\t\t\t\twidth: 100%;\n\t\t\t\t\t}\n\t\t\t\t\t.enmental-search-input input {\n\t\t\t\t\t\twidth: 100%;\n\t\t\t\t\t\tpadding: 0;\n\t\t\t\t\t}\n\t\t\t\t\t.enmental-search-button {\n\t\t\t\t\t\tdisplay: flex;\n\t\t\t\t\t}\n\t\t\t\t\t.enmental-search-button button {\n\t\t\t\t\t\tborder: none;\n\t\t\t\t\t\tbackground: black;\n\t\t\t\t\t}\n\t\t\t\t\t.enmental-search-filter {\n\t\t\t\t\t\tdisplay: flex;\n\t\t\t\t\t\tflex-flow: row;\n\t\t\t\t\t\tflex-wrap: wrap;\n\t\t\t\t\t\tgap: 0px;\n\t\t\t\t\t}\n\t\t\t\t\t.enmental-search-select {\n\n\t\t\t\t\t}\n\t\t\t\t\t.enmental-search-checkbox {\n\n\t\t\t\t\t}\n\t\t\t\t<\/style>\n\t\t\t<form class=\"enmental-search-form\" action=\"https:\/\/www.javeriana.edu.co\/enmental\/\" method=\"GET\"><div class=\"enmental-search-bar\"><div class=\"enmental-search-input\"><input type=\"hidden\" name=\"post_type\" value=\"\"><input type=\"hidden\" name=\"category_name\" value=\"\"><input type=\"text\" name=\"s\" placeholder=\"\u00bfBuscas alg\u00fan tema en especial?\" value=\"\"><\/div><div class=\"enmental-search-button\"><button type=\"submit\"><i aria-hidden=\"true\" class=\"fas fa-search\"><\/i><\/button><\/div><\/div><div class=\"enmental-search-filter\"><div class=\"enmental-search-select\" style=\"display: block\"><label><input type=\"checkbox\" name=\"informacion_sensible\" value=\"1\" ><span>Excluir informaci\u00f3n sensible<\/span><\/label><\/div><\/div><\/form>\t\t<\/div>\n\t\t\t\t<\/div>\n\t\t\t\t<div class=\"elementor-element elementor-element-accaafb elementor-grid-1 elementor-grid-tablet-1 elementor-grid-mobile-1 elementor-posts--thumbnail-top elementor-posts--show-avatar elementor-card-shadow-yes elementor-posts__hover-gradient exad-glass-effect-no elementor-widget elementor-widget-posts\" data-id=\"accaafb\" data-element_type=\"widget\" data-settings=\"{&quot;cards_columns&quot;:&quot;1&quot;,&quot;pagination_type&quot;:&quot;numbers&quot;,&quot;cards_columns_tablet&quot;:&quot;1&quot;,&quot;cards_columns_mobile&quot;:&quot;1&quot;,&quot;cards_row_gap&quot;:{&quot;unit&quot;:&quot;px&quot;,&quot;size&quot;:35,&quot;sizes&quot;:[]},&quot;cards_row_gap_tablet&quot;:{&quot;unit&quot;:&quot;px&quot;,&quot;size&quot;:&quot;&quot;,&quot;sizes&quot;:[]},&quot;cards_row_gap_mobile&quot;:{&quot;unit&quot;:&quot;px&quot;,&quot;size&quot;:&quot;&quot;,&quot;sizes&quot;:[]}}\" data-widget_type=\"posts.cards\">\n\t\t\t\t<div class=\"elementor-widget-container\">\n\t\t\t\t\t<div class=\"elementor-posts-container elementor-posts elementor-posts--skin-cards elementor-grid\">\n\t\t\t\t<article class=\"elementor-post elementor-grid-item post-8555 post type-post status-publish format-standard has-post-thumbnail hentry category-foro-docentes tag-aprendizaje tag-bienestar-y-meditacion tag-emociones-y-comportamiento tag-estilo-de-vida tag-trastornos-y-problemas-de-salud-mental\">\n\t\t\t<div class=\"elementor-post__card\">\n\t\t\t\t<a class=\"elementor-post__thumbnail__link\" href=\"https:\/\/www.javeriana.edu.co\/enmental\/salud-mental-escolar\/\" tabindex=\"-1\" ><div class=\"elementor-post__thumbnail\"><img decoding=\"async\" width=\"768\" height=\"512\" src=\"https:\/\/www.javeriana.edu.co\/enmental\/wp-content\/uploads\/2024\/10\/2147659053-768x512.jpg\" class=\"attachment-medium_large size-medium_large wp-image-8554\" alt=\"\" srcset=\"https:\/\/www.javeriana.edu.co\/enmental\/wp-content\/uploads\/2024\/10\/2147659053-768x512.jpg 768w, https:\/\/www.javeriana.edu.co\/enmental\/wp-content\/uploads\/2024\/10\/2147659053-300x200.jpg 300w, https:\/\/www.javeriana.edu.co\/enmental\/wp-content\/uploads\/2024\/10\/2147659053-1024x683.jpg 1024w, https:\/\/www.javeriana.edu.co\/enmental\/wp-content\/uploads\/2024\/10\/2147659053.jpg 1500w\" sizes=\"(max-width: 768px) 100vw, 768px\" \/><\/div><\/a>\n\t\t\t\t<div class=\"elementor-post__avatar\">\n\t\t\t<img alt='ENMENTAL' src='https:\/\/secure.gravatar.com\/avatar\/dfc02e50326253f0f000861b60b8b69f?s=128&#038;d=mm&#038;r=g' srcset='https:\/\/secure.gravatar.com\/avatar\/dfc02e50326253f0f000861b60b8b69f?s=256&#038;d=mm&#038;r=g 2x' class='avatar avatar-128 photo' height='128' width='128' \/>\t\t<\/div>\n\t\t\t\t<div class=\"elementor-post__text\">\n\t\t\t\t<h3 class=\"elementor-post__title\">\n\t\t\t<a href=\"https:\/\/www.javeriana.edu.co\/enmental\/salud-mental-escolar\/\" >\n\t\t\t\tSalud mental escolar\t\t\t<\/a>\n\t\t<\/h3>\n\t\t\t\t<div class=\"elementor-post__excerpt\">\n\t\t\t<p>La salud mental en el entorno escolar es fundamental para el bienestar y desarrollo de nuestras comunidades educativas. Docentes, orientadores\/as escolares y directivos juegan un papel crucial en la vida<\/p>\n<!-- templates\/buttons-placeholder.php -->\n<div class=\"da-reactions-outer TpostID8555\">\n\t    <div class=\"da-reactions-data da-reactions-container-async left\"\n         data-type=\"post\"\n         data-id=\"8555\"\n         id=\"da-reactions-slot-post-8555\">\n        <div class=\"da-reactions-static\">\n\t\t\t<img decoding=\"async\" src=\"https:\/\/www.javeriana.edu.co\/enmental\/wp-content\/plugins\/da-reactions\/assets\/dist\/loading.svg\" alt=\"Loading spinner\" width=\"40\" height=\"40\" style=\"width:40px\" \/>\n        <\/div>\n    <\/div>\n<\/div>\n\t\t<\/div>\n\t\t\n\t\t<a class=\"elementor-post__read-more\" href=\"https:\/\/www.javeriana.edu.co\/enmental\/salud-mental-escolar\/\" aria-label=\"M\u00e1s informaci\u00f3n sobre Salud mental escolar\" tabindex=\"-1\" >\n\t\t\tLeer m\u00e1s...\t\t<\/a>\n\n\t\t\t\t<\/div>\n\t\t\t\t<div class=\"elementor-post__meta-data\">\n\t\t\t\t\t<span class=\"elementor-post-date\">\n\t\t\t7 de octubre de 2024\t\t<\/span>\n\t\t\t\t<span class=\"elementor-post-avatar\">\n\t\t\t2 comentarios\t\t<\/span>\n\t\t\t\t<\/div>\n\t\t\t\t\t<\/div>\n\t\t<\/article>\n\t\t\t\t<\/div>\n\t\t\n\t\t\t\t<\/div>\n\t\t\t\t<\/div>\n\t\t\t\t<\/div>\n\t\t\t\t\t<\/div>\n\t\t\t\t<\/div>\n\t\t\t\t<\/div>\n\t\t<!-- templates\/buttons-placeholder.php -->\n<div class=\"da-reactions-outer TpostID8555\">\n\t    <div class=\"da-reactions-data da-reactions-container-async left\"\n         data-type=\"post\"\n         data-id=\"8555\"\n         id=\"da-reactions-slot-post-8555\">\n        <div class=\"da-reactions-static\">\n\t\t\t<img src=\"https:\/\/www.javeriana.edu.co\/enmental\/wp-content\/plugins\/da-reactions\/assets\/dist\/loading.svg\" alt=\"Loading spinner\" width=\"40\" height=\"40\" style=\"width:40px\" \/>\n        <\/div>\n    <\/div>\n<\/div>\n","protected":false},"excerpt":{"rendered":"<p>Foro en l\u00ednea para la comunidad educativa Comunidad para comunidad educativa Este foro es para ti si eres educador, orientador escolar, docente administrativo o si formas parte de la comunidad escolar. \u00a1Bienvenida y bienvenido a nuestro foro de apoyo para la comunidad educativa en temas de salud mental de ni\u00f1os, ni\u00f1as, adolescentes y j\u00f3venes! En [&hellip;]<\/p>\n<!-- templates\/buttons-placeholder.php -->\n<div class=\"da-reactions-outer TpostID8555\">\n\t    <div class=\"da-reactions-data da-reactions-container-async left\"\n         data-type=\"post\"\n         data-id=\"8555\"\n         id=\"da-reactions-slot-post-8555\">\n        <div class=\"da-reactions-static\">\n\t\t\t<img src=\"https:\/\/www.javeriana.edu.co\/enmental\/wp-content\/plugins\/da-reactions\/assets\/dist\/loading.svg\" alt=\"Loading spinner\" width=\"40\" height=\"40\" style=\"width:40px\" \/>\n        <\/div>\n    <\/div>\n<\/div>\n","protected":false},"author":1,"featured_media":0,"parent":1047,"menu_order":-1,"comment_status":"closed","ping_status":"closed","template":"","meta":{"_acf_changed":false,"footnotes":""},"class_list":["post-4012","page","type-page","status-publish","hentry"],"acf":[],"yoast_head":"<!-- This site is optimized with the Yoast SEO plugin v23.6 - https:\/\/yoast.com\/wordpress\/plugins\/seo\/ -->\n<title>Foro en l\u00ednea para la comunidad educativa<\/title>\n<meta name=\"description\" content=\"Este foro es para ti si eres educador, orientador, directivo escolar o si formas parte de la comunidad educativa. Comparte tus experiencias.\" \/>\n<meta name=\"robots\" content=\"index, follow, max-snippet:-1, max-image-preview:large, max-video-preview:-1\" \/>\n<link rel=\"canonical\" href=\"https:\/\/www.javeriana.edu.co\/enmental\/foro\/comunidad-educativa\/\" \/>\n<meta property=\"og:locale\" content=\"es_ES\" \/>\n<meta property=\"og:type\" content=\"article\" \/>\n<meta property=\"og:title\" content=\"Foro en l\u00ednea para la comunidad educativa\" \/>\n<meta property=\"og:description\" content=\"Este foro es para ti si eres educador, orientador, directivo escolar o si formas parte de la comunidad educativa. Comparte tus experiencias.\" \/>\n<meta property=\"og:url\" content=\"https:\/\/www.javeriana.edu.co\/enmental\/foro\/comunidad-educativa\/\" \/>\n<meta property=\"og:site_name\" content=\"ENMENTAL\" \/>\n<meta property=\"article:publisher\" content=\"https:\/\/www.facebook.com\/mentescolectivaspuj\" \/>\n<meta property=\"article:modified_time\" content=\"2024-11-21T05:37:36+00:00\" \/>\n<meta property=\"og:image\" content=\"http:\/\/www.javeriana.edu.co\/enmental\/wp-content\/uploads\/2023\/11\/docentes-foro-2-768x768.png\" \/>\n<meta name=\"twitter:card\" content=\"summary_large_image\" \/>\n<meta name=\"twitter:label1\" content=\"Tiempo de lectura\" \/>\n\t<meta name=\"twitter:data1\" content=\"3 minutos\" \/>\n<script type=\"application\/ld+json\" class=\"yoast-schema-graph\">{\"@context\":\"https:\/\/schema.org\",\"@graph\":[{\"@type\":\"WebPage\",\"@id\":\"https:\/\/www.javeriana.edu.co\/enmental\/foro\/comunidad-educativa\/\",\"url\":\"https:\/\/www.javeriana.edu.co\/enmental\/foro\/comunidad-educativa\/\",\"name\":\"Foro en l\u00ednea para la comunidad educativa\",\"isPartOf\":{\"@id\":\"https:\/\/www.javeriana.edu.co\/enmental\/#website\"},\"primaryImageOfPage\":{\"@id\":\"https:\/\/www.javeriana.edu.co\/enmental\/foro\/comunidad-educativa\/#primaryimage\"},\"image\":{\"@id\":\"https:\/\/www.javeriana.edu.co\/enmental\/foro\/comunidad-educativa\/#primaryimage\"},\"thumbnailUrl\":\"http:\/\/www.javeriana.edu.co\/enmental\/wp-content\/uploads\/2023\/11\/docentes-foro-2-768x768.png\",\"datePublished\":\"2024-03-21T18:51:51+00:00\",\"dateModified\":\"2024-11-21T05:37:36+00:00\",\"description\":\"Este foro es para ti si eres educador, orientador, directivo escolar o si formas parte de la comunidad educativa. Comparte tus experiencias.\",\"breadcrumb\":{\"@id\":\"https:\/\/www.javeriana.edu.co\/enmental\/foro\/comunidad-educativa\/#breadcrumb\"},\"inLanguage\":\"es\",\"potentialAction\":[{\"@type\":\"ReadAction\",\"target\":[\"https:\/\/www.javeriana.edu.co\/enmental\/foro\/comunidad-educativa\/\"]}]},{\"@type\":\"ImageObject\",\"inLanguage\":\"es\",\"@id\":\"https:\/\/www.javeriana.edu.co\/enmental\/foro\/comunidad-educativa\/#primaryimage\",\"url\":\"https:\/\/www.javeriana.edu.co\/enmental\/wp-content\/uploads\/2023\/11\/docentes-foro-2.png\",\"contentUrl\":\"https:\/\/www.javeriana.edu.co\/enmental\/wp-content\/uploads\/2023\/11\/docentes-foro-2.png\",\"width\":1674,\"height\":1674},{\"@type\":\"BreadcrumbList\",\"@id\":\"https:\/\/www.javeriana.edu.co\/enmental\/foro\/comunidad-educativa\/#breadcrumb\",\"itemListElement\":[{\"@type\":\"ListItem\",\"position\":1,\"name\":\"Inicio\",\"item\":\"https:\/\/www.javeriana.edu.co\/enmental\/\"},{\"@type\":\"ListItem\",\"position\":2,\"name\":\"Foro\",\"item\":\"https:\/\/www.javeriana.edu.co\/enmental\/foro\/\"},{\"@type\":\"ListItem\",\"position\":3,\"name\":\"Comunidad educativa\"}]},{\"@type\":\"WebSite\",\"@id\":\"https:\/\/www.javeriana.edu.co\/enmental\/#website\",\"url\":\"https:\/\/www.javeriana.edu.co\/enmental\/\",\"name\":\"ENMENTAL\",\"description\":\"Informaci\u00f3n y orientaci\u00f3n sobre la salud mental de ni\u00f1os y ni\u00f1as, adolescentes y j\u00f3venes.\",\"publisher\":{\"@id\":\"https:\/\/www.javeriana.edu.co\/enmental\/#organization\"},\"potentialAction\":[{\"@type\":\"SearchAction\",\"target\":{\"@type\":\"EntryPoint\",\"urlTemplate\":\"https:\/\/www.javeriana.edu.co\/enmental\/?s={search_term_string}\"},\"query-input\":{\"@type\":\"PropertyValueSpecification\",\"valueRequired\":true,\"valueName\":\"search_term_string\"}}],\"inLanguage\":\"es\"},{\"@type\":\"Organization\",\"@id\":\"https:\/\/www.javeriana.edu.co\/enmental\/#organization\",\"name\":\"ENMENTAL\",\"url\":\"https:\/\/www.javeriana.edu.co\/enmental\/\",\"logo\":{\"@type\":\"ImageObject\",\"inLanguage\":\"es\",\"@id\":\"https:\/\/www.javeriana.edu.co\/enmental\/#\/schema\/logo\/image\/\",\"url\":\"http:\/\/www.javeriana.edu.co\/enmental\/wp-content\/uploads\/2024\/10\/icono.png\",\"contentUrl\":\"http:\/\/www.javeriana.edu.co\/enmental\/wp-content\/uploads\/2024\/10\/icono.png\",\"width\":513,\"height\":513,\"caption\":\"ENMENTAL\"},\"image\":{\"@id\":\"https:\/\/www.javeriana.edu.co\/enmental\/#\/schema\/logo\/image\/\"},\"sameAs\":[\"https:\/\/www.facebook.com\/mentescolectivaspuj\",\"https:\/\/www.instagram.com\/mentescolectivas_enmental_puj\/\",\"https:\/\/www.tiktok.com\/@mentescolectivasenmental\",\"https:\/\/www.youtube.com\/@mentescolectivas_enmental_puj\"]}]}<\/script>\n<!-- \/ Yoast SEO plugin. -->","yoast_head_json":{"title":"Foro en l\u00ednea para la comunidad educativa","description":"Este foro es para ti si eres educador, orientador, directivo escolar o si formas parte de la comunidad educativa. Comparte tus experiencias.","robots":{"index":"index","follow":"follow","max-snippet":"max-snippet:-1","max-image-preview":"max-image-preview:large","max-video-preview":"max-video-preview:-1"},"canonical":"https:\/\/www.javeriana.edu.co\/enmental\/foro\/comunidad-educativa\/","og_locale":"es_ES","og_type":"article","og_title":"Foro en l\u00ednea para la comunidad educativa","og_description":"Este foro es para ti si eres educador, orientador, directivo escolar o si formas parte de la comunidad educativa. Comparte tus experiencias.","og_url":"https:\/\/www.javeriana.edu.co\/enmental\/foro\/comunidad-educativa\/","og_site_name":"ENMENTAL","article_publisher":"https:\/\/www.facebook.com\/mentescolectivaspuj","article_modified_time":"2024-11-21T05:37:36+00:00","og_image":[{"url":"http:\/\/www.javeriana.edu.co\/enmental\/wp-content\/uploads\/2023\/11\/docentes-foro-2-768x768.png"}],"twitter_card":"summary_large_image","twitter_misc":{"Tiempo de lectura":"3 minutos"},"schema":{"@context":"https:\/\/schema.org","@graph":[{"@type":"WebPage","@id":"https:\/\/www.javeriana.edu.co\/enmental\/foro\/comunidad-educativa\/","url":"https:\/\/www.javeriana.edu.co\/enmental\/foro\/comunidad-educativa\/","name":"Foro en l\u00ednea para la comunidad educativa","isPartOf":{"@id":"https:\/\/www.javeriana.edu.co\/enmental\/#website"},"primaryImageOfPage":{"@id":"https:\/\/www.javeriana.edu.co\/enmental\/foro\/comunidad-educativa\/#primaryimage"},"image":{"@id":"https:\/\/www.javeriana.edu.co\/enmental\/foro\/comunidad-educativa\/#primaryimage"},"thumbnailUrl":"http:\/\/www.javeriana.edu.co\/enmental\/wp-content\/uploads\/2023\/11\/docentes-foro-2-768x768.png","datePublished":"2024-03-21T18:51:51+00:00","dateModified":"2024-11-21T05:37:36+00:00","description":"Este foro es para ti si eres educador, orientador, directivo escolar o si formas parte de la comunidad educativa. Comparte tus experiencias.","breadcrumb":{"@id":"https:\/\/www.javeriana.edu.co\/enmental\/foro\/comunidad-educativa\/#breadcrumb"},"inLanguage":"es","potentialAction":[{"@type":"ReadAction","target":["https:\/\/www.javeriana.edu.co\/enmental\/foro\/comunidad-educativa\/"]}]},{"@type":"ImageObject","inLanguage":"es","@id":"https:\/\/www.javeriana.edu.co\/enmental\/foro\/comunidad-educativa\/#primaryimage","url":"https:\/\/www.javeriana.edu.co\/enmental\/wp-content\/uploads\/2023\/11\/docentes-foro-2.png","contentUrl":"https:\/\/www.javeriana.edu.co\/enmental\/wp-content\/uploads\/2023\/11\/docentes-foro-2.png","width":1674,"height":1674},{"@type":"BreadcrumbList","@id":"https:\/\/www.javeriana.edu.co\/enmental\/foro\/comunidad-educativa\/#breadcrumb","itemListElement":[{"@type":"ListItem","position":1,"name":"Inicio","item":"https:\/\/www.javeriana.edu.co\/enmental\/"},{"@type":"ListItem","position":2,"name":"Foro","item":"https:\/\/www.javeriana.edu.co\/enmental\/foro\/"},{"@type":"ListItem","position":3,"name":"Comunidad educativa"}]},{"@type":"WebSite","@id":"https:\/\/www.javeriana.edu.co\/enmental\/#website","url":"https:\/\/www.javeriana.edu.co\/enmental\/","name":"ENMENTAL","description":"Informaci\u00f3n y orientaci\u00f3n sobre la salud mental de ni\u00f1os y ni\u00f1as, adolescentes y j\u00f3venes.","publisher":{"@id":"https:\/\/www.javeriana.edu.co\/enmental\/#organization"},"potentialAction":[{"@type":"SearchAction","target":{"@type":"EntryPoint","urlTemplate":"https:\/\/www.javeriana.edu.co\/enmental\/?s={search_term_string}"},"query-input":{"@type":"PropertyValueSpecification","valueRequired":true,"valueName":"search_term_string"}}],"inLanguage":"es"},{"@type":"Organization","@id":"https:\/\/www.javeriana.edu.co\/enmental\/#organization","name":"ENMENTAL","url":"https:\/\/www.javeriana.edu.co\/enmental\/","logo":{"@type":"ImageObject","inLanguage":"es","@id":"https:\/\/www.javeriana.edu.co\/enmental\/#\/schema\/logo\/image\/","url":"http:\/\/www.javeriana.edu.co\/enmental\/wp-content\/uploads\/2024\/10\/icono.png","contentUrl":"http:\/\/www.javeriana.edu.co\/enmental\/wp-content\/uploads\/2024\/10\/icono.png","width":513,"height":513,"caption":"ENMENTAL"},"image":{"@id":"https:\/\/www.javeriana.edu.co\/enmental\/#\/schema\/logo\/image\/"},"sameAs":["https:\/\/www.facebook.com\/mentescolectivaspuj","https:\/\/www.instagram.com\/mentescolectivas_enmental_puj\/","https:\/\/www.tiktok.com\/@mentescolectivasenmental","https:\/\/www.youtube.com\/@mentescolectivas_enmental_puj"]}]}},"_links":{"self":[{"href":"https:\/\/www.javeriana.edu.co\/enmental\/wp-json\/wp\/v2\/pages\/4012"}],"collection":[{"href":"https:\/\/www.javeriana.edu.co\/enmental\/wp-json\/wp\/v2\/pages"}],"about":[{"href":"https:\/\/www.javeriana.edu.co\/enmental\/wp-json\/wp\/v2\/types\/page"}],"author":[{"embeddable":true,"href":"https:\/\/www.javeriana.edu.co\/enmental\/wp-json\/wp\/v2\/users\/1"}],"replies":[{"embeddable":true,"href":"https:\/\/www.javeriana.edu.co\/enmental\/wp-json\/wp\/v2\/comments?post=4012"}],"version-history":[{"count":21,"href":"https:\/\/www.javeriana.edu.co\/enmental\/wp-json\/wp\/v2\/pages\/4012\/revisions"}],"predecessor-version":[{"id":10050,"href":"https:\/\/www.javeriana.edu.co\/enmental\/wp-json\/wp\/v2\/pages\/4012\/revisions\/10050"}],"up":[{"embeddable":true,"href":"https:\/\/www.javeriana.edu.co\/enmental\/wp-json\/wp\/v2\/pages\/1047"}],"wp:attachment":[{"href":"https:\/\/www.javeriana.edu.co\/enmental\/wp-json\/wp\/v2\/media?parent=4012"}],"curies":[{"name":"wp","href":"https:\/\/api.w.org\/{rel}","templated":true}]}}