{"id":4104,"date":"2024-03-22T17:58:07","date_gmt":"2024-03-22T17:58:07","guid":{"rendered":"https:\/\/proyectos.hdvisual.co\/naska\/enmente\/register-2\/"},"modified":"2024-10-07T16:20:33","modified_gmt":"2024-10-07T21:20:33","slug":"registrarme","status":"publish","type":"page","link":"https:\/\/www.javeriana.edu.co\/enmental\/foro\/registrarme\/","title":{"rendered":"Registrarme"},"content":{"rendered":"\t\t<div data-elementor-type=\"wp-page\" data-elementor-id=\"4104\" class=\"elementor elementor-4104\" data-elementor-post-type=\"page\">\n\t\t\t\t<div class=\"elementor-element elementor-element-fb6aaf3 e-flex e-con-boxed e-con e-parent\" data-id=\"fb6aaf3\" data-element_type=\"container\" data-settings=\"{&quot;_ha_eqh_enable&quot;:false}\">\n\t\t\t\t\t<div class=\"e-con-inner\">\n\t\t<div class=\"elementor-element elementor-element-2bc702c e-con-full e-flex e-con e-child\" data-id=\"2bc702c\" data-element_type=\"container\" data-settings=\"{&quot;_ha_eqh_enable&quot;:false}\">\n\t\t<div class=\"elementor-element elementor-element-ee92b57 e-con-full e-flex e-con e-child\" data-id=\"ee92b57\" data-element_type=\"container\" data-settings=\"{&quot;_ha_eqh_enable&quot;:false}\">\n\t\t\t\t<div class=\"elementor-element elementor-element-1e99c54 exad-glass-effect-no elementor-widget elementor-widget-image\" data-id=\"1e99c54\" data-element_type=\"widget\" data-widget_type=\"image.default\">\n\t\t\t\t<div class=\"elementor-widget-container\">\n\t\t\t\t\t\t\t\t\t\t\t\t\t<img fetchpriority=\"high\" decoding=\"async\" width=\"768\" height=\"624\" src=\"https:\/\/www.javeriana.edu.co\/enmental\/wp-content\/uploads\/2024\/07\/registrarme-768x624.png\" class=\"attachment-medium_large size-medium_large wp-image-5592\" alt=\"\" srcset=\"https:\/\/www.javeriana.edu.co\/enmental\/wp-content\/uploads\/2024\/07\/registrarme-768x624.png 768w, https:\/\/www.javeriana.edu.co\/enmental\/wp-content\/uploads\/2024\/07\/registrarme-300x244.png 300w, https:\/\/www.javeriana.edu.co\/enmental\/wp-content\/uploads\/2024\/07\/registrarme-1024x832.png 1024w, https:\/\/www.javeriana.edu.co\/enmental\/wp-content\/uploads\/2024\/07\/registrarme.png 1500w\" sizes=\"(max-width: 768px) 100vw, 768px\" \/>\t\t\t\t\t\t\t\t\t\t\t\t\t<\/div>\n\t\t\t\t<\/div>\n\t\t\t\t<\/div>\n\t\t<div class=\"elementor-element elementor-element-f3e1a4f e-con-full e-flex e-con e-child\" data-id=\"f3e1a4f\" data-element_type=\"container\" data-settings=\"{&quot;_ha_eqh_enable&quot;:false}\">\n\t\t\t\t<div class=\"elementor-element elementor-element-3c30055 exad-glass-effect-no elementor-widget elementor-widget-exad-exclusive-heading\" data-id=\"3c30055\" data-element_type=\"widget\" data-widget_type=\"exad-exclusive-heading.default\">\n\t\t\t\t<div class=\"elementor-widget-container\">\n\t\t\t\r\n        <div class=\"exad-exclusive-heading\">\r\n            <div class=\"exad-exclusive-heading-wrapper  exad-heading-image-gradient\">\r\n\t\t\t\r\n                <div data-content=\"Reg\u00edstrate\" class=\"exad-exclusive-heading-title\">\r\n\t\t\t\t\tReg\u00edstrate\t\t\t\t<\/div>\r\n\t\r\n                \r\n            <\/div>\r\n        <\/div>\r\n\t\t\t<\/div>\n\t\t\t\t<\/div>\n\t\t\t\t<div class=\"elementor-element elementor-element-4f778f9 exad-glass-effect-no elementor-widget elementor-widget-heading\" data-id=\"4f778f9\" data-element_type=\"widget\" data-widget_type=\"heading.default\">\n\t\t\t\t<div class=\"elementor-widget-container\">\n\t\t\t<p class=\"elementor-heading-title elementor-size-default\">\u00a1\u00danete a nuestra comunidad!<\/p>\t\t<\/div>\n\t\t\t\t<\/div>\n\t\t\t\t<div class=\"elementor-element elementor-element-69353d4 exad-glass-effect-no elementor-widget elementor-widget-shortcode\" data-id=\"69353d4\" data-element_type=\"widget\" data-widget_type=\"shortcode.default\">\n\t\t\t\t<div class=\"elementor-widget-container\">\n\t\t\t\t\t<div class=\"elementor-shortcode\">        <form enctype=\"multipart\/form-data\" method=\"post\" id=\"wppb-register-user\" class=\"wppb-user-forms wppb-register-user wppb-user-logged-out\" action=\"https:\/\/www.javeriana.edu.co\/enmental\/wp-json\/wp\/v2\/pages\/4104\">\n\t\t\t<ul><li class=\"wppb-form-field wppb-default-first-name pbpl-class\" id=\"wppb-form-element-14\">\n\t\t\t<label for=\"first_name\">Nombres<span class=\"wppb-required\" title=\"Campo requerido\">*<\/span><\/label>\n\t\t\t<input class=\"text-input default_field_firstname \" name=\"first_name\" maxlength=\"70\" type=\"text\" id=\"first_name\" value=\"\" placeholder = \"Nombres*\" \/><\/li><li class=\"wppb-form-field wppb-default-last-name pbpl-class\" id=\"wppb-form-element-17\">\n\t\t\t<label for=\"last_name\">Apellidos<span class=\"wppb-required\" title=\"Campo requerido\">*<\/span><\/label>\n\t\t\t<input class=\"text-input default_field_lastname \" name=\"last_name\" maxlength=\"70\" type=\"text\" id=\"last_name\" value=\"\" placeholder = \"Apellidos*\"\/><\/li><li class=\"wppb-form-field wppb-default-nickname pbpl-class\" id=\"wppb-form-element-25\">\n\t\t\t<label for=\"nickname\">Elige un nombre para mostrar (apodo)<span class=\"wppb-required\" title=\"Campo requerido\">*<\/span><\/label>\n\t\t\t<input class=\"text-input default_field_nickname \" name=\"nickname\" maxlength=\"70\" type=\"text\" id=\"nickname\" value=\"\" placeholder = \"Elige un nombre para mostrar (apodo)*\"\/><span class=\"wppb-description-delimiter\">Este es el nombre que se mostrar\u00e1 p\u00fablicamente. Para resguardar tu privacidad, te recomendamos no usar tu nombre real. Esto no lo podr\u00e1s cambiar despu\u00e9s. <\/span><\/li><li class=\"wppb-form-field wppb-default-display-name-publicly-as pbpl-class\" id=\"wppb-form-element-6\"><\/li><li class=\"wppb-form-field wppb-input pbpl-class\" id=\"wppb-form-element-16\">\n\t\t\t\t<label for=\"age\">Fecha de nacimiento<span class=\"wppb-required\" title=\"Campo requerido\">*<\/span><\/label>\n\t\t\t\t<input class=\"extra_field_input \" name=\"age\" maxlength=\"250\" type=\"text\" id=\"age\" value=\"\" placeholder = \"Fecha de nacimiento*\"\/><\/li><li class=\"wppb-form-field wppb-select pbpl-class\" id=\"wppb-form-element-18\">\n\t\t\t\t<label for=\"custom_field_1\">G\u00e9nero<span class=\"wppb-required\" title=\"Campo requerido\">*<\/span><\/label>\n\t\t\t\t<select name=\"custom_field_1\" id=\"custom_field_1\" class=\"custom_field_select\" ><option value=\"\" class=\"custom_field_select_option \" disabled selected>G\u00e9nero*<\/option><option value=\"Hombre\" class=\"custom_field_select_option \" >Hombre<\/option><option value=\"Mujer\" class=\"custom_field_select_option \" >Mujer<\/option><option value=\"No binario\" class=\"custom_field_select_option \" >No binario<\/option><option value=\"Queer\" class=\"custom_field_select_option \" >Queer<\/option><option value=\"Otro\" class=\"custom_field_select_option \" >Otro<\/option>\n\t\t\t\t<\/select><\/li><li class=\"wppb-form-field wppb-select pbpl-class\" id=\"wppb-form-element-19\">\n\t\t\t\t<label for=\"custom_field_2\">Selecciona el perfil que mejor describa tu situaci\u00f3n actual<span class=\"wppb-required\" title=\"Campo requerido\">*<\/span><\/label>\n\t\t\t\t<select name=\"custom_field_2\" id=\"custom_field_2\" class=\"custom_field_select\" ><option value=\"\" class=\"custom_field_select_option \" disabled selected>Selecciona el perfil que mejor describa tu situaci\u00f3n actual*<\/option><option value=\"Ni\u00f1o o ni\u00f1a (hasta los 11 a\u00f1os)\" class=\"custom_field_select_option \" >Ni\u00f1o o ni\u00f1a (hasta los 11 a\u00f1os)<\/option><option value=\"Adolescente o Joven (12 a 26 a\u00f1os)\" class=\"custom_field_select_option \" >Adolescente o Joven (12 a 26 a\u00f1os)<\/option><option value=\"Madre Padre o Cuidador\" class=\"custom_field_select_option \" >Madre Padre o Cuidador<\/option><option value=\"Comunidad escolar\" class=\"custom_field_select_option \" >Comunidad escolar<\/option><option value=\"Otro\" class=\"custom_field_select_option \" >Otro<\/option>\n\t\t\t\t<\/select><\/li><li class=\"wppb-form-field wppb-default-e-mail pbpl-class\" id=\"wppb-form-element-8\">\n\t\t\t<label for=\"email\">Direcci\u00f3n de correo electr\u00f3nico<span class=\"wppb-required\" title=\"Campo requerido\">*<\/span><\/label>\n\t\t\t<input class=\"text-input default_field_email \" name=\"email\" maxlength=\"70\" type=\"email\" id=\"email\" value=\"\" placeholder = \"Direcci\u00f3n de correo electr\u00f3nico*\"  \/><\/li><li class=\"wppb-form-field wppb-email-confirmation pbpl-class\" id=\"wppb-form-element-22\">\n\t\t    <label for=\"wppb_email_confirmation\">Confirmar correo electr\u00f3nico<span class=\"wppb-required\" title=\"Campo requerido\">*<\/span><\/label>\n\t\t\t<input class=\"extra_field_email_confirmation\" name=\"wppb_email_confirmation\" type=\"email\" id=\"wppb_email_confirmation\" value=\"\" placeholder = \"Confirmar correo electr\u00f3nico*\"\/><\/li><li class=\"wppb-form-field wppb-default-password pbpl-class\" id=\"wppb-form-element-12\">\n\t\t\t<label for=\"passw1\">Contrase\u00f1a<span class=\"wppb-required\" title=\"Campo requerido\">*<\/span><\/label>\n\t\t\t<input class=\"text-input \" name=\"passw1\" maxlength=\"70\" type=\"password\" id=\"passw1\" value=\"\" autocomplete=\"off\" placeholder = \"Contrase\u00f1a*\"\/>\n            <button type=\"button\" class=\"wppb-toggle-pw wppb-show-pw hide-if-no-js\" data-toggle=\"0\" aria-label=\"Show password\" tabindex=\"-1\">\n                <img decoding=\"async\" src=\"https:\/\/www.javeriana.edu.co\/enmental\/wp-content\/plugins\/profile-builder\/\/assets\/images\/eye-outline.svg\" title=\"Show password\" width=\"20px\" height=\"20px\" \/>\n            <\/button><span class=\"wppb-description-delimiter\">Longitud m\u00ednima de 8 caracteres. <br>La contrase\u00f1a debe tener una fortaleza m\u00ednima de Media<\/span><span id=\"pass-strength-result\">Indicador de Fortaleza<\/span>\n        <input type=\"hidden\" value=\"\" name=\"wppb_password_strength\" id=\"wppb_password_strength\"\/><\/li><li class=\"wppb-form-field wppb-default-repeat-password pbpl-class\" id=\"wppb-form-element-13\">\n\t\t\t<label for=\"passw2\">Confirmar contrase\u00f1a<span class=\"wppb-required\" title=\"Campo requerido\">*<\/span><\/label>\n\t\t\t<input class=\"text-input \" name=\"passw2\" maxlength=\"70\" type=\"password\" id=\"passw2\" value=\"\" autocomplete=\"off\" placeholder = \"Confirmar contrase\u00f1a*\"\/>\n            <button type=\"button\" class=\"wppb-toggle-pw wppb-show-pw hide-if-no-js\" data-toggle=\"0\" aria-label=\"Show password\" tabindex=\"-1\">\n                <img decoding=\"async\" src=\"https:\/\/www.javeriana.edu.co\/enmental\/wp-content\/plugins\/profile-builder\/\/assets\/images\/eye-outline.svg\" title=\"Show password\" width=\"20px\" height=\"20px\" \/>\n            <\/button><\/li><li class=\"wppb-form-field wppb-checkbox pbpl-class\" id=\"wppb-form-element-20\">\n\t\t\t\t<label for=\"custom_field_3\"><\/label><ul class=\"wppb-checkboxes\"><li class=\"wppb-hidden\"><input type=\"hidden\" value=\"\" name=\"custom_field_3\"><\/li><li><input value=\"Quiero recibir bolet\u00edn informativo de ENMENTAL (Opcional)\" class=\"custom_field_checkbox\" name=\"custom_field_3[]\" id=\"quiero-recibir-boletin-informativo-de-enmental-opcional_20\" type=\"checkbox\"   \/><label for=\"quiero-recibir-boletin-informativo-de-enmental-opcional_20\" class=\"wppb-rc-value\">Quiero recibir bolet\u00edn informativo de ENMENTAL (Opcional)<\/label><\/li><\/ul><\/li><li class=\"wppb-form-field wppb-checkbox pbpl-class\" id=\"wppb-form-element-23\">\n\t\t\t\t<label for=\"custom_field_4\"><span class=\"wppb-required\" title=\"Campo requerido\">*<\/span><\/label><ul class=\"wppb-checkboxes\"><li class=\"wppb-hidden\"><input type=\"hidden\" value=\"\" name=\"custom_field_4\"><\/li><li><input value=\"Acepto los T\u00e9rminos y condiciones y la Pol\u00edtica de privacidad de ENMENTAL*\" class=\"custom_field_checkbox\" name=\"custom_field_4[]\" id=\"acepto-los-terminos-y-condiciones-y-la-politica-de-privacidad-de-enmental_23\" type=\"checkbox\"   \/><label for=\"acepto-los-terminos-y-condiciones-y-la-politica-de-privacidad-de-enmental_23\" class=\"wppb-rc-value\">Acepto los T\u00e9rminos y condiciones y la Pol\u00edtica de privacidad de ENMENTAL*<\/label><\/li><\/ul><\/li><li class=\"wppb-form-field wppb-recaptcha pbpl-class\" id=\"wppb-form-element-24\"><div id=\"wppb-recaptcha-element-pb_register1\" class=\"wppb-recaptcha-element wppb-invisible-recaptcha\"><\/div><\/li><\/ul><ul><li class=\"wppb-form-field wppb-send-credentials-checkbox\"><label for=\"send_credentials_via_email\"><input id=\"send_credentials_via_email\" type=\"checkbox\" name=\"send_credentials_via_email\" value=\"sending\"\/>Enviar estas credenciales a mi correo electr\u00f3nico.<\/label><\/li><\/ul>\t\t\t<p class=\"form-submit\"  >\n\t\t\t\t                \t\t\t\t<input name=\"register\" type=\"submit\" id=\"register\" class=\"submit button\" value=\"Registrar\" \/>\n                <input name=\"redirect_to\" type=\"hidden\" value=\"\" \/>\n                \t\t\t\t<input name=\"action\" type=\"hidden\" id=\"action\" value=\"register\" \/>\n\t\t\t\t<input name=\"form_name\" type=\"hidden\" id=\"form_name\" value=\"unspecified\" \/>\n\t\t\t\t<input name=\"form_id\" type=\"hidden\" id=\"form_id\" value=\"\" \/>\n\t\t\t\t\t\t\t<\/p><!-- .form-submit -->\n\t\t\t<input type=\"hidden\" id=\"register_unspecified_nonce_field\" name=\"register_unspecified_nonce_field\" value=\"323b6839c4\" \/><input type=\"hidden\" name=\"_wp_http_referer\" value=\"\/enmental\/wp-json\/wp\/v2\/pages\/4104\" \/>\t\t<\/form>\n\t\t<\/div>\n\t\t\t\t<\/div>\n\t\t\t\t<\/div>\n\t\t\t\t<div class=\"elementor-element elementor-element-5f61116 exad-glass-effect-no elementor-widget elementor-widget-heading\" data-id=\"5f61116\" data-element_type=\"widget\" data-widget_type=\"heading.default\">\n\t\t\t\t<div class=\"elementor-widget-container\">\n\t\t\t<p class=\"elementor-heading-title elementor-size-default\"><a href=\"https:\/\/www.javeriana.edu.co\/enmental\/foro\/iniciar-sesion\/\">\u00bfYa tienes una cuenta? <b><u>Ingresa<\/u><\/b><\/a><\/p>\t\t<\/div>\n\t\t\t\t<\/div>\n\t\t\t\t<\/div>\n\t\t\t\t<\/div>\n\t\t\t\t\t<\/div>\n\t\t\t\t<\/div>\n\t\t\t\t<\/div>\n\t\t","protected":false},"excerpt":{"rendered":"<p>Reg\u00edstrate \u00a1\u00danete a nuestra comunidad! \u00bfYa tienes una cuenta? Ingresa<\/p>\n","protected":false},"author":1,"featured_media":0,"parent":1047,"menu_order":4,"comment_status":"closed","ping_status":"closed","template":"","meta":{"_acf_changed":false,"footnotes":""},"class_list":["post-4104","page","type-page","status-publish","hentry"],"acf":[],"yoast_head":"<!-- This site is optimized with the Yoast SEO plugin v23.6 - https:\/\/yoast.com\/wordpress\/plugins\/seo\/ -->\n<title>Registrarme - Informaci\u00f3n y orientaci\u00f3n sobre la salud mental de ni\u00f1os y ni\u00f1as, adolescentes y j\u00f3venes.<\/title>\n<meta name=\"robots\" content=\"index, follow, max-snippet:-1, max-image-preview:large, max-video-preview:-1\" \/>\n<link rel=\"canonical\" href=\"https:\/\/www.javeriana.edu.co\/enmental\/foro\/registrarme\/\" \/>\n<meta property=\"og:locale\" content=\"es_ES\" \/>\n<meta property=\"og:type\" content=\"article\" \/>\n<meta property=\"og:title\" content=\"Registrarme - Informaci\u00f3n y orientaci\u00f3n sobre la salud mental de ni\u00f1os y ni\u00f1as, adolescentes y j\u00f3venes.\" \/>\n<meta property=\"og:description\" content=\"Reg\u00edstrate \u00a1\u00danete a nuestra comunidad! \u00bfYa tienes una cuenta? Ingresa\" \/>\n<meta property=\"og:url\" content=\"https:\/\/www.javeriana.edu.co\/enmental\/foro\/registrarme\/\" \/>\n<meta property=\"og:site_name\" content=\"ENMENTAL\" \/>\n<meta property=\"article:publisher\" content=\"https:\/\/www.facebook.com\/mentescolectivaspuj\" \/>\n<meta property=\"article:modified_time\" content=\"2024-10-07T21:20:33+00:00\" \/>\n<meta property=\"og:image\" content=\"http:\/\/www.javeriana.edu.co\/enmental\/wp-content\/uploads\/2024\/07\/registrarme-768x624.png\" \/>\n<meta name=\"twitter:card\" content=\"summary_large_image\" \/>\n<meta name=\"twitter:label1\" content=\"Tiempo de lectura\" \/>\n\t<meta name=\"twitter:data1\" content=\"1 minuto\" \/>\n<script type=\"application\/ld+json\" class=\"yoast-schema-graph\">{\"@context\":\"https:\/\/schema.org\",\"@graph\":[{\"@type\":\"WebPage\",\"@id\":\"https:\/\/www.javeriana.edu.co\/enmental\/foro\/registrarme\/\",\"url\":\"https:\/\/www.javeriana.edu.co\/enmental\/foro\/registrarme\/\",\"name\":\"Registrarme - Informaci\u00f3n y orientaci\u00f3n sobre la salud mental de ni\u00f1os y ni\u00f1as, adolescentes y j\u00f3venes.\",\"isPartOf\":{\"@id\":\"https:\/\/www.javeriana.edu.co\/enmental\/#website\"},\"primaryImageOfPage\":{\"@id\":\"https:\/\/www.javeriana.edu.co\/enmental\/foro\/registrarme\/#primaryimage\"},\"image\":{\"@id\":\"https:\/\/www.javeriana.edu.co\/enmental\/foro\/registrarme\/#primaryimage\"},\"thumbnailUrl\":\"http:\/\/www.javeriana.edu.co\/enmental\/wp-content\/uploads\/2024\/07\/registrarme-768x624.png\",\"datePublished\":\"2024-03-22T17:58:07+00:00\",\"dateModified\":\"2024-10-07T21:20:33+00:00\",\"breadcrumb\":{\"@id\":\"https:\/\/www.javeriana.edu.co\/enmental\/foro\/registrarme\/#breadcrumb\"},\"inLanguage\":\"es\",\"potentialAction\":[{\"@type\":\"ReadAction\",\"target\":[\"https:\/\/www.javeriana.edu.co\/enmental\/foro\/registrarme\/\"]}]},{\"@type\":\"ImageObject\",\"inLanguage\":\"es\",\"@id\":\"https:\/\/www.javeriana.edu.co\/enmental\/foro\/registrarme\/#primaryimage\",\"url\":\"https:\/\/www.javeriana.edu.co\/enmental\/wp-content\/uploads\/2024\/07\/registrarme.png\",\"contentUrl\":\"https:\/\/www.javeriana.edu.co\/enmental\/wp-content\/uploads\/2024\/07\/registrarme.png\",\"width\":1500,\"height\":1219},{\"@type\":\"BreadcrumbList\",\"@id\":\"https:\/\/www.javeriana.edu.co\/enmental\/foro\/registrarme\/#breadcrumb\",\"itemListElement\":[{\"@type\":\"ListItem\",\"position\":1,\"name\":\"Inicio\",\"item\":\"https:\/\/www.javeriana.edu.co\/enmental\/\"},{\"@type\":\"ListItem\",\"position\":2,\"name\":\"Foro\",\"item\":\"https:\/\/www.javeriana.edu.co\/enmental\/foro\/\"},{\"@type\":\"ListItem\",\"position\":3,\"name\":\"Registrarme\"}]},{\"@type\":\"WebSite\",\"@id\":\"https:\/\/www.javeriana.edu.co\/enmental\/#website\",\"url\":\"https:\/\/www.javeriana.edu.co\/enmental\/\",\"name\":\"ENMENTAL\",\"description\":\"Informaci\u00f3n y orientaci\u00f3n sobre la salud mental de ni\u00f1os y ni\u00f1as, adolescentes y j\u00f3venes.\",\"publisher\":{\"@id\":\"https:\/\/www.javeriana.edu.co\/enmental\/#organization\"},\"potentialAction\":[{\"@type\":\"SearchAction\",\"target\":{\"@type\":\"EntryPoint\",\"urlTemplate\":\"https:\/\/www.javeriana.edu.co\/enmental\/?s={search_term_string}\"},\"query-input\":{\"@type\":\"PropertyValueSpecification\",\"valueRequired\":true,\"valueName\":\"search_term_string\"}}],\"inLanguage\":\"es\"},{\"@type\":\"Organization\",\"@id\":\"https:\/\/www.javeriana.edu.co\/enmental\/#organization\",\"name\":\"ENMENTAL\",\"url\":\"https:\/\/www.javeriana.edu.co\/enmental\/\",\"logo\":{\"@type\":\"ImageObject\",\"inLanguage\":\"es\",\"@id\":\"https:\/\/www.javeriana.edu.co\/enmental\/#\/schema\/logo\/image\/\",\"url\":\"http:\/\/www.javeriana.edu.co\/enmental\/wp-content\/uploads\/2024\/10\/icono.png\",\"contentUrl\":\"http:\/\/www.javeriana.edu.co\/enmental\/wp-content\/uploads\/2024\/10\/icono.png\",\"width\":513,\"height\":513,\"caption\":\"ENMENTAL\"},\"image\":{\"@id\":\"https:\/\/www.javeriana.edu.co\/enmental\/#\/schema\/logo\/image\/\"},\"sameAs\":[\"https:\/\/www.facebook.com\/mentescolectivaspuj\",\"https:\/\/www.instagram.com\/mentescolectivas_enmental_puj\/\",\"https:\/\/www.tiktok.com\/@mentescolectivasenmental\",\"https:\/\/www.youtube.com\/@mentescolectivas_enmental_puj\"]}]}<\/script>\n<!-- \/ Yoast SEO plugin. -->","yoast_head_json":{"title":"Registrarme - Informaci\u00f3n y orientaci\u00f3n sobre la salud mental de ni\u00f1os y ni\u00f1as, adolescentes y j\u00f3venes.","robots":{"index":"index","follow":"follow","max-snippet":"max-snippet:-1","max-image-preview":"max-image-preview:large","max-video-preview":"max-video-preview:-1"},"canonical":"https:\/\/www.javeriana.edu.co\/enmental\/foro\/registrarme\/","og_locale":"es_ES","og_type":"article","og_title":"Registrarme - Informaci\u00f3n y orientaci\u00f3n sobre la salud mental de ni\u00f1os y ni\u00f1as, adolescentes y j\u00f3venes.","og_description":"Reg\u00edstrate \u00a1\u00danete a nuestra comunidad! \u00bfYa tienes una cuenta? Ingresa","og_url":"https:\/\/www.javeriana.edu.co\/enmental\/foro\/registrarme\/","og_site_name":"ENMENTAL","article_publisher":"https:\/\/www.facebook.com\/mentescolectivaspuj","article_modified_time":"2024-10-07T21:20:33+00:00","og_image":[{"url":"http:\/\/www.javeriana.edu.co\/enmental\/wp-content\/uploads\/2024\/07\/registrarme-768x624.png"}],"twitter_card":"summary_large_image","twitter_misc":{"Tiempo de lectura":"1 minuto"},"schema":{"@context":"https:\/\/schema.org","@graph":[{"@type":"WebPage","@id":"https:\/\/www.javeriana.edu.co\/enmental\/foro\/registrarme\/","url":"https:\/\/www.javeriana.edu.co\/enmental\/foro\/registrarme\/","name":"Registrarme - Informaci\u00f3n y orientaci\u00f3n sobre la salud mental de ni\u00f1os y ni\u00f1as, adolescentes y j\u00f3venes.","isPartOf":{"@id":"https:\/\/www.javeriana.edu.co\/enmental\/#website"},"primaryImageOfPage":{"@id":"https:\/\/www.javeriana.edu.co\/enmental\/foro\/registrarme\/#primaryimage"},"image":{"@id":"https:\/\/www.javeriana.edu.co\/enmental\/foro\/registrarme\/#primaryimage"},"thumbnailUrl":"http:\/\/www.javeriana.edu.co\/enmental\/wp-content\/uploads\/2024\/07\/registrarme-768x624.png","datePublished":"2024-03-22T17:58:07+00:00","dateModified":"2024-10-07T21:20:33+00:00","breadcrumb":{"@id":"https:\/\/www.javeriana.edu.co\/enmental\/foro\/registrarme\/#breadcrumb"},"inLanguage":"es","potentialAction":[{"@type":"ReadAction","target":["https:\/\/www.javeriana.edu.co\/enmental\/foro\/registrarme\/"]}]},{"@type":"ImageObject","inLanguage":"es","@id":"https:\/\/www.javeriana.edu.co\/enmental\/foro\/registrarme\/#primaryimage","url":"https:\/\/www.javeriana.edu.co\/enmental\/wp-content\/uploads\/2024\/07\/registrarme.png","contentUrl":"https:\/\/www.javeriana.edu.co\/enmental\/wp-content\/uploads\/2024\/07\/registrarme.png","width":1500,"height":1219},{"@type":"BreadcrumbList","@id":"https:\/\/www.javeriana.edu.co\/enmental\/foro\/registrarme\/#breadcrumb","itemListElement":[{"@type":"ListItem","position":1,"name":"Inicio","item":"https:\/\/www.javeriana.edu.co\/enmental\/"},{"@type":"ListItem","position":2,"name":"Foro","item":"https:\/\/www.javeriana.edu.co\/enmental\/foro\/"},{"@type":"ListItem","position":3,"name":"Registrarme"}]},{"@type":"WebSite","@id":"https:\/\/www.javeriana.edu.co\/enmental\/#website","url":"https:\/\/www.javeriana.edu.co\/enmental\/","name":"ENMENTAL","description":"Informaci\u00f3n y orientaci\u00f3n sobre la salud mental de ni\u00f1os y ni\u00f1as, adolescentes y j\u00f3venes.","publisher":{"@id":"https:\/\/www.javeriana.edu.co\/enmental\/#organization"},"potentialAction":[{"@type":"SearchAction","target":{"@type":"EntryPoint","urlTemplate":"https:\/\/www.javeriana.edu.co\/enmental\/?s={search_term_string}"},"query-input":{"@type":"PropertyValueSpecification","valueRequired":true,"valueName":"search_term_string"}}],"inLanguage":"es"},{"@type":"Organization","@id":"https:\/\/www.javeriana.edu.co\/enmental\/#organization","name":"ENMENTAL","url":"https:\/\/www.javeriana.edu.co\/enmental\/","logo":{"@type":"ImageObject","inLanguage":"es","@id":"https:\/\/www.javeriana.edu.co\/enmental\/#\/schema\/logo\/image\/","url":"http:\/\/www.javeriana.edu.co\/enmental\/wp-content\/uploads\/2024\/10\/icono.png","contentUrl":"http:\/\/www.javeriana.edu.co\/enmental\/wp-content\/uploads\/2024\/10\/icono.png","width":513,"height":513,"caption":"ENMENTAL"},"image":{"@id":"https:\/\/www.javeriana.edu.co\/enmental\/#\/schema\/logo\/image\/"},"sameAs":["https:\/\/www.facebook.com\/mentescolectivaspuj","https:\/\/www.instagram.com\/mentescolectivas_enmental_puj\/","https:\/\/www.tiktok.com\/@mentescolectivasenmental","https:\/\/www.youtube.com\/@mentescolectivas_enmental_puj"]}]}},"_links":{"self":[{"href":"https:\/\/www.javeriana.edu.co\/enmental\/wp-json\/wp\/v2\/pages\/4104"}],"collection":[{"href":"https:\/\/www.javeriana.edu.co\/enmental\/wp-json\/wp\/v2\/pages"}],"about":[{"href":"https:\/\/www.javeriana.edu.co\/enmental\/wp-json\/wp\/v2\/types\/page"}],"author":[{"embeddable":true,"href":"https:\/\/www.javeriana.edu.co\/enmental\/wp-json\/wp\/v2\/users\/1"}],"replies":[{"embeddable":true,"href":"https:\/\/www.javeriana.edu.co\/enmental\/wp-json\/wp\/v2\/comments?post=4104"}],"version-history":[{"count":6,"href":"https:\/\/www.javeriana.edu.co\/enmental\/wp-json\/wp\/v2\/pages\/4104\/revisions"}],"predecessor-version":[{"id":8470,"href":"https:\/\/www.javeriana.edu.co\/enmental\/wp-json\/wp\/v2\/pages\/4104\/revisions\/8470"}],"up":[{"embeddable":true,"href":"https:\/\/www.javeriana.edu.co\/enmental\/wp-json\/wp\/v2\/pages\/1047"}],"wp:attachment":[{"href":"https:\/\/www.javeriana.edu.co\/enmental\/wp-json\/wp\/v2\/media?parent=4104"}],"curies":[{"name":"wp","href":"https:\/\/api.w.org\/{rel}","templated":true}]}}