{"id":4107,"date":"2024-03-22T17:58:07","date_gmt":"2024-03-22T17:58:07","guid":{"rendered":"https:\/\/proyectos.hdvisual.co\/naska\/enmente\/password-reset-2\/"},"modified":"2024-10-07T16:26:57","modified_gmt":"2024-10-07T21:26:57","slug":"restablecer-contrasena","status":"publish","type":"page","link":"https:\/\/www.javeriana.edu.co\/enmental\/foro\/restablecer-contrasena\/","title":{"rendered":"Restablecer contrase\u00f1a"},"content":{"rendered":"\t\t<div data-elementor-type=\"wp-page\" data-elementor-id=\"4107\" class=\"elementor elementor-4107\" data-elementor-post-type=\"page\">\n\t\t\t\t<div class=\"elementor-element elementor-element-ee2546d e-flex e-con-boxed e-con e-parent\" data-id=\"ee2546d\" data-element_type=\"container\" data-settings=\"{&quot;_ha_eqh_enable&quot;:false}\">\n\t\t\t\t\t<div class=\"e-con-inner\">\n\t\t<div class=\"elementor-element elementor-element-1567993 e-con-full e-flex e-con e-child\" data-id=\"1567993\" data-element_type=\"container\" data-settings=\"{&quot;_ha_eqh_enable&quot;:false}\">\n\t\t<div class=\"elementor-element elementor-element-515712d e-con-full e-flex e-con e-child\" data-id=\"515712d\" data-element_type=\"container\" data-settings=\"{&quot;_ha_eqh_enable&quot;:false}\">\n\t\t\t\t<div class=\"elementor-element elementor-element-24256e2 exad-glass-effect-no elementor-widget elementor-widget-image\" data-id=\"24256e2\" data-element_type=\"widget\" data-widget_type=\"image.default\">\n\t\t\t\t<div class=\"elementor-widget-container\">\n\t\t\t\t\t\t\t\t\t\t\t\t\t<img fetchpriority=\"high\" decoding=\"async\" width=\"754\" height=\"1024\" src=\"https:\/\/www.javeriana.edu.co\/enmental\/wp-content\/uploads\/2024\/07\/recuperar-754x1024.png\" class=\"attachment-large size-large wp-image-5591\" alt=\"\" srcset=\"https:\/\/www.javeriana.edu.co\/enmental\/wp-content\/uploads\/2024\/07\/recuperar-754x1024.png 754w, https:\/\/www.javeriana.edu.co\/enmental\/wp-content\/uploads\/2024\/07\/recuperar-221x300.png 221w, https:\/\/www.javeriana.edu.co\/enmental\/wp-content\/uploads\/2024\/07\/recuperar-768x1043.png 768w, https:\/\/www.javeriana.edu.co\/enmental\/wp-content\/uploads\/2024\/07\/recuperar-1131x1536.png 1131w, https:\/\/www.javeriana.edu.co\/enmental\/wp-content\/uploads\/2024\/07\/recuperar.png 1500w\" sizes=\"(max-width: 754px) 100vw, 754px\" \/>\t\t\t\t\t\t\t\t\t\t\t\t\t<\/div>\n\t\t\t\t<\/div>\n\t\t\t\t<\/div>\n\t\t<div class=\"elementor-element elementor-element-6d321c3 e-con-full e-flex e-con e-child\" data-id=\"6d321c3\" data-element_type=\"container\" data-settings=\"{&quot;_ha_eqh_enable&quot;:false}\">\n\t\t\t\t<div class=\"elementor-element elementor-element-7c34a4a exad-glass-effect-no elementor-widget elementor-widget-exad-exclusive-heading\" data-id=\"7c34a4a\" data-element_type=\"widget\" data-widget_type=\"exad-exclusive-heading.default\">\n\t\t\t\t<div class=\"elementor-widget-container\">\n\t\t\t\r\n        <div class=\"exad-exclusive-heading\">\r\n            <div class=\"exad-exclusive-heading-wrapper  exad-heading-image-gradient\">\r\n\t\t\t\r\n                <div data-content=\"Restablecer contrase\u00f1a\" class=\"exad-exclusive-heading-title\">\r\n\t\t\t\t\tRestablecer contrase\u00f1a\t\t\t\t<\/div>\r\n\t\r\n                \r\n            <\/div>\r\n        <\/div>\r\n\t\t\t<\/div>\n\t\t\t\t<\/div>\n\t\t\t\t<div class=\"elementor-element elementor-element-9c81b28 exad-glass-effect-no elementor-widget elementor-widget-shortcode\" data-id=\"9c81b28\" data-element_type=\"widget\" data-widget_type=\"shortcode.default\">\n\t\t\t\t<div class=\"elementor-widget-container\">\n\t\t\t\t\t<div class=\"elementor-shortcode\"><div class=\"wppb_holder\" id=\"wppb-recover-password-container\">\t<form enctype=\"multipart\/form-data\" method=\"post\" id=\"wppb-recover-password\" class=\"wppb-user-forms\" action=\"https:\/\/www.javeriana.edu.co\/enmental\/wp-json\/wp\/v2\/pages\/4107\">\n\t<p>Por favor, introduce tu direcci\u00f3n de correo electr\u00f3nico para restablecer tu contrase\u00f1a.<br \/>   <\/p><ul>\n\t\t\t<li class=\"wppb-form-field wppb-username-email\">\n\t\t\t\t<label for=\"username_email\">Correo electr\u00f3nico<\/label>\n\t\t\t\t<input class=\"text-input\" name=\"username_email\" type=\"text\" id=\"username_email\" value=\"\"  placeholder=\"Correo electr\u00f3nico\"  \/>\n\t\t\t<\/li><!-- .username_email --><li class=\"wppb-form-field wppb-recaptcha\"><div id=\"wppb-recaptcha-element-pb_recover_password1\" class=\"wppb-recaptcha-element wppb-invisible-recaptcha\"><\/div><\/li><\/ul>\t<p class=\"form-submit\">\n\t\t\t\t<input name=\"recover_password\" type=\"submit\" id=\"wppb-recover-password-button\" class=\"submit button\" value=\"Obtener Nueva Contrase\u00f1a\" \/>\n\t\t<input name=\"action\" type=\"hidden\" id=\"action\" value=\"recover_password\" \/>\n\t<\/p>\n\t<input type=\"hidden\" id=\"password_recovery_nonce_field\" name=\"password_recovery_nonce_field\" value=\"373bfbdb91\" \/><input type=\"hidden\" name=\"_wp_http_referer\" value=\"\/enmental\/wp-json\/wp\/v2\/pages\/4107\" \/>\t<\/form>\n\t<\/div><\/div>\n\t\t\t\t<\/div>\n\t\t\t\t<\/div>\n\t\t\t\t<div class=\"elementor-element elementor-element-e45f353 exad-glass-effect-no elementor-widget elementor-widget-heading\" data-id=\"e45f353\" data-element_type=\"widget\" data-widget_type=\"heading.default\">\n\t\t\t\t<div class=\"elementor-widget-container\">\n\t\t\t<p class=\"elementor-heading-title elementor-size-default\"><a href=\"https:\/\/www.javeriana.edu.co\/enmental\/foro\/iniciar-sesion\/\">Regresa para <b><u>iniciar sesi\u00f3n<\/u><\/b><\/a><\/p>\t\t<\/div>\n\t\t\t\t<\/div>\n\t\t\t\t<\/div>\n\t\t\t\t<\/div>\n\t\t\t\t\t<\/div>\n\t\t\t\t<\/div>\n\t\t\t\t<\/div>\n\t\t","protected":false},"excerpt":{"rendered":"<p>Restablecer contrase\u00f1a Regresa para iniciar sesi\u00f3n<\/p>\n","protected":false},"author":1,"featured_media":0,"parent":1047,"menu_order":5,"comment_status":"closed","ping_status":"closed","template":"","meta":{"_acf_changed":false,"footnotes":""},"class_list":["post-4107","page","type-page","status-publish","hentry"],"acf":[],"yoast_head":"<!-- This site is optimized with the Yoast SEO plugin v23.6 - https:\/\/yoast.com\/wordpress\/plugins\/seo\/ -->\n<title>Restablecer contrase\u00f1a - Informaci\u00f3n y orientaci\u00f3n sobre la salud mental de ni\u00f1os y ni\u00f1as, adolescentes y j\u00f3venes.<\/title>\n<meta name=\"robots\" content=\"index, follow, max-snippet:-1, max-image-preview:large, max-video-preview:-1\" \/>\n<link rel=\"canonical\" href=\"https:\/\/www.javeriana.edu.co\/enmental\/foro\/restablecer-contrasena\/\" \/>\n<meta property=\"og:locale\" content=\"es_ES\" \/>\n<meta property=\"og:type\" content=\"article\" \/>\n<meta property=\"og:title\" content=\"Restablecer contrase\u00f1a - Informaci\u00f3n y orientaci\u00f3n sobre la salud mental de ni\u00f1os y ni\u00f1as, adolescentes y j\u00f3venes.\" \/>\n<meta property=\"og:description\" content=\"Restablecer contrase\u00f1a Regresa para iniciar sesi\u00f3n\" \/>\n<meta property=\"og:url\" content=\"https:\/\/www.javeriana.edu.co\/enmental\/foro\/restablecer-contrasena\/\" \/>\n<meta property=\"og:site_name\" content=\"ENMENTAL\" \/>\n<meta property=\"article:publisher\" content=\"https:\/\/www.facebook.com\/mentescolectivaspuj\" \/>\n<meta property=\"article:modified_time\" content=\"2024-10-07T21:26:57+00:00\" \/>\n<meta property=\"og:image\" content=\"http:\/\/www.javeriana.edu.co\/enmental\/wp-content\/uploads\/2024\/07\/recuperar-754x1024.png\" \/>\n<meta name=\"twitter:card\" content=\"summary_large_image\" \/>\n<meta name=\"twitter:label1\" content=\"Tiempo de lectura\" \/>\n\t<meta name=\"twitter:data1\" content=\"1 minuto\" \/>\n<script type=\"application\/ld+json\" class=\"yoast-schema-graph\">{\"@context\":\"https:\/\/schema.org\",\"@graph\":[{\"@type\":\"WebPage\",\"@id\":\"https:\/\/www.javeriana.edu.co\/enmental\/foro\/restablecer-contrasena\/\",\"url\":\"https:\/\/www.javeriana.edu.co\/enmental\/foro\/restablecer-contrasena\/\",\"name\":\"Restablecer contrase\u00f1a - Informaci\u00f3n y orientaci\u00f3n sobre la salud mental de ni\u00f1os y ni\u00f1as, adolescentes y j\u00f3venes.\",\"isPartOf\":{\"@id\":\"https:\/\/www.javeriana.edu.co\/enmental\/#website\"},\"primaryImageOfPage\":{\"@id\":\"https:\/\/www.javeriana.edu.co\/enmental\/foro\/restablecer-contrasena\/#primaryimage\"},\"image\":{\"@id\":\"https:\/\/www.javeriana.edu.co\/enmental\/foro\/restablecer-contrasena\/#primaryimage\"},\"thumbnailUrl\":\"http:\/\/www.javeriana.edu.co\/enmental\/wp-content\/uploads\/2024\/07\/recuperar-754x1024.png\",\"datePublished\":\"2024-03-22T17:58:07+00:00\",\"dateModified\":\"2024-10-07T21:26:57+00:00\",\"breadcrumb\":{\"@id\":\"https:\/\/www.javeriana.edu.co\/enmental\/foro\/restablecer-contrasena\/#breadcrumb\"},\"inLanguage\":\"es\",\"potentialAction\":[{\"@type\":\"ReadAction\",\"target\":[\"https:\/\/www.javeriana.edu.co\/enmental\/foro\/restablecer-contrasena\/\"]}]},{\"@type\":\"ImageObject\",\"inLanguage\":\"es\",\"@id\":\"https:\/\/www.javeriana.edu.co\/enmental\/foro\/restablecer-contrasena\/#primaryimage\",\"url\":\"https:\/\/www.javeriana.edu.co\/enmental\/wp-content\/uploads\/2024\/07\/recuperar.png\",\"contentUrl\":\"https:\/\/www.javeriana.edu.co\/enmental\/wp-content\/uploads\/2024\/07\/recuperar.png\",\"width\":1500,\"height\":2038},{\"@type\":\"BreadcrumbList\",\"@id\":\"https:\/\/www.javeriana.edu.co\/enmental\/foro\/restablecer-contrasena\/#breadcrumb\",\"itemListElement\":[{\"@type\":\"ListItem\",\"position\":1,\"name\":\"Inicio\",\"item\":\"https:\/\/www.javeriana.edu.co\/enmental\/\"},{\"@type\":\"ListItem\",\"position\":2,\"name\":\"Foro\",\"item\":\"https:\/\/www.javeriana.edu.co\/enmental\/foro\/\"},{\"@type\":\"ListItem\",\"position\":3,\"name\":\"Restablecer contrase\u00f1a\"}]},{\"@type\":\"WebSite\",\"@id\":\"https:\/\/www.javeriana.edu.co\/enmental\/#website\",\"url\":\"https:\/\/www.javeriana.edu.co\/enmental\/\",\"name\":\"ENMENTAL\",\"description\":\"Informaci\u00f3n y orientaci\u00f3n sobre la salud mental de ni\u00f1os y ni\u00f1as, adolescentes y j\u00f3venes.\",\"publisher\":{\"@id\":\"https:\/\/www.javeriana.edu.co\/enmental\/#organization\"},\"potentialAction\":[{\"@type\":\"SearchAction\",\"target\":{\"@type\":\"EntryPoint\",\"urlTemplate\":\"https:\/\/www.javeriana.edu.co\/enmental\/?s={search_term_string}\"},\"query-input\":{\"@type\":\"PropertyValueSpecification\",\"valueRequired\":true,\"valueName\":\"search_term_string\"}}],\"inLanguage\":\"es\"},{\"@type\":\"Organization\",\"@id\":\"https:\/\/www.javeriana.edu.co\/enmental\/#organization\",\"name\":\"ENMENTAL\",\"url\":\"https:\/\/www.javeriana.edu.co\/enmental\/\",\"logo\":{\"@type\":\"ImageObject\",\"inLanguage\":\"es\",\"@id\":\"https:\/\/www.javeriana.edu.co\/enmental\/#\/schema\/logo\/image\/\",\"url\":\"http:\/\/www.javeriana.edu.co\/enmental\/wp-content\/uploads\/2024\/10\/icono.png\",\"contentUrl\":\"http:\/\/www.javeriana.edu.co\/enmental\/wp-content\/uploads\/2024\/10\/icono.png\",\"width\":513,\"height\":513,\"caption\":\"ENMENTAL\"},\"image\":{\"@id\":\"https:\/\/www.javeriana.edu.co\/enmental\/#\/schema\/logo\/image\/\"},\"sameAs\":[\"https:\/\/www.facebook.com\/mentescolectivaspuj\",\"https:\/\/www.instagram.com\/mentescolectivas_enmental_puj\/\",\"https:\/\/www.tiktok.com\/@mentescolectivasenmental\",\"https:\/\/www.youtube.com\/@mentescolectivas_enmental_puj\"]}]}<\/script>\n<!-- \/ Yoast SEO plugin. -->","yoast_head_json":{"title":"Restablecer contrase\u00f1a - Informaci\u00f3n y orientaci\u00f3n sobre la salud mental de ni\u00f1os y ni\u00f1as, adolescentes y j\u00f3venes.","robots":{"index":"index","follow":"follow","max-snippet":"max-snippet:-1","max-image-preview":"max-image-preview:large","max-video-preview":"max-video-preview:-1"},"canonical":"https:\/\/www.javeriana.edu.co\/enmental\/foro\/restablecer-contrasena\/","og_locale":"es_ES","og_type":"article","og_title":"Restablecer contrase\u00f1a - Informaci\u00f3n y orientaci\u00f3n sobre la salud mental de ni\u00f1os y ni\u00f1as, adolescentes y j\u00f3venes.","og_description":"Restablecer contrase\u00f1a Regresa para iniciar sesi\u00f3n","og_url":"https:\/\/www.javeriana.edu.co\/enmental\/foro\/restablecer-contrasena\/","og_site_name":"ENMENTAL","article_publisher":"https:\/\/www.facebook.com\/mentescolectivaspuj","article_modified_time":"2024-10-07T21:26:57+00:00","og_image":[{"url":"http:\/\/www.javeriana.edu.co\/enmental\/wp-content\/uploads\/2024\/07\/recuperar-754x1024.png"}],"twitter_card":"summary_large_image","twitter_misc":{"Tiempo de lectura":"1 minuto"},"schema":{"@context":"https:\/\/schema.org","@graph":[{"@type":"WebPage","@id":"https:\/\/www.javeriana.edu.co\/enmental\/foro\/restablecer-contrasena\/","url":"https:\/\/www.javeriana.edu.co\/enmental\/foro\/restablecer-contrasena\/","name":"Restablecer contrase\u00f1a - Informaci\u00f3n y orientaci\u00f3n sobre la salud mental de ni\u00f1os y ni\u00f1as, adolescentes y j\u00f3venes.","isPartOf":{"@id":"https:\/\/www.javeriana.edu.co\/enmental\/#website"},"primaryImageOfPage":{"@id":"https:\/\/www.javeriana.edu.co\/enmental\/foro\/restablecer-contrasena\/#primaryimage"},"image":{"@id":"https:\/\/www.javeriana.edu.co\/enmental\/foro\/restablecer-contrasena\/#primaryimage"},"thumbnailUrl":"http:\/\/www.javeriana.edu.co\/enmental\/wp-content\/uploads\/2024\/07\/recuperar-754x1024.png","datePublished":"2024-03-22T17:58:07+00:00","dateModified":"2024-10-07T21:26:57+00:00","breadcrumb":{"@id":"https:\/\/www.javeriana.edu.co\/enmental\/foro\/restablecer-contrasena\/#breadcrumb"},"inLanguage":"es","potentialAction":[{"@type":"ReadAction","target":["https:\/\/www.javeriana.edu.co\/enmental\/foro\/restablecer-contrasena\/"]}]},{"@type":"ImageObject","inLanguage":"es","@id":"https:\/\/www.javeriana.edu.co\/enmental\/foro\/restablecer-contrasena\/#primaryimage","url":"https:\/\/www.javeriana.edu.co\/enmental\/wp-content\/uploads\/2024\/07\/recuperar.png","contentUrl":"https:\/\/www.javeriana.edu.co\/enmental\/wp-content\/uploads\/2024\/07\/recuperar.png","width":1500,"height":2038},{"@type":"BreadcrumbList","@id":"https:\/\/www.javeriana.edu.co\/enmental\/foro\/restablecer-contrasena\/#breadcrumb","itemListElement":[{"@type":"ListItem","position":1,"name":"Inicio","item":"https:\/\/www.javeriana.edu.co\/enmental\/"},{"@type":"ListItem","position":2,"name":"Foro","item":"https:\/\/www.javeriana.edu.co\/enmental\/foro\/"},{"@type":"ListItem","position":3,"name":"Restablecer contrase\u00f1a"}]},{"@type":"WebSite","@id":"https:\/\/www.javeriana.edu.co\/enmental\/#website","url":"https:\/\/www.javeriana.edu.co\/enmental\/","name":"ENMENTAL","description":"Informaci\u00f3n y orientaci\u00f3n sobre la salud mental de ni\u00f1os y ni\u00f1as, adolescentes y j\u00f3venes.","publisher":{"@id":"https:\/\/www.javeriana.edu.co\/enmental\/#organization"},"potentialAction":[{"@type":"SearchAction","target":{"@type":"EntryPoint","urlTemplate":"https:\/\/www.javeriana.edu.co\/enmental\/?s={search_term_string}"},"query-input":{"@type":"PropertyValueSpecification","valueRequired":true,"valueName":"search_term_string"}}],"inLanguage":"es"},{"@type":"Organization","@id":"https:\/\/www.javeriana.edu.co\/enmental\/#organization","name":"ENMENTAL","url":"https:\/\/www.javeriana.edu.co\/enmental\/","logo":{"@type":"ImageObject","inLanguage":"es","@id":"https:\/\/www.javeriana.edu.co\/enmental\/#\/schema\/logo\/image\/","url":"http:\/\/www.javeriana.edu.co\/enmental\/wp-content\/uploads\/2024\/10\/icono.png","contentUrl":"http:\/\/www.javeriana.edu.co\/enmental\/wp-content\/uploads\/2024\/10\/icono.png","width":513,"height":513,"caption":"ENMENTAL"},"image":{"@id":"https:\/\/www.javeriana.edu.co\/enmental\/#\/schema\/logo\/image\/"},"sameAs":["https:\/\/www.facebook.com\/mentescolectivaspuj","https:\/\/www.instagram.com\/mentescolectivas_enmental_puj\/","https:\/\/www.tiktok.com\/@mentescolectivasenmental","https:\/\/www.youtube.com\/@mentescolectivas_enmental_puj"]}]}},"_links":{"self":[{"href":"https:\/\/www.javeriana.edu.co\/enmental\/wp-json\/wp\/v2\/pages\/4107"}],"collection":[{"href":"https:\/\/www.javeriana.edu.co\/enmental\/wp-json\/wp\/v2\/pages"}],"about":[{"href":"https:\/\/www.javeriana.edu.co\/enmental\/wp-json\/wp\/v2\/types\/page"}],"author":[{"embeddable":true,"href":"https:\/\/www.javeriana.edu.co\/enmental\/wp-json\/wp\/v2\/users\/1"}],"replies":[{"embeddable":true,"href":"https:\/\/www.javeriana.edu.co\/enmental\/wp-json\/wp\/v2\/comments?post=4107"}],"version-history":[{"count":7,"href":"https:\/\/www.javeriana.edu.co\/enmental\/wp-json\/wp\/v2\/pages\/4107\/revisions"}],"predecessor-version":[{"id":9937,"href":"https:\/\/www.javeriana.edu.co\/enmental\/wp-json\/wp\/v2\/pages\/4107\/revisions\/9937"}],"up":[{"embeddable":true,"href":"https:\/\/www.javeriana.edu.co\/enmental\/wp-json\/wp\/v2\/pages\/1047"}],"wp:attachment":[{"href":"https:\/\/www.javeriana.edu.co\/enmental\/wp-json\/wp\/v2\/media?parent=4107"}],"curies":[{"name":"wp","href":"https:\/\/api.w.org\/{rel}","templated":true}]}}