{"id":1190,"date":"2021-10-25T18:19:00","date_gmt":"2021-10-25T18:19:00","guid":{"rendered":"http:\/\/www.javeriana.edu.co\/escuela-gobierno-etica-publica\/?page_id=1190"},"modified":"2021-10-25T18:36:21","modified_gmt":"2021-10-25T18:36:21","slug":"investigacion","status":"publish","type":"page","link":"https:\/\/www.javeriana.edu.co\/escuela-gobierno-etica-publica\/investigacion\/","title":{"rendered":"Investigaci\u00f3n"},"content":{"rendered":"\t<section class=\"section\" id=\"section_171555543\">\n\t\t<div class=\"bg section-bg fill bg-fill  bg-loaded\" >\n\n\t\t\t\n\t\t\t<div class=\"section-bg-overlay absolute fill\"><\/div>\n\t\t\t\n\n\t\t<\/div>\n\n\t\t<div class=\"section-content relative\">\n\t\t\t\n<div class=\"row row-large align-center\"  id=\"row-159925273\">\n\n\t<div id=\"col-593769273\" class=\"col large-12\"  >\n\t\t<div class=\"col-inner\"  >\n\t\t\t\n\t\t\t\n\t\t<\/div>\n\t\t\t<\/div>\n\n\t\n\n\t<div id=\"col-823783020\" class=\"col medium-9 small-12 large-9\"  >\n\t\t<div class=\"col-inner text-center\"  >\n\t\t\t\n\t\t\t\n\t<div id=\"text-2540462519\" class=\"text\">\n\t\t\n<p><\/p>\n<h2>Investigaci\u00f3n: \u201cBuenas pr\u00e1cticas para el desarrollo de proyectos de energ\u00edas renovables\u201d.<\/h2>\n<p>\n01\/05\/2021 a 30\/09\/2021<br \/>\nOrganizada con el apoyo de: Facultad de Ingenier\u00eda y Bancolombia.<br \/>\nObjetivo\tGeneral<br \/>\nElaborar   una   hoja   de   ruta\/recomendaciones   sobre   buenas   pr\u00e1cticas   (BP)   en   el desarrollo de proyectos de energ\u00eda renovable (ER) en Colombia, considerando aspectos medioambientales, de integridad, sociales y financieros, de tal forma que se constituya en un insumo para la naciente industria de ER en el pa\u00eds.<\/p>\n<p>Espec\u00edficos<br \/>\nRealizar una revisi\u00f3n bibliogr\u00e1fica sobre los aspectos m\u00e1s relevantes en la definici\u00f3n de proyectos\/programas\/iniciativas de BP a nivel internacional.<br \/>\nEvaluar y visibilizar las actuales iniciativas de BP en Colombia.<br \/>\nDeterminar\/dise\u00f1ar  KPIs  para  la  evaluaci\u00f3n  de  las  dimensiones  ambiental,  social, financiera y de integridad en el desarrollo de proyectos de ER para el caso colombiano.<br \/>\nProponer acciones y recomendaciones para mitigar los riesgos existentes desde la perspectiva \u00e9tica y de integridad en el desarrollo de proyectos ER.<br \/>\n.<\/p>\n\t\t\n<style>\n#text-2540462519 {\n  text-align: left;\n}\n<\/style>\n\t<\/div>\n\t\n\t<div id=\"text-1905789438\" class=\"text\">\n\t\t\n<p>\u00a0<\/p>\n<h2>Investigaci\u00f3n: Seguimiento a pactos por la transparencia y los planes anticorrupci\u00f3n y de atenci\u00f3n al ciudadano (PAAC)<\/h2>\n<p>15\/05\/2021 a 15\/09\/2021<\/p>\n<p>Organizada con el apoyo de: RED NACIONAL DE OBSERVATORIOS ANTICORRUPCI\u00d3N \u2013 RENOBA. Secretar\u00eda de Transparencia \u2013 Presidencia de la Rep\u00fablica, Facultad Ciencia Pol\u00edtica \u2013 Semillero Econom\u00eda Pol\u00edtica Internacional, Facultad de Ciencias Econ\u00f3micas y Administrativas \u2013 Semillero SUMAK KAWSAY, Bancolombia. AN\u00c1LISIS PLANES ANTICORRUPCI\u00d3N Y DE ATENCI\u00d3N AL CIUDADANO Y PACTOS DE TRANSPARENCIA DEPARTAMENTALES Y MUNICIPALES En el marco de la RED NACIONAL DE OBSERVATORIOS ANTICORRUPCI\u00d3N \u2013 RENOBA, de la cual participan tanto la Escuela Javeriana de Gobierno y \u00c9tica P\u00fablica, como el Observatorio de Gobierno y TIC, y con el \u00e1nimo de poner en marcha el m\u00e1ximo prop\u00f3sito de dicha Red, enfocado en \u201ctrabajar de forma conjunta, en el desarrollo de acciones que permitan analizar y comprender el fen\u00f3meno de la corrupci\u00f3n, bajo una visi\u00f3n multidisciplinar y hol\u00edstica, a fin de contribuir en la toma de decisiones del Gobierno Nacional, y en la elaboraci\u00f3n de insumos de pol\u00edtica p\u00fablica. Adem\u00e1s, para promover buenas pr\u00e1cticas que, en t\u00e9rminos de transparencia, nos permitan crear una cultura de integridad y legalidad en Colombia\u201d, en coordinaci\u00f3n con la Secretar\u00eda de Transparencia de la Vicepresidencia de la Rep\u00fablica y el apoyo del Grupo Bancolombia, invitamos a los diferentes semilleros de investigaci\u00f3n, pertenecientes a las facultades e institutos que integran la Pontificia Universidad Javeriana, a postular su participaci\u00f3n para el desarrollo del estudio de avance \u201cSEGUIMIENTO A PACTOS POR LA TRANSPARENCIA Y LOS PLANES ANTICORRUPCI\u00d3N Y DE ATENCI\u00d3N AL CIUDADANO (PAAC)\u201d.<\/p>\n<p>A la convocatoria se postularon 16 semilleros de investigaci\u00f3n, siendo seleccionados:<\/p>\n<p><strong>Semillero EPI \u2013 Econom\u00eda Pol\u00edtica Internacional, de la Facultad de Ciencias Pol\u00edticas y Relaciones Internacionales.<\/strong><\/p>\n<p>Encargado \u00e9ste de la investigaci\u00f3n referida a los pactos y PAAC departamentales.<\/p>\n<p><strong>Semillero SUMAK KAWSAY, Facultad de Ciencias Econ\u00f3micas y Administrativas<\/strong><\/p>\n<p>Encargado de la investigaci\u00f3n referida a Pactos y PAAC municipales.<\/p>\n<p><strong>Objetivos comunes:<\/strong><\/p>\n<p><strong>I.<\/strong> Evaluaci\u00f3n de avances reportados por las entidades firmantes de los Pactos por la Transparencia, a partir de bases de datos suministradas por la Secretar\u00eda de Transparencia de Vicepresidencia de la Rep\u00fablica.<\/p>\n<p><strong>II.<\/strong> An\u00e1lisis del impacto generado por los Pactos por la Transparencia en los Planes Anticorrupci\u00f3n y de Atenci\u00f3n al Ciudadano (PAAC), a partir de la informaci\u00f3n publicada por las respectivas entidades en datos abiertos.<\/p>\n<p><strong>III.<\/strong> Evaluaci\u00f3n de la robustez de los PAAC de las entidades firmantes, a partir de la informaci\u00f3n publicada por las respectivas entidades en datos abiertos.<\/p>\n<p><strong>IV.<\/strong> Elaboraci\u00f3n de recomendaciones y sugerencias, referidas a los hallazgos, para la mejora en la implementaci\u00f3n de los pactos, el desarrollo de los objetivos y cumplimiento de los compromisos pactados, en igual sentido referidas al robustecimiento de los PAAC. Entregable: redacci\u00f3n de un paper dando cuenta del proceso, la definici\u00f3n de la metodolog\u00eda utilizada para la revisi\u00f3n, los hallazgos encontrados en el desarrollo del estudio donde se identifiquen resultados, posibles debilidades, oportunidades de mejora o vac\u00edos, y un cap\u00edtulo de recomendaciones que apunten al cumplimiento y avance de los pactos por la transparencia y el robustecimiento de los PAAC .<\/p>\n\t\t\n<style>\n#text-1905789438 {\n  text-align: left;\n}\n<\/style>\n\t<\/div>\n\t\n\t<div id=\"text-1967855578\" class=\"text\">\n\t\t\n<p>\u00a0<\/p>\n<h2>Investigaci\u00f3n: Seguimiento a pactos por la transparencia y los planes anticorrupci\u00f3n y de atenci\u00f3n al ciudadano (PAAC)<\/h2>\n<p>01\/06\/2021 a 30\/10\/2021<\/p>\n<p>Organizada con el apoyo de: Observatorio de Gobierno y TIC, Bancolombia. RETOS \u00c9TICOS DEL TRATAMIENTO DE DATOS PERSONALES EN EL SECTOR FINANCIERO SINOPSIS A trav\u00e9s de la presente investigaci\u00f3n se busca delimitar los principales par\u00e1metros \u00e9ticos aplicables al sector financiero, respecto del uso de datos personales de los titulares de datos personales, estableciendo posibles escenarios de uso de dichos datos que permitan, de un lado, utilizarlos en el marco del sector financiero y, de otro, respetar las normas de protecci\u00f3n de datos personales y los lineamientos \u00e9ticos fijados a nivel nacional e internacional.<\/p>\n<p><strong>OBJETIVOS<\/strong><\/p>\n<p><strong>Objetivo General:<\/strong><\/p>\n<p>Establecer par\u00e1metros pr\u00e1cticos basados en est\u00e1ndares jur\u00eddicos y \u00e9ticos para que el sector financiero realice el tratamiento de datos personales.<\/p>\n<p><strong>Objetivos espec\u00edficos:<\/strong><\/p>\n<p>Analizar el marco \u00e9tico-legal aplicable al tratamiento de datos personales, en especial cuando se implementan nuevas tecnolog\u00edas de informaci\u00f3n.\u00a0 Identificar los lineamientos \u00e9ticos y normativos sobre protecci\u00f3n de datos en Colombia, Estados Unidos y la Uni\u00f3n Europea. Se\u00f1alar los par\u00e1metros sancionatorios en materia de protecci\u00f3n de datos personales. Exponer ejemplos sobre la aplicaci\u00f3n de lineamientos \u00e9ticos en el uso de datos en el sector financiero en la Uni\u00f3n Europea, Estados Unidos y Colombia. .<\/p>\n\t\t\n<style>\n#text-1967855578 {\n  text-align: left;\n}\n<\/style>\n\t<\/div>\n\t\n\t\t<\/div>\n\t\t\t<\/div>\n\n\t\n<\/div>\n\t\t<\/div>\n\n\t\t\n<style>\n#section_171555543 {\n  padding-top: 0px;\n  padding-bottom: 0px;\n  background-color: rgb(193, 193, 193);\n}\n#section_171555543 .section-bg-overlay {\n  background-color: rgba(255, 255, 255, 0.85);\n}\n<\/style>\n\t<\/section>\n\t\n","protected":false},"excerpt":{"rendered":"","protected":false},"author":7,"featured_media":0,"parent":0,"menu_order":0,"comment_status":"closed","ping_status":"closed","template":"","meta":[],"yoast_head":"<!-- This site is optimized with the Yoast SEO plugin v19.3 - https:\/\/yoast.com\/wordpress\/plugins\/seo\/ -->\n<title>Investigaci\u00f3n - Escuela Gobierno y \u00c9tica<\/title>\n<meta name=\"robots\" content=\"index, follow, max-snippet:-1, max-image-preview:large, max-video-preview:-1\" \/>\n<link rel=\"canonical\" href=\"https:\/\/www.javeriana.edu.co\/escuela-gobierno-etica-publica\/investigacion\/\" \/>\n<meta property=\"og:locale\" content=\"en_US\" \/>\n<meta property=\"og:type\" content=\"article\" \/>\n<meta property=\"og:title\" content=\"Investigaci\u00f3n - Escuela Gobierno y \u00c9tica\" \/>\n<meta property=\"og:url\" content=\"https:\/\/www.javeriana.edu.co\/escuela-gobierno-etica-publica\/investigacion\/\" \/>\n<meta property=\"og:site_name\" content=\"Escuela Gobierno y \u00c9tica\" \/>\n<meta property=\"article:modified_time\" content=\"2021-10-25T18:36:21+00:00\" \/>\n<meta name=\"twitter:card\" content=\"summary_large_image\" \/>\n<meta name=\"twitter:label1\" content=\"Est. reading time\" \/>\n\t<meta name=\"twitter:data1\" content=\"5 minutes\" \/>\n<script type=\"application\/ld+json\" class=\"yoast-schema-graph\">{\"@context\":\"https:\/\/schema.org\",\"@graph\":[{\"@type\":\"WebSite\",\"@id\":\"https:\/\/www.javeriana.edu.co\/escuela-gobierno-etica-publica\/#website\",\"url\":\"https:\/\/www.javeriana.edu.co\/escuela-gobierno-etica-publica\/\",\"name\":\"Escuela Gobierno y \u00c9tica\",\"description\":\"Escuela Gobierno y \u00c9tica\",\"potentialAction\":[{\"@type\":\"SearchAction\",\"target\":{\"@type\":\"EntryPoint\",\"urlTemplate\":\"https:\/\/www.javeriana.edu.co\/escuela-gobierno-etica-publica\/?s={search_term_string}\"},\"query-input\":\"required name=search_term_string\"}],\"inLanguage\":\"en-US\"},{\"@type\":\"WebPage\",\"@id\":\"https:\/\/www.javeriana.edu.co\/escuela-gobierno-etica-publica\/investigacion\/\",\"url\":\"https:\/\/www.javeriana.edu.co\/escuela-gobierno-etica-publica\/investigacion\/\",\"name\":\"Investigaci\u00f3n - Escuela Gobierno y \u00c9tica\",\"isPartOf\":{\"@id\":\"https:\/\/www.javeriana.edu.co\/escuela-gobierno-etica-publica\/#website\"},\"datePublished\":\"2021-10-25T18:19:00+00:00\",\"dateModified\":\"2021-10-25T18:36:21+00:00\",\"breadcrumb\":{\"@id\":\"https:\/\/www.javeriana.edu.co\/escuela-gobierno-etica-publica\/investigacion\/#breadcrumb\"},\"inLanguage\":\"en-US\",\"potentialAction\":[{\"@type\":\"ReadAction\",\"target\":[\"https:\/\/www.javeriana.edu.co\/escuela-gobierno-etica-publica\/investigacion\/\"]}]},{\"@type\":\"BreadcrumbList\",\"@id\":\"https:\/\/www.javeriana.edu.co\/escuela-gobierno-etica-publica\/investigacion\/#breadcrumb\",\"itemListElement\":[{\"@type\":\"ListItem\",\"position\":1,\"name\":\"Portada\",\"item\":\"https:\/\/www.javeriana.edu.co\/escuela-gobierno-etica-publica\/\"},{\"@type\":\"ListItem\",\"position\":2,\"name\":\"Investigaci\u00f3n\"}]}]}<\/script>\n<!-- \/ Yoast SEO plugin. -->","yoast_head_json":{"title":"Investigaci\u00f3n - Escuela Gobierno y \u00c9tica","robots":{"index":"index","follow":"follow","max-snippet":"max-snippet:-1","max-image-preview":"max-image-preview:large","max-video-preview":"max-video-preview:-1"},"canonical":"https:\/\/www.javeriana.edu.co\/escuela-gobierno-etica-publica\/investigacion\/","og_locale":"en_US","og_type":"article","og_title":"Investigaci\u00f3n - Escuela Gobierno y \u00c9tica","og_url":"https:\/\/www.javeriana.edu.co\/escuela-gobierno-etica-publica\/investigacion\/","og_site_name":"Escuela Gobierno y \u00c9tica","article_modified_time":"2021-10-25T18:36:21+00:00","twitter_card":"summary_large_image","twitter_misc":{"Est. reading time":"5 minutes"},"schema":{"@context":"https:\/\/schema.org","@graph":[{"@type":"WebSite","@id":"https:\/\/www.javeriana.edu.co\/escuela-gobierno-etica-publica\/#website","url":"https:\/\/www.javeriana.edu.co\/escuela-gobierno-etica-publica\/","name":"Escuela Gobierno y \u00c9tica","description":"Escuela Gobierno y \u00c9tica","potentialAction":[{"@type":"SearchAction","target":{"@type":"EntryPoint","urlTemplate":"https:\/\/www.javeriana.edu.co\/escuela-gobierno-etica-publica\/?s={search_term_string}"},"query-input":"required name=search_term_string"}],"inLanguage":"en-US"},{"@type":"WebPage","@id":"https:\/\/www.javeriana.edu.co\/escuela-gobierno-etica-publica\/investigacion\/","url":"https:\/\/www.javeriana.edu.co\/escuela-gobierno-etica-publica\/investigacion\/","name":"Investigaci\u00f3n - Escuela Gobierno y \u00c9tica","isPartOf":{"@id":"https:\/\/www.javeriana.edu.co\/escuela-gobierno-etica-publica\/#website"},"datePublished":"2021-10-25T18:19:00+00:00","dateModified":"2021-10-25T18:36:21+00:00","breadcrumb":{"@id":"https:\/\/www.javeriana.edu.co\/escuela-gobierno-etica-publica\/investigacion\/#breadcrumb"},"inLanguage":"en-US","potentialAction":[{"@type":"ReadAction","target":["https:\/\/www.javeriana.edu.co\/escuela-gobierno-etica-publica\/investigacion\/"]}]},{"@type":"BreadcrumbList","@id":"https:\/\/www.javeriana.edu.co\/escuela-gobierno-etica-publica\/investigacion\/#breadcrumb","itemListElement":[{"@type":"ListItem","position":1,"name":"Portada","item":"https:\/\/www.javeriana.edu.co\/escuela-gobierno-etica-publica\/"},{"@type":"ListItem","position":2,"name":"Investigaci\u00f3n"}]}]}},"_links":{"self":[{"href":"https:\/\/www.javeriana.edu.co\/escuela-gobierno-etica-publica\/wp-json\/wp\/v2\/pages\/1190"}],"collection":[{"href":"https:\/\/www.javeriana.edu.co\/escuela-gobierno-etica-publica\/wp-json\/wp\/v2\/pages"}],"about":[{"href":"https:\/\/www.javeriana.edu.co\/escuela-gobierno-etica-publica\/wp-json\/wp\/v2\/types\/page"}],"author":[{"embeddable":true,"href":"https:\/\/www.javeriana.edu.co\/escuela-gobierno-etica-publica\/wp-json\/wp\/v2\/users\/7"}],"replies":[{"embeddable":true,"href":"https:\/\/www.javeriana.edu.co\/escuela-gobierno-etica-publica\/wp-json\/wp\/v2\/comments?post=1190"}],"version-history":[{"count":3,"href":"https:\/\/www.javeriana.edu.co\/escuela-gobierno-etica-publica\/wp-json\/wp\/v2\/pages\/1190\/revisions"}],"predecessor-version":[{"id":1196,"href":"https:\/\/www.javeriana.edu.co\/escuela-gobierno-etica-publica\/wp-json\/wp\/v2\/pages\/1190\/revisions\/1196"}],"wp:attachment":[{"href":"https:\/\/www.javeriana.edu.co\/escuela-gobierno-etica-publica\/wp-json\/wp\/v2\/media?parent=1190"}],"curies":[{"name":"wp","href":"https:\/\/api.w.org\/{rel}","templated":true}]}}