{"id":216,"date":"2016-08-12T22:34:25","date_gmt":"2016-08-12T22:34:25","guid":{"rendered":"http:\/\/www.javeriana.edu.co\/laudato-si\/?page_id=216"},"modified":"2016-11-21T22:54:59","modified_gmt":"2016-11-21T22:54:59","slug":"about","status":"publish","type":"page","link":"http:\/\/www.javeriana.edu.co\/laudato-si\/","title":{"rendered":"Home"},"content":{"rendered":"<p>[et_pb_section admin_label=&#8221;Section&#8221; fullwidth=&#8221;on&#8221; specialty=&#8221;off&#8221;][et_pb_fullwidth_image admin_label=&#8221;Fullwidth Image&#8221; src=&#8221;http:\/\/www.javeriana.edu.co\/laudato-si\/wp-content\/uploads\/2016\/08\/PROYECT_LAUDATO_SI.png&#8221; show_in_lightbox=&#8221;off&#8221; url_new_window=&#8221;off&#8221; use_overlay=&#8221;off&#8221; animation=&#8221;left&#8221; use_border_color=&#8221;off&#8221; border_color=&#8221;#ffffff&#8221; border_style=&#8221;solid&#8221;]<\/p>\n<p>[\/et_pb_fullwidth_image][\/et_pb_section][et_pb_section admin_label=&#8221;section&#8221;][et_pb_row admin_label=&#8221;row&#8221; make_fullwidth=&#8221;off&#8221; use_custom_width=&#8221;off&#8221; width_unit=&#8221;on&#8221; use_custom_gutter=&#8221;off&#8221; padding_mobile=&#8221;off&#8221; allow_player_pause=&#8221;off&#8221; parallax=&#8221;off&#8221; parallax_method=&#8221;off&#8221; make_equal=&#8221;off&#8221; parallax_1=&#8221;off&#8221; parallax_method_1=&#8221;off&#8221; column_padding_mobile=&#8221;on&#8221;][et_pb_column type=&#8221;4_4&#8243;][et_pb_text admin_label=&#8221;Text&#8221; background_layout=&#8221;light&#8221; text_orientation=&#8221;left&#8221; use_border_color=&#8221;off&#8221; border_color=&#8221;#ffffff&#8221; border_style=&#8221;solid&#8221;]<\/p>\n<p style=\"text-align: center;\"><strong><span style=\"color: #385724;\">\u201c<em>Al final nos encontraremos cara a cara frente a la infinita belleza de Dios<\/em><\/span><\/strong><\/p>\n<p style=\"text-align: center;\"><strong><span style=\"color: #385724;\"><em>y podremos leer con feliz admiraci\u00f3n el misterio del universo que <\/em><\/span><\/strong><\/p>\n<p style=\"text-align: center;\"><strong><span style=\"color: #385724;\"><em>participar\u00e1 con nosotros de la plenitud sin fin<\/em>\u201d\u00a0(LS No. 243).<\/span><\/strong><\/p>\n<table border=\"1\" width=\"1100\">\n<tbody>\n<tr>\n<td><span style=\"color: #385724;\">Bienvenido al <em>Proyecto Laudato si\u2019: Leer con feliz admiraci\u00f3n<\/em>, cuyo prop\u00f3sito es promover la lectura de la Enc\u00edclica y la apropiaci\u00f3n de sus mensajes en un di\u00e1logo de comunidad educativa.<\/span><br \/>\n<span style=\"color: #385724;\"><br \/>\nPara recorrer el Laudado Si\u2019 viviremos su lectura momento a momento: <em>El llamado, el ver, el juzgar y el actuar.<\/em><\/span><br \/>\n<img decoding=\"async\" loading=\"lazy\" class=\"aligncenter wp-image-646 size-full\" src=\"http:\/\/www.javeriana.edu.co\/laudato-si\/wp-content\/uploads\/2016\/08\/PROYECTO-01-1.png\" width=\"1100\" height=\"347\" \/><\/td>\n<\/tr>\n<\/tbody>\n<\/table>\n<p>[\/et_pb_text][et_pb_image admin_label=&#8221;Image&#8221; src=&#8221;http:\/\/www.javeriana.edu.co\/laudato-si\/wp-content\/uploads\/2016\/08\/PROYECTO-02.png&#8221; show_in_lightbox=&#8221;off&#8221; url_new_window=&#8221;off&#8221; use_overlay=&#8221;off&#8221; animation=&#8221;left&#8221; sticky=&#8221;off&#8221; align=&#8221;left&#8221; force_fullwidth=&#8221;off&#8221; always_center_on_mobile=&#8221;on&#8221; use_border_color=&#8221;off&#8221; border_color=&#8221;#ffffff&#8221; border_style=&#8221;solid&#8221;]<\/p>\n<p>[\/et_pb_image][et_pb_text admin_label=&#8221;Text&#8221; background_layout=&#8221;light&#8221; text_orientation=&#8221;left&#8221; use_border_color=&#8221;off&#8221; border_color=&#8221;#ffffff&#8221; border_style=&#8221;solid&#8221;]<\/p>\n<p><span style=\"color: #385724;\">En cada momento, <em>el llamado, el ver, el juzgar, el actuar<\/em>, el texto de la enciclica solicita tres grandes acciones de los participantes: <\/span><\/p>\n<p><span style=\"color: #385724;\">a) Reflexionar sobre los grandes problemas que vivimos.<\/span><\/p>\n<p><span style=\"color: #385724;\">b) Leer con feliz admiraci\u00f3n.<\/span><\/p>\n<p><span style=\"color: #385724;\">c) Dialogar sobre nuestras alternativas.<\/span><\/p>\n<p>[\/et_pb_text][et_pb_image admin_label=&#8221;Image&#8221; src=&#8221;http:\/\/www.javeriana.edu.co\/laudato-si\/wp-content\/uploads\/2016\/08\/PROYECTO-03.png&#8221; show_in_lightbox=&#8221;off&#8221; url_new_window=&#8221;off&#8221; use_overlay=&#8221;off&#8221; animation=&#8221;left&#8221; sticky=&#8221;off&#8221; align=&#8221;left&#8221; force_fullwidth=&#8221;off&#8221; always_center_on_mobile=&#8221;on&#8221; use_border_color=&#8221;off&#8221; border_color=&#8221;#ffffff&#8221; border_style=&#8221;solid&#8221;]<\/p>\n<p>[\/et_pb_image][\/et_pb_column][\/et_pb_row][\/et_pb_section][et_pb_section admin_label=&#8221;Section&#8221; global_module=&#8221;526&#8243; fullwidth=&#8221;off&#8221; specialty=&#8221;off&#8221; transparent_background=&#8221;off&#8221; background_color=&#8221;#515151&#8243; allow_player_pause=&#8221;off&#8221; inner_shadow=&#8221;off&#8221; parallax=&#8221;off&#8221; parallax_method=&#8221;off&#8221; padding_mobile=&#8221;off&#8221; make_fullwidth=&#8221;off&#8221; use_custom_width=&#8221;off&#8221; width_unit=&#8221;on&#8221; make_equal=&#8221;off&#8221; use_custom_gutter=&#8221;off&#8221; disabled=&#8221;off&#8221; disabled_on=&#8221;off|off|off&#8221;][et_pb_row global_parent=&#8221;526&#8243; admin_label=&#8221;Row&#8221;][et_pb_column type=&#8221;1_4&#8243;][et_pb_image global_parent=&#8221;526&#8243; admin_label=&#8221;Logo Javeriana&#8221; src=&#8221;http:\/\/www.javeriana.edu.co\/laudato-si\/wp-content\/uploads\/2016\/08\/LOGOS-PUJ.png&#8221; show_in_lightbox=&#8221;off&#8221; url_new_window=&#8221;on&#8221; use_overlay=&#8221;off&#8221; animation=&#8221;left&#8221; sticky=&#8221;off&#8221; align=&#8221;left&#8221; force_fullwidth=&#8221;off&#8221; always_center_on_mobile=&#8221;on&#8221; use_border_color=&#8221;off&#8221; border_color=&#8221;#ffffff&#8221; border_style=&#8221;solid&#8221; url=&#8221;http:\/\/www.javeriana.edu.co\/home#.WA_zcDY5u4c&#8221;]<\/p>\n<p>[\/et_pb_image][\/et_pb_column][et_pb_column type=&#8221;1_4&#8243;][et_pb_image global_parent=&#8221;526&#8243; admin_label=&#8221;Logo CAE&#8221; src=&#8221;http:\/\/www.javeriana.edu.co\/laudato-si\/wp-content\/uploads\/2016\/08\/LOGOS-CAEE.png&#8221; show_in_lightbox=&#8221;off&#8221; url_new_window=&#8221;on&#8221; use_overlay=&#8221;off&#8221; animation=&#8221;left&#8221; sticky=&#8221;off&#8221; align=&#8221;left&#8221; force_fullwidth=&#8221;off&#8221; always_center_on_mobile=&#8221;on&#8221; use_border_color=&#8221;off&#8221; border_color=&#8221;#ffffff&#8221; border_style=&#8221;solid&#8221; url=&#8221;http:\/\/caee.javeriana.edu.co\/&#8221;]<\/p>\n<p>[\/et_pb_image][\/et_pb_column][et_pb_column type=&#8221;1_4&#8243;][et_pb_image global_parent=&#8221;526&#8243; admin_label=&#8221;Logo Centro Atico&#8221; src=&#8221;http:\/\/www.javeriana.edu.co\/laudato-si\/wp-content\/uploads\/2016\/08\/LOGOS-ATICO.png&#8221; show_in_lightbox=&#8221;off&#8221; url_new_window=&#8221;on&#8221; use_overlay=&#8221;off&#8221; animation=&#8221;left&#8221; sticky=&#8221;off&#8221; align=&#8221;left&#8221; force_fullwidth=&#8221;off&#8221; always_center_on_mobile=&#8221;on&#8221; use_border_color=&#8221;off&#8221; border_color=&#8221;#ffffff&#8221; border_style=&#8221;solid&#8221; url=&#8221;http:\/\/www.javeriana.edu.co\/vicerrectoria-academica\/atico&#8221;]<\/p>\n<p>[\/et_pb_image][\/et_pb_column][et_pb_column type=&#8221;1_4&#8243;][et_pb_image global_parent=&#8221;526&#8243; admin_label=&#8221;Logo DTI&#8221; src=&#8221;http:\/\/www.javeriana.edu.co\/laudato-si\/wp-content\/uploads\/2016\/08\/LOGOS-DTI.png&#8221; show_in_lightbox=&#8221;off&#8221; url_new_window=&#8221;off&#8221; use_overlay=&#8221;off&#8221; animation=&#8221;left&#8221; sticky=&#8221;off&#8221; align=&#8221;left&#8221; force_fullwidth=&#8221;off&#8221; always_center_on_mobile=&#8221;on&#8221; use_border_color=&#8221;off&#8221; border_color=&#8221;#ffffff&#8221; border_style=&#8221;solid&#8221;]<\/p>\n<p>[\/et_pb_image][\/et_pb_column][\/et_pb_row][\/et_pb_section]<\/p>\n","protected":false},"excerpt":{"rendered":"<p>[et_pb_section admin_label=&#8221;Section&#8221; fullwidth=&#8221;on&#8221; specialty=&#8221;off&#8221;][et_pb_fullwidth_image admin_label=&#8221;Fullwidth Image&#8221; src=&#8221;http:\/\/www.javeriana.edu.co\/laudato-si\/wp-content\/uploads\/2016\/08\/PROYECT_LAUDATO_SI.png&#8221; show_in_lightbox=&#8221;off&#8221; url_new_window=&#8221;off&#8221; use_overlay=&#8221;off&#8221; animation=&#8221;left&#8221; use_border_color=&#8221;off&#8221; border_color=&#8221;#ffffff&#8221; border_style=&#8221;solid&#8221;] [\/et_pb_fullwidth_image][\/et_pb_section][et_pb_section admin_label=&#8221;section&#8221;][et_pb_row admin_label=&#8221;row&#8221; make_fullwidth=&#8221;off&#8221; use_custom_width=&#8221;off&#8221; width_unit=&#8221;on&#8221; use_custom_gutter=&#8221;off&#8221; padding_mobile=&#8221;off&#8221; allow_player_pause=&#8221;off&#8221; parallax=&#8221;off&#8221; parallax_method=&#8221;off&#8221; make_equal=&#8221;off&#8221; parallax_1=&#8221;off&#8221; parallax_method_1=&#8221;off&#8221; column_padding_mobile=&#8221;on&#8221;][et_pb_column type=&#8221;4_4&#8243;][et_pb_text admin_label=&#8221;Text&#8221; background_layout=&#8221;light&#8221; text_orientation=&#8221;left&#8221; use_border_color=&#8221;off&#8221; border_color=&#8221;#ffffff&#8221; border_style=&#8221;solid&#8221;] \u201cAl final nos encontraremos cara a cara frente a la infinita belleza de Dios y podremos leer con feliz [&hellip;]<\/p>\n","protected":false},"author":2,"featured_media":0,"parent":0,"menu_order":0,"comment_status":"closed","ping_status":"closed","template":"","meta":{"footnotes":""},"_links":{"self":[{"href":"http:\/\/www.javeriana.edu.co\/laudato-si\/wp-json\/wp\/v2\/pages\/216"}],"collection":[{"href":"http:\/\/www.javeriana.edu.co\/laudato-si\/wp-json\/wp\/v2\/pages"}],"about":[{"href":"http:\/\/www.javeriana.edu.co\/laudato-si\/wp-json\/wp\/v2\/types\/page"}],"author":[{"embeddable":true,"href":"http:\/\/www.javeriana.edu.co\/laudato-si\/wp-json\/wp\/v2\/users\/2"}],"replies":[{"embeddable":true,"href":"http:\/\/www.javeriana.edu.co\/laudato-si\/wp-json\/wp\/v2\/comments?post=216"}],"version-history":[{"count":31,"href":"http:\/\/www.javeriana.edu.co\/laudato-si\/wp-json\/wp\/v2\/pages\/216\/revisions"}],"predecessor-version":[{"id":693,"href":"http:\/\/www.javeriana.edu.co\/laudato-si\/wp-json\/wp\/v2\/pages\/216\/revisions\/693"}],"wp:attachment":[{"href":"http:\/\/www.javeriana.edu.co\/laudato-si\/wp-json\/wp\/v2\/media?parent=216"}],"curies":[{"name":"wp","href":"https:\/\/api.w.org\/{rel}","templated":true}]}}