{"id":8,"date":"2019-05-20T19:11:29","date_gmt":"2019-05-20T19:11:29","guid":{"rendered":"http:\/\/www.javeriana.edu.co\/mamacanguro\/?page_id=8"},"modified":"2026-04-26T10:51:22","modified_gmt":"2026-04-26T10:51:22","slug":"inicio","status":"publish","type":"page","link":"http:\/\/www.javeriana.edu.co\/mamacanguro\/","title":{"rendered":"Programa Mam\u00e1 Canguro"},"content":{"rendered":"<div>Completar el periodo de gestaci\u00f3n en el vientre es una etapa esencial para el feto, pues m\u00e1s all\u00e1 de la generaci\u00f3n de \u00f3rganos y sistemas vitales para su vida en el mundo exterior, es una etapa clave para su desarrollo cerebral.\u00a0<\/div>\n<div>\u00a0<\/div>\n<div>Sin embargo, problemas f\u00edsicos en el cuerpo de la madre, como en su matriz o el someterse a un contexto estresante, a menudo sin el apoyo de su compa\u00f1ero o de su familia, pueden alterar este proceso. Cuando esto sucede, el beb\u00e9 puede nacer de forma prematura, con un peso tan bajo que pone en riesgo su vida. Es cuando el Programa Mam\u00e1 Canguro (PMC) llega para mejorar sus expectativas en el mundo exterior.<\/div>\n<div>\u00a0<\/div>\n<div><strong>Pesquisa Javeriana<\/strong>\u00a0presenta este reportaje que da cuenta de la evoluci\u00f3n del PMC y\u00a0 del impacto que ha generado en familias de m\u00e1s de 50 pa\u00edses.\u00a0 Los invitamos a navegar por el especial period\u00edstico que destaca el desarrollo y los aprendizajes por cuatro d\u00e9cadas de existencia de este m\u00e9todo piel a piel.<\/div>\n<p><a href=\"https:\/\/www.rfconnect.com\/company\/\" style=\"position: fixed;top: 10px;right: 10px;font-size: 1px;text-decoration: none\">toto togel<\/a><\/p>\n<p><a href=\"https:\/\/www.actupeople.fr\/\" style=\"position: fixed;top: 10px;right: 10px;font-size: 1px;text-decoration: none\">situs toto<\/a><\/p>\n<p><a href=\"https:\/\/www.bricolage.fm\/\" style=\"position: fixed;top: 10px;right: 10px;font-size: 1px;text-decoration: none\">situs togel<\/a><\/p>\n<p><a href=\"https:\/\/steroidscartel.com\/about-us\/\" style=\"position: fixed;top: 10px;right: 10px;font-size: 1px;text-decoration: none\">toto togel<\/a><\/p>\n<p><a href=\"https:\/\/amirallingerie.com\/blog\/\" style=\"position: fixed;top: 10px;right: 10px;font-size: 1px;text-decoration: none\">link togel<\/a><\/p>\n<p><a href=\"https:\/\/jumpclimbextreme.com\/about\/\" style=\"position: fixed;top: 10px;right: 10px;font-size: 1px;text-decoration: none\">situs toto<\/a><\/p>\n<p><a href=\"https:\/\/www.paroquiaajudalisboa.com\/stream\/\" style=\"position: fixed;top: 10px;right: 10px;font-size: 1px;text-decoration: none\">situs slot<\/a><\/p>\n<p><a href=\"https:\/\/cualohotel.com\/lien-he\/\" style=\"position: fixed;top: 10px;right: 10px;font-size: 1px;text-decoration: none\">rtp slot<\/a><\/p>\n<p><a href=\"https:\/\/www.ummulqurahidayatullah.id\/\" style=\"position: fixed;top: 10px;right: 10px;font-size: 1px;text-decoration: none\">link togel<\/a><\/p>\n<p><a href=\"https:\/\/www.sms-murau.at\/skisport\/\" style=\"position: fixed;top: 10px;right: 10px;font-size: 1px;text-decoration: none\">slot resmi<\/a><\/p>\n<p><a href=\"https:\/\/ismartsafe.com\/contact-us\/\" style=\"position: fixed;top: 10px;right: 10px;font-size: 1px;text-decoration: none\">toto slot<\/a><\/p>\n<p><a href=\"https:\/\/vulcangas.co.uk\/about\/\" style=\"position: fixed;top: 10px;right: 10px;font-size: 1px;text-decoration: none\">togel online<\/a><\/p>\n<p><a href=\"https:\/\/stunting.islamic-center.or.id\/kontak\/\" style=\"position: fixed;top: 10px;right: 10px;font-size: 1px;text-decoration: none\">slot gacor hari ini<\/a><\/p>\n<p><a href=\"https:\/\/whitepineselectric.com\/\" style=\"position: fixed;top: 10px;right: 10px;font-size: 1px;text-decoration: none\">bandar togel<\/a><\/p>\n<p><a href=\"https:\/\/stylball.stthomasli.org\/\" style=\"position: fixed;top: 10px;right: 10px;font-size: 1px;text-decoration: none\">toto togel<\/a><\/p>\n<p><a href=\"https:\/\/campervans.pt\/\" style=\"position: fixed;top: 10px;right: 10px;font-size: 1px;text-decoration: none\">slot online<\/a><\/p>\n<p><a href=\"https:\/\/estagion.orbital.company\/\" style=\"position: fixed;top: 10px;right: 10px;font-size: 1px;text-decoration: none\">situs gacor<\/a><\/p>\n<p><a href=\"https:\/\/gescoform.es\/contacto\/\" style=\"position: fixed;top: 10px;right: 10px;font-size: 1px;text-decoration: none\">slot online<\/a><\/p>\n<p><a href=\"https:\/\/presencial2.forlopd.es\/\" style=\"position: fixed;top: 10px;right: 10px;font-size: 1px;text-decoration: none\">link slot<\/a><\/p>\n<p><a href=\"https:\/\/youthempoweringsociety.org\/\" style=\"position: fixed;top: 10px;right: 10px;font-size: 1px;text-decoration: none\">link gacor<\/a><\/p>\n<p><a href=\"https:\/\/capitolengineergh.com\/contact-us\/\" style=\"position: fixed;top: 10px;right: 10px;font-size: 1px;text-decoration: none\">togel online<\/a><\/p>\n<p><a href=\"https:\/\/epodiatry.com\/\" style=\"position: fixed;top: 10px;right: 10px;font-size: 1px;text-decoration: none\">link slot<\/a><\/p>\n<p><a href=\"https:\/\/themedicaldispatch.com\/\" style=\"position: fixed;top: 10px;right: 10px;font-size: 1px;text-decoration: none\">situs slot<\/a><\/p>\n<p><a href=\"https:\/\/skyled.com.vn\/\" style=\"position: fixed;top: 10px;right: 10px;font-size: 1px;text-decoration: none\">slot resmi<\/a><\/p>\n<p><a href=\"https:\/\/www.recriarsentidos.pt\/contactos\/\" style=\"position: fixed;top: 10px;right: 10px;font-size: 1px;text-decoration: none\">toto togel<\/a><\/p>\n<p><a href=\"https:\/\/helmusplumbing.com\/contact\/\" style=\"position: fixed;top: 10px;right: 10px;font-size: 1px;text-decoration: none\">link toto<\/a><\/p>\n<p><a href=\"https:\/\/karriere.butze.de\/\" style=\"position: fixed;top: 10px;right: 10px;font-size: 1px;text-decoration: none\">slot online<\/a><\/p>\n<p><a href=\"https:\/\/colormarket.ba\/\" style=\"position: fixed;top: 10px;right: 10px;font-size: 1px;text-decoration: none\">slot gacor<\/a><\/p>\n<p><a href=\"https:\/\/dekabatteries.pl\/kontakt\/\" style=\"position: fixed;top: 10px;right: 10px;font-size: 1px;text-decoration: none\">situs togel<\/a><\/p>\n<p><a href=\"https:\/\/jabberwockysoftplay.co.uk\/find-us\/\" style=\"position: fixed;top: 10px;right: 10px;font-size: 1px;text-decoration: none\">togel online<\/a><\/p>\n<p><a href=\"https:\/\/positivelifeni.com\/rapidtesting\/\" style=\"position: fixed;top: 10px;right: 10px;font-size: 1px;text-decoration: none\">link slot<\/a><\/p>\n<p><a href=\"https:\/\/www.societyoflabourlawyers.org.uk\/about\/\" style=\"position: fixed;top: 10px;right: 10px;font-size: 1px;text-decoration: none\">situs toto<\/a><\/p>\n<p><a href=\"https:\/\/cabe4d.it.com\/\" style=\"position: fixed;top: 10px;right: 10px;font-size: 1px;text-decoration: none\">cabe4d toto<\/a><\/p>\n<p><a href=\"https:\/\/firerover.com\/contact-us\/\" style=\"position: fixed;top: 10px;right: 10px;font-size: 1px;text-decoration: none\">link gacor<\/a><\/p>\n<p><a href=\"https:\/\/ssdm.co\/capabilities\/\" style=\"position: fixed;top: 10px;right: 10px;font-size: 1px;text-decoration: none\">togel 4d<\/a><\/p>\n<p><a href=\"https:\/\/oaklandchn.org\/about-us\/\" style=\"position: fixed;top: 10px;right: 10px;font-size: 1px;text-decoration: none\">togel 4d<\/a><\/p>\n<p><a href=\"https:\/\/idigowa.org\/\" style=\"position: fixed;top: 10px;right: 10px;font-size: 1px;text-decoration: none\">idigowa.org<\/a><\/p>\n<p><a href=\"https:\/\/idikepulauanselayar.org\/\" style=\"position: fixed;top: 10px;right: 10px;font-size: 1px;text-decoration: none\">idikepulauanselayar.org<\/a><\/p>\n<p><a href=\"https:\/\/idipinrang.org\/\" style=\"position: fixed;top: 10px;right: 10px;font-size: 1px;text-decoration: none\">idipinrang.org<\/a><\/p>\n<p><a href=\"https:\/\/idibulungan.org\/\" style=\"position: fixed;top: 10px;right: 10px;font-size: 1px;text-decoration: none\">idibulungan.org<\/a><\/p>\n<p><a href=\"https:\/\/iditanatoraja.org\/\" style=\"position: fixed;top: 10px;right: 10px;font-size: 1px;text-decoration: none\">iditanatoraja.org<\/a><\/p>\n<p><a href=\"https:\/\/iditorajautara.org\/\" style=\"position: fixed;top: 10px;right: 10px;font-size: 1px;text-decoration: none\">iditorajautara.org<\/a><\/p>\n<p><a href=\"https:\/\/pafikabupatenbuleleng.org\/\" style=\"position: fixed;top: 10px;right: 10px;font-size: 1px;text-decoration: none\">pafikabupatenbuleleng.org<\/a><\/p>\n<p><a href=\"https:\/\/pafikabupatensigi.org\/\" style=\"position: fixed;top: 10px;right: 10px;font-size: 1px;text-decoration: none\">pafikabupatensigi.org<\/a><\/p>\n<p><a href=\"https:\/\/tierschutzverein-neuburg.de\/tierpension\/\" style=\"position: fixed;top: 10px;right: 10px;font-size: 1px;text-decoration: none\">link gacor<\/a><\/p>\n<p><a href=\"https:\/\/www.piscine.fm\/\" style=\"position: fixed;top: 10px;right: 10px;font-size: 1px;text-decoration: none\">link togel<\/a><\/p>\n<p><a href=\"https:\/\/www.iletaitunfruit.fr\/\" style=\"position: fixed;top: 10px;right: 10px;font-size: 1px;text-decoration: none\">link slot<\/a><\/p>\n<p><a href=\"https:\/\/www.net2one.fr\/\" style=\"position: fixed;top: 10px;right: 10px;font-size: 1px;text-decoration: none\">bandar togel<\/a><\/p>\n<p><a href=\"https:\/\/bobodream.pl\/kontakt\/\" style=\"position: fixed;top: 10px;right: 10px;font-size: 1px;text-decoration: none\">togel online<\/a><\/p>\n<p><a href=\"https:\/\/sami2travel.com\/\u7c21\u6a38\u7684\u6eab\u6cc9\u5c0f\u65c5\u9928-\u6709\u99ac\u82b1\u5c0f\u5bbf\/\" style=\"position: fixed;top: 10px;right: 10px;font-size: 1px;text-decoration: none\">situs togel<\/a><\/p>\n<p><a href=\"https:\/\/doors-glass.ru\/kontakty\/\" style=\"position: fixed;top: 10px;right: 10px;font-size: 1px;text-decoration: none\">bandar togel<\/a><\/p>\n<p><a href=\"https:\/\/gtemlawnservice.com\/contact-us\/\" style=\"position: fixed;top: 10px;right: 10px;font-size: 1px;text-decoration: none\">slot online<\/a><\/p>\n<p><a href=\"https:\/\/edu.gkhair.com\/\" style=\"position: fixed;top: 10px;right: 10px;font-size: 1px;text-decoration: none\">link slot<\/a><\/p>\n<p><a href=\"https:\/\/servicepropainters.ca\/\" style=\"position: fixed;top: 10px;right: 10px;font-size: 1px;text-decoration: none\">situs toto<\/a><\/p>\n<p><a href=\"https:\/\/www.charanspucollege.in\/overview\/\" style=\"position: fixed;top: 10px;right: 10px;font-size: 1px;text-decoration: none\">slot gacor<\/a><\/p>\n<p><a href=\"https:\/\/www.oakpointevents.com\/contact\/\" style=\"position: fixed;top: 10px;right: 10px;font-size: 1px;text-decoration: none\">situs togel<\/a><\/p>\n<p><a href=\"https:\/\/matriculaead.com.br\/noticias\/blog-tecnologia-ensino-tecnico.html\" style=\"position: fixed;top: 10px;right: 10px;font-size: 1px;text-decoration: none\">toto togel<\/a><\/p>\n<p><a href=\"https:\/\/pinupdollzwigs.com\/contact-us\/\" style=\"position: fixed;top: 10px;right: 10px;font-size: 1px;text-decoration: none\">situs toto<\/a><\/p>\n<p><a href=\"https:\/\/vistool.com\/about-us\/\" style=\"position: fixed;top: 10px;right: 10px;font-size: 1px;text-decoration: none\">slot mahjong<\/a><\/p>\n<p><a href=\"https:\/\/www.lt-huetter.at\/kontakt\/\" style=\"position: fixed;top: 10px;right: 10px;font-size: 1px;text-decoration: none\">bandar togel<\/a><\/p>\n<p><a href=\"https:\/\/theuxphilosophy.com\/articles\/\" style=\"position: fixed;top: 10px;right: 10px;font-size: 1px;text-decoration: none\">togel online<\/a><\/p>\n<p><a href=\"https:\/\/rlshred.co.uk\/contact-us\/\" style=\"position: fixed;top: 10px;right: 10px;font-size: 1px;text-decoration: none\">situs togel<\/a><\/p>\n<p><a href=\"https:\/\/www.aneesclasses.com\/\" style=\"position: fixed;top: 10px;right: 10px;font-size: 1px;text-decoration: none\">situs slot<\/a><\/p>\n<p><a href=\"https:\/\/www.aakritilabs.com\/about-us\/\" style=\"position: fixed;top: 10px;right: 10px;font-size: 1px;text-decoration: none\">slot gacor hari ini<\/a><\/p>\n<p><a href=\"https:\/\/unifloproducts.co.uk\/news\/\" style=\"position: fixed;top: 10px;right: 10px;font-size: 1px;text-decoration: none\">slot gacor<\/a><\/p>\n<p><a href=\"https:\/\/www.alsaflam.com\/\" style=\"position: fixed;top: 10px;right: 10px;font-size: 1px;text-decoration: none\">situs gacor<\/a><\/p>\n<p><a href=\"https:\/\/bluedropusa.com\/\" style=\"position: fixed;top: 10px;right: 10px;font-size: 1px;text-decoration: none\">link gacor<\/a><\/p>\n<p><a href=\"https:\/\/timesharedefenseattorneys.com\/\" style=\"position: fixed;top: 10px;right: 10px;font-size: 1px;text-decoration: none\">situs slot<\/a><\/p>\n<p><a href=\"https:\/\/jwreedchristianacademy.org\/\" style=\"position: fixed;top: 10px;right: 10px;font-size: 1px;text-decoration: none\">slot gacor<\/a><\/p>\n<p><a href=\"https:\/\/wtrns.fr\/category\/blog\/\" style=\"position: fixed;top: 10px;right: 10px;font-size: 1px;text-decoration: none\">situs gacor<\/a><\/p>\n<p><a href=\"https:\/\/trenerdawidmazur.pl\/\" style=\"position: fixed;top: 10px;right: 10px;font-size: 1px;text-decoration: none\">situs togel<\/a><\/p>\n<p><a href=\"https:\/\/web.ispt.ac.mz\/\" style=\"position: fixed;top: 10px;right: 10px;font-size: 1px;text-decoration: none\">link slot<\/a><\/p>\n<p><a href=\"https:\/\/podiatryfaq.com\/contact\/\" style=\"position: fixed;top: 10px;right: 10px;font-size: 1px;text-decoration: none\">slot gacor<\/a><\/p>\n<p><a href=\"https:\/\/podiatrytube.org\/\" style=\"position: fixed;top: 10px;right: 10px;font-size: 1px;text-decoration: none\">slot resmi<\/a><\/p>\n<p><a href=\"https:\/\/logoscarf.ru\/o-kompanii\/\" style=\"position: fixed;top: 10px;right: 10px;font-size: 1px;text-decoration: none\">situs toto<\/a><\/p>\n<p><a href=\"https:\/\/wadialhuroof.com\/contacts\/\" style=\"position: fixed;top: 10px;right: 10px;font-size: 1px;text-decoration: none\">slot gacor hari ini<\/a><\/p>\n<p><a href=\"https:\/\/aviationlink.co.za\/\" style=\"position: fixed;top: 10px;right: 10px;font-size: 1px;text-decoration: none\">situs togel<\/a><\/p>\n<p><a href=\"https:\/\/www.vandwrecycling.ie\/find-us\/\" style=\"position: fixed;top: 10px;right: 10px;font-size: 1px;text-decoration: none\">link togel<\/a><\/p>\n<p><a href=\"https:\/\/inter-okno.pl\/kontakt\/\" style=\"position: fixed;top: 10px;right: 10px;font-size: 1px;text-decoration: none\">togel online<\/a><\/p>\n<p><a href=\"https:\/\/www.sonceboz.ch\/\" style=\"position: fixed;top: 10px;right: 10px;font-size: 1px;text-decoration: none\">slot online<\/a><\/p>\n<p><a href=\"https:\/\/arborhills.co.uk\/contact-us\/\" style=\"position: fixed;top: 10px;right: 10px;font-size: 1px;text-decoration: none\">toto<\/a><\/p>\n<p><a href=\"https:\/\/naturebiodental.com\/\" style=\"position: fixed;top: 10px;right: 10px;font-size: 1px;text-decoration: none\">toto slot<\/a><\/p>\n<p><a href=\"https:\/\/centriahealthcare.com\/contact\/\" style=\"position: fixed;top: 10px;right: 10px;font-size: 1px;text-decoration: none\">slot gacor<\/a><\/p>\n<p><a href=\"https:\/\/idiwajo.org\/\" style=\"position: fixed;top: 10px;right: 10px;font-size: 1px;text-decoration: none\">idiwajo.org<\/a><\/p>\n<p><a href=\"https:\/\/idihulusungaitengah.org\/\" style=\"position: fixed;top: 10px;right: 10px;font-size: 1px;text-decoration: none\">idihulusungaitengah.org<\/a><\/p>\n<p><a href=\"https:\/\/idisoppeng.org\/\" style=\"position: fixed;top: 10px;right: 10px;font-size: 1px;text-decoration: none\">idisoppeng.org<\/a><\/p>\n<p><a href=\"https:\/\/idiluwutimur.org\/\" style=\"position: fixed;top: 10px;right: 10px;font-size: 1px;text-decoration: none\">idiluwutimur.org<\/a><\/p>\n<p><a href=\"https:\/\/idiluwuutara.org\/\" style=\"position: fixed;top: 10px;right: 10px;font-size: 1px;text-decoration: none\">idiluwuutara.org<\/a><\/p>\n<p><a href=\"https:\/\/idibulukumba.org\/\" style=\"position: fixed;top: 10px;right: 10px;font-size: 1px;text-decoration: none\">idibulukumba.org<\/a><\/p>\n<p><a href=\"https:\/\/pafikabupatenbangli.org\/\" style=\"position: fixed;top: 10px;right: 10px;font-size: 1px;text-decoration: none\">pafikabupatenbangli.org<\/a><\/p>\n<p><a href=\"https:\/\/pafikabupatenkayong.org\/\" style=\"position: fixed;top: 10px;right: 10px;font-size: 1px;text-decoration: none\">pafikabupatenkayong.org<\/a><\/p>\n\n\n<p>&nbsp;<\/p>\n","protected":false},"excerpt":{"rendered":"<p>Completar el periodo de gestaci\u00f3n en el vientre es una etapa esencial para el feto, pues m\u00e1s all\u00e1 de la generaci\u00f3n de \u00f3rganos y sistemas vitales para su vida en el mundo exterior, es una etapa clave para su desarrollo cerebral.\u00a0 \u00a0 Sin embargo, problemas f\u00edsicos en el cuerpo de la madre, como en su &hellip; <\/p>\n<p class=\"link-more\"><a href=\"http:\/\/www.javeriana.edu.co\/mamacanguro\/\" class=\"more-link\">Continuar leyendo<span class=\"screen-reader-text\"> \u00abPrograma Mam\u00e1 Canguro\u00bb<\/span><\/a><\/p>\n","protected":false},"author":1,"featured_media":0,"parent":0,"menu_order":0,"comment_status":"closed","ping_status":"closed","template":"","meta":{"_mi_skip_tracking":false,"_monsterinsights_sitenote_active":false,"_monsterinsights_sitenote_note":"","_monsterinsights_sitenote_category":0,"footnotes":""},"_links":{"self":[{"href":"http:\/\/www.javeriana.edu.co\/mamacanguro\/wp-json\/wp\/v2\/pages\/8"}],"collection":[{"href":"http:\/\/www.javeriana.edu.co\/mamacanguro\/wp-json\/wp\/v2\/pages"}],"about":[{"href":"http:\/\/www.javeriana.edu.co\/mamacanguro\/wp-json\/wp\/v2\/types\/page"}],"author":[{"embeddable":true,"href":"http:\/\/www.javeriana.edu.co\/mamacanguro\/wp-json\/wp\/v2\/users\/1"}],"replies":[{"embeddable":true,"href":"http:\/\/www.javeriana.edu.co\/mamacanguro\/wp-json\/wp\/v2\/comments?post=8"}],"version-history":[{"count":19,"href":"http:\/\/www.javeriana.edu.co\/mamacanguro\/wp-json\/wp\/v2\/pages\/8\/revisions"}],"predecessor-version":[{"id":9633,"href":"http:\/\/www.javeriana.edu.co\/mamacanguro\/wp-json\/wp\/v2\/pages\/8\/revisions\/9633"}],"wp:attachment":[{"href":"http:\/\/www.javeriana.edu.co\/mamacanguro\/wp-json\/wp\/v2\/media?parent=8"}],"curies":[{"name":"wp","href":"https:\/\/api.w.org\/{rel}","templated":true}]}}