{"id":328,"date":"2017-10-25T08:55:08","date_gmt":"2017-10-25T08:55:08","guid":{"rendered":"http:\/\/www.javeriana.edu.co\/mentalpuntodeapoyo\/?page_id=328"},"modified":"2026-05-05T01:18:39","modified_gmt":"2026-05-05T06:18:39","slug":"historia-viva","status":"publish","type":"page","link":"http:\/\/www.javeriana.edu.co\/mentalpuntodeapoyo\/?page_id=328","title":{"rendered":"Historia Viva"},"content":{"rendered":"<div id=\"pl-328\"  class=\"panel-layout\" ><div id=\"pg-328-0\"  class=\"panel-grid panel-no-style\" ><div id=\"pgc-328-0-0\"  class=\"panel-grid-cell\" ><div id=\"panel-328-0-0-0\" class=\"so-panel widget widget_sow-headline panel-first-child panel-last-child\" data-index=\"0\" ><div\n\t\t\t\n\t\t\tclass=\"so-widget-sow-headline so-widget-sow-headline-default-54055ae2a7a2-328\"\n\t\t\t\n\t\t><div class=\"sow-headline-container \">\n\t<h1 class='sow-headline'>Historia Viva<\/h1>\t\t\t\t\t<div class=\"decoration\">\n\t\t\t\t\t\t<div class=\"decoration-inside\"><\/div>\n\t\t\t\t\t<\/div>\n\t\t\t\t\t<p class='sow-sub-headline'>Los \u00faltimos cincuenta a\u00f1os han sido testigos y protagonistas de la historia contempor\u00e1nea del campo de la salud mental. Esa historia est\u00e1 ligada a las vicisitudes nacionales y mundiales en esta \u00e1rea y a las del contexto global. Ahora bien, los documentos que recogen lo transcurrido en el pa\u00eds durante este tiempo son limitados. En cuanto a la psiquiatr\u00eda la contribuci\u00f3n mayor se le debe a Humberto Roselli Q., cuyo texto cl\u00e1sico Historia de la Psiquiatr\u00eda en Colombia, se publica en 1968.<\/p><\/div><\/div><\/div><\/div><\/div><div id=\"pg-328-1\"  class=\"panel-grid panel-no-style\" ><div id=\"pgc-328-1-0\"  class=\"panel-grid-cell\" ><div id=\"panel-328-1-0-0\" class=\"so-panel widget widget_media_video panel-first-child panel-last-child\" data-index=\"1\" ><div style=\"width:100%;\" class=\"wp-video\"><!--[if lt IE 9]><script>document.createElement('video');<\/script><![endif]-->\n<video class=\"wp-video-shortcode\" id=\"video-328-1\" preload=\"metadata\" controls=\"controls\"><source type=\"video\/youtube\" src=\"https:\/\/www.youtube.com\/watch?v=woIaHCWMMms&#038;_=1\" \/><a href=\"https:\/\/www.youtube.com\/watch?v=woIaHCWMMms\">https:\/\/www.youtube.com\/watch?v=woIaHCWMMms<\/a><\/video><\/div><\/div><\/div><div id=\"pgc-328-1-1\"  class=\"panel-grid-cell\" ><div id=\"panel-328-1-1-0\" class=\"so-panel widget widget_sow-editor panel-first-child panel-last-child\" data-index=\"2\" ><div\n\t\t\t\n\t\t\tclass=\"so-widget-sow-editor so-widget-sow-editor-base\"\n\t\t\t\n\t\t>\n<div class=\"siteorigin-widget-tinymce textwidget\">\n\t<p><span style=\"color: #2b2b2b;\">No hay informaci\u00f3n de experiencias valiosas, que se pierden con la memoria de sus protagonistas o archivadas en la fr\u00e1gil constancia de la literatura gris. La experiencia de quienes fueron pioneros en el campo o realizaron avances significativos se esfuma por el cambio generacional, la ausencia de sus relatos, y la apat\u00eda institucional. Los archivos y lugares hist\u00f3ricos se destruyen o se transforman por completo hasta hacerse irreconocibles. Por tanto, existe un desconocimiento cuyo menor impacto es la repetici\u00f3n de la historia.<\/span><\/p>\n<p><span style=\"color: #2b2b2b;\">Esta es una invitaci\u00f3n abierta a quienes est\u00e9n o hayan estado involucrados en el campo de la salud mental, para construir una historia viva, que se ir\u00e1 configurando con las contribuciones basadas en el conocimiento y la experiencia de los participantes. Los comentarios y nuevos textos que se produzcan en el intercambio, podr\u00e1n ser expuestos en videos, audios, textos o im\u00e1genes, que se ir\u00e1n incorporando en las l\u00edneas de tiempo.<\/span><\/p>\n<\/div>\n<\/div><\/div><\/div><\/div><div id=\"pg-328-2\"  class=\"panel-grid panel-no-style\" ><div id=\"pgc-328-2-0\"  class=\"panel-grid-cell\" ><div id=\"panel-328-2-0-0\" class=\"so-panel widget widget_sow-editor panel-first-child panel-last-child\" data-index=\"3\" ><div\n\t\t\t\n\t\t\tclass=\"so-widget-sow-editor so-widget-sow-editor-base\"\n\t\t\t\n\t\t>\n<div class=\"siteorigin-widget-tinymce textwidget\">\n\t<p><span style=\"color: #2b2b2b;\">En este espacio nos proponemos construir colectivamente la historia del campo de\u00a0la salud mental.\u00a0Los invitamos a contribuir con\u00a0datos, im\u00e1genes, sonidos, recortes de prensa o cualquier tipo de recurso. Consulte el manual de historia\u00a0<a style=\"color: #2b2b2b;\" href=\"http:\/\/www.javeriana.edu.co\/mentalpuntodeapoyo\/wp-content\/uploads\/2017\/07\/Manual-investigacion-historica-julio-14.pdf\">aqu\u00ed<\/a>\u00a0y env\u00edenos la informaci\u00f3n a\u00a0<a style=\"color: #2b2b2b;\" href=\"mailto:programaaps@javeriana.edu.co\"><span class=\"s2\">programaaps@javeriana.edu.co<\/span><\/a>\u00a0indic\u00e1ndonos las condiciones de uso y divulgaci\u00f3n.<\/span><\/p>\n<\/div>\n<\/div><\/div><\/div><\/div><div id=\"pg-328-3\"  class=\"panel-grid panel-no-style\" ><div id=\"pgc-328-3-0\"  class=\"panel-grid-cell\" ><div id=\"panel-328-3-0-0\" class=\"so-panel widget widget_sow-editor panel-first-child panel-last-child\" data-index=\"4\" ><div\n\t\t\t\n\t\t\tclass=\"so-widget-sow-editor so-widget-sow-editor-base\"\n\t\t\t\n\t\t>\n<div class=\"siteorigin-widget-tinymce textwidget\">\n\t<p><center><iframe loading=\"lazy\" id=\"tl-timeline-iframe\" style=\"border-width: 0;\" src=\"https:\/\/www.tiki-toki.com\/timeline\/embed\/816766\/7355774212\/\" width=\"1200\" height=\"600\" frameborder=\"0\"><\/iframe><\/center><\/p>\n<\/div>\n<\/div><\/div><\/div><\/div><\/div>","protected":false},"excerpt":{"rendered":"<p>No hay informaci\u00f3n de experiencias valiosas, que se pierden con la memoria de sus protagonistas o archivadas en la fr\u00e1gil constancia de la literatura gris. La experiencia de quienes fueron pioneros en el campo o realizaron avances significativos se esfuma <a href=\"http:\/\/www.javeriana.edu.co\/mentalpuntodeapoyo\/?page_id=328\" class=\"read-more\">Read More &#8230;<\/a><\/p>\n","protected":false},"author":1,"featured_media":0,"parent":0,"menu_order":0,"comment_status":"closed","ping_status":"closed","template":"","meta":{"footnotes":""},"yoast_head":"<!-- This site is optimized with the Yoast SEO plugin v23.0 - https:\/\/yoast.com\/wordpress\/plugins\/seo\/ -->\n<title>Historia Viva - APS - Punto de Apoyo<\/title>\n<meta name=\"robots\" content=\"index, follow, max-snippet:-1, max-image-preview:large, max-video-preview:-1\" \/>\n<link rel=\"canonical\" href=\"http:\/\/www.javeriana.edu.co\/mentalpuntodeapoyo\/?page_id=328\" \/>\n<meta property=\"og:locale\" content=\"es_ES\" \/>\n<meta property=\"og:type\" content=\"article\" \/>\n<meta property=\"og:title\" content=\"Historia Viva - APS - Punto de Apoyo\" \/>\n<meta property=\"og:description\" content=\"No hay informaci\u00f3n de experiencias valiosas, que se pierden con la memoria de sus protagonistas o archivadas en la fr\u00e1gil constancia de la literatura gris. La experiencia de quienes fueron pioneros en el campo o realizaron avances significativos se esfuma Read More ...\" \/>\n<meta property=\"og:url\" content=\"http:\/\/www.javeriana.edu.co\/mentalpuntodeapoyo\/?page_id=328\" \/>\n<meta property=\"og:site_name\" content=\"APS - Punto de Apoyo\" \/>\n<meta property=\"article:modified_time\" content=\"2026-05-05T06:18:39+00:00\" \/>\n<meta name=\"twitter:card\" content=\"summary_large_image\" \/>\n<meta name=\"twitter:label1\" content=\"Tiempo de lectura\" \/>\n\t<meta name=\"twitter:data1\" content=\"2 minutos\" \/>\n<script type=\"application\/ld+json\" class=\"yoast-schema-graph\">{\"@context\":\"https:\/\/schema.org\",\"@graph\":[{\"@type\":\"WebPage\",\"@id\":\"http:\/\/www.javeriana.edu.co\/mentalpuntodeapoyo\/?page_id=328\",\"url\":\"http:\/\/www.javeriana.edu.co\/mentalpuntodeapoyo\/?page_id=328\",\"name\":\"Historia Viva - APS - Punto de Apoyo\",\"isPartOf\":{\"@id\":\"https:\/\/www.javeriana.edu.co\/mentalpuntodeapoyo\/#website\"},\"datePublished\":\"2017-10-25T08:55:08+00:00\",\"dateModified\":\"2026-05-05T06:18:39+00:00\",\"breadcrumb\":{\"@id\":\"http:\/\/www.javeriana.edu.co\/mentalpuntodeapoyo\/?page_id=328#breadcrumb\"},\"inLanguage\":\"es\",\"potentialAction\":[{\"@type\":\"ReadAction\",\"target\":[\"http:\/\/www.javeriana.edu.co\/mentalpuntodeapoyo\/?page_id=328\"]}]},{\"@type\":\"BreadcrumbList\",\"@id\":\"http:\/\/www.javeriana.edu.co\/mentalpuntodeapoyo\/?page_id=328#breadcrumb\",\"itemListElement\":[{\"@type\":\"ListItem\",\"position\":1,\"name\":\"Portada\",\"item\":\"http:\/\/www.javeriana.edu.co\/mentalpuntodeapoyo\/\"},{\"@type\":\"ListItem\",\"position\":2,\"name\":\"Historia Viva\"}]},{\"@type\":\"WebSite\",\"@id\":\"https:\/\/www.javeriana.edu.co\/mentalpuntodeapoyo\/#website\",\"url\":\"https:\/\/www.javeriana.edu.co\/mentalpuntodeapoyo\/\",\"name\":\"APS - Punto de Apoyo\",\"description\":\"Programa Intervenciones en Salud Mental PUHJ-HUSI\",\"publisher\":{\"@id\":\"https:\/\/www.javeriana.edu.co\/mentalpuntodeapoyo\/#organization\"},\"alternateName\":\"APS - Punto de Apoyo\",\"potentialAction\":[{\"@type\":\"SearchAction\",\"target\":{\"@type\":\"EntryPoint\",\"urlTemplate\":\"https:\/\/www.javeriana.edu.co\/mentalpuntodeapoyo\/?s={search_term_string}\"},\"query-input\":\"required name=search_term_string\"}],\"inLanguage\":\"es\"},{\"@type\":\"Organization\",\"@id\":\"https:\/\/www.javeriana.edu.co\/mentalpuntodeapoyo\/#organization\",\"name\":\"APS - Punto de Apoyo\",\"alternateName\":\"APS - Punto de Apoyo\",\"url\":\"https:\/\/www.javeriana.edu.co\/mentalpuntodeapoyo\/\",\"logo\":{\"@type\":\"ImageObject\",\"inLanguage\":\"es\",\"@id\":\"https:\/\/www.javeriana.edu.co\/mentalpuntodeapoyo\/#\/schema\/logo\/image\/\",\"url\":\"http:\/\/www.javeriana.edu.co\/mentalpuntodeapoyo\/wp-content\/uploads\/2018\/01\/cropped-logoFooter-2.png\",\"contentUrl\":\"http:\/\/www.javeriana.edu.co\/mentalpuntodeapoyo\/wp-content\/uploads\/2018\/01\/cropped-logoFooter-2.png\",\"width\":92,\"height\":92,\"caption\":\"APS - Punto de Apoyo\"},\"image\":{\"@id\":\"https:\/\/www.javeriana.edu.co\/mentalpuntodeapoyo\/#\/schema\/logo\/image\/\"}}]}<\/script>\n<!-- \/ Yoast SEO plugin. -->","yoast_head_json":{"title":"Historia Viva - APS - Punto de Apoyo","robots":{"index":"index","follow":"follow","max-snippet":"max-snippet:-1","max-image-preview":"max-image-preview:large","max-video-preview":"max-video-preview:-1"},"canonical":"http:\/\/www.javeriana.edu.co\/mentalpuntodeapoyo\/?page_id=328","og_locale":"es_ES","og_type":"article","og_title":"Historia Viva - APS - Punto de Apoyo","og_description":"No hay informaci\u00f3n de experiencias valiosas, que se pierden con la memoria de sus protagonistas o archivadas en la fr\u00e1gil constancia de la literatura gris. La experiencia de quienes fueron pioneros en el campo o realizaron avances significativos se esfuma Read More ...","og_url":"http:\/\/www.javeriana.edu.co\/mentalpuntodeapoyo\/?page_id=328","og_site_name":"APS - Punto de Apoyo","article_modified_time":"2026-05-05T06:18:39+00:00","twitter_card":"summary_large_image","twitter_misc":{"Tiempo de lectura":"2 minutos"},"schema":{"@context":"https:\/\/schema.org","@graph":[{"@type":"WebPage","@id":"http:\/\/www.javeriana.edu.co\/mentalpuntodeapoyo\/?page_id=328","url":"http:\/\/www.javeriana.edu.co\/mentalpuntodeapoyo\/?page_id=328","name":"Historia Viva - APS - Punto de Apoyo","isPartOf":{"@id":"https:\/\/www.javeriana.edu.co\/mentalpuntodeapoyo\/#website"},"datePublished":"2017-10-25T08:55:08+00:00","dateModified":"2026-05-05T06:18:39+00:00","breadcrumb":{"@id":"http:\/\/www.javeriana.edu.co\/mentalpuntodeapoyo\/?page_id=328#breadcrumb"},"inLanguage":"es","potentialAction":[{"@type":"ReadAction","target":["http:\/\/www.javeriana.edu.co\/mentalpuntodeapoyo\/?page_id=328"]}]},{"@type":"BreadcrumbList","@id":"http:\/\/www.javeriana.edu.co\/mentalpuntodeapoyo\/?page_id=328#breadcrumb","itemListElement":[{"@type":"ListItem","position":1,"name":"Portada","item":"http:\/\/www.javeriana.edu.co\/mentalpuntodeapoyo\/"},{"@type":"ListItem","position":2,"name":"Historia Viva"}]},{"@type":"WebSite","@id":"https:\/\/www.javeriana.edu.co\/mentalpuntodeapoyo\/#website","url":"https:\/\/www.javeriana.edu.co\/mentalpuntodeapoyo\/","name":"APS - Punto de Apoyo","description":"Programa Intervenciones en Salud Mental PUHJ-HUSI","publisher":{"@id":"https:\/\/www.javeriana.edu.co\/mentalpuntodeapoyo\/#organization"},"alternateName":"APS - Punto de Apoyo","potentialAction":[{"@type":"SearchAction","target":{"@type":"EntryPoint","urlTemplate":"https:\/\/www.javeriana.edu.co\/mentalpuntodeapoyo\/?s={search_term_string}"},"query-input":"required name=search_term_string"}],"inLanguage":"es"},{"@type":"Organization","@id":"https:\/\/www.javeriana.edu.co\/mentalpuntodeapoyo\/#organization","name":"APS - Punto de Apoyo","alternateName":"APS - Punto de Apoyo","url":"https:\/\/www.javeriana.edu.co\/mentalpuntodeapoyo\/","logo":{"@type":"ImageObject","inLanguage":"es","@id":"https:\/\/www.javeriana.edu.co\/mentalpuntodeapoyo\/#\/schema\/logo\/image\/","url":"http:\/\/www.javeriana.edu.co\/mentalpuntodeapoyo\/wp-content\/uploads\/2018\/01\/cropped-logoFooter-2.png","contentUrl":"http:\/\/www.javeriana.edu.co\/mentalpuntodeapoyo\/wp-content\/uploads\/2018\/01\/cropped-logoFooter-2.png","width":92,"height":92,"caption":"APS - Punto de Apoyo"},"image":{"@id":"https:\/\/www.javeriana.edu.co\/mentalpuntodeapoyo\/#\/schema\/logo\/image\/"}}]}},"_links":{"self":[{"href":"http:\/\/www.javeriana.edu.co\/mentalpuntodeapoyo\/index.php?rest_route=\/wp\/v2\/pages\/328"}],"collection":[{"href":"http:\/\/www.javeriana.edu.co\/mentalpuntodeapoyo\/index.php?rest_route=\/wp\/v2\/pages"}],"about":[{"href":"http:\/\/www.javeriana.edu.co\/mentalpuntodeapoyo\/index.php?rest_route=\/wp\/v2\/types\/page"}],"author":[{"embeddable":true,"href":"http:\/\/www.javeriana.edu.co\/mentalpuntodeapoyo\/index.php?rest_route=\/wp\/v2\/users\/1"}],"replies":[{"embeddable":true,"href":"http:\/\/www.javeriana.edu.co\/mentalpuntodeapoyo\/index.php?rest_route=%2Fwp%2Fv2%2Fcomments&post=328"}],"version-history":[{"count":132,"href":"http:\/\/www.javeriana.edu.co\/mentalpuntodeapoyo\/index.php?rest_route=\/wp\/v2\/pages\/328\/revisions"}],"predecessor-version":[{"id":98890,"href":"http:\/\/www.javeriana.edu.co\/mentalpuntodeapoyo\/index.php?rest_route=\/wp\/v2\/pages\/328\/revisions\/98890"}],"wp:attachment":[{"href":"http:\/\/www.javeriana.edu.co\/mentalpuntodeapoyo\/index.php?rest_route=%2Fwp%2Fv2%2Fmedia&parent=328"}],"curies":[{"name":"wp","href":"https:\/\/api.w.org\/{rel}","templated":true}]}}