{"id":4295,"date":"2023-01-18T17:20:08","date_gmt":"2023-01-18T22:20:08","guid":{"rendered":"http:\/\/www.javeriana.edu.co\/mentalpuntodeapoyo\/?page_id=4295"},"modified":"2026-04-05T09:22:47","modified_gmt":"2026-04-05T14:22:47","slug":"trabajo-y-salud-mental-2-3-2","status":"publish","type":"page","link":"http:\/\/www.javeriana.edu.co\/mentalpuntodeapoyo\/?page_id=4295","title":{"rendered":"Cuid\u00e1ndonos"},"content":{"rendered":"<div id=\"pl-4295\"  class=\"panel-layout\" ><div id=\"pg-4295-0\"  class=\"panel-grid panel-has-style\" ><div class=\"siteorigin-panels-stretch panel-row-style panel-row-style-for-4295-0\" data-stretch-type=\"full-stretched\" ><div id=\"pgc-4295-0-0\"  class=\"panel-grid-cell\" ><div id=\"panel-4295-0-0-0\" class=\"so-panel widget widget_sow-headline panel-first-child panel-last-child\" data-index=\"0\" ><div class=\"panel-widget-style panel-widget-style-for-4295-0-0-0\" ><div\n\t\t\t\n\t\t\tclass=\"so-widget-sow-headline so-widget-sow-headline-default-5075c83b44f3-4295\"\n\t\t\t\n\t\t><div class=\"sow-headline-container \">\n\t<h1 class='sow-headline'>Cuid\u00e1ndonos | Podcasts<\/h1>\t\t\t\t\t<div class=\"decoration\">\n\t\t\t\t\t\t<div class=\"decoration-inside\"><\/div>\n\t\t\t\t\t<\/div>\n\t\t\t\t\t<h3 class='sow-sub-headline'>Entre todos nos cuidamos! Un espacio para educarnos sobre temas de salud sexual y reproductiva<\/h3><\/div><\/div><\/div><\/div><\/div><\/div><\/div><div id=\"pg-4295-1\"  class=\"panel-grid panel-no-style\" ><div id=\"pgc-4295-1-0\"  class=\"panel-grid-cell\" ><div id=\"panel-4295-1-0-0\" class=\"so-panel widget widget_ink-blog panel-first-child panel-last-child\" data-index=\"1\" ><div\n\t\t\t\n\t\t\tclass=\"so-widget-ink-blog so-widget-ink-blog-thumb-above-4c01bbd0747f-4295\"\n\t\t\t\n\t\t>\n\n\n\t<div class=\"iw-so-blog\">\n\n\t\t<div id=\"my-ajax-blog-widget\">\n\n\t\t\t<div class=\"iw-so-blog-container iw-so-blog-equal-height\">\n\n\t\t\t\t\n\t\t\t\t\t<div class=\"iw-so-article iw-so-thumb-above iw-so-blog-two-column iw-so-first-col\">\n\n\t\t\t\t\t\t\n\t\t\t\t\t\t\t<div class=\"iw-so-article-thumb\">\n\n\t\t\t\t\t\t\t\t\n\t\t\t\t\t\t\t\t\t<a href=\"http:\/\/www.javeriana.edu.co\/mentalpuntodeapoyo\/?p=4473\">\n\t\t\t\t\t\t\t\t\t\t<img loading=\"lazy\" decoding=\"async\" width=\"953\" height=\"266\" src=\"http:\/\/www.javeriana.edu.co\/mentalpuntodeapoyo\/wp-content\/uploads\/2023\/01\/VG.png\" class=\"attachment-full size-full wp-post-image\" alt=\"\" srcset=\"http:\/\/www.javeriana.edu.co\/mentalpuntodeapoyo\/wp-content\/uploads\/2023\/01\/VG.png 953w, http:\/\/www.javeriana.edu.co\/mentalpuntodeapoyo\/wp-content\/uploads\/2023\/01\/VG-300x84.png 300w, http:\/\/www.javeriana.edu.co\/mentalpuntodeapoyo\/wp-content\/uploads\/2023\/01\/VG-768x214.png 768w, http:\/\/www.javeriana.edu.co\/mentalpuntodeapoyo\/wp-content\/uploads\/2023\/01\/VG-360x100.png 360w\" sizes=\"(max-width: 953px) 100vw, 953px\" \/>\t\t\t\t\t\t\t\t\t\t\t\t\t\t\t\t\t\t\t<\/a>\n\n\t\t\t\t\t\t\t\t\n\t\t\t\t\t\t\t<\/div>\n\n\t\t\t\t\t\t\n\t\t\t\t\t\t<div class=\"iw-so-article-content\">\n\n\t\t\t\t\t\t\t\n\t\t\t\t\t\t\t<h2 class=\"iw-so-article-title iw-text-left\">\n\t\t\t\t\t\t\t\t<a href=\"http:\/\/www.javeriana.edu.co\/mentalpuntodeapoyo\/?p=4473\">\t\t\t\t\t\t\t\t\tViolencia gestacional\t\t\t\t\t\t\t\t<\/a>\t\t\t\t\t\t\t<\/h2>\n\n\t\t\t\t\t\t\t\n\t\t\t\t\t\t\t\n\t\t\t\t\t\t\t\t<p class=\"iw-so-article-excerpt iw-text-left\">\n\t\t\t\t\t\t\t\t\t\t\t\t\t\t\t\t\t\t\t<a href=\"http:\/\/www.javeriana.edu.co\/mentalpuntodeapoyo\/?p=4473\">\n\t\t\t\t\t\t\t\t\t\t\tLa violencia en el embarazo es mas com\u00fan que cualquier enfermedad gestacional&#8230;. \u00bfQuieres saber m\u00e1s?\u00a0 A continuaci\u00f3n te contamos&#8230;....\t\t\t\t\t\t\t\t\t\t<\/a>\n\t\t\t\t\t\t\t\t\t\t\t\t\t\t\t\t\t<\/p>\n\n\t\t\t\t\t\t\t\n\t\t\t\t\t\t\t\n\t\t\t\t\t\t\t\n\t\t\t\t\t\t<\/div>\n\n\t\t\t\t\t<\/div>\n\n\t\t\t\t\t\n\t\t\t\t\n\t\t\t\t\t<div class=\"iw-so-article iw-so-thumb-above iw-so-blog-two-column iw-so-last-col\">\n\n\t\t\t\t\t\t\n\t\t\t\t\t\t\t<div class=\"iw-so-article-thumb\">\n\n\t\t\t\t\t\t\t\t\n\t\t\t\t\t\t\t\t\t<a href=\"http:\/\/www.javeriana.edu.co\/mentalpuntodeapoyo\/?p=4466\">\n\t\t\t\t\t\t\t\t\t\t<img loading=\"lazy\" decoding=\"async\" width=\"953\" height=\"266\" src=\"http:\/\/www.javeriana.edu.co\/mentalpuntodeapoyo\/wp-content\/uploads\/2023\/01\/Anticoncepcion.png\" class=\"attachment-full size-full wp-post-image\" alt=\"\" srcset=\"http:\/\/www.javeriana.edu.co\/mentalpuntodeapoyo\/wp-content\/uploads\/2023\/01\/Anticoncepcion.png 953w, http:\/\/www.javeriana.edu.co\/mentalpuntodeapoyo\/wp-content\/uploads\/2023\/01\/Anticoncepcion-300x84.png 300w, http:\/\/www.javeriana.edu.co\/mentalpuntodeapoyo\/wp-content\/uploads\/2023\/01\/Anticoncepcion-768x214.png 768w, http:\/\/www.javeriana.edu.co\/mentalpuntodeapoyo\/wp-content\/uploads\/2023\/01\/Anticoncepcion-360x100.png 360w\" sizes=\"(max-width: 953px) 100vw, 953px\" \/>\t\t\t\t\t\t\t\t\t\t\t\t\t\t\t\t\t\t\t<\/a>\n\n\t\t\t\t\t\t\t\t\n\t\t\t\t\t\t\t<\/div>\n\n\t\t\t\t\t\t\n\t\t\t\t\t\t<div class=\"iw-so-article-content\">\n\n\t\t\t\t\t\t\t\n\t\t\t\t\t\t\t<h2 class=\"iw-so-article-title iw-text-left\">\n\t\t\t\t\t\t\t\t<a href=\"http:\/\/www.javeriana.edu.co\/mentalpuntodeapoyo\/?p=4466\">\t\t\t\t\t\t\t\t\t\u00bfQu\u00e9 sabes de anticoncepci\u00f3n?\t\t\t\t\t\t\t\t<\/a>\t\t\t\t\t\t\t<\/h2>\n\n\t\t\t\t\t\t\t\n\t\t\t\t\t\t\t\n\t\t\t\t\t\t\t\t<p class=\"iw-so-article-excerpt iw-text-left\">\n\t\t\t\t\t\t\t\t\t\t\t\t\t\t\t\t\t\t\t<a href=\"http:\/\/www.javeriana.edu.co\/mentalpuntodeapoyo\/?p=4466\">\n\t\t\t\t\t\t\t\t\t\t\tConoce un poco m\u00e1s sobre que es la anticoncepci\u00f3n y c\u00faales m\u00e9todos existen&#8230; Mentes Colectivas \u00b7 Anticoncepcion_Generalidades cabe4d cabe4d...\t\t\t\t\t\t\t\t\t\t<\/a>\n\t\t\t\t\t\t\t\t\t\t\t\t\t\t\t\t\t<\/p>\n\n\t\t\t\t\t\t\t\n\t\t\t\t\t\t\t\n\t\t\t\t\t\t\t\n\t\t\t\t\t\t<\/div>\n\n\t\t\t\t\t<\/div>\n\n\t\t\t\t\t\n\t\t\t\t\n\t\t\t<\/div>\n\n\t\t\t\n\t\t\n\t\t\t\t\t<nav id='iw-so-blog-pagination' class=\"iw-so-blog-pagination iw-so-blog-paginate iw-so-navi-btn iw-so-navi-btn-hover iw-so-navi-btn-click\" role=\"navigation\">\n\t\t\t\t<h3 class=\"screen-reader-text\">Posts Navigation<\/h3>\n\t\t\t\t<div class=\"iw-so-nav-links\">\n\t\t\t\t\t\t\t\t\t\t\n\t\t\t\t<\/div>\n\t\t\t<\/nav>\n\t\t\n\t\n\t\t<\/div>\n\n\t<\/div>\n\n\n<\/div><\/div><\/div><div id=\"pgc-4295-1-1\"  class=\"panel-grid-cell\" ><div id=\"panel-4295-1-1-0\" class=\"so-panel widget widget_sow-headline panel-first-child\" data-index=\"2\" ><div\n\t\t\t\n\t\t\tclass=\"so-widget-sow-headline so-widget-sow-headline-default-4ef42786968b-4466\"\n\t\t\t\n\t\t><div class=\"sow-headline-container \">\n\t<h3 class='sow-headline'>Tambi\u00e9n le puede interesar<\/h3>\t\t\t\t\t<div class=\"decoration\">\n\t\t\t\t\t\t<div class=\"decoration-inside\"><\/div>\n\t\t\t\t\t<\/div>\n\t\t\t\t\t<\/div><\/div><\/div><style>\n.rpwe-block ul{list-style:none!important;margin-left:0!important;padding-left:0!important;}.rpwe-block li{border-bottom:1px solid #eee;margin-bottom:10px;padding-bottom:10px;list-style-type: none;}.rpwe-block a{display:inline!important;text-decoration:none;}.rpwe-block h3{background:none!important;clear:none;margin-bottom:0!important;margin-top:0!important;font-weight:400;font-size:12px!important;line-height:1.5em;}.rpwe-thumb{border:1px solid #EEE!important;box-shadow:none!important;margin:2px 10px 2px 0;padding:3px!important;}.rpwe-summary{font-size:12px;}.rpwe-time{color:#bbb;font-size:11px;}.rpwe-comment{color:#bbb;font-size:11px;padding-left:5px;}.rpwe-alignleft{display:inline;float:left;}.rpwe-alignright{display:inline;float:right;}.rpwe-aligncenter{display:block;margin-left: auto;margin-right: auto;}.rpwe-clearfix:before,.rpwe-clearfix:after{content:\"\";display:table !important;}.rpwe-clearfix:after{clear:both;}.rpwe-clearfix{zoom:1;}\n<\/style>\n\t<div id=\"panel-4295-1-1-1\" class=\"so-panel widget widget_rpwe_widget rpwe_widget recent-posts-extended panel-last-child\" data-index=\"3\" ><div  class=\"rpwe-block \"><ul class=\"rpwe-ul\"><li class=\"rpwe-li rpwe-clearfix\"><h3 class=\"rpwe-title\"><a href=\"http:\/\/www.javeriana.edu.co\/mentalpuntodeapoyo\/?p=46531\" title=\"Enlace permanente a VIDA COM\u00daN COMUNIDAD DEBIDA: EP 10 &#8211; \u00bfY CU\u00c1LES SON OTRAS MANERAS?\" rel=\"bookmark\">VIDA COM\u00daN COMUNIDAD DEBIDA: EP 10 &#8211; \u00bfY CU\u00c1LES SON OTRAS MANERAS?<\/a><\/h3><time class=\"rpwe-time published\" datetime=\"2025-11-20T13:40:07-05:00\">20 noviembre, 2025<\/time><\/li><li class=\"rpwe-li rpwe-clearfix\"><h3 class=\"rpwe-title\"><a href=\"http:\/\/www.javeriana.edu.co\/mentalpuntodeapoyo\/?p=46527\" title=\"Enlace permanente a VIDA COM\u00daN COMUNIDAD DEBIDA: EP 9 &#8211; LA SALUD MENTAL EN LAS COMUNIDADES IND\u00cdGENAS\" rel=\"bookmark\">VIDA COM\u00daN COMUNIDAD DEBIDA: EP 9 &#8211; LA SALUD MENTAL EN LAS COMUNIDADES IND\u00cdGENAS<\/a><\/h3><time class=\"rpwe-time published\" datetime=\"2025-11-13T16:29:14-05:00\">13 noviembre, 2025<\/time><\/li><li class=\"rpwe-li rpwe-clearfix\"><h3 class=\"rpwe-title\"><a href=\"http:\/\/www.javeriana.edu.co\/mentalpuntodeapoyo\/?p=45868\" title=\"Enlace permanente a La salud mental\" rel=\"bookmark\">La salud mental<\/a><\/h3><time class=\"rpwe-time published\" datetime=\"2025-11-12T16:55:24-05:00\">12 noviembre, 2025<\/time><\/li><li class=\"rpwe-li rpwe-clearfix\"><h3 class=\"rpwe-title\"><a href=\"http:\/\/www.javeriana.edu.co\/mentalpuntodeapoyo\/?p=45864\" title=\"Enlace permanente a VIDA COM\u00daN COMUNIDAD DEBIDA: EP 8 &#8211; \u00bfCONTRIBUYE LA VIDA CONTEMPOR\u00c1NEA A LA SALUD MENTAL?\" rel=\"bookmark\">VIDA COM\u00daN COMUNIDAD DEBIDA: EP 8 &#8211; \u00bfCONTRIBUYE LA VIDA CONTEMPOR\u00c1NEA A LA SALUD MENTAL?<\/a><\/h3><time class=\"rpwe-time published\" datetime=\"2025-11-12T16:08:13-05:00\">12 noviembre, 2025<\/time><\/li><li class=\"rpwe-li rpwe-clearfix\"><h3 class=\"rpwe-title\"><a href=\"http:\/\/www.javeriana.edu.co\/mentalpuntodeapoyo\/?p=44966\" title=\"Enlace permanente a VIDA COM\u00daN COMUNIDAD DEBIDA: EP 7 &#8211; COMO ES VIVIR CON UN TRASTORNO MENTAL\" rel=\"bookmark\">VIDA COM\u00daN COMUNIDAD DEBIDA: EP 7 &#8211; COMO ES VIVIR CON UN TRASTORNO MENTAL<\/a><\/h3><time class=\"rpwe-time published\" datetime=\"2025-11-11T16:40:41-05:00\">11 noviembre, 2025<\/time><\/li><li class=\"rpwe-li rpwe-clearfix\"><h3 class=\"rpwe-title\"><a href=\"http:\/\/www.javeriana.edu.co\/mentalpuntodeapoyo\/?p=44958\" title=\"Enlace permanente a Envejecimiento saludable y prevenci\u00f3n de la demencia\" rel=\"bookmark\">Envejecimiento saludable y prevenci\u00f3n de la demencia<\/a><\/h3><time class=\"rpwe-time published\" datetime=\"2025-11-10T17:00:30-05:00\">10 noviembre, 2025<\/time><\/li><li class=\"rpwe-li rpwe-clearfix\"><h3 class=\"rpwe-title\"><a href=\"http:\/\/www.javeriana.edu.co\/mentalpuntodeapoyo\/?p=44954\" title=\"Enlace permanente a Acciones que estigmatizan a las personas mayores con trastorno mental\" rel=\"bookmark\">Acciones que estigmatizan a las personas mayores con trastorno mental<\/a><\/h3><time class=\"rpwe-time published\" datetime=\"2025-11-10T16:34:35-05:00\">10 noviembre, 2025<\/time><\/li><li class=\"rpwe-li rpwe-clearfix\"><h3 class=\"rpwe-title\"><a href=\"http:\/\/www.javeriana.edu.co\/mentalpuntodeapoyo\/?p=44950\" title=\"Enlace permanente a Derechos de las persona mayores\" rel=\"bookmark\">Derechos de las persona mayores<\/a><\/h3><time class=\"rpwe-time published\" datetime=\"2025-11-10T15:14:42-05:00\">10 noviembre, 2025<\/time><\/li><li class=\"rpwe-li rpwe-clearfix\"><h3 class=\"rpwe-title\"><a href=\"http:\/\/www.javeriana.edu.co\/mentalpuntodeapoyo\/?p=44962\" title=\"Enlace permanente a Salud mental y poblaciones diferenciales\" rel=\"bookmark\">Salud mental y poblaciones diferenciales<\/a><\/h3><time class=\"rpwe-time published\" datetime=\"2025-11-10T11:50:17-05:00\">10 noviembre, 2025<\/time><\/li><li class=\"rpwe-li rpwe-clearfix\"><h3 class=\"rpwe-title\"><a href=\"http:\/\/www.javeriana.edu.co\/mentalpuntodeapoyo\/?p=44426\" title=\"Enlace permanente a VIDA COM\u00daN COMUNIDAD DEBIDA: EP 6 &#8211; EDAD, ETNIA Y G\u00c9NERO: \u00bfTIENEN QUE VER CON LA SALUD MENTAL?\" rel=\"bookmark\">VIDA COM\u00daN COMUNIDAD DEBIDA: EP 6 &#8211; EDAD, ETNIA Y G\u00c9NERO: \u00bfTIENEN QUE VER CON LA SALUD MENTAL?<\/a><\/h3><time class=\"rpwe-time published\" datetime=\"2025-11-07T16:13:47-05:00\">7 noviembre, 2025<\/time><\/li><\/ul><\/div><!-- Generated by http:\/\/wordpress.org\/plugins\/recent-posts-widget-extended\/ --><\/div><\/div><\/div><\/div>","protected":false},"excerpt":{"rendered":"<p>togel online situs toto situs toto link slot situs slot link togel toto slot toto togel situs slot link togel jacktoto slot resmi situs slot jacktoto toto slot situs togel toto slot toto togel jacktoto situs toto jacktoto situs toto <a href=\"http:\/\/www.javeriana.edu.co\/mentalpuntodeapoyo\/?p=44426\" class=\"read-more\">Read More &#8230;<\/a><\/p>\n","protected":false},"author":1,"featured_media":0,"parent":0,"menu_order":0,"comment_status":"closed","ping_status":"closed","template":"","meta":{"footnotes":""},"yoast_head":"<!-- This site is optimized with the Yoast SEO plugin v23.0 - https:\/\/yoast.com\/wordpress\/plugins\/seo\/ -->\n<title>Cuid\u00e1ndonos - APS - Punto de Apoyo<\/title>\n<meta name=\"robots\" content=\"index, follow, max-snippet:-1, max-image-preview:large, max-video-preview:-1\" \/>\n<link rel=\"canonical\" href=\"http:\/\/www.javeriana.edu.co\/mentalpuntodeapoyo\/?page_id=4295\" \/>\n<meta property=\"og:locale\" content=\"es_ES\" \/>\n<meta property=\"og:type\" content=\"article\" \/>\n<meta property=\"og:title\" content=\"Cuid\u00e1ndonos - APS - Punto de Apoyo\" \/>\n<meta property=\"og:description\" content=\"togel online situs toto situs toto link slot situs slot link togel toto slot toto togel situs slot link togel jacktoto slot resmi situs slot jacktoto toto slot situs togel toto slot toto togel jacktoto situs toto jacktoto situs toto Read More ...\" \/>\n<meta property=\"og:url\" content=\"http:\/\/www.javeriana.edu.co\/mentalpuntodeapoyo\/?page_id=4295\" \/>\n<meta property=\"og:site_name\" content=\"APS - Punto de Apoyo\" \/>\n<meta property=\"article:modified_time\" content=\"2026-04-05T14:22:47+00:00\" \/>\n<meta name=\"twitter:card\" content=\"summary_large_image\" \/>\n<meta name=\"twitter:label1\" content=\"Tiempo de lectura\" \/>\n\t<meta name=\"twitter:data1\" content=\"1 minuto\" \/>\n<script type=\"application\/ld+json\" class=\"yoast-schema-graph\">{\"@context\":\"https:\/\/schema.org\",\"@graph\":[{\"@type\":\"WebPage\",\"@id\":\"http:\/\/www.javeriana.edu.co\/mentalpuntodeapoyo\/?page_id=4295\",\"url\":\"http:\/\/www.javeriana.edu.co\/mentalpuntodeapoyo\/?page_id=4295\",\"name\":\"Cuid\u00e1ndonos - APS - Punto de Apoyo\",\"isPartOf\":{\"@id\":\"https:\/\/www.javeriana.edu.co\/mentalpuntodeapoyo\/#website\"},\"datePublished\":\"2023-01-18T22:20:08+00:00\",\"dateModified\":\"2026-04-05T14:22:47+00:00\",\"breadcrumb\":{\"@id\":\"http:\/\/www.javeriana.edu.co\/mentalpuntodeapoyo\/?page_id=4295#breadcrumb\"},\"inLanguage\":\"es\",\"potentialAction\":[{\"@type\":\"ReadAction\",\"target\":[\"http:\/\/www.javeriana.edu.co\/mentalpuntodeapoyo\/?page_id=4295\"]}]},{\"@type\":\"BreadcrumbList\",\"@id\":\"http:\/\/www.javeriana.edu.co\/mentalpuntodeapoyo\/?page_id=4295#breadcrumb\",\"itemListElement\":[{\"@type\":\"ListItem\",\"position\":1,\"name\":\"Portada\",\"item\":\"http:\/\/www.javeriana.edu.co\/mentalpuntodeapoyo\/\"},{\"@type\":\"ListItem\",\"position\":2,\"name\":\"Cuid\u00e1ndonos\"}]},{\"@type\":\"WebSite\",\"@id\":\"https:\/\/www.javeriana.edu.co\/mentalpuntodeapoyo\/#website\",\"url\":\"https:\/\/www.javeriana.edu.co\/mentalpuntodeapoyo\/\",\"name\":\"APS - Punto de Apoyo\",\"description\":\"Programa Intervenciones en Salud Mental PUHJ-HUSI\",\"publisher\":{\"@id\":\"https:\/\/www.javeriana.edu.co\/mentalpuntodeapoyo\/#organization\"},\"alternateName\":\"APS - Punto de Apoyo\",\"potentialAction\":[{\"@type\":\"SearchAction\",\"target\":{\"@type\":\"EntryPoint\",\"urlTemplate\":\"https:\/\/www.javeriana.edu.co\/mentalpuntodeapoyo\/?s={search_term_string}\"},\"query-input\":\"required name=search_term_string\"}],\"inLanguage\":\"es\"},{\"@type\":\"Organization\",\"@id\":\"https:\/\/www.javeriana.edu.co\/mentalpuntodeapoyo\/#organization\",\"name\":\"APS - Punto de Apoyo\",\"alternateName\":\"APS - Punto de Apoyo\",\"url\":\"https:\/\/www.javeriana.edu.co\/mentalpuntodeapoyo\/\",\"logo\":{\"@type\":\"ImageObject\",\"inLanguage\":\"es\",\"@id\":\"https:\/\/www.javeriana.edu.co\/mentalpuntodeapoyo\/#\/schema\/logo\/image\/\",\"url\":\"http:\/\/www.javeriana.edu.co\/mentalpuntodeapoyo\/wp-content\/uploads\/2018\/01\/cropped-logoFooter-2.png\",\"contentUrl\":\"http:\/\/www.javeriana.edu.co\/mentalpuntodeapoyo\/wp-content\/uploads\/2018\/01\/cropped-logoFooter-2.png\",\"width\":92,\"height\":92,\"caption\":\"APS - Punto de Apoyo\"},\"image\":{\"@id\":\"https:\/\/www.javeriana.edu.co\/mentalpuntodeapoyo\/#\/schema\/logo\/image\/\"}}]}<\/script>\n<!-- \/ Yoast SEO plugin. -->","yoast_head_json":{"title":"Cuid\u00e1ndonos - APS - Punto de Apoyo","robots":{"index":"index","follow":"follow","max-snippet":"max-snippet:-1","max-image-preview":"max-image-preview:large","max-video-preview":"max-video-preview:-1"},"canonical":"http:\/\/www.javeriana.edu.co\/mentalpuntodeapoyo\/?page_id=4295","og_locale":"es_ES","og_type":"article","og_title":"Cuid\u00e1ndonos - APS - Punto de Apoyo","og_description":"togel online situs toto situs toto link slot situs slot link togel toto slot toto togel situs slot link togel jacktoto slot resmi situs slot jacktoto toto slot situs togel toto slot toto togel jacktoto situs toto jacktoto situs toto Read More ...","og_url":"http:\/\/www.javeriana.edu.co\/mentalpuntodeapoyo\/?page_id=4295","og_site_name":"APS - Punto de Apoyo","article_modified_time":"2026-04-05T14:22:47+00:00","twitter_card":"summary_large_image","twitter_misc":{"Tiempo de lectura":"1 minuto"},"schema":{"@context":"https:\/\/schema.org","@graph":[{"@type":"WebPage","@id":"http:\/\/www.javeriana.edu.co\/mentalpuntodeapoyo\/?page_id=4295","url":"http:\/\/www.javeriana.edu.co\/mentalpuntodeapoyo\/?page_id=4295","name":"Cuid\u00e1ndonos - APS - Punto de Apoyo","isPartOf":{"@id":"https:\/\/www.javeriana.edu.co\/mentalpuntodeapoyo\/#website"},"datePublished":"2023-01-18T22:20:08+00:00","dateModified":"2026-04-05T14:22:47+00:00","breadcrumb":{"@id":"http:\/\/www.javeriana.edu.co\/mentalpuntodeapoyo\/?page_id=4295#breadcrumb"},"inLanguage":"es","potentialAction":[{"@type":"ReadAction","target":["http:\/\/www.javeriana.edu.co\/mentalpuntodeapoyo\/?page_id=4295"]}]},{"@type":"BreadcrumbList","@id":"http:\/\/www.javeriana.edu.co\/mentalpuntodeapoyo\/?page_id=4295#breadcrumb","itemListElement":[{"@type":"ListItem","position":1,"name":"Portada","item":"http:\/\/www.javeriana.edu.co\/mentalpuntodeapoyo\/"},{"@type":"ListItem","position":2,"name":"Cuid\u00e1ndonos"}]},{"@type":"WebSite","@id":"https:\/\/www.javeriana.edu.co\/mentalpuntodeapoyo\/#website","url":"https:\/\/www.javeriana.edu.co\/mentalpuntodeapoyo\/","name":"APS - Punto de Apoyo","description":"Programa Intervenciones en Salud Mental PUHJ-HUSI","publisher":{"@id":"https:\/\/www.javeriana.edu.co\/mentalpuntodeapoyo\/#organization"},"alternateName":"APS - Punto de Apoyo","potentialAction":[{"@type":"SearchAction","target":{"@type":"EntryPoint","urlTemplate":"https:\/\/www.javeriana.edu.co\/mentalpuntodeapoyo\/?s={search_term_string}"},"query-input":"required name=search_term_string"}],"inLanguage":"es"},{"@type":"Organization","@id":"https:\/\/www.javeriana.edu.co\/mentalpuntodeapoyo\/#organization","name":"APS - Punto de Apoyo","alternateName":"APS - Punto de Apoyo","url":"https:\/\/www.javeriana.edu.co\/mentalpuntodeapoyo\/","logo":{"@type":"ImageObject","inLanguage":"es","@id":"https:\/\/www.javeriana.edu.co\/mentalpuntodeapoyo\/#\/schema\/logo\/image\/","url":"http:\/\/www.javeriana.edu.co\/mentalpuntodeapoyo\/wp-content\/uploads\/2018\/01\/cropped-logoFooter-2.png","contentUrl":"http:\/\/www.javeriana.edu.co\/mentalpuntodeapoyo\/wp-content\/uploads\/2018\/01\/cropped-logoFooter-2.png","width":92,"height":92,"caption":"APS - Punto de Apoyo"},"image":{"@id":"https:\/\/www.javeriana.edu.co\/mentalpuntodeapoyo\/#\/schema\/logo\/image\/"}}]}},"_links":{"self":[{"href":"http:\/\/www.javeriana.edu.co\/mentalpuntodeapoyo\/index.php?rest_route=\/wp\/v2\/pages\/4295"}],"collection":[{"href":"http:\/\/www.javeriana.edu.co\/mentalpuntodeapoyo\/index.php?rest_route=\/wp\/v2\/pages"}],"about":[{"href":"http:\/\/www.javeriana.edu.co\/mentalpuntodeapoyo\/index.php?rest_route=\/wp\/v2\/types\/page"}],"author":[{"embeddable":true,"href":"http:\/\/www.javeriana.edu.co\/mentalpuntodeapoyo\/index.php?rest_route=\/wp\/v2\/users\/1"}],"replies":[{"embeddable":true,"href":"http:\/\/www.javeriana.edu.co\/mentalpuntodeapoyo\/index.php?rest_route=%2Fwp%2Fv2%2Fcomments&post=4295"}],"version-history":[{"count":129,"href":"http:\/\/www.javeriana.edu.co\/mentalpuntodeapoyo\/index.php?rest_route=\/wp\/v2\/pages\/4295\/revisions"}],"predecessor-version":[{"id":95278,"href":"http:\/\/www.javeriana.edu.co\/mentalpuntodeapoyo\/index.php?rest_route=\/wp\/v2\/pages\/4295\/revisions\/95278"}],"wp:attachment":[{"href":"http:\/\/www.javeriana.edu.co\/mentalpuntodeapoyo\/index.php?rest_route=%2Fwp%2Fv2%2Fmedia&parent=4295"}],"curies":[{"name":"wp","href":"https:\/\/api.w.org\/{rel}","templated":true}]}}