{"id":71,"date":"2020-11-12T01:57:05","date_gmt":"2020-11-12T06:57:05","guid":{"rendered":"http:\/\/www.javeriana.edu.co\/mentescolectivas\/?page_id=71"},"modified":"2023-09-18T16:17:18","modified_gmt":"2023-09-18T21:17:18","slug":"lineas-de-emergencia","status":"publish","type":"page","link":"https:\/\/www.javeriana.edu.co\/mentescolectivas\/?page_id=71","title":{"rendered":"L\u00edneas de emergencia"},"content":{"rendered":"\n<div class=\"wp-block-group has-background\" style=\"background-color:#f4f4f4\"><div class=\"wp-block-group__inner-container is-layout-flow wp-block-group-is-layout-flow\">\n<div class=\"wp-block-group\"><div class=\"wp-block-group__inner-container is-layout-flow wp-block-group-is-layout-flow\">\n<p class=\"has-background has-small-font-size\" style=\"background-color:#f4f4f4\"><\/p>\n\n\n\n<h2 class=\"has-text-align-center wp-block-heading\">A nivel nacional<\/h2>\n<\/div><\/div>\n\n\n\n<div class=\"wp-block-columns is-layout-flex wp-container-core-columns-is-layout-9d6595d7 wp-block-columns-is-layout-flex\">\n<div class=\"wp-block-column is-layout-flow wp-block-column-is-layout-flow\"><div class=\"wp-block-image\">\n<figure class=\"aligncenter size-large\"><img loading=\"lazy\" decoding=\"async\" width=\"24\" height=\"24\" src=\"https:\/\/www.javeriana.edu.co\/mentescolectivas\/wp-content\/uploads\/2020\/11\/Tel\u00e9fono.png\" alt=\"\" class=\"wp-image-53\"\/><\/figure><\/div>\n\n\n<p class=\"has-text-align-center has-black-color has-text-color\"> <strong>  L\u00ednea123  <\/strong> <\/p>\n\n\n\n<p class=\"has-text-align-center has-black-color has-text-color\">  L\u00ednea de seguridad y emergencias<\/p>\n<\/div>\n\n\n\n<div class=\"wp-block-column is-layout-flow wp-block-column-is-layout-flow\"><div class=\"wp-block-image\">\n<figure class=\"aligncenter size-large is-resized\"><img loading=\"lazy\" decoding=\"async\" src=\"https:\/\/www.javeriana.edu.co\/mentescolectivas\/wp-content\/uploads\/2020\/11\/Tel\u00e9fono.png\" alt=\"\" class=\"wp-image-53\" width=\"24\" height=\"24\"\/><\/figure><\/div>\n\n\n<p class=\"has-text-align-center has-black-color has-text-color\"> <strong>L\u00ednea 141<\/strong> <\/p>\n\n\n\n<p class=\"has-text-align-center has-black-color has-text-color\"> L\u00ednea de protecci\u00f3n a ni\u00f1os, ni\u00f1as y adolescentes  <\/p>\n<\/div>\n\n\n\n<div class=\"wp-block-column is-layout-flow wp-block-column-is-layout-flow\"><div class=\"wp-block-image\">\n<figure class=\"aligncenter size-large\"><img loading=\"lazy\" decoding=\"async\" width=\"24\" height=\"24\" src=\"https:\/\/www.javeriana.edu.co\/mentescolectivas\/wp-content\/uploads\/2020\/11\/Tel\u00e9fono.png\" alt=\"\" class=\"wp-image-53\"\/><\/figure><\/div>\n\n\n<p class=\"has-text-align-center has-black-color has-text-color\"> <strong>L\u00ednea 155<\/strong> <\/p>\n\n\n\n<p class=\"has-text-align-center has-black-color has-text-color\"> L\u00ednea de orientaci\u00f3n a mujeres v\u00edctimas de violencia    <\/p>\n<\/div>\n<\/div>\n\n\n\n<p class=\"has-background has-small-font-size\" style=\"background-color:#f4f4f4\"><\/p>\n<\/div><\/div>\n\n\n\n<p class=\"has-white-background-color has-background has-small-font-size\"><\/p>\n\n\n\n<h2 class=\"has-text-align-center wp-block-heading\">En Bogot\u00e1<\/h2>\n\n\n\n<div class=\"wp-block-columns is-layout-flex wp-container-core-columns-is-layout-9d6595d7 wp-block-columns-is-layout-flex\">\n<div class=\"wp-block-column is-layout-flow wp-block-column-is-layout-flow\"><div class=\"wp-block-image\">\n<figure class=\"aligncenter size-large\"><img loading=\"lazy\" decoding=\"async\" width=\"24\" height=\"24\" src=\"https:\/\/www.javeriana.edu.co\/mentescolectivas\/wp-content\/uploads\/2020\/11\/Tel\u00e9fono.png\" alt=\"\" class=\"wp-image-53\"\/><\/figure><\/div>\n\n\n<p class=\"has-text-align-center\">  <strong>L\u00ednea y chat p\u00farpura<\/strong>  <\/p>\n\n\n\n<p class=\"has-text-align-center\">  L\u00ednea de atenci\u00f3n psicosocial para violencia contra las mujeres  <\/p>\n<\/div>\n\n\n\n<div class=\"wp-block-column is-layout-flow wp-block-column-is-layout-flow\"><div class=\"wp-block-image\">\n<figure class=\"aligncenter size-large\"><img loading=\"lazy\" decoding=\"async\" width=\"24\" height=\"24\" src=\"https:\/\/www.javeriana.edu.co\/mentescolectivas\/wp-content\/uploads\/2020\/11\/Chat-2.png\" alt=\"\" class=\"wp-image-54\"\/><\/figure><\/div>\n\n\n<p class=\"has-text-align-center\">  <strong>Chat l\u00ednea 106<\/strong><\/p>\n\n\n\n<p class=\"has-text-align-center\">    WhatsApp de atenci\u00f3n mental<\/p>\n<\/div>\n\n\n\n<div class=\"wp-block-column is-layout-flow wp-block-column-is-layout-flow\"><div class=\"wp-block-image\">\n<figure class=\"aligncenter size-large\"><img loading=\"lazy\" decoding=\"async\" width=\"24\" height=\"24\" src=\"https:\/\/www.javeriana.edu.co\/mentescolectivas\/wp-content\/uploads\/2020\/11\/Tel\u00e9fono.png\" alt=\"\" class=\"wp-image-53\"\/><\/figure><\/div>\n\n\n<p class=\"has-text-align-center\">  <strong>L\u00ednea 106<\/strong><\/p>\n\n\n\n<p class=\"has-text-align-center\"> L\u00ednea de atenci\u00f3n mental <br>  <\/p>\n<\/div>\n<\/div>\n\n\n\n<p class=\"has-white-background-color has-background has-small-font-size\"><\/p>\n\n\n\n<div class=\"wp-block-group has-background\" style=\"background-color:#ece5f1\"><div class=\"wp-block-group__inner-container is-layout-flow wp-block-group-is-layout-flow\">\n<p class=\"has-background has-small-font-size\" style=\"background-color:#ece5f1\"><\/p>\n\n\n\n<h3 class=\"has-text-align-center has-black-color has-text-color wp-block-heading\">Si necesitas atenci\u00f3n en otros territorios<\/h3>\n\n\n\n<div class=\"wp-block-button aligncenter\"><a class=\"wp-block-button__link\" href=\"https:\/\/www.minsalud.gov.co\/sites\/rid\/Lists\/BibliotecaDigital\/RIDE\/VS\/PP\/ET\/directorio-salud-mental-prevencion-suicidio-minsalud.pdf\" target=\"_blank\" rel=\"https:\/\/coronaviruscolombia.gov.co\/Covid19\/aislamiento-saludable\/lineas-de-atencion.html#lineasSaludMental noopener noreferrer\">Accede al directorio de l\u00edneas de atenci\u00f3n<\/a><\/div>\n\n\n\n<p class=\"has-background has-small-font-size\" style=\"background-color:#ece5f1\"><\/p>\n<\/div><\/div>\n\n\n\n<p><\/p>\n","protected":false},"excerpt":{"rendered":"<p>A nivel nacional L\u00ednea123 L\u00ednea de seguridad y emergencias L\u00ednea 141 L\u00ednea de protecci\u00f3n a ni\u00f1os, ni\u00f1as y adolescentes L\u00ednea 155 L\u00ednea de orientaci\u00f3n a mujeres v\u00edctimas de violencia En Bogot\u00e1 L\u00ednea y chat p\u00farpura L\u00ednea de atenci\u00f3n psicosocial para violencia contra las mujeres Chat l\u00ednea 106 WhatsApp de atenci\u00f3n mental L\u00ednea 106 L\u00ednea de&hellip;&nbsp;<a href=\"https:\/\/www.javeriana.edu.co\/mentescolectivas\/?page_id=71\" class=\"\" rel=\"bookmark\">Leer m\u00e1s &raquo;<span class=\"screen-reader-text\">L\u00edneas de emergencia<\/span><\/a><\/p>\n","protected":false},"author":1,"featured_media":0,"parent":0,"menu_order":0,"comment_status":"closed","ping_status":"closed","template":"","meta":{"neve_meta_sidebar":"full-width","neve_meta_container":"","neve_meta_enable_content_width":"on","neve_meta_content_width":100,"neve_meta_title_alignment":"","neve_meta_author_avatar":"","neve_post_elements_order":"","neve_meta_disable_header":"","neve_meta_disable_footer":"","neve_meta_disable_title":"","footnotes":""},"class_list":["post-71","page","type-page","status-publish","hentry"],"_links":{"self":[{"href":"https:\/\/www.javeriana.edu.co\/mentescolectivas\/index.php?rest_route=\/wp\/v2\/pages\/71","targetHints":{"allow":["GET"]}}],"collection":[{"href":"https:\/\/www.javeriana.edu.co\/mentescolectivas\/index.php?rest_route=\/wp\/v2\/pages"}],"about":[{"href":"https:\/\/www.javeriana.edu.co\/mentescolectivas\/index.php?rest_route=\/wp\/v2\/types\/page"}],"author":[{"embeddable":true,"href":"https:\/\/www.javeriana.edu.co\/mentescolectivas\/index.php?rest_route=\/wp\/v2\/users\/1"}],"replies":[{"embeddable":true,"href":"https:\/\/www.javeriana.edu.co\/mentescolectivas\/index.php?rest_route=%2Fwp%2Fv2%2Fcomments&post=71"}],"version-history":[{"count":39,"href":"https:\/\/www.javeriana.edu.co\/mentescolectivas\/index.php?rest_route=\/wp\/v2\/pages\/71\/revisions"}],"predecessor-version":[{"id":614,"href":"https:\/\/www.javeriana.edu.co\/mentescolectivas\/index.php?rest_route=\/wp\/v2\/pages\/71\/revisions\/614"}],"wp:attachment":[{"href":"https:\/\/www.javeriana.edu.co\/mentescolectivas\/index.php?rest_route=%2Fwp%2Fv2%2Fmedia&parent=71"}],"curies":[{"name":"wp","href":"https:\/\/api.w.org\/{rel}","templated":true}]}}