{"id":19,"date":"2020-06-05T08:24:12","date_gmt":"2020-06-05T13:24:12","guid":{"rendered":"http:\/\/www.javeriana.edu.co\/muestrasartesjaveriana\/front-page\/"},"modified":"2022-02-08T10:02:34","modified_gmt":"2022-02-08T15:02:34","slug":"inicio","status":"publish","type":"page","link":"https:\/\/www.javeriana.edu.co\/muestrasartesjaveriana\/","title":{"rendered":"<p style=\"font-size:00px;color:#FFFDFD\"<\/p>INICIO \u2014"},"content":{"rendered":"\n<div style=\"height:139px\" aria-hidden=\"true\" class=\"wp-block-spacer\"><\/div>\n\n\n\n<div class=\"wp-block-columns alignwide coblocks-animate is-layout-flex wp-container-4 wp-block-columns-is-layout-flex\" data-coblocks-animation=\"fadeIn\">\n<div class=\"wp-block-column is-layout-flow wp-block-column-is-layout-flow\">\n<figure class=\"wp-block-image size-large has-lightbox\"><a href=\"https:\/\/www.javeriana.edu.co\/muestrasartesjaveriana\/estudios-musicales\/\"><img fetchpriority=\"high\" decoding=\"async\" width=\"682\" height=\"1024\" src=\"https:\/\/www.javeriana.edu.co\/muestrasartesjaveriana\/wp-content\/uploads\/2021\/03\/portadillaswebeventos133-682x1024.jpg\" alt=\"\" class=\"wp-image-6414\" srcset=\"https:\/\/www.javeriana.edu.co\/muestrasartesjaveriana\/wp-content\/uploads\/2021\/03\/portadillaswebeventos133-682x1024.jpg 682w, https:\/\/www.javeriana.edu.co\/muestrasartesjaveriana\/wp-content\/uploads\/2021\/03\/portadillaswebeventos133-200x300.jpg 200w, https:\/\/www.javeriana.edu.co\/muestrasartesjaveriana\/wp-content\/uploads\/2021\/03\/portadillaswebeventos133-768x1152.jpg 768w, https:\/\/www.javeriana.edu.co\/muestrasartesjaveriana\/wp-content\/uploads\/2021\/03\/portadillaswebeventos133.jpg 833w\" sizes=\"(max-width: 682px) 100vw, 682px\" \/><\/a><\/figure>\n<\/div>\n\n\n\n<div class=\"wp-block-column is-layout-flow wp-block-column-is-layout-flow\">\n<figure class=\"wp-block-image size-large\"><a href=\"https:\/\/www.javeriana.edu.co\/presentacion-artesvisuales\/\"><img decoding=\"async\" width=\"682\" height=\"1024\" src=\"https:\/\/www.javeriana.edu.co\/muestrasartesjaveriana\/wp-content\/uploads\/2021\/03\/portadillaswebeventos14-2-682x1024.jpg\" alt=\"\" class=\"wp-image-6274\" srcset=\"https:\/\/www.javeriana.edu.co\/muestrasartesjaveriana\/wp-content\/uploads\/2021\/03\/portadillaswebeventos14-2-682x1024.jpg 682w, https:\/\/www.javeriana.edu.co\/muestrasartesjaveriana\/wp-content\/uploads\/2021\/03\/portadillaswebeventos14-2-200x300.jpg 200w, https:\/\/www.javeriana.edu.co\/muestrasartesjaveriana\/wp-content\/uploads\/2021\/03\/portadillaswebeventos14-2-768x1152.jpg 768w, https:\/\/www.javeriana.edu.co\/muestrasartesjaveriana\/wp-content\/uploads\/2021\/03\/portadillaswebeventos14-2.jpg 833w\" sizes=\"(max-width: 682px) 100vw, 682px\" \/><\/a><\/figure>\n<\/div>\n\n\n\n<div class=\"wp-block-column is-layout-flow wp-block-column-is-layout-flow\">\n<figure class=\"wp-block-image size-large\"><a href=\"https:\/\/www.javeriana.edu.co\/muestrasartesjaveriana\/artes-escenicas\/\"><img decoding=\"async\" width=\"682\" height=\"1024\" src=\"https:\/\/www.javeriana.edu.co\/muestrasartesjaveriana\/wp-content\/uploads\/2021\/03\/portadillaswebeventos15-682x1024.jpg\" alt=\"\" class=\"wp-image-6268\" srcset=\"https:\/\/www.javeriana.edu.co\/muestrasartesjaveriana\/wp-content\/uploads\/2021\/03\/portadillaswebeventos15-682x1024.jpg 682w, https:\/\/www.javeriana.edu.co\/muestrasartesjaveriana\/wp-content\/uploads\/2021\/03\/portadillaswebeventos15-200x300.jpg 200w, https:\/\/www.javeriana.edu.co\/muestrasartesjaveriana\/wp-content\/uploads\/2021\/03\/portadillaswebeventos15-768x1152.jpg 768w, https:\/\/www.javeriana.edu.co\/muestrasartesjaveriana\/wp-content\/uploads\/2021\/03\/portadillaswebeventos15.jpg 833w\" sizes=\"(max-width: 682px) 100vw, 682px\" \/><\/a><\/figure>\n<\/div>\n<\/div>\n\n\n\n<div class=\"wp-block-columns alignwide coblocks-animate is-layout-flex wp-container-8 wp-block-columns-is-layout-flex\" data-coblocks-animation=\"fadeIn\">\n<div class=\"wp-block-column is-layout-flow wp-block-column-is-layout-flow\">\n<figure class=\"wp-block-image size-large\"><a href=\"https:\/\/www.javeriana.edu.co\/maestria-musica\" rel=\"https:\/\/www.javeriana.edu.co\/maestria-musica\"><img loading=\"lazy\" decoding=\"async\" width=\"682\" height=\"1024\" src=\"https:\/\/www.javeriana.edu.co\/muestrasartesjaveriana\/wp-content\/uploads\/2021\/03\/portadillaswebeventos12-682x1024.jpg\" alt=\"\" class=\"wp-image-6269\" srcset=\"https:\/\/www.javeriana.edu.co\/muestrasartesjaveriana\/wp-content\/uploads\/2021\/03\/portadillaswebeventos12-682x1024.jpg 682w, https:\/\/www.javeriana.edu.co\/muestrasartesjaveriana\/wp-content\/uploads\/2021\/03\/portadillaswebeventos12-200x300.jpg 200w, https:\/\/www.javeriana.edu.co\/muestrasartesjaveriana\/wp-content\/uploads\/2021\/03\/portadillaswebeventos12-768x1152.jpg 768w, https:\/\/www.javeriana.edu.co\/muestrasartesjaveriana\/wp-content\/uploads\/2021\/03\/portadillaswebeventos12.jpg 833w\" sizes=\"(max-width: 682px) 100vw, 682px\" \/><\/a><\/figure>\n<\/div>\n\n\n\n<div class=\"wp-block-column is-layout-flow wp-block-column-is-layout-flow\">\n<figure class=\"wp-block-image size-large\"><a href=\"https:\/\/www.javeriana.edu.co\/maestria-creacion-audiovisual\/\"><img loading=\"lazy\" decoding=\"async\" width=\"682\" height=\"1024\" src=\"https:\/\/www.javeriana.edu.co\/muestrasartesjaveriana\/wp-content\/uploads\/2021\/04\/MCAV-06-1-682x1024.jpg\" alt=\"\" class=\"wp-image-7040\" srcset=\"https:\/\/www.javeriana.edu.co\/muestrasartesjaveriana\/wp-content\/uploads\/2021\/04\/MCAV-06-1-682x1024.jpg 682w, https:\/\/www.javeriana.edu.co\/muestrasartesjaveriana\/wp-content\/uploads\/2021\/04\/MCAV-06-1-200x300.jpg 200w, https:\/\/www.javeriana.edu.co\/muestrasartesjaveriana\/wp-content\/uploads\/2021\/04\/MCAV-06-1-768x1152.jpg 768w, https:\/\/www.javeriana.edu.co\/muestrasartesjaveriana\/wp-content\/uploads\/2021\/04\/MCAV-06-1.jpg 833w\" sizes=\"(max-width: 682px) 100vw, 682px\" \/><\/a><\/figure>\n<\/div>\n\n\n\n<div class=\"wp-block-column is-layout-flow wp-block-column-is-layout-flow\">\n<figure class=\"wp-block-image size-large is-resized\"><a href=\"https:\/\/artes.javeriana.edu.co\/web\/artes\/pij\"><img loading=\"lazy\" decoding=\"async\" src=\"https:\/\/www.javeriana.edu.co\/muestrasartesjaveriana\/wp-content\/uploads\/2021\/03\/portadillaswebeventos16.jpg\" alt=\"\" class=\"wp-image-6273\" width=\"428\" height=\"641\" srcset=\"https:\/\/www.javeriana.edu.co\/muestrasartesjaveriana\/wp-content\/uploads\/2021\/03\/portadillaswebeventos16.jpg 417w, https:\/\/www.javeriana.edu.co\/muestrasartesjaveriana\/wp-content\/uploads\/2021\/03\/portadillaswebeventos16-200x300.jpg 200w\" sizes=\"(max-width: 428px) 100vw, 428px\" \/><\/a><\/figure>\n\n\n\n<p><\/p>\n<\/div>\n<\/div>\n\n\n\n<hr class=\"wp-block-separator has-text-color has-background has-nv-site-bg-background-color has-nv-site-bg-color\"\/>\n\n\n\n<p><\/p>\n\n\n\n<p class=\"has-text-align-center has-custom-font\" style=\"font-family:Rubik\"><\/p>\n\n\n\n<div class=\"wp-block-image coblocks-animate\" data-coblocks-animation=\"fadeIn\"><figure class=\"aligncenter size-large is-resized\"><img loading=\"lazy\" decoding=\"async\" src=\"https:\/\/www.javeriana.edu.co\/muestrasartesjaveriana\/wp-content\/uploads\/2021\/03\/HEADeventos-1-edited-1.png\" alt=\"\" class=\"wp-image-6281\" width=\"951\" height=\"239\" srcset=\"https:\/\/www.javeriana.edu.co\/muestrasartesjaveriana\/wp-content\/uploads\/2021\/03\/HEADeventos-1-edited-1.png 825w, https:\/\/www.javeriana.edu.co\/muestrasartesjaveriana\/wp-content\/uploads\/2021\/03\/HEADeventos-1-edited-1-300x75.png 300w, https:\/\/www.javeriana.edu.co\/muestrasartesjaveriana\/wp-content\/uploads\/2021\/03\/HEADeventos-1-edited-1-768x193.png 768w\" sizes=\"(max-width: 951px) 100vw, 951px\" \/><\/figure><\/div>\n\n\n\n<div class=\"wp-block-image\"><figure class=\"alignright size-large is-resized\"><img loading=\"lazy\" decoding=\"async\" src=\"https:\/\/www.javeriana.edu.co\/muestrasartesjaveriana\/wp-content\/uploads\/2021\/03\/HEAD-categoria2-1024x170.png\" alt=\"\" class=\"wp-image-6285\" width=\"1347\" height=\"224\" srcset=\"https:\/\/www.javeriana.edu.co\/muestrasartesjaveriana\/wp-content\/uploads\/2021\/03\/HEAD-categoria2-1024x170.png 1024w, https:\/\/www.javeriana.edu.co\/muestrasartesjaveriana\/wp-content\/uploads\/2021\/03\/HEAD-categoria2-300x50.png 300w, https:\/\/www.javeriana.edu.co\/muestrasartesjaveriana\/wp-content\/uploads\/2021\/03\/HEAD-categoria2-768x128.png 768w, https:\/\/www.javeriana.edu.co\/muestrasartesjaveriana\/wp-content\/uploads\/2021\/03\/HEAD-categoria2.png 1250w\" sizes=\"(max-width: 1347px) 100vw, 1347px\" \/><\/figure><\/div>\n\n\n\n<div class=\"wp-block-columns alignwide is-layout-flex wp-container-11 wp-block-columns-is-layout-flex\">\n<div class=\"wp-block-column is-layout-flow wp-block-column-is-layout-flow\" style=\"flex-basis:33.33%\">\n<figure class=\"wp-block-image size-large is-resized\"><a href=\"https:\/\/www.javeriana.edu.co\/muestrasartesjaveriana\/tribuga\/\"><img loading=\"lazy\" decoding=\"async\" src=\"https:\/\/www.javeriana.edu.co\/muestrasartesjaveriana\/wp-content\/uploads\/2021\/03\/Pieza-central-1024x1024.jpg\" alt=\"\" class=\"wp-image-6282\" width=\"234\" height=\"234\" srcset=\"https:\/\/www.javeriana.edu.co\/muestrasartesjaveriana\/wp-content\/uploads\/2021\/03\/Pieza-central-1024x1024.jpg 1024w, https:\/\/www.javeriana.edu.co\/muestrasartesjaveriana\/wp-content\/uploads\/2021\/03\/Pieza-central-300x300.jpg 300w, https:\/\/www.javeriana.edu.co\/muestrasartesjaveriana\/wp-content\/uploads\/2021\/03\/Pieza-central-150x150.jpg 150w, https:\/\/www.javeriana.edu.co\/muestrasartesjaveriana\/wp-content\/uploads\/2021\/03\/Pieza-central-768x768.jpg 768w, https:\/\/www.javeriana.edu.co\/muestrasartesjaveriana\/wp-content\/uploads\/2021\/03\/Pieza-central-1536x1536.jpg 1536w, https:\/\/www.javeriana.edu.co\/muestrasartesjaveriana\/wp-content\/uploads\/2021\/03\/Pieza-central-2048x2048.jpg 2048w\" sizes=\"(max-width: 234px) 100vw, 234px\" \/><\/a><\/figure>\n<\/div>\n\n\n\n<div class=\"wp-block-column is-layout-flow wp-block-column-is-layout-flow\" style=\"flex-basis:66.66%\">\n<div class=\"wp-block-coblocks-events\">\n<div class=\"wp-block-coblocks-event-item\" data-page=\"undefined\"><div class=\"wp-block-coblocks-events__date\"><span class=\"wp-block-coblocks-events__day\">23<br>24<br>26<\/span><div><span class=\"wp-block-coblocks-events__month\">MARZO<\/span><span class=\"wp-block-coblocks-events__year\"><\/span><\/div><\/div><div class=\"wp-block-coblocks-events__content\"><span class=\"wp-block-coblocks-events__title\">SOCIALIZACI\u00d3N PROYECTO TRIBUG\u00c1<\/span><span class=\"wp-block-coblocks-events__description\" itemprop=\"description\">El Proyecto Tribug\u00e1 es una propuesta interdisciplinar de Egresados de la Facultad de Artes que gir\u00f3&nbsp;alrededor&nbsp;de&nbsp;la composici\u00f3n musical y visual&nbsp;de&nbsp;artistas&nbsp;de&nbsp;Bogot\u00e1 y Quibd\u00f3 que buscaron reflexionar y sensibilizar sobre&nbsp;de&nbsp;la problem\u00e1tica&nbsp;alrededor&nbsp;de&nbsp;la construcci\u00f3n&nbsp;del Puerto&nbsp;de&nbsp;Tribug\u00e1 en Choc\u00f3.<\/span><\/div><div class=\"wp-block-coblocks-events__details\"><span class=\"wp-block-coblocks-events__time\"><span data-color=\"#f4dfeb\" style=\"background: #f4dfeb;\" class=\"has-highlight-color\">6:00 pm<\/span><\/span><span class=\"wp-block-coblocks-events__location\">Facebook LIVE<\/span><\/div><\/div>\n\n\n<\/div>\n<\/div>\n<\/div>\n\n\n\n<div class=\"wp-block-columns alignwide is-layout-flex wp-container-14 wp-block-columns-is-layout-flex\">\n<div class=\"wp-block-column is-layout-flow wp-block-column-is-layout-flow\" style=\"flex-basis:33.33%\">\n<figure class=\"wp-block-image size-large is-resized\"><img loading=\"lazy\" decoding=\"async\" src=\"https:\/\/www.javeriana.edu.co\/muestrasartesjaveriana\/wp-content\/uploads\/2021\/04\/thumbnail_FINAL4-1024x1024.jpg\" alt=\"\" class=\"wp-image-6864\" width=\"235\" height=\"235\" srcset=\"https:\/\/www.javeriana.edu.co\/muestrasartesjaveriana\/wp-content\/uploads\/2021\/04\/thumbnail_FINAL4-1024x1024.jpg 1024w, https:\/\/www.javeriana.edu.co\/muestrasartesjaveriana\/wp-content\/uploads\/2021\/04\/thumbnail_FINAL4-300x300.jpg 300w, https:\/\/www.javeriana.edu.co\/muestrasartesjaveriana\/wp-content\/uploads\/2021\/04\/thumbnail_FINAL4-150x150.jpg 150w, https:\/\/www.javeriana.edu.co\/muestrasartesjaveriana\/wp-content\/uploads\/2021\/04\/thumbnail_FINAL4-768x768.jpg 768w, https:\/\/www.javeriana.edu.co\/muestrasartesjaveriana\/wp-content\/uploads\/2021\/04\/thumbnail_FINAL4.jpg 1280w\" sizes=\"(max-width: 235px) 100vw, 235px\" \/><\/figure>\n<\/div>\n\n\n\n<div class=\"wp-block-column is-layout-flow wp-block-column-is-layout-flow\" style=\"flex-basis:66.66%\">\n<div class=\"wp-block-coblocks-events\">\n<div class=\"wp-block-coblocks-event-item\" data-page=\"undefined\"><div class=\"wp-block-coblocks-events__date\"><span class=\"wp-block-coblocks-events__day\">6<br>7<br>13<br>14<br>20<br>21<br>22<\/span><div><span class=\"wp-block-coblocks-events__month\">ABRIL<\/span><span class=\"wp-block-coblocks-events__year\"><\/span><\/div><\/div><div class=\"wp-block-coblocks-events__content\"><span class=\"wp-block-coblocks-events__title\">I ENCUENTRO<br>TEOR\u00cdA Y AN\u00c1LISIS MUSICAL<\/span><span class=\"wp-block-coblocks-events__description\" itemprop=\"description\">Este I encuentro sobre Teor\u00eda y An\u00e1lisis Musical es un espacio creado por el semillero AC-PM, de la carrera de Estudios Musicales, que busca dar a conocer el semillero y los proyectos de investigaci\u00f3n que se dan al interior de este. Adem\u00e1s, tiene como objetivo interactuar y escuchar a otros departamentos de m\u00fasica del pa\u00eds para crear espacios de discusi\u00f3n constructivos y fruct\u00edferos para los panelistas, moderadores y asistentes del encuentro.<\/span><\/div><div class=\"wp-block-coblocks-events__details\"><span class=\"wp-block-coblocks-events__time\"><span data-color=\"#f4dfeb\" style=\"background: #f4dfeb;\" class=\"has-highlight-color\">6:00 pm<\/span><\/span><span class=\"wp-block-coblocks-events__location\">Facebook LIVE<\/span><\/div><\/div>\n<\/div>\n<\/div>\n<\/div>\n\n\n\n<div class=\"wp-block-columns alignwide is-layout-flex wp-container-17 wp-block-columns-is-layout-flex\">\n<div class=\"wp-block-column is-layout-flow wp-block-column-is-layout-flow\" style=\"flex-basis:33.33%\">\n<figure class=\"wp-block-image size-large is-resized\"><a href=\"https:\/\/javeriana-edu-co.zoom.us\/j\/85161667506\"><img loading=\"lazy\" decoding=\"async\" src=\"https:\/\/www.javeriana.edu.co\/muestrasartesjaveriana\/wp-content\/uploads\/2021\/04\/disonancias-1024x1024.jpg\" alt=\"\" class=\"wp-image-7202\" width=\"234\" height=\"234\" srcset=\"https:\/\/www.javeriana.edu.co\/muestrasartesjaveriana\/wp-content\/uploads\/2021\/04\/disonancias-1024x1024.jpg 1024w, https:\/\/www.javeriana.edu.co\/muestrasartesjaveriana\/wp-content\/uploads\/2021\/04\/disonancias-300x300.jpg 300w, https:\/\/www.javeriana.edu.co\/muestrasartesjaveriana\/wp-content\/uploads\/2021\/04\/disonancias-150x150.jpg 150w, https:\/\/www.javeriana.edu.co\/muestrasartesjaveriana\/wp-content\/uploads\/2021\/04\/disonancias-768x768.jpg 768w, https:\/\/www.javeriana.edu.co\/muestrasartesjaveriana\/wp-content\/uploads\/2021\/04\/disonancias.jpg 1280w\" sizes=\"(max-width: 234px) 100vw, 234px\" \/><\/a><\/figure>\n<\/div>\n\n\n\n<div class=\"wp-block-column is-layout-flow wp-block-column-is-layout-flow\" style=\"flex-basis:66.66%\">\n<div class=\"wp-block-coblocks-events\">\n<div class=\"wp-block-coblocks-event-item\" data-page=\"undefined\"><div class=\"wp-block-coblocks-events__date\"><span class=\"wp-block-coblocks-events__day\">8<\/span><div><span class=\"wp-block-coblocks-events__month\">ABRIL<\/span><span class=\"wp-block-coblocks-events__year\"><\/span><\/div><\/div><div class=\"wp-block-coblocks-events__content\"><span class=\"wp-block-coblocks-events__title\"> DISONANCIAS<\/span><span class=\"wp-block-coblocks-events__description\" itemprop=\"description\">Las y los estudiantes de la Carrera de Estudios Musicales proponen Disonancias como un espacio de di\u00e1logo. \u00bfTalento vs Disciplina? es la segunda sesi\u00f3n de charlas alrededor del estudio de la m\u00fasica.<br>Si eres estudiante o egresado de la Carrera de Estudios Musicales, te invitamos a unirte al di\u00e1logo.<\/span><\/div><div class=\"wp-block-coblocks-events__details\"><span class=\"wp-block-coblocks-events__time\"><span data-color=\"#f4dfeb\" style=\"background: #f4dfeb;\" class=\"has-highlight-color\">6:00 pm<\/span><\/span><span class=\"wp-block-coblocks-events__location\"><a href=\"https:\/\/javeriana-edu-co.zoom.us\/j\/85161667506\" data-type=\"URL\" data-id=\"https:\/\/javeriana-edu-co.zoom.us\/j\/85161667506\">Link ZOOM<\/a><\/span><\/div><\/div>\n<\/div>\n<\/div>\n<\/div>\n\n\n\n<div class=\"wp-block-columns alignwide is-layout-flex wp-container-20 wp-block-columns-is-layout-flex\">\n<div class=\"wp-block-column is-layout-flow wp-block-column-is-layout-flow\" style=\"flex-basis:33.33%\">\n<figure class=\"wp-block-image size-large is-resized\"><img loading=\"lazy\" decoding=\"async\" src=\"https:\/\/www.javeriana.edu.co\/muestrasartesjaveriana\/wp-content\/uploads\/2021\/04\/169936079_3220623121497829_72168411740901273_n-1024x1024.jpg\" alt=\"\" class=\"wp-image-7203\" width=\"236\" height=\"236\" srcset=\"https:\/\/www.javeriana.edu.co\/muestrasartesjaveriana\/wp-content\/uploads\/2021\/04\/169936079_3220623121497829_72168411740901273_n-1024x1024.jpg 1024w, https:\/\/www.javeriana.edu.co\/muestrasartesjaveriana\/wp-content\/uploads\/2021\/04\/169936079_3220623121497829_72168411740901273_n-300x300.jpg 300w, https:\/\/www.javeriana.edu.co\/muestrasartesjaveriana\/wp-content\/uploads\/2021\/04\/169936079_3220623121497829_72168411740901273_n-150x150.jpg 150w, https:\/\/www.javeriana.edu.co\/muestrasartesjaveriana\/wp-content\/uploads\/2021\/04\/169936079_3220623121497829_72168411740901273_n-768x768.jpg 768w, https:\/\/www.javeriana.edu.co\/muestrasartesjaveriana\/wp-content\/uploads\/2021\/04\/169936079_3220623121497829_72168411740901273_n-1536x1536.jpg 1536w, https:\/\/www.javeriana.edu.co\/muestrasartesjaveriana\/wp-content\/uploads\/2021\/04\/169936079_3220623121497829_72168411740901273_n.jpg 2048w\" sizes=\"(max-width: 236px) 100vw, 236px\" \/><\/figure>\n<\/div>\n\n\n\n<div class=\"wp-block-column is-layout-flow wp-block-column-is-layout-flow\" style=\"flex-basis:66.66%\">\n<div class=\"wp-block-coblocks-events\">\n<div class=\"wp-block-coblocks-event-item\" data-page=\"undefined\"><div class=\"wp-block-coblocks-events__date\"><span class=\"wp-block-coblocks-events__day\">12<br>13<br>14<br>15<\/span><div><span class=\"wp-block-coblocks-events__month\">ABRIL<\/span><span class=\"wp-block-coblocks-events__year\"><\/span><\/div><\/div><div class=\"wp-block-coblocks-events__content\"><span class=\"wp-block-coblocks-events__title\">COORDENADAS<\/span><span class=\"wp-block-coblocks-events__description\" itemprop=\"description\">En los \u00faltimos semestres el modelo pedag\u00f3gico alrededor del proyecto de grado de la Carrera de Artes Visuales ha cambiado significativamente.<br>Daniela Castellanos Giraldo, Andrea Mu\u00f1oz y Sharo Mu\u00f1oz presentar\u00e1n sus procesos creativos durante el Trabajo de grado y proponen una discusi\u00f3n alrededor de la Identidad y el Cuerpo en compa\u00f1\u00eda de la docente Maria Sol Bar\u00f3n<br>\u00a1Estudiante y egresado de Artes Visuales est\u00e1 totalmente invitado a hacer parte de esta discusi\u00f3n!<\/span><\/div><div class=\"wp-block-coblocks-events__details\"><span class=\"wp-block-coblocks-events__time\"><span data-color=\"#f4dfeb\" style=\"background: #f4dfeb;\" class=\"has-highlight-color\">6:00 pm<\/span><\/span><span class=\"wp-block-coblocks-events__location\">Facebook LIVE<\/span><\/div><\/div>\n\n\n\n<div class=\"wp-block-coblocks-event-item\" data-page=\"undefined\"><div class=\"wp-block-coblocks-events__date\"><span class=\"wp-block-coblocks-events__day\"><\/span><div><span class=\"wp-block-coblocks-events__month\"><\/span><span class=\"wp-block-coblocks-events__year\"><\/span><\/div><\/div><div class=\"wp-block-coblocks-events__content\"><span class=\"wp-block-coblocks-events__title\">https:\/\/fb.watch\/70l4fjz1Ku\/<br>https:\/\/fb.watch\/70l9wqzLgU\/<br>https:\/\/fb.watch\/v\/1Aj7_aAEY\/<br>https:\/\/fb.watch\/70lcc-II5w\/<\/span><span class=\"wp-block-coblocks-events__description\" itemprop=\"description\"><\/span><\/div><div class=\"wp-block-coblocks-events__details\"><span class=\"wp-block-coblocks-events__time\"><\/span><span class=\"wp-block-coblocks-events__location\"><\/span><\/div><\/div>\n<\/div>\n<\/div>\n<\/div>\n\n\n\n<div class=\"wp-block-columns alignwide is-layout-flex wp-container-23 wp-block-columns-is-layout-flex\">\n<div class=\"wp-block-column is-layout-flow wp-block-column-is-layout-flow\" style=\"flex-basis:33.33%\">\n<figure class=\"wp-block-image size-large is-resized\"><img loading=\"lazy\" decoding=\"async\" src=\"https:\/\/www.javeriana.edu.co\/muestrasartesjaveriana\/wp-content\/uploads\/2021\/04\/173860183_3225418161018325_7548532118020883540_n-1024x1024.jpg\" alt=\"\" class=\"wp-image-7204\" width=\"239\" height=\"239\" srcset=\"https:\/\/www.javeriana.edu.co\/muestrasartesjaveriana\/wp-content\/uploads\/2021\/04\/173860183_3225418161018325_7548532118020883540_n-1024x1024.jpg 1024w, https:\/\/www.javeriana.edu.co\/muestrasartesjaveriana\/wp-content\/uploads\/2021\/04\/173860183_3225418161018325_7548532118020883540_n-300x300.jpg 300w, https:\/\/www.javeriana.edu.co\/muestrasartesjaveriana\/wp-content\/uploads\/2021\/04\/173860183_3225418161018325_7548532118020883540_n-150x150.jpg 150w, https:\/\/www.javeriana.edu.co\/muestrasartesjaveriana\/wp-content\/uploads\/2021\/04\/173860183_3225418161018325_7548532118020883540_n-768x768.jpg 768w, https:\/\/www.javeriana.edu.co\/muestrasartesjaveriana\/wp-content\/uploads\/2021\/04\/173860183_3225418161018325_7548532118020883540_n.jpg 1280w\" sizes=\"(max-width: 239px) 100vw, 239px\" \/><\/figure>\n<\/div>\n\n\n\n<div class=\"wp-block-column is-layout-flow wp-block-column-is-layout-flow\" style=\"flex-basis:66.66%\">\n<div class=\"wp-block-coblocks-events\">\n<div class=\"wp-block-coblocks-event-item\" data-page=\"undefined\"><div class=\"wp-block-coblocks-events__date\"><span class=\"wp-block-coblocks-events__day\">14<\/span><div><span class=\"wp-block-coblocks-events__month\">ABRIL<\/span><span class=\"wp-block-coblocks-events__year\"><\/span><\/div><\/div><div class=\"wp-block-coblocks-events__content\"><span class=\"wp-block-coblocks-events__title\">SOCIALIZACI\u00d3N VIRTUAL <br>PORTAFOLIO EST\u00cdMULOS DE M\u00daSICA<\/span><span class=\"wp-block-coblocks-events__description\" itemprop=\"description\">Para el a\u00f1o 2021, @idartes tiene un portafolio con m\u00e1s de 5.000 millones de pesos en est\u00edmulos y 109 convocatorias en todas las disciplinas art\u00edsticas, que le apuestan a la reactivaci\u00f3n econ\u00f3mica del sector y se ajustan a sus necesidades.<\/span><\/div><div class=\"wp-block-coblocks-events__details\"><span class=\"wp-block-coblocks-events__time\"><span data-color=\"#f4dfeb\" style=\"background: #f4dfeb;\" class=\"has-highlight-color\">6:00 pm<\/span><\/span><span class=\"wp-block-coblocks-events__location\">Facebook LIVE<\/span><\/div><\/div>\n<\/div>\n<\/div>\n<\/div>\n\n\n\n<hr class=\"wp-block-separator has-text-color has-background has-nv-text-dark-bg-background-color has-nv-text-dark-bg-color\"\/>\n\n\n\n<hr class=\"wp-block-separator has-text-color has-background has-nv-text-dark-bg-background-color has-nv-text-dark-bg-color\"\/>\n\n\n\n<hr class=\"wp-block-separator has-text-color has-background has-nv-text-dark-bg-background-color has-nv-text-dark-bg-color\"\/>\n\n\n<div class=\"wp-block-coblocks-social wp-block-coblocks-social-profiles is-style-circular has-text-align-center has-button-size-med\"><ul><li><a href=\"https:\/\/www.facebook.com\/eventosartesjaveriana\" title=\"Facebook\" class=\"wp-block-button__link wp-block-coblocks-social__button wp-block-coblocks-social__button--facebook has-padding\" style=\"padding:16px;border-radius:40px\"><span class=\"wp-block-coblocks-social__icon\" style=\"height:18px;width:18px\"><\/span><span class=\"wp-block-coblocks-social__text\">Facebook<\/span><\/a><\/li><li><a href=\"https:\/\/www.instagram.com\/eventosartesjaveriana\" title=\"Instagram\" class=\"wp-block-button__link wp-block-coblocks-social__button wp-block-coblocks-social__button--instagram has-padding\" style=\"padding:16px;border-radius:40px\"><span class=\"wp-block-coblocks-social__icon\" style=\"height:18px;width:18px\"><\/span><span class=\"wp-block-coblocks-social__text\">Instagram<\/span><\/a><\/li><li><a href=\"https:\/\/www.youtube.com\/c\/EventosArtesJaveriana\" title=\"YouTube\" class=\"wp-block-button__link wp-block-coblocks-social__button wp-block-coblocks-social__button--youtube has-padding\" style=\"padding:16px;border-radius:40px\"><span class=\"wp-block-coblocks-social__icon\" style=\"height:18px;width:18px\"><\/span><span class=\"wp-block-coblocks-social__text\">YouTube<\/span><\/a><\/li><\/ul><\/div>\n\n<p class=\"fonts-plugin-block \"><\/p>\n\n\n<p><\/p>\n","protected":false},"excerpt":{"rendered":"","protected":false},"author":1,"featured_media":0,"parent":0,"menu_order":0,"comment_status":"closed","ping_status":"closed","template":"","meta":{"_coblocks_attr":"Oswald,Rubik","_coblocks_dimensions":"","_coblocks_responsive_height":"","_coblocks_accordion_ie_support":"","neve_meta_sidebar":"","neve_meta_container":"","neve_meta_enable_content_width":"off","neve_meta_content_width":0,"neve_meta_title_alignment":"","neve_meta_author_avatar":"","neve_post_elements_order":"","neve_meta_disable_header":"","neve_meta_disable_footer":"","neve_meta_disable_title":"on","footnotes":""},"_links":{"self":[{"href":"https:\/\/www.javeriana.edu.co\/muestrasartesjaveriana\/wp-json\/wp\/v2\/pages\/19"}],"collection":[{"href":"https:\/\/www.javeriana.edu.co\/muestrasartesjaveriana\/wp-json\/wp\/v2\/pages"}],"about":[{"href":"https:\/\/www.javeriana.edu.co\/muestrasartesjaveriana\/wp-json\/wp\/v2\/types\/page"}],"author":[{"embeddable":true,"href":"https:\/\/www.javeriana.edu.co\/muestrasartesjaveriana\/wp-json\/wp\/v2\/users\/1"}],"replies":[{"embeddable":true,"href":"https:\/\/www.javeriana.edu.co\/muestrasartesjaveriana\/wp-json\/wp\/v2\/comments?post=19"}],"version-history":[{"count":182,"href":"https:\/\/www.javeriana.edu.co\/muestrasartesjaveriana\/wp-json\/wp\/v2\/pages\/19\/revisions"}],"predecessor-version":[{"id":9570,"href":"https:\/\/www.javeriana.edu.co\/muestrasartesjaveriana\/wp-json\/wp\/v2\/pages\/19\/revisions\/9570"}],"wp:attachment":[{"href":"https:\/\/www.javeriana.edu.co\/muestrasartesjaveriana\/wp-json\/wp\/v2\/media?parent=19"}],"curies":[{"name":"wp","href":"https:\/\/api.w.org\/{rel}","templated":true}]}}