{"id":5080,"date":"2020-12-03T09:27:56","date_gmt":"2020-12-03T14:27:56","guid":{"rendered":"https:\/\/www.javeriana.edu.co\/muestrasartesjaveriana\/?page_id=5080"},"modified":"2020-12-04T11:39:20","modified_gmt":"2020-12-04T16:39:20","slug":"lanap","status":"publish","type":"page","link":"https:\/\/www.javeriana.edu.co\/muestrasartesjaveriana\/lanap\/","title":{"rendered":"Lanap"},"content":{"rendered":"\t\t<div data-elementor-type=\"wp-page\" data-elementor-id=\"5080\" class=\"elementor elementor-5080\">\n\t\t\t\t\t\t<section class=\"elementor-section elementor-top-section elementor-element elementor-element-fec2c90 elementor-section-boxed elementor-section-height-default elementor-section-height-default\" data-id=\"fec2c90\" data-element_type=\"section\">\n\t\t\t\t\t\t<div class=\"elementor-container elementor-column-gap-default\">\n\t\t\t\t\t<div class=\"elementor-column elementor-col-100 elementor-top-column elementor-element elementor-element-892f5f4\" data-id=\"892f5f4\" data-element_type=\"column\">\n\t\t\t<div class=\"elementor-widget-wrap elementor-element-populated\">\n\t\t\t\t\t\t<div class=\"elementor-element elementor-element-71ab900 elementor-widget elementor-widget-spacer\" data-id=\"71ab900\" data-element_type=\"widget\" data-widget_type=\"spacer.default\">\n\t\t\t\t<div class=\"elementor-widget-container\">\n\t\t\t\t\t\t\t<div class=\"elementor-spacer\">\n\t\t\t<div class=\"elementor-spacer-inner\"><\/div>\n\t\t<\/div>\n\t\t\t\t\t\t<\/div>\n\t\t\t\t<\/div>\n\t\t\t\t<div class=\"elementor-element elementor-element-e0ebda3 elementor-widget elementor-widget-heading\" data-id=\"e0ebda3\" data-element_type=\"widget\" data-widget_type=\"heading.default\">\n\t\t\t\t<div class=\"elementor-widget-container\">\n\t\t\t\t\t<h2 class=\"elementor-heading-title elementor-size-default\"><h1 class=\"elementor-heading-title elementor-size-xl elementor-inline-editing pen\" data-elementor-setting-key=\"title\" data-pen-placeholder=\"Teclea aqu\u00ed...\" style=\"letter-spacing: normal\">LANAP <\/h1><\/h2>\t\t\t\t<\/div>\n\t\t\t\t<\/div>\n\t\t\t\t<div class=\"elementor-element elementor-element-b064444 elementor-widget elementor-widget-heading\" data-id=\"b064444\" data-element_type=\"widget\" data-widget_type=\"heading.default\">\n\t\t\t\t<div class=\"elementor-widget-container\">\n\t\t\t\t\t<h3 class=\"elementor-heading-title elementor-size-default\">Ensamble de Tecnolog\u00edas y Mediaciones<\/h3>\t\t\t\t<\/div>\n\t\t\t\t<\/div>\n\t\t\t\t\t<\/div>\n\t\t<\/div>\n\t\t\t\t\t<\/div>\n\t\t<\/section>\n\t\t\t\t<section class=\"elementor-section elementor-top-section elementor-element elementor-element-917aad7 elementor-section-boxed elementor-section-height-default elementor-section-height-default\" data-id=\"917aad7\" data-element_type=\"section\">\n\t\t\t\t\t\t<div class=\"elementor-container elementor-column-gap-default\">\n\t\t\t\t\t<div class=\"elementor-column elementor-col-100 elementor-top-column elementor-element elementor-element-a1b8b0f\" data-id=\"a1b8b0f\" data-element_type=\"column\">\n\t\t\t<div class=\"elementor-widget-wrap elementor-element-populated\">\n\t\t\t\t\t\t<div class=\"elementor-element elementor-element-a0ba6b2 elementor-widget elementor-widget-image\" data-id=\"a0ba6b2\" data-element_type=\"widget\" data-widget_type=\"image.default\">\n\t\t\t\t<div class=\"elementor-widget-container\">\n\t\t\t\t\t\t\t\t\t\t\t\t\t\t\t<img fetchpriority=\"high\" decoding=\"async\" width=\"1920\" height=\"1080\" src=\"https:\/\/www.javeriana.edu.co\/muestrasartesjaveriana\/wp-content\/uploads\/2020\/12\/LANAP-2.jpg\" class=\"attachment-full size-full wp-image-5241\" alt=\"\" srcset=\"https:\/\/www.javeriana.edu.co\/muestrasartesjaveriana\/wp-content\/uploads\/2020\/12\/LANAP-2.jpg 1920w, https:\/\/www.javeriana.edu.co\/muestrasartesjaveriana\/wp-content\/uploads\/2020\/12\/LANAP-2-300x169.jpg 300w, https:\/\/www.javeriana.edu.co\/muestrasartesjaveriana\/wp-content\/uploads\/2020\/12\/LANAP-2-1024x576.jpg 1024w, https:\/\/www.javeriana.edu.co\/muestrasartesjaveriana\/wp-content\/uploads\/2020\/12\/LANAP-2-768x432.jpg 768w, https:\/\/www.javeriana.edu.co\/muestrasartesjaveriana\/wp-content\/uploads\/2020\/12\/LANAP-2-1536x864.jpg 1536w\" sizes=\"(max-width: 1920px) 100vw, 1920px\" \/>\t\t\t\t\t\t\t\t\t\t\t\t\t\t\t<\/div>\n\t\t\t\t<\/div>\n\t\t\t\t\t<\/div>\n\t\t<\/div>\n\t\t\t\t\t<\/div>\n\t\t<\/section>\n\t\t\t\t<section class=\"elementor-section elementor-top-section elementor-element elementor-element-29a3660 elementor-section-boxed elementor-section-height-default elementor-section-height-default\" data-id=\"29a3660\" data-element_type=\"section\">\n\t\t\t\t\t\t<div class=\"elementor-container elementor-column-gap-default\">\n\t\t\t\t\t<div class=\"elementor-column elementor-col-50 elementor-top-column elementor-element elementor-element-86f3b28\" data-id=\"86f3b28\" data-element_type=\"column\">\n\t\t\t<div class=\"elementor-widget-wrap elementor-element-populated\">\n\t\t\t\t\t\t<div class=\"elementor-element elementor-element-45180f4 elementor-widget elementor-widget-spacer\" data-id=\"45180f4\" data-element_type=\"widget\" data-widget_type=\"spacer.default\">\n\t\t\t\t<div class=\"elementor-widget-container\">\n\t\t\t\t\t\t\t<div class=\"elementor-spacer\">\n\t\t\t<div class=\"elementor-spacer-inner\"><\/div>\n\t\t<\/div>\n\t\t\t\t\t\t<\/div>\n\t\t\t\t<\/div>\n\t\t\t\t<div class=\"elementor-element elementor-element-fff67a8 elementor-widget elementor-widget-text-editor\" data-id=\"fff67a8\" data-element_type=\"widget\" data-widget_type=\"text-editor.default\">\n\t\t\t\t<div class=\"elementor-widget-container\">\n\t\t\t\t\t\t\t\t\t<p><span data-contrast=\"none\">LANAP es una pieza de teatro radiof\u00f3nico creada por el Ensamble de Tecnolog\u00edas y Mediaciones<\/span> <span data-contrast=\"auto\">que toma como inspiraci\u00f3n <\/span><i><span data-contrast=\"auto\">La Guerra de los mundos<\/span><\/i><i><span data-contrast=\"auto\">,<\/span><\/i><span data-contrast=\"auto\"> llevada a la radio por Orson Welles en 1938. Los participantes de este Ensamble se propusieron entablar una conversaci\u00f3n entre el momento actual y esta obra pionera del teatro radiof\u00f3nico, que caus\u00f3 una gran controversia en su \u00e9poca<\/span><span data-contrast=\"auto\">.<\/span><span data-contrast=\"auto\"> Por eso adaptaron el gui\u00f3n original al contexto de la Bogot\u00e1 del 2020, haciendo una invitaci\u00f3n a la escucha, a regresar al radioteatro y a tomar una postura cr\u00edtica hacia los medios de comunicaci\u00f3n de nuestros d\u00edas<\/span><span data-contrast=\"auto\">.\u00a0\u00a0\u00a0<\/span><span data-ccp-props=\"{&quot;201341983&quot;:0,&quot;335551550&quot;:6,&quot;335551620&quot;:6,&quot;335559740&quot;:276}\">\u00a0<\/span><\/p>\t\t\t\t\t\t\t\t<\/div>\n\t\t\t\t<\/div>\n\t\t\t\t\t<\/div>\n\t\t<\/div>\n\t\t\t\t<div class=\"elementor-column elementor-col-50 elementor-top-column elementor-element elementor-element-83eae05\" data-id=\"83eae05\" data-element_type=\"column\">\n\t\t\t<div class=\"elementor-widget-wrap elementor-element-populated\">\n\t\t\t\t\t\t<div class=\"elementor-element elementor-element-f1a41b6 elementor-widget elementor-widget-heading\" data-id=\"f1a41b6\" data-element_type=\"widget\" data-widget_type=\"heading.default\">\n\t\t\t\t<div class=\"elementor-widget-container\">\n\t\t\t\t\t<h2 class=\"elementor-heading-title elementor-size-default\">RADIO COLMENA<\/h2>\t\t\t\t<\/div>\n\t\t\t\t<\/div>\n\t\t\t\t<div class=\"elementor-element elementor-element-489608b elementor-widget elementor-widget-video\" data-id=\"489608b\" data-element_type=\"widget\" data-settings=\"{&quot;video_type&quot;:&quot;vimeo&quot;}\" data-widget_type=\"video.default\">\n\t\t\t\t<div class=\"elementor-widget-container\">\n\t\t\t\t\t\t\t<div class=\"elementor-wrapper elementor-open-inline\">\n\t\t\t<iframe class=\"elementor-video-iframe\" allowfullscreen allow=\"clipboard-write\" title=\"Reproductor de v\u00eddeo vimeo\" src=\"https:\/\/player.vimeo.com\/video\/486838412?color&amp;autopause=0&amp;loop=0&amp;muted=0&amp;title=1&amp;portrait=1&amp;byline=1&amp;h=8c31095a2c#t=\"><\/iframe>\t\t<\/div>\n\t\t\t\t\t\t<\/div>\n\t\t\t\t<\/div>\n\t\t\t\t\t<\/div>\n\t\t<\/div>\n\t\t\t\t\t<\/div>\n\t\t<\/section>\n\t\t\t\t<section class=\"elementor-section elementor-top-section elementor-element elementor-element-e0051d3 elementor-section-boxed elementor-section-height-default elementor-section-height-default\" data-id=\"e0051d3\" data-element_type=\"section\">\n\t\t\t\t\t\t<div class=\"elementor-container elementor-column-gap-default\">\n\t\t\t\t\t<div class=\"elementor-column elementor-col-100 elementor-top-column elementor-element elementor-element-30f4948\" data-id=\"30f4948\" data-element_type=\"column\" data-settings=\"{&quot;background_background&quot;:&quot;classic&quot;}\">\n\t\t\t<div class=\"elementor-widget-wrap elementor-element-populated\">\n\t\t\t\t\t\t<div class=\"elementor-element elementor-element-1dc71b9 elementor-widget elementor-widget-text-editor\" data-id=\"1dc71b9\" data-element_type=\"widget\" data-widget_type=\"text-editor.default\">\n\t\t\t\t<div class=\"elementor-widget-container\">\n\t\t\t\t\t\t\t\t\t<p>En este Ensamble, Radio Colmena lo convoca a una experiencia radiof\u00f3nica individual y colectiva.\u00a0 Encuentre un lugar c\u00f3modo, tome sus aud\u00edfonos y disp\u00f3ngase a la escucha.<\/p><div class=\"page\" title=\"Page 1\"><div class=\"section\"><div class=\"layoutArea\"><div class=\"column\"><h3><strong>RECOMENDAMOS ESCUCHAR CON AUDIFONOS.<\/strong><\/h3><\/div><\/div><\/div><\/div>\t\t\t\t\t\t\t\t<\/div>\n\t\t\t\t<\/div>\n\t\t\t\t\t<\/div>\n\t\t<\/div>\n\t\t\t\t\t<\/div>\n\t\t<\/section>\n\t\t\t\t<section class=\"elementor-section elementor-top-section elementor-element elementor-element-1777a2d elementor-section-boxed elementor-section-height-default elementor-section-height-default\" data-id=\"1777a2d\" data-element_type=\"section\">\n\t\t\t\t\t\t<div class=\"elementor-container elementor-column-gap-default\">\n\t\t\t\t\t<div class=\"elementor-column elementor-col-16 elementor-top-column elementor-element elementor-element-4651dfa\" data-id=\"4651dfa\" data-element_type=\"column\">\n\t\t\t<div class=\"elementor-widget-wrap\">\n\t\t\t\t\t\t\t<\/div>\n\t\t<\/div>\n\t\t\t\t<div class=\"elementor-column elementor-col-66 elementor-top-column elementor-element elementor-element-aa427df\" data-id=\"aa427df\" data-element_type=\"column\">\n\t\t\t<div class=\"elementor-widget-wrap elementor-element-populated\">\n\t\t\t\t\t\t<div class=\"elementor-element elementor-element-100c5bd elementor-widget elementor-widget-audio\" data-id=\"100c5bd\" data-element_type=\"widget\" data-widget_type=\"audio.default\">\n\t\t\t\t<div class=\"elementor-widget-container\">\n\t\t\t\t\t\t\t\t<div class=\"elementor-soundcloud-wrapper\">\n\t\t\t\t<iframe width=\"1200\" height=\"400\" frameborder=\"no\" src=\"https:\/\/w.soundcloud.com\/player\/?visual=true&#038;url=https%3A%2F%2Fapi.soundcloud.com%2Ftracks%2F941012590&#038;show_artwork=false&#038;maxheight=1000&#038;maxwidth=1200&#038;auto_play=false&#038;buying=false&#038;liking=false&#038;download=false&#038;sharing=false&#038;show_comments=false&#038;show_playcount=false&#038;show_user=false&#038;color=000000\"><\/iframe>\t\t\t<\/div>\n\t\t\t\t\t\t\t<\/div>\n\t\t\t\t<\/div>\n\t\t\t\t\t<\/div>\n\t\t<\/div>\n\t\t\t\t<div class=\"elementor-column elementor-col-16 elementor-top-column elementor-element elementor-element-beec72a\" data-id=\"beec72a\" data-element_type=\"column\">\n\t\t\t<div class=\"elementor-widget-wrap\">\n\t\t\t\t\t\t\t<\/div>\n\t\t<\/div>\n\t\t\t\t\t<\/div>\n\t\t<\/section>\n\t\t\t\t<section class=\"elementor-section elementor-top-section elementor-element elementor-element-b8f94e3 elementor-section-boxed elementor-section-height-default elementor-section-height-default\" data-id=\"b8f94e3\" data-element_type=\"section\">\n\t\t\t\t\t\t<div class=\"elementor-container elementor-column-gap-default\">\n\t\t\t\t\t<div class=\"elementor-column elementor-col-100 elementor-top-column elementor-element elementor-element-0d980af\" data-id=\"0d980af\" data-element_type=\"column\" data-settings=\"{&quot;background_background&quot;:&quot;classic&quot;}\">\n\t\t\t<div class=\"elementor-widget-wrap elementor-element-populated\">\n\t\t\t\t\t\t<div class=\"elementor-element elementor-element-a6e7ca2 elementor-widget elementor-widget-text-editor\" data-id=\"a6e7ca2\" data-element_type=\"widget\" data-widget_type=\"text-editor.default\">\n\t\t\t\t<div class=\"elementor-widget-container\">\n\t\t\t\t\t\t\t\t\t<p><b><span data-contrast=\"auto\">Direcci\u00f3n<\/span><\/b><span data-ccp-props=\"{\">\u00a0<br \/><\/span><span data-contrast=\"auto\">Eloisa Jaramillo<\/span><span data-ccp-props=\"{\">\u00a0<\/span><\/p><p><b><span data-contrast=\"auto\">Estudiantes creadores int\u00e9rpretes<\/span><\/b><span data-contrast=\"auto\">\u00a0<\/span><span data-ccp-props=\"{\">\u00a0<br \/><\/span><span data-contrast=\"auto\">Daniella Blanco Melo\u00a0<\/span><span data-ccp-props=\"{\">\u00a0<br \/><\/span><span data-contrast=\"auto\">Luis Enrique B\u00e1ez M\u00e9ndez<\/span><span data-ccp-props=\"{\">\u00a0<br \/><\/span><span data-contrast=\"auto\">Laura Valentina B\u00e1ez Robayo\u00a0<\/span><span data-ccp-props=\"{\">\u00a0<br \/><\/span><span data-contrast=\"auto\">Sofia Otalora Camargo\u00a0<\/span><span data-ccp-props=\"{\">\u00a0<br \/><\/span><span data-contrast=\"auto\">Sara Gonz\u00e1lez S\u00e1nchez\u00a0\u00a0<\/span><span data-ccp-props=\"{\">\u00a0<br \/><\/span><span data-contrast=\"auto\">Daniela Estefan Adolphs\u00a0<\/span><span data-ccp-props=\"{\">\u00a0<br \/><\/span><span data-contrast=\"auto\">Stephania Puentes Gallego\u00a0<\/span><span data-ccp-props=\"{\">\u00a0<br \/><\/span><span data-contrast=\"auto\">Nicolas Negret Hern\u00e1ndez\u00a0<\/span><span data-ccp-props=\"{\">\u00a0<br \/><\/span><span data-contrast=\"auto\">Juliana Suarez Galvis\u00a0\u00a0<\/span><span data-ccp-props=\"{\">\u00a0<br \/><\/span><span data-contrast=\"auto\">Andrea Carolina Saavedra\u00a0<\/span><span data-ccp-props=\"{\">\u00a0<\/span><\/p><p><span data-ccp-props=\"{\">\u00a0<\/span><b><span data-contrast=\"auto\">Producci\u00f3n General<\/span><\/b><span data-ccp-props=\"{\">\u00a0<br \/><\/span><span data-contrast=\"auto\">Natalia Cuellar<\/span><span data-ccp-props=\"{\">\u00a0<\/span><\/p><p><span data-ccp-props=\"{\">\u00a0<br \/><\/span><b><span data-contrast=\"auto\">Producci\u00f3n<\/span><\/b><span data-ccp-props=\"{\">\u00a0<br \/><\/span><span data-contrast=\"auto\">Juan Manuel Giraldo<\/span><span data-ccp-props=\"{\">\u00a0<br \/><\/span><span data-contrast=\"auto\">Nicolle Polo Rabelly<\/span><span data-ccp-props=\"{\">\u00a0<\/span><\/p><p><b><span data-contrast=\"auto\">Ingenier\u00eda de sonido\u00a0<\/span><\/b><span data-ccp-props=\"{\">\u00a0<br \/><\/span><span data-contrast=\"auto\">Juan Pablo Corredor\u00a0<\/span><span data-ccp-props=\"{\">\u00a0<br \/><\/span><span data-contrast=\"auto\">Sergio Fern\u00e1ndez\u00a0<\/span><span data-ccp-props=\"{\">\u00a0<br \/><\/span><span data-contrast=\"auto\">Juan David Ussa\u00a0<\/span><span data-ccp-props=\"{\">\u00a0<\/span><\/p><p>\u00a0<\/p><p><b><span data-contrast=\"auto\">Queremos agradecer a:\u00a0<\/span><\/b><span data-ccp-props=\"{\">\u00a0<br \/><\/span><span data-contrast=\"auto\">Samar Atta Alzate de Centro \u00c1tico,<\/span><span data-ccp-props=\"{\">\u00a0<br \/><\/span><span data-contrast=\"auto\">Profesor Ricardo Escall\u00f3n de Facultad de M\u00fasica\u00a0<\/span><span data-ccp-props=\"{\">\u00a0<br \/><\/span><span data-contrast=\"auto\">y Arnulfo Pardo del Departamento de Artes Esc\u00e9nicas<\/span><span data-ccp-props=\"{\">\u00a0<\/span><\/p>\t\t\t\t\t\t\t\t<\/div>\n\t\t\t\t<\/div>\n\t\t\t\t\t<\/div>\n\t\t<\/div>\n\t\t\t\t\t<\/div>\n\t\t<\/section>\n\t\t\t\t<\/div>\n\t\t","protected":false},"excerpt":{"rendered":"<p>LANAP Ensamble de Tecnolog\u00edas y Mediaciones LANAP es una pieza de teatro radiof\u00f3nico creada por el Ensamble de Tecnolog\u00edas y Mediaciones que toma como inspiraci\u00f3n La Guerra de los mundos, llevada a la radio por Orson Welles en 1938. Los participantes de este Ensamble se propusieron entablar una conversaci\u00f3n entre el momento actual y esta&hellip;&nbsp;<a href=\"https:\/\/www.javeriana.edu.co\/muestrasartesjaveriana\/lanap\/\" class=\"\" rel=\"bookmark\">Leer m\u00e1s &raquo;<span class=\"screen-reader-text\">Lanap<\/span><\/a><\/p>\n","protected":false},"author":1,"featured_media":0,"parent":0,"menu_order":0,"comment_status":"closed","ping_status":"closed","template":"page-templates\/template-pagebuilder-full-width.php","meta":{"_coblocks_attr":"","_coblocks_dimensions":"","_coblocks_responsive_height":"","_coblocks_accordion_ie_support":"","neve_meta_sidebar":"full-width","neve_meta_container":"","neve_meta_enable_content_width":"on","neve_meta_content_width":100,"neve_meta_title_alignment":"","neve_meta_author_avatar":"","neve_post_elements_order":"","neve_meta_disable_header":"off","neve_meta_disable_footer":"on","neve_meta_disable_title":"off","footnotes":""},"_links":{"self":[{"href":"https:\/\/www.javeriana.edu.co\/muestrasartesjaveriana\/wp-json\/wp\/v2\/pages\/5080"}],"collection":[{"href":"https:\/\/www.javeriana.edu.co\/muestrasartesjaveriana\/wp-json\/wp\/v2\/pages"}],"about":[{"href":"https:\/\/www.javeriana.edu.co\/muestrasartesjaveriana\/wp-json\/wp\/v2\/types\/page"}],"author":[{"embeddable":true,"href":"https:\/\/www.javeriana.edu.co\/muestrasartesjaveriana\/wp-json\/wp\/v2\/users\/1"}],"replies":[{"embeddable":true,"href":"https:\/\/www.javeriana.edu.co\/muestrasartesjaveriana\/wp-json\/wp\/v2\/comments?post=5080"}],"version-history":[{"count":23,"href":"https:\/\/www.javeriana.edu.co\/muestrasartesjaveriana\/wp-json\/wp\/v2\/pages\/5080\/revisions"}],"predecessor-version":[{"id":5244,"href":"https:\/\/www.javeriana.edu.co\/muestrasartesjaveriana\/wp-json\/wp\/v2\/pages\/5080\/revisions\/5244"}],"wp:attachment":[{"href":"https:\/\/www.javeriana.edu.co\/muestrasartesjaveriana\/wp-json\/wp\/v2\/media?parent=5080"}],"curies":[{"name":"wp","href":"https:\/\/api.w.org\/{rel}","templated":true}]}}