{"id":5545,"date":"2021-02-24T11:19:07","date_gmt":"2021-02-24T16:19:07","guid":{"rendered":"https:\/\/www.javeriana.edu.co\/muestrasartesjaveriana\/?page_id=5545"},"modified":"2021-03-04T18:24:13","modified_gmt":"2021-03-04T23:24:13","slug":"cierre-de-ciclo-basico-danza-y-ritmica-del-jazz","status":"publish","type":"page","link":"https:\/\/www.javeriana.edu.co\/muestrasartesjaveriana\/cierre-de-ciclo-basico-danza-y-ritmica-del-jazz\/","title":{"rendered":"Cierre de Ciclo B\u00e1sico &#8220;Danza y R\u00edtmica del Jazz&#8221;"},"content":{"rendered":"\t\t<div data-elementor-type=\"wp-page\" data-elementor-id=\"5545\" class=\"elementor elementor-5545\">\n\t\t\t\t\t\t<section class=\"elementor-section elementor-top-section elementor-element elementor-element-e8dfbc9 elementor-section-height-min-height elementor-section-content-top elementor-section-boxed elementor-section-height-default elementor-section-items-middle\" data-id=\"e8dfbc9\" data-element_type=\"section\" data-settings=\"{&quot;background_background&quot;:&quot;classic&quot;}\">\n\t\t\t\t\t\t<div class=\"elementor-container elementor-column-gap-default\">\n\t\t\t\t\t<div class=\"elementor-column elementor-col-100 elementor-top-column elementor-element elementor-element-be2ad1f\" data-id=\"be2ad1f\" data-element_type=\"column\">\n\t\t\t<div class=\"elementor-widget-wrap\">\n\t\t\t\t\t\t\t<\/div>\n\t\t<\/div>\n\t\t\t\t\t<\/div>\n\t\t<\/section>\n\t\t\t\t<section class=\"elementor-section elementor-top-section elementor-element elementor-element-fa63597 elementor-section-boxed elementor-section-height-default elementor-section-height-default\" data-id=\"fa63597\" data-element_type=\"section\" data-settings=\"{&quot;background_background&quot;:&quot;classic&quot;}\">\n\t\t\t\t\t\t<div class=\"elementor-container elementor-column-gap-no\">\n\t\t\t\t\t<div class=\"elementor-column elementor-col-100 elementor-top-column elementor-element elementor-element-2abe5b5\" data-id=\"2abe5b5\" data-element_type=\"column\" data-settings=\"{&quot;background_background&quot;:&quot;classic&quot;}\">\n\t\t\t<div class=\"elementor-widget-wrap elementor-element-populated\">\n\t\t\t\t\t\t<div class=\"elementor-element elementor-element-c2a8370 elementor-widget elementor-widget-image\" data-id=\"c2a8370\" data-element_type=\"widget\" data-widget_type=\"image.default\">\n\t\t\t\t<div class=\"elementor-widget-container\">\n\t\t\t\t\t\t\t\t\t\t\t\t\t\t\t<img fetchpriority=\"high\" decoding=\"async\" width=\"768\" height=\"432\" src=\"https:\/\/www.javeriana.edu.co\/muestrasartesjaveriana\/wp-content\/uploads\/2021\/02\/cierredeciclo_1-768x432.png\" class=\"attachment-medium_large size-medium_large wp-image-5547\" alt=\"\" srcset=\"https:\/\/www.javeriana.edu.co\/muestrasartesjaveriana\/wp-content\/uploads\/2021\/02\/cierredeciclo_1-768x432.png 768w, https:\/\/www.javeriana.edu.co\/muestrasartesjaveriana\/wp-content\/uploads\/2021\/02\/cierredeciclo_1-300x169.png 300w, https:\/\/www.javeriana.edu.co\/muestrasartesjaveriana\/wp-content\/uploads\/2021\/02\/cierredeciclo_1-1024x576.png 1024w, https:\/\/www.javeriana.edu.co\/muestrasartesjaveriana\/wp-content\/uploads\/2021\/02\/cierredeciclo_1-1536x864.png 1536w, https:\/\/www.javeriana.edu.co\/muestrasartesjaveriana\/wp-content\/uploads\/2021\/02\/cierredeciclo_1-2048x1152.png 2048w\" sizes=\"(max-width: 768px) 100vw, 768px\" \/>\t\t\t\t\t\t\t\t\t\t\t\t\t\t\t<\/div>\n\t\t\t\t<\/div>\n\t\t\t\t\t<\/div>\n\t\t<\/div>\n\t\t\t\t\t<\/div>\n\t\t<\/section>\n\t\t\t\t<section class=\"elementor-section elementor-top-section elementor-element elementor-element-b693b6a elementor-section-content-middle elementor-section-boxed elementor-section-height-default elementor-section-height-default\" data-id=\"b693b6a\" data-element_type=\"section\" data-settings=\"{&quot;background_background&quot;:&quot;classic&quot;}\">\n\t\t\t\t\t\t\t<div class=\"elementor-background-overlay\"><\/div>\n\t\t\t\t\t\t\t<div class=\"elementor-container elementor-column-gap-default\">\n\t\t\t\t\t<div class=\"elementor-column elementor-col-100 elementor-top-column elementor-element elementor-element-027aead\" data-id=\"027aead\" data-element_type=\"column\" data-settings=\"{&quot;background_background&quot;:&quot;classic&quot;}\">\n\t\t\t<div class=\"elementor-widget-wrap elementor-element-populated\">\n\t\t\t\t\t\t<div class=\"elementor-element elementor-element-968827a elementor-widget elementor-widget-text-editor\" data-id=\"968827a\" data-element_type=\"widget\" data-widget_type=\"text-editor.default\">\n\t\t\t\t<div class=\"elementor-widget-container\">\n\t\t\t\t\t\t\t\t\t<p style=\"text-align: center;\">La idea de repasar las ra\u00edces del Jazz desde la expresi\u00f3n de la danza y la m\u00fasica nos lleva a un recorrido a trav\u00e9s de la historia que nos da los referentes did\u00e1cticos para abordar tama\u00f1a cultura.<\/p><p style=\"text-align: center;\">De este modo comenzamos explorando los cimientos del \u00c1frica occidental y el posterior desarrollo de estas formas culturales en el Caribe colonial; interpretaciones sobre la amalgama de culturas europeas (dominantes), africanas y originarias de Am\u00e9rica (dominadas) lo cual nos lleva al caribe colombiano repasando el perfil matriarcal del bullerengue, la interpretaci\u00f3n de la revoluci\u00f3n de esclavos afrodescendientes en Hait\u00ed y finalmente el desarrollo de la m\u00fasica y el baile en Nueva Orleans; cuna de Jazz. La bambula y el Second line son referentes de este acto.\u00a0<\/p><p style=\"text-align: center;\">A continuaci\u00f3n, comienza el recorrido por el Misisipi donde abordamos el singular lamento del Blues, la evidencia social del Charleston y finalmente el Teatro Musical como resultado plenamente art\u00edstico de todo lo anteriormente experimentado.<\/p><p style=\"text-align: center;\">Todo lo anterior expresado fue acompa\u00f1ado de conceptos r\u00edtmicos y de expresi\u00f3n corporal hacia la danza caracterizando cada momento\/regi\u00f3n de la experiencia que titulamos: \u201cDanza y R\u00edtmica del Jazz\u201d.\u00a0<\/p>\t\t\t\t\t\t\t\t<\/div>\n\t\t\t\t<\/div>\n\t\t\t\t\t<\/div>\n\t\t<\/div>\n\t\t\t\t<div class=\"elementor-column elementor-col-100 elementor-top-column elementor-element elementor-element-cd0a267\" data-id=\"cd0a267\" data-element_type=\"column\" data-settings=\"{&quot;background_background&quot;:&quot;classic&quot;}\">\n\t\t\t<div class=\"elementor-widget-wrap elementor-element-populated\">\n\t\t\t\t\t\t<div class=\"elementor-element elementor-element-367398d elementor-widget elementor-widget-video\" data-id=\"367398d\" data-element_type=\"widget\" data-settings=\"{&quot;video_type&quot;:&quot;vimeo&quot;}\" data-widget_type=\"video.default\">\n\t\t\t\t<div class=\"elementor-widget-container\">\n\t\t\t\t\t\t\t<div class=\"elementor-wrapper elementor-open-inline\">\n\t\t\t<iframe class=\"elementor-video-iframe\" allowfullscreen allow=\"clipboard-write\" title=\"Reproductor de v\u00eddeo vimeo\" src=\"https:\/\/player.vimeo.com\/video\/516280963?color&amp;autopause=0&amp;loop=0&amp;muted=0&amp;title=0&amp;portrait=1&amp;byline=1&amp;h=1f10efa17e#t=\"><\/iframe>\t\t<\/div>\n\t\t\t\t\t\t<\/div>\n\t\t\t\t<\/div>\n\t\t\t\t\t<\/div>\n\t\t<\/div>\n\t\t\t\t\t<\/div>\n\t\t<\/section>\n\t\t\t\t<section class=\"elementor-section elementor-top-section elementor-element elementor-element-afa0754 elementor-section-boxed elementor-section-height-default elementor-section-height-default\" data-id=\"afa0754\" data-element_type=\"section\" data-settings=\"{&quot;background_background&quot;:&quot;classic&quot;}\">\n\t\t\t\t\t\t<div class=\"elementor-container elementor-column-gap-default\">\n\t\t\t\t\t<div class=\"elementor-column elementor-col-100 elementor-top-column elementor-element elementor-element-e35d6bd\" data-id=\"e35d6bd\" data-element_type=\"column\">\n\t\t\t<div class=\"elementor-widget-wrap elementor-element-populated\">\n\t\t\t\t\t\t<div class=\"elementor-element elementor-element-e014254 elementor-widget elementor-widget-video\" data-id=\"e014254\" data-element_type=\"widget\" data-settings=\"{&quot;video_type&quot;:&quot;vimeo&quot;}\" data-widget_type=\"video.default\">\n\t\t\t\t<div class=\"elementor-widget-container\">\n\t\t\t\t\t\t\t<div class=\"elementor-wrapper elementor-open-inline\">\n\t\t\t<iframe class=\"elementor-video-iframe\" allowfullscreen allow=\"clipboard-write\" title=\"Reproductor de v\u00eddeo vimeo\" src=\"https:\/\/player.vimeo.com\/video\/517345010?color&amp;autopause=0&amp;loop=0&amp;muted=0&amp;title=0&amp;portrait=1&amp;byline=1#t=\"><\/iframe>\t\t<\/div>\n\t\t\t\t\t\t<\/div>\n\t\t\t\t<\/div>\n\t\t\t\t\t<\/div>\n\t\t<\/div>\n\t\t\t\t\t<\/div>\n\t\t<\/section>\n\t\t\t\t<section class=\"elementor-section elementor-top-section elementor-element elementor-element-50c2eca elementor-section-boxed elementor-section-height-default elementor-section-height-default\" data-id=\"50c2eca\" data-element_type=\"section\" data-settings=\"{&quot;background_background&quot;:&quot;classic&quot;}\">\n\t\t\t\t\t\t<div class=\"elementor-container elementor-column-gap-default\">\n\t\t\t\t\t<div class=\"elementor-column elementor-col-100 elementor-top-column elementor-element elementor-element-e56fa69\" data-id=\"e56fa69\" data-element_type=\"column\" data-settings=\"{&quot;background_background&quot;:&quot;classic&quot;}\">\n\t\t\t<div class=\"elementor-widget-wrap elementor-element-populated\">\n\t\t\t\t\t\t<div class=\"elementor-element elementor-element-c478e01 elementor-widget elementor-widget-text-editor\" data-id=\"c478e01\" data-element_type=\"widget\" data-widget_type=\"text-editor.default\">\n\t\t\t\t<div class=\"elementor-widget-container\">\n\t\t\t\t\t\t\t\t\t<h3><span style=\"text-decoration: underline; color: #ffcc00;\"><strong>Ficha Art\u00edstica<\/strong><\/span><\/h3><div><strong>\u00a0<\/strong><\/div><p>Direcci\u00f3n General y Coreograf\u00eda: Gina Collazos @gicollazos<\/p><p>Direcci\u00f3n Musical e Investigaci\u00f3n: Rafael Lozina @rafalozina<\/p><p>M\u00fasicos invitados:<\/p><p>Guitarrista: Axl Chamber<\/p><p>Vocales: Gina Savino<\/p><p>Interpretes:<\/p><p>Nicol\u00e1s Osorio Medina<\/p><p>@nicolaso5o<\/p><p>Silvia Andrea Espejo Garz\u00f3n<\/p><p>@zambaprieta<\/p><p>Laura Andrea Manrique Nu\u00f1ez<\/p><p>@lauramanrique18<\/p><p>Juana Valentina Parra Fern\u00e1ndez<\/p><p>@juani_01vp<\/p><p>Natalia Pi\u00f1eres Castro<\/p><p>@naty_d23<\/p><p>Santiago Andres Gallo Roca<\/p><p>@Santi_gallo14<\/p><p>Lorenzo Andr\u00e9s Jim\u00e9nez<\/p><p>@lorenzo___j<\/p><p>Yohan Camilo Salazar Tob\u00f3n<\/p><p>@camisato24<\/p><p>Hannah Pamela Berm\u00fadez<\/p><p>@hannahbermudezr<\/p><p>Angela Mar\u00eda Rinc\u00f3n Uribe<\/p><p>@angelaa_rincon<\/p><p>Laura Mu\u00f1oz Ria\u00f1o<\/p><p>@kyou.kefi<\/p><p>Andrea Vanessa Naranjo Sepulveda<\/p><p>No tengo ig<\/p><p>Sof\u00eda Natale<\/p><p>@muchachaojosssdepapel<\/p><p>Mayra Alejandra Valenzuela casas<\/p><p>@wlustr<\/p><p>Daniela Cuellar Vega<\/p><p>@danielacuellarv<\/p>\t\t\t\t\t\t\t\t<\/div>\n\t\t\t\t<\/div>\n\t\t\t\t\t<\/div>\n\t\t<\/div>\n\t\t\t\t\t<\/div>\n\t\t<\/section>\n\t\t\t\t<section class=\"elementor-section elementor-top-section elementor-element elementor-element-459c2e4 elementor-section-boxed elementor-section-height-default elementor-section-height-default\" data-id=\"459c2e4\" data-element_type=\"section\" data-settings=\"{&quot;background_background&quot;:&quot;classic&quot;}\">\n\t\t\t\t\t\t<div class=\"elementor-container elementor-column-gap-default\">\n\t\t\t\t\t<div class=\"elementor-column elementor-col-100 elementor-top-column elementor-element elementor-element-78be906\" data-id=\"78be906\" data-element_type=\"column\">\n\t\t\t<div class=\"elementor-widget-wrap\">\n\t\t\t\t\t\t\t<\/div>\n\t\t<\/div>\n\t\t\t\t\t<\/div>\n\t\t<\/section>\n\t\t\t\t<\/div>\n\t\t","protected":false},"excerpt":{"rendered":"<p>La idea de repasar las ra\u00edces del Jazz desde la expresi\u00f3n de la danza y la m\u00fasica nos lleva a un recorrido a trav\u00e9s de la historia que nos da los referentes did\u00e1cticos para abordar tama\u00f1a cultura. De este modo comenzamos explorando los cimientos del \u00c1frica occidental y el posterior desarrollo de estas formas culturales&hellip;&nbsp;<a href=\"https:\/\/www.javeriana.edu.co\/muestrasartesjaveriana\/cierre-de-ciclo-basico-danza-y-ritmica-del-jazz\/\" class=\"\" rel=\"bookmark\">Leer m\u00e1s &raquo;<span class=\"screen-reader-text\">Cierre de Ciclo B\u00e1sico &#8220;Danza y R\u00edtmica del Jazz&#8221;<\/span><\/a><\/p>\n","protected":false},"author":1,"featured_media":0,"parent":0,"menu_order":0,"comment_status":"closed","ping_status":"closed","template":"page-templates\/template-pagebuilder-full-width.php","meta":{"_coblocks_attr":"","_coblocks_dimensions":"","_coblocks_responsive_height":"","_coblocks_accordion_ie_support":"","neve_meta_sidebar":"full-width","neve_meta_container":"","neve_meta_enable_content_width":"on","neve_meta_content_width":100,"neve_meta_title_alignment":"","neve_meta_author_avatar":"","neve_post_elements_order":"","neve_meta_disable_header":"","neve_meta_disable_footer":"","neve_meta_disable_title":"","footnotes":""},"_links":{"self":[{"href":"https:\/\/www.javeriana.edu.co\/muestrasartesjaveriana\/wp-json\/wp\/v2\/pages\/5545"}],"collection":[{"href":"https:\/\/www.javeriana.edu.co\/muestrasartesjaveriana\/wp-json\/wp\/v2\/pages"}],"about":[{"href":"https:\/\/www.javeriana.edu.co\/muestrasartesjaveriana\/wp-json\/wp\/v2\/types\/page"}],"author":[{"embeddable":true,"href":"https:\/\/www.javeriana.edu.co\/muestrasartesjaveriana\/wp-json\/wp\/v2\/users\/1"}],"replies":[{"embeddable":true,"href":"https:\/\/www.javeriana.edu.co\/muestrasartesjaveriana\/wp-json\/wp\/v2\/comments?post=5545"}],"version-history":[{"count":89,"href":"https:\/\/www.javeriana.edu.co\/muestrasartesjaveriana\/wp-json\/wp\/v2\/pages\/5545\/revisions"}],"predecessor-version":[{"id":5905,"href":"https:\/\/www.javeriana.edu.co\/muestrasartesjaveriana\/wp-json\/wp\/v2\/pages\/5545\/revisions\/5905"}],"wp:attachment":[{"href":"https:\/\/www.javeriana.edu.co\/muestrasartesjaveriana\/wp-json\/wp\/v2\/media?parent=5545"}],"curies":[{"name":"wp","href":"https:\/\/api.w.org\/{rel}","templated":true}]}}