{"id":5727,"date":"2021-03-01T17:43:30","date_gmt":"2021-03-01T22:43:30","guid":{"rendered":"https:\/\/www.javeriana.edu.co\/muestrasartesjaveriana\/?page_id=5727"},"modified":"2021-03-01T17:51:26","modified_gmt":"2021-03-01T22:51:26","slug":"devenir-perreo","status":"publish","type":"page","link":"https:\/\/www.javeriana.edu.co\/muestrasartesjaveriana\/devenir-perreo\/","title":{"rendered":"Devenir Perreo"},"content":{"rendered":"\t\t<div data-elementor-type=\"wp-page\" data-elementor-id=\"5727\" class=\"elementor elementor-5727\">\n\t\t\t\t\t\t<section class=\"elementor-section elementor-top-section elementor-element elementor-element-4bf8310 elementor-section-boxed elementor-section-height-default elementor-section-height-default\" data-id=\"4bf8310\" data-element_type=\"section\" data-settings=\"{&quot;background_background&quot;:&quot;classic&quot;}\">\n\t\t\t\t\t\t<div class=\"elementor-container elementor-column-gap-default\">\n\t\t\t\t\t<div class=\"elementor-column elementor-col-100 elementor-top-column elementor-element elementor-element-4dc3342\" data-id=\"4dc3342\" data-element_type=\"column\">\n\t\t\t<div class=\"elementor-widget-wrap elementor-element-populated\">\n\t\t\t\t\t\t<div class=\"elementor-element elementor-element-df75e59 elementor-widget elementor-widget-heading\" data-id=\"df75e59\" data-element_type=\"widget\" data-widget_type=\"heading.default\">\n\t\t\t\t<div class=\"elementor-widget-container\">\n\t\t\t\t\t<h2 class=\"elementor-heading-title elementor-size-default\">Devenir Perreo<\/h2>\t\t\t\t<\/div>\n\t\t\t\t<\/div>\n\t\t\t\t<div class=\"elementor-element elementor-element-44e8d22 elementor-widget elementor-widget-text-editor\" data-id=\"44e8d22\" data-element_type=\"widget\" data-widget_type=\"text-editor.default\">\n\t\t\t\t<div class=\"elementor-widget-container\">\n\t\t\t\t\t\t\t\t\t<div style=\"margin: 0px; padding: 0px; user-select: text; -webkit-user-drag: none; -webkit-tap-highlight-color: transparent; overflow: visible; cursor: text; clear: both; position: relative; direction: ltr; color: #000000; font-family: 'Segoe UI', 'Segoe UI Web', Arial, Verdana, sans-serif; font-size: 12px;\"><p style=\"margin-bottom: 0px; user-select: text; -webkit-user-drag: none; -webkit-tap-highlight-color: transparent; overflow-wrap: break-word; vertical-align: baseline; font-kerning: none; background-color: transparent; color: windowtext; text-align: justify;\"><span lang=\"ES-ES\" style=\"margin: 0px; padding: 0px; user-select: text; -webkit-user-drag: none; -webkit-tap-highlight-color: transparent; font-variant-ligatures: none !important; font-size: 12pt; line-height: 19.425px; font-family: 'Times New Roman', 'Times New Roman_EmbeddedFont', 'Times New Roman_MSFontService', serif;\" xml:lang=\"ES-ES\" data-contrast=\"auto\">Devenir Perreo\u00a0<\/span><span lang=\"ES-ES\" style=\"margin: 0px; padding: 0px; user-select: text; -webkit-user-drag: none; -webkit-tap-highlight-color: transparent; font-variant-ligatures: none !important; font-size: 12pt; line-height: 19.425px; font-family: 'Times New Roman', 'Times New Roman_EmbeddedFont', 'Times New Roman_MSFontService', serif;\" xml:lang=\"ES-ES\" data-contrast=\"auto\">es un ladrido\u00a0<\/span><span lang=\"ES-ES\" style=\"margin: 0px; padding: 0px; user-select: text; -webkit-user-drag: none; -webkit-tap-highlight-color: transparent; font-variant-ligatures: none !important; font-size: 12pt; line-height: 19.425px; font-family: 'Times New Roman', 'Times New Roman_EmbeddedFont', 'Times New Roman_MSFontService', serif;\" xml:lang=\"ES-ES\" data-contrast=\"auto\">desde el culo<\/span><span lang=\"ES-ES\" style=\"margin: 0px; padding: 0px; user-select: text; -webkit-user-drag: none; -webkit-tap-highlight-color: transparent; font-variant-ligatures: none !important; font-size: 12pt; line-height: 19.425px; font-family: 'Times New Roman', 'Times New Roman_EmbeddedFont', 'Times New Roman_MSFontService', serif;\" xml:lang=\"ES-ES\" data-contrast=\"auto\">, con rabia<\/span><span lang=\"ES-ES\" style=\"margin: 0px; padding: 0px; user-select: text; -webkit-user-drag: none; -webkit-tap-highlight-color: transparent; font-variant-ligatures: none !important; font-size: 12pt; line-height: 19.425px; font-family: 'Times New Roman', 'Times New Roman_EmbeddedFont', 'Times New Roman_MSFontService', serif;\" xml:lang=\"ES-ES\" data-contrast=\"auto\">,<\/span><span lang=\"ES-ES\" style=\"margin: 0px; padding: 0px; user-select: text; -webkit-user-drag: none; -webkit-tap-highlight-color: transparent; font-variant-ligatures: none !important; font-size: 12pt; line-height: 19.425px; font-family: 'Times New Roman', 'Times New Roman_EmbeddedFont', 'Times New Roman_MSFontService', serif;\" xml:lang=\"ES-ES\" data-contrast=\"auto\">\u00a0con cari\u00f1o<\/span><span lang=\"ES-ES\" style=\"margin: 0px; padding: 0px; user-select: text; -webkit-user-drag: none; -webkit-tap-highlight-color: transparent; font-variant-ligatures: none !important; font-size: 12pt; line-height: 19.425px; font-family: 'Times New Roman', 'Times New Roman_EmbeddedFont', 'Times New Roman_MSFontService', serif;\" xml:lang=\"ES-ES\" data-contrast=\"auto\">, con el\u00e9ctrica groser\u00eda para el deleite del espectador<\/span><span lang=\"ES-ES\" style=\"margin: 0px; padding: 0px; user-select: text; -webkit-user-drag: none; -webkit-tap-highlight-color: transparent; font-variant-ligatures: none !important; font-size: 12pt; line-height: 19.425px; font-family: 'Times New Roman', 'Times New Roman_EmbeddedFont', 'Times New Roman_MSFontService', serif;\" xml:lang=\"ES-ES\" data-contrast=\"auto\">.<\/span><span lang=\"ES-ES\" style=\"margin: 0px; padding: 0px; user-select: text; -webkit-user-drag: none; -webkit-tap-highlight-color: transparent; font-variant-ligatures: none !important; font-size: 12pt; line-height: 19.425px; font-family: 'Times New Roman', 'Times New Roman_EmbeddedFont', 'Times New Roman_MSFontService', serif;\" xml:lang=\"ES-ES\" data-contrast=\"auto\">\u00a0Me apropio del reguet\u00f3<\/span><span lang=\"ES-ES\" style=\"margin: 0px; padding: 0px; user-select: text; -webkit-user-drag: none; -webkit-tap-highlight-color: transparent; font-variant-ligatures: none !important; font-size: 12pt; line-height: 19.425px; font-family: 'Times New Roman', 'Times New Roman_EmbeddedFont', 'Times New Roman_MSFontService', serif;\" xml:lang=\"ES-ES\" data-contrast=\"auto\">n, l<\/span><span lang=\"ES-ES\" style=\"margin: 0px; padding: 0px; user-select: text; -webkit-user-drag: none; -webkit-tap-highlight-color: transparent; font-variant-ligatures: none !important; font-size: 12pt; line-height: 19.425px; font-family: 'Times New Roman', 'Times New Roman_EmbeddedFont', 'Times New Roman_MSFontService', serif;\" xml:lang=\"ES-ES\" data-contrast=\"auto\">o usurpo para cumplir mis<\/span><span lang=\"ES-ES\" style=\"margin: 0px; padding: 0px; user-select: text; -webkit-user-drag: none; -webkit-tap-highlight-color: transparent; font-variant-ligatures: none !important; font-size: 12pt; line-height: 19.425px; font-family: 'Times New Roman', 'Times New Roman_EmbeddedFont', 'Times New Roman_MSFontService', serif;\" xml:lang=\"ES-ES\" data-contrast=\"auto\">\u00a0m\u00e1s<\/span><span lang=\"ES-ES\" style=\"margin: 0px; padding: 0px; user-select: text; -webkit-user-drag: none; -webkit-tap-highlight-color: transparent; font-variant-ligatures: none !important; font-size: 12pt; line-height: 19.425px; font-family: 'Times New Roman', 'Times New Roman_EmbeddedFont', 'Times New Roman_MSFontService', serif;\" xml:lang=\"ES-ES\" data-contrast=\"auto\">\u00a0torcida<\/span><span lang=\"ES-ES\" style=\"margin: 0px; padding: 0px; user-select: text; -webkit-user-drag: none; -webkit-tap-highlight-color: transparent; font-variant-ligatures: none !important; font-size: 12pt; line-height: 19.425px; font-family: 'Times New Roman', 'Times New Roman_EmbeddedFont', 'Times New Roman_MSFontService', serif;\" xml:lang=\"ES-ES\" data-contrast=\"auto\">s\u00a0<\/span><span lang=\"ES-ES\" style=\"margin: 0px; padding: 0px; user-select: text; -webkit-user-drag: none; -webkit-tap-highlight-color: transparent; font-variant-ligatures: none !important; font-size: 12pt; line-height: 19.425px; font-family: 'Times New Roman', 'Times New Roman_EmbeddedFont', 'Times New Roman_MSFontService', serif;\" xml:lang=\"ES-ES\" data-contrast=\"auto\">intenciones<\/span><span lang=\"ES-ES\" style=\"margin: 0px; padding: 0px; user-select: text; -webkit-user-drag: none; -webkit-tap-highlight-color: transparent; font-variant-ligatures: none !important; font-size: 12pt; line-height: 19.425px; font-family: 'Times New Roman', 'Times New Roman_EmbeddedFont', 'Times New Roman_MSFontService', serif;\" xml:lang=\"ES-ES\" data-contrast=\"auto\">. El r\u00e9gimen del perreo se lo expropio al machito\u00a0<\/span><span lang=\"ES-ES\" style=\"margin: 0px; padding: 0px; user-select: text; -webkit-user-drag: none; -webkit-tap-highlight-color: transparent; font-variant-ligatures: none !important; font-size: 12pt; line-height: 19.425px; font-family: 'Times New Roman', 'Times New Roman_EmbeddedFont', 'Times New Roman_MSFontService', serif;\" xml:lang=\"ES-ES\" data-contrast=\"auto\">de caderas tiesas<\/span><span lang=\"ES-ES\" style=\"margin: 0px; padding: 0px; user-select: text; -webkit-user-drag: none; -webkit-tap-highlight-color: transparent; font-variant-ligatures: none !important; font-size: 12pt; line-height: 19.425px; font-family: 'Times New Roman', 'Times New Roman_EmbeddedFont', 'Times New Roman_MSFontService', serif;\" xml:lang=\"ES-ES\" data-contrast=\"auto\">, y lo reclamo\u00a0<\/span><span lang=\"ES-ES\" style=\"margin: 0px; padding: 0px; user-select: text; -webkit-user-drag: none; -webkit-tap-highlight-color: transparent; font-variant-ligatures: none !important; font-size: 12pt; line-height: 19.425px; font-family: 'Times New Roman', 'Times New Roman_EmbeddedFont', 'Times New Roman_MSFontService', serif;\" xml:lang=\"ES-ES\" data-contrast=\"auto\">con un mordisco<\/span><span lang=\"ES-ES\" style=\"margin: 0px; padding: 0px; user-select: text; -webkit-user-drag: none; -webkit-tap-highlight-color: transparent; font-variant-ligatures: none !important; font-size: 12pt; line-height: 19.425px; font-family: 'Times New Roman', 'Times New Roman_EmbeddedFont', 'Times New Roman_MSFontService', serif;\" xml:lang=\"ES-ES\" data-contrast=\"auto\">,<\/span><span lang=\"ES-ES\" style=\"margin: 0px; padding: 0px; user-select: text; -webkit-user-drag: none; -webkit-tap-highlight-color: transparent; font-variant-ligatures: none !important; font-size: 12pt; line-height: 19.425px; font-family: 'Times New Roman', 'Times New Roman_EmbeddedFont', 'Times New Roman_MSFontService', serif;\" xml:lang=\"ES-ES\" data-contrast=\"auto\">\u00a0batiendo la cola<\/span><span lang=\"ES-ES\" style=\"margin: 0px; padding: 0px; user-select: text; -webkit-user-drag: none; -webkit-tap-highlight-color: transparent; font-variant-ligatures: none !important; font-size: 12pt; line-height: 19.425px; font-family: 'Times New Roman', 'Times New Roman_EmbeddedFont', 'Times New Roman_MSFontService', serif;\" xml:lang=\"ES-ES\" data-contrast=\"auto\">.<\/span><span lang=\"ES-ES\" style=\"margin: 0px; padding: 0px; user-select: text; -webkit-user-drag: none; -webkit-tap-highlight-color: transparent; font-variant-ligatures: none !important; font-size: 12pt; line-height: 19.425px; font-family: 'Times New Roman', 'Times New Roman_EmbeddedFont', 'Times New Roman_MSFontService', serif;\" xml:lang=\"ES-ES\" data-contrast=\"auto\">\u00a0<\/span><span lang=\"ES-ES\" style=\"margin: 0px; padding: 0px; user-select: text; -webkit-user-drag: none; -webkit-tap-highlight-color: transparent; font-variant-ligatures: none !important; font-size: 12pt; line-height: 19.425px; font-family: 'Times New Roman', 'Times New Roman_EmbeddedFont', 'Times New Roman_MSFontService', serif;\" xml:lang=\"ES-ES\" data-contrast=\"auto\">Me interesa el perreo como parte de un repertorio propio de la cultura Latina contempor\u00e1nea.<\/span><span lang=\"ES-ES\" style=\"margin: 0px; padding: 0px; user-select: text; -webkit-user-drag: none; -webkit-tap-highlight-color: transparent; font-variant-ligatures: none !important; font-size: 12pt; line-height: 19.425px; font-family: 'Times New Roman', 'Times New Roman_EmbeddedFont', 'Times New Roman_MSFontService', serif;\" xml:lang=\"ES-ES\" data-contrast=\"auto\">\u00a0Parto de la resistencia del<\/span><span lang=\"ES-ES\" style=\"margin: 0px; padding: 0px; user-select: text; -webkit-user-drag: none; -webkit-tap-highlight-color: transparent; font-variant-ligatures: none !important; font-size: 12pt; line-height: 19.425px; font-family: 'Times New Roman', 'Times New Roman_EmbeddedFont', 'Times New Roman_MSFontService', serif;\" xml:lang=\"ES-ES\" data-contrast=\"auto\">\u00a0cuerpo\u00a0<\/span><span lang=\"ES-ES\" style=\"margin: 0px; padding: 0px; user-select: text; -webkit-user-drag: none; -webkit-tap-highlight-color: transparent; font-variant-ligatures: none !important; font-size: 12pt; line-height: 19.425px; font-family: 'Times New Roman', 'Times New Roman_EmbeddedFont', 'Times New Roman_MSFontService', serif;\" xml:lang=\"ES-ES\" data-contrast=\"auto\"><span style=\"margin: 0px; padding: 0px; user-select: text; -webkit-user-drag: none; -webkit-tap-highlight-color: transparent; background-repeat: repeat-x; background-position: left bottom; border-bottom: 1px solid transparent; background-color: inherit;\">enfarrado<\/span><\/span><span lang=\"ES-ES\" style=\"margin: 0px; padding: 0px; user-select: text; -webkit-user-drag: none; -webkit-tap-highlight-color: transparent; font-variant-ligatures: none !important; font-size: 12pt; line-height: 19.425px; font-family: 'Times New Roman', 'Times New Roman_EmbeddedFont', 'Times New Roman_MSFontService', serif;\" xml:lang=\"ES-ES\" data-contrast=\"auto\">, del movimiento p\u00e9<\/span><span lang=\"ES-ES\" style=\"margin: 0px; padding: 0px; user-select: text; -webkit-user-drag: none; -webkit-tap-highlight-color: transparent; font-variant-ligatures: none !important; font-size: 12pt; line-height: 19.425px; font-family: 'Times New Roman', 'Times New Roman_EmbeddedFont', 'Times New Roman_MSFontService', serif;\" xml:lang=\"ES-ES\" data-contrast=\"auto\">lvico, del extra\u00f1amiento, la exageraci\u00f3n y la parodia.<\/span><span lang=\"ES-ES\" style=\"margin: 0px; padding: 0px; user-select: text; -webkit-user-drag: none; -webkit-tap-highlight-color: transparent; font-variant-ligatures: none !important; font-size: 12pt; line-height: 19.425px; font-family: 'Times New Roman', 'Times New Roman_EmbeddedFont', 'Times New Roman_MSFontService', serif;\" xml:lang=\"ES-ES\" data-contrast=\"auto\">\u00a0Mi perreo es uno mutante, deformado por la danza contempor\u00e1nea. Pero m\u00e1s que enaltecer o buscar legitimar el perreo<\/span><span lang=\"ES-ES\" style=\"margin: 0px; padding: 0px; user-select: text; -webkit-user-drag: none; -webkit-tap-highlight-color: transparent; font-variant-ligatures: none !important; font-size: 12pt; line-height: 19.425px; font-family: 'Times New Roman', 'Times New Roman_EmbeddedFont', 'Times New Roman_MSFontService', serif;\" xml:lang=\"ES-ES\" data-contrast=\"auto\">\u00a0con los discursos del arte acad\u00e9mico<\/span><span lang=\"ES-ES\" style=\"margin: 0px; padding: 0px; user-select: text; -webkit-user-drag: none; -webkit-tap-highlight-color: transparent; font-variant-ligatures: none !important; font-size: 12pt; line-height: 19.425px; font-family: 'Times New Roman', 'Times New Roman_EmbeddedFont', 'Times New Roman_MSFontService', serif;\" xml:lang=\"ES-ES\" data-contrast=\"auto\"><span style=\"margin: 0px; padding: 0px; user-select: text; -webkit-user-drag: none; -webkit-tap-highlight-color: transparent; background-color: inherit;\">, me interesa ensuciar el\u00a0<\/span><span style=\"margin: 0px; padding: 0px; user-select: text; -webkit-user-drag: none; -webkit-tap-highlight-color: transparent; background-repeat: repeat-x; background-position: left bottom; border-bottom: 1px solid transparent; background-color: inherit;\">contempo<\/span><span style=\"margin: 0px; padding: 0px; user-select: text; -webkit-user-drag: none; -webkit-tap-highlight-color: transparent; background-color: inherit;\">\u00a0con\u00a0<\/span><\/span><span lang=\"ES-ES\" style=\"margin: 0px; padding: 0px; user-select: text; -webkit-user-drag: none; -webkit-tap-highlight-color: transparent; font-variant-ligatures: none !important; font-size: 12pt; line-height: 19.425px; font-family: 'Times New Roman', 'Times New Roman_EmbeddedFont', 'Times New Roman_MSFontService', serif;\" xml:lang=\"ES-ES\" data-contrast=\"auto\">una\u00a0<\/span><span lang=\"ES-ES\" style=\"margin: 0px; padding: 0px; user-select: text; -webkit-user-drag: none; -webkit-tap-highlight-color: transparent; font-variant-ligatures: none !important; font-size: 12pt; line-height: 19.425px; font-family: 'Times New Roman', 'Times New Roman_EmbeddedFont', 'Times New Roman_MSFontService', serif;\" xml:lang=\"ES-ES\" data-contrast=\"auto\">semi\u00f3tica obscena\u00a0<\/span><span lang=\"ES-ES\" style=\"margin: 0px; padding: 0px; user-select: text; -webkit-user-drag: none; -webkit-tap-highlight-color: transparent; font-variant-ligatures: none !important; font-size: 12pt; line-height: 19.425px; font-family: 'Times New Roman', 'Times New Roman_EmbeddedFont', 'Times New Roman_MSFontService', serif;\" xml:lang=\"ES-ES\" data-contrast=\"auto\">que decepcionar\u00eda a cualquier padre<\/span><span lang=\"ES-ES\" style=\"margin: 0px; padding: 0px; user-select: text; -webkit-user-drag: none; -webkit-tap-highlight-color: transparent; font-variant-ligatures: none !important; font-size: 12pt; line-height: 19.425px; font-family: 'Times New Roman', 'Times New Roman_EmbeddedFont', 'Times New Roman_MSFontService', serif;\" xml:lang=\"ES-ES\" data-contrast=\"auto\">, madre<\/span><span lang=\"ES-ES\" style=\"margin: 0px; padding: 0px; user-select: text; -webkit-user-drag: none; -webkit-tap-highlight-color: transparent; font-variant-ligatures: none !important; font-size: 12pt; line-height: 19.425px; font-family: 'Times New Roman', 'Times New Roman_EmbeddedFont', 'Times New Roman_MSFontService', serif;\" xml:lang=\"ES-ES\" data-contrast=\"auto\">\u00a0o representante legal<\/span><span lang=\"ES-ES\" style=\"margin: 0px; padding: 0px; user-select: text; -webkit-user-drag: none; -webkit-tap-highlight-color: transparent; font-variant-ligatures: none !important; font-size: 12pt; line-height: 19.425px; font-family: 'Times New Roman', 'Times New Roman_EmbeddedFont', 'Times New Roman_MSFontService', serif;\" xml:lang=\"ES-ES\" data-contrast=\"auto\">.\u00a0<\/span><span style=\"margin: 0px; padding: 0px; user-select: text; -webkit-user-drag: none; -webkit-tap-highlight-color: transparent; font-size: 12pt; line-height: 19.425px; font-family: 'Times New Roman', 'Times New Roman_EmbeddedFont', 'Times New Roman_MSFontService', serif;\" data-ccp-props=\"{&quot;335551550&quot;:6,&quot;335551620&quot;:6}\">\u00a0<\/span><\/p><\/div><div style=\"margin: 0px; padding: 0px; user-select: text; -webkit-user-drag: none; -webkit-tap-highlight-color: transparent; overflow: visible; cursor: text; clear: both; position: relative; direction: ltr; color: #000000; font-family: 'Segoe UI', 'Segoe UI Web', Arial, Verdana, sans-serif; font-size: 12px;\"><p style=\"margin-bottom: 0px; user-select: text; -webkit-user-drag: none; -webkit-tap-highlight-color: transparent; overflow-wrap: break-word; vertical-align: baseline; font-kerning: none; background-color: transparent; color: windowtext; text-align: justify;\"><span style=\"margin: 0px; padding: 0px; user-select: text; -webkit-user-drag: none; -webkit-tap-highlight-color: transparent; font-size: 12pt; line-height: 19.425px; font-family: 'Times New Roman', 'Times New Roman_EmbeddedFont', 'Times New Roman_MSFontService', serif;\" data-ccp-props=\"{&quot;335551550&quot;:6,&quot;335551620&quot;:6}\">\u00a0<\/span><\/p><\/div><div style=\"margin: 0px; padding: 0px; user-select: text; -webkit-user-drag: none; -webkit-tap-highlight-color: transparent; overflow: visible; cursor: text; clear: both; position: relative; direction: ltr; color: #000000; font-family: 'Segoe UI', 'Segoe UI Web', Arial, Verdana, sans-serif; font-size: 12px;\"><p style=\"margin-bottom: 0px; user-select: text; -webkit-user-drag: none; -webkit-tap-highlight-color: transparent; overflow-wrap: break-word; vertical-align: baseline; font-kerning: none; background-color: transparent; color: windowtext; text-align: justify;\"><u><span lang=\"ES-ES\" style=\"margin: 0px; padding: 0px; user-select: text; -webkit-user-drag: none; -webkit-tap-highlight-color: transparent; font-variant-ligatures: none !important; font-size: 12pt; line-height: 19.425px; font-family: 'Times New Roman', 'Times New Roman_EmbeddedFont', 'Times New Roman_MSFontService', serif;\" xml:lang=\"ES-ES\" data-contrast=\"auto\">Con mucho cari\u00f1o:\u00a0<\/span><span lang=\"ES-ES\" style=\"margin: 0px; padding: 0px; user-select: text; -webkit-user-drag: none; -webkit-tap-highlight-color: transparent; font-variant-ligatures: none !important; font-size: 12pt; line-height: 19.425px; font-family: 'Times New Roman', 'Times New Roman_EmbeddedFont', 'Times New Roman_MSFontService', serif;\" xml:lang=\"ES-ES\" data-contrast=\"auto\">Devenir Perreo<\/span><span style=\"margin: 0px; padding: 0px; user-select: text; -webkit-user-drag: none; -webkit-tap-highlight-color: transparent; font-size: 12pt; line-height: 19.425px; font-family: 'Times New Roman', 'Times New Roman_EmbeddedFont', 'Times New Roman_MSFontService', serif;\" data-ccp-props=\"{&quot;335551550&quot;:6,&quot;335551620&quot;:6}\">\u00a0<\/span><\/u><\/p><\/div>\t\t\t\t\t\t\t\t<\/div>\n\t\t\t\t<\/div>\n\t\t\t\t<div class=\"elementor-element elementor-element-92d1e92 elementor-widget elementor-widget-video\" data-id=\"92d1e92\" data-element_type=\"widget\" data-settings=\"{&quot;video_type&quot;:&quot;vimeo&quot;}\" data-widget_type=\"video.default\">\n\t\t\t\t<div class=\"elementor-widget-container\">\n\t\t\t\t\t\t\t<div class=\"elementor-wrapper elementor-open-inline\">\n\t\t\t<iframe class=\"elementor-video-iframe\" allowfullscreen allow=\"clipboard-write\" title=\"Reproductor de v\u00eddeo vimeo\" src=\"https:\/\/player.vimeo.com\/video\/517187953?color&amp;autopause=0&amp;loop=0&amp;muted=0&amp;title=1&amp;portrait=1&amp;byline=1&amp;h=00d4d7c19f#t=\"><\/iframe>\t\t<\/div>\n\t\t\t\t\t\t<\/div>\n\t\t\t\t<\/div>\n\t\t\t\t<div class=\"elementor-element elementor-element-28018bc elementor-widget elementor-widget-text-editor\" data-id=\"28018bc\" data-element_type=\"widget\" data-widget_type=\"text-editor.default\">\n\t\t\t\t<div class=\"elementor-widget-container\">\n\t\t\t\t\t\t\t\t\t<p><span style=\"color: #ffffff;\">M\u00fasica:\u00a0<\/span><\/p><p><span style=\"color: #ffffff;\">La\u00a0Ch\u00edqui, Arca\u00a0<\/span><\/p><p><span style=\"color: #ffffff;\">Asesina, Aldo\u00a0Ranks\u00a0<\/span><\/p><p><span style=\"color: #ffffff;\">Perreo Ven\u00e9reo, Indecencia Transg\u00e9nica\u00a0<\/span><\/p>\t\t\t\t\t\t\t\t<\/div>\n\t\t\t\t<\/div>\n\t\t\t\t\t<\/div>\n\t\t<\/div>\n\t\t\t\t\t<\/div>\n\t\t<\/section>\n\t\t\t\t<\/div>\n\t\t","protected":false},"excerpt":{"rendered":"<p>Devenir Perreo Devenir Perreo\u00a0es un ladrido\u00a0desde el culo, con rabia,\u00a0con cari\u00f1o, con el\u00e9ctrica groser\u00eda para el deleite del espectador.\u00a0Me apropio del reguet\u00f3n, lo usurpo para cumplir mis\u00a0m\u00e1s\u00a0torcidas\u00a0intenciones. El r\u00e9gimen del perreo se lo expropio al machito\u00a0de caderas tiesas, y lo reclamo\u00a0con un mordisco,\u00a0batiendo la cola.\u00a0Me interesa el perreo como parte de un repertorio propio de&hellip;&nbsp;<a href=\"https:\/\/www.javeriana.edu.co\/muestrasartesjaveriana\/devenir-perreo\/\" class=\"\" rel=\"bookmark\">Leer m\u00e1s &raquo;<span class=\"screen-reader-text\">Devenir Perreo<\/span><\/a><\/p>\n","protected":false},"author":1,"featured_media":0,"parent":0,"menu_order":0,"comment_status":"closed","ping_status":"closed","template":"page-templates\/template-pagebuilder-full-width.php","meta":{"_coblocks_attr":"","_coblocks_dimensions":"","_coblocks_responsive_height":"","_coblocks_accordion_ie_support":"","neve_meta_sidebar":"full-width","neve_meta_container":"","neve_meta_enable_content_width":"on","neve_meta_content_width":100,"neve_meta_title_alignment":"","neve_meta_author_avatar":"","neve_post_elements_order":"","neve_meta_disable_header":"","neve_meta_disable_footer":"","neve_meta_disable_title":"","footnotes":""},"_links":{"self":[{"href":"https:\/\/www.javeriana.edu.co\/muestrasartesjaveriana\/wp-json\/wp\/v2\/pages\/5727"}],"collection":[{"href":"https:\/\/www.javeriana.edu.co\/muestrasartesjaveriana\/wp-json\/wp\/v2\/pages"}],"about":[{"href":"https:\/\/www.javeriana.edu.co\/muestrasartesjaveriana\/wp-json\/wp\/v2\/types\/page"}],"author":[{"embeddable":true,"href":"https:\/\/www.javeriana.edu.co\/muestrasartesjaveriana\/wp-json\/wp\/v2\/users\/1"}],"replies":[{"embeddable":true,"href":"https:\/\/www.javeriana.edu.co\/muestrasartesjaveriana\/wp-json\/wp\/v2\/comments?post=5727"}],"version-history":[{"count":7,"href":"https:\/\/www.javeriana.edu.co\/muestrasartesjaveriana\/wp-json\/wp\/v2\/pages\/5727\/revisions"}],"predecessor-version":[{"id":5734,"href":"https:\/\/www.javeriana.edu.co\/muestrasartesjaveriana\/wp-json\/wp\/v2\/pages\/5727\/revisions\/5734"}],"wp:attachment":[{"href":"https:\/\/www.javeriana.edu.co\/muestrasartesjaveriana\/wp-json\/wp\/v2\/media?parent=5727"}],"curies":[{"name":"wp","href":"https:\/\/api.w.org\/{rel}","templated":true}]}}