{"id":7864,"date":"2021-05-25T22:55:34","date_gmt":"2021-05-26T03:55:34","guid":{"rendered":"https:\/\/www.javeriana.edu.co\/muestrasartesjaveriana\/?page_id=7864"},"modified":"2021-06-03T13:12:55","modified_gmt":"2021-06-03T18:12:55","slug":"tierra","status":"publish","type":"page","link":"https:\/\/www.javeriana.edu.co\/muestrasartesjaveriana\/tierra\/","title":{"rendered":"Tierra"},"content":{"rendered":"\t\t<div data-elementor-type=\"wp-page\" data-elementor-id=\"7864\" class=\"elementor elementor-7864\">\n\t\t\t\t\t\t<section class=\"elementor-section elementor-top-section elementor-element elementor-element-f99caa3 elementor-section-full_width elementor-hidden-phone elementor-section-height-default elementor-section-height-default\" data-id=\"f99caa3\" data-element_type=\"section\" data-settings=\"{&quot;background_background&quot;:&quot;classic&quot;}\">\n\t\t\t\t\t\t<div class=\"elementor-container elementor-column-gap-default\">\n\t\t\t\t\t<div class=\"elementor-column elementor-col-100 elementor-top-column elementor-element elementor-element-aa60032\" data-id=\"aa60032\" data-element_type=\"column\">\n\t\t\t<div class=\"elementor-widget-wrap elementor-element-populated\">\n\t\t\t\t\t\t<section class=\"elementor-section elementor-inner-section elementor-element elementor-element-c01fe35 elementor-section-full_width elementor-section-height-default elementor-section-height-default\" data-id=\"c01fe35\" data-element_type=\"section\">\n\t\t\t\t\t\t<div class=\"elementor-container elementor-column-gap-default\">\n\t\t\t\t\t<div class=\"elementor-column elementor-col-33 elementor-inner-column elementor-element elementor-element-97dc3de\" data-id=\"97dc3de\" data-element_type=\"column\">\n\t\t\t<div class=\"elementor-widget-wrap elementor-element-populated\">\n\t\t\t\t\t\t<div class=\"elementor-element elementor-element-8733972 elementor-widget elementor-widget-spacer\" data-id=\"8733972\" data-element_type=\"widget\" data-widget_type=\"spacer.default\">\n\t\t\t\t<div class=\"elementor-widget-container\">\n\t\t\t\t\t\t\t<div class=\"elementor-spacer\">\n\t\t\t<div class=\"elementor-spacer-inner\"><\/div>\n\t\t<\/div>\n\t\t\t\t\t\t<\/div>\n\t\t\t\t<\/div>\n\t\t\t\t<div class=\"elementor-element elementor-element-b492277 elementor-widget elementor-widget-spacer\" data-id=\"b492277\" data-element_type=\"widget\" data-widget_type=\"spacer.default\">\n\t\t\t\t<div class=\"elementor-widget-container\">\n\t\t\t\t\t\t\t<div class=\"elementor-spacer\">\n\t\t\t<div class=\"elementor-spacer-inner\"><\/div>\n\t\t<\/div>\n\t\t\t\t\t\t<\/div>\n\t\t\t\t<\/div>\n\t\t\t\t<div class=\"elementor-element elementor-element-0987ee5 elementor-widget elementor-widget-text-editor\" data-id=\"0987ee5\" data-element_type=\"widget\" data-widget_type=\"text-editor.default\">\n\t\t\t\t<div class=\"elementor-widget-container\">\n\t\t\t\t\t\t\t\t\t<p class=\"font_8\"><span class=\"color_25\" style=\"color: #664129;\">\u00a0<\/span><\/p><p class=\"font_8\"><span class=\"color_25\" style=\"color: #664129;\">Cuerpo colch\u00f3n de mi alma<\/span><\/p><p class=\"font_8\"><span class=\"color_25\" style=\"color: #664129;\">Albergas en tu vientre la muerte<\/span><\/p><p class=\"font_8\"><span class=\"color_25\" style=\"color: #664129;\">La im\u00e1genes y las palabras se estrellan<\/span><\/p><p class=\"font_8\"><span class=\"color_25\" style=\"color: #664129;\">contra mis paredes interiores<\/span><\/p><p class=\"font_8\"><span class=\"color_25\" style=\"color: #664129;\">Soy el acantilado de mi misma<\/span><\/p><p class=\"font_8\"><span class=\"color_25\" style=\"color: #664129;\">\u00a0<\/span><\/p><p class=\"font_8\"><span class=\"color_25\" style=\"color: #664129;\">Revoloteo de colibr\u00ed incesante\u00a0<\/span><\/p><p class=\"font_8\"><span class=\"color_25\" style=\"color: #664129;\">El multicolor se derrite\u00a0<\/span><\/p><p class=\"font_8\"><span class=\"color_25\" style=\"color: #664129;\">Se cuela la luz extinta<\/span><\/p><p class=\"font_8\"><span class=\"color_25\" style=\"color: #664129;\">El vac\u00edo consume el espacio<\/span><\/p><p class=\"font_8\"><span class=\"color_25\" style=\"color: #664129;\">\u00a0<\/span><\/p><p class=\"font_8\"><span class=\"color_25\" style=\"color: #664129;\">Mis manos amasan recuerdos<\/span><\/p><p class=\"font_8\"><span class=\"color_25\" style=\"color: #664129;\">Horneo la caricia de su sonrisa<\/span><\/p><p class=\"font_8\"><span class=\"color_25\" style=\"color: #664129;\">Esponjosa dulzura<\/span><\/p><p class=\"font_8\"><span class=\"color_25\" style=\"color: #664129;\">Saboreo el tiempo<\/span><\/p><p class=\"font_8\"><span class=\"color_25\" style=\"color: #664129;\">\u00a0<\/span><\/p><p class=\"font_8\"><span class=\"color_25\" style=\"color: #664129;\">Me sumerjo en su suspiro<\/span><\/p><p class=\"font_8\"><span class=\"color_25\" style=\"color: #664129;\">Cabeza apoyada en palpitaciones<\/span><\/p><p class=\"font_8\"><span class=\"color_25\" style=\"color: #664129;\">P\u00e1rpados cerrados<\/span><\/p><p class=\"font_8\"><span class=\"color_25\" style=\"color: #664129;\">Observo su sue\u00f1o sin sue\u00f1os<\/span><\/p><p class=\"font_8\"><span class=\"color_25\" style=\"color: #664129;\">\u00a0<\/span><\/p><p class=\"font_8\"><span class=\"color_25\" style=\"color: #664129;\">El sol sobre el hombro izquierdo<\/span><\/p><p class=\"font_8\"><span class=\"color_25\" style=\"color: #664129;\">Leve tinta ef\u00edmera<\/span><\/p><p class=\"font_8\"><span class=\"color_25\" style=\"color: #664129;\">Al otro lado del oc\u00e9ano la luna<\/span><\/p><p class=\"font_8\"><span class=\"color_25\" style=\"color: #664129;\">6 horas diferentes extra\u00f1\u00e1ndote<\/span><\/p><p class=\"font_8\" style=\"text-align: right;\"><em><span class=\"color_25\" style=\"color: #664129;\">A<\/span><span style=\"color: #664129; letter-spacing: 0px;\">na<\/span><\/em><\/p>\t\t\t\t\t\t\t\t<\/div>\n\t\t\t\t<\/div>\n\t\t\t\t\t<\/div>\n\t\t<\/div>\n\t\t\t\t<div class=\"elementor-column elementor-col-33 elementor-inner-column elementor-element elementor-element-563be9f\" data-id=\"563be9f\" data-element_type=\"column\">\n\t\t\t<div class=\"elementor-widget-wrap\">\n\t\t\t\t\t\t\t<\/div>\n\t\t<\/div>\n\t\t\t\t<div class=\"elementor-column elementor-col-33 elementor-inner-column elementor-element elementor-element-bdb0d45\" data-id=\"bdb0d45\" data-element_type=\"column\">\n\t\t\t<div class=\"elementor-widget-wrap\">\n\t\t\t\t\t\t\t<\/div>\n\t\t<\/div>\n\t\t\t\t\t<\/div>\n\t\t<\/section>\n\t\t\t\t<div class=\"elementor-element elementor-element-1042c86 elementor-widget elementor-widget-spacer\" data-id=\"1042c86\" data-element_type=\"widget\" data-widget_type=\"spacer.default\">\n\t\t\t\t<div class=\"elementor-widget-container\">\n\t\t\t\t\t\t\t<div class=\"elementor-spacer\">\n\t\t\t<div class=\"elementor-spacer-inner\"><\/div>\n\t\t<\/div>\n\t\t\t\t\t\t<\/div>\n\t\t\t\t<\/div>\n\t\t\t\t<section class=\"elementor-section elementor-inner-section elementor-element elementor-element-d9e4155 elementor-section-full_width elementor-section-height-default elementor-section-height-default\" data-id=\"d9e4155\" data-element_type=\"section\">\n\t\t\t\t\t\t<div class=\"elementor-container elementor-column-gap-default\">\n\t\t\t\t\t<div class=\"elementor-column elementor-col-33 elementor-inner-column elementor-element elementor-element-33ab168\" data-id=\"33ab168\" data-element_type=\"column\">\n\t\t\t<div class=\"elementor-widget-wrap\">\n\t\t\t\t\t\t\t<\/div>\n\t\t<\/div>\n\t\t\t\t<div class=\"elementor-column elementor-col-33 elementor-inner-column elementor-element elementor-element-fee1945\" data-id=\"fee1945\" data-element_type=\"column\">\n\t\t\t<div class=\"elementor-widget-wrap elementor-element-populated\">\n\t\t\t\t\t\t<div class=\"elementor-element elementor-element-9e08ed9 elementor-widget elementor-widget-video\" data-id=\"9e08ed9\" data-element_type=\"widget\" data-settings=\"{&quot;video_type&quot;:&quot;vimeo&quot;}\" data-widget_type=\"video.default\">\n\t\t\t\t<div class=\"elementor-widget-container\">\n\t\t\t\t\t\t\t<div class=\"elementor-wrapper elementor-open-inline\">\n\t\t\t<iframe class=\"elementor-video-iframe\" allowfullscreen allow=\"clipboard-write\" title=\"Reproductor de v\u00eddeo vimeo\" src=\"https:\/\/player.vimeo.com\/video\/555031368?color&amp;autopause=0&amp;loop=0&amp;muted=0&amp;title=1&amp;portrait=1&amp;byline=1#t=\"><\/iframe>\t\t<\/div>\n\t\t\t\t\t\t<\/div>\n\t\t\t\t<\/div>\n\t\t\t\t<div class=\"elementor-element elementor-element-062d38a elementor-widget elementor-widget-text-editor\" data-id=\"062d38a\" data-element_type=\"widget\" data-widget_type=\"text-editor.default\">\n\t\t\t\t<div class=\"elementor-widget-container\">\n\t\t\t\t\t\t\t\t\t<p class=\"font_8\">Colecciono cicatrices en la piel como sellos de un pasaporte. Los d\u00edas y las vidas que pasan por mis manos me marcan irremediablemente. Mis pecas son el sello de mi mam\u00e1 en mi. Me pregunto c\u00f3mo es verse de all\u00e1 hacia ac\u00e1, porque muchas veces de ac\u00e1 hacia all\u00e1 es muy dif\u00edcil.\u00a0<\/p><p class=\"font_8\">Todo horizonte parece precipicio, todo cuerpo es frontera. Distraer la mirada ayuda a no sentir ese v\u00e9rtigo, esa incertidumbre.\u00a0<\/p><p class=\"font_8\">Las cicatrices tambi\u00e9n son senderos que te llevan donde tienes que estar. No se que es la casualidad, conozco solo el destino.<\/p><p class=\"font_8\">Sofia<\/p>\t\t\t\t\t\t\t\t<\/div>\n\t\t\t\t<\/div>\n\t\t\t\t\t<\/div>\n\t\t<\/div>\n\t\t\t\t<div class=\"elementor-column elementor-col-33 elementor-inner-column elementor-element elementor-element-9a5ea8c\" data-id=\"9a5ea8c\" data-element_type=\"column\">\n\t\t\t<div class=\"elementor-widget-wrap\">\n\t\t\t\t\t\t\t<\/div>\n\t\t<\/div>\n\t\t\t\t\t<\/div>\n\t\t<\/section>\n\t\t\t\t<section class=\"elementor-section elementor-inner-section elementor-element elementor-element-20dfc1b elementor-section-full_width elementor-section-height-default elementor-section-height-default\" data-id=\"20dfc1b\" data-element_type=\"section\">\n\t\t\t\t\t\t<div class=\"elementor-container elementor-column-gap-default\">\n\t\t\t\t\t<div class=\"elementor-column elementor-col-33 elementor-inner-column elementor-element elementor-element-fdd5424\" data-id=\"fdd5424\" data-element_type=\"column\">\n\t\t\t<div class=\"elementor-widget-wrap\">\n\t\t\t\t\t\t\t<\/div>\n\t\t<\/div>\n\t\t\t\t<div class=\"elementor-column elementor-col-33 elementor-inner-column elementor-element elementor-element-899833c\" data-id=\"899833c\" data-element_type=\"column\">\n\t\t\t<div class=\"elementor-widget-wrap elementor-element-populated\">\n\t\t\t\t\t\t<div class=\"elementor-element elementor-element-25760a3 elementor-widget elementor-widget-spacer\" data-id=\"25760a3\" data-element_type=\"widget\" data-widget_type=\"spacer.default\">\n\t\t\t\t<div class=\"elementor-widget-container\">\n\t\t\t\t\t\t\t<div class=\"elementor-spacer\">\n\t\t\t<div class=\"elementor-spacer-inner\"><\/div>\n\t\t<\/div>\n\t\t\t\t\t\t<\/div>\n\t\t\t\t<\/div>\n\t\t\t\t<div class=\"elementor-element elementor-element-f925d06 elementor-widget elementor-widget-video\" data-id=\"f925d06\" data-element_type=\"widget\" data-settings=\"{&quot;video_type&quot;:&quot;vimeo&quot;}\" data-widget_type=\"video.default\">\n\t\t\t\t<div class=\"elementor-widget-container\">\n\t\t\t\t\t\t\t<div class=\"elementor-wrapper elementor-open-inline\">\n\t\t\t<iframe class=\"elementor-video-iframe\" allowfullscreen allow=\"clipboard-write\" title=\"Reproductor de v\u00eddeo vimeo\" src=\"https:\/\/player.vimeo.com\/video\/555031469?color&amp;autopause=0&amp;loop=0&amp;muted=0&amp;title=1&amp;portrait=1&amp;byline=1#t=\"><\/iframe>\t\t<\/div>\n\t\t\t\t\t\t<\/div>\n\t\t\t\t<\/div>\n\t\t\t\t\t<\/div>\n\t\t<\/div>\n\t\t\t\t<div class=\"elementor-column elementor-col-33 elementor-inner-column elementor-element elementor-element-3519bfd\" data-id=\"3519bfd\" data-element_type=\"column\">\n\t\t\t<div class=\"elementor-widget-wrap\">\n\t\t\t\t\t\t\t<\/div>\n\t\t<\/div>\n\t\t\t\t\t<\/div>\n\t\t<\/section>\n\t\t\t\t<div class=\"elementor-element elementor-element-e74b3fa elementor-widget elementor-widget-spacer\" data-id=\"e74b3fa\" data-element_type=\"widget\" data-widget_type=\"spacer.default\">\n\t\t\t\t<div class=\"elementor-widget-container\">\n\t\t\t\t\t\t\t<div class=\"elementor-spacer\">\n\t\t\t<div class=\"elementor-spacer-inner\"><\/div>\n\t\t<\/div>\n\t\t\t\t\t\t<\/div>\n\t\t\t\t<\/div>\n\t\t\t\t<section class=\"elementor-section elementor-inner-section elementor-element elementor-element-fb394e0 elementor-section-boxed elementor-section-height-default elementor-section-height-default\" data-id=\"fb394e0\" data-element_type=\"section\">\n\t\t\t\t\t\t<div class=\"elementor-container elementor-column-gap-default\">\n\t\t\t\t\t<div class=\"elementor-column elementor-col-25 elementor-inner-column elementor-element elementor-element-a5d67c0\" data-id=\"a5d67c0\" data-element_type=\"column\">\n\t\t\t<div class=\"elementor-widget-wrap\">\n\t\t\t\t\t\t\t<\/div>\n\t\t<\/div>\n\t\t\t\t<div class=\"elementor-column elementor-col-25 elementor-inner-column elementor-element elementor-element-a609a2b\" data-id=\"a609a2b\" data-element_type=\"column\" data-settings=\"{&quot;background_background&quot;:&quot;classic&quot;}\">\n\t\t\t<div class=\"elementor-widget-wrap elementor-element-populated\">\n\t\t\t\t\t\t<div class=\"elementor-element elementor-element-9b4a1a7 elementor-widget elementor-widget-image\" data-id=\"9b4a1a7\" data-element_type=\"widget\" data-widget_type=\"image.default\">\n\t\t\t\t<div class=\"elementor-widget-container\">\n\t\t\t\t\t\t\t\t\t\t\t\t\t\t\t<img fetchpriority=\"high\" decoding=\"async\" width=\"683\" height=\"1024\" src=\"https:\/\/www.javeriana.edu.co\/muestrasartesjaveriana\/wp-content\/uploads\/2021\/05\/02-683x1024.jpg\" class=\"attachment-large size-large wp-image-7882\" alt=\"\" srcset=\"https:\/\/www.javeriana.edu.co\/muestrasartesjaveriana\/wp-content\/uploads\/2021\/05\/02-683x1024.jpg 683w, https:\/\/www.javeriana.edu.co\/muestrasartesjaveriana\/wp-content\/uploads\/2021\/05\/02-200x300.jpg 200w, https:\/\/www.javeriana.edu.co\/muestrasartesjaveriana\/wp-content\/uploads\/2021\/05\/02-768x1151.jpg 768w, https:\/\/www.javeriana.edu.co\/muestrasartesjaveriana\/wp-content\/uploads\/2021\/05\/02-1025x1536.jpg 1025w, https:\/\/www.javeriana.edu.co\/muestrasartesjaveriana\/wp-content\/uploads\/2021\/05\/02.jpg 1366w\" sizes=\"(max-width: 683px) 100vw, 683px\" \/>\t\t\t\t\t\t\t\t\t\t\t\t\t\t\t<\/div>\n\t\t\t\t<\/div>\n\t\t\t\t\t<\/div>\n\t\t<\/div>\n\t\t\t\t<div class=\"elementor-column elementor-col-25 elementor-inner-column elementor-element elementor-element-24e00e3\" data-id=\"24e00e3\" data-element_type=\"column\" data-settings=\"{&quot;background_background&quot;:&quot;classic&quot;}\">\n\t\t\t<div class=\"elementor-widget-wrap elementor-element-populated\">\n\t\t\t\t\t\t<div class=\"elementor-element elementor-element-9d50c24 elementor-widget elementor-widget-text-editor\" data-id=\"9d50c24\" data-element_type=\"widget\" data-widget_type=\"text-editor.default\">\n\t\t\t\t<div class=\"elementor-widget-container\">\n\t\t\t\t\t\t\t\t\t<p class=\"font_8\"><span class=\"color_35\">Busco las maneras en la que hablar sobre esto sea f\u00e1cil. Estoy encerrada, sin salida, metida y embutida donde muchas veces no quiero estar. Aterrada y atolondrada.<\/span><\/p><p class=\"font_8\"><span class=\"color_35\">Todos los d\u00edas me despierto sin saber que va a pasar, todo es tan incierto que me da miedo despertar. Es incomodo dormir.<\/span><\/p><p class=\"font_8\"><span class=\"color_35\">Esta casa que me regalaron no tiene presencia para dejar a los invitados entrar, y como dir\u00eda una mam\u00e1, disc\u00falpeme por el desorden, pero es que aqu\u00ed nadie hace nada. \u00bfNo le da pena esa habitaci\u00f3n? Recojo la ropa, ese no \u00e9s el puesto.<\/span><\/p><p class=\"font_8\"><span class=\"color_35\">Tres litros de agua diarios, verduras, frutas, prote\u00edna, cuidado con los carbohidratos y el az\u00facar. \u00bfCu\u00e1nto suma esto? \u00bfEs posible que lo pueda pasar?<\/span><\/p><p class=\"font_8\"><span class=\"color_35\">Au, eso doli\u00f3. Nadie se da cuenta, intento dejarlo pasar. Ma\u00f1ana intentar\u00e9 que esto mejore, pero es que ni en pijama esto me deja pensar.<\/span><\/p><p class=\"font_8\"><span class=\"color_35\">Cardio, fortalecimiento, acondicionamiento, estiramiento, complementos, entrenamiento, entos que yo no siento.<\/span><\/p><p class=\"font_8\"><span class=\"color_35\">Me tiembla el cuerpo y se me quiebra la voz, estos huesos no me merecen. Me llevan, me traen, me cargan, y yo\u2026 yo solo sigo pensando en lo incre\u00edble que ser\u00eda no ser yo.<\/span><\/p><p class=\"font_8\"><span class=\"color_35\">\u00bfFuerte? Si, \u00bfme gustar\u00eda no pensarlo? Tambi\u00e9n \u00bfhe intentado dejar de hacerlo? M\u00faltiples veces \u00bfHe podido? No.<\/span><\/p><p class=\"font_8\"><span class=\"color_35\"><span class=\"wixGuard\">\u200b<\/span><\/span><\/p><p class=\"font_8\" style=\"text-align: right;\"><em><span class=\"color_35\">Sofia<\/span><\/em><\/p>\t\t\t\t\t\t\t\t<\/div>\n\t\t\t\t<\/div>\n\t\t\t\t\t<\/div>\n\t\t<\/div>\n\t\t\t\t<div class=\"elementor-column elementor-col-25 elementor-inner-column elementor-element elementor-element-bc42175\" data-id=\"bc42175\" data-element_type=\"column\">\n\t\t\t<div class=\"elementor-widget-wrap\">\n\t\t\t\t\t\t\t<\/div>\n\t\t<\/div>\n\t\t\t\t\t<\/div>\n\t\t<\/section>\n\t\t\t\t<div class=\"elementor-element elementor-element-cd48b20 elementor-widget elementor-widget-spacer\" data-id=\"cd48b20\" data-element_type=\"widget\" data-widget_type=\"spacer.default\">\n\t\t\t\t<div class=\"elementor-widget-container\">\n\t\t\t\t\t\t\t<div class=\"elementor-spacer\">\n\t\t\t<div class=\"elementor-spacer-inner\"><\/div>\n\t\t<\/div>\n\t\t\t\t\t\t<\/div>\n\t\t\t\t<\/div>\n\t\t\t\t<section class=\"elementor-section elementor-inner-section elementor-element elementor-element-f4e2e34 elementor-section-boxed elementor-section-height-default elementor-section-height-default\" data-id=\"f4e2e34\" data-element_type=\"section\">\n\t\t\t\t\t\t<div class=\"elementor-container elementor-column-gap-default\">\n\t\t\t\t\t<div class=\"elementor-column elementor-col-33 elementor-inner-column elementor-element elementor-element-f824c64\" data-id=\"f824c64\" data-element_type=\"column\">\n\t\t\t<div class=\"elementor-widget-wrap elementor-element-populated\">\n\t\t\t\t\t\t<div class=\"elementor-element elementor-element-0b2cf27 elementor-widget elementor-widget-button\" data-id=\"0b2cf27\" data-element_type=\"widget\" data-widget_type=\"button.default\">\n\t\t\t\t<div class=\"elementor-widget-container\">\n\t\t\t\t\t\t\t\t\t<div class=\"elementor-button-wrapper\">\n\t\t\t\t\t<a class=\"elementor-button elementor-button-link elementor-size-sm\" href=\"https:\/\/www.javeriana.edu.co\/muestrasartesjaveriana\/de-los-detalles\/\">\n\t\t\t\t\t\t<span class=\"elementor-button-content-wrapper\">\n\t\t\t\t\t\t\t\t\t<span class=\"elementor-button-text\"><<\/span>\n\t\t\t\t\t<\/span>\n\t\t\t\t\t<\/a>\n\t\t\t\t<\/div>\n\t\t\t\t\t\t\t\t<\/div>\n\t\t\t\t<\/div>\n\t\t\t\t\t<\/div>\n\t\t<\/div>\n\t\t\t\t<div class=\"elementor-column elementor-col-33 elementor-inner-column elementor-element elementor-element-10a53a3\" data-id=\"10a53a3\" data-element_type=\"column\">\n\t\t\t<div class=\"elementor-widget-wrap\">\n\t\t\t\t\t\t\t<\/div>\n\t\t<\/div>\n\t\t\t\t<div class=\"elementor-column elementor-col-33 elementor-inner-column elementor-element elementor-element-d1687d4\" data-id=\"d1687d4\" data-element_type=\"column\">\n\t\t\t<div class=\"elementor-widget-wrap elementor-element-populated\">\n\t\t\t\t\t\t<div class=\"elementor-element elementor-element-b206915 elementor-align-right elementor-widget elementor-widget-button\" data-id=\"b206915\" data-element_type=\"widget\" data-widget_type=\"button.default\">\n\t\t\t\t<div class=\"elementor-widget-container\">\n\t\t\t\t\t\t\t\t\t<div class=\"elementor-button-wrapper\">\n\t\t\t\t\t<a class=\"elementor-button elementor-button-link elementor-size-sm\" href=\"https:\/\/www.javeriana.edu.co\/muestrasartesjaveriana\/fuego\">\n\t\t\t\t\t\t<span class=\"elementor-button-content-wrapper\">\n\t\t\t\t\t\t\t\t\t<span class=\"elementor-button-text\">><\/span>\n\t\t\t\t\t<\/span>\n\t\t\t\t\t<\/a>\n\t\t\t\t<\/div>\n\t\t\t\t\t\t\t\t<\/div>\n\t\t\t\t<\/div>\n\t\t\t\t\t<\/div>\n\t\t<\/div>\n\t\t\t\t\t<\/div>\n\t\t<\/section>\n\t\t\t\t\t<\/div>\n\t\t<\/div>\n\t\t\t\t\t<\/div>\n\t\t<\/section>\n\t\t\t\t<\/div>\n\t\t","protected":false},"excerpt":{"rendered":"<p>\u00a0 Cuerpo colch\u00f3n de mi alma Albergas en tu vientre la muerte La im\u00e1genes y las palabras se estrellan contra mis paredes interiores Soy el acantilado de mi misma \u00a0 Revoloteo de colibr\u00ed incesante\u00a0 El multicolor se derrite\u00a0 Se cuela la luz extinta El vac\u00edo consume el espacio \u00a0 Mis manos amasan recuerdos Horneo la&hellip;&nbsp;<a href=\"https:\/\/www.javeriana.edu.co\/muestrasartesjaveriana\/tierra\/\" class=\"\" rel=\"bookmark\">Leer m\u00e1s &raquo;<span class=\"screen-reader-text\">Tierra<\/span><\/a><\/p>\n","protected":false},"author":1,"featured_media":0,"parent":0,"menu_order":0,"comment_status":"closed","ping_status":"closed","template":"page-templates\/template-pagebuilder-full-width.php","meta":{"_coblocks_attr":"","_coblocks_dimensions":"","_coblocks_responsive_height":"","_coblocks_accordion_ie_support":"","neve_meta_sidebar":"full-width","neve_meta_container":"","neve_meta_enable_content_width":"on","neve_meta_content_width":100,"neve_meta_title_alignment":"","neve_meta_author_avatar":"","neve_post_elements_order":"","neve_meta_disable_header":"","neve_meta_disable_footer":"","neve_meta_disable_title":"","footnotes":""},"_links":{"self":[{"href":"https:\/\/www.javeriana.edu.co\/muestrasartesjaveriana\/wp-json\/wp\/v2\/pages\/7864"}],"collection":[{"href":"https:\/\/www.javeriana.edu.co\/muestrasartesjaveriana\/wp-json\/wp\/v2\/pages"}],"about":[{"href":"https:\/\/www.javeriana.edu.co\/muestrasartesjaveriana\/wp-json\/wp\/v2\/types\/page"}],"author":[{"embeddable":true,"href":"https:\/\/www.javeriana.edu.co\/muestrasartesjaveriana\/wp-json\/wp\/v2\/users\/1"}],"replies":[{"embeddable":true,"href":"https:\/\/www.javeriana.edu.co\/muestrasartesjaveriana\/wp-json\/wp\/v2\/comments?post=7864"}],"version-history":[{"count":86,"href":"https:\/\/www.javeriana.edu.co\/muestrasartesjaveriana\/wp-json\/wp\/v2\/pages\/7864\/revisions"}],"predecessor-version":[{"id":9104,"href":"https:\/\/www.javeriana.edu.co\/muestrasartesjaveriana\/wp-json\/wp\/v2\/pages\/7864\/revisions\/9104"}],"wp:attachment":[{"href":"https:\/\/www.javeriana.edu.co\/muestrasartesjaveriana\/wp-json\/wp\/v2\/media?parent=7864"}],"curies":[{"name":"wp","href":"https:\/\/api.w.org\/{rel}","templated":true}]}}