{"id":7874,"date":"2021-05-25T22:58:24","date_gmt":"2021-05-26T03:58:24","guid":{"rendered":"https:\/\/www.javeriana.edu.co\/muestrasartesjaveriana\/?page_id=7874"},"modified":"2021-07-27T09:48:58","modified_gmt":"2021-07-27T14:48:58","slug":"blanco-y-negro","status":"publish","type":"page","link":"https:\/\/www.javeriana.edu.co\/muestrasartesjaveriana\/blanco-y-negro\/","title":{"rendered":""},"content":{"rendered":"\t\t<div data-elementor-type=\"wp-page\" data-elementor-id=\"7874\" class=\"elementor elementor-7874\">\n\t\t\t\t\t\t<section class=\"elementor-section elementor-top-section elementor-element elementor-element-48c7407 elementor-section-boxed elementor-section-height-default elementor-section-height-default\" data-id=\"48c7407\" data-element_type=\"section\">\n\t\t\t\t\t\t<div class=\"elementor-container elementor-column-gap-default\">\n\t\t\t\t\t<div class=\"elementor-column elementor-col-100 elementor-top-column elementor-element elementor-element-fcfa57c\" data-id=\"fcfa57c\" data-element_type=\"column\">\n\t\t\t<div class=\"elementor-widget-wrap\">\n\t\t\t\t\t\t\t<\/div>\n\t\t<\/div>\n\t\t\t\t\t<\/div>\n\t\t<\/section>\n\t\t\t\t<section class=\"elementor-section elementor-top-section elementor-element elementor-element-e71fbb2 elementor-hidden-phone elementor-section-boxed elementor-section-height-default elementor-section-height-default\" data-id=\"e71fbb2\" data-element_type=\"section\" data-settings=\"{&quot;background_background&quot;:&quot;classic&quot;}\">\n\t\t\t\t\t\t<div class=\"elementor-container elementor-column-gap-default\">\n\t\t\t\t\t<div class=\"elementor-column elementor-col-100 elementor-top-column elementor-element elementor-element-09b76ea\" data-id=\"09b76ea\" data-element_type=\"column\">\n\t\t\t<div class=\"elementor-widget-wrap elementor-element-populated\">\n\t\t\t\t\t\t<div class=\"elementor-element elementor-element-f193044 elementor-widget elementor-widget-spacer\" data-id=\"f193044\" data-element_type=\"widget\" data-widget_type=\"spacer.default\">\n\t\t\t\t<div class=\"elementor-widget-container\">\n\t\t\t\t\t\t\t<div class=\"elementor-spacer\">\n\t\t\t<div class=\"elementor-spacer-inner\"><\/div>\n\t\t<\/div>\n\t\t\t\t\t\t<\/div>\n\t\t\t\t<\/div>\n\t\t\t\t<section class=\"elementor-section elementor-inner-section elementor-element elementor-element-d9be7b7 elementor-section-full_width elementor-section-height-default elementor-section-height-default\" data-id=\"d9be7b7\" data-element_type=\"section\">\n\t\t\t\t\t\t<div class=\"elementor-container elementor-column-gap-default\">\n\t\t\t\t\t<div class=\"elementor-column elementor-col-25 elementor-inner-column elementor-element elementor-element-d5643f3\" data-id=\"d5643f3\" data-element_type=\"column\">\n\t\t\t<div class=\"elementor-widget-wrap\">\n\t\t\t\t\t\t\t<\/div>\n\t\t<\/div>\n\t\t\t\t<div class=\"elementor-column elementor-col-25 elementor-inner-column elementor-element elementor-element-dc8e2d5\" data-id=\"dc8e2d5\" data-element_type=\"column\" data-settings=\"{&quot;background_background&quot;:&quot;classic&quot;}\">\n\t\t\t<div class=\"elementor-widget-wrap elementor-element-populated\">\n\t\t\t\t\t\t<div class=\"elementor-element elementor-element-287b271 elementor-widget elementor-widget-video\" data-id=\"287b271\" data-element_type=\"widget\" data-settings=\"{&quot;video_type&quot;:&quot;vimeo&quot;}\" data-widget_type=\"video.default\">\n\t\t\t\t<div class=\"elementor-widget-container\">\n\t\t\t\t\t\t\t<div class=\"elementor-wrapper elementor-open-inline\">\n\t\t\t<iframe class=\"elementor-video-iframe\" allowfullscreen allow=\"clipboard-write\" title=\"Reproductor de v\u00eddeo vimeo\" src=\"https:\/\/player.vimeo.com\/video\/555040938?color&amp;autopause=0&amp;loop=0&amp;muted=0&amp;title=1&amp;portrait=1&amp;byline=1#t=\"><\/iframe>\t\t<\/div>\n\t\t\t\t\t\t<\/div>\n\t\t\t\t<\/div>\n\t\t\t\t\t<\/div>\n\t\t<\/div>\n\t\t\t\t<div class=\"elementor-column elementor-col-25 elementor-inner-column elementor-element elementor-element-1490f6b\" data-id=\"1490f6b\" data-element_type=\"column\" data-settings=\"{&quot;background_background&quot;:&quot;classic&quot;}\">\n\t\t\t<div class=\"elementor-widget-wrap elementor-element-populated\">\n\t\t\t\t\t\t<div class=\"elementor-element elementor-element-d3d776d elementor-widget elementor-widget-text-editor\" data-id=\"d3d776d\" data-element_type=\"widget\" data-widget_type=\"text-editor.default\">\n\t\t\t\t<div class=\"elementor-widget-container\">\n\t\t\t\t\t\t\t\t\t<p class=\"font_8\"><span class=\"color_15\">Ep\u00edgrafe sobre el esp\u00edritu<br \/><\/span><span class=\"color_15\">Como las alas de la mariposa que se deshacen en las manos. La mente es una princesa mortal, es la personificaci\u00f3n del alma, un soplo, es una mariposa que se posa sobre el arco y las flechas del amor y el misterio.\u00a0<br \/><\/span><span class=\"color_15\">Al alma humana hay que formarla, ella es la representaci\u00f3n escult\u00f3rica del esp\u00edritu, el verdadero fundamento de toda belleza y proporci\u00f3n, es el anacronismo de todos los tiempos y de los que est\u00e1n por formarse.<br \/><\/span><span class=\"color_15\">\u00a0Psyqu\u00e9 la princesa mortal proyecta su forma de ordenar la realidad en la representaci\u00f3n de las almas o de las verdaderas pasiones, aquellas que han sido dirigidas por el esp\u00edritu. Lo que une a\u00a0 los hombres son las pasiones.<\/span><\/p><p style=\"text-align: right;\"><em>Lina<\/em><\/p>\t\t\t\t\t\t\t\t<\/div>\n\t\t\t\t<\/div>\n\t\t\t\t\t<\/div>\n\t\t<\/div>\n\t\t\t\t<div class=\"elementor-column elementor-col-25 elementor-inner-column elementor-element elementor-element-0f03380\" data-id=\"0f03380\" data-element_type=\"column\">\n\t\t\t<div class=\"elementor-widget-wrap\">\n\t\t\t\t\t\t\t<\/div>\n\t\t<\/div>\n\t\t\t\t\t<\/div>\n\t\t<\/section>\n\t\t\t\t<section class=\"elementor-section elementor-inner-section elementor-element elementor-element-0792b7c elementor-section-boxed elementor-section-height-default elementor-section-height-default\" data-id=\"0792b7c\" data-element_type=\"section\">\n\t\t\t\t\t\t<div class=\"elementor-container elementor-column-gap-default\">\n\t\t\t\t\t<div class=\"elementor-column elementor-col-33 elementor-inner-column elementor-element elementor-element-8b2b534\" data-id=\"8b2b534\" data-element_type=\"column\">\n\t\t\t<div class=\"elementor-widget-wrap\">\n\t\t\t\t\t\t\t<\/div>\n\t\t<\/div>\n\t\t\t\t<div class=\"elementor-column elementor-col-33 elementor-inner-column elementor-element elementor-element-bd95b26\" data-id=\"bd95b26\" data-element_type=\"column\">\n\t\t\t<div class=\"elementor-widget-wrap elementor-element-populated\">\n\t\t\t\t\t\t<div class=\"elementor-element elementor-element-f8b0cd2 elementor-widget elementor-widget-spacer\" data-id=\"f8b0cd2\" data-element_type=\"widget\" data-widget_type=\"spacer.default\">\n\t\t\t\t<div class=\"elementor-widget-container\">\n\t\t\t\t\t\t\t<div class=\"elementor-spacer\">\n\t\t\t<div class=\"elementor-spacer-inner\"><\/div>\n\t\t<\/div>\n\t\t\t\t\t\t<\/div>\n\t\t\t\t<\/div>\n\t\t\t\t<div class=\"elementor-element elementor-element-6a52f9f elementor-widget elementor-widget-image\" data-id=\"6a52f9f\" data-element_type=\"widget\" data-widget_type=\"image.default\">\n\t\t\t\t<div class=\"elementor-widget-container\">\n\t\t\t\t\t\t\t\t\t\t\t\t\t\t\t<img fetchpriority=\"high\" decoding=\"async\" width=\"1024\" height=\"663\" src=\"https:\/\/www.javeriana.edu.co\/muestrasartesjaveriana\/wp-content\/uploads\/2021\/05\/02-4-1024x663.jpg\" class=\"attachment-large size-large wp-image-7926\" alt=\"\" srcset=\"https:\/\/www.javeriana.edu.co\/muestrasartesjaveriana\/wp-content\/uploads\/2021\/05\/02-4-1024x663.jpg 1024w, https:\/\/www.javeriana.edu.co\/muestrasartesjaveriana\/wp-content\/uploads\/2021\/05\/02-4-300x194.jpg 300w, https:\/\/www.javeriana.edu.co\/muestrasartesjaveriana\/wp-content\/uploads\/2021\/05\/02-4-768x497.jpg 768w, https:\/\/www.javeriana.edu.co\/muestrasartesjaveriana\/wp-content\/uploads\/2021\/05\/02-4-1536x994.jpg 1536w, https:\/\/www.javeriana.edu.co\/muestrasartesjaveriana\/wp-content\/uploads\/2021\/05\/02-4.jpg 1808w\" sizes=\"(max-width: 1024px) 100vw, 1024px\" \/>\t\t\t\t\t\t\t\t\t\t\t\t\t\t\t<\/div>\n\t\t\t\t<\/div>\n\t\t\t\t\t<\/div>\n\t\t<\/div>\n\t\t\t\t<div class=\"elementor-column elementor-col-33 elementor-inner-column elementor-element elementor-element-ad355c5\" data-id=\"ad355c5\" data-element_type=\"column\">\n\t\t\t<div class=\"elementor-widget-wrap\">\n\t\t\t\t\t\t\t<\/div>\n\t\t<\/div>\n\t\t\t\t\t<\/div>\n\t\t<\/section>\n\t\t\t\t<section class=\"elementor-section elementor-inner-section elementor-element elementor-element-3cce2f3 elementor-section-boxed elementor-section-height-default elementor-section-height-default\" data-id=\"3cce2f3\" data-element_type=\"section\" data-settings=\"{&quot;background_background&quot;:&quot;classic&quot;}\">\n\t\t\t\t\t\t<div class=\"elementor-container elementor-column-gap-default\">\n\t\t\t\t\t<div class=\"elementor-column elementor-col-33 elementor-inner-column elementor-element elementor-element-bbb5ab4\" data-id=\"bbb5ab4\" data-element_type=\"column\">\n\t\t\t<div class=\"elementor-widget-wrap\">\n\t\t\t\t\t\t\t<\/div>\n\t\t<\/div>\n\t\t\t\t<div class=\"elementor-column elementor-col-33 elementor-inner-column elementor-element elementor-element-1546232\" data-id=\"1546232\" data-element_type=\"column\" data-settings=\"{&quot;background_background&quot;:&quot;classic&quot;}\">\n\t\t\t<div class=\"elementor-widget-wrap elementor-element-populated\">\n\t\t\t\t\t\t<div class=\"elementor-element elementor-element-279c192 elementor-widget elementor-widget-text-editor\" data-id=\"279c192\" data-element_type=\"widget\" data-widget_type=\"text-editor.default\">\n\t\t\t\t<div class=\"elementor-widget-container\">\n\t\t\t\t\t\t\t\t\t<p class=\"font_8\"><span style=\"font-family: terminal, monaco; font-size: 14pt; color: #403e3e;\">Imaginarios de presencia po\u00e9tica<\/span><\/p><p class=\"font_8\"><span style=\"font-family: terminal, monaco; font-size: 14pt; color: #403e3e;\">Resistencia, rostros, malestares, sustancias vitales y subjetividades. Un punto de convergencia, un escudo o huevo \u00e1urico, aquel ambiente c\u00e1lido para el movimiento de las c\u00e9lulas, el campo bioel\u00e9ctrico, la\u00a0 irradiaci\u00f3n del yo que se disipa. Es un dispositivo energ\u00e9tico de transformaci\u00f3n de la realidad, pero tambi\u00e9n es el alma del tiempo, el sujeto que cuida, un color luminoso que susurra, vibra, que cuenta historias y secretos a las personas, tan pronto son escuchados, unen al ser y su tiempo. pero ahora, est\u00e1 despose\u00eddo, cercado y precarizado.<\/span><\/p><p class=\"font_8\"><span style=\"font-family: terminal, monaco; font-size: 14pt; color: #403e3e;\">El alma del tiempo, es un espectro invisible que sopla los velos y capas de las cortinas del tiempo. Con susurros ella crea atm\u00f3sferas perceptibles en el tiempo y puede construir una imagen casi visual, apenas mental.\u00a0<\/span><\/p><p class=\"font_8\"><span style=\"font-family: terminal, monaco; font-size: 14pt; color: #403e3e;\">Se evapora, pero tambi\u00e9n se aproxima hacia nuestra forma f\u00edsica y danza sobre nosotros creando extensiones en los cuerpos. Es brillante, clara, uniforme pero a veces, tambi\u00e9n es precaria e irregular; tiene fisuras, resquebrajamientos, bultos, hoyitos y deformidades. Nos absorbe y nos expulsa, es flexible y se desplaza o se deforma. Su forma fr\u00e1gil a menudo es perforada por las agresiones del tiempo. Su\u00a0 recuperaci\u00f3n exige un tratamiento especial de las sinton\u00edas del coraz\u00f3n y de los sue\u00f1os.\u00a0<\/span><\/p><p class=\"font_8\"><span style=\"font-family: terminal, monaco; font-size: 14pt; color: #403e3e;\">Aura limpia sus colores turbios, se torna azul brillante, violeta y se descontamina, se intensifica y cristaliza, se astilla, se apaga y enciende. Cuando el alma\u00a0 se manifiesta nos ponemos en contacto con el origen, de ella procede toda energ\u00eda universal, se posa sobre la cabeza en la conciencia. \u00a0<\/span><\/p><p class=\"font_8\"><span style=\"font-family: terminal, monaco; font-size: 14pt; color: #403e3e;\">Sin esperanza, en precariedad y descomposici\u00f3n sangra, se derrama y se escenifica en la protesta. El alma iracunda acumulada y contenida se pronuncia en una vida que es muy dif\u00edcil de proyectar. La rabia se expresa.<\/span><\/p><p class=\"font_8\" style=\"text-align: right;\"><span style=\"font-family: terminal, monaco; color: #403e3e;\"><em><span style=\"font-size: 14pt;\">Lina<\/span><\/em><\/span><\/p>\t\t\t\t\t\t\t\t<\/div>\n\t\t\t\t<\/div>\n\t\t\t\t\t<\/div>\n\t\t<\/div>\n\t\t\t\t<div class=\"elementor-column elementor-col-33 elementor-inner-column elementor-element elementor-element-b9939b4\" data-id=\"b9939b4\" data-element_type=\"column\">\n\t\t\t<div class=\"elementor-widget-wrap\">\n\t\t\t\t\t\t\t<\/div>\n\t\t<\/div>\n\t\t\t\t\t<\/div>\n\t\t<\/section>\n\t\t\t\t<section class=\"elementor-section elementor-inner-section elementor-element elementor-element-0bf0e9e elementor-section-boxed elementor-section-height-default elementor-section-height-default\" data-id=\"0bf0e9e\" data-element_type=\"section\">\n\t\t\t\t\t\t<div class=\"elementor-container elementor-column-gap-default\">\n\t\t\t\t\t<div class=\"elementor-column elementor-col-33 elementor-inner-column elementor-element elementor-element-553c29b\" data-id=\"553c29b\" data-element_type=\"column\">\n\t\t\t<div class=\"elementor-widget-wrap\">\n\t\t\t\t\t\t\t<\/div>\n\t\t<\/div>\n\t\t\t\t<div class=\"elementor-column elementor-col-33 elementor-inner-column elementor-element elementor-element-5ee9480\" data-id=\"5ee9480\" data-element_type=\"column\">\n\t\t\t<div class=\"elementor-widget-wrap elementor-element-populated\">\n\t\t\t\t\t\t<div class=\"elementor-element elementor-element-88894b5 elementor-widget elementor-widget-spacer\" data-id=\"88894b5\" data-element_type=\"widget\" data-widget_type=\"spacer.default\">\n\t\t\t\t<div class=\"elementor-widget-container\">\n\t\t\t\t\t\t\t<div class=\"elementor-spacer\">\n\t\t\t<div class=\"elementor-spacer-inner\"><\/div>\n\t\t<\/div>\n\t\t\t\t\t\t<\/div>\n\t\t\t\t<\/div>\n\t\t\t\t<div class=\"elementor-element elementor-element-9e6bfdc elementor-widget elementor-widget-video\" data-id=\"9e6bfdc\" data-element_type=\"widget\" data-settings=\"{&quot;video_type&quot;:&quot;vimeo&quot;}\" data-widget_type=\"video.default\">\n\t\t\t\t<div class=\"elementor-widget-container\">\n\t\t\t\t\t\t\t<div class=\"elementor-wrapper elementor-open-inline\">\n\t\t\t<iframe class=\"elementor-video-iframe\" allowfullscreen allow=\"clipboard-write\" title=\"Reproductor de v\u00eddeo vimeo\" src=\"https:\/\/player.vimeo.com\/video\/555041257?color&amp;autopause=0&amp;loop=0&amp;muted=0&amp;title=1&amp;portrait=1&amp;byline=1#t=\"><\/iframe>\t\t<\/div>\n\t\t\t\t\t\t<\/div>\n\t\t\t\t<\/div>\n\t\t\t\t\t<\/div>\n\t\t<\/div>\n\t\t\t\t<div class=\"elementor-column elementor-col-33 elementor-inner-column elementor-element elementor-element-e19f6fc\" data-id=\"e19f6fc\" data-element_type=\"column\">\n\t\t\t<div class=\"elementor-widget-wrap\">\n\t\t\t\t\t\t\t<\/div>\n\t\t<\/div>\n\t\t\t\t\t<\/div>\n\t\t<\/section>\n\t\t\t\t<section class=\"elementor-section elementor-inner-section elementor-element elementor-element-eb40f9d elementor-section-boxed elementor-section-height-default elementor-section-height-default\" data-id=\"eb40f9d\" data-element_type=\"section\">\n\t\t\t\t\t\t<div class=\"elementor-container elementor-column-gap-default\">\n\t\t\t\t\t<div class=\"elementor-column elementor-col-33 elementor-inner-column elementor-element elementor-element-e054f69\" data-id=\"e054f69\" data-element_type=\"column\">\n\t\t\t<div class=\"elementor-widget-wrap elementor-element-populated\">\n\t\t\t\t\t\t<div class=\"elementor-element elementor-element-b947a34 elementor-widget elementor-widget-button\" data-id=\"b947a34\" data-element_type=\"widget\" data-widget_type=\"button.default\">\n\t\t\t\t<div class=\"elementor-widget-container\">\n\t\t\t\t\t\t\t\t\t<div class=\"elementor-button-wrapper\">\n\t\t\t\t\t<a class=\"elementor-button elementor-button-link elementor-size-sm\" href=\"https:\/\/www.javeriana.edu.co\/muestrasartesjaveriana\/cielo-y-mar\">\n\t\t\t\t\t\t<span class=\"elementor-button-content-wrapper\">\n\t\t\t\t\t\t\t\t\t<span class=\"elementor-button-text\"><<\/span>\n\t\t\t\t\t<\/span>\n\t\t\t\t\t<\/a>\n\t\t\t\t<\/div>\n\t\t\t\t\t\t\t\t<\/div>\n\t\t\t\t<\/div>\n\t\t\t\t\t<\/div>\n\t\t<\/div>\n\t\t\t\t<div class=\"elementor-column elementor-col-33 elementor-inner-column elementor-element elementor-element-64fa96d\" data-id=\"64fa96d\" data-element_type=\"column\">\n\t\t\t<div class=\"elementor-widget-wrap\">\n\t\t\t\t\t\t\t<\/div>\n\t\t<\/div>\n\t\t\t\t<div class=\"elementor-column elementor-col-33 elementor-inner-column elementor-element elementor-element-f5afe9d\" data-id=\"f5afe9d\" data-element_type=\"column\">\n\t\t\t<div class=\"elementor-widget-wrap elementor-element-populated\">\n\t\t\t\t\t\t<div class=\"elementor-element elementor-element-bc0b85c elementor-align-right elementor-widget elementor-widget-button\" data-id=\"bc0b85c\" data-element_type=\"widget\" data-widget_type=\"button.default\">\n\t\t\t\t<div class=\"elementor-widget-container\">\n\t\t\t\t\t\t\t\t\t<div class=\"elementor-button-wrapper\">\n\t\t\t\t\t<a class=\"elementor-button elementor-button-link elementor-size-sm\" href=\"https:\/\/www.javeriana.edu.co\/muestrasartesjaveriana\/arbol\">\n\t\t\t\t\t\t<span class=\"elementor-button-content-wrapper\">\n\t\t\t\t\t\t\t\t\t<span class=\"elementor-button-text\">><\/span>\n\t\t\t\t\t<\/span>\n\t\t\t\t\t<\/a>\n\t\t\t\t<\/div>\n\t\t\t\t\t\t\t\t<\/div>\n\t\t\t\t<\/div>\n\t\t\t\t\t<\/div>\n\t\t<\/div>\n\t\t\t\t\t<\/div>\n\t\t<\/section>\n\t\t\t\t\t<\/div>\n\t\t<\/div>\n\t\t\t\t\t<\/div>\n\t\t<\/section>\n\t\t\t\t<\/div>\n\t\t","protected":false},"excerpt":{"rendered":"<p>Ep\u00edgrafe sobre el esp\u00edritu Como las alas de la mariposa que se deshacen en las manos. La mente es una princesa mortal, es la personificaci\u00f3n del alma, un soplo, es una mariposa que se posa sobre el arco y las flechas del amor y el misterio.&nbsp; Al alma humana hay que formarla, ella es la&hellip;&nbsp;<a href=\"https:\/\/www.javeriana.edu.co\/muestrasartesjaveriana\/blanco-y-negro\/\" class=\"\" rel=\"bookmark\">Leer m\u00e1s &raquo;<span class=\"screen-reader-text\"><\/span><\/a><\/p>\n","protected":false},"author":1,"featured_media":0,"parent":0,"menu_order":0,"comment_status":"closed","ping_status":"closed","template":"","meta":{"_coblocks_attr":"","_coblocks_dimensions":"","_coblocks_responsive_height":"","_coblocks_accordion_ie_support":"","neve_meta_sidebar":"full-width","neve_meta_container":"","neve_meta_enable_content_width":"on","neve_meta_content_width":100,"neve_meta_title_alignment":"","neve_meta_author_avatar":"","neve_post_elements_order":"","neve_meta_disable_header":"","neve_meta_disable_footer":"","neve_meta_disable_title":"","footnotes":""},"_links":{"self":[{"href":"https:\/\/www.javeriana.edu.co\/muestrasartesjaveriana\/wp-json\/wp\/v2\/pages\/7874"}],"collection":[{"href":"https:\/\/www.javeriana.edu.co\/muestrasartesjaveriana\/wp-json\/wp\/v2\/pages"}],"about":[{"href":"https:\/\/www.javeriana.edu.co\/muestrasartesjaveriana\/wp-json\/wp\/v2\/types\/page"}],"author":[{"embeddable":true,"href":"https:\/\/www.javeriana.edu.co\/muestrasartesjaveriana\/wp-json\/wp\/v2\/users\/1"}],"replies":[{"embeddable":true,"href":"https:\/\/www.javeriana.edu.co\/muestrasartesjaveriana\/wp-json\/wp\/v2\/comments?post=7874"}],"version-history":[{"count":91,"href":"https:\/\/www.javeriana.edu.co\/muestrasartesjaveriana\/wp-json\/wp\/v2\/pages\/7874\/revisions"}],"predecessor-version":[{"id":9449,"href":"https:\/\/www.javeriana.edu.co\/muestrasartesjaveriana\/wp-json\/wp\/v2\/pages\/7874\/revisions\/9449"}],"wp:attachment":[{"href":"https:\/\/www.javeriana.edu.co\/muestrasartesjaveriana\/wp-json\/wp\/v2\/media?parent=7874"}],"curies":[{"name":"wp","href":"https:\/\/api.w.org\/{rel}","templated":true}]}}