{"id":7876,"date":"2021-05-25T22:58:57","date_gmt":"2021-05-26T03:58:57","guid":{"rendered":"https:\/\/www.javeriana.edu.co\/muestrasartesjaveriana\/?page_id=7876"},"modified":"2021-06-03T12:36:59","modified_gmt":"2021-06-03T17:36:59","slug":"cosecha","status":"publish","type":"page","link":"https:\/\/www.javeriana.edu.co\/muestrasartesjaveriana\/cosecha\/","title":{"rendered":"Cosecha"},"content":{"rendered":"\t\t<div data-elementor-type=\"wp-page\" data-elementor-id=\"7876\" class=\"elementor elementor-7876\">\n\t\t\t\t\t\t<section class=\"elementor-section elementor-top-section elementor-element elementor-element-6ea67b4 elementor-section-boxed elementor-section-height-default elementor-section-height-default\" data-id=\"6ea67b4\" data-element_type=\"section\">\n\t\t\t\t\t\t<div class=\"elementor-container elementor-column-gap-default\">\n\t\t\t\t\t<div class=\"elementor-column elementor-col-50 elementor-top-column elementor-element elementor-element-b512aef\" data-id=\"b512aef\" data-element_type=\"column\">\n\t\t\t<div class=\"elementor-widget-wrap\">\n\t\t\t\t\t\t\t<\/div>\n\t\t<\/div>\n\t\t\t\t<div class=\"elementor-column elementor-col-50 elementor-top-column elementor-element elementor-element-79f2a94\" data-id=\"79f2a94\" data-element_type=\"column\">\n\t\t\t<div class=\"elementor-widget-wrap\">\n\t\t\t\t\t\t\t<\/div>\n\t\t<\/div>\n\t\t\t\t\t<\/div>\n\t\t<\/section>\n\t\t\t\t<section class=\"elementor-section elementor-top-section elementor-element elementor-element-b3947ad elementor-section-full_width elementor-hidden-phone elementor-section-height-default elementor-section-height-default\" data-id=\"b3947ad\" data-element_type=\"section\" data-settings=\"{&quot;background_background&quot;:&quot;classic&quot;}\">\n\t\t\t\t\t\t<div class=\"elementor-container elementor-column-gap-default\">\n\t\t\t\t\t<div class=\"elementor-column elementor-col-100 elementor-top-column elementor-element elementor-element-d8a2831\" data-id=\"d8a2831\" data-element_type=\"column\">\n\t\t\t<div class=\"elementor-widget-wrap elementor-element-populated\">\n\t\t\t\t\t\t<div class=\"elementor-element elementor-element-f335ad6 elementor-widget elementor-widget-spacer\" data-id=\"f335ad6\" data-element_type=\"widget\" data-widget_type=\"spacer.default\">\n\t\t\t\t<div class=\"elementor-widget-container\">\n\t\t\t\t\t\t\t<div class=\"elementor-spacer\">\n\t\t\t<div class=\"elementor-spacer-inner\"><\/div>\n\t\t<\/div>\n\t\t\t\t\t\t<\/div>\n\t\t\t\t<\/div>\n\t\t\t\t<section class=\"elementor-section elementor-inner-section elementor-element elementor-element-a0737c0 elementor-section-boxed elementor-section-height-default elementor-section-height-default\" data-id=\"a0737c0\" data-element_type=\"section\">\n\t\t\t\t\t\t<div class=\"elementor-container elementor-column-gap-default\">\n\t\t\t\t\t<div class=\"elementor-column elementor-col-33 elementor-inner-column elementor-element elementor-element-3e5ae92\" data-id=\"3e5ae92\" data-element_type=\"column\">\n\t\t\t<div class=\"elementor-widget-wrap\">\n\t\t\t\t\t\t\t<\/div>\n\t\t<\/div>\n\t\t\t\t<div class=\"elementor-column elementor-col-33 elementor-inner-column elementor-element elementor-element-786eb3c\" data-id=\"786eb3c\" data-element_type=\"column\">\n\t\t\t<div class=\"elementor-widget-wrap elementor-element-populated\">\n\t\t\t\t\t\t<div class=\"elementor-element elementor-element-bffd8f2 elementor-widget elementor-widget-video\" data-id=\"bffd8f2\" data-element_type=\"widget\" data-settings=\"{&quot;video_type&quot;:&quot;vimeo&quot;}\" data-widget_type=\"video.default\">\n\t\t\t\t<div class=\"elementor-widget-container\">\n\t\t\t\t\t\t\t<div class=\"elementor-wrapper elementor-open-inline\">\n\t\t\t<iframe class=\"elementor-video-iframe\" allowfullscreen allow=\"clipboard-write\" title=\"Reproductor de v\u00eddeo vimeo\" src=\"https:\/\/player.vimeo.com\/video\/555043012?color&amp;autopause=0&amp;loop=0&amp;muted=0&amp;title=1&amp;portrait=1&amp;byline=1#t=\"><\/iframe>\t\t<\/div>\n\t\t\t\t\t\t<\/div>\n\t\t\t\t<\/div>\n\t\t\t\t\t<\/div>\n\t\t<\/div>\n\t\t\t\t<div class=\"elementor-column elementor-col-33 elementor-inner-column elementor-element elementor-element-25adc5f\" data-id=\"25adc5f\" data-element_type=\"column\">\n\t\t\t<div class=\"elementor-widget-wrap\">\n\t\t\t\t\t\t\t<\/div>\n\t\t<\/div>\n\t\t\t\t\t<\/div>\n\t\t<\/section>\n\t\t\t\t<div class=\"elementor-element elementor-element-72f64e1 elementor-widget elementor-widget-spacer\" data-id=\"72f64e1\" data-element_type=\"widget\" data-widget_type=\"spacer.default\">\n\t\t\t\t<div class=\"elementor-widget-container\">\n\t\t\t\t\t\t\t<div class=\"elementor-spacer\">\n\t\t\t<div class=\"elementor-spacer-inner\"><\/div>\n\t\t<\/div>\n\t\t\t\t\t\t<\/div>\n\t\t\t\t<\/div>\n\t\t\t\t<section class=\"elementor-section elementor-inner-section elementor-element elementor-element-a558951 elementor-section-boxed elementor-section-height-default elementor-section-height-default\" data-id=\"a558951\" data-element_type=\"section\">\n\t\t\t\t\t\t<div class=\"elementor-container elementor-column-gap-default\">\n\t\t\t\t\t<div class=\"elementor-column elementor-col-25 elementor-inner-column elementor-element elementor-element-14acb44\" data-id=\"14acb44\" data-element_type=\"column\">\n\t\t\t<div class=\"elementor-widget-wrap\">\n\t\t\t\t\t\t\t<\/div>\n\t\t<\/div>\n\t\t\t\t<div class=\"elementor-column elementor-col-25 elementor-inner-column elementor-element elementor-element-fb6ddc3\" data-id=\"fb6ddc3\" data-element_type=\"column\" data-settings=\"{&quot;background_background&quot;:&quot;classic&quot;}\">\n\t\t\t<div class=\"elementor-widget-wrap elementor-element-populated\">\n\t\t\t\t\t\t<div class=\"elementor-element elementor-element-72e48fb elementor-widget elementor-widget-text-editor\" data-id=\"72e48fb\" data-element_type=\"widget\" data-widget_type=\"text-editor.default\">\n\t\t\t\t<div class=\"elementor-widget-container\">\n\t\t\t\t\t\t\t\t\t<p>Mis palabras suelen deslizarse suavemente por mi lengua, salivando la tinta que encapsula mi pensamiento si digo que juego con la verdad, pues las falacias de mi vida suelen esconderse y me atormentan sin piedad. He logrado entender que lo que veo no siempre es realidad, en mis sue\u00f1os ya no logro volar, acurrucado en una bola me quiero quedar, hasta que logro despertar, el arco iris queda despu\u00e9s de la tempestad, el atardecer se esconde en lo alto de la monta\u00f1a y aqu\u00ed me quedo yo, en el lago de mis l\u00e1grimas, con sonidos de p\u00e1jaros que vuelan sin parar, en busca de un sentido, en busca de un hogar.\u00a0<\/p>\t\t\t\t\t\t\t\t<\/div>\n\t\t\t\t<\/div>\n\t\t\t\t\t<\/div>\n\t\t<\/div>\n\t\t\t\t<div class=\"elementor-column elementor-col-25 elementor-inner-column elementor-element elementor-element-80c4753\" data-id=\"80c4753\" data-element_type=\"column\" data-settings=\"{&quot;background_background&quot;:&quot;classic&quot;}\">\n\t\t\t<div class=\"elementor-widget-wrap elementor-element-populated\">\n\t\t\t\t\t\t<div class=\"elementor-element elementor-element-650bbbc elementor-widget elementor-widget-image\" data-id=\"650bbbc\" data-element_type=\"widget\" data-widget_type=\"image.default\">\n\t\t\t\t<div class=\"elementor-widget-container\">\n\t\t\t\t\t\t\t\t\t\t\t\t\t\t\t<img fetchpriority=\"high\" decoding=\"async\" width=\"1024\" height=\"812\" src=\"https:\/\/www.javeriana.edu.co\/muestrasartesjaveriana\/wp-content\/uploads\/2021\/05\/02-5-1024x812.jpg\" class=\"attachment-large size-large wp-image-7932\" alt=\"\" srcset=\"https:\/\/www.javeriana.edu.co\/muestrasartesjaveriana\/wp-content\/uploads\/2021\/05\/02-5-1024x812.jpg 1024w, https:\/\/www.javeriana.edu.co\/muestrasartesjaveriana\/wp-content\/uploads\/2021\/05\/02-5-300x238.jpg 300w, https:\/\/www.javeriana.edu.co\/muestrasartesjaveriana\/wp-content\/uploads\/2021\/05\/02-5-768x609.jpg 768w, https:\/\/www.javeriana.edu.co\/muestrasartesjaveriana\/wp-content\/uploads\/2021\/05\/02-5-1536x1218.jpg 1536w, https:\/\/www.javeriana.edu.co\/muestrasartesjaveriana\/wp-content\/uploads\/2021\/05\/02-5.jpg 2048w\" sizes=\"(max-width: 1024px) 100vw, 1024px\" \/>\t\t\t\t\t\t\t\t\t\t\t\t\t\t\t<\/div>\n\t\t\t\t<\/div>\n\t\t\t\t\t<\/div>\n\t\t<\/div>\n\t\t\t\t<div class=\"elementor-column elementor-col-25 elementor-inner-column elementor-element elementor-element-6583d86\" data-id=\"6583d86\" data-element_type=\"column\">\n\t\t\t<div class=\"elementor-widget-wrap\">\n\t\t\t\t\t\t\t<\/div>\n\t\t<\/div>\n\t\t\t\t\t<\/div>\n\t\t<\/section>\n\t\t\t\t<section class=\"elementor-section elementor-inner-section elementor-element elementor-element-25020ac elementor-section-boxed elementor-section-height-default elementor-section-height-default\" data-id=\"25020ac\" data-element_type=\"section\">\n\t\t\t\t\t\t<div class=\"elementor-container elementor-column-gap-default\">\n\t\t\t\t\t<div class=\"elementor-column elementor-col-25 elementor-inner-column elementor-element elementor-element-605c360\" data-id=\"605c360\" data-element_type=\"column\">\n\t\t\t<div class=\"elementor-widget-wrap\">\n\t\t\t\t\t\t\t<\/div>\n\t\t<\/div>\n\t\t\t\t<div class=\"elementor-column elementor-col-25 elementor-inner-column elementor-element elementor-element-10fda58\" data-id=\"10fda58\" data-element_type=\"column\" data-settings=\"{&quot;background_background&quot;:&quot;classic&quot;}\">\n\t\t\t<div class=\"elementor-widget-wrap elementor-element-populated\">\n\t\t\t\t\t\t<div class=\"elementor-element elementor-element-599c37f elementor-widget elementor-widget-image\" data-id=\"599c37f\" data-element_type=\"widget\" data-widget_type=\"image.default\">\n\t\t\t\t<div class=\"elementor-widget-container\">\n\t\t\t\t\t\t\t\t\t\t\t\t\t\t\t<img decoding=\"async\" width=\"725\" height=\"1024\" src=\"https:\/\/www.javeriana.edu.co\/muestrasartesjaveriana\/wp-content\/uploads\/2021\/05\/03-2-scaled-e1622073196442-725x1024.jpg\" class=\"attachment-large size-large wp-image-7933\" alt=\"\" srcset=\"https:\/\/www.javeriana.edu.co\/muestrasartesjaveriana\/wp-content\/uploads\/2021\/05\/03-2-scaled-e1622073196442-725x1024.jpg 725w, https:\/\/www.javeriana.edu.co\/muestrasartesjaveriana\/wp-content\/uploads\/2021\/05\/03-2-scaled-e1622073196442-212x300.jpg 212w, https:\/\/www.javeriana.edu.co\/muestrasartesjaveriana\/wp-content\/uploads\/2021\/05\/03-2-scaled-e1622073196442-768x1085.jpg 768w, https:\/\/www.javeriana.edu.co\/muestrasartesjaveriana\/wp-content\/uploads\/2021\/05\/03-2-scaled-e1622073196442-1087x1536.jpg 1087w, https:\/\/www.javeriana.edu.co\/muestrasartesjaveriana\/wp-content\/uploads\/2021\/05\/03-2-scaled-e1622073196442.jpg 1440w\" sizes=\"(max-width: 725px) 100vw, 725px\" \/>\t\t\t\t\t\t\t\t\t\t\t\t\t\t\t<\/div>\n\t\t\t\t<\/div>\n\t\t\t\t\t<\/div>\n\t\t<\/div>\n\t\t\t\t<div class=\"elementor-column elementor-col-25 elementor-inner-column elementor-element elementor-element-b3c5136\" data-id=\"b3c5136\" data-element_type=\"column\" data-settings=\"{&quot;background_background&quot;:&quot;classic&quot;}\">\n\t\t\t<div class=\"elementor-widget-wrap elementor-element-populated\">\n\t\t\t\t\t\t<div class=\"elementor-element elementor-element-40cda4a elementor-widget elementor-widget-text-editor\" data-id=\"40cda4a\" data-element_type=\"widget\" data-widget_type=\"text-editor.default\">\n\t\t\t\t<div class=\"elementor-widget-container\">\n\t\t\t\t\t\t\t\t\t<div id=\"comp-kotbashd\" class=\"_2bafp\" data-testid=\"richTextElement\">\u00a0<\/div><div id=\"comp-kotbjwrk\" class=\"Ued3M\" title=\"\"><div class=\"_2edl5\" data-testid=\"linkElement\"><div class=\"_1K4Go\">\u00a0<\/div><\/div><\/div><div id=\"comp-kouo506e\" class=\"_2bafp\" data-testid=\"richTextElement\"><p class=\"font_7\"><span class=\"color_25\">\u00a0Yo me pregunto a veces por ese &#8220;hogar&#8221;, el nido que me dice &#8220;aqu\u00ed es donde debes estar&#8221;.\u00a0<\/span><\/p><p class=\"font_7\"><span class=\"color_25\">Mis sentimientos y recuerdos logran pintar unos indicios de identidad, una no hallada, un acertijo que no para de enga\u00f1ar. Hay figuras y sombras que duermen conmigo en mi cama, hay luces y sombras que rodean mi alma, mi cuerpo se cansa, mis ojos se cierran, el aire que entra es fr\u00edo y me quema. Unos llantos silenciosos que asustan a cualquiera, mientras yo froto mis manos escribiendo poemas.<\/span><\/p><p class=\"font_7\" style=\"text-align: right;\"><em><span class=\"color_25\">Jaime<\/span><\/em><\/p><\/div>\t\t\t\t\t\t\t\t<\/div>\n\t\t\t\t<\/div>\n\t\t\t\t<div class=\"elementor-element elementor-element-35f0e00 elementor-widget elementor-widget-vapfem_audio_player\" data-id=\"35f0e00\" data-element_type=\"widget\" data-widget_type=\"vapfem_audio_player.default\">\n\t\t\t\t<div class=\"elementor-widget-container\">\n\t\t\t\t\t        <audio\r\n            class=\"vapfem_player vapfem_audio\" \r\n            data-settings='{\"muted\":\"false\",\"seek_time\":10,\"tooltips_seek\":\"true\",\"invertTime\":\"true\",\"speed_selected\":\"1\",\"controls\":[\"play\",\"progress\"],\"debug_mode\":\"false\"}' \r\n                         \r\n            preload=\"upload\"\r\n        >\r\n            <source\r\n                src=\"https:\/\/www.javeriana.edu.co\/muestrasartesjaveriana\/wp-content\/uploads\/2021\/05\/Audio-01-2.mp3\"\r\n                type=\"audio\/mp3\"\r\n            \/>\r\n        <\/audio>\r\n        \t\t\t\t<\/div>\n\t\t\t\t<\/div>\n\t\t\t\t\t<\/div>\n\t\t<\/div>\n\t\t\t\t<div class=\"elementor-column elementor-col-25 elementor-inner-column elementor-element elementor-element-1882c8a\" data-id=\"1882c8a\" data-element_type=\"column\">\n\t\t\t<div class=\"elementor-widget-wrap\">\n\t\t\t\t\t\t\t<\/div>\n\t\t<\/div>\n\t\t\t\t\t<\/div>\n\t\t<\/section>\n\t\t\t\t<div class=\"elementor-element elementor-element-9bdbd1a elementor-widget elementor-widget-spacer\" data-id=\"9bdbd1a\" data-element_type=\"widget\" data-widget_type=\"spacer.default\">\n\t\t\t\t<div class=\"elementor-widget-container\">\n\t\t\t\t\t\t\t<div class=\"elementor-spacer\">\n\t\t\t<div class=\"elementor-spacer-inner\"><\/div>\n\t\t<\/div>\n\t\t\t\t\t\t<\/div>\n\t\t\t\t<\/div>\n\t\t\t\t<section class=\"elementor-section elementor-inner-section elementor-element elementor-element-145a415 elementor-section-boxed elementor-section-height-default elementor-section-height-default\" data-id=\"145a415\" data-element_type=\"section\">\n\t\t\t\t\t\t<div class=\"elementor-container elementor-column-gap-default\">\n\t\t\t\t\t<div class=\"elementor-column elementor-col-33 elementor-inner-column elementor-element elementor-element-f4f516f\" data-id=\"f4f516f\" data-element_type=\"column\">\n\t\t\t<div class=\"elementor-widget-wrap\">\n\t\t\t\t\t\t\t<\/div>\n\t\t<\/div>\n\t\t\t\t<div class=\"elementor-column elementor-col-33 elementor-inner-column elementor-element elementor-element-93c214e\" data-id=\"93c214e\" data-element_type=\"column\" data-settings=\"{&quot;background_background&quot;:&quot;classic&quot;}\">\n\t\t\t<div class=\"elementor-widget-wrap elementor-element-populated\">\n\t\t\t\t\t\t<div class=\"elementor-element elementor-element-0781dc5 elementor-widget elementor-widget-text-editor\" data-id=\"0781dc5\" data-element_type=\"widget\" data-widget_type=\"text-editor.default\">\n\t\t\t\t<div class=\"elementor-widget-container\">\n\t\t\t\t\t\t\t\t\t<p class=\"font_8\" style=\"text-align: center;\"><strong><span class=\"color_15\">Fuera de \u00f3rbita<\/span><\/strong><\/p><p class=\"font_8\" style=\"text-align: center;\"><span class=\"color_15\">Mi cuerpo es cansancio, me acurruco en mi vientre, donde los hielos formados en mis extremidades se desvanecen. No siento mis brazos ni mis piernas, mis brazos se mecen hacia adelante y hacia atr\u00e1s, mis manos andan fr\u00e1giles y deprimidas al no lograr encontrarse en ning\u00fan punto de su trayectoria, pues al momento de cruzarse interfiere un muro que les separa. Est\u00e1n llenas de morados, golpes y cortadas que aparecen por su ceguera amorosa por estar unidas; son ajenas a mi, tienen vida propia y por estar mir\u00e1ndose la una a la otra se estrellan contra lo que sit\u00fae enfrente.\u00a0<br \/><\/span><span class=\"color_15\">Mis ojos viven perdidos en la inmensidad del cielo, llevan a mi mente miles de im\u00e1genes al ver la luna gorda y redonda que aparece a trav\u00e9s de mi ventana. Quisiera estar acostada en medio del campo, en el pasto solo vi\u00e9ndola brillar, me picar\u00eda el cuerpo entero pero valdr\u00eda la pena. Los grillitos cantando se roban mi atenci\u00f3n y me pregunto \u00bfd\u00f3nde est\u00e1n? \u00bfpor qu\u00e9 nunca los veo si los escucho todas las noches cantar y arrullar mi sue\u00f1o? Seguro son tan t\u00edmidos como yo, un d\u00eda les conocer\u00e9, tendr\u00e9 paciencia.\u00a0 Siento que se me van a caer los dedos de los pies del fr\u00edo que tengo, y seguramente la punta de la nariz tambi\u00e9n. La nariz se rinde y queda congelada tras ahogarse bajo las cobijas, mientras los dedos del pie derecho se arrunchan los unos con los otros y se esconden bajo el metatarso del pie izquierdo, luego cambian y pasan la noche as\u00ed, hasta que una masa gorda y pesada llega a incomodar. Es mi gato. El fr\u00edo se ha ido. Hormigas comienzan a caminar en la punta de mis dedos hasta que ya no los siento. \u00bfSe habr\u00e1n ca\u00eddo mis dedos?<\/span><\/p><p class=\"font_8\" style=\"text-align: right;\"><em><span class=\"color_15\">Hannah<\/span><\/em><\/p>\t\t\t\t\t\t\t\t<\/div>\n\t\t\t\t<\/div>\n\t\t\t\t\t<\/div>\n\t\t<\/div>\n\t\t\t\t<div class=\"elementor-column elementor-col-33 elementor-inner-column elementor-element elementor-element-4f08b57\" data-id=\"4f08b57\" data-element_type=\"column\">\n\t\t\t<div class=\"elementor-widget-wrap\">\n\t\t\t\t\t\t\t<\/div>\n\t\t<\/div>\n\t\t\t\t\t<\/div>\n\t\t<\/section>\n\t\t\t\t<section class=\"elementor-section elementor-inner-section elementor-element elementor-element-be87d9f elementor-section-boxed elementor-section-height-default elementor-section-height-default\" data-id=\"be87d9f\" data-element_type=\"section\">\n\t\t\t\t\t\t<div class=\"elementor-container elementor-column-gap-default\">\n\t\t\t\t\t<div class=\"elementor-column elementor-col-33 elementor-inner-column elementor-element elementor-element-bf87ef5\" data-id=\"bf87ef5\" data-element_type=\"column\">\n\t\t\t<div class=\"elementor-widget-wrap elementor-element-populated\">\n\t\t\t\t\t\t<div class=\"elementor-element elementor-element-d0741c7 elementor-widget elementor-widget-button\" data-id=\"d0741c7\" data-element_type=\"widget\" data-widget_type=\"button.default\">\n\t\t\t\t<div class=\"elementor-widget-container\">\n\t\t\t\t\t\t\t\t\t<div class=\"elementor-button-wrapper\">\n\t\t\t\t\t<a class=\"elementor-button elementor-button-link elementor-size-sm\" href=\"https:\/\/www.javeriana.edu.co\/muestrasartesjaveriana\/arbol\">\n\t\t\t\t\t\t<span class=\"elementor-button-content-wrapper\">\n\t\t\t\t\t\t\t\t\t<span class=\"elementor-button-text\"><<\/span>\n\t\t\t\t\t<\/span>\n\t\t\t\t\t<\/a>\n\t\t\t\t<\/div>\n\t\t\t\t\t\t\t\t<\/div>\n\t\t\t\t<\/div>\n\t\t\t\t\t<\/div>\n\t\t<\/div>\n\t\t\t\t<div class=\"elementor-column elementor-col-33 elementor-inner-column elementor-element elementor-element-9c10b73\" data-id=\"9c10b73\" data-element_type=\"column\">\n\t\t\t<div class=\"elementor-widget-wrap\">\n\t\t\t\t\t\t\t<\/div>\n\t\t<\/div>\n\t\t\t\t<div class=\"elementor-column elementor-col-33 elementor-inner-column elementor-element elementor-element-2078b52\" data-id=\"2078b52\" data-element_type=\"column\">\n\t\t\t<div class=\"elementor-widget-wrap elementor-element-populated\">\n\t\t\t\t\t\t<div class=\"elementor-element elementor-element-a9d1cc8 elementor-align-right elementor-widget elementor-widget-button\" data-id=\"a9d1cc8\" data-element_type=\"widget\" data-widget_type=\"button.default\">\n\t\t\t\t<div class=\"elementor-widget-container\">\n\t\t\t\t\t\t\t\t\t<div class=\"elementor-button-wrapper\">\n\t\t\t\t\t<a class=\"elementor-button elementor-button-link elementor-size-sm\" href=\"https:\/\/www.javeriana.edu.co\/muestrasartesjaveriana\/nosotrxs\">\n\t\t\t\t\t\t<span class=\"elementor-button-content-wrapper\">\n\t\t\t\t\t\t\t\t\t<span class=\"elementor-button-text\">><\/span>\n\t\t\t\t\t<\/span>\n\t\t\t\t\t<\/a>\n\t\t\t\t<\/div>\n\t\t\t\t\t\t\t\t<\/div>\n\t\t\t\t<\/div>\n\t\t\t\t\t<\/div>\n\t\t<\/div>\n\t\t\t\t\t<\/div>\n\t\t<\/section>\n\t\t\t\t\t<\/div>\n\t\t<\/div>\n\t\t\t\t\t<\/div>\n\t\t<\/section>\n\t\t\t\t<section class=\"elementor-section elementor-top-section elementor-element elementor-element-ea5378f elementor-section-boxed elementor-section-height-default elementor-section-height-default\" data-id=\"ea5378f\" data-element_type=\"section\">\n\t\t\t\t\t\t<div class=\"elementor-container elementor-column-gap-default\">\n\t\t\t\t\t<div class=\"elementor-column elementor-col-100 elementor-top-column elementor-element elementor-element-af0432a\" data-id=\"af0432a\" data-element_type=\"column\">\n\t\t\t<div class=\"elementor-widget-wrap\">\n\t\t\t\t\t\t\t<\/div>\n\t\t<\/div>\n\t\t\t\t\t<\/div>\n\t\t<\/section>\n\t\t\t\t<\/div>\n\t\t","protected":false},"excerpt":{"rendered":"<p>Mis palabras suelen deslizarse suavemente por mi lengua, salivando la tinta que encapsula mi pensamiento si digo que juego con la verdad, pues las falacias de mi vida suelen esconderse y me atormentan sin piedad. He logrado entender que lo que veo no siempre es realidad, en mis sue\u00f1os ya no logro volar, acurrucado en&hellip;&nbsp;<a href=\"https:\/\/www.javeriana.edu.co\/muestrasartesjaveriana\/cosecha\/\" class=\"\" rel=\"bookmark\">Leer m\u00e1s &raquo;<span class=\"screen-reader-text\">Cosecha<\/span><\/a><\/p>\n","protected":false},"author":1,"featured_media":0,"parent":0,"menu_order":0,"comment_status":"closed","ping_status":"closed","template":"page-templates\/template-pagebuilder-full-width.php","meta":{"_coblocks_attr":"","_coblocks_dimensions":"","_coblocks_responsive_height":"","_coblocks_accordion_ie_support":"","neve_meta_sidebar":"full-width","neve_meta_container":"","neve_meta_enable_content_width":"on","neve_meta_content_width":100,"neve_meta_title_alignment":"","neve_meta_author_avatar":"","neve_post_elements_order":"","neve_meta_disable_header":"","neve_meta_disable_footer":"","neve_meta_disable_title":"","footnotes":""},"_links":{"self":[{"href":"https:\/\/www.javeriana.edu.co\/muestrasartesjaveriana\/wp-json\/wp\/v2\/pages\/7876"}],"collection":[{"href":"https:\/\/www.javeriana.edu.co\/muestrasartesjaveriana\/wp-json\/wp\/v2\/pages"}],"about":[{"href":"https:\/\/www.javeriana.edu.co\/muestrasartesjaveriana\/wp-json\/wp\/v2\/types\/page"}],"author":[{"embeddable":true,"href":"https:\/\/www.javeriana.edu.co\/muestrasartesjaveriana\/wp-json\/wp\/v2\/users\/1"}],"replies":[{"embeddable":true,"href":"https:\/\/www.javeriana.edu.co\/muestrasartesjaveriana\/wp-json\/wp\/v2\/comments?post=7876"}],"version-history":[{"count":51,"href":"https:\/\/www.javeriana.edu.co\/muestrasartesjaveriana\/wp-json\/wp\/v2\/pages\/7876\/revisions"}],"predecessor-version":[{"id":9044,"href":"https:\/\/www.javeriana.edu.co\/muestrasartesjaveriana\/wp-json\/wp\/v2\/pages\/7876\/revisions\/9044"}],"wp:attachment":[{"href":"https:\/\/www.javeriana.edu.co\/muestrasartesjaveriana\/wp-json\/wp\/v2\/media?parent=7876"}],"curies":[{"name":"wp","href":"https:\/\/api.w.org\/{rel}","templated":true}]}}