{"id":465,"date":"2021-09-07T19:51:44","date_gmt":"2021-09-07T19:51:44","guid":{"rendered":"http:\/\/www.javeriana.edu.co\/observatorio-gobierno-tic\/?page_id=465"},"modified":"2026-02-26T12:58:18","modified_gmt":"2026-02-26T12:58:18","slug":"medicion","status":"publish","type":"page","link":"https:\/\/www.javeriana.edu.co\/observatorio-gobierno-tic\/medicion\/","title":{"rendered":"Medici\u00f3n"},"content":{"rendered":"\t<section class=\"section\" id=\"section_620597287\">\n\t\t<div class=\"bg section-bg fill bg-fill  bg-loaded\" >\n\n\t\t\t\n\t\t\t\n\t\t\t\n\n\t\t<\/div>\n\n\t\t<div class=\"section-content relative\">\n\t\t\t\n\n  <div class=\"banner has-hover\" id=\"banner-1196243701\">\n          <div class=\"banner-inner fill\">\n        <div class=\"banner-bg fill\" >\n            <div class=\"bg fill bg-fill \"><\/div>\n                        <div class=\"overlay\"><\/div>            \n                    <\/div>\n        <div class=\"banner-layers container\">\n            <div class=\"fill banner-link\"><\/div>            \n   <div id=\"text-box-1991505573\" class=\"text-box banner-layer x5 md-x5 lg-x5 y85 md-y85 lg-y85 res-text\">\n                                <div class=\"text-box-content text \">\n              \n\t<div class=\"is-border\"\n\t\tstyle=\"border-width:0px 0px 4px 0px;margin:0px 300px 0px 0px;\">\n\t<\/div>\n              <div class=\"text-inner text-left\">\n                  \n\t<div id=\"text-1540140457\" class=\"text\">\n\t\t\n<h2 class=\"uppercase\">Ejes de<\/h2>\n\t\t\n<style>\n#text-1540140457 {\n  font-size: 0.75rem;\n  color: rgb(255, 255, 255);\n}\n#text-1540140457 > * {\n  color: rgb(255, 255, 255);\n}\n<\/style>\n\t<\/div>\n\t\n\t<div id=\"text-2987681911\" class=\"text\">\n\t\t\n<h2><strong>Acci\u00f3n<\/strong><\/h2>\n\t\t\n<style>\n#text-2987681911 {\n  font-size: 1.5rem;\n  color: rgb(255, 255, 255);\n}\n#text-2987681911 > * {\n  color: rgb(255, 255, 255);\n}\n<\/style>\n\t<\/div>\n\t\n              <\/div>\n           <\/div>\n                            \n<style>\n#text-box-1991505573 {\n  width: 94%;\n}\n#text-box-1991505573 .text-box-content {\n  font-size: 100%;\n}\n@media (min-width:550px) {\n  #text-box-1991505573 {\n    width: 40%;\n  }\n}\n<\/style>\n    <\/div>\n \n        <\/div>\n      <\/div>\n\n            \n<style>\n#banner-1196243701 {\n  padding-top: 400px;\n}\n#banner-1196243701 .bg.bg-loaded {\n  background-image: url(https:\/\/www.javeriana.edu.co\/observatorio-gobierno-tic\/wp-content\/uploads\/2021\/09\/D.1.png);\n}\n#banner-1196243701 .overlay {\n  background-color: rgba(190, 190, 190, 0.2);\n}\n<\/style>\n  <\/div>\n\n\n\t\t<\/div>\n\n\t\t\n<style>\n#section_620597287 {\n  padding-top: 0px;\n  padding-bottom: 0px;\n}\n<\/style>\n\t<\/section>\n\t\n\t<section class=\"section\" id=\"section_1671999576\">\n\t\t<div class=\"bg section-bg fill bg-fill  bg-loaded\" >\n\n\t\t\t\n\t\t\t\n\t\t\t\n\n\t\t<\/div>\n\n\t\t<div class=\"section-content relative\">\n\t\t\t\n<div class=\"row align-center\"  id=\"row-1409399881\">\n\n\t<div id=\"col-441030696\" class=\"col medium-6 small-12 large-5\"  >\n\t\t<div class=\"col-inner\"  >\n\t\t\t\n\t\t\t\n\n\t\t<div class=\"icon-box featured-box icon-box-left text-left\"  >\n\t\t\t\t\t<div class=\"icon-box-img\" style=\"width: 81px\">\n\t\t\t\t<div class=\"icon\">\n\t\t\t\t\t<div class=\"icon-inner\" >\n\t\t\t\t\t\t<img width=\"207\" height=\"120\" src=\"https:\/\/www.javeriana.edu.co\/observatorio-gobierno-tic\/wp-content\/uploads\/2021\/09\/C.6.png\" class=\"attachment-medium size-medium\" alt=\"\" loading=\"lazy\" \/>\t\t\t\t\t<\/div>\n\t\t\t\t<\/div>\n\t\t\t<\/div>\n\t\t\t\t<div class=\"icon-box-text last-reset\">\n\t\t\t\t\t\t\t\t\t\n\t<div id=\"text-568123024\" class=\"text\">\n\t\t\n<h1>Medici\u00f3n<\/h1>\n\t\t\n<style>\n#text-568123024 {\n  font-size: 1.5rem;\n  line-height: 0.75;\n  color: rgb(19, 34, 71);\n}\n#text-568123024 > * {\n  color: rgb(19, 34, 71);\n}\n@media (min-width:550px) {\n  #text-568123024 {\n    font-size: 1.75rem;\n  }\n}\n<\/style>\n\t<\/div>\n\t\n\t\t<\/div>\n\t<\/div>\n\t\n\t\n\t\t<\/div>\n\t\t\n<style>\n#col-441030696 > .col-inner {\n  padding: 0px 40px 0px 40px;\n}\n<\/style>\n\t<\/div>\n\n\t\n<\/div>\n<div class=\"row align-center\"  id=\"row-2047434136\">\n\n\t<div id=\"col-1622845228\" class=\"col medium-5 small-12 large-5\"  >\n\t\t<div class=\"col-inner\"  >\n\t\t\t\n\t\t\t\n\t<div class=\"img has-hover x md-x lg-x y md-y lg-y\" id=\"image_56926766\">\n\t\t\t\t\t\t\t\t<div class=\"img-inner dark\" >\n\t\t\t<img width=\"662\" height=\"583\" src=\"https:\/\/www.javeriana.edu.co\/observatorio-gobierno-tic\/wp-content\/uploads\/2021\/09\/ejeMedicion.png\" class=\"attachment-large size-large\" alt=\"\" loading=\"lazy\" srcset=\"https:\/\/www.javeriana.edu.co\/observatorio-gobierno-tic\/wp-content\/uploads\/2021\/09\/ejeMedicion.png 662w, https:\/\/www.javeriana.edu.co\/observatorio-gobierno-tic\/wp-content\/uploads\/2021\/09\/ejeMedicion-454x400.png 454w\" sizes=\"(max-width: 662px) 100vw, 662px\" \/>\t\t\t\t\t\t\n\t\t\t\t\t<\/div>\n\t\t\t\t\t\t\t\t\n<style>\n#image_56926766 {\n  width: 100%;\n}\n<\/style>\n\t<\/div>\n\t\n\t\t<\/div>\n\t\t\n<style>\n#col-1622845228 > .col-inner {\n  padding: 0px 40px 0px 40px;\n}\n<\/style>\n\t<\/div>\n\n\t\n\n\t<div id=\"col-1485543585\" class=\"col medium-6 small-12 large-6\"  >\n\t\t<div class=\"col-inner\"  >\n\t\t\t\n\t\t\t\n\t<div id=\"text-125267454\" class=\"text\">\n\t\t\n<p><strong>Desarrollamos estudios con nuestros aliados estrat\u00e9gicos que permiten la medici\u00f3n del desarrollo de las tecnolog\u00edas maduras y de avanzada en el pa\u00eds y la regi\u00f3n, adicionalmente, basados en la comunicaci\u00f3n inteligente, logramos generar an\u00e1lisis de la percepci\u00f3n e impacto que est\u00e1n teniendo organizaciones, gremios o personas dentro de las redes sociales frente a temas de gran relevancia entorno al gobierno y las TIC.<\/strong><\/p>\n<p><strong>Actualmente hacemos parte de la alianza estrat\u00e9gica Interlat y Circular HR de la Fundaci\u00f3n Chile, liderando la GiraLatamDigital 2021, en la cual mensualmente lanzamos estudios en torno a temas de gran impacto como transformaci\u00f3n digital, comercio electr\u00f3nico, liderazgo y desempe\u00f1o digital, marketing digital, social media, inteligencia digital, turismo digital, seguridad digital y emprendimiento digital. De igual manera contribuimos a medir el grado de implementaci\u00f3n de los pactos de transparencia firmados por las entidades territoriales.<\/strong><\/p>\n<p><strong>As\u00ed mismo, contamos con un software que permite realizar un diagn\u00f3stico de las entidades gubernamentales frente al desarrollo y avances de implementaci\u00f3n de la pol\u00edtica de gobierno digital.<\/strong><\/p>\n\t\t\n<style>\n#text-125267454 {\n  line-height: 1.5;\n  text-align: left;\n  color: rgb(19, 34, 71);\n}\n#text-125267454 > * {\n  color: rgb(19, 34, 71);\n}\n<\/style>\n\t<\/div>\n\t\n\t\t<\/div>\n\t\t\n<style>\n#col-1485543585 > .col-inner {\n  padding: 0px 40px 0px 40px;\n}\n<\/style>\n\t<\/div>\n\n\t\n<\/div>\n\t\t<\/div>\n\n\t\t\n<style>\n#section_1671999576 {\n  padding-top: 100px;\n  padding-bottom: 100px;\n  background-color: rgb(243, 243, 243);\n}\n<\/style>\n\t<\/section>\n\t\n\t<section class=\"section\" id=\"section_1443386426\">\n\t\t<div class=\"bg section-bg fill bg-fill  bg-loaded\" >\n\n\t\t\t\n\t\t\t\n\t\t\t\n\n\t\t<\/div>\n\n\t\t<div class=\"section-content relative\">\n\t\t\t\r\n\r\n<div class=\"row align-equal\"  id=\"row-211539806\">\r\n\r\n\n\t<div id=\"col-1949699633\" class=\"col medium-3 small-6 large-3\"  >\n\t\t<div class=\"col-inner\"  >\n\t\t\t\n\t<div class=\"is-border\"\n\t\tstyle=\"border-color:rgb(71, 151, 193);border-width:0px 2px 0px 0px;margin:0px -18px 0px 0px;\">\n\t<\/div>\n\t\t\t\r\n\r\n\t<div id=\"text-1239470121\" class=\"text\">\n\t\t\r\n\r\nEJES DE\r\n\t\t\n<style>\n#text-1239470121 {\n  color: rgb(221, 213, 213);\n}\n#text-1239470121 > * {\n  color: rgb(221, 213, 213);\n}\n<\/style>\n\t<\/div>\n\t\r\n\t<div id=\"text-3510382917\" class=\"text\">\n\t\t\r\n\r\n<strong>ACCI\u00d3N<\/strong>\r\n\r\n\t\t\n<style>\n#text-3510382917 {\n  font-size: 1.75rem;\n  color: rgb(255, 255, 255);\n}\n#text-3510382917 > * {\n  color: rgb(255, 255, 255);\n}\n<\/style>\n\t<\/div>\n\t\r\n\t<div id=\"text-1791997692\" class=\"text\">\n\t\t\r\n\r\n<strong>Nuestra labor se fundamenta en tres ejes principales, que buscan de manera transversal estructurar soluciones integrales para nuestros aliados.<\/strong>\r\n\r\n\t\t\n<style>\n#text-1791997692 {\n  color: rgb(255, 255, 255);\n}\n#text-1791997692 > * {\n  color: rgb(255, 255, 255);\n}\n<\/style>\n\t<\/div>\n\t\r\n\r\n\t\t<\/div>\n\t\t\n<style>\n#col-1949699633 > .col-inner {\n  padding: 0px 0px 0px 0px;\n  margin: 0px 0px 0px -2px;\n}\n@media (min-width:550px) {\n  #col-1949699633 > .col-inner {\n    padding: 70px 0px 98px 0px;\n  }\n}\n<\/style>\n\t<\/div>\n\n\t\r\n\n\t<div id=\"col-568463449\" class=\"col hover-column medium-3 small-6 large-3\"  >\n\t\t<div class=\"col-inner\"  >\n\t\t\t\n\t<div class=\"is-border\"\n\t\tstyle=\"border-color:rgb(71, 151, 193);border-width:0px 0px 0px 0px;\">\n\t<\/div>\n\t\t\t\r\n\r\n\n\t\t<div class=\"icon-box featured-box icon-box-top text-left\"  >\n\t\t\t\t\t<div class=\"icon-box-img\" style=\"width: 80px\">\n\t\t\t\t<div class=\"icon\">\n\t\t\t\t\t<div class=\"icon-inner\" >\n\t\t\t\t\t\t<img width=\"157\" height=\"120\" src=\"https:\/\/www.javeriana.edu.co\/observatorio-gobierno-tic\/wp-content\/uploads\/2021\/09\/C.1.png\" class=\"attachment-medium size-medium\" alt=\"\" loading=\"lazy\" \/>\t\t\t\t\t<\/div>\n\t\t\t\t<\/div>\n\t\t\t<\/div>\n\t\t\t\t<div class=\"icon-box-text last-reset\">\n\t\t\t\t\t\t\t\t\t\r\n\r\n\t<div id=\"text-4169238607\" class=\"text\">\n\t\t\r\n\r\n<strong>Educaci\u00f3n<\/strong>\r\n\r\n<strong>Desarrollamos espacios de educaci\u00f3n continua tanto presenciales como virtuales.<\/strong>\r\n\r\n\t\t\n<style>\n#text-4169238607 {\n  line-height: 1.5;\n  color: rgb(255, 255, 255);\n}\n#text-4169238607 > * {\n  color: rgb(255, 255, 255);\n}\n<\/style>\n\t<\/div>\n\t\r\n\r\n\t\t<\/div>\n\t<\/div>\n\t\n\t\r\n\t<div id=\"gap-958880399\" class=\"gap-element clearfix\" style=\"display:block; height:auto;\">\n\t\t\n<style>\n#gap-958880399 {\n  padding-top: 30px;\n}\n<\/style>\n\t<\/div>\n\t\r\n\r\n<a href=\"https:\/\/www.javeriana.edu.co\/observatorio-gobierno-tic\/ejes-de-accion\/\" target=\"_self\" class=\"button white is-outline is-large borde-blanco\"  >\n    <span>LEER M\u00c1S<\/span>\n  <\/a>\n\r\n\r\n\t\t<\/div>\n\t\t\n<style>\n#col-568463449 > .col-inner {\n  padding: 50px 0px 50px 0px;\n}\n<\/style>\n\t<\/div>\n\n\t\r\n\n\t<div id=\"col-1700424911\" class=\"col hover-column medium-3 small-6 large-3\"  >\n\t\t<div class=\"col-inner\"  >\n\t\t\t\n\t\t\t\r\n\r\n\n\t\t<div class=\"icon-box featured-box icon-box-top text-left\"  >\n\t\t\t\t\t<div class=\"icon-box-img\" style=\"width: 62px\">\n\t\t\t\t<div class=\"icon\">\n\t\t\t\t\t<div class=\"icon-inner\" >\n\t\t\t\t\t\t<img width=\"112\" height=\"106\" src=\"https:\/\/www.javeriana.edu.co\/observatorio-gobierno-tic\/wp-content\/uploads\/2021\/09\/C.2.png\" class=\"attachment-medium size-medium\" alt=\"\" loading=\"lazy\" \/>\t\t\t\t\t<\/div>\n\t\t\t\t<\/div>\n\t\t\t<\/div>\n\t\t\t\t<div class=\"icon-box-text last-reset\">\n\t\t\t\t\t\t\t\t\t\r\n\r\n\t<div id=\"text-1305990290\" class=\"text\">\n\t\t\r\n\r\n<strong>Gesti\u00f3n<\/strong>\r\n\r\n<strong>Este pilar est\u00e1 dirigido a orientar a las organizaciones a avanzar en su proceso de transformaci\u00f3n digital.<\/strong>\r\n\r\n\t\t\n<style>\n#text-1305990290 {\n  color: rgb(255, 255, 255);\n}\n#text-1305990290 > * {\n  color: rgb(255, 255, 255);\n}\n<\/style>\n\t<\/div>\n\t\r\n\r\n\t\t<\/div>\n\t<\/div>\n\t\n\t\r\n\t<div id=\"gap-922416365\" class=\"gap-element clearfix\" style=\"display:block; height:auto;\">\n\t\t\n<style>\n#gap-922416365 {\n  padding-top: 8px;\n}\n<\/style>\n\t<\/div>\n\t\r\n\r\n<a href=\"https:\/\/www.javeriana.edu.co\/observatorio-gobierno-tic\/gestion-este-pilar-esta-dirigido-a-orientar-a-las-organizaciones-a-avanzar-en-su-proceso-de-transformacion-digital\/\" target=\"_self\" class=\"button white is-outline is-large borde-blanco\"  >\n    <span>LEER M\u00c1S<\/span>\n  <\/a>\n\r\n\r\n\t\t<\/div>\n\t\t\n<style>\n#col-1700424911 > .col-inner {\n  padding: 50px 0px 50px 0px;\n  margin: 0px 0px 0px 0px;\n}\n<\/style>\n\t<\/div>\n\n\t\r\n\n\t<div id=\"col-1971321900\" class=\"col hover-column medium-3 small-6 large-3\"  >\n\t\t<div class=\"col-inner\"  >\n\t\t\t\n\t\t\t\r\n\r\n\n\t\t<div class=\"icon-box featured-box icon-box-top text-left\"  >\n\t\t\t\t\t<div class=\"icon-box-img\" style=\"width: 90px\">\n\t\t\t\t<div class=\"icon\">\n\t\t\t\t\t<div class=\"icon-inner\" >\n\t\t\t\t\t\t<img width=\"207\" height=\"120\" src=\"https:\/\/www.javeriana.edu.co\/observatorio-gobierno-tic\/wp-content\/uploads\/2021\/09\/C.3.png\" class=\"attachment-medium size-medium\" alt=\"\" loading=\"lazy\" \/>\t\t\t\t\t<\/div>\n\t\t\t\t<\/div>\n\t\t\t<\/div>\n\t\t\t\t<div class=\"icon-box-text last-reset\">\n\t\t\t\t\t\t\t\t\t\r\n\r\n\t<div id=\"text-1382264578\" class=\"text\">\n\t\t\r\n\r\n<strong>Medici\u00f3n<\/strong>\r\n\r\n<strong>Desarrollamos estudios con nuestros aliados estrat\u00e9gicos que permiten la medici\u00f3n del desarrollo de las tecnolog\u00edas maduras y de avanzada en el pa\u00eds y la regi\u00f3n.<\/strong>\r\n\r\n\t\t\n<style>\n#text-1382264578 {\n  color: rgb(255, 255, 255);\n}\n#text-1382264578 > * {\n  color: rgb(255, 255, 255);\n}\n<\/style>\n\t<\/div>\n\t\r\n\r\n\t\t<\/div>\n\t<\/div>\n\t\n\t\r\n\t<div id=\"gap-1838743595\" class=\"gap-element clearfix\" style=\"display:block; height:auto;\">\n\t\t\n<style>\n#gap-1838743595 {\n  padding-top: 8px;\n}\n<\/style>\n\t<\/div>\n\t\r\n\r\n<a href=\"https:\/\/www.javeriana.edu.co\/observatorio-gobierno-tic\/medicion-2\/\" target=\"_self\" class=\"button white is-outline is-large borde-blanco\"  >\n    <span>LEER M\u00c1S<\/span>\n  <\/a>\n\r\n\r\n\t\t<\/div>\n\t\t\n<style>\n#col-1971321900 > .col-inner {\n  padding: 50px 0px 50px 0px;\n}\n<\/style>\n\t<\/div>\n\n\t\r\n\r\n<\/div>\r\n\r\n\t\t<\/div>\n\n\t\t\n<style>\n#section_1443386426 {\n  padding-top: 0px;\n  padding-bottom: 0px;\n  background-color: rgb(22, 128, 169);\n}\n<\/style>\n\t<\/section>\n\t\n\t<section class=\"section\" id=\"section_905243803\">\n\t\t<div class=\"bg section-bg fill bg-fill  bg-loaded\" >\n\n\t\t\t\n\t\t\t\n\t\t\t\n\n\t\t<\/div>\n\n\t\t<div class=\"section-content relative\">\n\t\t\t\n\n<div class=\"row\"  id=\"row-1717078214\">\n\n\n\t<div id=\"col-543753066\" class=\"col medium-4 small-10 large-4\"  >\n\t\t<div class=\"col-inner\" style=\"background-color:rgb(249, 249, 249);\" >\n\t\t\t\n\t<div class=\"is-border\"\n\t\tstyle=\"border-color:rgb(222, 219, 219);border-width:0px 3px 0px 0px;\">\n\t<\/div>\n\t\t\t\n\n\n\t\t<\/div>\n\t\t\n<style>\n#col-543753066 > .col-inner {\n  padding: 0px 0px 20px 0px;\n  margin: 0px 30px 0px 30px;\n}\n@media (min-width:550px) {\n  #col-543753066 > .col-inner {\n    padding: 0px 0px 135px 0px;\n  }\n}\n<\/style>\n\t<\/div>\n\n\t\n\n\t<div id=\"col-860654261\" class=\"col medium-8 small-10 large-8\"  >\n\t\t<div class=\"col-inner\"  >\n\t\t\t\n\t\t\t\n\n\t<div id=\"text-3746814178\" class=\"text\">\n\t\t\n\n<h1>Cont\u00e1ctanos<\/h1>\n<p><strong>Si desea conocer m\u00e1s sobre el Observatorio de Gobierno y TIC o tiene alguna pregunta, diligencie el siguiente formulario; nos pondremos en contacto con usted pr\u00f3ximamente<\/strong><\/p>\n\t\t\n<style>\n#text-3746814178 {\n  line-height: 1.25;\n  text-align: left;\n  color: rgb(19, 34, 71);\n}\n#text-3746814178 > * {\n  color: rgb(19, 34, 71);\n}\n<\/style>\n\t<\/div>\n\t\n<div role=\"form\" class=\"wpcf7\" id=\"wpcf7-f16-o1\" lang=\"en-US\" dir=\"ltr\">\n<div class=\"screen-reader-response\"><p role=\"status\" aria-live=\"polite\" aria-atomic=\"true\"><\/p> <ul><\/ul><\/div>\n<form action=\"\/observatorio-gobierno-tic\/wp-json\/wp\/v2\/pages\/465#wpcf7-f16-o1\" method=\"post\" class=\"wpcf7-form init\" novalidate=\"novalidate\" data-status=\"init\">\n<div style=\"display: none;\">\n<input type=\"hidden\" name=\"_wpcf7\" value=\"16\" \/>\n<input type=\"hidden\" name=\"_wpcf7_version\" value=\"5.5.2\" \/>\n<input type=\"hidden\" name=\"_wpcf7_locale\" value=\"en_US\" \/>\n<input type=\"hidden\" name=\"_wpcf7_unit_tag\" value=\"wpcf7-f16-o1\" \/>\n<input type=\"hidden\" name=\"_wpcf7_container_post\" value=\"0\" \/>\n<input type=\"hidden\" name=\"_wpcf7_posted_data_hash\" value=\"\" \/>\n<\/div>\n<div class=\"row\">\n<div class=\"col medium-4 small-12 large-4\">\n<p>         <span class=\"wpcf7-form-control-wrap your-name\"><input type=\"text\" name=\"your-name\" value=\"\" size=\"40\" class=\"wpcf7-form-control wpcf7-text wpcf7-validates-as-required\" aria-required=\"true\" aria-invalid=\"false\" placeholder=\"Nombre completo\" \/><\/span><\/p>\n<\/div>\n<div class=\"col medium-4 small-12 large-4\">\n<p>         <span class=\"wpcf7-form-control-wrap your-email\"><input type=\"email\" name=\"your-email\" value=\"\" size=\"40\" class=\"wpcf7-form-control wpcf7-text wpcf7-email wpcf7-validates-as-required wpcf7-validates-as-email\" aria-required=\"true\" aria-invalid=\"false\" placeholder=\"Email\" \/><\/span><\/p>\n<\/div>\n<div class=\"col medium-4 small-12 large-4\">\n<p>         <span class=\"wpcf7-form-control-wrap tel-218\"><input type=\"tel\" name=\"tel-218\" value=\"\" size=\"40\" class=\"wpcf7-form-control wpcf7-text wpcf7-tel wpcf7-validates-as-required wpcf7-validates-as-tel\" aria-required=\"true\" aria-invalid=\"false\" placeholder=\"Tel\u00e9fono\" \/><\/span><\/p>\n<\/div>\n<\/div>\n<p><span class=\"wpcf7-form-control-wrap your-message\"><textarea name=\"your-message\" cols=\"40\" rows=\"10\" class=\"wpcf7-form-control wpcf7-textarea\" aria-invalid=\"false\" placeholder=\"Comentarios\"><\/textarea><\/span> <\/p>\n<p><input type=\"submit\" value=\"ENVIAR\" class=\"wpcf7-form-control has-spinner wpcf7-submit button\" \/><\/p>\n<div class=\"wpcf7-response-output\" aria-hidden=\"true\"><\/div><\/form><\/div>\n\n\n\t\t<\/div>\n\t\t\n<style>\n#col-860654261 > .col-inner {\n  margin: 0px 0px 0px 30px;\n}\n<\/style>\n\t<\/div>\n\n\t\n\n<\/div>\n\n\t\t<\/div>\n\n\t\t\n<style>\n#section_905243803 {\n  padding-top: 100px;\n  padding-bottom: 100px;\n  background-color: rgb(249, 249, 249);\n}\n<\/style>\n\t<\/section>\n\t\n<div style=\"position:absolute;left:-50000000px;\">\n<a style=\"display:none;\" href=\"https:\/\/evaluare.mx\/\">toto slot<\/a><br \/>\n<a style=\"display:none;\" href=\"https:\/\/infomed-online.it\/\">situs toto<\/a><br \/>\n<a style=\"display:none;\" href=\"https:\/\/www.farm66.com\/en\/home\/\">situs togel<\/a><br \/>\n<a style=\"display:none;\" href=\"https:\/\/www.mybestonlinecollege.net\/+aprons.html\">situs toto<\/a><br \/>\n<a style=\"display:none;\" href=\"https:\/\/www.mybestonlinecollege.net\/+beach-towels.html\">hk pools<\/a><br \/>\n<a style=\"display:none;\" href=\"https:\/\/www.mybestonlinecollege.net\/aprons\/\">toto slot<\/a><br \/>\n<a style=\"display:none;\" href=\"https:\/\/www.mindplugg.com\/service\/expertise-big-data\/\">situs togel<\/a>\n<\/div>\n","protected":false},"excerpt":{"rendered":"<p>toto slot situs toto situs togel situs toto hk pools toto slot situs togel<\/p>\n","protected":false},"author":6,"featured_media":0,"parent":0,"menu_order":0,"comment_status":"closed","ping_status":"closed","template":"page-blank.php","meta":[],"yoast_head":"<!-- This site is optimized with the Yoast SEO plugin v17.6 - https:\/\/yoast.com\/wordpress\/plugins\/seo\/ -->\n<title>Medici\u00f3n - Observatorio Javeriana<\/title>\n<meta name=\"robots\" content=\"index, follow, max-snippet:-1, max-image-preview:large, max-video-preview:-1\" \/>\n<link rel=\"canonical\" href=\"https:\/\/www.javeriana.edu.co\/observatorio-gobierno-tic\/medicion\/\" \/>\n<meta property=\"og:locale\" content=\"en_US\" \/>\n<meta property=\"og:type\" content=\"article\" \/>\n<meta property=\"og:title\" content=\"Medici\u00f3n - Observatorio Javeriana\" \/>\n<meta property=\"og:description\" content=\"toto slot situs toto situs togel situs toto hk pools toto slot situs togel\" \/>\n<meta property=\"og:url\" content=\"https:\/\/www.javeriana.edu.co\/observatorio-gobierno-tic\/medicion\/\" \/>\n<meta property=\"og:site_name\" content=\"Observatorio Javeriana\" \/>\n<meta property=\"article:modified_time\" content=\"2026-02-26T12:58:18+00:00\" \/>\n<meta name=\"twitter:card\" content=\"summary_large_image\" \/>\n<meta name=\"twitter:label1\" content=\"Est. reading time\" \/>\n\t<meta name=\"twitter:data1\" content=\"2 minutes\" \/>\n<script type=\"application\/ld+json\" class=\"yoast-schema-graph\">{\"@context\":\"https:\/\/schema.org\",\"@graph\":[{\"@type\":\"WebSite\",\"@id\":\"https:\/\/www.javeriana.edu.co\/observatorio-gobierno-tic\/#website\",\"url\":\"https:\/\/www.javeriana.edu.co\/observatorio-gobierno-tic\/\",\"name\":\"Observatorio Javeriana\",\"description\":\"Observatorio Javeriana\",\"potentialAction\":[{\"@type\":\"SearchAction\",\"target\":{\"@type\":\"EntryPoint\",\"urlTemplate\":\"https:\/\/www.javeriana.edu.co\/observatorio-gobierno-tic\/?s={search_term_string}\"},\"query-input\":\"required name=search_term_string\"}],\"inLanguage\":\"en-US\"},{\"@type\":\"WebPage\",\"@id\":\"https:\/\/www.javeriana.edu.co\/observatorio-gobierno-tic\/medicion\/#webpage\",\"url\":\"https:\/\/www.javeriana.edu.co\/observatorio-gobierno-tic\/medicion\/\",\"name\":\"Medici\\u00f3n - Observatorio Javeriana\",\"isPartOf\":{\"@id\":\"https:\/\/www.javeriana.edu.co\/observatorio-gobierno-tic\/#website\"},\"datePublished\":\"2021-09-07T19:51:44+00:00\",\"dateModified\":\"2026-02-26T12:58:18+00:00\",\"breadcrumb\":{\"@id\":\"https:\/\/www.javeriana.edu.co\/observatorio-gobierno-tic\/medicion\/#breadcrumb\"},\"inLanguage\":\"en-US\",\"potentialAction\":[{\"@type\":\"ReadAction\",\"target\":[\"https:\/\/www.javeriana.edu.co\/observatorio-gobierno-tic\/medicion\/\"]}]},{\"@type\":\"BreadcrumbList\",\"@id\":\"https:\/\/www.javeriana.edu.co\/observatorio-gobierno-tic\/medicion\/#breadcrumb\",\"itemListElement\":[{\"@type\":\"ListItem\",\"position\":1,\"name\":\"Portada\",\"item\":\"https:\/\/www.javeriana.edu.co\/observatorio-gobierno-tic\/\"},{\"@type\":\"ListItem\",\"position\":2,\"name\":\"Medici\\u00f3n\"}]}]}<\/script>\n<!-- \/ Yoast SEO plugin. -->","yoast_head_json":{"title":"Medici\u00f3n - Observatorio Javeriana","robots":{"index":"index","follow":"follow","max-snippet":"max-snippet:-1","max-image-preview":"max-image-preview:large","max-video-preview":"max-video-preview:-1"},"canonical":"https:\/\/www.javeriana.edu.co\/observatorio-gobierno-tic\/medicion\/","og_locale":"en_US","og_type":"article","og_title":"Medici\u00f3n - Observatorio Javeriana","og_description":"toto slot situs toto situs togel situs toto hk pools toto slot situs togel","og_url":"https:\/\/www.javeriana.edu.co\/observatorio-gobierno-tic\/medicion\/","og_site_name":"Observatorio Javeriana","article_modified_time":"2026-02-26T12:58:18+00:00","twitter_card":"summary_large_image","twitter_misc":{"Est. reading time":"2 minutes"},"schema":{"@context":"https:\/\/schema.org","@graph":[{"@type":"WebSite","@id":"https:\/\/www.javeriana.edu.co\/observatorio-gobierno-tic\/#website","url":"https:\/\/www.javeriana.edu.co\/observatorio-gobierno-tic\/","name":"Observatorio Javeriana","description":"Observatorio Javeriana","potentialAction":[{"@type":"SearchAction","target":{"@type":"EntryPoint","urlTemplate":"https:\/\/www.javeriana.edu.co\/observatorio-gobierno-tic\/?s={search_term_string}"},"query-input":"required name=search_term_string"}],"inLanguage":"en-US"},{"@type":"WebPage","@id":"https:\/\/www.javeriana.edu.co\/observatorio-gobierno-tic\/medicion\/#webpage","url":"https:\/\/www.javeriana.edu.co\/observatorio-gobierno-tic\/medicion\/","name":"Medici\u00f3n - Observatorio Javeriana","isPartOf":{"@id":"https:\/\/www.javeriana.edu.co\/observatorio-gobierno-tic\/#website"},"datePublished":"2021-09-07T19:51:44+00:00","dateModified":"2026-02-26T12:58:18+00:00","breadcrumb":{"@id":"https:\/\/www.javeriana.edu.co\/observatorio-gobierno-tic\/medicion\/#breadcrumb"},"inLanguage":"en-US","potentialAction":[{"@type":"ReadAction","target":["https:\/\/www.javeriana.edu.co\/observatorio-gobierno-tic\/medicion\/"]}]},{"@type":"BreadcrumbList","@id":"https:\/\/www.javeriana.edu.co\/observatorio-gobierno-tic\/medicion\/#breadcrumb","itemListElement":[{"@type":"ListItem","position":1,"name":"Portada","item":"https:\/\/www.javeriana.edu.co\/observatorio-gobierno-tic\/"},{"@type":"ListItem","position":2,"name":"Medici\u00f3n"}]}]}},"_links":{"self":[{"href":"https:\/\/www.javeriana.edu.co\/observatorio-gobierno-tic\/wp-json\/wp\/v2\/pages\/465"}],"collection":[{"href":"https:\/\/www.javeriana.edu.co\/observatorio-gobierno-tic\/wp-json\/wp\/v2\/pages"}],"about":[{"href":"https:\/\/www.javeriana.edu.co\/observatorio-gobierno-tic\/wp-json\/wp\/v2\/types\/page"}],"author":[{"embeddable":true,"href":"https:\/\/www.javeriana.edu.co\/observatorio-gobierno-tic\/wp-json\/wp\/v2\/users\/6"}],"replies":[{"embeddable":true,"href":"https:\/\/www.javeriana.edu.co\/observatorio-gobierno-tic\/wp-json\/wp\/v2\/comments?post=465"}],"version-history":[{"count":14,"href":"https:\/\/www.javeriana.edu.co\/observatorio-gobierno-tic\/wp-json\/wp\/v2\/pages\/465\/revisions"}],"predecessor-version":[{"id":1504,"href":"https:\/\/www.javeriana.edu.co\/observatorio-gobierno-tic\/wp-json\/wp\/v2\/pages\/465\/revisions\/1504"}],"wp:attachment":[{"href":"https:\/\/www.javeriana.edu.co\/observatorio-gobierno-tic\/wp-json\/wp\/v2\/media?parent=465"}],"curies":[{"name":"wp","href":"https:\/\/api.w.org\/{rel}","templated":true}]}}