{"id":37917,"date":"2023-10-23T12:53:20","date_gmt":"2023-10-23T17:53:20","guid":{"rendered":"https:\/\/www.javeriana.edu.co\/pesquisa\/?page_id=37917"},"modified":"2024-05-06T10:49:46","modified_gmt":"2024-05-06T15:49:46","slug":"especial-ley-de-utilidad-publica","status":"publish","type":"page","link":"http:\/\/www.javeriana.edu.co\/pesquisa\/especial-ley-de-utilidad-publica\/","title":{"rendered":"Especial Ley de Utilidad"},"content":{"rendered":"\t\t<div data-elementor-type=\"wp-page\" data-elementor-id=\"37917\" class=\"elementor elementor-37917\" data-elementor-post-type=\"page\">\n\t\t\t\t\t\t<section class=\"elementor-section elementor-top-section elementor-element elementor-element-0b31831 is-full-xs elementor-section-height-full elementor-section-boxed elementor-section-height-default elementor-section-items-middle\" data-id=\"0b31831\" data-element_type=\"section\" data-e-type=\"section\" id=\"inicio\" data-settings=\"{&quot;background_background&quot;:&quot;classic&quot;}\">\n\t\t\t\t\t\t<div class=\"elementor-container elementor-column-gap-no\">\n\t\t\t\t\t<div class=\"elementor-column elementor-col-100 elementor-top-column elementor-element elementor-element-a9a0b9f\" data-id=\"a9a0b9f\" data-element_type=\"column\" data-e-type=\"column\">\n\t\t\t<div class=\"elementor-widget-wrap elementor-element-populated\">\n\t\t\t\t\t\t<div class=\"elementor-element elementor-element-61f8053 especialCarceles_titulo01 elementor-invisible elementor-widget elementor-widget-heading\" data-id=\"61f8053\" data-element_type=\"widget\" data-e-type=\"widget\" data-settings=\"{&quot;_animation&quot;:&quot;fadeInDown&quot;}\" data-widget_type=\"heading.default\">\n\t\t\t\t<div class=\"elementor-widget-container\">\n\t\t\t\t\t<h6 class=\"elementor-heading-title elementor-size-default\">Ley <span>de<\/span> Utilidad P\u00fablica<br> <span> hacia un  <\/span> nuevo enfoque de <\/span>  justicia<\/h6>\t\t\t\t<\/div>\n\t\t\t\t<\/div>\n\t\t\t\t<section class=\"has-el-gap el-gap-default elementor-section elementor-inner-section elementor-element elementor-element-8d0d103 elementor-section-boxed elementor-section-height-default elementor-section-height-default\" data-id=\"8d0d103\" data-element_type=\"section\" data-e-type=\"section\">\n\t\t\t\t\t\t<div class=\"elementor-container elementor-column-gap-no\">\n\t\t\t\t\t<div class=\"elementor-column elementor-col-33 elementor-inner-column elementor-element elementor-element-fc03f4f elementor-hidden-mobile\" data-id=\"fc03f4f\" data-element_type=\"column\" data-e-type=\"column\">\n\t\t\t<div class=\"elementor-widget-wrap\">\n\t\t\t\t\t\t\t<\/div>\n\t\t<\/div>\n\t\t\t\t<div class=\"elementor-column elementor-col-33 elementor-inner-column elementor-element elementor-element-abb1699\" data-id=\"abb1699\" data-element_type=\"column\" data-e-type=\"column\">\n\t\t\t<div class=\"elementor-widget-wrap elementor-element-populated\">\n\t\t\t\t\t\t<div class=\"elementor-element elementor-element-f077982 elementor-widget-divider--view-line elementor-invisible elementor-widget elementor-widget-divider\" data-id=\"f077982\" data-element_type=\"widget\" data-e-type=\"widget\" data-settings=\"{&quot;_animation&quot;:&quot;fadeIn&quot;}\" data-widget_type=\"divider.default\">\n\t\t\t\t<div class=\"elementor-widget-container\">\n\t\t\t\t\t\t\t<div class=\"elementor-divider\">\n\t\t\t<span class=\"elementor-divider-separator\">\n\t\t\t\t\t\t<\/span>\n\t\t<\/div>\n\t\t\t\t\t\t<\/div>\n\t\t\t\t<\/div>\n\t\t\t\t<div class=\"elementor-element elementor-element-1faf04e elementor-invisible elementor-widget elementor-widget-text-editor\" data-id=\"1faf04e\" data-element_type=\"widget\" data-e-type=\"widget\" data-settings=\"{&quot;_animation&quot;:&quot;fadeInUp&quot;}\" data-widget_type=\"text-editor.default\">\n\t\t\t\t<div class=\"elementor-widget-container\">\n\t\t\t\t\t\t\t\t\t<p><span style=\"font-family: Nunito, sans-serif; font-size: 23px;\">Las condenas a mujeres cabeza de familia, no las sufren solo ellas. Una investigaci\u00f3n javeriana fue el insumo principal para la nueva Ley de Utilidad P\u00fablica, una pol\u00edtica que aborda la relaci\u00f3n con sus hijos, con su familia, las actividades de resocializaci\u00f3n a las que se dedicar\u00e1n tras salir de prisi\u00f3n.<\/span><\/p>\t\t\t\t\t\t\t\t<\/div>\n\t\t\t\t<\/div>\n\t\t\t\t<div class=\"elementor-element elementor-element-7b675d0 elementor-invisible elementor-widget elementor-widget-text-editor\" data-id=\"7b675d0\" data-element_type=\"widget\" data-e-type=\"widget\" data-settings=\"{&quot;_animation&quot;:&quot;bounceInUp&quot;,&quot;_animation_delay&quot;:400}\" data-widget_type=\"text-editor.default\">\n\t\t\t\t<div class=\"elementor-widget-container\">\n\t\t\t\t\t\t\t\t\t<p>Pabellones:<\/p><ul class=\"especialCarceles_listadoPabellones\"><li>\u00a0<\/li><li><a href=\"https:\/\/www.javeriana.edu.co\/pesquisa\/especial-migra\/ley-de-utilidad-publica-carcel\/\">I<\/a><\/li><li><a href=\"https:\/\/www.javeriana.edu.co\/pesquisa\/especial-migra\/ley-de-utilidad-publica-carcel-2\/\">II<\/a><\/li><li><a href=\"https:\/\/www.javeriana.edu.co\/pesquisa\/especial-migra\/ley-de-utilidad-publica-carcel-3\/\">III<\/a><\/li><\/ul>\t\t\t\t\t\t\t\t<\/div>\n\t\t\t\t<\/div>\n\t\t\t\t<div class=\"elementor-element elementor-element-81cad68 elementor-widget elementor-widget-text-editor\" data-id=\"81cad68\" data-element_type=\"widget\" data-e-type=\"widget\" data-widget_type=\"text-editor.default\">\n\t\t\t\t<div class=\"elementor-widget-container\">\n\t\t\t\t\t\t\t\t\t<p>Octubre 23 de 2023<\/p>\t\t\t\t\t\t\t\t<\/div>\n\t\t\t\t<\/div>\n\t\t\t\t\t<\/div>\n\t\t<\/div>\n\t\t\t\t<div class=\"elementor-column elementor-col-33 elementor-inner-column elementor-element elementor-element-9b60f9d\" data-id=\"9b60f9d\" data-element_type=\"column\" data-e-type=\"column\">\n\t\t\t<div class=\"elementor-widget-wrap\">\n\t\t\t\t\t\t\t<\/div>\n\t\t<\/div>\n\t\t\t\t\t<\/div>\n\t\t<\/section>\n\t\t\t\t\t<\/div>\n\t\t<\/div>\n\t\t\t\t\t<\/div>\n\t\t<\/section>\n\t\t\t\t<section class=\"elementor-section elementor-top-section elementor-element elementor-element-a14d575 elementor-section-full_width is-full-xs elementor-section-height-full elementor-section-height-default elementor-section-items-middle\" data-id=\"a14d575\" data-element_type=\"section\" data-e-type=\"section\" id=\"pabellon1\" data-settings=\"{&quot;background_background&quot;:&quot;classic&quot;}\">\n\t\t\t\t\t\t<div class=\"elementor-container elementor-column-gap-no\">\n\t\t\t\t\t<div class=\"elementor-column elementor-col-50 elementor-top-column elementor-element elementor-element-88bd858\" data-id=\"88bd858\" data-element_type=\"column\" data-e-type=\"column\">\n\t\t\t<div class=\"elementor-widget-wrap elementor-element-populated\">\n\t\t\t\t\t\t<div class=\"elementor-element elementor-element-82ec59b elementor-invisible elementor-widget elementor-widget-image\" data-id=\"82ec59b\" data-element_type=\"widget\" data-e-type=\"widget\" data-settings=\"{&quot;_animation&quot;:&quot;fadeInLeft&quot;,&quot;_animation_delay&quot;:100}\" data-widget_type=\"image.default\">\n\t\t\t\t<div class=\"elementor-widget-container\">\n\t\t\t\t\t\t\t\t\t\t\t\t\t\t\t<img fetchpriority=\"high\" decoding=\"async\" width=\"1104\" height=\"1200\" src=\"image\/svg+xml;base64,PHN2ZyB2aWV3Qm94PScwIDAgMSAxJyB4bWxucz0naHR0cDovL3d3dy53My5vcmcvMjAwMC9zdmcnPjwvc3ZnPg==\" class=\"attachment-full size-full wp-image-38165 lazyload\" alt=\"Una investigaci\u00f3n de la Universidad Javeriana abri\u00f3 el camino para la reci\u00e9n aprobada Ley de Utilidad P\u00fablica, una medida alternativa a la prisi\u00f3n que abre el debate sobre la necesidad de cambiar el enfoque de la pol\u00edtica criminal y carcelaria de Colombia.\" sizes=\"(max-width: 1104px) 100vw, 1104px\" data-srcset=\"http:\/\/www.javeriana.edu.co\/pesquisa\/wp-content\/uploads\/2023\/11\/ley-utilidad-publica-mujeres-carceles-2.png 1104w, http:\/\/www.javeriana.edu.co\/pesquisa\/wp-content\/uploads\/2023\/11\/ley-utilidad-publica-mujeres-carceles-2-276x300.png 276w, http:\/\/www.javeriana.edu.co\/pesquisa\/wp-content\/uploads\/2023\/11\/ley-utilidad-publica-mujeres-carceles-2-942x1024.png 942w, http:\/\/www.javeriana.edu.co\/pesquisa\/wp-content\/uploads\/2023\/11\/ley-utilidad-publica-mujeres-carceles-2-150x163.png 150w, http:\/\/www.javeriana.edu.co\/pesquisa\/wp-content\/uploads\/2023\/11\/ley-utilidad-publica-mujeres-carceles-2-450x489.png 450w, http:\/\/www.javeriana.edu.co\/pesquisa\/wp-content\/uploads\/2023\/11\/ley-utilidad-publica-mujeres-carceles-2-768x835.png 768w\" data-src=\"http:\/\/www.javeriana.edu.co\/pesquisa\/wp-content\/uploads\/2023\/11\/ley-utilidad-publica-mujeres-carceles-2.png\" \/>\t\t\t\t\t\t\t\t\t\t\t\t\t\t\t<\/div>\n\t\t\t\t<\/div>\n\t\t\t\t\t<\/div>\n\t\t<\/div>\n\t\t\t\t<div class=\"elementor-column elementor-col-50 elementor-top-column elementor-element elementor-element-87c36b8\" data-id=\"87c36b8\" data-element_type=\"column\" data-e-type=\"column\">\n\t\t\t<div class=\"elementor-widget-wrap elementor-element-populated\">\n\t\t\t\t\t\t<div class=\"elementor-element elementor-element-dc5f59d elementor-absolute elementor-hidden-mobile elementor-view-default elementor-invisible elementor-widget elementor-widget-icon\" data-id=\"dc5f59d\" data-element_type=\"widget\" data-e-type=\"widget\" data-settings=\"{&quot;_position&quot;:&quot;absolute&quot;,&quot;_animation&quot;:&quot;bounceInDown&quot;,&quot;_animation_delay&quot;:200}\" data-widget_type=\"icon.default\">\n\t\t\t\t<div class=\"elementor-widget-container\">\n\t\t\t\t\t\t\t<div class=\"elementor-icon-wrapper\">\n\t\t\t<a class=\"elementor-icon elementor-animation-wobble-vertical\" href=\"#inicio\">\n\t\t\t<i aria-hidden=\"true\" class=\"fas fa-angle-double-up\"><\/i>\t\t\t<\/a>\n\t\t<\/div>\n\t\t\t\t\t\t<\/div>\n\t\t\t\t<\/div>\n\t\t\t\t<div class=\"elementor-element elementor-element-e40ea58 elementor-invisible elementor-widget elementor-widget-text-editor\" data-id=\"e40ea58\" data-element_type=\"widget\" data-e-type=\"widget\" data-settings=\"{&quot;_animation&quot;:&quot;fadeInLeft&quot;}\" data-widget_type=\"text-editor.default\">\n\t\t\t\t<div class=\"elementor-widget-container\">\n\t\t\t\t\t\t\t\t\t<p>Pabell\u00f3n I:<\/p>\t\t\t\t\t\t\t\t<\/div>\n\t\t\t\t<\/div>\n\t\t\t\t<div class=\"elementor-element elementor-element-ef9d1f8 especialCarceles_titulo01 elementor-widget__width-initial elementor-invisible elementor-widget elementor-widget-heading\" data-id=\"ef9d1f8\" data-element_type=\"widget\" data-e-type=\"widget\" data-settings=\"{&quot;_animation&quot;:&quot;fadeInRight&quot;}\" data-widget_type=\"heading.default\">\n\t\t\t\t<div class=\"elementor-widget-container\">\n\t\t\t\t\t<h2 class=\"elementor-heading-title elementor-size-default\"><span>\u00bfPor qu\u00e9 sacar a las<\/span><br>mujeres cabeza<br><span>de <\/span> familia<br><span>de <\/span><span>la <\/span>c\u00e1rcel<span>? <\/span><\/h2>\t\t\t\t<\/div>\n\t\t\t\t<\/div>\n\t\t\t\t<div class=\"elementor-element elementor-element-ff10943 elementor-align-center elementor-invisible elementor-widget elementor-widget-button\" data-id=\"ff10943\" data-element_type=\"widget\" data-e-type=\"widget\" data-settings=\"{&quot;_animation&quot;:&quot;bounceInUp&quot;}\" data-widget_type=\"button.default\">\n\t\t\t\t<div class=\"elementor-widget-container\">\n\t\t\t\t\t\t\t\t\t<div class=\"elementor-button-wrapper\">\n\t\t\t\t\t<a class=\"elementor-button elementor-button-link elementor-size-sm elementor-animation-wobble-horizontal\" href=\"https:\/\/www.javeriana.edu.co\/pesquisa\/especial-migra\/ley-de-utilidad-publica-carcel\/\">\n\t\t\t\t\t\t<span class=\"elementor-button-content-wrapper\">\n\t\t\t\t\t\t\t\t\t<span class=\"elementor-button-text\">Entrar<\/span>\n\t\t\t\t\t<\/span>\n\t\t\t\t\t<\/a>\n\t\t\t\t<\/div>\n\t\t\t\t\t\t\t\t<\/div>\n\t\t\t\t<\/div>\n\t\t\t\t<div class=\"elementor-element elementor-element-092cb84 elementor-absolute elementor-hidden-mobile elementor-view-default elementor-invisible elementor-widget elementor-widget-icon\" data-id=\"092cb84\" data-element_type=\"widget\" data-e-type=\"widget\" data-settings=\"{&quot;_position&quot;:&quot;absolute&quot;,&quot;_animation&quot;:&quot;bounceInUp&quot;,&quot;_animation_delay&quot;:200}\" data-widget_type=\"icon.default\">\n\t\t\t\t<div class=\"elementor-widget-container\">\n\t\t\t\t\t\t\t<div class=\"elementor-icon-wrapper\">\n\t\t\t<a class=\"elementor-icon elementor-animation-wobble-vertical\" href=\"#pabellon2\">\n\t\t\t<i aria-hidden=\"true\" class=\"fas fa-angle-double-down\"><\/i>\t\t\t<\/a>\n\t\t<\/div>\n\t\t\t\t\t\t<\/div>\n\t\t\t\t<\/div>\n\t\t\t\t\t<\/div>\n\t\t<\/div>\n\t\t\t\t\t<\/div>\n\t\t<\/section>\n\t\t\t\t<section class=\"elementor-section elementor-top-section elementor-element elementor-element-ded39ad elementor-section-full_width is-full-xs elementor-section-height-full elementor-section-height-default elementor-section-items-middle\" data-id=\"ded39ad\" data-element_type=\"section\" data-e-type=\"section\" id=\"pabellon2\" data-settings=\"{&quot;background_background&quot;:&quot;classic&quot;}\">\n\t\t\t\t\t\t<div class=\"elementor-container elementor-column-gap-no\">\n\t\t\t\t\t<div class=\"elementor-column elementor-col-50 elementor-top-column elementor-element elementor-element-ce7abf4\" data-id=\"ce7abf4\" data-element_type=\"column\" data-e-type=\"column\">\n\t\t\t<div class=\"elementor-widget-wrap elementor-element-populated\">\n\t\t\t\t\t\t<div class=\"elementor-element elementor-element-7fff2a9 elementor-absolute elementor-hidden-mobile elementor-view-default elementor-invisible elementor-widget elementor-widget-icon\" data-id=\"7fff2a9\" data-element_type=\"widget\" data-e-type=\"widget\" data-settings=\"{&quot;_position&quot;:&quot;absolute&quot;,&quot;_animation&quot;:&quot;bounceInDown&quot;,&quot;_animation_delay&quot;:200}\" data-widget_type=\"icon.default\">\n\t\t\t\t<div class=\"elementor-widget-container\">\n\t\t\t\t\t\t\t<div class=\"elementor-icon-wrapper\">\n\t\t\t<a class=\"elementor-icon elementor-animation-wobble-vertical\" href=\"#pabellon1\">\n\t\t\t<i aria-hidden=\"true\" class=\"fas fa-angle-double-up\"><\/i>\t\t\t<\/a>\n\t\t<\/div>\n\t\t\t\t\t\t<\/div>\n\t\t\t\t<\/div>\n\t\t\t\t<div class=\"elementor-element elementor-element-0fe98f7 elementor-invisible elementor-widget elementor-widget-text-editor\" data-id=\"0fe98f7\" data-element_type=\"widget\" data-e-type=\"widget\" data-settings=\"{&quot;_animation&quot;:&quot;fadeInLeft&quot;}\" data-widget_type=\"text-editor.default\">\n\t\t\t\t<div class=\"elementor-widget-container\">\n\t\t\t\t\t\t\t\t\t<p>Pabell\u00f3n II:<\/p>\t\t\t\t\t\t\t\t<\/div>\n\t\t\t\t<\/div>\n\t\t\t\t<div class=\"elementor-element elementor-element-7ed5941 especialCarceles_titulo01 elementor-invisible elementor-widget elementor-widget-heading\" data-id=\"7ed5941\" data-element_type=\"widget\" data-e-type=\"widget\" data-settings=\"{&quot;_animation&quot;:&quot;fadeInRight&quot;}\" data-widget_type=\"heading.default\">\n\t\t\t\t<div class=\"elementor-widget-container\">\n\t\t\t\t\t<h2 class=\"elementor-heading-title elementor-size-default\">Hacia<br> <span>Un nuevo<\/span> enfoque<br> <span>de <\/span>  justicia<\/h2>\t\t\t\t<\/div>\n\t\t\t\t<\/div>\n\t\t\t\t<div class=\"elementor-element elementor-element-1ff562d elementor-align-center elementor-invisible elementor-widget elementor-widget-button\" data-id=\"1ff562d\" data-element_type=\"widget\" data-e-type=\"widget\" data-settings=\"{&quot;_animation&quot;:&quot;bounceInUp&quot;}\" data-widget_type=\"button.default\">\n\t\t\t\t<div class=\"elementor-widget-container\">\n\t\t\t\t\t\t\t\t\t<div class=\"elementor-button-wrapper\">\n\t\t\t\t\t<a class=\"elementor-button elementor-button-link elementor-size-sm elementor-animation-wobble-horizontal\" href=\"https:\/\/www.javeriana.edu.co\/pesquisa\/especial-migra\/ley-de-utilidad-publica-carcel-2\/\">\n\t\t\t\t\t\t<span class=\"elementor-button-content-wrapper\">\n\t\t\t\t\t\t\t\t\t<span class=\"elementor-button-text\">Entrar<\/span>\n\t\t\t\t\t<\/span>\n\t\t\t\t\t<\/a>\n\t\t\t\t<\/div>\n\t\t\t\t\t\t\t\t<\/div>\n\t\t\t\t<\/div>\n\t\t\t\t<div class=\"elementor-element elementor-element-f0eeb72 elementor-absolute elementor-hidden-mobile elementor-view-default elementor-invisible elementor-widget elementor-widget-icon\" data-id=\"f0eeb72\" data-element_type=\"widget\" data-e-type=\"widget\" data-settings=\"{&quot;_position&quot;:&quot;absolute&quot;,&quot;_animation&quot;:&quot;bounceInUp&quot;,&quot;_animation_delay&quot;:200}\" data-widget_type=\"icon.default\">\n\t\t\t\t<div class=\"elementor-widget-container\">\n\t\t\t\t\t\t\t<div class=\"elementor-icon-wrapper\">\n\t\t\t<a class=\"elementor-icon elementor-animation-wobble-vertical\" href=\"#pabellon3\">\n\t\t\t<i aria-hidden=\"true\" class=\"fas fa-angle-double-down\"><\/i>\t\t\t<\/a>\n\t\t<\/div>\n\t\t\t\t\t\t<\/div>\n\t\t\t\t<\/div>\n\t\t\t\t\t<\/div>\n\t\t<\/div>\n\t\t\t\t<div class=\"elementor-column elementor-col-50 elementor-top-column elementor-element elementor-element-7032826\" data-id=\"7032826\" data-element_type=\"column\" data-e-type=\"column\">\n\t\t\t<div class=\"elementor-widget-wrap elementor-element-populated\">\n\t\t\t\t\t\t<div class=\"elementor-element elementor-element-9819595 elementor-hidden-mobile elementor-invisible elementor-widget elementor-widget-image\" data-id=\"9819595\" data-element_type=\"widget\" data-e-type=\"widget\" data-settings=\"{&quot;_animation&quot;:&quot;fadeInRight&quot;,&quot;_animation_delay&quot;:100}\" data-widget_type=\"image.default\">\n\t\t\t\t<div class=\"elementor-widget-container\">\n\t\t\t\t\t\t\t\t\t\t\t\t\t\t\t<img decoding=\"async\" width=\"612\" height=\"408\" src=\"image\/svg+xml;base64,PHN2ZyB2aWV3Qm94PScwIDAgMSAxJyB4bWxucz0naHR0cDovL3d3dy53My5vcmcvMjAwMC9zdmcnPjwvc3ZnPg==\" class=\"attachment-full size-full wp-image-38103 lazyload\" alt=\"ley-de-utilidad-publica-madres-carceles\" sizes=\"(max-width: 612px) 100vw, 612px\" data-srcset=\"http:\/\/www.javeriana.edu.co\/pesquisa\/wp-content\/uploads\/2023\/11\/carcel_1-removebg-preview-1.png 612w, http:\/\/www.javeriana.edu.co\/pesquisa\/wp-content\/uploads\/2023\/11\/carcel_1-removebg-preview-1-300x200.png 300w, http:\/\/www.javeriana.edu.co\/pesquisa\/wp-content\/uploads\/2023\/11\/carcel_1-removebg-preview-1-150x100.png 150w, http:\/\/www.javeriana.edu.co\/pesquisa\/wp-content\/uploads\/2023\/11\/carcel_1-removebg-preview-1-450x300.png 450w\" data-src=\"http:\/\/www.javeriana.edu.co\/pesquisa\/wp-content\/uploads\/2023\/11\/carcel_1-removebg-preview-1.png\" \/>\t\t\t\t\t\t\t\t\t\t\t\t\t\t\t<\/div>\n\t\t\t\t<\/div>\n\t\t\t\t\t<\/div>\n\t\t<\/div>\n\t\t\t\t\t<\/div>\n\t\t<\/section>\n\t\t\t\t<section class=\"elementor-section elementor-top-section elementor-element elementor-element-171cd8a elementor-section-full_width is-full-xs elementor-section-height-full elementor-section-height-default elementor-section-items-middle\" data-id=\"171cd8a\" data-element_type=\"section\" data-e-type=\"section\" id=\"pabellon3\" data-settings=\"{&quot;background_background&quot;:&quot;classic&quot;}\">\n\t\t\t\t\t\t<div class=\"elementor-container elementor-column-gap-no\">\n\t\t\t\t\t<div class=\"elementor-column elementor-col-50 elementor-top-column elementor-element elementor-element-fbc16e2\" data-id=\"fbc16e2\" data-element_type=\"column\" data-e-type=\"column\">\n\t\t\t<div class=\"elementor-widget-wrap elementor-element-populated\">\n\t\t\t\t\t\t<div class=\"elementor-element elementor-element-6b08da4 elementor-hidden-mobile elementor-invisible elementor-widget elementor-widget-image\" data-id=\"6b08da4\" data-element_type=\"widget\" data-e-type=\"widget\" data-settings=\"{&quot;_animation&quot;:&quot;fadeInRight&quot;,&quot;_animation_delay&quot;:100}\" data-widget_type=\"image.default\">\n\t\t\t\t<div class=\"elementor-widget-container\">\n\t\t\t\t\t\t\t\t\t\t\t\t\t\t\t<img decoding=\"async\" width=\"1250\" height=\"1200\" src=\"image\/svg+xml;base64,PHN2ZyB2aWV3Qm94PScwIDAgMSAxJyB4bWxucz0naHR0cDovL3d3dy53My5vcmcvMjAwMC9zdmcnPjwvc3ZnPg==\" class=\"attachment-full size-full wp-image-38164 lazyload\" alt=\"Una investigaci\u00f3n de la Universidad Javeriana abri\u00f3 el camino para la reci\u00e9n aprobada Ley de Utilidad P\u00fablica, una medida alternativa a la prisi\u00f3n que abre el debate sobre la necesidad de cambiar el enfoque de la pol\u00edtica criminal y carcelaria de Colombia.\" sizes=\"(max-width: 1250px) 100vw, 1250px\" data-srcset=\"http:\/\/www.javeriana.edu.co\/pesquisa\/wp-content\/uploads\/2023\/11\/ley-utilidad-publica-mujeres-carceles.png 1250w, http:\/\/www.javeriana.edu.co\/pesquisa\/wp-content\/uploads\/2023\/11\/ley-utilidad-publica-mujeres-carceles-300x288.png 300w, http:\/\/www.javeriana.edu.co\/pesquisa\/wp-content\/uploads\/2023\/11\/ley-utilidad-publica-mujeres-carceles-1024x983.png 1024w, http:\/\/www.javeriana.edu.co\/pesquisa\/wp-content\/uploads\/2023\/11\/ley-utilidad-publica-mujeres-carceles-150x144.png 150w, http:\/\/www.javeriana.edu.co\/pesquisa\/wp-content\/uploads\/2023\/11\/ley-utilidad-publica-mujeres-carceles-450x432.png 450w, http:\/\/www.javeriana.edu.co\/pesquisa\/wp-content\/uploads\/2023\/11\/ley-utilidad-publica-mujeres-carceles-1200x1152.png 1200w, http:\/\/www.javeriana.edu.co\/pesquisa\/wp-content\/uploads\/2023\/11\/ley-utilidad-publica-mujeres-carceles-768x737.png 768w\" data-src=\"http:\/\/www.javeriana.edu.co\/pesquisa\/wp-content\/uploads\/2023\/11\/ley-utilidad-publica-mujeres-carceles.png\" \/>\t\t\t\t\t\t\t\t\t\t\t\t\t\t\t<\/div>\n\t\t\t\t<\/div>\n\t\t\t\t\t<\/div>\n\t\t<\/div>\n\t\t\t\t<div class=\"elementor-column elementor-col-50 elementor-top-column elementor-element elementor-element-cae16d4\" data-id=\"cae16d4\" data-element_type=\"column\" data-e-type=\"column\">\n\t\t\t<div class=\"elementor-widget-wrap elementor-element-populated\">\n\t\t\t\t\t\t<div class=\"elementor-element elementor-element-e17039a elementor-invisible elementor-widget elementor-widget-text-editor\" data-id=\"e17039a\" data-element_type=\"widget\" data-e-type=\"widget\" data-settings=\"{&quot;_animation&quot;:&quot;fadeInLeft&quot;}\" data-widget_type=\"text-editor.default\">\n\t\t\t\t<div class=\"elementor-widget-container\">\n\t\t\t\t\t\t\t\t\t<p>Pabell\u00f3n III:<\/p>\t\t\t\t\t\t\t\t<\/div>\n\t\t\t\t<\/div>\n\t\t\t\t<div class=\"elementor-element elementor-element-14798e1 especialCarceles_titulo01 elementor-invisible elementor-widget elementor-widget-heading\" data-id=\"14798e1\" data-element_type=\"widget\" data-e-type=\"widget\" data-settings=\"{&quot;_animation&quot;:&quot;fadeInRight&quot;}\" data-widget_type=\"heading.default\">\n\t\t\t\t<div class=\"elementor-widget-container\">\n\t\t\t\t\t<h2 class=\"elementor-heading-title elementor-size-default\">Vaciar <span>las<\/span><br>c\u00e1rceles <span>de<\/span><br>mujeres pobres<\/h2>\t\t\t\t<\/div>\n\t\t\t\t<\/div>\n\t\t\t\t<div class=\"elementor-element elementor-element-5864c55 elementor-align-center elementor-invisible elementor-widget elementor-widget-button\" data-id=\"5864c55\" data-element_type=\"widget\" data-e-type=\"widget\" data-settings=\"{&quot;_animation&quot;:&quot;bounceInUp&quot;}\" data-widget_type=\"button.default\">\n\t\t\t\t<div class=\"elementor-widget-container\">\n\t\t\t\t\t\t\t\t\t<div class=\"elementor-button-wrapper\">\n\t\t\t\t\t<a class=\"elementor-button elementor-button-link elementor-size-sm elementor-animation-wobble-horizontal\" href=\"https:\/\/www.javeriana.edu.co\/pesquisa\/especial-migra\/ley-de-utilidad-publica-carcel-3\/\">\n\t\t\t\t\t\t<span class=\"elementor-button-content-wrapper\">\n\t\t\t\t\t\t\t\t\t<span class=\"elementor-button-text\">Entrar<\/span>\n\t\t\t\t\t<\/span>\n\t\t\t\t\t<\/a>\n\t\t\t\t<\/div>\n\t\t\t\t\t\t\t\t<\/div>\n\t\t\t\t<\/div>\n\t\t\t\t<div class=\"elementor-element elementor-element-b74fe7f elementor-absolute elementor-hidden-mobile elementor-view-default elementor-invisible elementor-widget elementor-widget-icon\" data-id=\"b74fe7f\" data-element_type=\"widget\" data-e-type=\"widget\" data-settings=\"{&quot;_position&quot;:&quot;absolute&quot;,&quot;_animation&quot;:&quot;bounceInUp&quot;,&quot;_animation_delay&quot;:200}\" data-widget_type=\"icon.default\">\n\t\t\t\t<div class=\"elementor-widget-container\">\n\t\t\t\t\t\t\t<div class=\"elementor-icon-wrapper\">\n\t\t\t<a class=\"elementor-icon elementor-animation-wobble-vertical\" href=\"#pabellon4\">\n\t\t\t<i aria-hidden=\"true\" class=\"fas fa-angle-double-down\"><\/i>\t\t\t<\/a>\n\t\t<\/div>\n\t\t\t\t\t\t<\/div>\n\t\t\t\t<\/div>\n\t\t\t\t\t<\/div>\n\t\t<\/div>\n\t\t\t\t\t<\/div>\n\t\t<\/section>\n\t\t\t\t<\/div>\n\t\t","protected":false},"excerpt":{"rendered":"<p>Ley de Utilidad P\u00fablica hacia un nuevo enfoque de justicia Las condenas a mujeres cabeza de familia, no las sufren solo ellas. Una investigaci\u00f3n javeriana fue el insumo principal para la nueva Ley de Utilidad P\u00fablica, una pol\u00edtica que aborda la relaci\u00f3n con sus hijos, con su familia, las actividades de resocializaci\u00f3n a las que<\/p>\n","protected":false},"author":26,"featured_media":38311,"parent":0,"menu_order":0,"comment_status":"closed","ping_status":"closed","template":"elementor_canvas","meta":{"footnotes":""},"categories":[],"tags":[],"class_list":["post-37917","page","type-page","status-publish","has-post-thumbnail"],"_links":{"self":[{"href":"http:\/\/www.javeriana.edu.co\/pesquisa\/wp-json\/wp\/v2\/pages\/37917","targetHints":{"allow":["GET"]}}],"collection":[{"href":"http:\/\/www.javeriana.edu.co\/pesquisa\/wp-json\/wp\/v2\/pages"}],"about":[{"href":"http:\/\/www.javeriana.edu.co\/pesquisa\/wp-json\/wp\/v2\/types\/page"}],"author":[{"embeddable":true,"href":"http:\/\/www.javeriana.edu.co\/pesquisa\/wp-json\/wp\/v2\/users\/26"}],"replies":[{"embeddable":true,"href":"http:\/\/www.javeriana.edu.co\/pesquisa\/wp-json\/wp\/v2\/comments?post=37917"}],"version-history":[{"count":101,"href":"http:\/\/www.javeriana.edu.co\/pesquisa\/wp-json\/wp\/v2\/pages\/37917\/revisions"}],"predecessor-version":[{"id":39030,"href":"http:\/\/www.javeriana.edu.co\/pesquisa\/wp-json\/wp\/v2\/pages\/37917\/revisions\/39030"}],"wp:featuredmedia":[{"embeddable":true,"href":"http:\/\/www.javeriana.edu.co\/pesquisa\/wp-json\/wp\/v2\/media\/38311"}],"wp:attachment":[{"href":"http:\/\/www.javeriana.edu.co\/pesquisa\/wp-json\/wp\/v2\/media?parent=37917"}],"wp:term":[{"taxonomy":"category","embeddable":true,"href":"http:\/\/www.javeriana.edu.co\/pesquisa\/wp-json\/wp\/v2\/categories?post=37917"},{"taxonomy":"post_tag","embeddable":true,"href":"http:\/\/www.javeriana.edu.co\/pesquisa\/wp-json\/wp\/v2\/tags?post=37917"}],"curies":[{"name":"wp","href":"https:\/\/api.w.org\/{rel}","templated":true}]}}