{"id":50092,"date":"2026-03-17T18:36:58","date_gmt":"2026-03-17T23:36:58","guid":{"rendered":"http:\/\/www.javeriana.edu.co\/pesquisa\/?page_id=50092"},"modified":"2026-04-10T16:42:08","modified_gmt":"2026-04-10T21:42:08","slug":"pesquisa-elecciones-2026","status":"publish","type":"page","link":"http:\/\/www.javeriana.edu.co\/pesquisa\/pesquisa-elecciones-2026\/","title":{"rendered":"Pesquisa elecciones 2026"},"content":{"rendered":"\t\t<div data-elementor-type=\"wp-page\" data-elementor-id=\"50092\" class=\"elementor elementor-50092\" data-elementor-post-type=\"page\">\n\t\t\t\t<div class=\"elementor-element elementor-element-23402db e-con-full e-flex e-con e-parent\" data-id=\"23402db\" data-element_type=\"container\" data-e-type=\"container\">\n\t\t\t\t<div class=\"elementor-element elementor-element-09df4bd elementor-widget__width-inherit elementor-widget elementor-widget-video\" data-id=\"09df4bd\" data-element_type=\"widget\" data-e-type=\"widget\" data-settings=\"{&quot;video_type&quot;:&quot;hosted&quot;,&quot;autoplay&quot;:&quot;yes&quot;,&quot;mute&quot;:&quot;yes&quot;,&quot;loop&quot;:&quot;yes&quot;,&quot;play_on_mobile&quot;:&quot;yes&quot;}\" data-widget_type=\"video.default\">\n\t\t\t\t<div class=\"elementor-widget-container\">\n\t\t\t\t\t\t\t<div class=\"e-hosted-video elementor-wrapper elementor-open-inline\">\n\t\t\t\t\t<video class=\"elementor-video\" src=\"http:\/\/www.javeriana.edu.co\/pesquisa\/wp-content\/uploads\/2026\/03\/elecciones-3-1.mp4\" autoplay=\"\" loop=\"\" muted=\"muted\" playsinline=\"\" controlsList=\"nodownload\"><\/video>\n\t\t\t\t<\/div>\n\t\t\t\t\t\t<\/div>\n\t\t\t\t<\/div>\n\t\t\t\t<\/div>\n\t\t<div class=\"elementor-element elementor-element-1c745f6 e-flex e-con-boxed e-con e-parent\" data-id=\"1c745f6\" data-element_type=\"container\" data-e-type=\"container\">\n\t\t\t\t\t<div class=\"e-con-inner\">\n\t\t<div class=\"elementor-element elementor-element-234709f e-con-full elementor-hidden-tablet elementor-hidden-mobile e-flex e-con e-child\" data-id=\"234709f\" data-element_type=\"container\" data-e-type=\"container\">\n\t\t\t\t<\/div>\n\t\t<div class=\"elementor-element elementor-element-bd28ad1 e-con-full e-flex e-con e-child\" data-id=\"bd28ad1\" data-element_type=\"container\" data-e-type=\"container\">\n\t\t\t\t<div class=\"elementor-element elementor-element-531c5cd elementor-headline--style-highlight elementor-widget elementor-widget-animated-headline\" data-id=\"531c5cd\" data-element_type=\"widget\" data-e-type=\"widget\" data-settings=\"{&quot;marker&quot;:&quot;strikethrough&quot;,&quot;highlighted_text&quot;:&quot;emoci\\u00f3n&quot;,&quot;highlight_animation_duration&quot;:1000,&quot;highlight_iteration_delay&quot;:2000,&quot;headline_style&quot;:&quot;highlight&quot;,&quot;loop&quot;:&quot;yes&quot;}\" data-widget_type=\"animated-headline.default\">\n\t\t\t\t<div class=\"elementor-widget-container\">\n\t\t\t\t\t\t\t<h3 class=\"elementor-headline\">\n\t\t\t\t\t<span class=\"elementor-headline-plain-text elementor-headline-text-wrapper\">\u00bfVotamos con <\/span>\n\t\t\t\t<span class=\"elementor-headline-dynamic-wrapper elementor-headline-text-wrapper\">\n\t\t\t\t\t<span class=\"elementor-headline-dynamic-text elementor-headline-text-active\">emoci\u00f3n<\/span>\n\t\t\t\t<\/span>\n\t\t\t\t\t<span class=\"elementor-headline-plain-text elementor-headline-text-wrapper\">o con informaci\u00f3n?<\/span>\n\t\t\t\t\t<\/h3>\n\t\t\t\t\t\t<\/div>\n\t\t\t\t<\/div>\n\t\t\t\t<div class=\"elementor-element elementor-element-038e391 elementor-widget elementor-widget-text-editor\" data-id=\"038e391\" data-element_type=\"widget\" data-e-type=\"widget\" data-widget_type=\"text-editor.default\">\n\t\t\t\t<div class=\"elementor-widget-container\">\n\t\t\t\t\t\t\t\t\t<p>Desde Pesquisa Javeriana, como medio de divulgaci\u00f3n de la investigaci\u00f3n que se hace en la Pontificia Universidad Javeriana, queremos apoyar la cualificaci\u00f3n del debate p\u00fablico y de la toma de decisiones de cara a la jornada electoral que tendremos en Colombia en el primer semestre de 2026. Por ello, planteamos un cubrimiento especial que apunta tambi\u00e9n \u2013con una perspectiva interdisciplinar y basadas en investigaciones cient\u00edficas javerianas\u2013, a afrontar fen\u00f3menos como la desinformaci\u00f3n, la polarizaci\u00f3n y las burbujas informativas, entre otras. No obstante, queremos tomar distancia de los contenidos m\u00e1s frecuentes en torno a las elecciones \u2013debates y discusiones en diferentes plataformas, resultados de encuestas, entre otros\u2014y aportar conceptos y herramientas de an\u00e1lisis sobre los fen\u00f3menos pol\u00edticos, tecnol\u00f3gicos y comunicacionales que observamos.<\/p><p>Con ese esp\u00edritu, invitamos a los profesores Juan Samuel Santos, de la Facultad de Filosof\u00eda; Liliana G\u00f3mez, de la Facultad de Comunicaci\u00f3n y Lenguaje, y Luis Gabriel Moreno, de la Facultad de Ingenier\u00eda, a construir conjuntamente la propuesta que exponemos a continuaci\u00f3n. Contiene tres partes: una descripci\u00f3n de los productos period\u00edsticos a producir, con temas y responsables; un cronograma de trabajo, y los recursos que requerir\u00edamos para llevarlo a cabo.<\/p>\t\t\t\t\t\t\t\t<\/div>\n\t\t\t\t<\/div>\n\t\t\t\t<div class=\"elementor-element elementor-element-660511e elementor-widget elementor-widget-heading\" data-id=\"660511e\" data-element_type=\"widget\" data-e-type=\"widget\" data-widget_type=\"heading.default\">\n\t\t\t\t<div class=\"elementor-widget-container\">\n\t\t\t\t\t<h2 class=\"elementor-heading-title elementor-size-default\">Cuenta regresiva: elecciones 2026<\/h2>\t\t\t\t<\/div>\n\t\t\t\t<\/div>\n\t\t\t\t<div class=\"elementor-element elementor-element-4390750 elementor-widget elementor-widget-eael-countdown\" data-id=\"4390750\" data-element_type=\"widget\" data-e-type=\"widget\" data-widget_type=\"eael-countdown.default\">\n\t\t\t\t<div class=\"elementor-widget-container\">\n\t\t\t\t\t\n\t\t<div class=\"eael-countdown-wrapper\" data-countdown-id=\"4390750\" data-expire-type=\"none\" data-countdown-type=\"due_date\">\n\t\t\t<div class=\"eael-countdown-container eael-countdown-label-block   \">\n                                    <ul id=\"eael-countdown-4390750\" class=\"eael-countdown-items\" data-date=\"May 31 2026 0:00:00 -5\">\n                        <li class=\"eael-countdown-item\"><div class=\"eael-countdown-days\"><span data-days class=\"eael-countdown-digits\">00<\/span><span class=\"eael-countdown-label\">D\u00edas<\/span><\/div><\/li>                        <li class=\"eael-countdown-item\"><div class=\"eael-countdown-hours\"><span data-hours class=\"eael-countdown-digits\">00<\/span><span class=\"eael-countdown-label\">Horas<\/span><\/div><\/li>                        <li class=\"eael-countdown-item\"><div class=\"eael-countdown-minutes\"><span data-minutes class=\"eael-countdown-digits\">00<\/span><span class=\"eael-countdown-label\">Minutos<\/span><\/div><\/li>                        <li class=\"eael-countdown-item\"><div class=\"eael-countdown-seconds\"><span data-seconds class=\"eael-countdown-digits\">00<\/span><span class=\"eael-countdown-label\">Segundos<\/span><\/div><\/li>                    <\/ul>\n                    <div class=\"eael-countdown-expiry-template\" style=\"display: none;\">\n                                            <\/div>\n               \n\t\t\t    <div class=\"clearfix\"><\/div>\n\t\t\t<\/div>\n\t\t<\/div>\n\n\t\t\t\t\t<\/div>\n\t\t\t\t<\/div>\n\t\t\t\t<\/div>\n\t\t<div class=\"elementor-element elementor-element-9df6301 e-con-full elementor-hidden-tablet elementor-hidden-mobile e-flex e-con e-child\" data-id=\"9df6301\" data-element_type=\"container\" data-e-type=\"container\">\n\t\t\t\t<\/div>\n\t\t\t\t\t<\/div>\n\t\t\t\t<\/div>\n\t\t<div class=\"elementor-element elementor-element-962463e e-grid e-con-boxed e-con e-parent\" data-id=\"962463e\" data-element_type=\"container\" data-e-type=\"container\">\n\t\t\t\t\t<div class=\"e-con-inner\">\n\t\t\t\t<div class=\"elementor-element elementor-element-155a768 elementor-widget elementor-widget-text-editor\" data-id=\"155a768\" data-element_type=\"widget\" data-e-type=\"widget\" data-widget_type=\"text-editor.default\">\n\t\t\t\t<div class=\"elementor-widget-container\">\n\t\t\t\t\t\t\t\t\t<iframe data-testid=\"embed-iframe\" style=\"border-radius:12px\" src=\"https:\/\/open.spotify.com\/embed\/show\/7e4sw2IXb9boxz4nV4MwV4\/video?utm_source=generator\" width=\"624\" height=\"351\" frameBorder=\"0\" allowfullscreen=\"\" allow=\"autoplay; clipboard-write; encrypted-media; fullscreen; picture-in-picture\" loading=\"lazy\"><\/iframe>\t\t\t\t\t\t\t\t<\/div>\n\t\t\t\t<\/div>\n\t\t\t\t\t<\/div>\n\t\t\t\t<\/div>\n\t\t<div class=\"elementor-element elementor-element-e6f444c e-flex e-con-boxed e-con e-parent\" data-id=\"e6f444c\" data-element_type=\"container\" data-e-type=\"container\">\n\t\t\t\t\t<div class=\"e-con-inner\">\n\t\t<div class=\"elementor-element elementor-element-1cc06b7 e-con-full e-flex e-con e-child\" data-id=\"1cc06b7\" data-element_type=\"container\" data-e-type=\"container\">\n\t\t\t\t<div class=\"elementor-element elementor-element-87d088a elementor-widget elementor-widget-heading\" data-id=\"87d088a\" data-element_type=\"widget\" data-e-type=\"widget\" data-widget_type=\"heading.default\">\n\t\t\t\t<div class=\"elementor-widget-container\">\n\t\t\t\t\t<h2 class=\"elementor-heading-title elementor-size-default\">~ Conoce m\u00e1s ~<\/h2>\t\t\t\t<\/div>\n\t\t\t\t<\/div>\n\t\t\t\t<\/div>\n\t\t\t\t<div class=\"elementor-element elementor-element-beb5fd4 elementor-grid-3 elementor-grid-tablet-2 elementor-grid-mobile-1 elementor-posts--thumbnail-top elementor-card-shadow-yes elementor-posts__hover-gradient elementor-widget elementor-widget-posts\" data-id=\"beb5fd4\" data-element_type=\"widget\" data-e-type=\"widget\" data-settings=\"{&quot;cards_columns&quot;:&quot;3&quot;,&quot;cards_columns_tablet&quot;:&quot;2&quot;,&quot;cards_columns_mobile&quot;:&quot;1&quot;,&quot;cards_row_gap&quot;:{&quot;unit&quot;:&quot;px&quot;,&quot;size&quot;:35,&quot;sizes&quot;:[]},&quot;cards_row_gap_tablet&quot;:{&quot;unit&quot;:&quot;px&quot;,&quot;size&quot;:&quot;&quot;,&quot;sizes&quot;:[]},&quot;cards_row_gap_mobile&quot;:{&quot;unit&quot;:&quot;px&quot;,&quot;size&quot;:&quot;&quot;,&quot;sizes&quot;:[]}}\" data-widget_type=\"posts.cards\">\n\t\t\t\t<div class=\"elementor-widget-container\">\n\t\t\t\t\t\t\t<div class=\"elementor-posts-container elementor-posts elementor-posts--skin-cards elementor-grid\" role=\"list\">\n\t\t\t\t<article class=\"elementor-post elementor-grid-item post-50122 post type-post status-publish format-standard has-post-thumbnail category-sociedad category-destacadas category-inteligencia-artificial tag-colombia tag-elecciones tag-javeriana\" role=\"listitem\">\n\t\t\t<div class=\"elementor-post__card\">\n\t\t\t\t<a class=\"elementor-post__thumbnail__link\" href=\"http:\/\/www.javeriana.edu.co\/pesquisa\/ia-desinformacion-en-redes-sociales\/\" tabindex=\"-1\" target=\"_blank\"><div class=\"elementor-post__thumbnail\"><img fetchpriority=\"high\" decoding=\"async\" width=\"300\" height=\"169\" src=\"http:\/\/www.javeriana.edu.co\/pesquisa\/wp-content\/uploads\/2026\/03\/portadacap1-300x169.jpg\" class=\"attachment-medium size-medium wp-image-50123\" alt=\"La IA puede ser utilizada para combatir el odio y la desinformaci\u00f3n en redes sociales.\" srcset=\"http:\/\/www.javeriana.edu.co\/pesquisa\/wp-content\/uploads\/2026\/03\/portadacap1-300x169.jpg 300w, http:\/\/www.javeriana.edu.co\/pesquisa\/wp-content\/uploads\/2026\/03\/portadacap1-1024x576.jpg 1024w, http:\/\/www.javeriana.edu.co\/pesquisa\/wp-content\/uploads\/2026\/03\/portadacap1-1536x864.jpg 1536w, http:\/\/www.javeriana.edu.co\/pesquisa\/wp-content\/uploads\/2026\/03\/portadacap1-150x84.jpg 150w, http:\/\/www.javeriana.edu.co\/pesquisa\/wp-content\/uploads\/2026\/03\/portadacap1-450x253.jpg 450w, http:\/\/www.javeriana.edu.co\/pesquisa\/wp-content\/uploads\/2026\/03\/portadacap1-1200x675.jpg 1200w, http:\/\/www.javeriana.edu.co\/pesquisa\/wp-content\/uploads\/2026\/03\/portadacap1-768x432.jpg 768w, http:\/\/www.javeriana.edu.co\/pesquisa\/wp-content\/uploads\/2026\/03\/portadacap1.jpg 1920w\" sizes=\"(max-width: 300px) 100vw, 300px\" \/><\/div><\/a>\n\t\t\t\t<div class=\"elementor-post__badge\">Sociedad<\/div>\n\t\t\t\t<div class=\"elementor-post__text\">\n\t\t\t\t<h3 class=\"elementor-post__title\">\n\t\t\t<a href=\"http:\/\/www.javeriana.edu.co\/pesquisa\/ia-desinformacion-en-redes-sociales\/\" target=&quot;_blank&quot;>\n\t\t\t\tC\u00f3mo se usa inteligencia artificial contra la desinformaci\u00f3n en redes sociales\t\t\t<\/a>\n\t\t<\/h3>\n\t\t\t\t<div class=\"elementor-post__excerpt\">\n\t\t\t<p>El profesor de Ingenier\u00eda Luis Gabriel Moreno explica en el primer cap\u00edtulo de la nueva temporada del podcast \u2018Poder Conectado\u2019 c\u00f3mo ha dise\u00f1ado algoritmos con inteligencia artificial para estudiar la desinformaci\u00f3n y los discursos de odio en redes sociales. <\/p>\n\t\t<\/div>\n\t\t\n\t\t<a class=\"elementor-post__read-more\" href=\"http:\/\/www.javeriana.edu.co\/pesquisa\/ia-desinformacion-en-redes-sociales\/\" aria-label=\"Read more about C\u00f3mo se usa inteligencia artificial contra la desinformaci\u00f3n en redes sociales\" tabindex=\"-1\" target=\"_blank\">\n\t\t\tLee m\u00e1s &gt;&gt;\t\t<\/a>\n\n\t\t\t\t<\/div>\n\t\t\t\t<div class=\"elementor-post__meta-data\">\n\t\t\t\t\t<span class=\"elementor-post-date\">\n\t\t\t20 marzo, 2026\t\t<\/span>\n\t\t\t\t<\/div>\n\t\t\t\t\t<\/div>\n\t\t<\/article>\n\t\t\t\t<article class=\"elementor-post elementor-grid-item post-49994 post type-post status-publish format-standard has-post-thumbnail category-sociedad category-destacadas category-inteligencia-artificial tag-colombia tag-elecciones tag-investigacion\" role=\"listitem\">\n\t\t\t<div class=\"elementor-post__card\">\n\t\t\t\t<a class=\"elementor-post__thumbnail__link\" href=\"http:\/\/www.javeriana.edu.co\/pesquisa\/emociones-elecciones-colombia\/\" tabindex=\"-1\" target=\"_blank\"><div class=\"elementor-post__thumbnail\"><img decoding=\"async\" width=\"300\" height=\"169\" src=\"http:\/\/www.javeriana.edu.co\/pesquisa\/wp-content\/uploads\/2026\/03\/Sin-ti\u0301tulo-2-3-300x169.png\" class=\"attachment-medium size-medium wp-image-49998\" alt=\"\" srcset=\"http:\/\/www.javeriana.edu.co\/pesquisa\/wp-content\/uploads\/2026\/03\/Sin-ti\u0301tulo-2-3-300x169.png 300w, http:\/\/www.javeriana.edu.co\/pesquisa\/wp-content\/uploads\/2026\/03\/Sin-ti\u0301tulo-2-3-1024x576.png 1024w, http:\/\/www.javeriana.edu.co\/pesquisa\/wp-content\/uploads\/2026\/03\/Sin-ti\u0301tulo-2-3-1536x864.png 1536w, http:\/\/www.javeriana.edu.co\/pesquisa\/wp-content\/uploads\/2026\/03\/Sin-ti\u0301tulo-2-3-150x84.png 150w, http:\/\/www.javeriana.edu.co\/pesquisa\/wp-content\/uploads\/2026\/03\/Sin-ti\u0301tulo-2-3-450x253.png 450w, http:\/\/www.javeriana.edu.co\/pesquisa\/wp-content\/uploads\/2026\/03\/Sin-ti\u0301tulo-2-3-1200x675.png 1200w, http:\/\/www.javeriana.edu.co\/pesquisa\/wp-content\/uploads\/2026\/03\/Sin-ti\u0301tulo-2-3-768x432.png 768w, http:\/\/www.javeriana.edu.co\/pesquisa\/wp-content\/uploads\/2026\/03\/Sin-ti\u0301tulo-2-3.png 1920w\" sizes=\"(max-width: 300px) 100vw, 300px\" \/><\/div><\/a>\n\t\t\t\t<div class=\"elementor-post__badge\">Sociedad<\/div>\n\t\t\t\t<div class=\"elementor-post__text\">\n\t\t\t\t<h3 class=\"elementor-post__title\">\n\t\t\t<a href=\"http:\/\/www.javeriana.edu.co\/pesquisa\/emociones-elecciones-colombia\/\" target=&quot;_blank&quot;>\n\t\t\t\tDe mentiras, emociones y discursos en el proceso electoral colombiano\t\t\t<\/a>\n\t\t<\/h3>\n\t\t\t\t<div class=\"elementor-post__excerpt\">\n\t\t\t<p>Investigadores javerianos se unen al equipo period\u00edstico de Pesquisa Javeriana para analizar con evidencia cient\u00edfica la manera en la que interact\u00faan la tecnolog\u00eda, las emociones y algunas pr\u00e1cticas pol\u00edticas en las elecciones de Colombia.  <\/p>\n\t\t<\/div>\n\t\t\n\t\t<a class=\"elementor-post__read-more\" href=\"http:\/\/www.javeriana.edu.co\/pesquisa\/emociones-elecciones-colombia\/\" aria-label=\"Read more about De mentiras, emociones y discursos en el proceso electoral colombiano\" tabindex=\"-1\" target=\"_blank\">\n\t\t\tLee m\u00e1s &gt;&gt;\t\t<\/a>\n\n\t\t\t\t<\/div>\n\t\t\t\t<div class=\"elementor-post__meta-data\">\n\t\t\t\t\t<span class=\"elementor-post-date\">\n\t\t\t10 marzo, 2026\t\t<\/span>\n\t\t\t\t<\/div>\n\t\t\t\t\t<\/div>\n\t\t<\/article>\n\t\t\t\t<\/div>\n\t\t\n\t\t\t\t\t\t<\/div>\n\t\t\t\t<\/div>\n\t\t\t\t\t<\/div>\n\t\t\t\t<\/div>\n\t\t<div class=\"elementor-element elementor-element-72cfbcc e-con-full e-flex e-con e-parent\" data-id=\"72cfbcc\" data-element_type=\"container\" data-e-type=\"container\">\n\t\t\t\t<\/div>\n\t\t\t\t<\/div>\n\t\t","protected":false},"excerpt":{"rendered":"<p>http:\/\/www.javeriana.edu.co\/pesquisa\/wp-content\/uploads\/2026\/03\/elecciones-3-1.mp4 \u00bfVotamos con emoci\u00f3n o con informaci\u00f3n? Desde Pesquisa Javeriana, como medio de divulgaci\u00f3n de la investigaci\u00f3n que se hace en la Pontificia Universidad Javeriana, queremos apoyar la cualificaci\u00f3n del debate p\u00fablico y de la toma de decisiones de cara a la jornada electoral que tendremos en Colombia en el primer semestre de 2026. Por<\/p>\n","protected":false},"author":165,"featured_media":48832,"parent":0,"menu_order":0,"comment_status":"closed","ping_status":"closed","template":"elementor_header_footer","meta":{"footnotes":""},"categories":[30],"tags":[3270,1172,4840,1139],"class_list":{"0":"post-50092","1":"page","2":"type-page","3":"status-publish","4":"has-post-thumbnail","6":"category-especiales-pesquisa","7":"tag-analisis","8":"tag-elecciones","9":"tag-electoral","10":"tag-presidencia"},"_links":{"self":[{"href":"http:\/\/www.javeriana.edu.co\/pesquisa\/wp-json\/wp\/v2\/pages\/50092","targetHints":{"allow":["GET"]}}],"collection":[{"href":"http:\/\/www.javeriana.edu.co\/pesquisa\/wp-json\/wp\/v2\/pages"}],"about":[{"href":"http:\/\/www.javeriana.edu.co\/pesquisa\/wp-json\/wp\/v2\/types\/page"}],"author":[{"embeddable":true,"href":"http:\/\/www.javeriana.edu.co\/pesquisa\/wp-json\/wp\/v2\/users\/165"}],"replies":[{"embeddable":true,"href":"http:\/\/www.javeriana.edu.co\/pesquisa\/wp-json\/wp\/v2\/comments?post=50092"}],"version-history":[{"count":28,"href":"http:\/\/www.javeriana.edu.co\/pesquisa\/wp-json\/wp\/v2\/pages\/50092\/revisions"}],"predecessor-version":[{"id":50237,"href":"http:\/\/www.javeriana.edu.co\/pesquisa\/wp-json\/wp\/v2\/pages\/50092\/revisions\/50237"}],"wp:featuredmedia":[{"embeddable":true,"href":"http:\/\/www.javeriana.edu.co\/pesquisa\/wp-json\/wp\/v2\/media\/48832"}],"wp:attachment":[{"href":"http:\/\/www.javeriana.edu.co\/pesquisa\/wp-json\/wp\/v2\/media?parent=50092"}],"wp:term":[{"taxonomy":"category","embeddable":true,"href":"http:\/\/www.javeriana.edu.co\/pesquisa\/wp-json\/wp\/v2\/categories?post=50092"},{"taxonomy":"post_tag","embeddable":true,"href":"http:\/\/www.javeriana.edu.co\/pesquisa\/wp-json\/wp\/v2\/tags?post=50092"}],"curies":[{"name":"wp","href":"https:\/\/api.w.org\/{rel}","templated":true}]}}