{"id":1743,"date":"2020-08-05T10:48:55","date_gmt":"2020-08-05T15:48:55","guid":{"rendered":"http:\/\/www.javeriana.edu.co\/profesores\/?page_id=1743"},"modified":"2023-09-07T09:43:41","modified_gmt":"2023-09-07T14:43:41","slug":"home-2","status":"publish","type":"page","link":"http:\/\/www.javeriana.edu.co\/profesores\/","title":{"rendered":"Inicio"},"content":{"rendered":"<p>[vc_row content_placement=&#8221;middle&#8221;][vc_column width=&#8221;1\/6&#8243;][\/vc_column][vc_column width=&#8221;2\/3&#8243;][vc_column_text css_animation=&#8221;fadeInUp&#8221; el_class=&#8221;texto_destacados_home&#8221; css=&#8221;.vc_custom_1694097809349{background-position: center !important;background-repeat: no-repeat !important;background-size: cover !important;}&#8221;]<\/p>\n<h4 style=\"text-align: center;\">Este sitio web se ha dispuesto para el <strong>apoyo y orientaci\u00f3n en estrategias pedag\u00f3gicas y gesti\u00f3n de recursos tecnol\u00f3gicos y digitales<\/strong> para desarrollar de forma remota y combinada las <strong>actividades acad\u00e9micas de docencia<\/strong> de los profesores de la <strong>Pontificia Universidad Javeriana.<\/strong><\/h4>\n<p>[\/vc_column_text][\/vc_column][vc_column width=&#8221;1\/6&#8243;][\/vc_column][\/vc_row][vc_row content_placement=&#8221;middle&#8221; el_class=&#8221;oculto&#8221;][vc_column][vc_separator color=&#8221;custom&#8221;][\/vc_column][\/vc_row][vc_row content_placement=&#8221;middle&#8221; el_class=&#8221;oculto&#8221;][vc_column][apress_vertical_separator vertical_separator_width=&#8221;&#8221; vertical_separator_height=&#8221;&#8221; vertical_separator_style=&#8221;dashed&#8221; vertical_separator_align=&#8221;center&#8221; vertical_separator_color=&#8221;&#8221;][vc_separator color=&#8221;custom&#8221;][\/vc_column][\/vc_row][vc_row content_placement=&#8221;middle&#8221; el_id=&#8221;genially&#8221;][vc_column][vc_column_text]<\/p>\n<div style=\"width: 100%;\">\n<div style=\"position: relative; padding-bottom: 66.67%; padding-top: 0; height: 0;\"><iframe loading=\"lazy\" style=\"position: absolute; top: 0; left: 0; width: 100%; height: 100%;\" src=\"https:\/\/view.genial.ly\/5f5241ec1f2e6d0d7df47469\" width=\"1200\" height=\"800\" frameborder=\"0\" scrolling=\"yes\" allowfullscreen=\"allowfullscreen\"><\/iframe><\/div>\n<\/div>\n<p>[\/vc_column_text][\/vc_column][\/vc_row][vc_row content_placement=&#8221;middle&#8221; css_animation=&#8221;fadeInLeft&#8221; bg_type=&#8221;bg_color&#8221; bg_override=&#8221;full&#8221; bg_color_value=&#8221;#f1f1f1&#8243; el_id=&#8221;formacion&#8221;][vc_column][apress_heading sub_title=&#8221;&#8221; delimiter_line_height=&#8221;3&#8243; delimiter_line_width=&#8221;50&#8243; delimiter_margin=&#8221;margin-top:20|margin-bottom:20&#8243; color_scheme=&#8221;design_your_own&#8221; main_heading_color=&#8221;#4d4d4d&#8221; title_google_fonts=&#8221;yes&#8221; style=&#8221;heading_style1&#8243; title_font_options=&#8221;tag:h1|font_size:42|line_height:48&#8243; subtitle_font_options=&#8221;tag:div&#8221; delimiter_line_color=&#8221;#0076b4&#8243; title_custom_fonts=&#8221;font_family:Source%20Sans%20Pro%3A200%2C200italic%2C300%2C300italic%2Cregular%2Citalic%2C600%2C600italic%2C700%2C700italic%2C900%2C900italic|font_style:700%20bold%20regular%3A700%3Anormal&#8221; heading_margin=&#8221;margin-top:30&#8243;]Formaci\u00f3n[\/apress_heading][vc_row_inner][vc_column_inner width=&#8221;1\/6&#8243;][\/vc_column_inner][vc_column_inner width=&#8221;2\/3&#8243;][vc_column_text css_animation=&#8221;fadeInUp&#8221; el_class=&#8221;texto_destacados_home&#8221;]<\/p>\n<p style=\"text-align: center;\">En esta secci\u00f3n los profesores encontrar\u00e1n recursos para el dise\u00f1o de experiencias significativas para el aprendizaje: herramientas para la planeaci\u00f3n de sesiones remotas y combinadas; estrategias de ense\u00f1anza y aprendizaje mediadas por TIC y diferentes propuestas de evaluaci\u00f3n formativas y sumativas fundamentales para el aprendizaje.<\/p>\n<p>[\/vc_column_text][\/vc_column_inner][vc_column_inner width=&#8221;1\/6&#8243;][\/vc_column_inner][\/vc_row_inner][\/vc_column][\/vc_row][vc_row equal_height=&#8221;yes&#8221; content_placement=&#8221;top&#8221; css_animation=&#8221;fadeInUp&#8221; bg_type=&#8221;bg_color&#8221; bg_override=&#8221;full&#8221; bg_color_value=&#8221;#f1f1f1&#8243; css=&#8221;.vc_custom_1596409202113{margin-top: 0px !important;margin-bottom: 0px !important;border-bottom-width: 0px !important;padding-top: 20px !important;}&#8221;][vc_column][\/vc_column][vc_column width=&#8221;1\/2&#8243; css=&#8221;.vc_custom_1596400643962{margin-top: 0px !important;margin-bottom: 0px !important;padding-top: 0px !important;padding-bottom: 0px !important;}&#8221;][vc_column_text]<\/p>\n<div class=\"botones_formacion_planeacion\">\n<p class=\"texto_botones_formacion_planeacion\"><a href=\"https:\/\/www.javeriana.edu.co\/profesores\/planeacion\/\">Planeaci\u00f3n<\/a><\/p>\n<\/div>\n<p>[\/vc_column_text][\/vc_column][vc_column width=&#8221;1\/2&#8243; css=&#8221;.vc_custom_1596400716938{margin-top: 0px !important;margin-bottom: 0px !important;padding-top: 0px !important;padding-bottom: 0px !important;}&#8221;][vc_column_text]<\/p>\n<div class=\"botones_formacion_metodologias\">\n<p class=\"texto_botones_formacion_metodologias\"><a href=\"https:\/\/www.javeriana.edu.co\/profesores\/metodologias\/\">Metodolog\u00edas<\/a><\/p>\n<\/div>\n<p>[\/vc_column_text][\/vc_column][\/vc_row][vc_row equal_height=&#8221;yes&#8221; content_placement=&#8221;top&#8221; css_animation=&#8221;fadeInUp&#8221; bg_type=&#8221;bg_color&#8221; bg_override=&#8221;full&#8221; bg_color_value=&#8221;#f1f1f1&#8243; css=&#8221;.vc_custom_1596409218612{margin-top: 0px !important;margin-bottom: 0px !important;padding-top: 0px !important;padding-bottom: 60px !important;}&#8221;][vc_column width=&#8221;1\/2&#8243; css=&#8221;.vc_custom_1596400727144{margin-top: 0px !important;margin-bottom: 0px !important;padding-top: 0px !important;padding-bottom: 0px !important;}&#8221;][vc_column_text]<\/p>\n<div class=\"botones_formacion_evaluacion\">\n<p class=\"texto_botones_formacion_evaluacion\"><a href=\"https:\/\/www.javeriana.edu.co\/profesores\/evaluacion\/\">Evaluaci\u00f3n<\/a><\/p>\n<\/div>\n<p>[\/vc_column_text][\/vc_column][vc_column width=&#8221;1\/2&#8243; css=&#8221;.vc_custom_1596400733942{margin-top: 0px !important;margin-bottom: 0px !important;padding-top: 0px !important;padding-bottom: 0px !important;}&#8221;][vc_column_text]<\/p>\n<div class=\"botones_formacion_recursos\">\n<p class=\"texto_botones_formacion_recursos\"><a href=\"https:\/\/www.javeriana.edu.co\/profesores\/gestion\/\">Gesti\u00f3n de recursos TIC<\/a><\/p>\n<\/div>\n<p>[\/vc_column_text][\/vc_column][\/vc_row][vc_row][vc_column][apress_heading sub_title=&#8221;&#8221; delimiter_line_height=&#8221;3&#8243; delimiter_line_width=&#8221;50&#8243; delimiter_margin=&#8221;margin-top:20|margin-bottom:20&#8243; color_scheme=&#8221;design_your_own&#8221; main_heading_color=&#8221;#4d4d4d&#8221; title_google_fonts=&#8221;yes&#8221; style=&#8221;heading_style1&#8243; title_font_options=&#8221;tag:h1|font_size:42|line_height:48&#8243; subtitle_font_options=&#8221;tag:div&#8221; delimiter_line_color=&#8221;#0076b4&#8243; title_custom_fonts=&#8221;font_family:Source%20Sans%20Pro%3A200%2C200italic%2C300%2C300italic%2Cregular%2Citalic%2C600%2C600italic%2C700%2C700italic%2C900%2C900italic|font_style:700%20bold%20regular%3A700%3Anormal&#8221; heading_margin=&#8221;margin-top:30&#8243;]Servicios[\/apress_heading][vc_column_text css_animation=&#8221;fadeInUp&#8221; el_class=&#8221;texto_destacados_home&#8221;]<\/p>\n<p style=\"text-align: center;\">Servicios especializados presenciales y virtuales habilitados para los profesores.<\/p>\n<p>[\/vc_column_text][\/vc_column][\/vc_row][vc_row][vc_column width=&#8221;1\/2&#8243;][vc_column_text]<\/p>\n<div class=\"botones_formacion_evaluacion\">\n<p class=\"texto_botones_formacion_evaluacion\"><a href=\"https:\/\/www.javeriana.edu.co\/biblos\/perfiles#DOCENTESINVESTIG\" target=\"_blank\" rel=\"noopener noreferrer\">Bibliotecas<\/a><\/p>\n<\/div>\n<p>[\/vc_column_text][apress_spacer height=&#8221;10&#8243;][\/vc_column][vc_column width=&#8221;1\/2&#8243;][vc_column_text]<\/p>\n<div class=\"botones_formacion_recursos\">\n<p class=\"texto_botones_formacion_recursos\"><a href=\"https:\/\/javeriana.libguides.com\/biblioguias\/inicio\">Bibliogu\u00edas<\/a><\/p>\n<\/div>\n<p>[\/vc_column_text][apress_spacer height=&#8221;10&#8243;][\/vc_column][\/vc_row][vc_row el_id=&#8221;innovacion&#8221; el_class=&#8221;oculto&#8221;][vc_column][apress_heading sub_title=&#8221;&#8221; content_alignment=&#8221;left&#8221; data_animation=&#8221;fadeInLeft&#8221; delimiter_line_height=&#8221;3&#8243; delimiter_line_width=&#8221;50&#8243; delimiter_margin=&#8221;margin-top:20|margin-bottom:20&#8243; color_scheme=&#8221;design_your_own&#8221; main_heading_color=&#8221;#4d4d4d&#8221; title_google_fonts=&#8221;yes&#8221; style=&#8221;heading_style1&#8243; title_font_options=&#8221;tag:h1|font_size:42|line_height:48&#8243; subtitle_font_options=&#8221;tag:div&#8221; delimiter_line_color=&#8221;#0076b4&#8243; title_custom_fonts=&#8221;font_family:Source%20Sans%20Pro%3A200%2C200italic%2C300%2C300italic%2Cregular%2Citalic%2C600%2C600italic%2C700%2C700italic%2C900%2C900italic|font_style:700%20bold%20regular%3A700%3Anormal&#8221; heading_margin=&#8221;margin-top:30&#8243;]Innovaci\u00f3n Educativa[\/apress_heading][vc_row_inner][vc_column_inner width=&#8221;2\/3&#8243;][vc_column_text css_animation=&#8221;fadeInUp&#8221; el_class=&#8221;texto_destacados_home&#8221;]Con el prop\u00f3sito de organizar una gu\u00eda de referencias sobre diferentes iniciativas en torno a la innovaci\u00f3n educativa en la Pontificia Universidad Javeriana, se dedica esta secci\u00f3n a la presentaci\u00f3n de aquellos proyectos reconocidos en el marco de diferentes versiones del Foro Korczak de Innovaci\u00f3n Educativa. Se han organizado atendiendo a las tem\u00e1ticas propuestas por el CAE+E.[\/vc_column_text][\/vc_column_inner][vc_column_inner width=&#8221;1\/3&#8243;][\/vc_column_inner][\/vc_row_inner][\/vc_column][\/vc_row][vc_row el_class=&#8221;oculto&#8221; css=&#8221;.vc_custom_1619640945182{padding-bottom: 40px !important;}&#8221;][vc_column width=&#8221;1\/2&#8243;][vc_single_image image=&#8221;2406&#8243; img_size=&#8221;full&#8221; css_animation=&#8221;fadeInLeft&#8221;][\/vc_column][vc_column width=&#8221;1\/2&#8243;][vc_column_text]<\/p>\n<ul class=\"listado_innovacion_home\">\n<li>Ense\u00f1anza incluyente<\/li>\n<li>Ense\u00f1anza fuera del aula<\/li>\n<li>Preparaci\u00f3n de materiales educativos universitarios<\/li>\n<li>Ambientes de aprendizaje apoyados por TIC<\/li>\n<li>Pr\u00e1cticas de evaluaci\u00f3n para el aprendizaje<\/li>\n<li>Foro Korczak<\/li>\n<li>Magazine Korczak<\/li>\n<\/ul>\n<p>[\/vc_column_text][apress_button button_text=&#8221;Ir a la secci\u00f3n&#8221; color_scheme=&#8221;design_your_own&#8221; button_bg_color=&#8221;#0076b4&#8243; button_bg_color_h=&#8221;#939393&#8243; button_border_color=&#8221;&#8221; button_border_color_h=&#8221;&#8221; button_hover_style=&#8221;hoverstyle3&#8243; button_size=&#8221;large&#8221; button_alignment=&#8221;right&#8221; box_shadow=&#8221;box_shadow_enable:enable|shadow_horizontal:0|shadow_vertical:0|shadow_blur:0|shadow_spread:0|box_shadow_color:rgba(0%2C0%2C0%2C0.35)&#8221; box_hover_shadow=&#8221;box_shadow_enable:disable|shadow_horizontal:2|shadow_vertical:2|shadow_blur:7|shadow_spread:0|box_shadow_color:rgba(0%2C0%2C0%2C0.2)&#8221; button_swing=&#8221;&#8221; data_animation=&#8221;fadeInUp&#8221; button_text_color=&#8221;#ffffff&#8221; button_text_color_h=&#8221;#ffffff&#8221; button_shape=&#8221;square&#8221; button_link=&#8221;url:http%3A%2F%2Fwww.javeriana.edu.co%2Fprofesores%2Finnovacion%2F|title:Innovaci%C3%B3n||&#8221; class=&#8221;boton_ver_mas&#8221;][\/vc_column][\/vc_row][vc_row bg_type=&#8221;bg_color&#8221; bg_override=&#8221;full&#8221; bg_color_value=&#8221;#f1f1f1&#8243; css=&#8221;.vc_custom_1619641699568{margin-bottom: 0px !important;padding-bottom: 0px !important;}&#8221; el_id=&#8221;facultades&#8221;][vc_column width=&#8221;1\/6&#8243; css=&#8221;.vc_custom_1596416594592{margin-bottom: 0px !important;padding-bottom: 0px !important;}&#8221;][\/vc_column][vc_column width=&#8221;2\/3&#8243; el_class=&#8221;oculto&#8221;][apress_heading sub_title=&#8221;&#8221; content_alignment=&#8221;left&#8221; data_animation=&#8221;fadeInLeft&#8221; delimiter_line_height=&#8221;3&#8243; delimiter_line_width=&#8221;50&#8243; delimiter_margin=&#8221;margin-top:20|margin-bottom:20&#8243; color_scheme=&#8221;design_your_own&#8221; main_heading_color=&#8221;#4d4d4d&#8221; title_google_fonts=&#8221;yes&#8221; style=&#8221;heading_style1&#8243; title_font_options=&#8221;tag:h1|font_size:42|line_height:48&#8243; subtitle_font_options=&#8221;tag:div&#8221; delimiter_line_color=&#8221;#0076b4&#8243; title_custom_fonts=&#8221;font_family:Source%20Sans%20Pro%3A200%2C200italic%2C300%2C300italic%2Cregular%2Citalic%2C600%2C600italic%2C700%2C700italic%2C900%2C900italic|font_style:700%20bold%20regular%3A700%3Anormal&#8221; heading_margin=&#8221;margin-top:30&#8243;]Observatorio de Pr\u00e1cticas Pedag\u00f3gicas Emergentes &#8211; OPPE[\/apress_heading][vc_row_inner css=&#8221;.vc_custom_1620741198972{margin-top: 0px !important;padding-top: 0px !important;}&#8221; el_class=&#8221;oculto&#8221;][vc_column_inner width=&#8221;1\/2&#8243;][vc_single_image image=&#8221;1710&#8243; img_size=&#8221;full&#8221; alignment=&#8221;center&#8221;][ultimate_spacer][apress_button button_text=&#8221;Ir a la secci\u00f3n&#8221; color_scheme=&#8221;design_your_own&#8221; button_bg_color=&#8221;#0076b4&#8243; button_bg_color_h=&#8221;#939393&#8243; button_border_color=&#8221;&#8221; button_border_color_h=&#8221;&#8221; button_hover_style=&#8221;hoverstyle3&#8243; button_size=&#8221;medium&#8221; button_alignment=&#8221;left&#8221; box_shadow=&#8221;box_shadow_enable:enable|shadow_horizontal:0|shadow_vertical:0|shadow_blur:0|shadow_spread:0|box_shadow_color:rgba(0%2C0%2C0%2C0.35)&#8221; box_hover_shadow=&#8221;box_shadow_enable:disable|shadow_horizontal:2|shadow_vertical:2|shadow_blur:7|shadow_spread:0|box_shadow_color:rgba(0%2C0%2C0%2C0.2)&#8221; button_swing=&#8221;&#8221; data_animation=&#8221;fadeInUp&#8221; button_text_color=&#8221;#ffffff&#8221; button_text_color_h=&#8221;#ffffff&#8221; button_shape=&#8221;square&#8221; button_link=&#8221;url:http%3A%2F%2Fwww.javeriana.edu.co%2Fprofesores%2Ffacultades-institutos%2F|||&#8221; class=&#8221;boton_ver_eventos&#8221; button_font_options=&#8221;font_size:20|line_height:26&#8243;][\/vc_column_inner][vc_column_inner width=&#8221;1\/2&#8243;][apress_heading sub_title=&#8221;&#8221; content_alignment=&#8221;left&#8221; delimiter_line_height=&#8221;2&#8243; delimiter_line_width=&#8221;60&#8243; delimiter_margin=&#8221;margin-top:15|margin-bottom:15&#8243; color_scheme=&#8221;design_your_own&#8221; main_heading_color=&#8221;#0076b4&#8243; style=&#8221;heading_style1&#8243; title_font_options=&#8221;tag:h6|font_size:22|line_height:27|font_style_bold:1&#8243; subtitle_font_options=&#8221;tag:div&#8221; delimiter_line_color=&#8221;#0076b4&#8243;]An\u00e1lisis de la cuarta encuesta de continuidad acad\u00e9mica a profesores y estudiantes[\/apress_heading][ultimate_spacer][\/vc_column_inner][\/vc_row_inner][\/vc_column][vc_column width=&#8221;1\/6&#8243;][\/vc_column][\/vc_row][vc_row bg_type=&#8221;bg_color&#8221; bg_override=&#8221;full&#8221; bg_color_value=&#8221;#f1f1f1&#8243; css=&#8221;.vc_custom_1619640817299{margin-bottom: 0px !important;padding-bottom: 0px !important;}&#8221; el_class=&#8221;oculto&#8221;][vc_column css=&#8221;.vc_custom_1596416594592{margin-bottom: 0px !important;padding-bottom: 0px !important;}&#8221;][apress_heading sub_title=&#8221;&#8221; content_alignment=&#8221;left&#8221; data_animation=&#8221;fadeInLeft&#8221; delimiter_line_height=&#8221;3&#8243; delimiter_line_width=&#8221;50&#8243; delimiter_margin=&#8221;margin-top:20|margin-bottom:20&#8243; color_scheme=&#8221;design_your_own&#8221; main_heading_color=&#8221;#4d4d4d&#8221; title_google_fonts=&#8221;yes&#8221; style=&#8221;heading_style1&#8243; title_font_options=&#8221;tag:h1|font_size:42|line_height:48&#8243; subtitle_font_options=&#8221;tag:div&#8221; delimiter_line_color=&#8221;#0076b4&#8243; title_custom_fonts=&#8221;font_family:Source%20Sans%20Pro%3A200%2C200italic%2C300%2C300italic%2Cregular%2Citalic%2C600%2C600italic%2C700%2C700italic%2C900%2C900italic|font_style:700%20bold%20regular%3A700%3Anormal&#8221; heading_margin=&#8221;margin-top:30&#8243;]Facultades e Institutos[\/apress_heading][vc_row_inner css=&#8221;.vc_custom_1619640850544{margin-bottom: 0px !important;padding-bottom: 0px !important;}&#8221; el_class=&#8221;oculto&#8221;][vc_column_inner width=&#8221;2\/3&#8243;][vc_column_text css_animation=&#8221;fadeInUp&#8221; el_class=&#8221;texto_destacados_home&#8221;]En esta secci\u00f3n las facultades e institutos de la Universidad comparten estrategias y actividades relevantes para la reflexi\u00f3n de la ense\u00f1anza de las disciplinas, en di\u00e1logo abierto con otros campos del conocimiento.[\/vc_column_text][\/vc_column_inner][vc_column_inner width=&#8221;1\/3&#8243;][\/vc_column_inner][\/vc_row_inner][vc_row_inner css=&#8221;.vc_custom_1596416532863{margin-top: 0px !important;padding-top: 0px !important;}&#8221;][vc_column_inner width=&#8221;1\/2&#8243;][vc_single_image image=&#8221;1710&#8243; img_size=&#8221;full&#8221; alignment=&#8221;center&#8221;][apress_heading sub_title=&#8221;Aprendizaje colaborativo y no necesariamente presencial, una experiencia Javeriana soportada en herramientas tecnol\u00f3gicas para colaboraci\u00f3n. Experiencia del Prof. Juan Pablo Caballero-Villalobos de la Facultad de Ingenier\u00eda&#8221; content_alignment=&#8221;left&#8221; delimiter_line_height=&#8221;2&#8243; delimiter_line_width=&#8221;60&#8243; delimiter_margin=&#8221;margin-top:15|margin-bottom:15&#8243; color_scheme=&#8221;design_your_own&#8221; main_heading_color=&#8221;#0076b4&#8243; style=&#8221;heading_style1&#8243; title_font_options=&#8221;tag:h6|font_size:22|line_height:27|font_style_bold:1&#8243; subtitle_font_options=&#8221;tag:div&#8221; delimiter_line_color=&#8221;#0076b4&#8243;]Aprendizaje colaborativo[\/apress_heading][ultimate_spacer][\/vc_column_inner][vc_column_inner width=&#8221;1\/2&#8243;][vc_single_image image=&#8221;2358&#8243; img_size=&#8221;full&#8221; alignment=&#8221;center&#8221;][apress_heading sub_title=&#8221;Estrategias de aprendizaje: mapas mentales y su utilidad en la ense\u00f1anza. Experiencia del Prof. Miguel Torres de la Facultad de Ingenier\u00eda&#8221; content_alignment=&#8221;left&#8221; delimiter_line_height=&#8221;2&#8243; delimiter_line_width=&#8221;60&#8243; delimiter_margin=&#8221;margin-top:15|margin-bottom:15&#8243; color_scheme=&#8221;design_your_own&#8221; main_heading_color=&#8221;#0076b4&#8243; style=&#8221;heading_style1&#8243; title_font_options=&#8221;tag:h6|font_size:22|line_height:27|font_style_bold:1&#8243; subtitle_font_options=&#8221;tag:div&#8221; delimiter_line_color=&#8221;#0076b4&#8243;]Mapas mentales[\/apress_heading][ultimate_spacer height=&#8221;10&#8243;][\/vc_column_inner][\/vc_row_inner][apress_button button_text=&#8221;Ir a la secci\u00f3n&#8221; color_scheme=&#8221;design_your_own&#8221; button_bg_color=&#8221;#0076b4&#8243; button_bg_color_h=&#8221;#939393&#8243; button_border_color=&#8221;&#8221; button_border_color_h=&#8221;&#8221; button_hover_style=&#8221;hoverstyle3&#8243; button_size=&#8221;medium&#8221; button_alignment=&#8221;left&#8221; box_shadow=&#8221;box_shadow_enable:enable|shadow_horizontal:0|shadow_vertical:0|shadow_blur:0|shadow_spread:0|box_shadow_color:rgba(0%2C0%2C0%2C0.35)&#8221; box_hover_shadow=&#8221;box_shadow_enable:disable|shadow_horizontal:2|shadow_vertical:2|shadow_blur:7|shadow_spread:0|box_shadow_color:rgba(0%2C0%2C0%2C0.2)&#8221; button_swing=&#8221;&#8221; data_animation=&#8221;fadeInUp&#8221; button_text_color=&#8221;#ffffff&#8221; button_text_color_h=&#8221;#ffffff&#8221; button_shape=&#8221;square&#8221; button_link=&#8221;url:http%3A%2F%2Fwww.javeriana.edu.co%2Fprofesores%2Ffacultades-institutos%2F|||&#8221; class=&#8221;boton_ver_eventos&#8221; button_font_options=&#8221;font_size:20|line_height:26&#8243;][\/vc_column][\/vc_row][vc_row][vc_column][apress_heading sub_title=&#8221;&#8221; data_animation=&#8221;fadeInLeft&#8221; delimiter_line_height=&#8221;3&#8243; delimiter_line_width=&#8221;50&#8243; delimiter_margin=&#8221;margin-top:20|margin-bottom:20&#8243; color_scheme=&#8221;design_your_own&#8221; main_heading_color=&#8221;#4d4d4d&#8221; title_google_fonts=&#8221;yes&#8221; style=&#8221;heading_style1&#8243; title_font_options=&#8221;tag:h1|font_size:42|line_height:48&#8243; subtitle_font_options=&#8221;tag:div&#8221; delimiter_line_color=&#8221;#0076b4&#8243; title_custom_fonts=&#8221;font_family:Source%20Sans%20Pro%3A200%2C200italic%2C300%2C300italic%2Cregular%2Citalic%2C600%2C600italic%2C700%2C700italic%2C900%2C900italic|font_style:700%20bold%20regular%3A700%3Anormal&#8221; heading_margin=&#8221;margin-top:30&#8243;]Pr\u00f3ximos eventos[\/apress_heading][ultimate_spacer height=&#8221;10&#8243;][\/vc_column][\/vc_row][vc_row][vc_column width=&#8221;1\/2&#8243;][vc_column_text]<\/p>\n<div class=\"botones_formacion_planeacion\">\n<p class=\"texto_botones_formacion_planeacion\"><a href=\"https:\/\/linktr.ee\/caeejaveriana\">\u00a1Quiero inscribirme!<\/a><\/p>\n<\/div>\n<p>[\/vc_column_text][\/vc_column][vc_column width=&#8221;1\/2&#8243;][\/vc_column][\/vc_row][vc_row][vc_column][vc_separator color=&#8221;white&#8221;][\/vc_column][\/vc_row]<\/p>\n","protected":false},"excerpt":{"rendered":"<p>[vc_row content_placement=&#8221;middle&#8221;][vc_column width=&#8221;1\/6&#8243;][\/vc_column][vc_column width=&#8221;2\/3&#8243;][vc_column_text css_animation=&#8221;fadeInUp&#8221; el_class=&#8221;texto_destacados_home&#8221; css=&#8221;.vc_custom_1694097809349{background-position: center !important;background-repeat: no-repeat !important;background-size: cover !important;}&#8221;] Este sitio web se ha dispuesto para el apoyo y orientaci\u00f3n en estrategias pedag\u00f3gicas y gesti\u00f3n de recursos tecnol\u00f3gicos y digitales para desarrollar de forma remota y<span class=\"read_more_area\"><a class=\"read-more\" href=\"http:\/\/www.javeriana.edu.co\/profesores\/\"> Seguir leyendo <\/a><\/span><\/p>\n","protected":false},"author":1,"featured_media":0,"parent":0,"menu_order":0,"comment_status":"closed","ping_status":"closed","template":"","meta":{"footnotes":""},"class_list":["post-1743","page","type-page","status-publish","hentry"],"_links":{"self":[{"href":"http:\/\/www.javeriana.edu.co\/profesores\/wp-json\/wp\/v2\/pages\/1743","targetHints":{"allow":["GET"]}}],"collection":[{"href":"http:\/\/www.javeriana.edu.co\/profesores\/wp-json\/wp\/v2\/pages"}],"about":[{"href":"http:\/\/www.javeriana.edu.co\/profesores\/wp-json\/wp\/v2\/types\/page"}],"author":[{"embeddable":true,"href":"http:\/\/www.javeriana.edu.co\/profesores\/wp-json\/wp\/v2\/users\/1"}],"replies":[{"embeddable":true,"href":"http:\/\/www.javeriana.edu.co\/profesores\/wp-json\/wp\/v2\/comments?post=1743"}],"version-history":[{"count":409,"href":"http:\/\/www.javeriana.edu.co\/profesores\/wp-json\/wp\/v2\/pages\/1743\/revisions"}],"predecessor-version":[{"id":3452,"href":"http:\/\/www.javeriana.edu.co\/profesores\/wp-json\/wp\/v2\/pages\/1743\/revisions\/3452"}],"wp:attachment":[{"href":"http:\/\/www.javeriana.edu.co\/profesores\/wp-json\/wp\/v2\/media?parent=1743"}],"curies":[{"name":"wp","href":"https:\/\/api.w.org\/{rel}","templated":true}]}}