{"id":2332,"date":"2020-09-02T18:04:22","date_gmt":"2020-09-02T23:04:22","guid":{"rendered":"http:\/\/www.javeriana.edu.co\/profesores\/?page_id=2332"},"modified":"2021-07-23T12:30:52","modified_gmt":"2021-07-23T17:30:52","slug":"planeacion","status":"publish","type":"page","link":"http:\/\/www.javeriana.edu.co\/profesores\/planeacion\/","title":{"rendered":"Planeaci\u00f3n"},"content":{"rendered":"<p>[vc_row full_width=&#8221;stretch_row&#8221; content_placement=&#8221;middle&#8221; bg_type=&#8221;image&#8221; parallax_style=&#8221;vcpb-default&#8221; bg_image_new=&#8221;id^2222|url^https:\/\/www.javeriana.edu.co\/profesores\/wp-content\/uploads\/2020\/08\/Planeacion.jpg|caption^null|alt^null|title^Planeacion|description^null&#8221; bg_override=&#8221;full&#8221; enable_overlay=&#8221;enable_overlay_value&#8221; overlay_color=&#8221;rgba(0,0,0,0.4)&#8221; css=&#8221;.vc_custom_1598491301681{padding-top: 65px !important;padding-bottom: 65px !important;}&#8221;][vc_column width=&#8221;1\/2&#8243;][ultimate_heading main_heading=&#8221;Planeaci\u00f3n&#8221; main_heading_color=&#8221;#ffffff&#8221; sub_heading_color=&#8221;#ffffff&#8221; alignment=&#8221;left&#8221; main_heading_font_size=&#8221;desktop:56px;tablet:36px;tablet_portrait:32px;mobile_landscape:28px;mobile:28px;&#8221; main_heading_line_height=&#8221;desktop:62px;tablet:42px;tablet_portrait:38px;mobile_landscape:34px;mobile:34px;&#8221; sub_heading_font_size=&#8221;desktop:22px;&#8221; sub_heading_line_height=&#8221;desktop:30px;&#8221; main_heading_margin=&#8221;margin-bottom:10px;&#8221; sub_heading_margin=&#8221;margin-bottom:30px;&#8221; main_heading_font_family=&#8221;font_family:Source Sans Pro|font_call:Source+Sans+Pro|variant:600&#8243; main_heading_style=&#8221;font-weight:600;&#8221;]Recursos para el dise\u00f1o de experiencias de aprendizaje en Educaci\u00f3n Superior[\/ultimate_heading][\/vc_column][vc_column width=&#8221;1\/2&#8243;][\/vc_column][\/vc_row][vc_row full_width=&#8221;stretch_row&#8221; bg_type=&#8221;bg_color&#8221; bg_override=&#8221;full&#8221; css=&#8221;.vc_custom_1627061417525{padding-top: 40px !important;padding-bottom: 40px !important;background-color: #ffffff !important;}&#8221;][vc_column width=&#8221;1\/2&#8243;][apress_heading sub_title=&#8221;Brindar orientaciones para el desarrollo de una clase presencial, de forma remota.&#8221; content_alignment=&#8221;left&#8221; delimiter_line_height=&#8221;3&#8243; delimiter_line_width=&#8221;80&#8243; delimiter_margin=&#8221;margin-top:20|margin-bottom:30&#8243; color_scheme=&#8221;design_your_own&#8221; main_heading_color=&#8221;#4d4d4d&#8221; title_google_fonts=&#8221;yes&#8221; style=&#8221;heading_style5&#8243; delimiter_line_color=&#8221;#ee8400&#8243; title_font_options=&#8221;tag:h2|font_size:28|line_height:28&#8243; subtitle_font_options=&#8221;tag:div|font_size:18|line_height:27&#8243; title_custom_fonts=&#8221;font_family:Source%20Sans%20Pro%3A200%2C200italic%2C300%2C300italic%2Cregular%2Citalic%2C600%2C600italic%2C700%2C700italic%2C900%2C900italic|font_style:600%20bold%20regular%3A600%3Anormal&#8221; heading_margin=&#8221;margin-bottom:10&#8243;]\u00bfC\u00f3mo planear sesiones remotas?[\/apress_heading][\/vc_column][vc_column width=&#8221;1\/2&#8243;][ult_buttons btn_title=&#8221;Orientaciones para la planeaci\u00f3n de una clase remota&#8221; btn_link=&#8221;url:https%3A%2F%2Fwww.javeriana.edu.co%2Fprofesores%2Fwp-content%2Fuploads%2F2021%2F07%2FP_Co%CC%81mo-planear-sesiones-remotas.pdf||target:%20_blank|&#8221; btn_align=&#8221;ubtn-right&#8221; btn_size=&#8221;ubtn-block&#8221; btn_title_color=&#8221;#ee8400&#8243; btn_bg_color=&#8221;&#8221; btn_title_color_hover=&#8221;#747474&#8243; icon=&#8221;Defaults-file-pdf-o&#8221; icon_size=&#8221;28&#8243; icon_color=&#8221;#ee8400&#8243; btn_icon_pos=&#8221;ubtn-sep-icon-at-left&#8221; btn_font_size=&#8221;desktop:16px;&#8221; btn_line_height=&#8221;desktop:21px;&#8221; btn_font_family=&#8221;font_family:Source Sans Pro|font_call:Source+Sans+Pro&#8221;][ult_buttons btn_title=&#8221;Recursos&#8221; btn_link=&#8221;url:https%3A%2F%2Fview.genial.ly%2F5f9c2ce12c1b550d0bb131b8%2Fpresentation-elementos-para-la-planeacion-de-clases-remotas%20||target:%20_blank|&#8221; btn_align=&#8221;ubtn-right&#8221; btn_size=&#8221;ubtn-block&#8221; btn_title_color=&#8221;#ee8400&#8243; btn_bg_color=&#8221;&#8221; btn_title_color_hover=&#8221;#747474&#8243; icon=&#8221;Defaults-plus-square&#8221; icon_size=&#8221;28&#8243; icon_color=&#8221;#ee8400&#8243; btn_icon_pos=&#8221;ubtn-sep-icon-at-left&#8221; btn_font_size=&#8221;desktop:16px;&#8221; btn_line_height=&#8221;desktop:21px;&#8221; btn_font_family=&#8221;font_family:Source Sans Pro|font_call:Source+Sans+Pro&#8221;][\/vc_column][\/vc_row][vc_row full_width=&#8221;stretch_row&#8221; bg_type=&#8221;bg_color&#8221; bg_override=&#8221;full&#8221; css=&#8221;.vc_custom_1598395294695{padding-top: 40px !important;padding-bottom: 40px !important;background-color: #ffffff !important;}&#8221;][vc_column width=&#8221;1\/2&#8243;][apress_heading sub_title=&#8221;En este espacio hay recursos para la planeaci\u00f3n en modalidad remota considerando los Resultados de Aprendizaje Esperados (RAE)&#8221; content_alignment=&#8221;left&#8221; delimiter_line_height=&#8221;3&#8243; delimiter_line_width=&#8221;80&#8243; delimiter_margin=&#8221;margin-top:20|margin-bottom:30&#8243; color_scheme=&#8221;design_your_own&#8221; main_heading_color=&#8221;#4d4d4d&#8221; title_google_fonts=&#8221;yes&#8221; style=&#8221;heading_style5&#8243; delimiter_line_color=&#8221;#ee8400&#8243; title_font_options=&#8221;tag:h2|font_size:28|line_height:28&#8243; subtitle_font_options=&#8221;tag:div|font_size:18|line_height:27&#8243; title_custom_fonts=&#8221;font_family:Source%20Sans%20Pro%3A200%2C200italic%2C300%2C300italic%2Cregular%2Citalic%2C600%2C600italic%2C700%2C700italic%2C900%2C900italic|font_style:600%20bold%20regular%3A600%3Anormal&#8221; heading_margin=&#8221;margin-bottom:10&#8243;]Orientaciones para la planeaci\u00f3n de asignaturas seg\u00fan sus Resultados de Aprendizaje Esperado (RAE)[\/apress_heading][\/vc_column][vc_column width=&#8221;1\/2&#8243;][ult_buttons btn_title=&#8221;\u00bfQu\u00e9 es un RAE?&#8221; btn_link=&#8221;url:https%3A%2F%2Fwww.javeriana.edu.co%2Fprofesores%2Fwp-content%2Fuploads%2F2021%2F05%2FInfografiaRAE.pdf||target:%20_blank|&#8221; btn_align=&#8221;ubtn-right&#8221; btn_size=&#8221;ubtn-block&#8221; btn_title_color=&#8221;#ee8400&#8243; btn_bg_color=&#8221;&#8221; btn_title_color_hover=&#8221;#747474&#8243; icon=&#8221;Defaults-file-pdf-o&#8221; icon_size=&#8221;28&#8243; icon_color=&#8221;#ee8400&#8243; btn_icon_pos=&#8221;ubtn-sep-icon-at-left&#8221; btn_font_size=&#8221;desktop:16px;&#8221; btn_line_height=&#8221;desktop:21px;&#8221; btn_font_family=&#8221;font_family:Source Sans Pro|font_call:Source+Sans+Pro&#8221;][ult_buttons btn_title=&#8221;Gu\u00eda: c\u00f3mo utilizar la pr\u00e1ctica de recuperaci\u00f3n para mejorar el aprendizaje&#8221; btn_link=&#8221;url:http%3A%2F%2Fpdf.retrievalpractice.org%2Ftranslations%2FSpanish_RetrievalPractice.pdf||target:%20_blank|&#8221; btn_align=&#8221;ubtn-right&#8221; btn_size=&#8221;ubtn-block&#8221; btn_title_color=&#8221;#ee8400&#8243; btn_bg_color=&#8221;&#8221; btn_title_color_hover=&#8221;#747474&#8243; icon=&#8221;Defaults-file-pdf-o&#8221; icon_size=&#8221;28&#8243; icon_color=&#8221;#ee8400&#8243; btn_icon_pos=&#8221;ubtn-sep-icon-at-left&#8221; btn_font_size=&#8221;desktop:16px;&#8221; btn_line_height=&#8221;desktop:21px;&#8221; btn_font_family=&#8221;font_family:Source Sans Pro|font_call:Source+Sans+Pro&#8221;][ult_buttons btn_title=&#8221;Recursos&#8221; btn_link=&#8221;url:https%3A%2F%2Fview.genial.ly%2F5f80ea193d2ac00d150e6ada%2Finteractive-content-como-planear-el-desarrollo-de-mi-asignatura-a-lo-largo-del-semestre||target:%20_blank|&#8221; btn_align=&#8221;ubtn-right&#8221; btn_size=&#8221;ubtn-block&#8221; btn_title_color=&#8221;#ee8400&#8243; btn_bg_color=&#8221;&#8221; btn_title_color_hover=&#8221;#747474&#8243; icon=&#8221;Defaults-plus-square&#8221; icon_size=&#8221;28&#8243; icon_color=&#8221;#ee8400&#8243; btn_icon_pos=&#8221;ubtn-sep-icon-at-left&#8221; btn_font_size=&#8221;desktop:16px;&#8221; btn_line_height=&#8221;desktop:21px;&#8221; btn_font_family=&#8221;font_family:Source Sans Pro|font_call:Source+Sans+Pro&#8221;][ult_buttons btn_title=&#8221;Webinar&#8221; btn_link=&#8221;url:https%3A%2F%2Fyoutu.be%2FZqjv82vA3dY||target:%20_blank|&#8221; btn_align=&#8221;ubtn-right&#8221; btn_size=&#8221;ubtn-block&#8221; btn_title_color=&#8221;#ee8400&#8243; btn_bg_color=&#8221;&#8221; btn_title_color_hover=&#8221;#747474&#8243; icon=&#8221;Defaults-file-movie-o file-video-o&#8221; icon_size=&#8221;28&#8243; icon_color=&#8221;#ee8400&#8243; btn_icon_pos=&#8221;ubtn-sep-icon-at-left&#8221; btn_font_size=&#8221;desktop:16px;&#8221; btn_line_height=&#8221;desktop:21px;&#8221; btn_font_family=&#8221;font_family:Source Sans Pro|font_call:Source+Sans+Pro&#8221;][\/vc_column][\/vc_row][vc_row full_width=&#8221;stretch_row&#8221; bg_type=&#8221;bg_color&#8221; css=&#8221;.vc_custom_1598395247148{padding-top: 40px !important;padding-bottom: 40px !important;background-color: #ffffff !important;}&#8221; bg_color_value=&#8221;#f4f4f4&#8243;][vc_column width=&#8221;1\/2&#8243;][apress_heading sub_title=&#8221;En este encuentro se expondr\u00e1n las principales caracter\u00edsticas de las actuales modalidades de ense\u00f1anza, sus ventajas y desaf\u00edos.&#8221; content_alignment=&#8221;left&#8221; delimiter_line_height=&#8221;3&#8243; delimiter_line_width=&#8221;80&#8243; delimiter_margin=&#8221;margin-top:20|margin-bottom:30&#8243; color_scheme=&#8221;design_your_own&#8221; main_heading_color=&#8221;#4d4d4d&#8221; title_google_fonts=&#8221;yes&#8221; style=&#8221;heading_style5&#8243; delimiter_line_color=&#8221;#ee8400&#8243; title_font_options=&#8221;tag:h2|font_size:28|line_height:28&#8243; subtitle_font_options=&#8221;tag:div|font_size:18|line_height:27&#8243; title_custom_fonts=&#8221;font_family:Source%20Sans%20Pro%3A200%2C200italic%2C300%2C300italic%2Cregular%2Citalic%2C600%2C600italic%2C700%2C700italic%2C900%2C900italic|font_style:600%20bold%20regular%3A600%3Anormal&#8221; heading_margin=&#8221;margin-bottom:10&#8243;]Desaf\u00edos de las nuevas modalidades de ense\u00f1anza y aprendizaje[\/apress_heading][\/vc_column][vc_column width=&#8221;1\/2&#8243;][ult_buttons btn_title=&#8221;Gu\u00eda: desaf\u00edos de las nuevas modalidades de ense\u00f1anza y aprendizaje&#8221; btn_link=&#8221;url:https%3A%2F%2Fwww.javeriana.edu.co%2Fprofesores%2Fwp-content%2Fuploads%2F2020%2F12%2FP_Gui%CC%81a-Desafi%CC%81os-nuevas-modalidades-de-ensen%CC%83anza-aprendizaje.pdf||target:%20_blank|&#8221; btn_align=&#8221;ubtn-right&#8221; btn_size=&#8221;ubtn-block&#8221; btn_title_color=&#8221;#ee8400&#8243; btn_bg_color=&#8221;&#8221; btn_title_color_hover=&#8221;#747474&#8243; icon=&#8221;Defaults-file-pdf-o&#8221; icon_size=&#8221;28&#8243; icon_color=&#8221;#ee8400&#8243; btn_icon_pos=&#8221;ubtn-sep-icon-at-left&#8221; btn_font_size=&#8221;desktop:16px;&#8221; btn_line_height=&#8221;desktop:21px;&#8221; btn_font_family=&#8221;font_family:Source Sans Pro|font_call:Source+Sans+Pro&#8221;][ult_buttons btn_title=&#8221;Webinar&#8221; btn_link=&#8221;url:https%3A%2F%2Fwww.youtube.com%2Fwatch%3Fv%3DalmVsr3hTj4%26feature%3Dyoutu.be||target:%20_blank|&#8221; btn_align=&#8221;ubtn-right&#8221; btn_size=&#8221;ubtn-block&#8221; btn_title_color=&#8221;#ee8400&#8243; btn_bg_color=&#8221;&#8221; btn_title_color_hover=&#8221;#747474&#8243; icon=&#8221;Defaults-file-movie-o file-video-o&#8221; icon_size=&#8221;28&#8243; icon_color=&#8221;#ee8400&#8243; btn_icon_pos=&#8221;ubtn-sep-icon-at-left&#8221; btn_font_size=&#8221;desktop:16px;&#8221; btn_line_height=&#8221;desktop:21px;&#8221; btn_font_family=&#8221;font_family:Source Sans Pro|font_call:Source+Sans+Pro&#8221;][\/vc_column][\/vc_row][vc_row bg_type=&#8221;image&#8221; parallax_style=&#8221;vcpb-vz-jquery&#8221; bg_image_new=&#8221;id^2161|url^https:\/\/www.javeriana.edu.co\/profesores\/wp-content\/uploads\/2020\/08\/Footer2.jpg|caption^null|alt^null|title^Footer2|description^null&#8221; bg_image_repeat=&#8221;no-repeat&#8221; bg_override=&#8221;full&#8221; css=&#8221;.vc_custom_1598397369468{padding-top: 100px !important;padding-bottom: 100px !important;}&#8221;][vc_column][\/vc_column][\/vc_row]<\/p>\n","protected":false},"excerpt":{"rendered":"<p>[vc_row full_width=&#8221;stretch_row&#8221; content_placement=&#8221;middle&#8221; bg_type=&#8221;image&#8221; parallax_style=&#8221;vcpb-default&#8221; bg_image_new=&#8221;id^2222|url^https:\/\/www.javeriana.edu.co\/profesores\/wp-content\/uploads\/2020\/08\/Planeacion.jpg|caption^null|alt^null|title^Planeacion|description^null&#8221; bg_override=&#8221;full&#8221; enable_overlay=&#8221;enable_overlay_value&#8221; overlay_color=&#8221;rgba(0,0,0,0.4)&#8221; css=&#8221;.vc_custom_1598491301681{padding-top: 65px !important;padding-bottom: 65px !important;}&#8221;][vc_column width=&#8221;1\/2&#8243;][ultimate_heading main_heading=&#8221;Planeaci\u00f3n&#8221; main_heading_color=&#8221;#ffffff&#8221; sub_heading_color=&#8221;#ffffff&#8221; alignment=&#8221;left&#8221; main_heading_font_size=&#8221;desktop:56px;tablet:36px;tablet_portrait:32px;mobile_landscape:28px;mobile:28px;&#8221; main_heading_line_height=&#8221;desktop:62px;tablet:42px;tablet_portrait:38px;mobile_landscape:34px;mobile:34px;&#8221; sub_heading_font_size=&#8221;desktop:22px;&#8221; sub_heading_line_height=&#8221;desktop:30px;&#8221; main_heading_margin=&#8221;margin-bottom:10px;&#8221; sub_heading_margin=&#8221;margin-bottom:30px;&#8221; main_heading_font_family=&#8221;font_family:Source Sans Pro|font_call:Source+Sans+Pro|variant:600&#8243; main_heading_style=&#8221;font-weight:600;&#8221;]Recursos para el dise\u00f1o de experiencias de aprendizaje en Educaci\u00f3n Superior[\/ultimate_heading][\/vc_column][vc_column width=&#8221;1\/2&#8243;][\/vc_column][\/vc_row][vc_row<span class=\"read_more_area\"><a class=\"read-more\" href=\"http:\/\/www.javeriana.edu.co\/profesores\/planeacion\/\"> Seguir leyendo <\/a><\/span><\/p>\n","protected":false},"author":2,"featured_media":0,"parent":0,"menu_order":0,"comment_status":"closed","ping_status":"closed","template":"","meta":{"footnotes":""},"class_list":["post-2332","page","type-page","status-publish","hentry"],"_links":{"self":[{"href":"http:\/\/www.javeriana.edu.co\/profesores\/wp-json\/wp\/v2\/pages\/2332","targetHints":{"allow":["GET"]}}],"collection":[{"href":"http:\/\/www.javeriana.edu.co\/profesores\/wp-json\/wp\/v2\/pages"}],"about":[{"href":"http:\/\/www.javeriana.edu.co\/profesores\/wp-json\/wp\/v2\/types\/page"}],"author":[{"embeddable":true,"href":"http:\/\/www.javeriana.edu.co\/profesores\/wp-json\/wp\/v2\/users\/2"}],"replies":[{"embeddable":true,"href":"http:\/\/www.javeriana.edu.co\/profesores\/wp-json\/wp\/v2\/comments?post=2332"}],"version-history":[{"count":17,"href":"http:\/\/www.javeriana.edu.co\/profesores\/wp-json\/wp\/v2\/pages\/2332\/revisions"}],"predecessor-version":[{"id":3238,"href":"http:\/\/www.javeriana.edu.co\/profesores\/wp-json\/wp\/v2\/pages\/2332\/revisions\/3238"}],"wp:attachment":[{"href":"http:\/\/www.javeriana.edu.co\/profesores\/wp-json\/wp\/v2\/media?parent=2332"}],"curies":[{"name":"wp","href":"https:\/\/api.w.org\/{rel}","templated":true}]}}