{"id":13086,"date":"2011-04-01T15:00:45","date_gmt":"2011-04-01T20:00:45","guid":{"rendered":"http:\/\/www.javeriana.edu.co\/hoy-en-la-javeriana?page_id=13086"},"modified":"2021-04-13T09:39:41","modified_gmt":"2021-04-13T14:39:41","slug":"a-50-n-1266-abril-2011","status":"publish","type":"page","link":"https:\/\/www.javeriana.edu.co\/repositorio-hoy-en-la-javeriana\/indice\/a-50-n-1266-abril-2011\/","title":{"rendered":"A\u00f1o 50 N\u00b0 1266 &#8211; Abril 2011"},"content":{"rendered":"<div id=\"pl-13086\"  class=\"panel-layout\" ><div id=\"pg-13086-0\"  class=\"panel-grid panel-has-style\" ><div class=\"siteorigin-panels-stretch panel-row-style panel-row-style-for-13086-0\" data-stretch-type=\"full\" ><div id=\"pgc-13086-0-0\"  class=\"panel-grid-cell\" ><div id=\"panel-13086-0-0-0\" class=\"so-panel widget widget_sow-image panel-first-child\" data-index=\"0\" ><div\n\t\t\t\n\t\t\tclass=\"so-widget-sow-image so-widget-sow-image-default-c67d20f9f743-13086\"\n\t\t\t\n\t\t>\n\n<div class=\"sow-image-container\">\n\t\t<img decoding=\"async\" src=\"https:\/\/www.javeriana.edu.co\/repositorio-hoy-en-la-javeriana\/wp-content\/uploads\/2020\/02\/1266-min.jpg\" width=\"700\" height=\"906\" srcset=\"https:\/\/www.javeriana.edu.co\/repositorio-hoy-en-la-javeriana\/wp-content\/uploads\/2020\/02\/1266-min.jpg 768w, https:\/\/www.javeriana.edu.co\/repositorio-hoy-en-la-javeriana\/wp-content\/uploads\/2020\/02\/1266-min-386x500.jpg 386w\" sizes=\"auto, (max-width: 700px) 100vw, 700px\" alt=\"\" loading=\"lazy\" \t\tclass=\"so-widget-image\"\/>\n\t<\/div>\n\n<\/div><\/div><div id=\"panel-13086-0-0-1\" class=\"so-panel widget widget_sow-editor panel-last-child\" data-index=\"1\" ><div\n\t\t\t\n\t\t\tclass=\"so-widget-sow-editor so-widget-sow-editor-base\"\n\t\t\t\n\t\t>\n<div class=\"siteorigin-widget-tinymce textwidget\">\n\t<p style=\"text-align: center;\"><span style=\"color: #999999;\"><strong>ISSN 0121 - \u00a06023 | Abril 2011 | a\u00f1o 50, nro. 1266<\/strong><\/span><\/p>\n<\/div>\n<\/div><\/div><\/div><div id=\"pgc-13086-0-1\"  class=\"panel-grid-cell\" ><div id=\"panel-13086-0-1-0\" class=\"so-panel widget widget_sow-headline panel-first-child\" data-index=\"2\" ><div class=\"panel-widget-style panel-widget-style-for-13086-0-1-0\" ><div\n\t\t\t\n\t\t\tclass=\"so-widget-sow-headline so-widget-sow-headline-default-c401f6141058-13086\"\n\t\t\t\n\t\t><div class=\"sow-headline-container \">\n\t<h1 class='sow-headline'>Art\u00edculos<\/h1>\t\t\t\t\t<div class=\"decoration\">\n\t\t\t\t\t\t<div class=\"decoration-inside\"><\/div>\n\t\t\t\t\t<\/div>\n\t\t\t\t\t<\/div>\n<\/div><\/div><\/div><div id=\"panel-13086-0-1-1\" class=\"so-panel widget widget_ink-blog panel-last-child\" data-index=\"3\" ><div\n\t\t\t\n\t\t\tclass=\"so-widget-ink-blog so-widget-ink-blog-thumb-above-9e04557ad08a-13086\"\n\t\t\t\n\t\t>\n\n\n\t<div class=\"iw-so-blog\">\n\n\t\t<div id=\"my-ajax-blog-widget\">\n\n\t\t\t<div class=\"iw-so-blog-container iw-so-blog-equal-height\">\n\n\t\t\t\t\n\t\t\t\t\t<div class=\"iw-so-article iw-so-thumb-above iw-so-blog-three-column iw-so-first-col\">\n\n\t\t\t\t\t\t\n\t\t\t\t\t\t<div class=\"iw-so-article-content\">\n\n\t\t\t\t\t\t\t\n\t\t\t\t\t\t\t<h2 class=\"iw-so-article-title iw-text-left\">\n\t\t\t\t\t\t\t\t<a href=\"https:\/\/www.javeriana.edu.co\/repositorio-hoy-en-la-javeriana\/opinion-estudiantil-17\/\">\t\t\t\t\t\t\t\t\tOpini\u00f3n estudiantil\t\t\t\t\t\t\t\t<\/a>\t\t\t\t\t\t\t<\/h2>\n\n\t\t\t\t\t\t\t\n\t\t\t\t\t\t\t\n\t\t\t\t\t\t\t\n\t\t\t\t\t\t\t\n\t\t\t\t\t\t<\/div>\n\n\t\t\t\t\t<\/div>\n\n\t\t\t\t\t\n\t\t\t\t\n\t\t\t\t\t<div class=\"iw-so-article iw-so-thumb-above iw-so-blog-three-column \">\n\n\t\t\t\t\t\t\n\t\t\t\t\t\t<div class=\"iw-so-article-content\">\n\n\t\t\t\t\t\t\t\n\t\t\t\t\t\t\t<h2 class=\"iw-so-article-title iw-text-left\">\n\t\t\t\t\t\t\t\t<a href=\"https:\/\/www.javeriana.edu.co\/repositorio-hoy-en-la-javeriana\/modernidad-y-elegancia-en-la-facultad-de-medicina\/\">\t\t\t\t\t\t\t\t\tModernidad y elegancia   en la Facultad de Medicina\t\t\t\t\t\t\t\t<\/a>\t\t\t\t\t\t\t<\/h2>\n\n\t\t\t\t\t\t\t\n\t\t\t\t\t\t\t\n\t\t\t\t\t\t\t\n\t\t\t\t\t\t\t\n\t\t\t\t\t\t<\/div>\n\n\t\t\t\t\t<\/div>\n\n\t\t\t\t\t\n\t\t\t\t\n\t\t\t\t\t<div class=\"iw-so-article iw-so-thumb-above iw-so-blog-three-column iw-so-last-col\">\n\n\t\t\t\t\t\t\n\t\t\t\t\t\t<div class=\"iw-so-article-content\">\n\n\t\t\t\t\t\t\t\n\t\t\t\t\t\t\t<h2 class=\"iw-so-article-title iw-text-left\">\n\t\t\t\t\t\t\t\t<a href=\"https:\/\/www.javeriana.edu.co\/repositorio-hoy-en-la-javeriana\/nombramientos-38\/\">\t\t\t\t\t\t\t\t\tNombramientos\t\t\t\t\t\t\t\t<\/a>\t\t\t\t\t\t\t<\/h2>\n\n\t\t\t\t\t\t\t\n\t\t\t\t\t\t\t\n\t\t\t\t\t\t\t\n\t\t\t\t\t\t\t\n\t\t\t\t\t\t<\/div>\n\n\t\t\t\t\t<\/div>\n\n\t\t\t\t\t\n\t\t\t\t\n\t\t\t\t\t<div class=\"iw-so-article iw-so-thumb-above iw-so-blog-three-column iw-so-first-col\">\n\n\t\t\t\t\t\t\n\t\t\t\t\t\t<div class=\"iw-so-article-content\">\n\n\t\t\t\t\t\t\t\n\t\t\t\t\t\t\t<h2 class=\"iw-so-article-title iw-text-left\">\n\t\t\t\t\t\t\t\t<a href=\"https:\/\/www.javeriana.edu.co\/repositorio-hoy-en-la-javeriana\/pontificia-universidad-javeriana-cali-3\/\">\t\t\t\t\t\t\t\t\tPontificia Universidad Javeriana Cali\t\t\t\t\t\t\t\t<\/a>\t\t\t\t\t\t\t<\/h2>\n\n\t\t\t\t\t\t\t\n\t\t\t\t\t\t\t\n\t\t\t\t\t\t\t\n\t\t\t\t\t\t\t\n\t\t\t\t\t\t<\/div>\n\n\t\t\t\t\t<\/div>\n\n\t\t\t\t\t\n\t\t\t\t\n\t\t\t\t\t<div class=\"iw-so-article iw-so-thumb-above iw-so-blog-three-column \">\n\n\t\t\t\t\t\t\n\t\t\t\t\t\t<div class=\"iw-so-article-content\">\n\n\t\t\t\t\t\t\t\n\t\t\t\t\t\t\t<h2 class=\"iw-so-article-title iw-text-left\">\n\t\t\t\t\t\t\t\t<a href=\"https:\/\/www.javeriana.edu.co\/repositorio-hoy-en-la-javeriana\/pontificia-universidad-javeriana-bogota-5\/\">\t\t\t\t\t\t\t\t\tPontificia Universidad Javeriana Bogot\u00e1\t\t\t\t\t\t\t\t<\/a>\t\t\t\t\t\t\t<\/h2>\n\n\t\t\t\t\t\t\t\n\t\t\t\t\t\t\t\n\t\t\t\t\t\t\t\n\t\t\t\t\t\t\t\n\t\t\t\t\t\t<\/div>\n\n\t\t\t\t\t<\/div>\n\n\t\t\t\t\t\n\t\t\t\t\n\t\t\t\t\t<div class=\"iw-so-article iw-so-thumb-above iw-so-blog-three-column iw-so-last-col\">\n\n\t\t\t\t\t\t\n\t\t\t\t\t\t<div class=\"iw-so-article-content\">\n\n\t\t\t\t\t\t\t\n\t\t\t\t\t\t\t<h2 class=\"iw-so-article-title iw-text-left\">\n\t\t\t\t\t\t\t\t<a href=\"https:\/\/www.javeriana.edu.co\/repositorio-hoy-en-la-javeriana\/la-fiesta-editorial-mas-grande-de-colombia-vuelve-al-primer-semestre-del-ano\/\">\t\t\t\t\t\t\t\t\tLa fiesta editorial m\u00e1s grande de Colombia vuelve al primer semestre del a\u00f1o\t\t\t\t\t\t\t\t<\/a>\t\t\t\t\t\t\t<\/h2>\n\n\t\t\t\t\t\t\t\n\t\t\t\t\t\t\t\n\t\t\t\t\t\t\t\n\t\t\t\t\t\t\t\n\t\t\t\t\t\t<\/div>\n\n\t\t\t\t\t<\/div>\n\n\t\t\t\t\t\n\t\t\t\t\n\t\t\t\t\t<div class=\"iw-so-article iw-so-thumb-above iw-so-blog-three-column iw-so-first-col\">\n\n\t\t\t\t\t\t\n\t\t\t\t\t\t<div class=\"iw-so-article-content\">\n\n\t\t\t\t\t\t\t\n\t\t\t\t\t\t\t<h2 class=\"iw-so-article-title iw-text-left\">\n\t\t\t\t\t\t\t\t<a href=\"https:\/\/www.javeriana.edu.co\/repositorio-hoy-en-la-javeriana\/construccion-colectiva-para-la-integracion-del-campo-y-la-ciudad\/\">\t\t\t\t\t\t\t\t\tConstrucci\u00f3n colectiva   para la integraci\u00f3n del campo y la ciudad\t\t\t\t\t\t\t\t<\/a>\t\t\t\t\t\t\t<\/h2>\n\n\t\t\t\t\t\t\t\n\t\t\t\t\t\t\t\n\t\t\t\t\t\t\t\n\t\t\t\t\t\t\t\n\t\t\t\t\t\t<\/div>\n\n\t\t\t\t\t<\/div>\n\n\t\t\t\t\t\n\t\t\t\t\n\t\t\t\t\t<div class=\"iw-so-article iw-so-thumb-above iw-so-blog-three-column \">\n\n\t\t\t\t\t\t\n\t\t\t\t\t\t<div class=\"iw-so-article-content\">\n\n\t\t\t\t\t\t\t\n\t\t\t\t\t\t\t<h2 class=\"iw-so-article-title iw-text-left\">\n\t\t\t\t\t\t\t\t<a href=\"https:\/\/www.javeriana.edu.co\/repositorio-hoy-en-la-javeriana\/gran-acuerdo-social-por-el-desarrollo-del-magdalena-medio\/\">\t\t\t\t\t\t\t\t\tGran acuerdo social   por el desarrollo del Magdalena Medio\t\t\t\t\t\t\t\t<\/a>\t\t\t\t\t\t\t<\/h2>\n\n\t\t\t\t\t\t\t\n\t\t\t\t\t\t\t\n\t\t\t\t\t\t\t\n\t\t\t\t\t\t\t\n\t\t\t\t\t\t<\/div>\n\n\t\t\t\t\t<\/div>\n\n\t\t\t\t\t\n\t\t\t\t\n\t\t\t\t\t<div class=\"iw-so-article iw-so-thumb-above iw-so-blog-three-column iw-so-last-col\">\n\n\t\t\t\t\t\t\n\t\t\t\t\t\t<div class=\"iw-so-article-content\">\n\n\t\t\t\t\t\t\t\n\t\t\t\t\t\t\t<h2 class=\"iw-so-article-title iw-text-left\">\n\t\t\t\t\t\t\t\t<a href=\"https:\/\/www.javeriana.edu.co\/repositorio-hoy-en-la-javeriana\/la-reforma-a-la-educacion-superior-un-proyecto-al-que-le-falta-coccion-y-discusion\/\">\t\t\t\t\t\t\t\t\tLa reforma a la educaci\u00f3n superior,   un proyecto al que le falta   cocci\u00f3n y discusi\u00f3n\t\t\t\t\t\t\t\t<\/a>\t\t\t\t\t\t\t<\/h2>\n\n\t\t\t\t\t\t\t\n\t\t\t\t\t\t\t\n\t\t\t\t\t\t\t\n\t\t\t\t\t\t\t\n\t\t\t\t\t\t<\/div>\n\n\t\t\t\t\t<\/div>\n\n\t\t\t\t\t\n\t\t\t\t\n\t\t\t<\/div>\n\n\t\t\t\n\t\t\n\t\t\t\t\t<nav id='iw-so-blog-pagination' class=\"iw-so-blog-pagination iw-so-blog-paginate iw-so-navi-btn iw-so-navi-btn-hover iw-so-navi-btn-click\" role=\"navigation\">\n\t\t\t\t<h3 class=\"screen-reader-text\">Posts Navigation<\/h3>\n\t\t\t\t<div class=\"iw-so-nav-links\">\n\t\t\t\t\t\t\t\t\t\t<span aria-current=\"page\" class=\"page-numbers current\">1<\/span>\n<a class=\"page-numbers\" href=\"https:\/\/www.javeriana.edu.co\/repositorio-hoy-en-la-javeriana\/wp-json\/wp\/v2\/pages\/13086\/page\/2\/\">2<\/a>\n<a class=\"next page-numbers\" href=\"https:\/\/www.javeriana.edu.co\/repositorio-hoy-en-la-javeriana\/wp-json\/wp\/v2\/pages\/13086\/page\/2\/\">M\u00e1s publicaciones <span class=\"sow-icon-fontawesome sow-fas\" data-sow-icon=\"&#xf105;\"\n\t\t \n\t\taria-hidden=\"true\"><\/span><\/a>\n\t\t\t\t<\/div>\n\t\t\t<\/nav>\n\t\t\n\t\n\t\t<\/div>\n\n\t<\/div>\n\n\n<\/div><\/div><\/div><\/div><\/div><div id=\"pg-13086-1\"  class=\"panel-grid panel-has-style\" ><div class=\"siteorigin-panels-stretch panel-row-style panel-row-style-for-13086-1\" data-stretch-type=\"full\" ><div id=\"pgc-13086-1-0\"  class=\"panel-grid-cell\" ><div id=\"panel-13086-1-0-0\" class=\"so-panel widget widget_sow-button panel-first-child panel-last-child\" data-index=\"4\" ><div\n\t\t\t\n\t\t\tclass=\"so-widget-sow-button so-widget-sow-button-flat-ce42a3e969db-12268\"\n\t\t\t\n\t\t><div class=\"ow-button-base ow-button-align-center\">\n\t<a\n\thref=\"https:\/\/issuu.com\/pujaveriana\/docs\/hoy_javeriana_abril_web\"\n\t\tclass=\"ow-icon-placement-left ow-button-hover\" target=\"_blank\" rel=\"noopener noreferrer\" \t>\n\t\t<span>\n\t\t\t<span class=\"sow-icon-fontawesome sow-far\" data-sow-icon=\"&#xf1c1;\"\n\t\tstyle=\"color: #ffffff\" \n\t\taria-hidden=\"true\"><\/span>\n\t\t\tVersi\u00f3n PDF\t\t<\/span>\n\t<\/a>\n<\/div>\n<\/div><\/div><\/div><\/div><\/div><\/div>","protected":false},"excerpt":{"rendered":"<p>ISSN 0121 &#8211; \u00a06023 | Abril 2011 | a\u00f1o 50, nro. 1266<\/p>\n","protected":false},"author":1,"featured_media":11403,"parent":2,"menu_order":0,"comment_status":"closed","ping_status":"closed","template":"","meta":{"footnotes":""},"tags":[2472],"class_list":["post-13086","page","type-page","status-publish","has-post-thumbnail","hentry","tag-revista"],"acf":[],"_links":{"self":[{"href":"https:\/\/www.javeriana.edu.co\/repositorio-hoy-en-la-javeriana\/wp-json\/wp\/v2\/pages\/13086","targetHints":{"allow":["GET"]}}],"collection":[{"href":"https:\/\/www.javeriana.edu.co\/repositorio-hoy-en-la-javeriana\/wp-json\/wp\/v2\/pages"}],"about":[{"href":"https:\/\/www.javeriana.edu.co\/repositorio-hoy-en-la-javeriana\/wp-json\/wp\/v2\/types\/page"}],"author":[{"embeddable":true,"href":"https:\/\/www.javeriana.edu.co\/repositorio-hoy-en-la-javeriana\/wp-json\/wp\/v2\/users\/1"}],"replies":[{"embeddable":true,"href":"https:\/\/www.javeriana.edu.co\/repositorio-hoy-en-la-javeriana\/wp-json\/wp\/v2\/comments?post=13086"}],"version-history":[{"count":3,"href":"https:\/\/www.javeriana.edu.co\/repositorio-hoy-en-la-javeriana\/wp-json\/wp\/v2\/pages\/13086\/revisions"}],"predecessor-version":[{"id":18833,"href":"https:\/\/www.javeriana.edu.co\/repositorio-hoy-en-la-javeriana\/wp-json\/wp\/v2\/pages\/13086\/revisions\/18833"}],"up":[{"embeddable":true,"href":"https:\/\/www.javeriana.edu.co\/repositorio-hoy-en-la-javeriana\/wp-json\/wp\/v2\/pages\/2"}],"wp:featuredmedia":[{"embeddable":true,"href":"https:\/\/www.javeriana.edu.co\/repositorio-hoy-en-la-javeriana\/wp-json\/wp\/v2\/media\/11403"}],"wp:attachment":[{"href":"https:\/\/www.javeriana.edu.co\/repositorio-hoy-en-la-javeriana\/wp-json\/wp\/v2\/media?parent=13086"}],"wp:term":[{"taxonomy":"post_tag","embeddable":true,"href":"https:\/\/www.javeriana.edu.co\/repositorio-hoy-en-la-javeriana\/wp-json\/wp\/v2\/tags?post=13086"}],"curies":[{"name":"wp","href":"https:\/\/api.w.org\/{rel}","templated":true}]}}