{"id":13128,"date":"2012-07-01T16:11:05","date_gmt":"2012-07-01T21:11:05","guid":{"rendered":"http:\/\/www.javeriana.edu.co\/hoy-en-la-javeriana?page_id=13128"},"modified":"2021-04-12T22:22:17","modified_gmt":"2021-04-13T03:22:17","slug":"a-51-n-1279-julio-2012","status":"publish","type":"page","link":"https:\/\/www.javeriana.edu.co\/repositorio-hoy-en-la-javeriana\/indice\/a-51-n-1279-julio-2012\/","title":{"rendered":"A\u00f1o 51 N\u00b0 1279 &#8211; Julio 2012"},"content":{"rendered":"<div id=\"pl-13128\"  class=\"panel-layout\" ><div id=\"pg-13128-0\"  class=\"panel-grid panel-has-style\" ><div class=\"siteorigin-panels-stretch panel-row-style panel-row-style-for-13128-0\" data-stretch-type=\"full\" ><div id=\"pgc-13128-0-0\"  class=\"panel-grid-cell\" ><div id=\"panel-13128-0-0-0\" class=\"so-panel widget widget_sow-image panel-first-child\" data-index=\"0\" ><div\n\t\t\t\n\t\t\tclass=\"so-widget-sow-image so-widget-sow-image-default-c67d20f9f743-13128\"\n\t\t\t\n\t\t>\n\n<div class=\"sow-image-container\">\n\t\t<img decoding=\"async\" src=\"https:\/\/www.javeriana.edu.co\/repositorio-hoy-en-la-javeriana\/wp-content\/uploads\/2020\/02\/1279-min.jpg\" width=\"700\" height=\"906\" srcset=\"https:\/\/www.javeriana.edu.co\/repositorio-hoy-en-la-javeriana\/wp-content\/uploads\/2020\/02\/1279-min.jpg 768w, https:\/\/www.javeriana.edu.co\/repositorio-hoy-en-la-javeriana\/wp-content\/uploads\/2020\/02\/1279-min-386x500.jpg 386w\" sizes=\"auto, (max-width: 700px) 100vw, 700px\" alt=\"\" loading=\"lazy\" \t\tclass=\"so-widget-image\"\/>\n\t<\/div>\n\n<\/div><\/div><div id=\"panel-13128-0-0-1\" class=\"so-panel widget widget_sow-editor panel-last-child\" data-index=\"1\" ><div\n\t\t\t\n\t\t\tclass=\"so-widget-sow-editor so-widget-sow-editor-base\"\n\t\t\t\n\t\t>\n<div class=\"siteorigin-widget-tinymce textwidget\">\n\t<p style=\"text-align: center;\"><span style=\"color: #999999;\"><strong>ISSN 0121 - \u00a06023 | Julio 2012 | a\u00f1o 51, nro. 1279<\/strong><\/span><\/p>\n<\/div>\n<\/div><\/div><\/div><div id=\"pgc-13128-0-1\"  class=\"panel-grid-cell\" ><div id=\"panel-13128-0-1-0\" class=\"so-panel widget widget_sow-headline panel-first-child\" data-index=\"2\" ><div class=\"panel-widget-style panel-widget-style-for-13128-0-1-0\" ><div\n\t\t\t\n\t\t\tclass=\"so-widget-sow-headline so-widget-sow-headline-default-c401f6141058-13128\"\n\t\t\t\n\t\t><div class=\"sow-headline-container \">\n\t<h1 class='sow-headline'>Art\u00edculos<\/h1>\t\t\t\t\t<div class=\"decoration\">\n\t\t\t\t\t\t<div class=\"decoration-inside\"><\/div>\n\t\t\t\t\t<\/div>\n\t\t\t\t\t<\/div>\n<\/div><\/div><\/div><div id=\"panel-13128-0-1-1\" class=\"so-panel widget widget_ink-blog panel-last-child\" data-index=\"3\" ><div\n\t\t\t\n\t\t\tclass=\"so-widget-ink-blog so-widget-ink-blog-thumb-above-9e04557ad08a-13128\"\n\t\t\t\n\t\t>\n\n\n\t<div class=\"iw-so-blog\">\n\n\t\t<div id=\"my-ajax-blog-widget\">\n\n\t\t\t<div class=\"iw-so-blog-container iw-so-blog-equal-height\">\n\n\t\t\t\t\n\t\t\t\t\t<div class=\"iw-so-article iw-so-thumb-above iw-so-blog-three-column iw-so-first-col\">\n\n\t\t\t\t\t\t\n\t\t\t\t\t\t<div class=\"iw-so-article-content\">\n\n\t\t\t\t\t\t\t\n\t\t\t\t\t\t\t<h2 class=\"iw-so-article-title iw-text-left\">\n\t\t\t\t\t\t\t\t<a href=\"https:\/\/www.javeriana.edu.co\/repositorio-hoy-en-la-javeriana\/opinion-estudiantil-19\/\">\t\t\t\t\t\t\t\t\tOpini\u00f3n estudiantil\t\t\t\t\t\t\t\t<\/a>\t\t\t\t\t\t\t<\/h2>\n\n\t\t\t\t\t\t\t\n\t\t\t\t\t\t\t\n\t\t\t\t\t\t\t\n\t\t\t\t\t\t\t\n\t\t\t\t\t\t<\/div>\n\n\t\t\t\t\t<\/div>\n\n\t\t\t\t\t\n\t\t\t\t\n\t\t\t\t\t<div class=\"iw-so-article iw-so-thumb-above iw-so-blog-three-column \">\n\n\t\t\t\t\t\t\n\t\t\t\t\t\t<div class=\"iw-so-article-content\">\n\n\t\t\t\t\t\t\t\n\t\t\t\t\t\t\t<h2 class=\"iw-so-article-title iw-text-left\">\n\t\t\t\t\t\t\t\t<a href=\"https:\/\/www.javeriana.edu.co\/repositorio-hoy-en-la-javeriana\/los-pueblos-indigenas-del-cauca-y-la-opinion-publica\/\">\t\t\t\t\t\t\t\t\tLos pueblos ind\u00edgenas del Cauca y la opini\u00f3n p\u00fablica\t\t\t\t\t\t\t\t<\/a>\t\t\t\t\t\t\t<\/h2>\n\n\t\t\t\t\t\t\t\n\t\t\t\t\t\t\t\n\t\t\t\t\t\t\t\n\t\t\t\t\t\t\t\n\t\t\t\t\t\t<\/div>\n\n\t\t\t\t\t<\/div>\n\n\t\t\t\t\t\n\t\t\t\t\n\t\t\t\t\t<div class=\"iw-so-article iw-so-thumb-above iw-so-blog-three-column iw-so-last-col\">\n\n\t\t\t\t\t\t\n\t\t\t\t\t\t<div class=\"iw-so-article-content\">\n\n\t\t\t\t\t\t\t\n\t\t\t\t\t\t\t<h2 class=\"iw-so-article-title iw-text-left\">\n\t\t\t\t\t\t\t\t<a href=\"https:\/\/www.javeriana.edu.co\/repositorio-hoy-en-la-javeriana\/sala-de-simulacion-odontologica\/\">\t\t\t\t\t\t\t\t\tSala de Simulaci\u00f3n Odontol\u00f3gica\t\t\t\t\t\t\t\t<\/a>\t\t\t\t\t\t\t<\/h2>\n\n\t\t\t\t\t\t\t\n\t\t\t\t\t\t\t\n\t\t\t\t\t\t\t\n\t\t\t\t\t\t\t\n\t\t\t\t\t\t<\/div>\n\n\t\t\t\t\t<\/div>\n\n\t\t\t\t\t\n\t\t\t\t\n\t\t\t\t\t<div class=\"iw-so-article iw-so-thumb-above iw-so-blog-three-column iw-so-first-col\">\n\n\t\t\t\t\t\t\n\t\t\t\t\t\t<div class=\"iw-so-article-content\">\n\n\t\t\t\t\t\t\t\n\t\t\t\t\t\t\t<h2 class=\"iw-so-article-title iw-text-left\">\n\t\t\t\t\t\t\t\t<a href=\"https:\/\/www.javeriana.edu.co\/repositorio-hoy-en-la-javeriana\/lo-que-paso-en-julio-2\/\">\t\t\t\t\t\t\t\t\tLo que pas\u00f3 en julio\t\t\t\t\t\t\t\t<\/a>\t\t\t\t\t\t\t<\/h2>\n\n\t\t\t\t\t\t\t\n\t\t\t\t\t\t\t\n\t\t\t\t\t\t\t\n\t\t\t\t\t\t\t\n\t\t\t\t\t\t<\/div>\n\n\t\t\t\t\t<\/div>\n\n\t\t\t\t\t\n\t\t\t\t\n\t\t\t\t\t<div class=\"iw-so-article iw-so-thumb-above iw-so-blog-three-column \">\n\n\t\t\t\t\t\t\n\t\t\t\t\t\t<div class=\"iw-so-article-content\">\n\n\t\t\t\t\t\t\t\n\t\t\t\t\t\t\t<h2 class=\"iw-so-article-title iw-text-left\">\n\t\t\t\t\t\t\t\t<a href=\"https:\/\/www.javeriana.edu.co\/repositorio-hoy-en-la-javeriana\/lo-que-paso-en-julio\/\">\t\t\t\t\t\t\t\t\tLo que pas\u00f3 en julio\t\t\t\t\t\t\t\t<\/a>\t\t\t\t\t\t\t<\/h2>\n\n\t\t\t\t\t\t\t\n\t\t\t\t\t\t\t\n\t\t\t\t\t\t\t\n\t\t\t\t\t\t\t\n\t\t\t\t\t\t<\/div>\n\n\t\t\t\t\t<\/div>\n\n\t\t\t\t\t\n\t\t\t\t\n\t\t\t\t\t<div class=\"iw-so-article iw-so-thumb-above iw-so-blog-three-column iw-so-last-col\">\n\n\t\t\t\t\t\t\n\t\t\t\t\t\t<div class=\"iw-so-article-content\">\n\n\t\t\t\t\t\t\t\n\t\t\t\t\t\t\t<h2 class=\"iw-so-article-title iw-text-left\">\n\t\t\t\t\t\t\t\t<a href=\"https:\/\/www.javeriana.edu.co\/repositorio-hoy-en-la-javeriana\/libro-de-la-javeriana-aborda-el-tema-de-la-retencion-de-estudiantes\/\">\t\t\t\t\t\t\t\t\tLibro de la Javeriana aborda el tema de la retenci\u00f3n de estudiantes\t\t\t\t\t\t\t\t<\/a>\t\t\t\t\t\t\t<\/h2>\n\n\t\t\t\t\t\t\t\n\t\t\t\t\t\t\t\n\t\t\t\t\t\t\t\n\t\t\t\t\t\t\t\n\t\t\t\t\t\t<\/div>\n\n\t\t\t\t\t<\/div>\n\n\t\t\t\t\t\n\t\t\t\t\n\t\t\t\t\t<div class=\"iw-so-article iw-so-thumb-above iw-so-blog-three-column iw-so-first-col\">\n\n\t\t\t\t\t\t\n\t\t\t\t\t\t<div class=\"iw-so-article-content\">\n\n\t\t\t\t\t\t\t\n\t\t\t\t\t\t\t<h2 class=\"iw-so-article-title iw-text-left\">\n\t\t\t\t\t\t\t\t<a href=\"https:\/\/www.javeriana.edu.co\/repositorio-hoy-en-la-javeriana\/nombramientos-41\/\">\t\t\t\t\t\t\t\t\tNombramientos\t\t\t\t\t\t\t\t<\/a>\t\t\t\t\t\t\t<\/h2>\n\n\t\t\t\t\t\t\t\n\t\t\t\t\t\t\t\n\t\t\t\t\t\t\t\n\t\t\t\t\t\t\t\n\t\t\t\t\t\t<\/div>\n\n\t\t\t\t\t<\/div>\n\n\t\t\t\t\t\n\t\t\t\t\n\t\t\t\t\t<div class=\"iw-so-article iw-so-thumb-above iw-so-blog-three-column \">\n\n\t\t\t\t\t\t\n\t\t\t\t\t\t<div class=\"iw-so-article-content\">\n\n\t\t\t\t\t\t\t\n\t\t\t\t\t\t\t<h2 class=\"iw-so-article-title iw-text-left\">\n\t\t\t\t\t\t\t\t<a href=\"https:\/\/www.javeriana.edu.co\/repositorio-hoy-en-la-javeriana\/teologia-y-arte\/\">\t\t\t\t\t\t\t\t\tTeolog\u00eda y arte\t\t\t\t\t\t\t\t<\/a>\t\t\t\t\t\t\t<\/h2>\n\n\t\t\t\t\t\t\t\n\t\t\t\t\t\t\t\n\t\t\t\t\t\t\t\n\t\t\t\t\t\t\t\n\t\t\t\t\t\t<\/div>\n\n\t\t\t\t\t<\/div>\n\n\t\t\t\t\t\n\t\t\t\t\n\t\t\t\t\t<div class=\"iw-so-article iw-so-thumb-above iw-so-blog-three-column iw-so-last-col\">\n\n\t\t\t\t\t\t\n\t\t\t\t\t\t<div class=\"iw-so-article-content\">\n\n\t\t\t\t\t\t\t\n\t\t\t\t\t\t\t<h2 class=\"iw-so-article-title iw-text-left\">\n\t\t\t\t\t\t\t\t<a href=\"https:\/\/www.javeriana.edu.co\/repositorio-hoy-en-la-javeriana\/espiritualidad-ignaciana-para-el-siglo-xxi\/\">\t\t\t\t\t\t\t\t\tEspiritualidad ignaciana para el Siglo XXI\t\t\t\t\t\t\t\t<\/a>\t\t\t\t\t\t\t<\/h2>\n\n\t\t\t\t\t\t\t\n\t\t\t\t\t\t\t\n\t\t\t\t\t\t\t\n\t\t\t\t\t\t\t\n\t\t\t\t\t\t<\/div>\n\n\t\t\t\t\t<\/div>\n\n\t\t\t\t\t\n\t\t\t\t\n\t\t\t<\/div>\n\n\t\t\t\n\t\t\n\t\t\t\t\t<nav id='iw-so-blog-pagination' class=\"iw-so-blog-pagination iw-so-blog-paginate iw-so-navi-btn iw-so-navi-btn-hover iw-so-navi-btn-click\" role=\"navigation\">\n\t\t\t\t<h3 class=\"screen-reader-text\">Posts Navigation<\/h3>\n\t\t\t\t<div class=\"iw-so-nav-links\">\n\t\t\t\t\t\t\t\t\t\t<span aria-current=\"page\" class=\"page-numbers current\">1<\/span>\n<a class=\"page-numbers\" href=\"https:\/\/www.javeriana.edu.co\/repositorio-hoy-en-la-javeriana\/wp-json\/wp\/v2\/pages\/13128\/page\/2\/\">2<\/a>\n<a class=\"next page-numbers\" href=\"https:\/\/www.javeriana.edu.co\/repositorio-hoy-en-la-javeriana\/wp-json\/wp\/v2\/pages\/13128\/page\/2\/\">M\u00e1s publicaciones <span class=\"sow-icon-fontawesome sow-fas\" data-sow-icon=\"&#xf105;\"\n\t\t \n\t\taria-hidden=\"true\"><\/span><\/a>\n\t\t\t\t<\/div>\n\t\t\t<\/nav>\n\t\t\n\t\n\t\t<\/div>\n\n\t<\/div>\n\n\n<\/div><\/div><\/div><\/div><\/div><div id=\"pg-13128-1\"  class=\"panel-grid panel-has-style\" ><div class=\"siteorigin-panels-stretch panel-row-style panel-row-style-for-13128-1\" data-stretch-type=\"full\" ><div id=\"pgc-13128-1-0\"  class=\"panel-grid-cell\" ><div id=\"panel-13128-1-0-0\" class=\"so-panel widget widget_sow-button panel-first-child panel-last-child\" data-index=\"4\" ><div\n\t\t\t\n\t\t\tclass=\"so-widget-sow-button so-widget-sow-button-flat-ce42a3e969db-12506\"\n\t\t\t\n\t\t><div class=\"ow-button-base ow-button-align-center\">\n\t<a\n\thref=\"https:\/\/issuu.com\/pujaveriana\/docs\/hoy_javeriana_julio_web\"\n\t\tclass=\"ow-icon-placement-left ow-button-hover\" target=\"_blank\" rel=\"noopener noreferrer\" \t>\n\t\t<span>\n\t\t\t<span class=\"sow-icon-fontawesome sow-far\" data-sow-icon=\"&#xf1c1;\"\n\t\tstyle=\"color: #ffffff\" \n\t\taria-hidden=\"true\"><\/span>\n\t\t\tVersi\u00f3n PDF\t\t<\/span>\n\t<\/a>\n<\/div>\n<\/div><\/div><\/div><\/div><\/div><\/div>","protected":false},"excerpt":{"rendered":"<p>ISSN 0121 &#8211; \u00a06023 | Julio 2012 | a\u00f1o 51, nro. 1279<\/p>\n","protected":false},"author":1,"featured_media":11417,"parent":2,"menu_order":0,"comment_status":"closed","ping_status":"closed","template":"","meta":{"footnotes":""},"tags":[2472],"class_list":["post-13128","page","type-page","status-publish","has-post-thumbnail","hentry","tag-revista"],"acf":[],"_links":{"self":[{"href":"https:\/\/www.javeriana.edu.co\/repositorio-hoy-en-la-javeriana\/wp-json\/wp\/v2\/pages\/13128","targetHints":{"allow":["GET"]}}],"collection":[{"href":"https:\/\/www.javeriana.edu.co\/repositorio-hoy-en-la-javeriana\/wp-json\/wp\/v2\/pages"}],"about":[{"href":"https:\/\/www.javeriana.edu.co\/repositorio-hoy-en-la-javeriana\/wp-json\/wp\/v2\/types\/page"}],"author":[{"embeddable":true,"href":"https:\/\/www.javeriana.edu.co\/repositorio-hoy-en-la-javeriana\/wp-json\/wp\/v2\/users\/1"}],"replies":[{"embeddable":true,"href":"https:\/\/www.javeriana.edu.co\/repositorio-hoy-en-la-javeriana\/wp-json\/wp\/v2\/comments?post=13128"}],"version-history":[{"count":2,"href":"https:\/\/www.javeriana.edu.co\/repositorio-hoy-en-la-javeriana\/wp-json\/wp\/v2\/pages\/13128\/revisions"}],"predecessor-version":[{"id":18783,"href":"https:\/\/www.javeriana.edu.co\/repositorio-hoy-en-la-javeriana\/wp-json\/wp\/v2\/pages\/13128\/revisions\/18783"}],"up":[{"embeddable":true,"href":"https:\/\/www.javeriana.edu.co\/repositorio-hoy-en-la-javeriana\/wp-json\/wp\/v2\/pages\/2"}],"wp:featuredmedia":[{"embeddable":true,"href":"https:\/\/www.javeriana.edu.co\/repositorio-hoy-en-la-javeriana\/wp-json\/wp\/v2\/media\/11417"}],"wp:attachment":[{"href":"https:\/\/www.javeriana.edu.co\/repositorio-hoy-en-la-javeriana\/wp-json\/wp\/v2\/media?parent=13128"}],"wp:term":[{"taxonomy":"post_tag","embeddable":true,"href":"https:\/\/www.javeriana.edu.co\/repositorio-hoy-en-la-javeriana\/wp-json\/wp\/v2\/tags?post=13128"}],"curies":[{"name":"wp","href":"https:\/\/api.w.org\/{rel}","templated":true}]}}