{"id":1361,"date":"2019-11-14T04:22:02","date_gmt":"2019-11-14T09:22:02","guid":{"rendered":"http:\/\/www.javeriana.edu.co\/sostenibilidad\/?page_id=1361"},"modified":"2021-06-17T09:09:50","modified_gmt":"2021-06-17T14:09:50","slug":"greenmetric","status":"publish","type":"page","link":"https:\/\/www.javeriana.edu.co\/sostenibilidad\/greenmetric\/","title":{"rendered":"Greenmetric"},"content":{"rendered":"<p>[et_pb_section fb_built=&#8221;1&#8243; module_id=&#8221;politica&#8221; _builder_version=&#8221;3.19.13&#8243; background_color=&#8221;#ededed&#8221; background_image=&#8221;https:\/\/www.javeriana.edu.co\/sostenibilidad\/wp-content\/uploads\/2019\/11\/fondp-green-1.jpg&#8221; custom_padding=&#8221;34px|0px|3px|0px|false|false&#8221;][et_pb_row make_fullwidth=&#8221;on&#8221; custom_padding=&#8221;25px|0px|0|0px|false|false&#8221; _builder_version=&#8221;3.19.13&#8243;][et_pb_column type=&#8221;2_5&#8243; _builder_version=&#8221;3.19.13&#8243;][et_pb_image src=&#8221;https:\/\/www.javeriana.edu.co\/sostenibilidad\/wp-content\/uploads\/2019\/11\/Green-Metric-logo.png&#8221; align=&#8221;right&#8221; _builder_version=&#8221;3.19.13&#8243;][\/et_pb_image][\/et_pb_column][et_pb_column type=&#8221;3_5&#8243; _builder_version=&#8221;3.19.13&#8243;][et_pb_text _builder_version=&#8221;3.19.13&#8243; text_font=&#8221;Lato||||||||&#8221; text_text_color=&#8221;#000000&#8243; text_line_height=&#8221;1.2em&#8221;]<\/p>\n<p>Conoce<\/p>\n<p>[\/et_pb_text][et_pb_text _builder_version=&#8221;3.19.13&#8243; text_font=&#8221;Montserrat|700|||||||&#8221; text_text_color=&#8221;#006601&#8243; text_font_size=&#8221;40px&#8221; text_line_height=&#8221;1.1em&#8221; text_orientation=&#8221;center&#8221; custom_margin=&#8221;-26px|||&#8221;]<\/p>\n<div id=\"comp-jzq19kyebalata\" class=\"mc1balata\" data-page-id=\"qp9bt\" data-enable-video=\"true\" data-bg-effect-name=\"\" data-media-type=\"\" data-use-clip-path=\"\" data-needs-clipping=\"\">\n<div id=\"comp-jzq19kyebalatabgcolor\" class=\"bgColor\">\n<div id=\"comp-jzq19kyebalatabgcoloroverlay\" class=\"bgColoroverlay\" style=\"text-align: left;\">Todas nuestras<\/div>\n<div class=\"bgColoroverlay\" style=\"text-align: left;\">acciones sostenibles<\/div>\n<div class=\"bgColoroverlay\" style=\"text-align: left;\"><\/div>\n<div class=\"bgColoroverlay\" style=\"text-align: left;\"><\/div>\n<div class=\"bgColoroverlay\"><\/div>\n<div class=\"bgColoroverlay\"><\/div>\n<\/div>\n<\/div>\n<p>[\/et_pb_text][et_pb_text _builder_version=&#8221;3.19.13&#8243; text_font=&#8221;Lato||||||||&#8221; text_text_color=&#8221;#000000&#8243; text_line_height=&#8221;1.2em&#8221;]<\/p>\n<p>UI GreenMetric eval\u00faa la sostenibilidad ambiental<\/p>\n<p>de las instituciones de educaci\u00f3n superior a nivel mundial.<\/p>\n<p>[\/et_pb_text][\/et_pb_column][\/et_pb_row][et_pb_row custom_padding=&#8221;0|0px|0|0px|false|false&#8221; _builder_version=&#8221;3.19.13&#8243;][et_pb_column type=&#8221;1_5&#8243; _builder_version=&#8221;3.19.13&#8243;][\/et_pb_column][et_pb_column type=&#8221;3_5&#8243; _builder_version=&#8221;3.19.13&#8243;][et_pb_blurb use_icon=&#8221;on&#8221; font_icon=&#8221;%%18%%&#8221; icon_color=&#8221;#25680e&#8221; _builder_version=&#8221;3.19.13&#8243;][\/et_pb_blurb][\/et_pb_column][et_pb_column type=&#8221;1_5&#8243; _builder_version=&#8221;3.19.13&#8243;][\/et_pb_column][\/et_pb_row][\/et_pb_section][et_pb_section fb_built=&#8221;1&#8243; module_id=&#8221;plan&#8221; _builder_version=&#8221;3.19.13&#8243; background_color=&#8221;#e8e8e8&#8243; background_image=&#8221;https:\/\/www.javeriana.edu.co\/sostenibilidad\/wp-content\/uploads\/2019\/11\/fondo-2.jpg&#8221;][et_pb_row _builder_version=&#8221;3.19.13&#8243;][et_pb_column type=&#8221;3_5&#8243; _builder_version=&#8221;3.19.13&#8243;][et_pb_text _builder_version=&#8221;3.19.13&#8243; text_font=&#8221;Lato||||||||&#8221; text_text_color=&#8221;#000000&#8243; text_line_height=&#8221;1.2em&#8221; custom_margin=&#8221;||-2px&#8221;]<\/p>\n<p>\u00a0 \u00a0 \u00a0 \u00a0En<\/p>\n<p>[\/et_pb_text][et_pb_image src=&#8221;https:\/\/www.javeriana.edu.co\/sostenibilidad\/wp-content\/uploads\/2019\/11\/infraestructura.png&#8221; _builder_version=&#8221;3.19.13&#8243;][\/et_pb_image][et_pb_blurb use_icon=&#8221;on&#8221; font_icon=&#8221;%%24%%&#8221; icon_color=&#8221;#662d87&#8243; icon_placement=&#8221;left&#8221; _builder_version=&#8221;3.19.13&#8243;]<\/p>\n<p>\u00c1rea total del campus <strong>179.848 m2<\/strong><\/p>\n<p>[\/et_pb_blurb][et_pb_blurb use_icon=&#8221;on&#8221; font_icon=&#8221;%%24%%&#8221; icon_color=&#8221;#662d87&#8243; icon_placement=&#8221;left&#8221; _builder_version=&#8221;3.19.13&#8243; custom_margin=&#8221;-24px||&#8221;]<\/p>\n<p><strong>80% a 90%<\/strong> es espacio abierto<\/p>\n<p>[\/et_pb_blurb][et_pb_blurb use_icon=&#8221;on&#8221; font_icon=&#8221;%%24%%&#8221; icon_color=&#8221;#662d87&#8243; icon_placement=&#8221;left&#8221; _builder_version=&#8221;3.19.13&#8243; custom_margin=&#8221;-24px||&#8221;]<\/p>\n<p><strong>180.887m2<\/strong> de espacio cubierto por vegetaci\u00f3n forestal<\/p>\n<p>[\/et_pb_blurb][et_pb_blurb use_icon=&#8221;on&#8221; font_icon=&#8221;%%24%%&#8221; icon_color=&#8221;#662d87&#8243; icon_placement=&#8221;left&#8221; _builder_version=&#8221;3.19.13&#8243; custom_margin=&#8221;-24px||&#8221;]<\/p>\n<p><strong>32.817m2<\/strong> de espacio cubierto por vegetaci\u00f3n cultivada<\/p>\n<p>[\/et_pb_blurb][\/et_pb_column][et_pb_column type=&#8221;2_5&#8243; _builder_version=&#8221;3.19.13&#8243;][\/et_pb_column][\/et_pb_row][\/et_pb_section][et_pb_section fb_built=&#8221;1&#8243; module_id=&#8221;historia&#8221; _builder_version=&#8221;3.19.13&#8243; background_color=&#8221;#dbdbdb&#8221; background_image=&#8221;https:\/\/www.javeriana.edu.co\/sostenibilidad\/wp-content\/uploads\/2019\/11\/fondo-oscuro.jpg&#8221;][et_pb_row _builder_version=&#8221;3.19.13&#8243;][et_pb_column type=&#8221;2_5&#8243; _builder_version=&#8221;3.19.13&#8243;][\/et_pb_column][et_pb_column type=&#8221;3_5&#8243; _builder_version=&#8221;3.19.13&#8243;][et_pb_image src=&#8221;https:\/\/www.javeriana.edu.co\/sostenibilidad\/wp-content\/uploads\/2019\/11\/energia.png&#8221; align=&#8221;center&#8221; _builder_version=&#8221;3.19.13&#8243;][\/et_pb_image][et_pb_blurb use_icon=&#8221;on&#8221; font_icon=&#8221;%%24%%&#8221; icon_color=&#8221;#f0e221&#8243; icon_placement=&#8221;left&#8221; _builder_version=&#8221;3.19.13&#8243; header_font=&#8221;||||||||&#8221; header_text_color=&#8221;#ffffff&#8221; body_font=&#8221;||||||||&#8221; body_text_color=&#8221;#ffffff&#8221; custom_margin=&#8221;||-1px|105px&#8221; custom_padding=&#8221;||0px&#8221;]<\/p>\n<p>Dispositivos con uso de energ\u00eda eficiente <strong>75%<\/strong><\/p>\n<p>[\/et_pb_blurb][et_pb_blurb use_icon=&#8221;on&#8221; font_icon=&#8221;%%24%%&#8221; icon_color=&#8221;#f0e221&#8243; icon_placement=&#8221;left&#8221; _builder_version=&#8221;3.19.13&#8243; header_font=&#8221;||||||||&#8221; header_text_color=&#8221;#ffffff&#8221; body_font=&#8221;||||||||&#8221; body_text_color=&#8221;#ffffff&#8221; custom_margin=&#8221;||-1px|105px&#8221; custom_padding=&#8221;||0px&#8221;]<\/p>\n<p><strong>50% a 75%<\/strong> de los edificios son inteligentes<\/p>\n<p>[\/et_pb_blurb][et_pb_blurb use_icon=&#8221;on&#8221; font_icon=&#8221;%%24%%&#8221; icon_color=&#8221;#f0e221&#8243; icon_placement=&#8221;left&#8221; _builder_version=&#8221;3.19.13&#8243; header_font=&#8221;||||||||&#8221; header_text_color=&#8221;#ffffff&#8221; body_font=&#8221;||||||||&#8221; body_text_color=&#8221;#ffffff&#8221; custom_margin=&#8221;||-1px|105px&#8221; custom_padding=&#8221;||0px&#8221;]<\/p>\n<p><strong>1<\/strong> fuente de energ\u00eda renovable en el campus<\/p>\n<p>[\/et_pb_blurb][et_pb_blurb use_icon=&#8221;on&#8221; font_icon=&#8221;%%24%%&#8221; icon_color=&#8221;#f0e221&#8243; icon_placement=&#8221;left&#8221; _builder_version=&#8221;3.19.13&#8243; header_font=&#8221;||||||||&#8221; header_text_color=&#8221;#ffffff&#8221; body_font=&#8221;||||||||&#8221; body_text_color=&#8221;#ffffff&#8221; custom_margin=&#8221;||-9px|105px&#8221; custom_padding=&#8221;||0px&#8221;]<\/p>\n<p><strong>Pol\u00edticas ecol\u00f3gicas<\/strong> de construcci\u00f3n y renovaci\u00f3n<\/p>\n<p>[\/et_pb_blurb][\/et_pb_column][\/et_pb_row][\/et_pb_section][et_pb_section fb_built=&#8221;1&#8243; module_id=&#8221;plan&#8221; _builder_version=&#8221;3.19.13&#8243; background_color=&#8221;#e8e8e8&#8243; background_image=&#8221;https:\/\/www.javeriana.edu.co\/sostenibilidad\/wp-content\/uploads\/2019\/11\/residuos.jpg&#8221;][et_pb_row _builder_version=&#8221;3.19.13&#8243;][et_pb_column type=&#8221;3_5&#8243; _builder_version=&#8221;3.19.13&#8243;][et_pb_image src=&#8221;https:\/\/www.javeriana.edu.co\/sostenibilidad\/wp-content\/uploads\/2019\/11\/manejo-de-residuos.png&#8221; _builder_version=&#8221;3.19.13&#8243;][\/et_pb_image][et_pb_blurb use_icon=&#8221;on&#8221; font_icon=&#8221;%%24%%&#8221; icon_color=&#8221;#92b037&#8243; icon_placement=&#8221;left&#8221; _builder_version=&#8221;3.19.13&#8243;]<\/p>\n<p>Residuos \u00f3rganicos tratados en el campus <strong>75%<\/strong><\/p>\n<p>[\/et_pb_blurb][et_pb_blurb use_icon=&#8221;on&#8221; font_icon=&#8221;%%24%%&#8221; icon_color=&#8221;#92b037&#8243; icon_placement=&#8221;left&#8221; _builder_version=&#8221;3.19.13&#8243; custom_margin=&#8221;-24px||&#8221;]<\/p>\n<p><strong>M\u00e1s de 3 programas<\/strong> para reducir pl\u00e1stico y papel<\/p>\n<p>[\/et_pb_blurb][et_pb_blurb use_icon=&#8221;on&#8221; font_icon=&#8221;%%24%%&#8221; icon_color=&#8221;#92b037&#8243; icon_placement=&#8221;left&#8221; _builder_version=&#8221;3.19.13&#8243; custom_margin=&#8221;-24px||&#8221;]<\/p>\n<p><strong>Aguas residuales<\/strong> tratadas convencionalmente<\/p>\n<p>[\/et_pb_blurb][et_pb_blurb use_icon=&#8221;on&#8221; font_icon=&#8221;%%24%%&#8221; icon_color=&#8221;#92b037&#8243; icon_placement=&#8221;left&#8221; _builder_version=&#8221;3.19.13&#8243; custom_margin=&#8221;-24px||&#8221;]<\/p>\n<p>Entre el <strong>25% y el 50%<\/strong> de los residuos inorg\u00e1nicos son tratados.<\/p>\n<p>[\/et_pb_blurb][\/et_pb_column][et_pb_column type=&#8221;2_5&#8243; _builder_version=&#8221;3.19.13&#8243;][\/et_pb_column][\/et_pb_row][\/et_pb_section][et_pb_section fb_built=&#8221;1&#8243; module_id=&#8221;historia&#8221; _builder_version=&#8221;3.19.13&#8243; background_color=&#8221;#dbdbdb&#8221; background_image=&#8221;https:\/\/www.javeriana.edu.co\/sostenibilidad\/wp-content\/uploads\/2019\/11\/agua.jpg&#8221;][et_pb_row _builder_version=&#8221;3.19.13&#8243;][et_pb_column type=&#8221;2_5&#8243; _builder_version=&#8221;3.19.13&#8243;][\/et_pb_column][et_pb_column type=&#8221;3_5&#8243; _builder_version=&#8221;3.19.13&#8243;][et_pb_image src=&#8221;https:\/\/www.javeriana.edu.co\/sostenibilidad\/wp-content\/uploads\/2019\/11\/en-agua.png&#8221; align=&#8221;center&#8221; _builder_version=&#8221;3.19.13&#8243;][\/et_pb_image][et_pb_blurb use_icon=&#8221;on&#8221; font_icon=&#8221;%%24%%&#8221; icon_color=&#8221;#40c8ff&#8221; icon_placement=&#8221;left&#8221; _builder_version=&#8221;3.19.13&#8243; header_font=&#8221;||||||||&#8221; header_text_color=&#8221;#ffffff&#8221; body_font=&#8221;||||||||&#8221; body_text_color=&#8221;#ffffff&#8221; custom_margin=&#8221;||-1px|105px&#8221; custom_padding=&#8221;||0px&#8221;]<\/p>\n<p><strong>Programa<\/strong> de <strong>reciclaje de agua<\/strong><\/p>\n<p>[\/et_pb_blurb][et_pb_blurb use_icon=&#8221;on&#8221; font_icon=&#8221;%%24%%&#8221; icon_color=&#8221;#40c8ff&#8221; icon_placement=&#8221;left&#8221; _builder_version=&#8221;3.19.13&#8243; header_font=&#8221;||||||||&#8221; header_text_color=&#8221;#ffffff&#8221; body_font=&#8221;||||||||&#8221; body_text_color=&#8221;#ffffff&#8221; custom_margin=&#8221;||-1px|105px&#8221; custom_padding=&#8221;||0px&#8221;]<\/p>\n<p><strong>Programa<\/strong> de <strong>conservaci\u00f3n<\/strong> de <strong>agua<\/strong><\/p>\n<p>[\/et_pb_blurb][et_pb_blurb use_icon=&#8221;on&#8221; font_icon=&#8221;%%24%%&#8221; icon_color=&#8221;#40c8ff&#8221; icon_placement=&#8221;left&#8221; _builder_version=&#8221;3.19.13&#8243; header_font=&#8221;||||||||&#8221; header_text_color=&#8221;#ffffff&#8221; body_font=&#8221;||||||||&#8221; body_text_color=&#8221;#ffffff&#8221; custom_margin=&#8221;||-1px|105px&#8221; custom_padding=&#8221;||0px&#8221;]<\/p>\n<p><strong>25% &#8211; 50%<\/strong> de agua tratada y consumida<\/p>\n<p>[\/et_pb_blurb][et_pb_blurb use_icon=&#8221;on&#8221; font_icon=&#8221;%%24%%&#8221; icon_color=&#8221;#40c8ff&#8221; icon_placement=&#8221;left&#8221; _builder_version=&#8221;3.19.13&#8243; header_font=&#8221;||||||||&#8221; header_text_color=&#8221;#ffffff&#8221; body_font=&#8221;||||||||&#8221; body_text_color=&#8221;#ffffff&#8221; custom_margin=&#8221;||-1px|105px&#8221; custom_padding=&#8221;||0px&#8221;]<\/p>\n<p><strong>M\u00e1s del 50%<\/strong> de apartos con consumo eficiente<\/p>\n<p>[\/et_pb_blurb][\/et_pb_column][\/et_pb_row][\/et_pb_section][et_pb_section fb_built=&#8221;1&#8243; module_id=&#8221;plan&#8221; _builder_version=&#8221;3.19.13&#8243; background_color=&#8221;#e8e8e8&#8243; background_image=&#8221;https:\/\/www.javeriana.edu.co\/sostenibilidad\/wp-content\/uploads\/2019\/11\/movilidad.jpg&#8221;][et_pb_row _builder_version=&#8221;3.19.13&#8243;][et_pb_column type=&#8221;3_5&#8243; _builder_version=&#8221;3.19.13&#8243;][et_pb_image src=&#8221;https:\/\/www.javeriana.edu.co\/sostenibilidad\/wp-content\/uploads\/2019\/11\/movilidad.png&#8221; _builder_version=&#8221;3.19.13&#8243;][\/et_pb_image][et_pb_blurb use_icon=&#8221;on&#8221; font_icon=&#8221;%%24%%&#8221; icon_color=&#8221;#eb871e&#8221; icon_placement=&#8221;left&#8221; _builder_version=&#8221;3.19.13&#8243;]<\/p>\n<p>Disponibilidad de recibir veh\u00edculos<strong> cero emisiones<\/strong><\/p>\n<p>[\/et_pb_blurb][et_pb_blurb use_icon=&#8221;on&#8221; font_icon=&#8221;%%24%%&#8221; icon_color=&#8221;#eb871e&#8221; icon_placement=&#8221;left&#8221; _builder_version=&#8221;3.19.13&#8243; custom_margin=&#8221;-24px||&#8221;]<\/p>\n<p><strong>Programa de estacionamiento<\/strong> para el parqueadero<\/p>\n<p>[\/et_pb_blurb][et_pb_blurb use_icon=&#8221;on&#8221; font_icon=&#8221;%%24%%&#8221; icon_color=&#8221;#eb871e&#8221; icon_placement=&#8221;left&#8221; _builder_version=&#8221;3.19.13&#8243; custom_margin=&#8221;-24px||&#8221;]<\/p>\n<p><strong>Iniciativas<\/strong> para reducir el uso del veh\u00edculo<\/p>\n<p>[\/et_pb_blurb][et_pb_blurb use_icon=&#8221;on&#8221; font_icon=&#8221;%%24%%&#8221; icon_color=&#8221;#eb871e&#8221; icon_placement=&#8221;left&#8221; _builder_version=&#8221;3.19.13&#8243; custom_margin=&#8221;-24px||&#8221;]<\/p>\n<p><strong>Pol\u00edtica peatonal<\/strong> del campus<\/p>\n<p>[\/et_pb_blurb][\/et_pb_column][et_pb_column type=&#8221;2_5&#8243; _builder_version=&#8221;3.19.13&#8243;][\/et_pb_column][\/et_pb_row][\/et_pb_section][et_pb_section fb_built=&#8221;1&#8243; module_id=&#8221;historia&#8221; _builder_version=&#8221;3.19.13&#8243; background_color=&#8221;#dbdbdb&#8221; background_image=&#8221;https:\/\/www.javeriana.edu.co\/sostenibilidad\/wp-content\/uploads\/2019\/11\/fondo-final.jpg&#8221;][et_pb_row _builder_version=&#8221;3.19.13&#8243;][et_pb_column type=&#8221;2_5&#8243; _builder_version=&#8221;3.19.13&#8243;][\/et_pb_column][et_pb_column type=&#8221;3_5&#8243; _builder_version=&#8221;3.19.13&#8243;][et_pb_image align=&#8221;center&#8221; src=&#8221;https:\/\/www.javeriana.edu.co\/sostenibilidad\/wp-content\/uploads\/2019\/11\/educacio\u0301n.png&#8221; _builder_version=&#8221;3.19.13&#8243;][\/et_pb_image][et_pb_blurb use_icon=&#8221;on&#8221; font_icon=&#8221;%%24%%&#8221; icon_color=&#8221;#80ba3f&#8221; icon_placement=&#8221;left&#8221; _builder_version=&#8221;3.19.13&#8243; header_font=&#8221;||||||||&#8221; header_text_color=&#8221;#ffffff&#8221; body_font=&#8221;||||||||&#8221; body_text_color=&#8221;#ffffff&#8221; custom_margin=&#8221;||-1px|105px&#8221; custom_padding=&#8221;||0px&#8221;]<\/p>\n<p>Asignaturas relacionadas con <strong>Sostenibilidad<\/strong><\/p>\n<p>[\/et_pb_blurb][et_pb_blurb use_icon=&#8221;on&#8221; font_icon=&#8221;%%24%%&#8221; icon_color=&#8221;#80ba3f&#8221; icon_placement=&#8221;left&#8221; _builder_version=&#8221;3.19.13&#8243; header_font=&#8221;||||||||&#8221; header_text_color=&#8221;#ffffff&#8221; body_font=&#8221;||||||||&#8221; body_text_color=&#8221;#ffffff&#8221; custom_margin=&#8221;||-1px|105px&#8221; custom_padding=&#8221;||0px&#8221;]<\/p>\n<p><strong>M\u00e1s de 280.000 USD<\/strong> destinados a investiaci\u00f3n sostenible<\/p>\n<p>[\/et_pb_blurb][et_pb_blurb use_icon=&#8221;on&#8221; font_icon=&#8221;%%24%%&#8221; icon_color=&#8221;#80ba3f&#8221; icon_placement=&#8221;left&#8221; _builder_version=&#8221;3.19.13&#8243; header_font=&#8221;||||||||&#8221; header_text_color=&#8221;#ffffff&#8221; body_font=&#8221;||||||||&#8221; body_text_color=&#8221;#ffffff&#8221; custom_margin=&#8221;||-1px|105px&#8221; custom_padding=&#8221;||0px&#8221;]<\/p>\n<p><strong>M\u00e1s de 300<\/strong> publicaciones sobre sostenibilidad<\/p>\n<p>[\/et_pb_blurb][et_pb_blurb use_icon=&#8221;on&#8221; font_icon=&#8221;%%24%%&#8221; icon_color=&#8221;#80ba3f&#8221; icon_placement=&#8221;left&#8221; _builder_version=&#8221;3.19.13&#8243; header_font=&#8221;||||||||&#8221; header_text_color=&#8221;#ffffff&#8221; body_font=&#8221;||||||||&#8221; body_text_color=&#8221;#ffffff&#8221; custom_margin=&#8221;||-1px|105px&#8221; custom_padding=&#8221;||0px&#8221;]<\/p>\n<p><strong>Website<\/strong> de sostenibilidad<\/p>\n<p>[\/et_pb_blurb][\/et_pb_column][\/et_pb_row][\/et_pb_section][et_pb_section fb_built=&#8221;1&#8243; _builder_version=&#8221;3.19.13&#8243; background_color=&#8221;#f9cf1c&#8221; box_shadow_style=&#8221;preset1&#8243; box_shadow_blur=&#8221;7px&#8221; custom_padding=&#8221;0|0px|51.1875px|0px|false|false&#8221;][et_pb_row make_fullwidth=&#8221;on&#8221; custom_width_px=&#8221;2315px&#8221; use_custom_gutter=&#8221;on&#8221; gutter_width=&#8221;1&#8243; custom_padding=&#8221;25.5938px|0px|0|0px|false|false&#8221; _builder_version=&#8221;3.19.13&#8243;][et_pb_column type=&#8221;1_2&#8243; _builder_version=&#8221;3.19.13&#8243;][et_pb_text _builder_version=&#8221;3.19.13&#8243; text_font=&#8221;||||||||&#8221; text_text_color=&#8221;#003b63&#8243; custom_margin=&#8221;|||45px&#8221;]<strong>Pontificia Universidad Javeriana<\/strong><br \/>\n[\/et_pb_text][et_pb_text _builder_version=&#8221;3.19.13&#8243; text_font=&#8221;||||||||&#8221; text_text_color=&#8221;#003b63&#8243; text_line_height=&#8221;0.3em&#8221; custom_margin=&#8221;24px|||44px&#8221;]<\/p>\n<p class=\"font_9\">Bogot\u00e1 D.C.- Colombia &#8211; Carrera 7 No. 40 &#8211; 62 &#8211; Tel: (57 1) 3208320<\/p>\n<p class=\"font_9\"><span style=\"color: #003b63;\"><a style=\"color: #003b63;\" href=\"https:\/\/www.javeriana.edu.co\/documents\/10179\/9567882\/Acuerdo+No+657.pdf\" target=\"_blank\" rel=\"nofollow noopener noreferrer\" data-content=\"https:\/\/www.javeriana.edu.co\/documents\/10179\/9567882\/Acuerdo+No+657.pdf\" data-type=\"external\">Pol\u00edtica de protecci\u00f3n de datos personales<\/a><\/span><\/p>\n<p class=\"font_9\"><span style=\"color: #003b63;\"><a style=\"color: #003b63;\" href=\"https:\/\/www.javeriana.edu.co\/documents\/10179\/0\/Aviso+de+Privacidad+2018\" target=\"_blank\" rel=\"nofollow noopener noreferrer\" data-content=\"https:\/\/www.javeriana.edu.co\/documents\/10179\/0\/Aviso+de+Privacidad+2018\" data-type=\"external\">Aviso de privacidad<\/a><a style=\"color: #003b63;\" href=\"https:\/\/www.javeriana.edu.co\/documents\/10179\/0\/Aviso+de+Privacidad+2018\" target=\"_blank\" rel=\"nofollow noopener noreferrer\" data-content=\"https:\/\/www.javeriana.edu.co\/documents\/10179\/0\/Aviso+de+Privacidad+2018\" data-type=\"external\">\u00a0|\u00a0<\/a><a style=\"color: #003b63;\" href=\"https:\/\/www.javeriana.edu.co\/documents\/10179\/0\/NOTA+DE+RESERVA+DE+DERECHOS+SITIO+WEB+UNIJAVERIANA.pdf\/50120fbe-e32e-41e1-861f-e77b9e19d694\" target=\"_blank\" rel=\"nofollow noopener noreferrer\" data-content=\"https:\/\/www.javeriana.edu.co\/documents\/10179\/0\/NOTA+DE+RESERVA+DE+DERECHOS+SITIO+WEB+UNIJAVERIANA.pdf\/50120fbe-e32e-41e1-861f-e77b9e19d694\" data-type=\"external\">Condiciones de uso y t\u00e9rminos legales<\/a><\/span><\/p>\n<p>[\/et_pb_text][\/et_pb_column][et_pb_column type=&#8221;1_6&#8243; _builder_version=&#8221;3.19.13&#8243;][et_pb_text _builder_version=&#8221;3.19.13&#8243; text_font=&#8221;||||||||&#8221; text_text_color=&#8221;#003b63&#8243; custom_margin=&#8221;|||-84px&#8221;]Comun\u00edcate con nosotros<\/p>\n<p>&nbsp;<\/p>\n<ul class=\"font_9\">\n<li>\n<p class=\"font_9\"><strong>Cont\u00e1ctanos<\/strong><\/p>\n<\/li>\n<li>\n<p class=\"font_9\"><strong>Voluntarios<\/strong><\/p>\n<\/li>\n<\/ul>\n<p>[\/et_pb_text][\/et_pb_column][et_pb_column type=&#8221;1_6&#8243; _builder_version=&#8221;3.19.13&#8243;][et_pb_text _builder_version=&#8221;3.19.13&#8243; text_font=&#8221;||||||||&#8221; text_text_color=&#8221;#003b63&#8243; text_line_height=&#8221;1em&#8221; custom_margin=&#8221;4px|||-102px&#8221;]Accesos r\u00e1pidos<\/p>\n<p>&nbsp;<\/p>\n<ul class=\"font_9\">\n<li>\n<p class=\"font_9\"><strong>Simposio\u00a0Javeriano\u00a0<span style=\"font-size: 14px;\">Laudato Si&#8217;<\/span><\/strong><\/p>\n<\/li>\n<li>\n<p class=\"font_9\"><strong><span style=\"font-size: 14px;\">Historia Verde<\/span><\/strong><\/p>\n<\/li>\n<\/ul>\n<p>[\/et_pb_text][\/et_pb_column][et_pb_column type=&#8221;1_6&#8243; _builder_version=&#8221;3.19.13&#8243;][et_pb_text _builder_version=&#8221;3.19.13&#8243; text_font=&#8221;||||||||&#8221; text_text_color=&#8221;#003b63&#8243; custom_margin=&#8221;|||-60px&#8221;]S\u00edguenos\u00a0en nuestras redes sociales<\/p>\n<p>&nbsp;<br \/>\n[\/et_pb_text][\/et_pb_column][\/et_pb_row][\/et_pb_section]<\/p>\n","protected":false},"excerpt":{"rendered":"<p>Conoce Todas nuestras acciones sostenibles UI GreenMetric eval\u00faa la sostenibilidad ambiental de las instituciones de educaci\u00f3n superior a nivel mundial.\u00a0 \u00a0 \u00a0 \u00a0En\u00c1rea total del campus 179.848 m280% a 90% es espacio abierto180.887m2 de espacio cubierto por vegetaci\u00f3n forestal32.817m2 de espacio cubierto por vegetaci\u00f3n cultivadaDispositivos con uso de energ\u00eda eficiente 75%50% a 75% de los [&hellip;]<\/p>\n","protected":false},"author":2,"featured_media":0,"parent":0,"menu_order":0,"comment_status":"closed","ping_status":"closed","template":"","meta":{"_et_pb_use_builder":"on","_et_pb_old_content":"","_et_gb_content_width":"","footnotes":""},"class_list":["post-1361","page","type-page","status-publish","hentry"],"_links":{"self":[{"href":"https:\/\/www.javeriana.edu.co\/sostenibilidad\/wp-json\/wp\/v2\/pages\/1361","targetHints":{"allow":["GET"]}}],"collection":[{"href":"https:\/\/www.javeriana.edu.co\/sostenibilidad\/wp-json\/wp\/v2\/pages"}],"about":[{"href":"https:\/\/www.javeriana.edu.co\/sostenibilidad\/wp-json\/wp\/v2\/types\/page"}],"author":[{"embeddable":true,"href":"https:\/\/www.javeriana.edu.co\/sostenibilidad\/wp-json\/wp\/v2\/users\/2"}],"replies":[{"embeddable":true,"href":"https:\/\/www.javeriana.edu.co\/sostenibilidad\/wp-json\/wp\/v2\/comments?post=1361"}],"version-history":[{"count":26,"href":"https:\/\/www.javeriana.edu.co\/sostenibilidad\/wp-json\/wp\/v2\/pages\/1361\/revisions"}],"predecessor-version":[{"id":3994,"href":"https:\/\/www.javeriana.edu.co\/sostenibilidad\/wp-json\/wp\/v2\/pages\/1361\/revisions\/3994"}],"wp:attachment":[{"href":"https:\/\/www.javeriana.edu.co\/sostenibilidad\/wp-json\/wp\/v2\/media?parent=1361"}],"curies":[{"name":"wp","href":"https:\/\/api.w.org\/{rel}","templated":true}]}}