{"id":1999,"date":"2020-05-27T08:18:48","date_gmt":"2020-05-27T08:18:48","guid":{"rendered":"https:\/\/www.javeriana.edu.co\/sostenibilidad\/?page_id=1999"},"modified":"2020-05-28T16:04:42","modified_gmt":"2020-05-28T16:04:42","slug":"cosmos-living-learning-lab","status":"publish","type":"page","link":"https:\/\/www.javeriana.edu.co\/sostenibilidad\/academia-eco-logica\/cosmos-living-learning-lab\/","title":{"rendered":"Cosmos Living Learning Lab"},"content":{"rendered":"<p style=\"text-align: center;\"><iframe loading=\"lazy\" src=\"https:\/\/www.youtube.com\/embed\/wcfzxfLQZ4A?controls=0\" width=\"560\" height=\"315\" frameborder=\"0\" allowfullscreen=\"allowfullscreen\"><\/iframe><\/p>\n<p>Las universidades pueden fortalecer su impacto en la transformaci\u00f3n social y ambiental con la implementaci\u00f3n de la Educaci\u00f3n para el Desarrollo Sostenible, a trav\u00e9s de mecanismos integradores, que consideran el concepto de &#8220;sostenibilidad en toda la universidad&#8221;. Ello implica vincular de manera transversal e interdisciplinar las actividades de docencia e investigaci\u00f3n con el Campus universitario desde el aprendizaje activo y experiencial, generando i) un aumento de las iniciativas y soluciones sostenibles para la universidad y las comunidades aleda\u00f1as, ii) el fortalecimiento de redes colaborativas entre estudiantes, docentes, administrativos y directivos y iii) la consolidaci\u00f3n de experiencias significativas de aprendizaje que genera en la comunidad universitaria, principalmente en los estudiantes, competencias clave para la sostenibilidad.<\/p>\n<p>En el marco de la Educaci\u00f3n para el Desarrollo Sostenible, los Laboratorios de Aprendizaje Vivos (Living Learning Lab) logran vincular expl\u00edcitamente las actividades de investigaci\u00f3n, docencia y operativas (gesti\u00f3n del Campus) con la comunidad universitaria, form\u00e1ndola para resolver los desaf\u00edos socio-ambientales actuales. En este sentido, el Campus universitario y las comunidades aleda\u00f1as constituyen un laboratorio f\u00e1cilmente disponible para realizar proyectos pr\u00e1cticos y act\u00faa como un plan de estudios alternativo para que los estudiantes apliquen lo que aprenden en el aula.<\/p>\n<p>Desde esta perspectiva y en el marco de el Plan de Manejo Ecol\u00f3gico y Ambiental, la Pontificia Universidad Javeriana se encuentra implementando la estrategia COSMOS Living Learning Lab Javeriano -LLLJAV -, que tiene como objetivo aplicar la Educaci\u00f3n para el Desarrollo Sostenible en las tres funciones sustantivas de la universidad (docencia, investigaci\u00f3n, servicio), en el medio universitario y en el Campus, desde un enfoque interdisciplinar, sist\u00e9mico, integral y participativo.<\/p>\n<p>LLLJAV pone en pr\u00e1ctica los principios de la Educaci\u00f3n para el Desarrollo Sostenible a trav\u00e9s de cinco grandes apuestas formativas e innovadoras i) Design Factory Javeriana, ii) Proyecto Sencity, iii) Proyecto Odontolog\u00eda Ambientalmente Sostenible, iv) Proyecto Aula Campus Sostenible, v) Proyecto Medicina Sostenible e vi) Historia Verde. Estos proyectos tienen como fundamento la ecolog\u00eda integral y como fin la transformaci\u00f3n social en el marco del desarrollo sostenible.<\/p>\n<p style=\"text-align: center;\">[fm_carousel id=&#8221;4&#8243;]<\/p>\n<p>&nbsp;<\/p>\n<p><img loading=\"lazy\" decoding=\"async\" class=\"alignnone size-full wp-image-2021\" src=\"https:\/\/www.javeriana.edu.co\/sostenibilidad\/wp-content\/uploads\/2020\/05\/LLLJav-73.jpg\" alt=\"\" width=\"1920\" height=\"401\" srcset=\"https:\/\/www.javeriana.edu.co\/sostenibilidad\/wp-content\/uploads\/2020\/05\/LLLJav-73.jpg 1920w, https:\/\/www.javeriana.edu.co\/sostenibilidad\/wp-content\/uploads\/2020\/05\/LLLJav-73-300x63.jpg 300w, https:\/\/www.javeriana.edu.co\/sostenibilidad\/wp-content\/uploads\/2020\/05\/LLLJav-73-768x160.jpg 768w, https:\/\/www.javeriana.edu.co\/sostenibilidad\/wp-content\/uploads\/2020\/05\/LLLJav-73-1024x214.jpg 1024w, https:\/\/www.javeriana.edu.co\/sostenibilidad\/wp-content\/uploads\/2020\/05\/LLLJav-73-1080x226.jpg 1080w\" sizes=\"(max-width: 1920px) 100vw, 1920px\" \/><\/p>\n","protected":false},"excerpt":{"rendered":"<p>Las universidades pueden fortalecer su impacto en la transformaci\u00f3n social y ambiental con la implementaci\u00f3n de la Educaci\u00f3n para el Desarrollo Sostenible, a trav\u00e9s de mecanismos integradores, que consideran el concepto de &#8220;sostenibilidad en toda la universidad&#8221;. Ello implica vincular de manera transversal e interdisciplinar las actividades de docencia e investigaci\u00f3n con el Campus universitario [&hellip;]<\/p>\n","protected":false},"author":2,"featured_media":2000,"parent":471,"menu_order":0,"comment_status":"closed","ping_status":"closed","template":"","meta":{"_et_pb_use_builder":"","_et_pb_old_content":"","_et_gb_content_width":"","footnotes":""},"class_list":["post-1999","page","type-page","status-publish","has-post-thumbnail","hentry"],"_links":{"self":[{"href":"https:\/\/www.javeriana.edu.co\/sostenibilidad\/wp-json\/wp\/v2\/pages\/1999","targetHints":{"allow":["GET"]}}],"collection":[{"href":"https:\/\/www.javeriana.edu.co\/sostenibilidad\/wp-json\/wp\/v2\/pages"}],"about":[{"href":"https:\/\/www.javeriana.edu.co\/sostenibilidad\/wp-json\/wp\/v2\/types\/page"}],"author":[{"embeddable":true,"href":"https:\/\/www.javeriana.edu.co\/sostenibilidad\/wp-json\/wp\/v2\/users\/2"}],"replies":[{"embeddable":true,"href":"https:\/\/www.javeriana.edu.co\/sostenibilidad\/wp-json\/wp\/v2\/comments?post=1999"}],"version-history":[{"count":10,"href":"https:\/\/www.javeriana.edu.co\/sostenibilidad\/wp-json\/wp\/v2\/pages\/1999\/revisions"}],"predecessor-version":[{"id":2035,"href":"https:\/\/www.javeriana.edu.co\/sostenibilidad\/wp-json\/wp\/v2\/pages\/1999\/revisions\/2035"}],"up":[{"embeddable":true,"href":"https:\/\/www.javeriana.edu.co\/sostenibilidad\/wp-json\/wp\/v2\/pages\/471"}],"wp:featuredmedia":[{"embeddable":true,"href":"https:\/\/www.javeriana.edu.co\/sostenibilidad\/wp-json\/wp\/v2\/media\/2000"}],"wp:attachment":[{"href":"https:\/\/www.javeriana.edu.co\/sostenibilidad\/wp-json\/wp\/v2\/media?parent=1999"}],"curies":[{"name":"wp","href":"https:\/\/api.w.org\/{rel}","templated":true}]}}