{"id":4514,"date":"2021-09-22T08:13:25","date_gmt":"2021-09-22T13:13:25","guid":{"rendered":"https:\/\/www.javeriana.edu.co\/sostenibilidad\/?page_id=4514"},"modified":"2021-12-14T09:48:21","modified_gmt":"2021-12-14T14:48:21","slug":"historia-verde","status":"publish","type":"page","link":"https:\/\/www.javeriana.edu.co\/sostenibilidad\/historia-verde\/","title":{"rendered":"Historia Verde"},"content":{"rendered":"<p>[et_pb_section fb_built=&#8221;1&#8243; fullwidth=&#8221;on&#8221; _builder_version=&#8221;4.9.4&#8243; _module_preset=&#8221;default&#8221; da_disable_devices=&#8221;off|off|off&#8221; da_is_popup=&#8221;off&#8221; da_exit_intent=&#8221;off&#8221; da_has_close=&#8221;on&#8221; da_alt_close=&#8221;off&#8221; da_dark_close=&#8221;off&#8221; da_not_modal=&#8221;on&#8221; da_is_singular=&#8221;off&#8221; da_with_loader=&#8221;off&#8221; da_has_shadow=&#8221;on&#8221;][et_pb_fullwidth_image src=&#8221;https:\/\/www.javeriana.edu.co\/sostenibilidad\/wp-content\/uploads\/2021\/10\/Pagina-Javeriana-Sostenible_26-copia-7.webp&#8221; title_text=&#8221;Pagina Javeriana Sostenible_26 copia 7&#8243; _builder_version=&#8221;4.9.7&#8243; _module_preset=&#8221;default&#8221;][\/et_pb_fullwidth_image][\/et_pb_section][et_pb_section fb_built=&#8221;1&#8243; _builder_version=&#8221;4.9.4&#8243; da_disable_devices=&#8221;off|off|off&#8221; da_is_popup=&#8221;off&#8221; da_exit_intent=&#8221;off&#8221; da_has_close=&#8221;on&#8221; da_alt_close=&#8221;off&#8221; da_dark_close=&#8221;off&#8221; da_not_modal=&#8221;on&#8221; da_is_singular=&#8221;off&#8221; da_with_loader=&#8221;off&#8221; da_has_shadow=&#8221;on&#8221;][et_pb_row _builder_version=&#8221;3.25&#8243; custom_padding=&#8221;27.4219px|0px|11px|0px|false|false&#8221;][et_pb_column type=&#8221;4_4&#8243; _builder_version=&#8221;3.25&#8243; custom_padding=&#8221;|||&#8221; custom_padding__hover=&#8221;|||&#8221;][et_pb_button button_text=&#8221;Campus Sustentable&#8221; _builder_version=&#8221;4.9.4&#8243; _module_preset=&#8221;default&#8221; custom_button=&#8221;on&#8221; button_text_size=&#8221;13px&#8221; button_text_color=&#8221;#4f2a62&#8243; button_border_width=&#8221;0px&#8221; button_border_radius=&#8221;0px&#8221; button_font=&#8221;|300|||||||&#8221; button_icon=&#8221;%%2%%&#8221; button_icon_color=&#8221;#4f2a62&#8243; button_icon_placement=&#8221;left&#8221; button_on_hover=&#8221;off&#8221;][\/et_pb_button][et_pb_code _builder_version=&#8221;4.9.7&#8243; _module_preset=&#8221;default&#8221; hover_enabled=&#8221;0&#8243; sticky_enabled=&#8221;0&#8243;]<iframe loading=\"lazy\" width=\"560\" height=\"315\" src=\"https:\/\/www.youtube.com\/embed\/BwQQ8Swk-mc\" title=\"YouTube video player\" frameborder=\"0\" allow=\"accelerometer; autoplay; clipboard-write; encrypted-media; gyroscope; picture-in-picture\" allowfullscreen><\/iframe>[\/et_pb_code][et_pb_text _builder_version=&#8221;4.9.7&#8243; border_width_bottom=&#8221;1px&#8221;]<\/p>\n<h2><span style=\"color: #4d1965;\"><b>Historia Verde<\/b><\/span><\/h2>\n<p>[\/et_pb_text][et_pb_text _builder_version=&#8221;4.9.7&#8243; hover_enabled=&#8221;0&#8243; sticky_enabled=&#8221;0&#8243;]<\/p>\n<div class=\"page\" title=\"Page 4\">\n<div class=\"section\">\n<div class=\"layoutArea\">\n<div class=\"column\">\n<p style=\"text-align: justify;\"><span><strong>Bienvenidos a este proyecto<\/strong> <\/span><span>cuyo protagonista no es otro que el campus de la Pontificia Universidad Javeriana &#8211; Sede Bogot\u00e1 y toda la biodiversidad que en \u00e9l reside. Por su ubicaci\u00f3n estrat\u00e9gica sobre los Cerros Orientales, su cercan\u00eda al Parque Nacional y el n\u00famero reducido de \u00e1reas verdes que existe en ciertos sectores de la ciudad, el campus de la Universidad se constituye como un espacio crucial para el cuidado del medio ambiente. De aqu\u00ed nace &#8220;Historia Verde&#8221; que realiza el inter\u00e9s de la Universidad, por hacer de nuestro Campus un lugar donde la naturaleza va de la mano del quehacer de la comunidad que lo habita.<\/span><\/p>\n<\/div>\n<\/div>\n<\/div>\n<\/div>\n<p>[\/et_pb_text][\/et_pb_column][\/et_pb_row][\/et_pb_section][et_pb_section fb_built=&#8221;1&#8243; _builder_version=&#8221;4.9.7&#8243; background_color=&#8221;#f9cf1c&#8221; custom_padding=&#8221;54px|0px|18px|0px|false|false&#8221; da_disable_devices=&#8221;off|off|off&#8221; box_shadow_style=&#8221;preset1&#8243; box_shadow_blur=&#8221;7px&#8221; saved_tabs=&#8221;all&#8221; global_module=&#8221;3654&#8243; da_is_popup=&#8221;off&#8221; da_exit_intent=&#8221;off&#8221; da_has_close=&#8221;on&#8221; da_alt_close=&#8221;off&#8221; da_dark_close=&#8221;off&#8221; da_not_modal=&#8221;on&#8221; da_is_singular=&#8221;off&#8221; da_with_loader=&#8221;off&#8221; da_has_shadow=&#8221;on&#8221;][et_pb_row column_structure=&#8221;1_3,1_3,1_3&#8243; _builder_version=&#8221;3.25&#8243; custom_padding=&#8221;0px||0px&#8221;][et_pb_column type=&#8221;1_3&#8243; _builder_version=&#8221;3.25&#8243; custom_padding=&#8221;|||&#8221; custom_padding__hover=&#8221;|||&#8221;][et_pb_text _builder_version=&#8221;3.27.4&#8243;]<\/p>\n<div class=\"et_pb_module et_pb_text et_pb_text_29 et_pb_bg_layout_light  et_pb_text_align_left\">\n<p class=\"et_pb_text_inner\"><span style=\"color: #000000;\"><strong>Pontificia Universidad Javeriana<\/strong><\/span><\/p>\n<p class=\"et_pb_text_inner\"><span style=\"color: #000000;\"><strong><\/strong><\/span><\/p>\n<div class=\"et_pb_text_inner\">\n<p class=\"font_9\"><span style=\"color: #000000;\">Bogot\u00e1 D.C.- Colombia<\/span><\/p>\n<p class=\"font_9\"><span style=\"color: #000000;\">Carrera 7 No. 40 &#8211; 62 &#8211; Tel: (57 1) 3208320<\/span><\/p>\n<p class=\"font_9\"><span style=\"text-decoration: underline;\"><span style=\"color: #000000; text-decoration: underline;\"><a href=\"https:\/\/www.javeriana.edu.co\/documents\/10179\/9567882\/Acuerdo+No+657.pdf\" target=\"_blank\" rel=\"nofollow noopener noreferrer\" data-content=\"https:\/\/www.javeriana.edu.co\/documents\/10179\/9567882\/Acuerdo+No+657.pdf\" data-type=\"external\" style=\"color: #000000; text-decoration: underline;\">Pol\u00edtica de protecci\u00f3n de datos personales<\/a><\/span><\/span><\/p>\n<p class=\"font_9\"><span style=\"text-decoration: underline;\"><span style=\"color: #000000; text-decoration: underline;\"><a href=\"https:\/\/www.javeriana.edu.co\/documents\/10179\/0\/Aviso+de+Privacidad+2018\" target=\"_blank\" rel=\"nofollow noopener noreferrer\" data-content=\"https:\/\/www.javeriana.edu.co\/documents\/10179\/0\/Aviso+de+Privacidad+2018\" data-type=\"external\" style=\"color: #000000; text-decoration: underline;\">Aviso de privacidad<\/a><a href=\"https:\/\/www.javeriana.edu.co\/documents\/10179\/0\/Aviso+de+Privacidad+2018\" target=\"_blank\" rel=\"nofollow noopener noreferrer\" data-content=\"https:\/\/www.javeriana.edu.co\/documents\/10179\/0\/Aviso+de+Privacidad+2018\" data-type=\"external\" style=\"color: #000000; text-decoration: underline;\">\u00a0|\u00a0<\/a><a href=\"https:\/\/www.javeriana.edu.co\/documents\/10179\/0\/NOTA+DE+RESERVA+DE+DERECHOS+SITIO+WEB+UNIJAVERIANA.pdf\/50120fbe-e32e-41e1-861f-e77b9e19d694\" target=\"_blank\" rel=\"nofollow noopener noreferrer\" data-content=\"https:\/\/www.javeriana.edu.co\/documents\/10179\/0\/NOTA+DE+RESERVA+DE+DERECHOS+SITIO+WEB+UNIJAVERIANA.pdf\/50120fbe-e32e-41e1-861f-e77b9e19d694\" data-type=\"external\" style=\"color: #000000; text-decoration: underline;\">Condiciones de uso y t\u00e9rminos legales<\/a><\/span><\/span><\/p>\n<\/div>\n<\/div>\n<div class=\"et_pb_module et_pb_text et_pb_text_30 et_pb_bg_layout_light  et_pb_text_align_left\">\n<div class=\"et_pb_text_inner\"><\/div>\n<\/div>\n<p>[\/et_pb_text][\/et_pb_column][et_pb_column type=&#8221;1_3&#8243; _builder_version=&#8221;3.25&#8243; custom_padding=&#8221;|||&#8221; custom_padding__hover=&#8221;|||&#8221;][et_pb_text _builder_version=&#8221;4.9.7&#8243;]<\/p>\n<div class=\"et_pb_module et_pb_text et_pb_text_29 et_pb_bg_layout_light et_pb_text_align_left\">\n<p class=\"et_pb_text_inner\"><span style=\"color: #000000; font-size: 14px;\"><b>Comun\u00edcate con nosotros<\/b><\/span><\/p>\n<p class=\"et_pb_text_inner\"><span style=\"color: #000000;\">pujsostenible@javeriana.edu.co<\/span><\/p>\n<\/div>\n<p>[\/et_pb_text][et_pb_text _builder_version=&#8221;3.27.4&#8243;]<\/p>\n<div class=\"et_pb_module et_pb_text et_pb_text_29 et_pb_bg_layout_light  et_pb_text_align_left\">\n<p class=\"et_pb_text_inner\"><span style=\"color: #000000; font-size: 14px;\"><b>Enlaces r\u00e1pidos:<\/b><\/span><\/p>\n<ul>\n<li class=\"et_pb_text_inner\"><span style=\"font-size: 14px;\"><a href=\"https:\/\/www.javeriana.edu.co\/vicerrectoria-del-medio-universitario\/historia-verde\"><span style=\"text-decoration: underline;\"><span style=\"color: #000000; text-decoration: underline;\">Historia Verde<\/span><\/span><\/a><\/span><\/li>\n<li class=\"et_pb_text_inner\"><span style=\"text-decoration: underline; font-size: 14px;\"><a href=\"https:\/\/www.javeriana.edu.co\/laudatosi\"><span color=\"#000000\" style=\"color: #000000; text-decoration: underline;\">Simposio Laudato SI&#8217;<\/span><\/a><\/span><\/li>\n<li class=\"et_pb_text_inner\"><span style=\"font-size: 14px;\"><a href=\"https:\/\/www.javeriana.edu.co\/pacto-educativo-global\"><span style=\"text-decoration: underline;\"><span color=\"#000000\" style=\"color: #000000; text-decoration: underline;\">Pacto Educativo Global<\/span><\/span><\/a><\/span><\/li>\n<\/ul>\n<\/div>\n<div class=\"et_pb_module et_pb_text et_pb_text_30 et_pb_bg_layout_light  et_pb_text_align_left\">\n<div class=\"et_pb_text_inner\"><\/div>\n<\/div>\n<p>[\/et_pb_text][\/et_pb_column][et_pb_column type=&#8221;1_3&#8243; _builder_version=&#8221;3.25&#8243; custom_padding=&#8221;|||&#8221; custom_padding__hover=&#8221;|||&#8221;][et_pb_text _builder_version=&#8221;3.27.4&#8243; custom_margin=&#8221;||10px&#8221; custom_padding=&#8221;||0px&#8221;]<\/p>\n<p><span style=\"color: #000000;\"><strong>S\u00edguenos\u00a0en nuestras redes sociales:<\/strong><\/span><\/p>\n<p>[\/et_pb_text][et_pb_social_media_follow _builder_version=&#8221;3.19.13&#8243; text_orientation=&#8221;left&#8221;][et_pb_social_media_follow_network social_network=&#8221;facebook&#8221; url=&#8221;https:\/\/www.facebook.com\/javerianasostenible&#8221; _builder_version=&#8221;3.19.13&#8243; background_color=&#8221;#3b5998&#8243; follow_button=&#8221;off&#8221; url_new_window=&#8221;on&#8221;]facebook[\/et_pb_social_media_follow_network][et_pb_social_media_follow_network social_network=&#8221;twitter&#8221; url=&#8221;https:\/\/twitter.com\/pujsostenible&#8221; _builder_version=&#8221;3.19.13&#8243; background_color=&#8221;#00aced&#8221; follow_button=&#8221;off&#8221; url_new_window=&#8221;on&#8221;]twitter[\/et_pb_social_media_follow_network][et_pb_social_media_follow_network social_network=&#8221;instagram&#8221; url=&#8221;https:\/\/www.instagram.com\/javerianasostenible\/&#8221; _builder_version=&#8221;3.19.13&#8243; background_color=&#8221;#ea2c59&#8243; follow_button=&#8221;off&#8221; url_new_window=&#8221;on&#8221;]instagram[\/et_pb_social_media_follow_network][et_pb_social_media_follow_network social_network=&#8221;youtube&#8221; url=&#8221;https:\/\/www.youtube.com\/channel\/UCPNmg7EnPrHm3mpBIEfAwaQ\/featured?view_as=subscriber&#8221; _builder_version=&#8221;3.19.13&#8243; background_color=&#8221;#a82400&#8243; follow_button=&#8221;off&#8221; url_new_window=&#8221;on&#8221;]youtube[\/et_pb_social_media_follow_network][\/et_pb_social_media_follow][\/et_pb_column][\/et_pb_row][\/et_pb_section]<\/p>\n","protected":false},"excerpt":{"rendered":"<p>Historia Verde Bienvenidos a este proyecto cuyo protagonista no es otro que el campus de la Pontificia Universidad Javeriana &#8211; Sede Bogot\u00e1 y toda la biodiversidad que en \u00e9l reside. Por su ubicaci\u00f3n estrat\u00e9gica sobre los Cerros Orientales, su cercan\u00eda al Parque Nacional y el n\u00famero reducido de \u00e1reas verdes que existe en ciertos sectores [&hellip;]<\/p>\n","protected":false},"author":2,"featured_media":0,"parent":0,"menu_order":0,"comment_status":"closed","ping_status":"closed","template":"","meta":{"_et_pb_use_builder":"on","_et_pb_old_content":"","_et_gb_content_width":"","footnotes":""},"class_list":["post-4514","page","type-page","status-publish","hentry"],"_links":{"self":[{"href":"https:\/\/www.javeriana.edu.co\/sostenibilidad\/wp-json\/wp\/v2\/pages\/4514","targetHints":{"allow":["GET"]}}],"collection":[{"href":"https:\/\/www.javeriana.edu.co\/sostenibilidad\/wp-json\/wp\/v2\/pages"}],"about":[{"href":"https:\/\/www.javeriana.edu.co\/sostenibilidad\/wp-json\/wp\/v2\/types\/page"}],"author":[{"embeddable":true,"href":"https:\/\/www.javeriana.edu.co\/sostenibilidad\/wp-json\/wp\/v2\/users\/2"}],"replies":[{"embeddable":true,"href":"https:\/\/www.javeriana.edu.co\/sostenibilidad\/wp-json\/wp\/v2\/comments?post=4514"}],"version-history":[{"count":8,"href":"https:\/\/www.javeriana.edu.co\/sostenibilidad\/wp-json\/wp\/v2\/pages\/4514\/revisions"}],"predecessor-version":[{"id":4768,"href":"https:\/\/www.javeriana.edu.co\/sostenibilidad\/wp-json\/wp\/v2\/pages\/4514\/revisions\/4768"}],"wp:attachment":[{"href":"https:\/\/www.javeriana.edu.co\/sostenibilidad\/wp-json\/wp\/v2\/media?parent=4514"}],"curies":[{"name":"wp","href":"https:\/\/api.w.org\/{rel}","templated":true}]}}