{"id":481,"date":"2019-09-08T04:18:35","date_gmt":"2019-09-08T04:18:35","guid":{"rendered":"http:\/\/www.javeriana.edu.co\/sostenibilidad\/?page_id=481"},"modified":"2020-10-16T08:02:37","modified_gmt":"2020-10-16T13:02:37","slug":"comunicacion-y-divulgacion","status":"publish","type":"page","link":"https:\/\/www.javeriana.edu.co\/sostenibilidad\/comunicacion-y-divulgacion\/","title":{"rendered":"Comunicaci\u00f3n y Divulgaci\u00f3n"},"content":{"rendered":"<p>[et_pb_section fb_built=&#8221;1&#8243; _builder_version=&#8221;3.19.13&#8243; background_image=&#8221;https:\/\/www.javeriana.edu.co\/sostenibilidad\/wp-content\/uploads\/2019\/09\/fondo-javeriana-verde.png&#8221; da_is_popup=&#8221;off&#8221; da_exit_intent=&#8221;off&#8221; da_has_close=&#8221;on&#8221; da_alt_close=&#8221;off&#8221; da_dark_close=&#8221;off&#8221; da_not_modal=&#8221;on&#8221; da_is_singular=&#8221;off&#8221; da_with_loader=&#8221;off&#8221; da_has_shadow=&#8221;on&#8221; da_disable_devices=&#8221;off|off|off&#8221;][et_pb_row _builder_version=&#8221;3.19.13&#8243; module_alignment=&#8221;center&#8221;][et_pb_column type=&#8221;1_2&#8243; _builder_version=&#8221;3.19.13&#8243;][et_pb_video src=&#8221;https:\/\/www.youtube.com\/watch?v=_TmJ8L5wIkk&#8221; _builder_version=&#8221;3.19.13&#8243;][\/et_pb_video][\/et_pb_column][et_pb_column type=&#8221;1_2&#8243; _builder_version=&#8221;3.19.13&#8243;][et_pb_image src=&#8221;https:\/\/www.javeriana.edu.co\/sostenibilidad\/wp-content\/uploads\/2019\/09\/logo-Javeriana-Verde.png&#8221; align=&#8221;center&#8221; _builder_version=&#8221;3.19.13&#8243;][\/et_pb_image][et_pb_text _builder_version=&#8221;3.19.13&#8243; text_font=&#8221;Lato||||||||&#8221; text_text_color=&#8221;#000000&#8243; text_line_height=&#8221;1.2em&#8221;]<\/p>\n<p class=\"font_0\"><span>Nace con el objetivo de transformarmar la comunidad javeriana hacia una cultura sostenible en el campus universitario.<\/span><\/p>\n<p>[\/et_pb_text][et_pb_button button_text=&#8221;Ver videos&#8221; _builder_version=&#8221;3.19.13&#8243; custom_button=&#8221;on&#8221; button_text_size=&#8221;16px&#8221; button_text_color=&#8221;#ffffff&#8221; button_bg_use_color_gradient=&#8221;on&#8221; button_bg_color_gradient_start=&#8221;#83af00&#8243; button_bg_color_gradient_end=&#8221;#006601&#8243; button_border_width=&#8221;0px&#8221; button_border_radius=&#8221;20px&#8221; button_letter_spacing=&#8221;0px&#8221; button_font=&#8221;Montserrat|700|||||||&#8221; button_use_icon=&#8221;off&#8221; button_alignment=&#8221;center&#8221; button_url=&#8221;https:\/\/www.youtube.com\/channel\/UCPNmg7EnPrHm3mpBIEfAwaQ\/featured?view_as=subscriber&#8221;][\/et_pb_button][\/et_pb_column][\/et_pb_row][\/et_pb_section][et_pb_section fb_built=&#8221;1&#8243; _builder_version=&#8221;3.19.13&#8243; custom_padding=&#8221;51.1875px|0px|0|0px|false|false&#8221; da_is_popup=&#8221;off&#8221; da_exit_intent=&#8221;off&#8221; da_has_close=&#8221;on&#8221; da_alt_close=&#8221;off&#8221; da_dark_close=&#8221;off&#8221; da_not_modal=&#8221;on&#8221; da_is_singular=&#8221;off&#8221; da_with_loader=&#8221;off&#8221; da_has_shadow=&#8221;on&#8221; da_disable_devices=&#8221;off|off|off&#8221;][et_pb_row _builder_version=&#8221;3.19.13&#8243;][et_pb_column type=&#8221;4_4&#8243; _builder_version=&#8221;3.19.13&#8243;][et_pb_blog fullwidth=&#8221;off&#8221; posts_number=&#8221;6&#8243; include_categories=&#8221;21&#8243; show_more=&#8221;on&#8221; show_author=&#8221;off&#8221; show_date=&#8221;off&#8221; show_categories=&#8221;off&#8221; _builder_version=&#8221;3.19.13&#8243; header_font=&#8221;Lato|700|||||||&#8221; header_text_color=&#8221;#494949&#8243; body_font=&#8221;||||||||&#8221; body_text_color=&#8221;rgba(0,0,0,0)&#8221; body_font_size=&#8221;1px&#8221; body_line_height=&#8221;1em&#8221;][\/et_pb_blog][\/et_pb_column][\/et_pb_row][\/et_pb_section][et_pb_section fb_built=&#8221;1&#8243; _builder_version=&#8221;3.19.13&#8243; background_color=&#8221;#f9cf1c&#8221; box_shadow_style=&#8221;preset1&#8243; box_shadow_blur=&#8221;7px&#8221; custom_padding=&#8221;0|0px|51.1875px|0px|false|false&#8221; da_disable_devices=&#8221;off|off|off&#8221; global_module=&#8221;1428&#8243; saved_tabs=&#8221;all&#8221; da_is_popup=&#8221;off&#8221; da_exit_intent=&#8221;off&#8221; da_has_close=&#8221;on&#8221; da_alt_close=&#8221;off&#8221; da_dark_close=&#8221;off&#8221; da_not_modal=&#8221;on&#8221; da_is_singular=&#8221;off&#8221; da_with_loader=&#8221;off&#8221; da_has_shadow=&#8221;on&#8221;][et_pb_row make_fullwidth=&#8221;on&#8221; custom_width_px=&#8221;2315px&#8221; use_custom_gutter=&#8221;on&#8221; gutter_width=&#8221;1&#8243; custom_padding=&#8221;25px|0px|0|0px|false|false&#8221; _builder_version=&#8221;3.19.13&#8243;][et_pb_column type=&#8221;1_2&#8243; _builder_version=&#8221;3.19.13&#8243;][et_pb_text _builder_version=&#8221;3.19.13&#8243; text_font=&#8221;||||||||&#8221; text_text_color=&#8221;#003b63&#8243; custom_margin=&#8221;|||45px&#8221;]<strong>Pontificia Universidad Javeriana<\/strong>[\/et_pb_text][et_pb_text _builder_version=&#8221;3.19.13&#8243; text_font=&#8221;||||||||&#8221; text_text_color=&#8221;#003b63&#8243; text_line_height=&#8221;0.3em&#8221; custom_margin=&#8221;24px|||44px&#8221;]<\/p>\n<p class=\"font_9\">Bogot\u00e1 D.C.- Colombia &#8211; Carrera 7 No. 40 &#8211; 62 &#8211; Tel: (57 1) 3208320<\/p>\n<p class=\"font_9\"><span style=\"color: #003b63;\"><a style=\"color: #003b63;\" href=\"https:\/\/www.javeriana.edu.co\/documents\/10179\/9567882\/Acuerdo+No+657.pdf\" target=\"_blank\" rel=\"nofollow noopener noreferrer\" data-content=\"https:\/\/www.javeriana.edu.co\/documents\/10179\/9567882\/Acuerdo+No+657.pdf\" data-type=\"external\">Pol\u00edtica de protecci\u00f3n de datos personales<\/a><\/span><\/p>\n<p class=\"font_9\"><span style=\"color: #003b63;\"><a style=\"color: #003b63;\" href=\"https:\/\/www.javeriana.edu.co\/documents\/10179\/0\/Aviso+de+Privacidad+2018\" target=\"_blank\" rel=\"nofollow noopener noreferrer\" data-content=\"https:\/\/www.javeriana.edu.co\/documents\/10179\/0\/Aviso+de+Privacidad+2018\" data-type=\"external\">Aviso de privacidad<\/a><a style=\"color: #003b63;\" href=\"https:\/\/www.javeriana.edu.co\/documents\/10179\/0\/Aviso+de+Privacidad+2018\" target=\"_blank\" rel=\"nofollow noopener noreferrer\" data-content=\"https:\/\/www.javeriana.edu.co\/documents\/10179\/0\/Aviso+de+Privacidad+2018\" data-type=\"external\">\u00a0|\u00a0<\/a><a style=\"color: #003b63;\" href=\"https:\/\/www.javeriana.edu.co\/documents\/10179\/0\/NOTA+DE+RESERVA+DE+DERECHOS+SITIO+WEB+UNIJAVERIANA.pdf\/50120fbe-e32e-41e1-861f-e77b9e19d694\" target=\"_blank\" rel=\"nofollow noopener noreferrer\" data-content=\"https:\/\/www.javeriana.edu.co\/documents\/10179\/0\/NOTA+DE+RESERVA+DE+DERECHOS+SITIO+WEB+UNIJAVERIANA.pdf\/50120fbe-e32e-41e1-861f-e77b9e19d694\" data-type=\"external\">Condiciones de uso y t\u00e9rminos legales<\/a><\/span><\/p>\n<p>[\/et_pb_text][\/et_pb_column][et_pb_column type=&#8221;1_6&#8243; _builder_version=&#8221;3.19.13&#8243;][et_pb_text _builder_version=&#8221;3.19.13&#8243; text_font=&#8221;||||||||&#8221; text_text_color=&#8221;#003b63&#8243; custom_margin=&#8221;|||-84px&#8221;]<\/p>\n<p>Comun\u00edcate con nosotros<\/p>\n<p><strong><\/strong><\/p>\n<ul>\n<li><a href=\"https:\/\/www.javeriana.edu.co\/sostenibilidad\/contacto\/\" style=\"font-size: 14px; color: #003366;\"><strong>Cont\u00e1ctanos<\/strong><\/a><\/li>\n<\/ul>\n<p>[\/et_pb_text][\/et_pb_column][et_pb_column type=&#8221;1_6&#8243; _builder_version=&#8221;3.19.13&#8243;][et_pb_text _builder_version=&#8221;3.19.13&#8243; text_font=&#8221;||||||||&#8221; text_text_color=&#8221;#003b63&#8243; text_line_height=&#8221;1em&#8221; custom_margin=&#8221;4px|||-102px&#8221;]<\/p>\n<p>Accesos r\u00e1pidos<\/p>\n<p>&nbsp;<\/p>\n<ul>\n<li><span style=\"color: #000000;\"><a style=\"color: #000000;\" href=\"https:\/\/javerianasostenible.limequery.com\/732541?lang=es\"><strong>Solicitar actualizaci\u00f3n<\/strong><\/a><\/span><\/li>\n<li><span style=\"color: #000000;\"><a style=\"color: #000000;\" href=\"https:\/\/www.javeriana.edu.co\/institucional\/laudato-si#.XnKtMi_SEQ9\"><strong>Simposio Laudato Si&#8217;<\/strong><\/a><\/span><\/li>\n<li><a href=\"https:\/\/www.javeriana.edu.co\/vicerrectoria-del-medio-universitario\/historia-verde\"><span style=\"color: #000000;\"><strong>Historia Verde<\/strong><\/span><span style=\"font-size: 14px;\"><span style=\"color: #000000;\">\u00a0<\/span><\/span><\/a><\/li>\n<\/ul>\n<p>[\/et_pb_text][\/et_pb_column][et_pb_column type=&#8221;1_6&#8243; _builder_version=&#8221;3.19.13&#8243;][et_pb_text _builder_version=&#8221;3.19.13&#8243; text_font=&#8221;||||||||&#8221; text_text_color=&#8221;#003b63&#8243; custom_margin=&#8221;|||-87px&#8221; custom_padding=&#8221;|||0px&#8221;]<\/p>\n<p>S\u00edguenos\u00a0en nuestras redes sociales:<\/p>\n<p><a href=\"https:\/\/www.instagram.com\/javerianasostenible\/\" target=\"_blank\" rel=\"noopener noreferrer\"><img loading=\"lazy\" decoding=\"async\" class=\"alignnone wp-image-1436\" src=\"https:\/\/www.javeriana.edu.co\/sostenibilidad\/wp-content\/uploads\/2019\/11\/instagram1.png\" alt=\"\" width=\"64\" height=\"64\" srcset=\"https:\/\/www.javeriana.edu.co\/sostenibilidad\/wp-content\/uploads\/2019\/11\/instagram1.png 256w, https:\/\/www.javeriana.edu.co\/sostenibilidad\/wp-content\/uploads\/2019\/11\/instagram1-150x150.png 150w\" sizes=\"(max-width: 64px) 100vw, 64px\" \/><\/a>\u00a0 <a href=\"https:\/\/www.facebook.com\/javerianasostenible\" target=\"_blank\" rel=\"noopener noreferrer\"><img loading=\"lazy\" decoding=\"async\" class=\"alignnone wp-image-1446\" src=\"https:\/\/www.javeriana.edu.co\/sostenibilidad\/wp-content\/uploads\/2019\/11\/facebook-150x150.png\" alt=\"\" width=\"64\" height=\"64\" srcset=\"https:\/\/www.javeriana.edu.co\/sostenibilidad\/wp-content\/uploads\/2019\/11\/facebook-150x150.png 150w, https:\/\/www.javeriana.edu.co\/sostenibilidad\/wp-content\/uploads\/2019\/11\/facebook.png 256w\" sizes=\"(max-width: 64px) 100vw, 64px\" \/><\/a>\u00a0 <a href=\"https:\/\/twitter.com\/pujsostenible\" target=\"_blank\" rel=\"noopener noreferrer\"><img loading=\"lazy\" decoding=\"async\" class=\"alignnone wp-image-1450\" src=\"https:\/\/www.javeriana.edu.co\/sostenibilidad\/wp-content\/uploads\/2019\/11\/twitter.png\" alt=\"\" width=\"64\" height=\"64\" \/><\/a>\u00a0 <a href=\"https:\/\/www.youtube.com\/channel\/UCPNmg7EnPrHm3mpBIEfAwaQ\/featured?view_as=subscriber\" target=\"_blank\" rel=\"noopener noreferrer\"><img loading=\"lazy\" decoding=\"async\" class=\"alignnone wp-image-1454\" src=\"https:\/\/www.javeriana.edu.co\/sostenibilidad\/wp-content\/uploads\/2019\/11\/youtube.png\" alt=\"\" width=\"64\" height=\"64\" \/><\/a><\/p>\n<p>&nbsp;<\/p>\n<p>&nbsp;<\/p>\n<p>[\/et_pb_text][\/et_pb_column][\/et_pb_row][\/et_pb_section]<\/p>\n","protected":false},"excerpt":{"rendered":"<p>Nace con el objetivo de transformarmar la comunidad javeriana hacia una cultura sostenible en el campus universitario.Pontificia Universidad JaverianaBogot\u00e1 D.C.- Colombia &#8211; Carrera 7 No. 40 &#8211; 62 &#8211; Tel: (57 1) 3208320 Pol\u00edtica de protecci\u00f3n de datos personales Aviso de privacidad\u00a0|\u00a0Condiciones de uso y t\u00e9rminos legalesComun\u00edcate con nosotros Cont\u00e1ctanos Accesos r\u00e1pidos &nbsp; Solicitar actualizaci\u00f3n [&hellip;]<\/p>\n","protected":false},"author":2,"featured_media":0,"parent":0,"menu_order":0,"comment_status":"closed","ping_status":"closed","template":"","meta":{"_et_pb_use_builder":"on","_et_pb_old_content":"","_et_gb_content_width":"","footnotes":""},"class_list":["post-481","page","type-page","status-publish","hentry"],"_links":{"self":[{"href":"https:\/\/www.javeriana.edu.co\/sostenibilidad\/wp-json\/wp\/v2\/pages\/481","targetHints":{"allow":["GET"]}}],"collection":[{"href":"https:\/\/www.javeriana.edu.co\/sostenibilidad\/wp-json\/wp\/v2\/pages"}],"about":[{"href":"https:\/\/www.javeriana.edu.co\/sostenibilidad\/wp-json\/wp\/v2\/types\/page"}],"author":[{"embeddable":true,"href":"https:\/\/www.javeriana.edu.co\/sostenibilidad\/wp-json\/wp\/v2\/users\/2"}],"replies":[{"embeddable":true,"href":"https:\/\/www.javeriana.edu.co\/sostenibilidad\/wp-json\/wp\/v2\/comments?post=481"}],"version-history":[{"count":12,"href":"https:\/\/www.javeriana.edu.co\/sostenibilidad\/wp-json\/wp\/v2\/pages\/481\/revisions"}],"predecessor-version":[{"id":3300,"href":"https:\/\/www.javeriana.edu.co\/sostenibilidad\/wp-json\/wp\/v2\/pages\/481\/revisions\/3300"}],"wp:attachment":[{"href":"https:\/\/www.javeriana.edu.co\/sostenibilidad\/wp-json\/wp\/v2\/media?parent=481"}],"curies":[{"name":"wp","href":"https:\/\/api.w.org\/{rel}","templated":true}]}}