{"id":484,"date":"2019-09-08T04:21:08","date_gmt":"2019-09-08T09:21:08","guid":{"rendered":"http:\/\/www.javeriana.edu.co\/sostenibilidad\/?page_id=484"},"modified":"2021-06-17T09:09:26","modified_gmt":"2021-06-17T14:09:26","slug":"noticias","status":"publish","type":"page","link":"https:\/\/www.javeriana.edu.co\/sostenibilidad\/noticias\/","title":{"rendered":"Noticias"},"content":{"rendered":"<p>[et_pb_section fb_built=&#8221;1&#8243; fullwidth=&#8221;on&#8221; _builder_version=&#8221;4.9.4&#8243; _module_preset=&#8221;default&#8221; da_disable_devices=&#8221;off|off|off&#8221; da_is_popup=&#8221;off&#8221; da_exit_intent=&#8221;off&#8221; da_has_close=&#8221;on&#8221; da_alt_close=&#8221;off&#8221; da_dark_close=&#8221;off&#8221; da_not_modal=&#8221;on&#8221; da_is_singular=&#8221;off&#8221; da_with_loader=&#8221;off&#8221; da_has_shadow=&#8221;on&#8221;][et_pb_fullwidth_post_slider include_categories=&#8221;all&#8221; show_meta=&#8221;off&#8221; bg_overlay_color=&#8221;rgba(0,0,0,0.65)&#8221; use_text_overlay=&#8221;off&#8221; _builder_version=&#8221;4.9.4&#8243; _module_preset=&#8221;default&#8221; header_level=&#8221;h1&#8243; header_font=&#8221;|700|||||||&#8221; hover_enabled=&#8221;0&#8243; show_pagination=&#8221;off&#8221; sticky_enabled=&#8221;0&#8243;][\/et_pb_fullwidth_post_slider][\/et_pb_section][et_pb_section fb_built=&#8221;1&#8243; _builder_version=&#8221;4.9.4&#8243; _module_preset=&#8221;default&#8221; background_color=&#8221;#f4f4f4&#8243; da_disable_devices=&#8221;off|off|off&#8221; da_is_popup=&#8221;off&#8221; da_exit_intent=&#8221;off&#8221; da_has_close=&#8221;on&#8221; da_alt_close=&#8221;off&#8221; da_dark_close=&#8221;off&#8221; da_not_modal=&#8221;on&#8221; da_is_singular=&#8221;off&#8221; da_with_loader=&#8221;off&#8221; da_has_shadow=&#8221;on&#8221;][et_pb_row _builder_version=&#8221;4.9.4&#8243; _module_preset=&#8221;default&#8221; hover_enabled=&#8221;0&#8243; custom_margin=&#8221;-199px||||false|false&#8221; sticky_enabled=&#8221;0&#8243;][et_pb_column type=&#8221;4_4&#8243; _builder_version=&#8221;4.9.4&#8243; _module_preset=&#8221;default&#8221;][et_pb_blog fullwidth=&#8221;off&#8221; posts_number=&#8221;100&#8243; include_categories=&#8221;all&#8221; excerpt_length=&#8221;150&#8243; show_more=&#8221;on&#8221; show_author=&#8221;off&#8221; show_categories=&#8221;off&#8221; use_overlay=&#8221;on&#8221; overlay_icon_color=&#8221;#FFFFFF&#8221; hover_overlay_color=&#8221;rgba(0,0,0,0.41)&#8221; hover_icon=&#8221;%%47%%&#8221; _builder_version=&#8221;4.9.4&#8243; _module_preset=&#8221;default&#8221; header_font=&#8221;|700|||||||&#8221; header_line_height=&#8221;1.3em&#8221; meta_font_size=&#8221;12px&#8221; read_more_line_height=&#8221;2.6em&#8221; border_radii=&#8221;on|10px|10px|10px|10px&#8221;][\/et_pb_blog][\/et_pb_column][\/et_pb_row][\/et_pb_section][et_pb_section fb_built=&#8221;1&#8243; _builder_version=&#8221;4.9.4&#8243; _module_preset=&#8221;default&#8221; da_is_popup=&#8221;off&#8221; da_exit_intent=&#8221;off&#8221; da_has_close=&#8221;on&#8221; da_alt_close=&#8221;off&#8221; da_dark_close=&#8221;off&#8221; da_not_modal=&#8221;on&#8221; da_is_singular=&#8221;off&#8221; da_with_loader=&#8221;off&#8221; da_has_shadow=&#8221;on&#8221; da_disable_devices=&#8221;off|off|off&#8221;][et_pb_row _builder_version=&#8221;4.9.4&#8243; _module_preset=&#8221;default&#8221;][et_pb_column _builder_version=&#8221;4.9.4&#8243; _module_preset=&#8221;default&#8221; type=&#8221;4_4&#8243;][et_pb_sidebar _builder_version=&#8221;4.9.4&#8243; _module_preset=&#8221;default&#8221; hover_enabled=&#8221;0&#8243; sticky_enabled=&#8221;0&#8243; show_border=&#8221;off&#8221; text_orientation=&#8221;left&#8221; area=&#8221;sidebar-1&#8243;][\/et_pb_sidebar][\/et_pb_column][\/et_pb_row][\/et_pb_section][et_pb_section fb_built=&#8221;1&#8243; _builder_version=&#8221;3.22&#8243; background_color=&#8221;#f9cf1c&#8221; custom_padding=&#8221;54px|0px|18px|0px|false|false&#8221; da_disable_devices=&#8221;off|off|off&#8221; box_shadow_style=&#8221;preset1&#8243; box_shadow_blur=&#8221;7px&#8221; global_module=&#8221;3654&#8243; saved_tabs=&#8221;all&#8221; da_is_popup=&#8221;off&#8221; da_exit_intent=&#8221;off&#8221; da_has_close=&#8221;on&#8221; da_alt_close=&#8221;off&#8221; da_dark_close=&#8221;off&#8221; da_not_modal=&#8221;on&#8221; da_is_singular=&#8221;off&#8221; da_with_loader=&#8221;off&#8221; da_has_shadow=&#8221;on&#8221;][et_pb_row column_structure=&#8221;1_3,1_3,1_3&#8243; _builder_version=&#8221;3.25&#8243; custom_padding=&#8221;0px||0px&#8221;][et_pb_column type=&#8221;1_3&#8243; _builder_version=&#8221;3.25&#8243; custom_padding=&#8221;|||&#8221; custom_padding__hover=&#8221;|||&#8221;][et_pb_text _builder_version=&#8221;3.27.4&#8243;]<\/p>\n<div class=\"et_pb_module et_pb_text et_pb_text_29 et_pb_bg_layout_light  et_pb_text_align_left\">\n<p class=\"et_pb_text_inner\"><span style=\"color: #000000;\"><strong>Pontificia Universidad Javeriana<\/strong><\/span><\/p>\n<p class=\"et_pb_text_inner\"><span style=\"color: #000000;\"><strong><\/strong><\/span><\/p>\n<div class=\"et_pb_text_inner\">\n<p class=\"font_9\"><span style=\"color: #000000;\">Bogot\u00e1 D.C.- Colombia<\/span><\/p>\n<p class=\"font_9\"><span style=\"color: #000000;\">Carrera 7 No. 40 &#8211; 62 &#8211; Tel: (57 1) 3208320<\/span><\/p>\n<p class=\"font_9\"><span style=\"text-decoration: underline;\"><span style=\"color: #000000; text-decoration: underline;\"><a href=\"https:\/\/www.javeriana.edu.co\/documents\/10179\/9567882\/Acuerdo+No+657.pdf\" target=\"_blank\" rel=\"nofollow noopener noreferrer\" data-content=\"https:\/\/www.javeriana.edu.co\/documents\/10179\/9567882\/Acuerdo+No+657.pdf\" data-type=\"external\" style=\"color: #000000; text-decoration: underline;\">Pol\u00edtica de protecci\u00f3n de datos personales<\/a><\/span><\/span><\/p>\n<p class=\"font_9\"><span style=\"text-decoration: underline;\"><span style=\"color: #000000; text-decoration: underline;\"><a href=\"https:\/\/www.javeriana.edu.co\/documents\/10179\/0\/Aviso+de+Privacidad+2018\" target=\"_blank\" rel=\"nofollow noopener noreferrer\" data-content=\"https:\/\/www.javeriana.edu.co\/documents\/10179\/0\/Aviso+de+Privacidad+2018\" data-type=\"external\" style=\"color: #000000; text-decoration: underline;\">Aviso de privacidad<\/a><a href=\"https:\/\/www.javeriana.edu.co\/documents\/10179\/0\/Aviso+de+Privacidad+2018\" target=\"_blank\" rel=\"nofollow noopener noreferrer\" data-content=\"https:\/\/www.javeriana.edu.co\/documents\/10179\/0\/Aviso+de+Privacidad+2018\" data-type=\"external\" style=\"color: #000000; text-decoration: underline;\">\u00a0|\u00a0<\/a><a href=\"https:\/\/www.javeriana.edu.co\/documents\/10179\/0\/NOTA+DE+RESERVA+DE+DERECHOS+SITIO+WEB+UNIJAVERIANA.pdf\/50120fbe-e32e-41e1-861f-e77b9e19d694\" target=\"_blank\" rel=\"nofollow noopener noreferrer\" data-content=\"https:\/\/www.javeriana.edu.co\/documents\/10179\/0\/NOTA+DE+RESERVA+DE+DERECHOS+SITIO+WEB+UNIJAVERIANA.pdf\/50120fbe-e32e-41e1-861f-e77b9e19d694\" data-type=\"external\" style=\"color: #000000; text-decoration: underline;\">Condiciones de uso y t\u00e9rminos legales<\/a><\/span><\/span><\/p>\n<\/div>\n<\/div>\n<div class=\"et_pb_module et_pb_text et_pb_text_30 et_pb_bg_layout_light  et_pb_text_align_left\">\n<div class=\"et_pb_text_inner\"><\/div>\n<\/div>\n<p>[\/et_pb_text][\/et_pb_column][et_pb_column type=&#8221;1_3&#8243; _builder_version=&#8221;3.25&#8243; custom_padding=&#8221;|||&#8221; custom_padding__hover=&#8221;|||&#8221;][et_pb_text _builder_version=&#8221;3.27.4&#8243;]<\/p>\n<div class=\"et_pb_module et_pb_text et_pb_text_29 et_pb_bg_layout_light  et_pb_text_align_left\">\n<p class=\"et_pb_text_inner\"><span style=\"color: #000000; font-size: 14px;\"><b>Comun\u00edcate con nosotros<\/b><\/span><\/p>\n<p class=\"et_pb_text_inner\"><span color=\"#000000\" style=\"color: #000000;\">andres.galeano@javeriana.edu.co<\/span><\/p>\n<div class=\"et_pb_text_inner\"><\/div>\n<\/div>\n<div class=\"et_pb_module et_pb_text et_pb_text_30 et_pb_bg_layout_light  et_pb_text_align_left\">\n<div class=\"et_pb_text_inner\"><\/div>\n<\/div>\n<p>[\/et_pb_text][et_pb_text _builder_version=&#8221;3.27.4&#8243;]<\/p>\n<div class=\"et_pb_module et_pb_text et_pb_text_29 et_pb_bg_layout_light  et_pb_text_align_left\">\n<p class=\"et_pb_text_inner\"><span style=\"color: #000000; font-size: 14px;\"><b>Enlaces r\u00e1pidos:<\/b><\/span><\/p>\n<ul>\n<li class=\"et_pb_text_inner\"><span style=\"font-size: 14px;\"><a href=\"https:\/\/www.javeriana.edu.co\/vicerrectoria-del-medio-universitario\/historia-verde\"><span style=\"text-decoration: underline;\"><span style=\"color: #000000; text-decoration: underline;\">Historia Verde<\/span><\/span><\/a><\/span><\/li>\n<li class=\"et_pb_text_inner\"><span style=\"text-decoration: underline; font-size: 14px;\"><a href=\"https:\/\/www.javeriana.edu.co\/laudatosi\"><span color=\"#000000\" style=\"color: #000000; text-decoration: underline;\">Simposio Laudato SI&#8217;<\/span><\/a><\/span><\/li>\n<li class=\"et_pb_text_inner\"><span style=\"font-size: 14px;\"><a href=\"https:\/\/www.javeriana.edu.co\/pacto-educativo-global\"><span style=\"text-decoration: underline;\"><span color=\"#000000\" style=\"color: #000000; text-decoration: underline;\">Pacto Educativo Global<\/span><\/span><\/a><\/span><\/li>\n<\/ul>\n<\/div>\n<div class=\"et_pb_module et_pb_text et_pb_text_30 et_pb_bg_layout_light  et_pb_text_align_left\">\n<div class=\"et_pb_text_inner\"><\/div>\n<\/div>\n<p>[\/et_pb_text][\/et_pb_column][et_pb_column type=&#8221;1_3&#8243; _builder_version=&#8221;3.25&#8243; custom_padding=&#8221;|||&#8221; custom_padding__hover=&#8221;|||&#8221;][et_pb_text _builder_version=&#8221;3.27.4&#8243; custom_margin=&#8221;||10px&#8221; custom_padding=&#8221;||0px&#8221;]<\/p>\n<p><span style=\"color: #000000;\"><strong>S\u00edguenos\u00a0en nuestras redes sociales:<\/strong><\/span><\/p>\n<p>[\/et_pb_text][et_pb_social_media_follow _builder_version=&#8221;3.19.13&#8243; text_orientation=&#8221;left&#8221;][et_pb_social_media_follow_network social_network=&#8221;facebook&#8221; url=&#8221;https:\/\/www.facebook.com\/javerianasostenible&#8221; _builder_version=&#8221;3.19.13&#8243; background_color=&#8221;#3b5998&#8243; follow_button=&#8221;off&#8221; url_new_window=&#8221;on&#8221;]facebook[\/et_pb_social_media_follow_network][et_pb_social_media_follow_network social_network=&#8221;twitter&#8221; url=&#8221;https:\/\/twitter.com\/pujsostenible&#8221; _builder_version=&#8221;3.19.13&#8243; background_color=&#8221;#00aced&#8221; follow_button=&#8221;off&#8221; url_new_window=&#8221;on&#8221;]twitter[\/et_pb_social_media_follow_network][et_pb_social_media_follow_network social_network=&#8221;instagram&#8221; url=&#8221;https:\/\/www.instagram.com\/javerianasostenible\/&#8221; _builder_version=&#8221;3.19.13&#8243; background_color=&#8221;#ea2c59&#8243; follow_button=&#8221;off&#8221; url_new_window=&#8221;on&#8221;]instagram[\/et_pb_social_media_follow_network][et_pb_social_media_follow_network social_network=&#8221;youtube&#8221; url=&#8221;https:\/\/www.youtube.com\/channel\/UCPNmg7EnPrHm3mpBIEfAwaQ\/featured?view_as=subscriber&#8221; _builder_version=&#8221;3.19.13&#8243; background_color=&#8221;#a82400&#8243; follow_button=&#8221;off&#8221; url_new_window=&#8221;on&#8221;]youtube[\/et_pb_social_media_follow_network][\/et_pb_social_media_follow][\/et_pb_column][\/et_pb_row][\/et_pb_section]<\/p>\n","protected":false},"excerpt":{"rendered":"<p>Pontificia Universidad Javeriana Bogot\u00e1 D.C.- Colombia Carrera 7 No. 40 &#8211; 62 &#8211; Tel: (57 1) 3208320 Pol\u00edtica de protecci\u00f3n de datos personales Aviso de privacidad\u00a0|\u00a0Condiciones de uso y t\u00e9rminos legales Comun\u00edcate con nosotros andres.galeano@javeriana.edu.co Enlaces r\u00e1pidos: Historia Verde Simposio Laudato SI&#8217; Pacto Educativo Global S\u00edguenos\u00a0en nuestras redes sociales:<\/p>\n","protected":false},"author":2,"featured_media":0,"parent":0,"menu_order":0,"comment_status":"closed","ping_status":"closed","template":"","meta":{"_et_pb_use_builder":"on","_et_pb_old_content":"","_et_gb_content_width":"","footnotes":""},"class_list":["post-484","page","type-page","status-publish","hentry"],"_links":{"self":[{"href":"https:\/\/www.javeriana.edu.co\/sostenibilidad\/wp-json\/wp\/v2\/pages\/484","targetHints":{"allow":["GET"]}}],"collection":[{"href":"https:\/\/www.javeriana.edu.co\/sostenibilidad\/wp-json\/wp\/v2\/pages"}],"about":[{"href":"https:\/\/www.javeriana.edu.co\/sostenibilidad\/wp-json\/wp\/v2\/types\/page"}],"author":[{"embeddable":true,"href":"https:\/\/www.javeriana.edu.co\/sostenibilidad\/wp-json\/wp\/v2\/users\/2"}],"replies":[{"embeddable":true,"href":"https:\/\/www.javeriana.edu.co\/sostenibilidad\/wp-json\/wp\/v2\/comments?post=484"}],"version-history":[{"count":61,"href":"https:\/\/www.javeriana.edu.co\/sostenibilidad\/wp-json\/wp\/v2\/pages\/484\/revisions"}],"predecessor-version":[{"id":3991,"href":"https:\/\/www.javeriana.edu.co\/sostenibilidad\/wp-json\/wp\/v2\/pages\/484\/revisions\/3991"}],"wp:attachment":[{"href":"https:\/\/www.javeriana.edu.co\/sostenibilidad\/wp-json\/wp\/v2\/media?parent=484"}],"curies":[{"name":"wp","href":"https:\/\/api.w.org\/{rel}","templated":true}]}}